{"id":6553,"date":"2025-03-11T06:29:39","date_gmt":"2025-03-11T06:29:39","guid":{"rendered":"https:\/\/fmp-components.com\/product\/factory-price-multi-stage-trailer-hydraulic-cylinder"},"modified":"2025-03-12T06:40:42","modified_gmt":"2025-03-12T06:40:42","slug":"factory-price-multi-stage-trailer-hydraulic-cylinder","status":"publish","type":"product","link":"https:\/\/fmp-components.com\/lv\/product\/factory-price-multi-stage-trailer-hydraulic-cylinder\/","title":{"rendered":"R\u016bpn\u012bcas cenas daudzpak\u0101pju piekabes hidrauliskais cilindrs"},"content":{"rendered":"<h2>R\u016bpn\u012bcas cenas daudzpak\u0101pju piekabes hidrauliskais cilindrs<\/h2>\n<p>M\u016bsu r\u016bpn\u012bcas cenas daudzpak\u0101pju piekabes hidrauliskais cilindrs ir oblig\u0101ts j\u016bsu tehnikai. \u0160is daudzpus\u012bgais hidrauliskais cilindrs pied\u0101v\u0101 virkni funkciju, kas padara to par b\u016btisku j\u016bsu apr\u012bkojuma sast\u0101vda\u013cu.<\/p>\n<p><img loading=\"lazy\" decoding=\"async\" class=\"alignnone  wp-image-6664\" src=\"https:\/\/fmp-components.com\/wp-content\/uploads\/2025\/03\/telescopic-hydraulic-cylinder-8.webp\" alt=\"teleskopiskais hidrauliskais cilindrs\" width=\"906\" height=\"906\" title=\"\" srcset=\"https:\/\/fmp-components.com\/wp-content\/uploads\/2025\/03\/telescopic-hydraulic-cylinder-8.webp 906w, https:\/\/fmp-components.com\/wp-content\/uploads\/2025\/03\/telescopic-hydraulic-cylinder-8-480x480.webp 480w\" sizes=\"(min-width: 0px) and (max-width: 480px) 480px, (min-width: 481px) 906px, 100vw\" \/><\/p>\n<h3>Produkta funkcijas un funkcionalit\u0101te<\/h3>\n<p>M\u016bsu daudzpak\u0101pju hidrauliskais cilindrs ir izstr\u0101d\u0101ts, lai nodro\u0161in\u0101tu uzticamu un efekt\u012bvu darb\u012bbu. \u0160is hidrauliskais cilindrs ir standarta modelis ar virzu\u013ca strukt\u016bru un hidraulisko baro\u0161anas avotu. Tas ir izgatavots no iztur\u012bga t\u0113rauda, \u200b\u200bkas garant\u0113 ilgsto\u0161u lieto\u0161anu. Ar maksim\u0101lo vilces sp\u0113ku 3000 un maksim\u0101lo vilk\u0161anas sp\u0113ku 20 tonnas tas sp\u0113j viegli tikt gal\u0101 ar smagiem uzdevumiem.<\/p>\n<h3>Tehnisk\u0101s specifik\u0101cijas<\/h3>\n<table style=\"width: 93.759%;\" border=\"\">\n<tbody>\n<tr>\n<td style=\"width: 43.5028%;\"><strong>Urbuma izm\u0113rs<\/strong><\/td>\n<td style=\"width: 451.977%;\">2\u20136 collas<\/td>\n<\/tr>\n<tr>\n<td style=\"width: 43.5028%;\"><strong>Stie\u0146a izm\u0113rs<\/strong><\/td>\n<td style=\"width: 451.977%;\">1,125\u20134 collas<\/td>\n<\/tr>\n<tr>\n<td style=\"width: 43.5028%;\"><strong>Trieciena izm\u0113rs<\/strong><\/td>\n<td style=\"width: 451.977%;\">4\u2013100 collas<\/td>\n<\/tr>\n<tr>\n<td style=\"width: 43.5028%;\"><strong>Tapas izm\u0113rs<\/strong><\/td>\n<td style=\"width: 451.977%;\">0,5\u20132 collas<\/td>\n<\/tr>\n<tr>\n<td style=\"width: 43.5028%;\"><strong>Ostas<\/strong><\/td>\n<td style=\"width: 451.977%;\">G\/SAE\/NPT\/M<\/td>\n<\/tr>\n<\/tbody>\n<\/table>\n<h2>Unik\u0101las priek\u0161roc\u012bbas<\/h2>\n<ul>\n<li>Energoefekt\u012bvs<\/li>\n<li>\u013boti efekt\u012bvs<\/li>\n<li>Dro\u0161s un uzticams<\/li>\n<\/ul>\n<h2>Hidraulisk\u0101 sist\u0113ma un darb\u012bbas princips<\/h2>\n<p>Daudzpak\u0101pju hidrauliskais cilindrs darbojas p\u0113c principa, ka hidraulisk\u0101 ener\u0123ija tiek p\u0101rv\u0113rsta meh\u0101nisk\u0101 kust\u012bb\u0101, efekt\u012bvi p\u0101rveidojot spiedienu sp\u0113k\u0101. \u0160is process s\u0101kas, kad hidrauliskais \u0161\u0137idrums tiek pak\u013cauts spiedienam ar sp\u0113ka bloka pal\u012bdz\u012bbu un novirz\u012bts cilindr\u0101. Kad \u0161\u0137idrums iepl\u016bst, tas iedarbojas uz cilindra virzuli, izraisot t\u0101 kust\u012bbu. Daudzpak\u0101pju konstrukcija \u013cauj iev\u0113rojami palielin\u0101t sp\u0113ku un g\u0101jiena garumu, padarot to ide\u0101li piem\u0113rotu lietojumiem, kuriem nepiecie\u0161amas prec\u012bzas un sp\u0113c\u012bgas kust\u012bbas. Izmantojot vair\u0101kus l\u012bme\u0146us, \u0161ie cilindri var sasniegt liel\u0101ku izstiep\u0161anos un ievilk\u0161anos, uzlabojot to funkcionalit\u0101ti un daudzpus\u012bbu da\u017e\u0101dos uzdevumos.<\/p>\n<p><img loading=\"lazy\" decoding=\"async\" class=\"alignnone  wp-image-6665\" src=\"https:\/\/fmp-components.com\/wp-content\/uploads\/2025\/03\/telescopic-hydraulic-cylinder-9.webp\" alt=\"teleskopiskais hidrauliskais cilindrs\" width=\"919\" height=\"919\" title=\"\" srcset=\"https:\/\/fmp-components.com\/wp-content\/uploads\/2025\/03\/telescopic-hydraulic-cylinder-9.webp 919w, https:\/\/fmp-components.com\/wp-content\/uploads\/2025\/03\/telescopic-hydraulic-cylinder-9-480x480.webp 480w\" sizes=\"(min-width: 0px) and (max-width: 480px) 480px, (min-width: 481px) 919px, 100vw\" \/><\/p>\n<h2>Lietojumprogrammu scen\u0101riji<\/h2>\n<p>M\u016bsu hidrauliskie cilindri tiek pla\u0161i izmantoti da\u017e\u0101d\u0101s nozar\u0113s, tostarp:<\/p>\n<ul>\n<li><strong>Ma\u0161\u012bnu remonta darbn\u012bcas:<\/strong> \u0160eit tie ir b\u016btiski smago ma\u0161\u012bnu deta\u013cu cel\u0161anai un manevr\u0113\u0161anai apkopes un remonta laik\u0101, nodro\u0161inot, ka tehni\u0137i var str\u0101d\u0101t efekt\u012bvi un dro\u0161i.<\/li>\n<li><strong>Fermas:<\/strong> Lauksaimniec\u012bbas vid\u0113 hidrauliskos cilindrus izmanto t\u0101diem uzdevumiem k\u0101 iek\u0101rtu cel\u0161ana un pozicion\u0113\u0161ana, smagu kravu, piem\u0113ram, \u0137\u012bpu vai augsnes, p\u0101rvieto\u0161ana un t\u0101du instrumentu darbin\u0101\u0161ana, kas palielina produktivit\u0101ti.<\/li>\n<li><strong>Ener\u0123\u0113tikas un kalnr\u016bpniec\u012bbas nozares:<\/strong> \u0160\u012bs nozares pa\u013caujas uz hidrauliskajiem cilindriem, lai nodro\u0161in\u0101tu to stabilu veiktsp\u0113ju smagu materi\u0101lu cel\u0161an\u0101, rak\u0161an\u0101 un transport\u0113\u0161an\u0101, bie\u017ei vien sare\u017e\u0123\u012btos apst\u0101k\u013cos, kur uzticam\u012bba ir \u013coti svar\u012bga.<\/li>\n<li><strong>Ma\u0161\u012bnu ra\u017eo\u0161anas r\u016bpn\u012bcas:<\/strong> Ra\u017eo\u0161an\u0101 hidrauliskajiem cilindriem ir galven\u0101 loma ma\u0161\u012bnu mont\u0101\u017e\u0101 un darb\u012bb\u0101, nodro\u0161inot nepiecie\u0161amo sp\u0113ku t\u0101diem uzdevumiem k\u0101 da\u017e\u0101du materi\u0101lu pres\u0113\u0161ana, liek\u0161ana un form\u0113\u0161ana.<\/li>\n<\/ul>\n<h2>Hidrauliskie cilindri un sp\u0113ka agreg\u0101ti<\/h2>\n<p>Hidrauliskie cilindri un sp\u0113ka agreg\u0101ti ir neat\u0146emamas hidraulisk\u0101s sist\u0113mas sast\u0101vda\u013cas, kas darbojas kop\u0101, lai atvieglotu hidraulisk\u0101s tehnolo\u0123ijas efekt\u012bvu pielieto\u0161anu da\u017e\u0101d\u0101s nozar\u0113s. Hidrauliskais cilindrs kalpo k\u0101 izpildmeh\u0101nisms, kas ir atbild\u012bgs par hidraulisk\u0101s ener\u0123ijas p\u0101rveido\u0161anu meh\u0101nisk\u0101 kust\u012bb\u0101, savuk\u0101rt sp\u0113ka agreg\u0101ts \u0123ener\u0113 un regul\u0113 hidraulisko spiedienu, kas nepiecie\u0161ams sist\u0113mas darb\u012bbai.<\/p>\n<p>To kombin\u0113t\u0101 darb\u012bba nodro\u0161ina, ka hidraulisk\u0101s sist\u0113mas var nodro\u0161in\u0101t uzticamu jaudu un prec\u012bzu vad\u012bbu da\u017e\u0101d\u0101m in\u017eeniertehnisk\u0101m un meh\u0101nisk\u0101m iek\u0101rt\u0101m. \u0160\u012b siner\u0123ija \u013cauj nozar\u0113m viegli veikt sare\u017e\u0123\u012btus uzdevumus, uzlabojot darb\u012bbas efektivit\u0101ti un produktivit\u0101ti. Neatkar\u012bgi no t\u0101, vai t\u0101 ir b\u016bvniec\u012bba, lauksaimniec\u012bba vai ra\u017eo\u0161ana, hidraulisko cilindru un sp\u0113ka agreg\u0101tu sadarb\u012bba ir b\u016btiska, lai sasniegtu optim\u0101lu veiktsp\u0113ju un apmierin\u0101tu m\u016bsdienu r\u016bpniecisko pielietojumu pras\u012bbas.<\/p>\n<h2>Bie\u017ei uzdotie jaut\u0101jumi<\/h2>\n<p><strong>J: Vai j\u016bs esat tirdzniec\u012bbas uz\u0146\u0113mums vai ra\u017eot\u0101js?<\/strong><br \/>\nA: M\u0113s esam ra\u017eot\u0101js.<\/p>\n<p><strong>J: K\u0101ds ir j\u016bsu pieg\u0101des laiks?<\/strong><br \/>\nA: M\u016bsu pieg\u0101des laiks parasti ir 25\u201335 dienas.<\/p>\n<p><strong>J: Vai j\u016bs sniedzat paraugus?<\/strong><br \/>\nA: J\u0101, m\u0113s pied\u0101v\u0101jam paraugus, ta\u010du tie nav bez maksas.<\/p>\n<h3>Par FMP<\/h3>\n<p>FMP ir vado\u0161ais it\u0101\u013cu ra\u017eot\u0101js, kas specializ\u0113jas augstas kvalit\u0101tes hidraulisko cilindru projekt\u0113\u0161an\u0101, izstr\u0101d\u0113 un ra\u017eo\u0161an\u0101. Ar gadu desmitiem ilgu pieredzi m\u0113s apvienojam tradicion\u0101lo it\u0101\u013cu meistar\u012bbu ar jaun\u0101kaj\u0101m tehnolo\u0123ij\u0101m, lai nodro\u0161in\u0101tu izcilus hidrauliskos risin\u0101jumus, kas apmierina m\u016bsu klientu da\u017e\u0101d\u0101s vajadz\u012bbas vis\u0101 pasaul\u0113. FMP, kas atrodas It\u0101lij\u0101, in\u017eenierijas izcil\u012bbas centr\u0101, ir k\u013cuvis par uzticamu v\u0101rdu hidraulikas nozar\u0113, veltot sevi uzticamu, iztur\u012bgu un inovat\u012bvu produktu pieg\u0101dei, kas dod iesp\u0113jas uz\u0146\u0113mumiem vis\u0101 pasaul\u0113.<\/p>\n<p>M\u016bsu uz\u0146\u0113mums apvieno progres\u012bvas ra\u017eo\u0161anas trad\u012bcijas ar t\u0101lredz\u012bgu pieeju. Izmantojot daudzu gadu pieredzi hidraulisko sist\u0113mu jom\u0101, FMP ir k\u013cuvis par modernu uz\u0146\u0113mumu, kas izce\u013cas ar izcil\u012bbu p\u0113tniec\u012bb\u0101, projekt\u0113\u0161an\u0101 un ra\u017eo\u0161an\u0101. M\u0113s pied\u0101v\u0101jam pla\u0161u hidraulisko cilindru kl\u0101stu, tostarp divk\u0101r\u0161as darb\u012bbas cilindrus, automobi\u013cu pacel\u0161anas cilindrus, lauksaimniec\u012bbas tehnikas cilindrus un piel\u0101gotus risin\u0101jumus da\u017e\u0101diem r\u016bpnieciskiem pielietojumiem. Neatkar\u012bgi no t\u0101, vai tie ir paredz\u0113ti b\u016bvniec\u012bbai, r\u016bpniecisk\u0101m instal\u0101cij\u0101m, lauksaimniec\u012bbai vai smagajai tehnikai, m\u016bsu hidrauliskie cilindri ir izstr\u0101d\u0101ti t\u0101, lai tie darbotos vissare\u017e\u0123\u012bt\u0101kajos apst\u0101k\u013cos, nodro\u0161inot dro\u0161\u012bbu, efektivit\u0101ti un ilgm\u016b\u017e\u012bbu.<\/p>\n<p><img loading=\"lazy\" decoding=\"async\" class=\"alignnone size-full wp-image-6720\" src=\"https:\/\/fmp-components.com\/wp-content\/uploads\/2025\/03\/hydraulic-cylinder-8.webp\" alt=\"Teleskopiskie hidrauliskie cilindri\" width=\"933\" height=\"526\" title=\"\" srcset=\"https:\/\/fmp-components.com\/wp-content\/uploads\/2025\/03\/hydraulic-cylinder-8.webp 933w, https:\/\/fmp-components.com\/wp-content\/uploads\/2025\/03\/hydraulic-cylinder-8-480x271.webp 480w\" sizes=\"(min-width: 0px) and (max-width: 480px) 480px, (min-width: 481px) 933px, 100vw\" \/><\/p>\n<p>Uz\u0146\u0113mum\u0101 FMP m\u0113s lepojamies ar sav\u0101m modern\u0101kaj\u0101m ra\u017eo\u0161anas iek\u0101rt\u0101m, kas apr\u012bkotas ar prec\u012bzijas iek\u0101rt\u0101m un modern\u0101m test\u0113\u0161anas sist\u0113m\u0101m. M\u016bsu ra\u017eo\u0161anas procesi atbilst stingriem valsts un starptautiskajiem standartiem, garant\u0113jot, ka katrs sara\u017eotais hidrauliskais cilindrs atbilst augst\u0101kajiem kvalit\u0101tes un uzticam\u012bbas krit\u0113rijiem. M\u016bsu prasm\u012bg\u0101 tehnisk\u0101 komanda apvienojum\u0101 ar modern\u0101ko apr\u012bkojumu \u013cauj mums uztur\u0113t stingru kvalit\u0101tes kontroli katr\u0101 ra\u017eo\u0161anas posm\u0101 \u2014 s\u0101kot no izejvielu izv\u0113les l\u012bdz gal\u012bgajai p\u0101rbaudei. \u0160\u012b ap\u0146em\u0161an\u0101s sasniegt izcil\u012bbu ir nodro\u0161in\u0101jusi mums sertifik\u0101tus un atzin\u012bbu no nozares iest\u0101d\u0113m, nostiprinot m\u016bsu reput\u0101ciju k\u0101 uzticamam partnerim.<\/p>\n<p>M\u016bsu misija ir gan vienk\u0101r\u0161a, gan ambicioza: nodro\u0161in\u0101t m\u016bsu klientus ar hidrauliskajiem cilindriem, kas p\u0101rsniedz cer\u012bbas attiec\u012bb\u0101 uz veiktsp\u0113ju, iztur\u012bbu un v\u0113rt\u012bbu. M\u0113s darbojamies saska\u0146\u0101 ar profesionalit\u0101tes, godpr\u0101t\u012bbas un klientu apkalpo\u0161anas principiem. Veicinot inov\u0101ciju un precizit\u0101tes kult\u016bru, m\u0113s past\u0101v\u012bgi pilnveidojam savus produktus, lai saglab\u0101tu l\u012bderpoz\u012bcijas konkur\u0113tsp\u0113j\u012bg\u0101 tirg\u016b. M\u016bsu pla\u0161ais produktu kl\u0101sts un sp\u0113ja pied\u0101v\u0101t piel\u0101gotus risin\u0101jumus padara m\u016bs par v\u0113lamo izv\u0113li uz\u0146\u0113mumiem, kas mekl\u0113 augstas veiktsp\u0113jas hidrauliskos cilindrus.<\/p>\n<p>FMP ir vair\u0101k nek\u0101 tikai ra\u017eot\u0101js; m\u0113s esam partneris j\u016bsu pan\u0101kumos. M\u0113s saprotam, ka m\u016bsu klienti pa\u013caujas uz mums, lai pieg\u0101d\u0101tu instrumentus, kas uzlabo vi\u0146u produktivit\u0101ti un dro\u0161\u012bbu. T\u0101p\u0113c m\u0113s esam ap\u0146\u0113mu\u0161ies nodro\u0161in\u0101t ne tikai augst\u0101k\u0101s klases produktus, bet ar\u012b izcilu servisu. S\u0101kot ar s\u0101kotn\u0113jo konsult\u0101ciju un beidzot ar p\u0113cp\u0101rdo\u0161anas atbalstu, m\u0113s cie\u0161i sadarbojamies ar saviem klientiem, lai nodro\u0161in\u0101tu, ka vi\u0146u vajadz\u012bbas tiek apmierin\u0101tas ar profesionalit\u0101ti un r\u016bp\u012bbu. M\u016bsu konkur\u0113tsp\u0113j\u012bg\u0101s cenas apvienojum\u0101 ar nelok\u0101mo ap\u0146em\u0161anos nodro\u0161in\u0101t kvalit\u0101ti padara FMP par gudru izv\u0113li uz\u0146\u0113mumiem, kas v\u0113las ieguld\u012bt uzticamos hidrauliskajos risin\u0101jumos.<\/p>","protected":false},"excerpt":{"rendered":"<p>Factory Price Multi Stage Trailer Hydraulic Cylinder Our Factory Price Multi Stage Trailer hydraulic cylinder is a must-have for your machinery. This versatile hydraulic cylinder offers a range of features that make it an essential part of your equipment. Product Features and Functionality Our multi stage hydraulic cylinder is designed to provide reliable and efficient [&hellip;]<\/p>","protected":false},"featured_media":6749,"comment_status":"closed","ping_status":"closed","template":"","meta":{"_et_pb_use_builder":"","_et_pb_old_content":"","_et_gb_content_width":""},"product_brand":[],"product_cat":[103],"product_tag":[34,105],"class_list":{"0":"post-6553","1":"product","2":"type-product","3":"status-publish","4":"has-post-thumbnail","6":"product_cat-telescopic-hydraulic-cylinders","7":"product_tag-hydraulic-cylinder","8":"product_tag-telescopic-hydraulic-cylinders","10":"first","11":"instock","12":"product-type-simple"},"_links":{"self":[{"href":"https:\/\/fmp-components.com\/lv\/wp-json\/wp\/v2\/product\/6553","targetHints":{"allow":["GET"]}}],"collection":[{"href":"https:\/\/fmp-components.com\/lv\/wp-json\/wp\/v2\/product"}],"about":[{"href":"https:\/\/fmp-components.com\/lv\/wp-json\/wp\/v2\/types\/product"}],"replies":[{"embeddable":true,"href":"https:\/\/fmp-components.com\/lv\/wp-json\/wp\/v2\/comments?post=6553"}],"wp:featuredmedia":[{"embeddable":true,"href":"https:\/\/fmp-components.com\/lv\/wp-json\/wp\/v2\/media\/6749"}],"wp:attachment":[{"href":"https:\/\/fmp-components.com\/lv\/wp-json\/wp\/v2\/media?parent=6553"}],"wp:term":[{"taxonomy":"product_brand","embeddable":true,"href":"https:\/\/fmp-components.com\/lv\/wp-json\/wp\/v2\/product_brand?post=6553"},{"taxonomy":"product_cat","embeddable":true,"href":"https:\/\/fmp-components.com\/lv\/wp-json\/wp\/v2\/product_cat?post=6553"},{"taxonomy":"product_tag","embeddable":true,"href":"https:\/\/fmp-components.com\/lv\/wp-json\/wp\/v2\/product_tag?post=6553"}],"curies":[{"name":"wp","href":"https:\/\/api.w.org\/{rel}","templated":true}]}}