{"id":6551,"date":"2025-03-11T06:29:39","date_gmt":"2025-03-11T06:29:39","guid":{"rendered":"https:\/\/fmp-components.com\/product\/factory-price-multi-stage-flatbed-tow-truck-hydraulic-cylinder"},"modified":"2025-03-18T00:52:01","modified_gmt":"2025-03-18T00:52:01","slug":"factory-price-multi-stage-flatbed-tow-truck-hydraulic-cylinder","status":"publish","type":"product","link":"https:\/\/fmp-components.com\/lv\/product\/factory-price-multi-stage-flatbed-tow-truck-hydraulic-cylinder\/","title":{"rendered":"R\u016bpn\u012bcas cenas daudzpak\u0101pju platformas evakuatora hidrauliskais cilindrs"},"content":{"rendered":"<h2>R\u016bpn\u012bcas cenas daudzpak\u0101pju platformas evakuatora hidrauliskais cilindrs<\/h2>\n<p>Iepaz\u012bstin\u0101m ar FMP daudzpak\u0101pju platformas evakuatora hidraulisko cilindru \u2014 augst\u0101k\u0101s klases produktu, kas paredz\u0113ts efekt\u012bvai darb\u012bbai da\u017e\u0101d\u0101s nozar\u0113s, piem\u0113ram, ma\u0161\u012bnb\u016bves remonta darbn\u012bc\u0101s, saimniec\u012bb\u0101s, ener\u0123\u0113tikas un ieguves r\u016bpniec\u012bb\u0101, ma\u0161\u012bnb\u016bves ra\u017eo\u0161an\u0101 un ma\u0161\u012bnb\u016bves r\u016bpn\u012bc\u0101s. \u0160is hidrauliskais cilindrs lepojas ar izcilu veiktsp\u0113ju, nep\u0101rsp\u0113jamu jaudu un izcilu iztur\u012bbu.<\/p>\n<h3>Produkta \u012bpa\u0161\u012bbas un priek\u0161roc\u012bbas<\/h3>\n<p>M\u016bsu produktu darbina hidraulika, un tas ir izgatavots no augstas kvalit\u0101tes t\u0113rauda. T\u0101 maksim\u0101l\u0101 vilces jauda ir 3000 AG un maksim\u0101l\u0101 vilk\u0161anas jauda ir 20 tonnas. Urbuma diametrs ir no 2 l\u012bdz 6 coll\u0101m, bet stie\u0146a izm\u0113rs ir no 1,125 l\u012bdz 4 coll\u0101m.<\/p>\n<h3>Tehnisk\u0101s specifik\u0101cijas<\/h3>\n<table style=\"width: 99.7507%;\" border=\"\">\n<tbody>\n<tr>\n<td style=\"width: 42.9379%;\"><i>Urbuma izm\u0113rs<\/i><\/td>\n<td style=\"width: 472.881%;\">2\u20136 collas<\/td>\n<\/tr>\n<tr>\n<td style=\"width: 42.9379%;\"><i>Stie\u0146a izm\u0113rs<\/i><\/td>\n<td style=\"width: 472.881%;\">1,125\u20134 collas<\/td>\n<\/tr>\n<tr>\n<td style=\"width: 42.9379%;\"><i>Trieciena izm\u0113rs<\/i><\/td>\n<td style=\"width: 472.881%;\">4\u2013100 collas<\/td>\n<\/tr>\n<tr>\n<td style=\"width: 42.9379%;\"><i>Tapas izm\u0113rs<\/i><\/td>\n<td style=\"width: 472.881%;\">0,5\u20132 collas<\/td>\n<\/tr>\n<tr>\n<td style=\"width: 42.9379%;\"><i>Ostas<\/i><\/td>\n<td style=\"width: 472.881%;\">G\/SAE\/NPT\/M<\/td>\n<\/tr>\n<\/tbody>\n<\/table>\n<h2>Nep\u0101rsp\u0113jama veiktsp\u0113ja un efektivit\u0101te<\/h2>\n<p>FMP hidrauliskais cilindrs ir izstr\u0101d\u0101ts, lai b\u016btu energoefekt\u012bvs, \u013coti efekt\u012bvs un dro\u0161s. Daudzpak\u0101pju konstrukcija nodro\u0161ina kompaktu uzglab\u0101\u0161anu, vienlaikus nodro\u0161inot ilgu g\u0101jienu. Tas ir izstr\u0101d\u0101ts, lai iztur\u0113tu vissmag\u0101kos darba apst\u0101k\u013cus, padarot to par uzticamu izv\u0113li da\u017e\u0101diem pielietojumiem.<\/p>\n<h2>Hidraulisko sist\u0113mu un darb\u012bbas principu izpratne<\/h2>\n<p>Hidraulisko sist\u0113mu b\u016bt\u012bba ir ener\u0123ijas p\u0101rne\u0161ana no viena punkta uz otru, izmantojot nesaspie\u017eamu \u0161\u0137idrumu. Hidrauliskais cilindrs ir neat\u0146emama \u0161\u012bs sist\u0113mas sast\u0101vda\u013ca, kas p\u0101rveido hidraulisko ener\u0123iju meh\u0101nisk\u0101 ener\u0123ij\u0101 darba veik\u0161anai.<\/p>\n<p><img loading=\"lazy\" decoding=\"async\" class=\"alignnone wp-image-6664\" src=\"https:\/\/fmp-components.com\/wp-content\/uploads\/2025\/03\/telescopic-hydraulic-cylinder-8.webp\" alt=\"teleskopiskais hidrauliskais cilindrs\" width=\"929\" height=\"929\" title=\"\" srcset=\"https:\/\/fmp-components.com\/wp-content\/uploads\/2025\/03\/telescopic-hydraulic-cylinder-8.webp 929w, https:\/\/fmp-components.com\/wp-content\/uploads\/2025\/03\/telescopic-hydraulic-cylinder-8-480x480.webp 480w\" sizes=\"(min-width: 0px) and (max-width: 480px) 480px, (min-width: 481px) 929px, 100vw\" \/><\/p>\n<h2>Hidraulisko cilindru pielietojums<\/h2>\n<p>Hidrauliskie cilindri ir pla\u0161i pielietojami da\u017e\u0101d\u0101s nozar\u0113s, kur j\u0101p\u0101rvieto vai j\u0101pace\u013c smagas kravas. Tie ir \u012bpa\u0161i noder\u012bgi ma\u0161\u012bnb\u016bves remonta darbn\u012bc\u0101s, saimniec\u012bb\u0101s, ener\u0123\u0113tikas un ieguves r\u016bpniec\u012bb\u0101, ma\u0161\u012bnb\u016bves ra\u017eo\u0161an\u0101 un ma\u0161\u012bnb\u016bves r\u016bpn\u012bc\u0101s.<\/p>\n<h2>Hidrauliskie cilindri un sp\u0113ka agreg\u0101ti<\/h2>\n<p>Hidrauliskie cilindri un sp\u0113ka agreg\u0101ti ir neaizst\u0101jamas hidraulisk\u0101s sist\u0113mas sast\u0101vda\u013cas. To siner\u0123isk\u0101 darb\u012bba nodro\u0161ina pla\u0161u hidraulisk\u0101s tehnolo\u0123ijas pielietojumu r\u016bpnieciskaj\u0101 jom\u0101, nodro\u0161inot uzticamu jaudas un vad\u012bbas atbalstu da\u017e\u0101d\u0101m in\u017eeniertehniskaj\u0101m un ma\u0161\u012bnb\u016bves iek\u0101rt\u0101m. FMP pied\u0101v\u0101 ar\u012b sp\u0113ka agreg\u0101tus p\u0101rdo\u0161anai.<\/p>\n<h3>Bie\u017ei uzdotie jaut\u0101jumi<\/h3>\n<p><b>J: K\u0101da ir j\u016bsu hidraulisk\u0101 cilindra maksim\u0101l\u0101 vilces jauda?<\/b><br \/>\nA: M\u016bsu hidraulisk\u0101 cilindra maksim\u0101l\u0101 vilces jauda ir 3000.<\/p>\n<p><b>J: K\u0101ds ir hidraulisk\u0101 cilindra urbuma izm\u0113rs?<\/b><br \/>\nA: M\u016bsu hidraulisk\u0101 cilindra urbuma izm\u0113rs ir no 2 l\u012bdz 6 coll\u0101m.<\/p>\n<p><b>J: K\u0101ds ir j\u016bsu hidraulisk\u0101 cilindra pieg\u0101des laiks?<\/b><br \/>\nA: Parasti m\u016bsu pieg\u0101des laiks ir 25\u201335 dienas.<\/p>\n<h3>Par FMP<\/h3>\n<p>FMP ir vado\u0161ais it\u0101\u013cu ra\u017eot\u0101js, kas ir paz\u012bstams ar augstas kvalit\u0101tes hidraulisko cilindru projekt\u0113\u0161anu, izstr\u0101di un ra\u017eo\u0161anu. Ar gadu desmitiem ilgu pieredzi m\u0113s apvienojam tradicion\u0101lo it\u0101\u013cu meistar\u012bbu ar progres\u012bv\u0101m tehnolo\u0123ij\u0101m, lai nodro\u0161in\u0101tu izcilus hidrauliskos risin\u0101jumus, kas piel\u0101goti m\u016bsu glob\u0101l\u0101 klientu loka da\u017e\u0101daj\u0101m vajadz\u012bb\u0101m. FMP atrodas It\u0101lij\u0101, in\u017eeniertehnisk\u0101s izcil\u012bbas centr\u0101, un ir k\u013cuvis par uzticamu v\u0101rdu hidraulikas nozar\u0113, kas ir ap\u0146\u0113mies nodro\u0161in\u0101t uzticamus, iztur\u012bgus un inovat\u012bvus produktus, kas dod iesp\u0113jas uz\u0146\u0113mumiem vis\u0101 pasaul\u0113.<\/p>\n<p>M\u0113s apvienojam lab\u0101k\u0101s progres\u012bv\u0101s ra\u017eo\u0161anas trad\u012bcijas ar t\u0101lredz\u012bgu pieeju. Balstoties uz m\u016bsu pla\u0161o pieredzi hidraulisko sist\u0113mu jom\u0101, FMP ir k\u013cuvis par modernu uz\u0146\u0113mumu, kas izce\u013cas ar izciliem rezult\u0101tiem p\u0113tniec\u012bb\u0101, projekt\u0113\u0161an\u0101 un ra\u017eo\u0161an\u0101. M\u016bsu specializ\u0101cija ietver pla\u0161u hidraulisko cilindru kl\u0101stu, piem\u0113ram, divk\u0101r\u0161as darb\u012bbas cilindrus, automobi\u013cu pacel\u0161anas cilindrus, lauksaimniec\u012bbas tehnikas cilindrus un individu\u0101li izstr\u0101d\u0101tus risin\u0101jumus da\u017e\u0101diem r\u016bpnieciskiem pielietojumiem. M\u016bsu hidrauliskie cilindri, kas paredz\u0113ti darbam vissare\u017e\u0123\u012bt\u0101kajos apst\u0101k\u013cos, nodro\u0161ina dro\u0161\u012bbu, efektivit\u0101ti un ilgm\u016b\u017e\u012bbu t\u0101d\u0101s nozar\u0113s k\u0101 b\u016bvniec\u012bba, r\u016bpniecisk\u0101s instal\u0101cijas, lauksaimniec\u012bba un smag\u0101 tehnika.<\/p>\n<p>Uz\u0146\u0113mum\u0101 FMP m\u0113s lepojamies ar sav\u0101m modern\u0101kaj\u0101m ra\u017eo\u0161anas iek\u0101rt\u0101m, kas apr\u012bkotas ar prec\u012bzijas iek\u0101rt\u0101m un modern\u0101m test\u0113\u0161anas sist\u0113m\u0101m. M\u016bsu ra\u017eo\u0161anas procesi atbilst stingriem valsts un starptautiskajiem standartiem, garant\u0113jot, ka katrs hidrauliskais cilindrs, kas atst\u0101j m\u016bsu r\u016bpn\u012bcu, atbilst augst\u0101kajiem kvalit\u0101tes un uzticam\u012bbas standartiem. M\u016bsu prasm\u012bg\u0101 tehnisk\u0101 komanda apvienojum\u0101 ar modern\u0101ko apr\u012bkojumu \u013cauj mums uztur\u0113t stingru kvalit\u0101tes kontroli katr\u0101 ra\u017eo\u0161anas posm\u0101 \u2014 s\u0101kot no izejvielu izv\u0113les l\u012bdz gal\u012bgajai p\u0101rbaudei. \u0160\u012b ap\u0146em\u0161an\u0101s sasniegt izcil\u012bbu ir nodro\u0161in\u0101jusi mums sertifik\u0101tus un atzin\u012bbas no nozares iest\u0101d\u0113m, nostiprinot m\u016bsu reput\u0101ciju k\u0101 uzticamam partnerim.<\/p>\n<p><img loading=\"lazy\" decoding=\"async\" class=\"alignnone size-full wp-image-6720\" src=\"https:\/\/fmp-components.com\/wp-content\/uploads\/2025\/03\/hydraulic-cylinder-8.webp\" alt=\"Teleskopiskie hidrauliskie cilindri\" width=\"933\" height=\"526\" title=\"\" srcset=\"https:\/\/fmp-components.com\/wp-content\/uploads\/2025\/03\/hydraulic-cylinder-8.webp 933w, https:\/\/fmp-components.com\/wp-content\/uploads\/2025\/03\/hydraulic-cylinder-8-480x271.webp 480w\" sizes=\"(min-width: 0px) and (max-width: 480px) 480px, (min-width: 481px) 933px, 100vw\" \/><\/p>\n<p>M\u016bsu misija ir gan vienk\u0101r\u0161a, gan ambicioza: nodro\u0161in\u0101t hidrauliskos cilindrus, kas p\u0101rsniedz cer\u012bbas attiec\u012bb\u0101 uz veiktsp\u0113ju, iztur\u012bbu un v\u0113rt\u012bbu. Vadoties p\u0113c profesionalit\u0101tes, integrit\u0101tes un klientu apkalpo\u0161anas principiem, m\u0113s veicin\u0101m inov\u0101ciju un precizit\u0101tes kult\u016bru, nep\u0101rtraukti pilnveidojot savus produktus, lai saglab\u0101tu l\u012bderpoz\u012bcijas konkur\u0113tsp\u0113j\u012bg\u0101 tirg\u016b. Ar pla\u0161u produktu kl\u0101stu un sp\u0113ju pied\u0101v\u0101t piel\u0101gotus risin\u0101jumus m\u0113s esam v\u0113lam\u0101 izv\u0113le uz\u0146\u0113mumiem, kas mekl\u0113 augstas veiktsp\u0113jas hidrauliskos cilindrus.<\/p>\n<p>FMP ir vair\u0101k nek\u0101 tikai ra\u017eot\u0101js; m\u0113s esam partneris j\u016bsu pan\u0101kumos. M\u0113s apzin\u0101mies, ka m\u016bsu klienti pa\u013caujas uz mums, lai pieg\u0101d\u0101tu instrumentus, kas uzlabo vi\u0146u produktivit\u0101ti un dro\u0161\u012bbu. T\u0101p\u0113c m\u0113s esam ap\u0146\u0113mu\u0161ies nodro\u0161in\u0101t ne tikai augst\u0101k\u0101s klases produktus, bet ar\u012b izcilu servisu. S\u0101kot ar s\u0101kotn\u0113jo konsult\u0101ciju un beidzot ar p\u0113cp\u0101rdo\u0161anas atbalstu, m\u0113s cie\u0161i sadarbojamies ar saviem klientiem, lai nodro\u0161in\u0101tu, ka vi\u0146u vajadz\u012bbas tiek apmierin\u0101tas ar profesionalit\u0101ti un r\u016bp\u012bbu. M\u016bsu konkur\u0113tsp\u0113j\u012bg\u0101s cenas apvienojum\u0101 ar nelok\u0101mo ap\u0146em\u0161anos nodro\u0161in\u0101t kvalit\u0101ti padara FMP par gudru izv\u0113li uz\u0146\u0113mumiem, kas v\u0113las ieguld\u012bt uzticamos hidrauliskajos risin\u0101jumos.<\/p>","protected":false},"excerpt":{"rendered":"<p>Factory Price Multi Stage Flatbed Tow Truck Hydraulic Cylinder Introducing the FMP multi-stage flatbed tow truck hydraulic cylinder, a top-grade product designed to work efficiently in various industries such as machinery repair shops, farms, energy &amp; mining, machinery manufacturing, and machinery factories. This hydraulic cylinder boasts superior performance, unbeatable power, and exceptional durability. Product Features [&hellip;]<\/p>","protected":false},"featured_media":6746,"comment_status":"closed","ping_status":"closed","template":"","meta":{"_et_pb_use_builder":"","_et_pb_old_content":"","_et_gb_content_width":""},"product_brand":[],"product_cat":[103],"product_tag":[34,105],"class_list":{"0":"post-6551","1":"product","2":"type-product","3":"status-publish","4":"has-post-thumbnail","6":"product_cat-telescopic-hydraulic-cylinders","7":"product_tag-hydraulic-cylinder","8":"product_tag-telescopic-hydraulic-cylinders","10":"first","11":"instock","12":"product-type-simple"},"_links":{"self":[{"href":"https:\/\/fmp-components.com\/lv\/wp-json\/wp\/v2\/product\/6551","targetHints":{"allow":["GET"]}}],"collection":[{"href":"https:\/\/fmp-components.com\/lv\/wp-json\/wp\/v2\/product"}],"about":[{"href":"https:\/\/fmp-components.com\/lv\/wp-json\/wp\/v2\/types\/product"}],"replies":[{"embeddable":true,"href":"https:\/\/fmp-components.com\/lv\/wp-json\/wp\/v2\/comments?post=6551"}],"wp:featuredmedia":[{"embeddable":true,"href":"https:\/\/fmp-components.com\/lv\/wp-json\/wp\/v2\/media\/6746"}],"wp:attachment":[{"href":"https:\/\/fmp-components.com\/lv\/wp-json\/wp\/v2\/media?parent=6551"}],"wp:term":[{"taxonomy":"product_brand","embeddable":true,"href":"https:\/\/fmp-components.com\/lv\/wp-json\/wp\/v2\/product_brand?post=6551"},{"taxonomy":"product_cat","embeddable":true,"href":"https:\/\/fmp-components.com\/lv\/wp-json\/wp\/v2\/product_cat?post=6551"},{"taxonomy":"product_tag","embeddable":true,"href":"https:\/\/fmp-components.com\/lv\/wp-json\/wp\/v2\/product_tag?post=6551"}],"curies":[{"name":"wp","href":"https:\/\/api.w.org\/{rel}","templated":true}]}}