{"id":6548,"date":"2025-03-11T06:29:39","date_gmt":"2025-03-11T06:29:39","guid":{"rendered":"https:\/\/fmp-components.com\/product\/manufacturer-supplier-20-ton-hydraulic-telescopic-cylinder-for-sale"},"modified":"2025-03-12T06:24:11","modified_gmt":"2025-03-12T06:24:11","slug":"manufacturer-supplier-20-ton-hydraulic-telescopic-cylinder-for-sale","status":"publish","type":"product","link":"https:\/\/fmp-components.com\/lv\/product\/manufacturer-supplier-20-ton-hydraulic-telescopic-cylinder-for-sale\/","title":{"rendered":"Ra\u017eot\u0101ja pieg\u0101d\u0101t\u0101ja 20 tonnu hidrauliskais teleskopiskais cilindrs p\u0101rdo\u0161anai"},"content":{"rendered":"<h2>Ra\u017eot\u0101ja pieg\u0101d\u0101t\u0101ja 20 tonnu hidrauliskais teleskopiskais cilindrs p\u0101rdo\u0161anai<\/h2>\n<p>Izbaudiet m\u016bsu 20 tonnu hidraulisk\u0101 teleskopisk\u0101 cilindra jaudu un efektivit\u0101ti \u2014 augst\u0101k\u0101s klases FMP produktu. \u0160is daudzpak\u0101pju hidrauliskais cilindrs ir jauns un izgatavots atbilsto\u0161i standartiem, nodro\u0161inot uzticamu un iztur\u012bgu veiktsp\u0113ju vis\u0101m j\u016bsu lieljaudas vajadz\u012bb\u0101m.<\/p>\n<p><img loading=\"lazy\" decoding=\"async\" class=\"alignnone  wp-image-6661\" src=\"https:\/\/fmp-components.com\/wp-content\/uploads\/2025\/03\/telescopic-hydraulic-cylinder-10.webp\" alt=\"teleskopiskais hidrauliskais cilindrs\" width=\"888\" height=\"888\" title=\"\" srcset=\"https:\/\/fmp-components.com\/wp-content\/uploads\/2025\/03\/telescopic-hydraulic-cylinder-10.webp 888w, https:\/\/fmp-components.com\/wp-content\/uploads\/2025\/03\/telescopic-hydraulic-cylinder-10-480x480.webp 480w\" sizes=\"(min-width: 0px) and (max-width: 480px) 480px, (min-width: 481px) 888px, 100vw\" \/><\/p>\n<h3>Funkcijas un funkcionalit\u0101te<\/h3>\n<p>Hidrauliskais teleskopiskais cilindrs lepojas ar maksim\u0101lo vilces sp\u0113ku 3000 un maksim\u0101lo vilk\u0161anas sp\u0113ku 20 tonnas. Tas ir izgatavots no iztur\u012bga t\u0113rauda un darbojas hidrauliski. Cilindrs ir piem\u0113rots da\u017e\u0101d\u0101m nozar\u0113m, tostarp ma\u0161\u012bnb\u016bves remonta darbn\u012bc\u0101m, lauksaimniec\u012bbas tehnikai, ener\u0123\u0113tikas un ieguves r\u016bpniec\u012bbai, ma\u0161\u012bnb\u016bves ra\u017eo\u0161anai un ma\u0161\u012bnb\u016bves r\u016bpn\u012bc\u0101m.<\/p>\n<h3>Produkta specifik\u0101cijas<\/h3>\n<table style=\"width: 100.077%;\" border=\"\">\n<tbody>\n<tr>\n<td style=\"width: 42.9379%;\"><i>Urbuma izm\u0113rs<\/i><\/td>\n<td style=\"width: 474.576%;\">2\u20136 collas<\/td>\n<\/tr>\n<tr>\n<td style=\"width: 42.9379%;\"><i>Stie\u0146a izm\u0113rs<\/i><\/td>\n<td style=\"width: 474.576%;\">1,125\u20134 collas<\/td>\n<\/tr>\n<tr>\n<td style=\"width: 42.9379%;\"><i>Trieciena izm\u0113rs<\/i><\/td>\n<td style=\"width: 474.576%;\">4\u2013100 collas<\/td>\n<\/tr>\n<tr>\n<td style=\"width: 42.9379%;\"><i>Tapas izm\u0113rs<\/i><\/td>\n<td style=\"width: 474.576%;\">0,5\u20132 collas<\/td>\n<\/tr>\n<tr>\n<td style=\"width: 42.9379%;\"><i>Ostas<\/i><\/td>\n<td style=\"width: 474.576%;\">G\/SAE\/NPT\/M<\/td>\n<\/tr>\n<\/tbody>\n<\/table>\n<h3>Galven\u0101s priek\u0161roc\u012bbas<\/h3>\n<ul>\n<li>Energoefekt\u012bvs: Hidrauliskais cilindrs darbojas efekt\u012bvi, nodro\u0161inot maksim\u0101lu produktivit\u0101ti ar minim\u0101lu ener\u0123ijas pat\u0113ri\u0146u.<\/li>\n<li>Augsta veiktsp\u0113ja: Ar maksim\u0101lo vilces sp\u0113ku 3000 AG un 20 tonnu vilk\u0161anas sp\u0113ku \u0161is cilindrs ir paredz\u0113ts augstas veiktsp\u0113jas uzdevumiem.<\/li>\n<li>Dro\u0161\u012bba: Hidrauliskais cilindrs ir izstr\u0101d\u0101ts, \u0146emot v\u0113r\u0101 dro\u0161\u012bbu, un tas ir izgatavots no iztur\u012bgiem materi\u0101liem, kas var iztur\u0113t augstu spiedienu.<\/li>\n<\/ul>\n<h2>Hidraulisk\u0101 sist\u0113ma un darb\u012bbas princips<\/h2>\n<p>Hidrauliskais teleskopiskais cilindrs darbojas, efekt\u012bvi p\u0101rveidojot hidraulisko ener\u0123iju meh\u0101nisk\u0101 kust\u012bb\u0101. Process s\u0101kas, kad hidrauliskais \u0161\u0137idrums tiek pak\u013cauts spiedienam ar s\u016bkni, radot iev\u0113rojamu sp\u0113ku. \u0160is spiediena \u0161\u0137idrums p\u0113c tam tiek novirz\u012bts teleskopiskaj\u0101 cilindr\u0101, kur tas iedarbojas uz iek\u0161pus\u0113 eso\u0161o(-ajiem) virzuli(-\u013ciem). Kad hidrauliskais \u0161\u0137idrums non\u0101k cilindr\u0101, tas rada spiedienu, kas pagarina cilindra iek\u0161\u0113j\u0101s da\u013cas, nodro\u0161inot iev\u0113rojamu line\u0101ru kust\u012bbu. \u0160\u012b unik\u0101l\u0101 konstrukcija \u013cauj hidrauliskajam cilindram sasniegt iespaid\u012bgus pagarin\u0101juma garumus, vienlaikus saglab\u0101jot kompaktu izm\u0113ru ievilkt\u0101 st\u0101vokl\u012b.<\/p>\n<p>Sp\u0113ja p\u0101rveidot hidraulisko ener\u0123iju meh\u0101nisk\u0101 kust\u012bb\u0101 padara teleskopiskos cilindrus neaizst\u0101jamus da\u017e\u0101dos pielietojumos. Spiediena \u0161\u0137idruma rad\u012bto sp\u0113ku var prec\u012bzi kontrol\u0113t, \u013caujot operatoriem pan\u0101kt vienm\u0113r\u012bgas un prec\u012bzas kust\u012bbas. \u0160\u012b sp\u0113ja ir \u013coti svar\u012bga apst\u0101k\u013cos, kad nepiecie\u0161ama prec\u012bza pozicion\u0113\u0161ana un jaud\u012bga cel\u0161ana, padarot hidrauliskos teleskopiskos cilindrus par b\u016btisku sast\u0101vda\u013cu m\u016bsdienu ma\u0161\u012bn\u0101s un iek\u0101rt\u0101s.<\/p>\n<h3>Hidraulisk\u0101 cilindra pielietojums<\/h3>\n<p>Hidrauliskais cilindrs tiek pla\u0161i izmantots vair\u0101k\u0101s nozar\u0113s, tostarp ma\u0161\u012bnb\u016bv\u0113 un remont\u0101, lauksaimniec\u012bb\u0101, ener\u0123\u0113tik\u0101 un ieguves r\u016bpniec\u012bb\u0101. Ma\u0161\u012bnb\u016bv\u0113 un remont\u0101 tas atvieglo smago iek\u0101rtu cel\u0161anu un pozicion\u0113\u0161anu, racionaliz\u0113jot apkopes uzdevumus un uzlabojot kop\u0113jo darb\u012bbas efektivit\u0101ti. T\u0101 iztur\u012bg\u0101 konstrukcija nodro\u0161ina, ka tas var iztur\u0113t \u0161aj\u0101s vid\u0113s rakstur\u012bgos sare\u017e\u0123\u012btos apst\u0101k\u013cus.<\/p>\n<p>Lauksaimniec\u012bbas nozar\u0113 hidrauliskie cilindri ir b\u016btiski da\u017e\u0101du veidu tehnikas, piem\u0113ram, traktoru un iekr\u0101v\u0113ju, darbin\u0101\u0161anai. Tie \u013cauj veikt t\u0101das darb\u012bbas k\u0101 materi\u0101lu cel\u0161ana, noliek\u0161ana un izg\u0101\u0161ana, iev\u0113rojami uzlabojot produktivit\u0101ti un efektivit\u0101ti saimniec\u012bb\u0101s. Sp\u0113ja prec\u012bzi veikt \u0161os uzdevumus ir \u013coti svar\u012bga, lai optimiz\u0113tu lauksaimniec\u012bbas darb\u012bbas un nodro\u0161in\u0101tu uzdevumu savlaic\u012bgu izpildi.<\/p>\n<p>Ener\u0123\u0113tikas un ieguves r\u016bpniec\u012bb\u0101 hidrauliskajiem cilindriem ir iz\u0161\u0137iro\u0161a noz\u012bme t\u0101d\u0101s jom\u0101s k\u0101 urb\u0161ana, rak\u0161ana un materi\u0101lu apstr\u0101de. To sp\u0113ja rad\u012bt iev\u0113rojamu sp\u0113ku padara tos labi piem\u0113rotus \u0161o nozaru stingraj\u0101m pras\u012bb\u0101m, kur uzticam\u012bba un veiktsp\u0113ja ir \u0101rk\u0101rt\u012bgi svar\u012bga. Neatkar\u012bgi no t\u0101, vai tiek celtas smagas kravas vai vad\u012btas iek\u0101rtas, hidrauliskie cilindri nodro\u0161ina jaudu un precizit\u0101ti, kas nepiecie\u0161ama, lai risin\u0101tu nozares izaicin\u0101jumus.<\/p>\n<h2>Hidrauliskie cilindri un sp\u0113ka agreg\u0101ti<\/h2>\n<p>Hidrauliskie cilindri un sp\u0113ka agreg\u0101ti ir neat\u0146emamas hidraulisko sist\u0113mu sast\u0101vda\u013cas, kas darbojas kop\u0101, lai nodro\u0161in\u0101tu efekt\u012bvu hidraulisko tehnolo\u0123iju pielietojumu r\u016bpnieciskos apst\u0101k\u013cos. Hidrauliskais cilindrs kalpo k\u0101 izpildmeh\u0101nisms, p\u0101rveidojot hidraulisko ener\u0123iju meh\u0101nisk\u0101 kust\u012bb\u0101, savuk\u0101rt sp\u0113ka agreg\u0101ts darbojas k\u0101 ener\u0123ijas avots, radot nepiecie\u0161amo spiedienu un pl\u016bsmu sist\u0113mas darbin\u0101\u0161anai.<\/p>\n<p>\u0160\u012b sadarb\u012bbas funkcija ir b\u016btiska, lai nodro\u0161in\u0101tu uzticamu jaudas un vad\u012bbas atbalstu da\u017e\u0101d\u0101m in\u017eeniertehnisk\u0101m un meh\u0101nisk\u0101m iek\u0101rt\u0101m. Jaudas bloks parasti sast\u0101v no hidraulisk\u0101 s\u016bk\u0146a, motora, rezervu\u0101ra un vad\u012bbas v\u0101rstiem, kas darbojas saska\u0146oti, lai uztur\u0113tu optim\u0101lu spiedienu un pl\u016bsmas \u0101trumu. Nodro\u0161inot, ka hidrauliskie cilindri sa\u0146em atbilsto\u0161u spiediena \u0161\u0137idruma daudzumu, baro\u0161anas bloks uzlabo hidraulisk\u0101s sist\u0113mas kop\u0113jo veiktsp\u0113ju un efektivit\u0101ti.<\/p>\n<p>Uz\u0146\u0113mum\u0101 FMP m\u0113s apzin\u0101mies \u0161\u012bs siner\u0123ijas noz\u012bmi un pied\u0101v\u0101jam pla\u0161u sp\u0113ka agreg\u0101tu kl\u0101stu p\u0101rdo\u0161anai. M\u016bsu risin\u0101jumi ir izstr\u0101d\u0101ti, lai apmierin\u0101tu visas j\u016bsu hidraulisk\u0101s sist\u0113mas vajadz\u012bbas, \u013caujot jums sasniegt optim\u0101lu veiktsp\u0113ju j\u016bsu lietojumos. Ap\u0146emoties nodro\u0161in\u0101t kvalit\u0101ti un uzticam\u012bbu, m\u0113s nodro\u0161in\u0101m, ka m\u016bsu hidrauliskie cilindri un sp\u0113ka agreg\u0101ti darbojas neman\u0101mi kop\u0101, lai nodro\u0161in\u0101tu j\u016bsu darb\u012bb\u0101 nepiecie\u0161amo veiktsp\u0113ju un efektivit\u0101ti.<\/p>\n<p><img loading=\"lazy\" decoding=\"async\" class=\"alignnone  wp-image-6662\" src=\"https:\/\/fmp-components.com\/wp-content\/uploads\/2025\/03\/telescopic-hydraulic-cylinder-4.webp\" alt=\"teleskopiskais hidrauliskais cilindrs\" width=\"999\" height=\"999\" title=\"\" srcset=\"https:\/\/fmp-components.com\/wp-content\/uploads\/2025\/03\/telescopic-hydraulic-cylinder-4.webp 999w, https:\/\/fmp-components.com\/wp-content\/uploads\/2025\/03\/telescopic-hydraulic-cylinder-4-480x480.webp 480w\" sizes=\"(min-width: 0px) and (max-width: 480px) 480px, (min-width: 481px) 999px, 100vw\" \/><\/p>\n<h2>Bie\u017ei uzdotie jaut\u0101jumi<\/h2>\n<p><span>J: Vai j\u016bs esat tirdzniec\u012bbas uz\u0146\u0113mums vai ra\u017eot\u0101js?<\/span><br \/>\n<span>A: M\u0113s esam ra\u017eot\u0101js.<\/span><br \/>\n<span>J: Cik ilgs ir j\u016bsu pieg\u0101des laiks?<\/span><br \/>\n<span>A: Parasti tas ir 25\u201335 dienas.<\/span><br \/>\n<span>J: Vai j\u016bs sniedzat paraugus? Vai tas ir bez maksas vai papildus?<\/span><br \/>\n<span>A: J\u0101, m\u0113s var\u0113tu pied\u0101v\u0101t paraugu, bet tas nav bez maksas.<\/span>&#8221;<\/p>\n<h3>Par FMP<\/h3>\n<p>FMP ir vado\u0161ais it\u0101\u013cu ra\u017eot\u0101js, kas ir paz\u012bstams ar augstas kvalit\u0101tes hidraulisko cilindru projekt\u0113\u0161anu, izstr\u0101di un ra\u017eo\u0161anu. Ar gadu desmitiem ilgu pieredzi m\u0113s apvienojam tradicion\u0101lo it\u0101\u013cu meistar\u012bbu ar progres\u012bv\u0101m tehnolo\u0123ij\u0101m, lai nodro\u0161in\u0101tu izcilus hidrauliskos risin\u0101jumus, kas piel\u0101goti m\u016bsu glob\u0101l\u0101 klientu loka da\u017e\u0101daj\u0101m vajadz\u012bb\u0101m. FMP atrodas It\u0101lij\u0101, in\u017eeniertehnisk\u0101s izcil\u012bbas centr\u0101, un ir k\u013cuvis par uzticamu v\u0101rdu hidraulikas nozar\u0113, kas ir ap\u0146\u0113mies nodro\u0161in\u0101t uzticamus, iztur\u012bgus un inovat\u012bvus produktus, kas dod iesp\u0113jas uz\u0146\u0113mumiem vis\u0101 pasaul\u0113.<\/p>\n<p>M\u0113s apvienojam lab\u0101k\u0101s progres\u012bv\u0101s ra\u017eo\u0161anas trad\u012bcijas ar t\u0101lredz\u012bgu pieeju. Balstoties uz m\u016bsu pla\u0161o pieredzi hidraulisko sist\u0113mu jom\u0101, FMP ir k\u013cuvis par modernu uz\u0146\u0113mumu, kas izce\u013cas ar izciliem rezult\u0101tiem p\u0113tniec\u012bb\u0101, projekt\u0113\u0161an\u0101 un ra\u017eo\u0161an\u0101. M\u016bsu specializ\u0101cija ietver pla\u0161u hidraulisko cilindru kl\u0101stu, piem\u0113ram, divk\u0101r\u0161as darb\u012bbas cilindrus, automobi\u013cu pacel\u0161anas cilindrus, lauksaimniec\u012bbas tehnikas cilindrus un individu\u0101li izstr\u0101d\u0101tus risin\u0101jumus da\u017e\u0101diem r\u016bpnieciskiem pielietojumiem. M\u016bsu hidrauliskie cilindri, kas paredz\u0113ti darbam vissare\u017e\u0123\u012bt\u0101kajos apst\u0101k\u013cos, nodro\u0161ina dro\u0161\u012bbu, efektivit\u0101ti un ilgm\u016b\u017e\u012bbu t\u0101d\u0101s nozar\u0113s k\u0101 b\u016bvniec\u012bba, r\u016bpniecisk\u0101s instal\u0101cijas, lauksaimniec\u012bba un smag\u0101 tehnika.<\/p>\n<p>Uz\u0146\u0113mum\u0101 FMP m\u0113s lepojamies ar sav\u0101m modern\u0101kaj\u0101m ra\u017eo\u0161anas iek\u0101rt\u0101m, kas apr\u012bkotas ar prec\u012bzijas iek\u0101rt\u0101m un modern\u0101m test\u0113\u0161anas sist\u0113m\u0101m. M\u016bsu ra\u017eo\u0161anas procesi atbilst stingriem valsts un starptautiskajiem standartiem, garant\u0113jot, ka katrs hidrauliskais cilindrs, kas atst\u0101j m\u016bsu r\u016bpn\u012bcu, atbilst augst\u0101kajiem kvalit\u0101tes un uzticam\u012bbas standartiem. M\u016bsu prasm\u012bg\u0101 tehnisk\u0101 komanda apvienojum\u0101 ar modern\u0101ko apr\u012bkojumu \u013cauj mums uztur\u0113t stingru kvalit\u0101tes kontroli katr\u0101 ra\u017eo\u0161anas posm\u0101 \u2014 s\u0101kot no izejvielu izv\u0113les l\u012bdz gal\u012bgajai p\u0101rbaudei. \u0160\u012b ap\u0146em\u0161an\u0101s sasniegt izcil\u012bbu ir nodro\u0161in\u0101jusi mums sertifik\u0101tus un atzin\u012bbas no nozares iest\u0101d\u0113m, nostiprinot m\u016bsu reput\u0101ciju k\u0101 uzticamam partnerim.<\/p>\n<p><img loading=\"lazy\" decoding=\"async\" class=\"alignnone size-full wp-image-6720\" src=\"https:\/\/fmp-components.com\/wp-content\/uploads\/2025\/03\/hydraulic-cylinder-8.webp\" alt=\"Teleskopiskie hidrauliskie cilindri\" width=\"933\" height=\"526\" title=\"\" srcset=\"https:\/\/fmp-components.com\/wp-content\/uploads\/2025\/03\/hydraulic-cylinder-8.webp 933w, https:\/\/fmp-components.com\/wp-content\/uploads\/2025\/03\/hydraulic-cylinder-8-480x271.webp 480w\" sizes=\"(min-width: 0px) and (max-width: 480px) 480px, (min-width: 481px) 933px, 100vw\" \/><\/p>\n<p>M\u016bsu misija ir gan vienk\u0101r\u0161a, gan ambicioza: nodro\u0161in\u0101t hidrauliskos cilindrus, kas p\u0101rsniedz cer\u012bbas attiec\u012bb\u0101 uz veiktsp\u0113ju, iztur\u012bbu un v\u0113rt\u012bbu. Vadoties p\u0113c profesionalit\u0101tes, integrit\u0101tes un klientu apkalpo\u0161anas principiem, m\u0113s veicin\u0101m inov\u0101ciju un precizit\u0101tes kult\u016bru, nep\u0101rtraukti pilnveidojot savus produktus, lai saglab\u0101tu l\u012bderpoz\u012bcijas konkur\u0113tsp\u0113j\u012bg\u0101 tirg\u016b. Ar pla\u0161u produktu kl\u0101stu un sp\u0113ju pied\u0101v\u0101t piel\u0101gotus risin\u0101jumus m\u0113s esam v\u0113lam\u0101 izv\u0113le uz\u0146\u0113mumiem, kas mekl\u0113 augstas veiktsp\u0113jas hidrauliskos cilindrus.<\/p>\n<p>FMP ir vair\u0101k nek\u0101 tikai ra\u017eot\u0101js; m\u0113s esam partneris j\u016bsu pan\u0101kumos. M\u0113s apzin\u0101mies, ka m\u016bsu klienti pa\u013caujas uz mums, lai pieg\u0101d\u0101tu instrumentus, kas uzlabo vi\u0146u produktivit\u0101ti un dro\u0161\u012bbu. T\u0101p\u0113c m\u0113s esam ap\u0146\u0113mu\u0161ies nodro\u0161in\u0101t ne tikai augst\u0101k\u0101s klases produktus, bet ar\u012b izcilu servisu. S\u0101kot ar s\u0101kotn\u0113jo konsult\u0101ciju un beidzot ar p\u0113cp\u0101rdo\u0161anas atbalstu, m\u0113s cie\u0161i sadarbojamies ar saviem klientiem, lai nodro\u0161in\u0101tu, ka vi\u0146u vajadz\u012bbas tiek apmierin\u0101tas ar profesionalit\u0101ti un r\u016bp\u012bbu. M\u016bsu konkur\u0113tsp\u0113j\u012bg\u0101s cenas apvienojum\u0101 ar nelok\u0101mo ap\u0146em\u0161anos nodro\u0161in\u0101t kvalit\u0101ti padara FMP par gudru izv\u0113li uz\u0146\u0113mumiem, kas v\u0113las ieguld\u012bt uzticamos hidrauliskajos risin\u0101jumos.<\/p>","protected":false},"excerpt":{"rendered":"<p>Manufacturer Supplier 20 Ton Hydraulic Telescopic Cylinder for Sale Experience the power and efficiency of our 20 Ton Hydraulic Telescopic Cylinder, a top-notch product From FMP. This multistage hydraulic cylinder is new and built to standard, ensuring reliable and robust performance for all your heavy-duty needs. Features and Functionality The hydraulic telescopic cylinder boasts of [&hellip;]<\/p>","protected":false},"featured_media":6740,"comment_status":"closed","ping_status":"closed","template":"","meta":{"_et_pb_use_builder":"","_et_pb_old_content":"","_et_gb_content_width":""},"product_brand":[],"product_cat":[103],"product_tag":[34,105],"class_list":{"0":"post-6548","1":"product","2":"type-product","3":"status-publish","4":"has-post-thumbnail","6":"product_cat-telescopic-hydraulic-cylinders","7":"product_tag-hydraulic-cylinder","8":"product_tag-telescopic-hydraulic-cylinders","10":"first","11":"instock","12":"product-type-simple"},"_links":{"self":[{"href":"https:\/\/fmp-components.com\/lv\/wp-json\/wp\/v2\/product\/6548","targetHints":{"allow":["GET"]}}],"collection":[{"href":"https:\/\/fmp-components.com\/lv\/wp-json\/wp\/v2\/product"}],"about":[{"href":"https:\/\/fmp-components.com\/lv\/wp-json\/wp\/v2\/types\/product"}],"replies":[{"embeddable":true,"href":"https:\/\/fmp-components.com\/lv\/wp-json\/wp\/v2\/comments?post=6548"}],"wp:featuredmedia":[{"embeddable":true,"href":"https:\/\/fmp-components.com\/lv\/wp-json\/wp\/v2\/media\/6740"}],"wp:attachment":[{"href":"https:\/\/fmp-components.com\/lv\/wp-json\/wp\/v2\/media?parent=6548"}],"wp:term":[{"taxonomy":"product_brand","embeddable":true,"href":"https:\/\/fmp-components.com\/lv\/wp-json\/wp\/v2\/product_brand?post=6548"},{"taxonomy":"product_cat","embeddable":true,"href":"https:\/\/fmp-components.com\/lv\/wp-json\/wp\/v2\/product_cat?post=6548"},{"taxonomy":"product_tag","embeddable":true,"href":"https:\/\/fmp-components.com\/lv\/wp-json\/wp\/v2\/product_tag?post=6548"}],"curies":[{"name":"wp","href":"https:\/\/api.w.org\/{rel}","templated":true}]}}