{"id":6546,"date":"2025-03-11T06:28:19","date_gmt":"2025-03-11T06:28:19","guid":{"rendered":"https:\/\/fmp-components.com\/product\/professional-5-stage-multi-stage-telescopic-hydraulic-cylinder"},"modified":"2025-03-12T02:00:00","modified_gmt":"2025-03-12T02:00:00","slug":"professional-5-stage-multi-stage-telescopic-hydraulic-cylinder","status":"publish","type":"product","link":"https:\/\/fmp-components.com\/lv\/product\/professional-5-stage-multi-stage-telescopic-hydraulic-cylinder\/","title":{"rendered":"Profesion\u0101ls 5 pak\u0101pju daudzpak\u0101pju teleskopiskais hidrauliskais cilindrs"},"content":{"rendered":"<h2>Profesion\u0101ls 5 pak\u0101pju daudzpak\u0101pju teleskopiskais hidrauliskais cilindrs<\/h2>\n<p>Iepaz\u012bstin\u0101m ar m\u016bsu augst\u0101k\u0101s klases profesion\u0101lo 5 pak\u0101pju daudzpak\u0101pju teleskopisko hidraulisko cilindru. \u0160is modern\u0101kais hidrauliskais cilindrs ir paredz\u0113ts pla\u0161ai lieto\u0161anai da\u017e\u0101d\u0101s nozar\u0113s, tostarp ma\u0161\u012bnb\u016bves remonta darbn\u012bc\u0101s, saimniec\u012bb\u0101s, ener\u0123\u0113tikas un ieguves r\u016bpniec\u012bb\u0101, k\u0101 ar\u012b ra\u017eo\u0161an\u0101. T\u0101 ir svar\u012bga sast\u0101vda\u013ca, kas paz\u012bstama ar savu izcilo funkcionalit\u0101ti, iztur\u012bbu un efektivit\u0101ti.<\/p>\n<h2>Produkta specifik\u0101cijas<\/h2>\n<table style=\"width: 102.74%;\" border=\"\">\n<tbody>\n<tr>\n<th style=\"width: 42.9185%;\">Produkta nosaukums<\/th>\n<td style=\"width: 357.94%;\">Teleskopiskais cilindrs<\/td>\n<\/tr>\n<tr>\n<th style=\"width: 42.9185%;\">Sertifik\u0101cija<\/th>\n<td style=\"width: 357.94%;\">ISO9001:2000<\/td>\n<\/tr>\n<tr>\n<th style=\"width: 42.9185%;\">Urbuma izm\u0113rs<\/th>\n<td style=\"width: 357.94%;\">2\u20136 collas<\/td>\n<\/tr>\n<tr>\n<th style=\"width: 42.9185%;\">Stie\u0146a izm\u0113rs<\/th>\n<td style=\"width: 357.94%;\">1,125\u20134 collas<\/td>\n<\/tr>\n<tr>\n<th style=\"width: 42.9185%;\">Trieciena izm\u0113rs<\/th>\n<td style=\"width: 357.94%;\">4\u2013100 collas<\/td>\n<\/tr>\n<tr>\n<th style=\"width: 42.9185%;\">Tapas izm\u0113rs<\/th>\n<td style=\"width: 357.94%;\">0,5\u20132 collas<\/td>\n<\/tr>\n<tr>\n<th style=\"width: 42.9185%;\">Ostas<\/th>\n<td style=\"width: 357.94%;\">G\/SAE\/NPT\/M<\/td>\n<\/tr>\n<\/tbody>\n<\/table>\n<h2>At\u0161\u0137ir\u012bg\u0101s iez\u012bmes un priek\u0161roc\u012bbas<\/h2>\n<ul>\n<li>Energoefekt\u012bvs: Samazin\u0101ts ener\u0123ijas pat\u0113ri\u0146\u0161.<\/li>\n<li>Augsta veiktsp\u0113ja: Nodro\u0161ina vienm\u0113r\u012bgu un efekt\u012bvu darb\u012bbu.<\/li>\n<li>Dro\u0161\u012bba: Izstr\u0101d\u0101ts, \u0146emot v\u0113r\u0101 lietot\u0101ju dro\u0161\u012bbu.<\/li>\n<\/ul>\n<h2>Hidraulisko sist\u0113mu un to darb\u012bbas principa izpratne<\/h2>\n<p>Hidraulisk\u0101s sist\u0113mas darbojas p\u0113c \u0161\u0137idruma spiediena pamatprincipa, kas nosaka, ka spiediena izmai\u0146as jebkur\u0101 sl\u0113gt\u0101 \u0161\u0137idruma punkt\u0101 tiek nemazin\u0101tas uz visiem p\u0101r\u0113jiem \u0161\u0137idruma punktiem. \u0160is b\u016btiskais princips ir hidraulisko cilindru funkcionalit\u0101tes pamat\u0101, kas kalpo k\u0101 izpildmeh\u0101nismi, kas p\u0101rveido hidraulisko ener\u0123iju meh\u0101niskaj\u0101 ener\u0123ij\u0101. Izmantojot spiediena \u0161\u0137idruma jaudu, hidraulisk\u0101s sist\u0113mas nodro\u0161ina \u013coti efekt\u012bvu l\u012bdzekli pla\u0161a uzdevumu kl\u0101sta veik\u0161anai, s\u0101kot no smagu kravu cel\u0161anas l\u012bdz prec\u012bzu kust\u012bbu nodro\u0161in\u0101\u0161anai da\u017e\u0101dos r\u016bpnieciskos pielietojumos.<\/p>\n<p><img loading=\"lazy\" decoding=\"async\" class=\"alignnone  wp-image-6661\" src=\"https:\/\/fmp-components.com\/wp-content\/uploads\/2025\/03\/telescopic-hydraulic-cylinder-10.webp\" alt=\"teleskopiskais hidrauliskais cilindrs\" width=\"896\" height=\"896\" title=\"\" srcset=\"https:\/\/fmp-components.com\/wp-content\/uploads\/2025\/03\/telescopic-hydraulic-cylinder-10.webp 896w, https:\/\/fmp-components.com\/wp-content\/uploads\/2025\/03\/telescopic-hydraulic-cylinder-10-480x480.webp 480w\" sizes=\"(min-width: 0px) and (max-width: 480px) 480px, (min-width: 481px) 896px, 100vw\" \/><\/p>\n<p>Hidraulisko sist\u0113mu efektivit\u0101te liel\u0101 m\u0113r\u0101 ir saist\u012bta ar izmantot\u0101 \u0161\u0137idruma nesaspie\u017eam\u012bbu. Kad hidrauliskajam \u0161\u0137idrumam tiek pielikts spiediens, tas p\u0101rvietojas pa sist\u0113mu, radot sp\u0113ku, ko var novirz\u012bt noteiktu darb\u012bbu veik\u0161anai. \u0160\u012b neman\u0101m\u0101 spiediena p\u0101rne\u0161ana \u013cauj veikt \u0101tras un sp\u0113c\u012bgas kust\u012bbas, padarot hidraulisk\u0101s sist\u0113mas \u012bpa\u0161i efekt\u012bvas uzdevumiem, kuriem nepiecie\u0161ama liela sp\u0113ka izvade ar minim\u0101lu fizisku piep\u016bli. Sp\u0113ja kontrol\u0113t un manipul\u0113t ar \u0161o spiedienu \u013cauj hidrauliskajiem cilindriem darboties ar tik prec\u012bzu un uzticamu darb\u012bbu.<\/p>\n<h2>Hidrauliskie cilindri un sp\u0113ka agreg\u0101ti<\/h2>\n<p>Hidrauliskie cilindri un sp\u0113ka agreg\u0101ti ir neaizst\u0101jamas hidraulisko sist\u0113mu sast\u0101vda\u013cas. To siner\u0123ija ir iz\u0161\u0137iro\u0161a hidraulisko tehnolo\u0123iju pla\u0161ai pielieto\u0161anai r\u016bpniec\u012bbas sektor\u0101, nodro\u0161inot uzticamu jaudas un vad\u012bbas atbalstu da\u017e\u0101d\u0101m in\u017eeniertehnisk\u0101m un meh\u0101nisk\u0101m iek\u0101rt\u0101m.<\/p>\n<p>Hidrauliskais cilindrs darbojas k\u0101 izpildmeh\u0101nisms, kas ir atbild\u012bgs par hidraulisk\u0101s ener\u0123ijas p\u0101rveido\u0161anu meh\u0101nisk\u0101 kust\u012bb\u0101. Tas tiek pan\u0101kts, p\u0101rveidojot spiedienu sp\u0113k\u0101, \u013caujot cilindram pacelt, stumt vai vilkt objektus ar iev\u0113rojamu efektivit\u0101ti. Cilindra konstrukcija \u013cauj main\u012bt g\u0101jiena garumu un sp\u0113ka jaudu, padarot to piel\u0101gojamu daudziem pielietojumiem, s\u0101kot no celtniec\u012bbas ma\u0161\u012bn\u0101m l\u012bdz automa\u0161\u012bnu pac\u0113l\u0101jiem.<\/p>\n<p>No otras puses, sp\u0113ka agreg\u0101ts kalpo k\u0101 hidraulisk\u0101s sist\u0113mas sirds. Tas \u0123ener\u0113 ener\u0123iju, kas nepiecie\u0161ama hidraulisk\u0101 \u0161\u0137idruma virz\u012b\u0161anai sist\u0113m\u0101, un nodro\u0161ina darb\u012bbai nepiecie\u0161amos vad\u012bbas sign\u0101lus. Sp\u0113ka agreg\u0101ts, kas parasti sast\u0101v no motora, s\u016bk\u0146a, rezervu\u0101ra un vad\u012bbas v\u0101rstiem, ir b\u016btisks, lai hidrauliskaj\u0101 sist\u0113m\u0101 uztur\u0113tu nemain\u012bgu spiedienu un pl\u016bsmas \u0101trumu. Hidraulisk\u0101 cilindra un sp\u0113ka agreg\u0101ta koordin\u0101cija ir vit\u0101li svar\u012bga; tikai ar to harmonisku darb\u012bbu hidraulisk\u0101 sist\u0113ma var darboties efekt\u012bvi un uzticami.<\/p>\n<p><img loading=\"lazy\" decoding=\"async\" class=\"alignnone  wp-image-6662\" src=\"https:\/\/fmp-components.com\/wp-content\/uploads\/2025\/03\/telescopic-hydraulic-cylinder-4.webp\" alt=\"teleskopiskais hidrauliskais cilindrs\" width=\"907\" height=\"907\" title=\"\" srcset=\"https:\/\/fmp-components.com\/wp-content\/uploads\/2025\/03\/telescopic-hydraulic-cylinder-4.webp 907w, https:\/\/fmp-components.com\/wp-content\/uploads\/2025\/03\/telescopic-hydraulic-cylinder-4-480x480.webp 480w\" sizes=\"(min-width: 0px) and (max-width: 480px) 480px, (min-width: 481px) 907px, 100vw\" \/><\/p>\n<p>Uz\u0146\u0113mum\u0101 FMP m\u0113s atz\u012bstam \u0161o komponentu noz\u012bmi hidrauliskaj\u0101s lietojumprogramm\u0101s un ar lepnumu pied\u0101v\u0101jam ieg\u0101dei augstas kvalit\u0101tes sp\u0113ka agreg\u0101tus. Nodro\u0161inot gan hidrauliskos cilindrus, gan sp\u0113ka agreg\u0101tus, m\u0113s nodro\u0161in\u0101m, ka m\u016bsu klientiem ir pieejami visi nepiecie\u0161amie elementi efekt\u012bvu un lietder\u012bgu hidraulisko sist\u0113mu izveidei. \u0160\u012b visaptvero\u0161\u0101 pieeja \u013cauj mums atbalst\u012bt pla\u0161u nozaru kl\u0101stu, dodot iesp\u0113ju uz\u0146\u0113mumiem uzlabot savas darb\u012bbas iesp\u0113jas, izmantojot uzticamus hidrauliskos risin\u0101jumus.<\/p>\n<h2>Bie\u017ei uzdotie jaut\u0101jumi<\/h2>\n<dl>\n<dt>J: Vai j\u016bs esat tirdzniec\u012bbas uz\u0146\u0113mums vai ra\u017eot\u0101js?<\/dt>\n<dd>A: M\u0113s esam r\u016bpn\u012bca.<\/dd>\n<dt>J: Cik ilgs ir j\u016bsu pieg\u0101des laiks?<\/dt>\n<dd>A: Parasti tas ir 25\u201335 dienas.<\/dd>\n<dt>J: Vai j\u016bs sniedzat paraugus? Vai tie ir bez maksas vai papildus?<\/dt>\n<dd>A: J\u0101, m\u0113s var\u0113tu pied\u0101v\u0101t paraugu, bet tas nav bez maksas.<\/dd>\n<\/dl>\n<h3>Par FMP<\/h3>\n<p>FMP ir vado\u0161ais it\u0101\u013cu ra\u017eot\u0101js, kas specializ\u0113jas augst\u0101k\u0101s kvalit\u0101tes hidraulisko cilindru projekt\u0113\u0161an\u0101, izstr\u0101d\u0113 un ra\u017eo\u0161an\u0101. Ar gadu desmitiem ilgu pieredzi m\u0113s neman\u0101mi apvienojam it\u0101\u013cu meistar\u012bbu ar modern\u0101kaj\u0101m tehnolo\u0123ij\u0101m, nodro\u0161inot izcilus hidrauliskos risin\u0101jumus, kas piel\u0101goti m\u016bsu glob\u0101l\u0101 klientu loka da\u017e\u0101daj\u0101m vajadz\u012bb\u0101m. Atrodoties It\u0101lij\u0101 \u2014 in\u017eeniertehnisk\u0101s izcil\u012bbas epicentr\u0101 \u2014, FMP ir k\u013cuvis par uzticamu v\u0101rdu hidraulikas nozar\u0113, kas velt\u012bts uzticamu, iztur\u012bgu un inovat\u012bvu produktu nodro\u0161in\u0101\u0161anai, kas dod iesp\u0113jas uz\u0146\u0113mumiem vis\u0101 pasaul\u0113.<\/p>\n<p>M\u016bsu uz\u0146\u0113mums apvieno progres\u012bvas ra\u017eo\u0161anas trad\u012bcijas ar t\u0101lredz\u012bgu pieeju. Izmantojot pla\u0161o pieredzi hidraulisko sist\u0113mu jom\u0101, FMP ir k\u013cuvis par modernu uz\u0146\u0113mumu, kas izce\u013cas ar izciliem rezult\u0101tiem p\u0113tniec\u012bb\u0101, projekt\u0113\u0161an\u0101 un ra\u017eo\u0161an\u0101. M\u0113s pied\u0101v\u0101jam pla\u0161u hidraulisko cilindru kl\u0101stu, tostarp divk\u0101r\u0161as darb\u012bbas cilindrus, automobi\u013cu pacel\u0161anas cilindrus, lauksaimniec\u012bbas tehnikas cilindrus un piel\u0101gotus risin\u0101jumus da\u017e\u0101diem r\u016bpnieciskiem pielietojumiem. Neatkar\u012bgi no nozares \u2014 vai t\u0101 b\u016btu b\u016bvniec\u012bba, r\u016bpniecisk\u0101s iek\u0101rtas, lauksaimniec\u012bba vai smag\u0101 tehnika \u2014, m\u016bsu hidrauliskie cilindri ir izstr\u0101d\u0101ti t\u0101, lai darbotos vissare\u017e\u0123\u012bt\u0101kajos apst\u0101k\u013cos, nodro\u0161inot dro\u0161\u012bbu, efektivit\u0101ti un ilgm\u016b\u017e\u012bbu.<\/p>\n<p><img loading=\"lazy\" decoding=\"async\" class=\"alignnone size-full wp-image-6720\" src=\"https:\/\/fmp-components.com\/wp-content\/uploads\/2025\/03\/hydraulic-cylinder-8.webp\" alt=\"Teleskopiskie hidrauliskie cilindri\" width=\"933\" height=\"526\" title=\"\" srcset=\"https:\/\/fmp-components.com\/wp-content\/uploads\/2025\/03\/hydraulic-cylinder-8.webp 933w, https:\/\/fmp-components.com\/wp-content\/uploads\/2025\/03\/hydraulic-cylinder-8-480x271.webp 480w\" sizes=\"(min-width: 0px) and (max-width: 480px) 480px, (min-width: 481px) 933px, 100vw\" \/><\/p>\n<p>Uz\u0146\u0113mum\u0101 FMP m\u0113s lepojamies ar sav\u0101m modern\u0101kaj\u0101m ra\u017eo\u0161anas iek\u0101rt\u0101m, kas ir apr\u012bkotas ar prec\u012bzijas iek\u0101rt\u0101m un modern\u0101m test\u0113\u0161anas sist\u0113m\u0101m. M\u016bsu ra\u017eo\u0161anas procesi atbilst stingriem valsts un starptautiskajiem standartiem, nodro\u0161inot, ka katrs sara\u017eotais hidrauliskais cilindrs ir visaugst\u0101k\u0101s kvalit\u0101tes un uzticam\u012bbas. M\u016bsu prasm\u012bg\u0101 tehnisk\u0101 komanda apvienojum\u0101 ar modern\u0101ko apr\u012bkojumu \u013cauj mums uztur\u0113t stingru kvalit\u0101tes kontroli katr\u0101 ra\u017eo\u0161anas posm\u0101 \u2014 s\u0101kot no izejvielu izv\u0113les l\u012bdz gal\u012bgajai p\u0101rbaudei. \u0160\u012b ap\u0146em\u0161an\u0101s sasniegt izcil\u012bbu ir nodro\u0161in\u0101jusi mums sertifik\u0101tus un atzin\u012bbu no nozares iest\u0101d\u0113m, v\u0113l vair\u0101k nostiprinot m\u016bsu reput\u0101ciju k\u0101 uzticamam partnerim.<\/p>\n<p>M\u016bsu misija ir gan vienk\u0101r\u0161a, gan ambicioza: nodro\u0161in\u0101t m\u016bsu klientus ar hidrauliskajiem cilindriem, kas p\u0101rsniedz cer\u012bbas attiec\u012bb\u0101 uz veiktsp\u0113ju, iztur\u012bbu un v\u0113rt\u012bbu. M\u0113s darbojamies saska\u0146\u0101 ar profesionalit\u0101tes, godpr\u0101t\u012bbas un klientu apkalpo\u0161anas pamatprincipiem. Veicinot inov\u0101ciju un precizit\u0101tes kult\u016bru, m\u0113s nep\u0101rtraukti pilnveidojam savus produktus, lai saglab\u0101tu l\u012bderpoz\u012bcijas konkur\u0113tsp\u0113j\u012bg\u0101 tirg\u016b. M\u016bsu pla\u0161ais produktu kl\u0101sts un sp\u0113ja pied\u0101v\u0101t piel\u0101gotus risin\u0101jumus padara m\u016bs par v\u0113lamo izv\u0113li uz\u0146\u0113mumiem, kas mekl\u0113 augstas veiktsp\u0113jas hidrauliskos cilindrus.<\/p>\n<p>FMP ir vair\u0101k nek\u0101 tikai ra\u017eot\u0101js; m\u0113s esam partneris j\u016bsu pan\u0101kumos. M\u0113s saprotam, ka m\u016bsu klienti pa\u013caujas uz mums, lai nodro\u0161in\u0101tu instrumentus, kas uzlabo produktivit\u0101ti un dro\u0161\u012bbu. T\u0101p\u0113c m\u0113s esam ap\u0146\u0113mu\u0161ies ne tikai pieg\u0101d\u0101t augst\u0101k\u0101s klases produktus, bet ar\u012b pied\u0101v\u0101t izcilu servisu. S\u0101kot ar s\u0101kotn\u0113j\u0101m konsult\u0101cij\u0101m un beidzot ar p\u0113cp\u0101rdo\u0161anas atbalstu, m\u0113s cie\u0161i sadarbojamies ar saviem klientiem, lai nodro\u0161in\u0101tu, ka vi\u0146u vajadz\u012bbas tiek apmierin\u0101tas ar profesionalit\u0101ti un r\u016bp\u012bbu. M\u016bsu konkur\u0113tsp\u0113j\u012bg\u0101s cenas apvienojum\u0101 ar nelok\u0101mo ap\u0146em\u0161anos nodro\u0161in\u0101t kvalit\u0101ti padara FMP par gudru izv\u0113li uz\u0146\u0113mumiem, kas v\u0113las ieguld\u012bt uzticamos hidrauliskajos risin\u0101jumos.<\/p>","protected":false},"excerpt":{"rendered":"<p>Professional 5 Stage Multi Stage Telescopic Hydraulic Cylinder Introducing our top-tier Professional 5 Stage Multi Stage Telescopic Hydraulic Cylinder. This state-of-the-art hydraulic cylinder is designed for extensive use across various industries, including machinery repair shops, farms, energy and mining, and manufacturing. It&#8217;s a crucial component known for its exceptional functionality, durability, and efficiency. Product Specifications [&hellip;]<\/p>","protected":false},"featured_media":6697,"comment_status":"closed","ping_status":"closed","template":"","meta":{"_et_pb_use_builder":"","_et_pb_old_content":"","_et_gb_content_width":""},"product_brand":[],"product_cat":[103],"product_tag":[34,105],"class_list":{"0":"post-6546","1":"product","2":"type-product","3":"status-publish","4":"has-post-thumbnail","6":"product_cat-telescopic-hydraulic-cylinders","7":"product_tag-hydraulic-cylinder","8":"product_tag-telescopic-hydraulic-cylinders","10":"first","11":"instock","12":"product-type-simple"},"_links":{"self":[{"href":"https:\/\/fmp-components.com\/lv\/wp-json\/wp\/v2\/product\/6546","targetHints":{"allow":["GET"]}}],"collection":[{"href":"https:\/\/fmp-components.com\/lv\/wp-json\/wp\/v2\/product"}],"about":[{"href":"https:\/\/fmp-components.com\/lv\/wp-json\/wp\/v2\/types\/product"}],"replies":[{"embeddable":true,"href":"https:\/\/fmp-components.com\/lv\/wp-json\/wp\/v2\/comments?post=6546"}],"wp:featuredmedia":[{"embeddable":true,"href":"https:\/\/fmp-components.com\/lv\/wp-json\/wp\/v2\/media\/6697"}],"wp:attachment":[{"href":"https:\/\/fmp-components.com\/lv\/wp-json\/wp\/v2\/media?parent=6546"}],"wp:term":[{"taxonomy":"product_brand","embeddable":true,"href":"https:\/\/fmp-components.com\/lv\/wp-json\/wp\/v2\/product_brand?post=6546"},{"taxonomy":"product_cat","embeddable":true,"href":"https:\/\/fmp-components.com\/lv\/wp-json\/wp\/v2\/product_cat?post=6546"},{"taxonomy":"product_tag","embeddable":true,"href":"https:\/\/fmp-components.com\/lv\/wp-json\/wp\/v2\/product_tag?post=6546"}],"curies":[{"name":"wp","href":"https:\/\/api.w.org\/{rel}","templated":true}]}}