{"id":6545,"date":"2025-03-11T06:28:19","date_gmt":"2025-03-11T06:28:19","guid":{"rendered":"https:\/\/fmp-components.com\/product\/chinese-factory-dump-truck-hydraulic-cylinders-multistage-hydraulic-cylinder-for-sale"},"modified":"2025-03-18T02:11:48","modified_gmt":"2025-03-18T02:11:48","slug":"italian-factory-dump-truck-hydraulic-cylinders-multistage-hydraulic-cylinder-for-sale","status":"publish","type":"product","link":"https:\/\/fmp-components.com\/lv\/product\/italian-factory-dump-truck-hydraulic-cylinders-multistage-hydraulic-cylinder-for-sale\/","title":{"rendered":"It\u0101lijas r\u016bpn\u012bcas pa\u0161izg\u0101z\u0113ja hidrauliskie cilindri, daudzpak\u0101pju hidrauliskais cilindrs, p\u0101rdo\u0161anai"},"content":{"rendered":"<h2>It\u0101lijas r\u016bpn\u012bcas pa\u0161izg\u0101z\u0113ja hidrauliskie cilindri, daudzpak\u0101pju hidrauliskais cilindrs, p\u0101rdo\u0161anai<\/h2>\n<p>Pied\u0101v\u0101jam Jums m\u016bsu augst\u0101k\u0101s klases, It\u0101lijas r\u016bpn\u012bcas pa\u0161izg\u0101z\u0113ju hidraulisko cilindru daudzpak\u0101pju hidraulisko cilindru. Profesion\u0101li konstru\u0113ts un daudzpus\u012bgs, m\u016bsu hidrauliskais cilindrs ir paredz\u0113ts da\u017e\u0101du nozaru lielaj\u0101m pras\u012bb\u0101m.<\/p>\n<h3>Funkcijas un funkcijas<\/h3>\n<p>M\u016bsu daudzpak\u0101pju hidrauliskais cilindrs sp\u0113l\u0113 neaizst\u0101jamu lomu ma\u0161\u012bnb\u016bves remonta darbn\u012bc\u0101s, saimniec\u012bb\u0101s, ener\u0123\u0113tikas un kalnr\u016bpniec\u012bbas nozar\u0113s, ma\u0161\u012bnb\u016bves ra\u017eo\u0161an\u0101 un ma\u0161\u012bnb\u016bves r\u016bpn\u012bc\u0101s. Tas ir standarta virzu\u013ccilindrs, ko darbina hidraulisk\u0101 sist\u0113ma, nodro\u0161inot vienm\u0113r\u012bgu un efekt\u012bvu darb\u012bbu.<\/p>\n<p><img loading=\"lazy\" decoding=\"async\" class=\"alignnone wp-image-6658\" src=\"https:\/\/fmp-components.com\/wp-content\/uploads\/2025\/03\/telescopic-hydraulic-cylinder-6.webp\" alt=\"teleskopiskais hidrauliskais cilindrs\" width=\"929\" height=\"929\" title=\"\" srcset=\"https:\/\/fmp-components.com\/wp-content\/uploads\/2025\/03\/telescopic-hydraulic-cylinder-6.webp 929w, https:\/\/fmp-components.com\/wp-content\/uploads\/2025\/03\/telescopic-hydraulic-cylinder-6-480x480.webp 480w\" sizes=\"(min-width: 0px) and (max-width: 480px) 480px, (min-width: 481px) 929px, 100vw\" \/><\/p>\n<h3>Tehnisk\u0101s specifik\u0101cijas<\/h3>\n<p>M\u016bsu hidrauliskais cilindrs lepojas ar \u0161\u0101d\u0101m \u012bpa\u0161\u012bb\u0101m:<\/p>\n<table style=\"width: 101.731%; height: 112px;\" border=\"\">\n<tbody>\n<tr>\n<td colspan=\"\" rowspan=\"\"><i>Urbuma izm\u0113rs<\/i><\/td>\n<td colspan=\"\" rowspan=\"\">2\u20136 collas<\/td>\n<\/tr>\n<tr>\n<td colspan=\"\" rowspan=\"\"><i>Stie\u0146a izm\u0113rs<\/i><\/td>\n<td colspan=\"\" rowspan=\"\">1,125\u20134 collas<\/td>\n<\/tr>\n<tr>\n<td colspan=\"\" rowspan=\"\"><i>Trieciena izm\u0113rs<\/i><\/td>\n<td colspan=\"\" rowspan=\"\">4\u2013100 collas<\/td>\n<\/tr>\n<tr>\n<td colspan=\"\" rowspan=\"\"><i>Tapas izm\u0113rs<\/i><\/td>\n<td colspan=\"\" rowspan=\"\">0,5\u20132 collas<\/td>\n<\/tr>\n<tr>\n<td colspan=\"\" rowspan=\"\"><i>Ostas<\/i><\/td>\n<td colspan=\"\" rowspan=\"\">G\/SAE\/NPT\/M<\/td>\n<\/tr>\n<\/tbody>\n<\/table>\n<h2>Unik\u0101las priek\u0161roc\u012bbas<\/h2>\n<h3>Energoefekt\u012bvs<\/h3>\n<p>M\u016bsu hidrauliskie cilindri ir izstr\u0101d\u0101ti, \u0146emot v\u0113r\u0101 energoefektivit\u0101ti. Tie maksim\u0101li palielina hidraulisk\u0101 \u0161\u0137idruma izmanto\u0161anu, lai rad\u012btu iev\u0113rojamu sp\u0113ku, vienlaikus samazinot ener\u0123ijas pat\u0113ri\u0146u. Tas ne tikai samazina ekspluat\u0101cijas izmaksas, bet ar\u012b veicina vides ilgtsp\u0113j\u012bbu, samazinot ar r\u016bpnieciskaj\u0101m darb\u012bb\u0101m saist\u012bto oglek\u013ca p\u0113das nospiedumu. Optimiz\u0113jot ener\u0123ijas pat\u0113ri\u0146u, m\u016bsu cilindri nodro\u0161ina, ka uz\u0146\u0113mumi var sasniegt savus darb\u012bbas m\u0113r\u0137us bez nevajadz\u012bgiem atkritumiem.<\/p>\n<h3>\u013boti efekt\u012bvs<\/h3>\n<p>Papildus energoefektivit\u0101tei m\u016bsu hidrauliskie cilindri ir konstru\u0113ti augstai veiktsp\u0113jas efektivit\u0101tei. Tiem ir \u0101trs reakcijas laiks un prec\u012bza vad\u012bba, kas nodro\u0161ina vienm\u0113r\u012bgu un efekt\u012bvu darb\u012bbu pla\u0161\u0101 pielietojumu kl\u0101st\u0101. \u0160\u012b efektivit\u0101te noz\u012bm\u0113 paaugstin\u0101tu produktivit\u0101ti, jo uzdevumus var veikt \u0101tr\u0101k un ar liel\u0101ku prec\u012bz\u0101ku precizit\u0101ti. M\u016bsu hidrauliskie cilindri ir izstr\u0101d\u0101ti, lai tiktu gal\u0101 ar sare\u017e\u0123\u012btiem apst\u0101k\u013ciem, nodro\u0161inot to uzticamu darb\u012bbu pat vissare\u017e\u0123\u012bt\u0101kaj\u0101 vid\u0113.<\/p>\n<h3>Dro\u0161s un uzticams<\/h3>\n<p>Dro\u0161\u012bba un uzticam\u012bba r\u016bpnieciskos pielietojumos ir \u0101rk\u0101rt\u012bgi svar\u012bgas, un m\u016bsu hidrauliskie cilindri ir izstr\u0101d\u0101ti, lai atbilstu \u0161iem kritiskajiem standartiem. Tie ir izgatavoti, izmantojot augstas kvalit\u0101tes materi\u0101lus un progres\u012bvas in\u017eeniertehnisk\u0101s metodes, nodro\u0161inot iztur\u012bbu un ilgm\u016b\u017e\u012bbu. Turkl\u0101t katrs cilindrs tiek pak\u013cauts stingrai p\u0101rbaudei, lai garant\u0113tu, ka tas var iztur\u0113t augstu spiedienu un lielas slodzes bez boj\u0101jumiem. \u0160\u012b ap\u0146em\u0161an\u0101s nodro\u0161in\u0101t dro\u0161\u012bbu noz\u012bm\u0113, ka m\u016bsu klienti var dro\u0161i vad\u012bt savas iek\u0101rtas, zinot, ka m\u016bsu hidrauliskie risin\u0101jumi darbosies uzticami.<\/p>\n<p><img loading=\"lazy\" decoding=\"async\" class=\"alignnone wp-image-6657\" src=\"https:\/\/fmp-components.com\/wp-content\/uploads\/2025\/03\/telescopic-hydraulic-cylinder-3.webp\" alt=\"teleskopiskais hidrauliskais cilindrs\" width=\"904\" height=\"904\" title=\"\" srcset=\"https:\/\/fmp-components.com\/wp-content\/uploads\/2025\/03\/telescopic-hydraulic-cylinder-3.webp 904w, https:\/\/fmp-components.com\/wp-content\/uploads\/2025\/03\/telescopic-hydraulic-cylinder-3-480x480.webp 480w\" sizes=\"(min-width: 0px) and (max-width: 480px) 480px, (min-width: 481px) 904px, 100vw\" \/><\/p>\n<h2>Hidraulisk\u0101 sist\u0113ma un darb\u012bbas princips<\/h2>\n<p>M\u016bsu hidrauliskais cilindrs darbojas p\u0113c Pask\u0101la likuma principa, kas apgalvo, ka jebkuras spiediena izmai\u0146as noteikt\u0101 punkt\u0101 ierobe\u017eot\u0101 nesaspie\u017eam\u0101 \u0161\u0137idrum\u0101 tiek vienm\u0113r\u012bgi p\u0101rnestas vis\u0101 \u0161\u0137idrum\u0101. \u0160is pamatprincips \u013cauj hidrauliskajam cilindram efekt\u012bvi rad\u012bt line\u0101ru kust\u012bbu un sp\u0113ku. Kad hidrauliskais \u0161\u0137idrums tiek pak\u013cauts spiedienam, tas rada sp\u0113ku, kas p\u0101rvieto virzuli cilindr\u0101, p\u0101rv\u0113r\u0161ot hidraulisko ener\u0123iju meh\u0101nisk\u0101 kust\u012bb\u0101. \u0160\u012b efekt\u012bv\u0101 p\u0101rveido\u0161ana \u013cauj veikt sp\u0113c\u012bgas cel\u0161anas un stum\u0161anas darb\u012bbas, padarot hidraulisk\u0101s sist\u0113mas pla\u0161i pielietojamas da\u017e\u0101d\u0101s nozar\u0113s.<\/p>\n<h2>Hidrauliskie cilindri un sp\u0113ka agreg\u0101ti<\/h2>\n<p>Hidrauliskie cilindri un sp\u0113ka agreg\u0101ti ir neat\u0146emamas jebkuras hidraulisk\u0101s sist\u0113mas sast\u0101vda\u013cas. To siner\u0123ija ir b\u016btiska pla\u0161ai hidraulisk\u0101s tehnolo\u0123ijas pielieto\u0161anai vis\u0101 r\u016bpniec\u012bbas nozar\u0113, nodro\u0161inot uzticamu jaudas un vad\u012bbas atbalstu da\u017e\u0101d\u0101m in\u017eeniertehnisk\u0101m un meh\u0101nisk\u0101m iek\u0101rt\u0101m.<\/p>\n<p>Hidrauliskais cilindrs darbojas k\u0101 izpildmeh\u0101nisms, kas atbild par hidraulisk\u0101s ener\u0123ijas p\u0101rveido\u0161anu meh\u0101nisk\u0101 kust\u012bb\u0101. Tas ir paredz\u0113ts da\u017e\u0101du uzdevumu veik\u0161anai, s\u0101kot no smagu kravu cel\u0161anas l\u012bdz prec\u012bz\u0101m kust\u012bb\u0101m ma\u0161\u012bn\u0101s. No otras puses, sp\u0113ka agreg\u0101ts kalpo k\u0101 hidraulisk\u0101s sist\u0113mas sirds, radot nepiecie\u0161amo ener\u0123iju hidraulisk\u0101 \u0161\u0137idruma darbin\u0101\u0161anai un nodro\u0161inot sist\u0113mas efekt\u012bvu darb\u012bbu.<\/p>\n<p>Uz\u0146\u0113mum\u0101 FMP m\u0113s apzin\u0101mies \u0161o komponentu noz\u012bmi un ar lepnumu pied\u0101v\u0101jam p\u0101rdo\u0161anai augstas kvalit\u0101tes sp\u0113ka agreg\u0101tus. Nodro\u0161inot gan hidrauliskos cilindrus, gan sp\u0113ka agreg\u0101tus, m\u0113s \u013caujam saviem klientiem izveidot piln\u012bb\u0101 integr\u0113tas hidraulisk\u0101s sist\u0113mas, kas uzlabo darb\u012bbas iesp\u0113jas. \u0160\u012b visaptvero\u0161\u0101 pieeja \u013cauj uz\u0146\u0113mumiem izmantot hidraulisk\u0101s tehnolo\u0123ijas priek\u0161roc\u012bbas, nodro\u0161inot efektivit\u0101ti, dro\u0161\u012bbu un veiktsp\u0113ju sav\u0101 darb\u012bb\u0101.<\/p>\n<p><img loading=\"lazy\" decoding=\"async\" class=\"alignnone wp-image-6656\" src=\"https:\/\/fmp-components.com\/wp-content\/uploads\/2025\/03\/telescopic-hydraulic-cylinder-5.webp\" alt=\"teleskopiskais hidrauliskais cilindrs\" width=\"895\" height=\"895\" title=\"\" srcset=\"https:\/\/fmp-components.com\/wp-content\/uploads\/2025\/03\/telescopic-hydraulic-cylinder-5.webp 895w, https:\/\/fmp-components.com\/wp-content\/uploads\/2025\/03\/telescopic-hydraulic-cylinder-5-480x480.webp 480w\" sizes=\"(min-width: 0px) and (max-width: 480px) 480px, (min-width: 481px) 895px, 100vw\" \/><\/p>\n<h2>Bie\u017ei uzdotie jaut\u0101jumi<\/h2>\n<p>J: Vai j\u016bs esat tirdzniec\u012bbas uz\u0146\u0113mums vai ra\u017eot\u0101js?<br \/>\nA: M\u0113s esam ra\u017eot\u0101js.<br \/>\n<img alt=\"\" \/><br \/>\nJ: K\u0101ds ir j\u016bsu pieg\u0101des laiks?<br \/>\nA: Parasti tas ir 25\u201335 dienas.<br \/>\nJ: Vai j\u016bs sniedzat paraugus? Vai tas ir bez maksas vai papildus?<br \/>\nA: J\u0101, m\u0113s pied\u0101v\u0101jam paraugus, bet tie nav bez maksas.<\/p>\n<h3>Par FMP<\/h3>\n<p>FMP ir vado\u0161ais it\u0101\u013cu ra\u017eot\u0101js, kas specializ\u0113jas augst\u0101k\u0101s kvalit\u0101tes hidraulisko cilindru projekt\u0113\u0161an\u0101, izstr\u0101d\u0113 un ra\u017eo\u0161an\u0101. Ar gadu desmitiem ilgu pieredzi m\u0113s neman\u0101mi apvienojam it\u0101\u013cu meistar\u012bbu ar modern\u0101kaj\u0101m tehnolo\u0123ij\u0101m, nodro\u0161inot izcilus hidrauliskos risin\u0101jumus, kas piel\u0101goti m\u016bsu glob\u0101l\u0101 klientu loka da\u017e\u0101daj\u0101m vajadz\u012bb\u0101m. Atrodoties It\u0101lij\u0101 \u2014 in\u017eeniertehnisk\u0101s izcil\u012bbas epicentr\u0101 \u2014, FMP ir k\u013cuvis par uzticamu v\u0101rdu hidraulikas nozar\u0113, kas velt\u012bts uzticamu, iztur\u012bgu un inovat\u012bvu produktu nodro\u0161in\u0101\u0161anai, kas dod iesp\u0113jas uz\u0146\u0113mumiem vis\u0101 pasaul\u0113.<\/p>\n<p>M\u016bsu uz\u0146\u0113mums apvieno progres\u012bvas ra\u017eo\u0161anas trad\u012bcijas ar t\u0101lredz\u012bgu pieeju. Izmantojot pla\u0161o pieredzi hidraulisko sist\u0113mu jom\u0101, FMP ir k\u013cuvis par modernu uz\u0146\u0113mumu, kas izce\u013cas ar izciliem rezult\u0101tiem p\u0113tniec\u012bb\u0101, projekt\u0113\u0161an\u0101 un ra\u017eo\u0161an\u0101. M\u0113s pied\u0101v\u0101jam pla\u0161u hidraulisko cilindru kl\u0101stu, tostarp divk\u0101r\u0161as darb\u012bbas cilindrus, automobi\u013cu pacel\u0161anas cilindrus, lauksaimniec\u012bbas tehnikas cilindrus un piel\u0101gotus risin\u0101jumus da\u017e\u0101diem r\u016bpnieciskiem pielietojumiem. Neatkar\u012bgi no nozares \u2014 vai t\u0101 b\u016btu b\u016bvniec\u012bba, r\u016bpniecisk\u0101s iek\u0101rtas, lauksaimniec\u012bba vai smag\u0101 tehnika \u2014, m\u016bsu hidrauliskie cilindri ir izstr\u0101d\u0101ti t\u0101, lai darbotos vissare\u017e\u0123\u012bt\u0101kajos apst\u0101k\u013cos, nodro\u0161inot dro\u0161\u012bbu, efektivit\u0101ti un ilgm\u016b\u017e\u012bbu.<\/p>\n<p><img loading=\"lazy\" decoding=\"async\" class=\"alignnone size-full wp-image-6720\" src=\"https:\/\/fmp-components.com\/wp-content\/uploads\/2025\/03\/hydraulic-cylinder-8.webp\" alt=\"Teleskopiskie hidrauliskie cilindri\" width=\"933\" height=\"526\" title=\"\" srcset=\"https:\/\/fmp-components.com\/wp-content\/uploads\/2025\/03\/hydraulic-cylinder-8.webp 933w, https:\/\/fmp-components.com\/wp-content\/uploads\/2025\/03\/hydraulic-cylinder-8-480x271.webp 480w\" sizes=\"(min-width: 0px) and (max-width: 480px) 480px, (min-width: 481px) 933px, 100vw\" \/><\/p>\n<p>Uz\u0146\u0113mum\u0101 FMP m\u0113s lepojamies ar sav\u0101m modern\u0101kaj\u0101m ra\u017eo\u0161anas iek\u0101rt\u0101m, kas ir apr\u012bkotas ar prec\u012bzijas iek\u0101rt\u0101m un modern\u0101m test\u0113\u0161anas sist\u0113m\u0101m. M\u016bsu ra\u017eo\u0161anas procesi atbilst stingriem valsts un starptautiskajiem standartiem, nodro\u0161inot, ka katrs sara\u017eotais hidrauliskais cilindrs ir visaugst\u0101k\u0101s kvalit\u0101tes un uzticam\u012bbas. M\u016bsu prasm\u012bg\u0101 tehnisk\u0101 komanda apvienojum\u0101 ar modern\u0101ko apr\u012bkojumu \u013cauj mums uztur\u0113t stingru kvalit\u0101tes kontroli katr\u0101 ra\u017eo\u0161anas posm\u0101 \u2014 s\u0101kot no izejvielu izv\u0113les l\u012bdz gal\u012bgajai p\u0101rbaudei. \u0160\u012b ap\u0146em\u0161an\u0101s sasniegt izcil\u012bbu ir nodro\u0161in\u0101jusi mums sertifik\u0101tus un atzin\u012bbu no nozares iest\u0101d\u0113m, v\u0113l vair\u0101k nostiprinot m\u016bsu reput\u0101ciju k\u0101 uzticamam partnerim.<\/p>\n<p>M\u016bsu misija ir gan vienk\u0101r\u0161a, gan ambicioza: nodro\u0161in\u0101t m\u016bsu klientus ar hidrauliskajiem cilindriem, kas p\u0101rsniedz cer\u012bbas attiec\u012bb\u0101 uz veiktsp\u0113ju, iztur\u012bbu un v\u0113rt\u012bbu. M\u0113s darbojamies saska\u0146\u0101 ar profesionalit\u0101tes, godpr\u0101t\u012bbas un klientu apkalpo\u0161anas pamatprincipiem. Veicinot inov\u0101ciju un precizit\u0101tes kult\u016bru, m\u0113s nep\u0101rtraukti pilnveidojam savus produktus, lai saglab\u0101tu l\u012bderpoz\u012bcijas konkur\u0113tsp\u0113j\u012bg\u0101 tirg\u016b. M\u016bsu pla\u0161ais produktu kl\u0101sts un sp\u0113ja pied\u0101v\u0101t piel\u0101gotus risin\u0101jumus padara m\u016bs par v\u0113lamo izv\u0113li uz\u0146\u0113mumiem, kas mekl\u0113 augstas veiktsp\u0113jas hidrauliskos cilindrus.<\/p>\n<p>FMP ir vair\u0101k nek\u0101 tikai ra\u017eot\u0101js; m\u0113s esam partneris j\u016bsu pan\u0101kumos. M\u0113s saprotam, ka m\u016bsu klienti pa\u013caujas uz mums, lai nodro\u0161in\u0101tu instrumentus, kas uzlabo produktivit\u0101ti un dro\u0161\u012bbu. T\u0101p\u0113c m\u0113s esam ap\u0146\u0113mu\u0161ies ne tikai pieg\u0101d\u0101t augst\u0101k\u0101s klases produktus, bet ar\u012b pied\u0101v\u0101t izcilu servisu. S\u0101kot ar s\u0101kotn\u0113j\u0101m konsult\u0101cij\u0101m un beidzot ar p\u0113cp\u0101rdo\u0161anas atbalstu, m\u0113s cie\u0161i sadarbojamies ar saviem klientiem, lai nodro\u0161in\u0101tu, ka vi\u0146u vajadz\u012bbas tiek apmierin\u0101tas ar profesionalit\u0101ti un r\u016bp\u012bbu. M\u016bsu konkur\u0113tsp\u0113j\u012bg\u0101s cenas apvienojum\u0101 ar nelok\u0101mo ap\u0146em\u0161anos nodro\u0161in\u0101t kvalit\u0101ti padara FMP par gudru izv\u0113li uz\u0146\u0113mumiem, kas v\u0113las ieguld\u012bt uzticamos hidrauliskajos risin\u0101jumos.<\/p>","protected":false},"excerpt":{"rendered":"<p>Italian Factory Dump Truck Hydraulic Cylinders Multistage Hydraulic Cylinder For Sale We present to you our top-of-the-line, Italian Factory Dump Truck Hydraulic Cylinders Multistage Hydraulic Cylinder. Expertly engineered and versatile, our hydraulic cylinder is designed to meet the heavy-duty demands of various industries. Features and Functions Our multistage hydraulic cylinder plays an indispensable role in [&hellip;]<\/p>","protected":false},"featured_media":6699,"comment_status":"closed","ping_status":"closed","template":"","meta":{"_et_pb_use_builder":"","_et_pb_old_content":"","_et_gb_content_width":""},"product_brand":[],"product_cat":[103],"product_tag":[34,105],"class_list":{"0":"post-6545","1":"product","2":"type-product","3":"status-publish","4":"has-post-thumbnail","6":"product_cat-telescopic-hydraulic-cylinders","7":"product_tag-hydraulic-cylinder","8":"product_tag-telescopic-hydraulic-cylinders","10":"first","11":"instock","12":"product-type-simple"},"_links":{"self":[{"href":"https:\/\/fmp-components.com\/lv\/wp-json\/wp\/v2\/product\/6545","targetHints":{"allow":["GET"]}}],"collection":[{"href":"https:\/\/fmp-components.com\/lv\/wp-json\/wp\/v2\/product"}],"about":[{"href":"https:\/\/fmp-components.com\/lv\/wp-json\/wp\/v2\/types\/product"}],"replies":[{"embeddable":true,"href":"https:\/\/fmp-components.com\/lv\/wp-json\/wp\/v2\/comments?post=6545"}],"wp:featuredmedia":[{"embeddable":true,"href":"https:\/\/fmp-components.com\/lv\/wp-json\/wp\/v2\/media\/6699"}],"wp:attachment":[{"href":"https:\/\/fmp-components.com\/lv\/wp-json\/wp\/v2\/media?parent=6545"}],"wp:term":[{"taxonomy":"product_brand","embeddable":true,"href":"https:\/\/fmp-components.com\/lv\/wp-json\/wp\/v2\/product_brand?post=6545"},{"taxonomy":"product_cat","embeddable":true,"href":"https:\/\/fmp-components.com\/lv\/wp-json\/wp\/v2\/product_cat?post=6545"},{"taxonomy":"product_tag","embeddable":true,"href":"https:\/\/fmp-components.com\/lv\/wp-json\/wp\/v2\/product_tag?post=6545"}],"curies":[{"name":"wp","href":"https:\/\/api.w.org\/{rel}","templated":true}]}}