{"id":6543,"date":"2025-03-11T06:28:19","date_gmt":"2025-03-11T06:28:19","guid":{"rendered":"https:\/\/fmp-components.com\/product\/effective-3-stage-20-ton-telescopic-hydraulic-cylinder"},"modified":"2025-03-12T06:53:32","modified_gmt":"2025-03-12T06:53:32","slug":"effective-3-stage-20-ton-telescopic-hydraulic-cylinder","status":"publish","type":"product","link":"https:\/\/fmp-components.com\/lv\/product\/effective-3-stage-20-ton-telescopic-hydraulic-cylinder\/","title":{"rendered":"Efekt\u012bvs 3 pak\u0101pju 20 tonnu teleskopiskais hidrauliskais cilindrs"},"content":{"rendered":"<h2>Efekt\u012bvs 3 pak\u0101pju 20 tonnu teleskopiskais hidrauliskais cilindrs<\/h2>\n<p>Efekt\u012bvais 3 pak\u0101pju 20 tonnu teleskopiskais hidrauliskais cilindrs ir augstas kvalit\u0101tes, daudzpus\u012bgs un efekt\u012bvs instruments, ko var izmantot pla\u0161\u0101 pielietojumu kl\u0101st\u0101. \u0160is hidrauliskais cilindrs ir ide\u0101li piem\u0113rots izmanto\u0161anai tehnikas remonta darbn\u012bc\u0101s, saimniec\u012bb\u0101s, ener\u0123\u0113tikas un ieguves r\u016bpniec\u012bb\u0101, tehnikas ra\u017eo\u0161an\u0101 un ma\u0161\u012bnb\u016bves r\u016bpn\u012bc\u0101s.<\/p>\n<h3>Funkcijas un iesp\u0113jas<\/h3>\n<p>Daudzpak\u0101pju hidrauliskais cilindrs darbojas ar hidraulisko ener\u0123iju un ir izgatavots no augstas kvalit\u0101tes t\u0113rauda, \u200b\u200blai nodro\u0161in\u0101tu iztur\u012bbu un stipr\u012bbu. Tam ir standarta virzu\u013ca strukt\u016bra, un t\u0101 galven\u0101s sast\u0101vda\u013cas ir gult\u0146i un pats hidrauliskais cilindrs. \u0160\u012b cilindra maksim\u0101l\u0101 vilce ir 3000, savuk\u0101rt maksim\u0101l\u0101 vilkme ir veseli 20 tonnas. Tam ir viena gada garantija, un tas ir sertific\u0113ts saska\u0146\u0101 ar ISO9001:2000.<\/p>\n<p><img loading=\"lazy\" decoding=\"async\" class=\"alignnone  wp-image-6659\" src=\"https:\/\/fmp-components.com\/wp-content\/uploads\/2025\/03\/telescopic-hydraulic-cylinder-12.webp\" alt=\"teleskopiskais hidrauliskais cilindrs\" width=\"848\" height=\"848\" title=\"\" srcset=\"https:\/\/fmp-components.com\/wp-content\/uploads\/2025\/03\/telescopic-hydraulic-cylinder-12.webp 848w, https:\/\/fmp-components.com\/wp-content\/uploads\/2025\/03\/telescopic-hydraulic-cylinder-12-480x480.webp 480w\" sizes=\"(min-width: 0px) and (max-width: 480px) 480px, (min-width: 481px) 848px, 100vw\" \/><\/p>\n<h3>Tehniskie parametri<\/h3>\n<p>Efekt\u012bvajam 3 pak\u0101pju 20 tonnu teleskopiskajam hidrauliskajam cilindram ir urbuma diametrs no 2 l\u012bdz 6 coll\u0101m, stie\u0146a izm\u0113rs no 1,125 l\u012bdz 4 coll\u0101m, g\u0101jiena garums no 4 l\u012bdz 100 coll\u0101m un tapas izm\u0113rs no 0,5 l\u012bdz 2 coll\u0101m. Tas ir pieejams elegant\u0101 meln\u0101 kr\u0101s\u0101. Cilindrs tiek pieg\u0101d\u0101ts dzelzs kast\u0113, sapl\u0101k\u0161\u0146a kast\u0113 vai kartona kast\u0113 atkar\u012bb\u0101 no j\u016bsu v\u0113lm\u0113m.<\/p>\n<h3>Tehnisko parametru tabula<\/h3>\n<table style=\"width: 97.7143%; height: 115px;\" border=\"\">\n<tbody>\n<tr style=\"height: 23px;\">\n<td style=\"height: 23px;\">Urbuma izm\u0113rs<\/td>\n<td style=\"height: 23px;\">2\u20136 collas<\/td>\n<\/tr>\n<tr style=\"height: 23px;\">\n<td style=\"height: 23px;\">Stie\u0146a izm\u0113rs<\/td>\n<td style=\"height: 23px;\">1,125\u20134 collas<\/td>\n<\/tr>\n<tr style=\"height: 23px;\">\n<td style=\"height: 23px;\">Trieciena izm\u0113rs<\/td>\n<td style=\"height: 23px;\">4\u2013100 collas<\/td>\n<\/tr>\n<tr style=\"height: 23px;\">\n<td style=\"height: 23px;\">Tapas izm\u0113rs<\/td>\n<td style=\"height: 23px;\">0,5\u20132 collas<\/td>\n<\/tr>\n<tr style=\"height: 23px;\">\n<td style=\"height: 23px;\">Ostas<\/td>\n<td style=\"height: 23px;\">G\/SAE\/NPT\/M<\/td>\n<\/tr>\n<\/tbody>\n<\/table>\n<h2>Unik\u0101las \u012bpa\u0161\u012bbas un priek\u0161roc\u012bbas<\/h2>\n<ul>\n<li>Energoefekt\u012bvs<\/li>\n<li>\u013boti efekt\u012bvs<\/li>\n<li>Dro\u0161\u012bba garant\u0113ta<\/li>\n<\/ul>\n<h2>Hidraulisk\u0101 sist\u0113ma un darb\u012bbas princips<\/h2>\n<p>Efekt\u012bv\u0101 3 pak\u0101pju 20 tonnu teleskopisk\u0101 hidraulisk\u0101 cilindra hidraulisk\u0101 sist\u0113ma darbojas, p\u0101rveidojot hidraulisko ener\u0123iju meh\u0101nisk\u0101 kust\u012bb\u0101 un spiedienu sp\u0113k\u0101. Cilindrs un sp\u0113ka agreg\u0101ts darbojas kop\u0101, lai nodro\u0161in\u0101tu hidraulisk\u0101s sist\u0113mas vienm\u0113r\u012bgu darb\u012bbu.<\/p>\n<h2>Lietojumprogrammu scen\u0101riji<\/h2>\n<p>\u0160o hidraulisko cilindru pla\u0161i izmanto ma\u0161\u012bnb\u016bves remonta darbn\u012bc\u0101s, saimniec\u012bb\u0101s, ener\u0123\u0113tikas un ieguves r\u016bpniec\u012bb\u0101, ma\u0161\u012bnb\u016bves ra\u017eo\u0161an\u0101 un ma\u0161\u012bnb\u016bves r\u016bpn\u012bc\u0101s.<\/p>\n<h2>Hidrauliskie cilindri un sp\u0113ka agreg\u0101ti<\/h2>\n<p>Hidrauliskais cilindrs un sp\u0113ka agreg\u0101ts ir neaizst\u0101jamas hidraulisk\u0101s sist\u0113mas sast\u0101vda\u013cas. To siner\u0123ija nodro\u0161ina pla\u0161u hidraulisk\u0101s tehnolo\u0123ijas pielietojumu r\u016bpniec\u012bb\u0101, nodro\u0161inot uzticamu jaudas un vad\u012bbas atbalstu da\u017e\u0101d\u0101m in\u017eeniertehnisk\u0101m un meh\u0101nisk\u0101m iek\u0101rt\u0101m. Hidrauliskais cilindrs k\u0101 izpildmeh\u0101nisms ir atbild\u012bgs par hidraulisk\u0101s ener\u0123ijas p\u0101rveido\u0161anu meh\u0101nisk\u0101 kust\u012bb\u0101 un spiediena p\u0101rveido\u0161anu sp\u0113k\u0101. Sp\u0113ka agreg\u0101ts ir kodols, kas nodro\u0161ina hidrauliskajai sist\u0113mai nepiecie\u0161amo ener\u0123iju un vad\u012bbas sign\u0101lu. Koordin\u0101cija starp abiem nodro\u0161ina norm\u0101lu hidraulisk\u0101s sist\u0113mas darb\u012bbu. M\u0113s pied\u0101v\u0101jam ar\u012b sp\u0113ka agreg\u0101tus p\u0101rdo\u0161anai.<\/p>\n<p><img loading=\"lazy\" decoding=\"async\" class=\"alignnone size-full wp-image-6660\" src=\"https:\/\/fmp-components.com\/wp-content\/uploads\/2025\/03\/hydraulic-cylinder-workshop-4.webp\" alt=\"teleskopiskais hidrauliskais cilindrs\" width=\"914\" height=\"733\" title=\"\" srcset=\"https:\/\/fmp-components.com\/wp-content\/uploads\/2025\/03\/hydraulic-cylinder-workshop-4.webp 914w, https:\/\/fmp-components.com\/wp-content\/uploads\/2025\/03\/hydraulic-cylinder-workshop-4-480x385.webp 480w\" sizes=\"(min-width: 0px) and (max-width: 480px) 480px, (min-width: 481px) 914px, 100vw\" \/><\/p>\n<h2>Bie\u017ei uzdotie jaut\u0101jumi<\/h2>\n<ol>\n<li><strong>Vai esat tirdzniec\u012bbas uz\u0146\u0113mums vai ra\u017eot\u0101js?<\/strong><br \/>\nM\u0113s esam r\u016bpn\u012bca.<\/li>\n<li><strong>Cik ilgs ir j\u016bsu pieg\u0101des laiks?<\/strong><br \/>\nParasti tas ir 25\u201335 dienas.<\/li>\n<li><strong>Vai j\u016bs sniedzat paraugus? Vai tas ir bez maksas vai papildus?<\/strong><br \/>\nJ\u0101, m\u0113s var\u0113tu pied\u0101v\u0101t paraugu, bet tas nav bez maksas.<\/li>\n<\/ol>\n<h3>Par FMP<\/h3>\n<p>FMP ir vado\u0161ais it\u0101\u013cu ra\u017eot\u0101js, kas specializ\u0113jas augstas kvalit\u0101tes hidraulisko cilindru projekt\u0113\u0161an\u0101, izstr\u0101d\u0113 un ra\u017eo\u0161an\u0101. Ar gadu desmitiem ilgu pieredzi m\u0113s apvienojam tradicion\u0101lo it\u0101\u013cu meistar\u012bbu ar jaun\u0101kaj\u0101m tehnolo\u0123ij\u0101m, lai nodro\u0161in\u0101tu izcilus hidrauliskos risin\u0101jumus, kas apmierina m\u016bsu klientu da\u017e\u0101d\u0101s vajadz\u012bbas vis\u0101 pasaul\u0113. FMP, kas atrodas It\u0101lij\u0101, in\u017eenierijas izcil\u012bbas centr\u0101, ir k\u013cuvis par uzticamu v\u0101rdu hidraulikas nozar\u0113, veltot sevi uzticamu, iztur\u012bgu un inovat\u012bvu produktu pieg\u0101dei, kas dod iesp\u0113jas uz\u0146\u0113mumiem vis\u0101 pasaul\u0113.<\/p>\n<p>M\u016bsu uz\u0146\u0113mums apvieno progres\u012bvas ra\u017eo\u0161anas trad\u012bcijas ar t\u0101lredz\u012bgu pieeju. Izmantojot daudzu gadu pieredzi hidraulisko sist\u0113mu jom\u0101, FMP ir k\u013cuvis par modernu uz\u0146\u0113mumu, kas izce\u013cas ar izcil\u012bbu p\u0113tniec\u012bb\u0101, projekt\u0113\u0161an\u0101 un ra\u017eo\u0161an\u0101. M\u0113s pied\u0101v\u0101jam pla\u0161u hidraulisko cilindru kl\u0101stu, tostarp divk\u0101r\u0161as darb\u012bbas cilindrus, automobi\u013cu pacel\u0161anas cilindrus, lauksaimniec\u012bbas tehnikas cilindrus un piel\u0101gotus risin\u0101jumus da\u017e\u0101diem r\u016bpnieciskiem pielietojumiem. Neatkar\u012bgi no t\u0101, vai tie ir paredz\u0113ti b\u016bvniec\u012bbai, r\u016bpniecisk\u0101m instal\u0101cij\u0101m, lauksaimniec\u012bbai vai smagajai tehnikai, m\u016bsu hidrauliskie cilindri ir izstr\u0101d\u0101ti t\u0101, lai tie darbotos vissare\u017e\u0123\u012bt\u0101kajos apst\u0101k\u013cos, nodro\u0161inot dro\u0161\u012bbu, efektivit\u0101ti un ilgm\u016b\u017e\u012bbu.<\/p>\n<p><img loading=\"lazy\" decoding=\"async\" class=\"alignnone size-full wp-image-6720\" src=\"https:\/\/fmp-components.com\/wp-content\/uploads\/2025\/03\/hydraulic-cylinder-8.webp\" alt=\"Teleskopiskie hidrauliskie cilindri\" width=\"933\" height=\"526\" title=\"\" srcset=\"https:\/\/fmp-components.com\/wp-content\/uploads\/2025\/03\/hydraulic-cylinder-8.webp 933w, https:\/\/fmp-components.com\/wp-content\/uploads\/2025\/03\/hydraulic-cylinder-8-480x271.webp 480w\" sizes=\"(min-width: 0px) and (max-width: 480px) 480px, (min-width: 481px) 933px, 100vw\" \/><\/p>\n<p>Uz\u0146\u0113mum\u0101 FMP m\u0113s lepojamies ar sav\u0101m modern\u0101kaj\u0101m ra\u017eo\u0161anas iek\u0101rt\u0101m, kas apr\u012bkotas ar prec\u012bzijas iek\u0101rt\u0101m un modern\u0101m test\u0113\u0161anas sist\u0113m\u0101m. M\u016bsu ra\u017eo\u0161anas procesi atbilst stingriem valsts un starptautiskajiem standartiem, garant\u0113jot, ka katrs sara\u017eotais hidrauliskais cilindrs atbilst augst\u0101kajiem kvalit\u0101tes un uzticam\u012bbas krit\u0113rijiem. M\u016bsu prasm\u012bg\u0101 tehnisk\u0101 komanda apvienojum\u0101 ar modern\u0101ko apr\u012bkojumu \u013cauj mums uztur\u0113t stingru kvalit\u0101tes kontroli katr\u0101 ra\u017eo\u0161anas posm\u0101 \u2014 s\u0101kot no izejvielu izv\u0113les l\u012bdz gal\u012bgajai p\u0101rbaudei. \u0160\u012b ap\u0146em\u0161an\u0101s sasniegt izcil\u012bbu ir nodro\u0161in\u0101jusi mums sertifik\u0101tus un atzin\u012bbu no nozares iest\u0101d\u0113m, nostiprinot m\u016bsu reput\u0101ciju k\u0101 uzticamam partnerim.<\/p>\n<p>M\u016bsu misija ir gan vienk\u0101r\u0161a, gan ambicioza: nodro\u0161in\u0101t m\u016bsu klientus ar hidrauliskajiem cilindriem, kas p\u0101rsniedz cer\u012bbas attiec\u012bb\u0101 uz veiktsp\u0113ju, iztur\u012bbu un v\u0113rt\u012bbu. M\u0113s darbojamies saska\u0146\u0101 ar profesionalit\u0101tes, godpr\u0101t\u012bbas un klientu apkalpo\u0161anas principiem. Veicinot inov\u0101ciju un precizit\u0101tes kult\u016bru, m\u0113s past\u0101v\u012bgi pilnveidojam savus produktus, lai saglab\u0101tu l\u012bderpoz\u012bcijas konkur\u0113tsp\u0113j\u012bg\u0101 tirg\u016b. M\u016bsu pla\u0161ais produktu kl\u0101sts un sp\u0113ja pied\u0101v\u0101t piel\u0101gotus risin\u0101jumus padara m\u016bs par v\u0113lamo izv\u0113li uz\u0146\u0113mumiem, kas mekl\u0113 augstas veiktsp\u0113jas hidrauliskos cilindrus.<\/p>\n<p>FMP ir vair\u0101k nek\u0101 tikai ra\u017eot\u0101js; m\u0113s esam partneris j\u016bsu pan\u0101kumos. M\u0113s saprotam, ka m\u016bsu klienti pa\u013caujas uz mums, lai pieg\u0101d\u0101tu instrumentus, kas uzlabo vi\u0146u produktivit\u0101ti un dro\u0161\u012bbu. T\u0101p\u0113c m\u0113s esam ap\u0146\u0113mu\u0161ies nodro\u0161in\u0101t ne tikai augst\u0101k\u0101s klases produktus, bet ar\u012b izcilu servisu. S\u0101kot ar s\u0101kotn\u0113jo konsult\u0101ciju un beidzot ar p\u0113cp\u0101rdo\u0161anas atbalstu, m\u0113s cie\u0161i sadarbojamies ar saviem klientiem, lai nodro\u0161in\u0101tu, ka vi\u0146u vajadz\u012bbas tiek apmierin\u0101tas ar profesionalit\u0101ti un r\u016bp\u012bbu. M\u016bsu konkur\u0113tsp\u0113j\u012bg\u0101s cenas apvienojum\u0101 ar nelok\u0101mo ap\u0146em\u0161anos nodro\u0161in\u0101t kvalit\u0101ti padara FMP par gudru izv\u0113li uz\u0146\u0113mumiem, kas v\u0113las ieguld\u012bt uzticamos hidrauliskajos risin\u0101jumos.<\/p>","protected":false},"excerpt":{"rendered":"<p>Effective 3 Stage 20 Ton Telescopic Hydraulic Cylinder The Effective 3 Stage 20 Ton Telescopic Hydraulic Cylinder is a high-quality, versatile, and efficient tool that can be used in a wide range of applications. This hydraulic cylinder is perfect for use in machinery repair shops, farms, energy &amp; mining, machinery manufacturing, and machinery factories. Functions [&hellip;]<\/p>","protected":false},"featured_media":6703,"comment_status":"closed","ping_status":"closed","template":"","meta":{"_et_pb_use_builder":"","_et_pb_old_content":"","_et_gb_content_width":""},"product_brand":[],"product_cat":[103],"product_tag":[34,105],"class_list":{"0":"post-6543","1":"product","2":"type-product","3":"status-publish","4":"has-post-thumbnail","6":"product_cat-telescopic-hydraulic-cylinders","7":"product_tag-hydraulic-cylinder","8":"product_tag-telescopic-hydraulic-cylinders","10":"first","11":"instock","12":"product-type-simple"},"_links":{"self":[{"href":"https:\/\/fmp-components.com\/lv\/wp-json\/wp\/v2\/product\/6543","targetHints":{"allow":["GET"]}}],"collection":[{"href":"https:\/\/fmp-components.com\/lv\/wp-json\/wp\/v2\/product"}],"about":[{"href":"https:\/\/fmp-components.com\/lv\/wp-json\/wp\/v2\/types\/product"}],"replies":[{"embeddable":true,"href":"https:\/\/fmp-components.com\/lv\/wp-json\/wp\/v2\/comments?post=6543"}],"wp:featuredmedia":[{"embeddable":true,"href":"https:\/\/fmp-components.com\/lv\/wp-json\/wp\/v2\/media\/6703"}],"wp:attachment":[{"href":"https:\/\/fmp-components.com\/lv\/wp-json\/wp\/v2\/media?parent=6543"}],"wp:term":[{"taxonomy":"product_brand","embeddable":true,"href":"https:\/\/fmp-components.com\/lv\/wp-json\/wp\/v2\/product_brand?post=6543"},{"taxonomy":"product_cat","embeddable":true,"href":"https:\/\/fmp-components.com\/lv\/wp-json\/wp\/v2\/product_cat?post=6543"},{"taxonomy":"product_tag","embeddable":true,"href":"https:\/\/fmp-components.com\/lv\/wp-json\/wp\/v2\/product_tag?post=6543"}],"curies":[{"name":"wp","href":"https:\/\/api.w.org\/{rel}","templated":true}]}}