{"id":6542,"date":"2025-03-11T06:28:19","date_gmt":"2025-03-11T06:28:19","guid":{"rendered":"https:\/\/fmp-components.com\/product\/cost-effective-dump-truck-hydraulic-cylinder-double-acting-hydraulic-telescopic-cylinder"},"modified":"2025-03-12T06:52:49","modified_gmt":"2025-03-12T06:52:49","slug":"cost-effective-dump-truck-hydraulic-cylinder-double-acting-hydraulic-telescopic-cylinder","status":"publish","type":"product","link":"https:\/\/fmp-components.com\/lv\/product\/cost-effective-dump-truck-hydraulic-cylinder-double-acting-hydraulic-telescopic-cylinder\/","title":{"rendered":"Rentabls pa\u0161izg\u0101z\u0113ja hidrauliskais cilindrs ar divk\u0101r\u0161u darb\u012bbu, teleskopiskais hidrauliskais cilindrs"},"content":{"rendered":"<h2>Rentabls pa\u0161izg\u0101z\u0113ja hidrauliskais cilindrs ar divk\u0101r\u0161u darb\u012bbu, teleskopiskais hidrauliskais cilindrs<\/h2>\n<p>Iepaz\u012bstin\u0101m ar rentablu pa\u0161izg\u0101z\u0113ja hidraulisko cilindru \u2014 divk\u0101r\u0161as darb\u012bbas hidraulisko teleskopisko cilindru, kas paredz\u0113ts efektivit\u0101tei un augstai veiktsp\u0113jai. Produkts ir jauns, ar standarta virzu\u013ca cilindra strukt\u016bru un hidraulisko jaudu. T\u0101 t\u0113rauda korpuss garant\u0113 iztur\u012bbu un ilgm\u016b\u017e\u012bbu.<\/p>\n<h3>Produkta specifik\u0101cijas<\/h3>\n<table style=\"width: 98.1124%;\" border=\"\">\n<tbody>\n<tr>\n<td style=\"width: 43.5028%;\"><b>Urbuma izm\u0113rs<\/b><\/td>\n<td style=\"width: 475.141%;\">2\u20136 collas<\/td>\n<\/tr>\n<tr>\n<td style=\"width: 43.5028%;\"><b>Stie\u0146a izm\u0113rs<\/b><\/td>\n<td style=\"width: 475.141%;\">1,125\u20134 collas<\/td>\n<\/tr>\n<tr>\n<td style=\"width: 43.5028%;\"><b>Trieciena izm\u0113rs<\/b><\/td>\n<td style=\"width: 475.141%;\">4\u2013100 collas<\/td>\n<\/tr>\n<tr>\n<td style=\"width: 43.5028%;\"><b>Tapas izm\u0113rs<\/b><\/td>\n<td style=\"width: 475.141%;\">0,5\u20132 collas<\/td>\n<\/tr>\n<tr>\n<td style=\"width: 43.5028%;\"><b>Ostas<\/b><\/td>\n<td style=\"width: 475.141%;\">G\/SAE\/NPT\/M<\/td>\n<\/tr>\n<\/tbody>\n<\/table>\n<h2>Galven\u0101s iez\u012bmes<\/h2>\n<ul>\n<li>Energoefektivit\u0101te<\/li>\n<li>Augsta veiktsp\u0113ja<\/li>\n<li>Dro\u0161\u012bbas garantija<\/li>\n<\/ul>\n<h2>Hidraulisk\u0101 sist\u0113ma un darb\u012bbas princips<\/h2>\n<p>Hidrauliskie cilindri pa\u013caujas uz hidraulisk\u0101 \u0161\u0137idruma sp\u0113ku, lai rad\u012btu line\u0101ru kust\u012bbu un sp\u0113ku. \u0160\u0137idrumu spiedienam rada s\u016bknis, kas darbina cilindra stieni, k\u0101 rezult\u0101t\u0101 rodas kust\u012bba.<\/p>\n<h2>Pieteikumi<\/h2>\n<p>\u0160o hidraulisko cilindru pla\u0161i izmanto ma\u0161\u012bnu remonta darbn\u012bc\u0101s, saimniec\u012bb\u0101s, ener\u0123\u0113tikas un kalnr\u016bpniec\u012bbas projektos, ma\u0161\u012bnu ra\u017eo\u0161an\u0101 un ma\u0161\u012bnu r\u016bpn\u012bc\u0101s.<\/p>\n<p><img loading=\"lazy\" decoding=\"async\" class=\"alignnone wp-image-6661\" src=\"https:\/\/fmp-components.com\/wp-content\/uploads\/2025\/03\/telescopic-hydraulic-cylinder-10.webp\" alt=\"teleskopiskais hidrauliskais cilindrs\" width=\"928\" height=\"928\" title=\"\" srcset=\"https:\/\/fmp-components.com\/wp-content\/uploads\/2025\/03\/telescopic-hydraulic-cylinder-10.webp 928w, https:\/\/fmp-components.com\/wp-content\/uploads\/2025\/03\/telescopic-hydraulic-cylinder-10-480x480.webp 480w\" sizes=\"(min-width: 0px) and (max-width: 480px) 480px, (min-width: 481px) 928px, 100vw\" \/><\/p>\n<h2>Hidrauliskie cilindri un sp\u0113ka agreg\u0101ti<\/h2>\n<p>Hidrauliskie cilindri un sp\u0113ka agreg\u0101ti ir neaizst\u0101jamas hidraulisko sist\u0113mu sast\u0101vda\u013cas. To siner\u0123ija nodro\u0161ina pla\u0161u hidraulisko tehnolo\u0123iju pielietojumu r\u016bpnieciskaj\u0101 jom\u0101, nodro\u0161inot uzticamu jaudas un vad\u012bbas atbalstu da\u017e\u0101d\u0101m in\u017eeniertehnisk\u0101m un meh\u0101nisk\u0101m iek\u0101rt\u0101m. FMP m\u0113s pied\u0101v\u0101jam ar\u012b sp\u0113ka agreg\u0101tus p\u0101rdo\u0161anai l\u012bdztekus m\u016bsu hidrauliskajiem cilindriem.<\/p>\n<h2>Bie\u017ei uzdotie jaut\u0101jumi<\/h2>\n<p><b>J: Vai j\u016bs esat tirdzniec\u012bbas uz\u0146\u0113mums vai ra\u017eot\u0101js?<\/b><br \/>\nA: M\u0113s esam ra\u017eot\u0101js.<\/p>\n<p><b>J: K\u0101ds ir j\u016bsu pieg\u0101des laiks?<\/b><br \/>\nA: M\u016bsu pieg\u0101des laiks parasti ir 25\u201335 dienas.<\/p>\n<p><b>J: Vai j\u016bs sniedzat paraugus?<\/b><br \/>\nA: J\u0101, m\u0113s pied\u0101v\u0101jam paraugus, bet tie nav bez maksas.<\/p>\n<h3>Par FMP<\/h3>\n<p>FMP ir vado\u0161ais it\u0101\u013cu ra\u017eot\u0101js, kas specializ\u0113jas augstas kvalit\u0101tes hidraulisko cilindru projekt\u0113\u0161an\u0101, izstr\u0101d\u0113 un ra\u017eo\u0161an\u0101. Ar gadu desmitiem ilgu pieredzi m\u0113s apvienojam tradicion\u0101lo it\u0101\u013cu meistar\u012bbu ar jaun\u0101kaj\u0101m tehnolo\u0123ij\u0101m, lai nodro\u0161in\u0101tu izcilus hidrauliskos risin\u0101jumus, kas apmierina m\u016bsu klientu da\u017e\u0101d\u0101s vajadz\u012bbas vis\u0101 pasaul\u0113. FMP, kas atrodas It\u0101lij\u0101, in\u017eenierijas izcil\u012bbas centr\u0101, ir k\u013cuvis par uzticamu v\u0101rdu hidraulikas nozar\u0113, veltot sevi uzticamu, iztur\u012bgu un inovat\u012bvu produktu pieg\u0101dei, kas dod iesp\u0113jas uz\u0146\u0113mumiem vis\u0101 pasaul\u0113.<\/p>\n<p>M\u016bsu uz\u0146\u0113mums apvieno progres\u012bvas ra\u017eo\u0161anas trad\u012bcijas ar t\u0101lredz\u012bgu pieeju. Izmantojot daudzu gadu pieredzi hidraulisko sist\u0113mu jom\u0101, FMP ir k\u013cuvis par modernu uz\u0146\u0113mumu, kas izce\u013cas ar izcil\u012bbu p\u0113tniec\u012bb\u0101, projekt\u0113\u0161an\u0101 un ra\u017eo\u0161an\u0101. M\u0113s pied\u0101v\u0101jam pla\u0161u hidraulisko cilindru kl\u0101stu, tostarp divk\u0101r\u0161as darb\u012bbas cilindrus, automobi\u013cu pacel\u0161anas cilindrus, lauksaimniec\u012bbas tehnikas cilindrus un piel\u0101gotus risin\u0101jumus da\u017e\u0101diem r\u016bpnieciskiem pielietojumiem. Neatkar\u012bgi no t\u0101, vai tie ir paredz\u0113ti b\u016bvniec\u012bbai, r\u016bpniecisk\u0101m instal\u0101cij\u0101m, lauksaimniec\u012bbai vai smagajai tehnikai, m\u016bsu hidrauliskie cilindri ir izstr\u0101d\u0101ti t\u0101, lai tie darbotos vissare\u017e\u0123\u012bt\u0101kajos apst\u0101k\u013cos, nodro\u0161inot dro\u0161\u012bbu, efektivit\u0101ti un ilgm\u016b\u017e\u012bbu.<\/p>\n<p><img loading=\"lazy\" decoding=\"async\" class=\"alignnone size-full wp-image-6720\" src=\"https:\/\/fmp-components.com\/wp-content\/uploads\/2025\/03\/hydraulic-cylinder-8.webp\" alt=\"Teleskopiskie hidrauliskie cilindri\" width=\"933\" height=\"526\" title=\"\" srcset=\"https:\/\/fmp-components.com\/wp-content\/uploads\/2025\/03\/hydraulic-cylinder-8.webp 933w, https:\/\/fmp-components.com\/wp-content\/uploads\/2025\/03\/hydraulic-cylinder-8-480x271.webp 480w\" sizes=\"(min-width: 0px) and (max-width: 480px) 480px, (min-width: 481px) 933px, 100vw\" \/><\/p>\n<p>Uz\u0146\u0113mum\u0101 FMP m\u0113s lepojamies ar sav\u0101m modern\u0101kaj\u0101m ra\u017eo\u0161anas iek\u0101rt\u0101m, kas apr\u012bkotas ar prec\u012bzijas iek\u0101rt\u0101m un modern\u0101m test\u0113\u0161anas sist\u0113m\u0101m. M\u016bsu ra\u017eo\u0161anas procesi atbilst stingriem valsts un starptautiskajiem standartiem, garant\u0113jot, ka katrs sara\u017eotais hidrauliskais cilindrs atbilst augst\u0101kajiem kvalit\u0101tes un uzticam\u012bbas krit\u0113rijiem. M\u016bsu prasm\u012bg\u0101 tehnisk\u0101 komanda apvienojum\u0101 ar modern\u0101ko apr\u012bkojumu \u013cauj mums uztur\u0113t stingru kvalit\u0101tes kontroli katr\u0101 ra\u017eo\u0161anas posm\u0101 \u2014 s\u0101kot no izejvielu izv\u0113les l\u012bdz gal\u012bgajai p\u0101rbaudei. \u0160\u012b ap\u0146em\u0161an\u0101s sasniegt izcil\u012bbu ir nodro\u0161in\u0101jusi mums sertifik\u0101tus un atzin\u012bbu no nozares iest\u0101d\u0113m, nostiprinot m\u016bsu reput\u0101ciju k\u0101 uzticamam partnerim.<\/p>\n<p>M\u016bsu misija ir gan vienk\u0101r\u0161a, gan ambicioza: nodro\u0161in\u0101t m\u016bsu klientus ar hidrauliskajiem cilindriem, kas p\u0101rsniedz cer\u012bbas attiec\u012bb\u0101 uz veiktsp\u0113ju, iztur\u012bbu un v\u0113rt\u012bbu. M\u0113s darbojamies saska\u0146\u0101 ar profesionalit\u0101tes, godpr\u0101t\u012bbas un klientu apkalpo\u0161anas principiem. Veicinot inov\u0101ciju un precizit\u0101tes kult\u016bru, m\u0113s past\u0101v\u012bgi pilnveidojam savus produktus, lai saglab\u0101tu l\u012bderpoz\u012bcijas konkur\u0113tsp\u0113j\u012bg\u0101 tirg\u016b. M\u016bsu pla\u0161ais produktu kl\u0101sts un sp\u0113ja pied\u0101v\u0101t piel\u0101gotus risin\u0101jumus padara m\u016bs par v\u0113lamo izv\u0113li uz\u0146\u0113mumiem, kas mekl\u0113 augstas veiktsp\u0113jas hidrauliskos cilindrus.<\/p>\n<p>FMP ir vair\u0101k nek\u0101 tikai ra\u017eot\u0101js; m\u0113s esam partneris j\u016bsu pan\u0101kumos. M\u0113s saprotam, ka m\u016bsu klienti pa\u013caujas uz mums, lai pieg\u0101d\u0101tu instrumentus, kas uzlabo vi\u0146u produktivit\u0101ti un dro\u0161\u012bbu. T\u0101p\u0113c m\u0113s esam ap\u0146\u0113mu\u0161ies nodro\u0161in\u0101t ne tikai augst\u0101k\u0101s klases produktus, bet ar\u012b izcilu servisu. S\u0101kot ar s\u0101kotn\u0113jo konsult\u0101ciju un beidzot ar p\u0113cp\u0101rdo\u0161anas atbalstu, m\u0113s cie\u0161i sadarbojamies ar saviem klientiem, lai nodro\u0161in\u0101tu, ka vi\u0146u vajadz\u012bbas tiek apmierin\u0101tas ar profesionalit\u0101ti un r\u016bp\u012bbu. M\u016bsu konkur\u0113tsp\u0113j\u012bg\u0101s cenas apvienojum\u0101 ar nelok\u0101mo ap\u0146em\u0161anos nodro\u0161in\u0101t kvalit\u0101ti padara FMP par gudru izv\u0113li uz\u0146\u0113mumiem, kas v\u0113las ieguld\u012bt uzticamos hidrauliskajos risin\u0101jumos.<\/p>","protected":false},"excerpt":{"rendered":"<p>Cost Effective Dump Truck Hydraulic Cylinder Double Acting Hydraulic Telescopic Cylinder Introducing the Cost-Effective Dump Truck hydraulic cylinder, a Double Acting Hydraulic Telescopic Cylinder designed for efficiency and high performance. The product is new, boasting a standard plunger cylinder structure and hydraulic power. Its steel body guarantees robustness and durability. Product Specifications Bore Size 2-6 [&hellip;]<\/p>","protected":false},"featured_media":6754,"comment_status":"closed","ping_status":"closed","template":"","meta":{"_et_pb_use_builder":"","_et_pb_old_content":"","_et_gb_content_width":""},"product_brand":[],"product_cat":[103],"product_tag":[34,105],"class_list":{"0":"post-6542","1":"product","2":"type-product","3":"status-publish","4":"has-post-thumbnail","6":"product_cat-telescopic-hydraulic-cylinders","7":"product_tag-hydraulic-cylinder","8":"product_tag-telescopic-hydraulic-cylinders","10":"first","11":"instock","12":"product-type-simple"},"_links":{"self":[{"href":"https:\/\/fmp-components.com\/lv\/wp-json\/wp\/v2\/product\/6542","targetHints":{"allow":["GET"]}}],"collection":[{"href":"https:\/\/fmp-components.com\/lv\/wp-json\/wp\/v2\/product"}],"about":[{"href":"https:\/\/fmp-components.com\/lv\/wp-json\/wp\/v2\/types\/product"}],"replies":[{"embeddable":true,"href":"https:\/\/fmp-components.com\/lv\/wp-json\/wp\/v2\/comments?post=6542"}],"wp:featuredmedia":[{"embeddable":true,"href":"https:\/\/fmp-components.com\/lv\/wp-json\/wp\/v2\/media\/6754"}],"wp:attachment":[{"href":"https:\/\/fmp-components.com\/lv\/wp-json\/wp\/v2\/media?parent=6542"}],"wp:term":[{"taxonomy":"product_brand","embeddable":true,"href":"https:\/\/fmp-components.com\/lv\/wp-json\/wp\/v2\/product_brand?post=6542"},{"taxonomy":"product_cat","embeddable":true,"href":"https:\/\/fmp-components.com\/lv\/wp-json\/wp\/v2\/product_cat?post=6542"},{"taxonomy":"product_tag","embeddable":true,"href":"https:\/\/fmp-components.com\/lv\/wp-json\/wp\/v2\/product_tag?post=6542"}],"curies":[{"name":"wp","href":"https:\/\/api.w.org\/{rel}","templated":true}]}}