{"id":6536,"date":"2025-03-11T06:28:19","date_gmt":"2025-03-11T06:28:19","guid":{"rendered":"https:\/\/fmp-components.com\/product\/telescopic-hydraulic-cylinder-20-ton-hydraulic-cylinders-for-dump-truck"},"modified":"2025-03-14T02:58:01","modified_gmt":"2025-03-14T02:58:01","slug":"telescopic-hydraulic-cylinder-20-ton-hydraulic-cylinders-for-dump-truck","status":"publish","type":"product","link":"https:\/\/fmp-components.com\/lv\/product\/telescopic-hydraulic-cylinder-20-ton-hydraulic-cylinders-for-dump-truck\/","title":{"rendered":"Teleskopiskais hidrauliskais cilindrs 20 tonnu hidrauliskie cilindri pa\u0161izg\u0101z\u0113jam"},"content":{"rendered":"<h2>Teleskopiskais hidrauliskais cilindrs 20 tonnu hidrauliskie cilindri pa\u0161izg\u0101z\u0113jam<\/h2>\n<p>M\u016bsu augst\u0101k\u0101s kvalit\u0101tes teleskopiskais hidrauliskais cilindrs ir jaud\u012bga, lielas ietilp\u012bbas hidraulisk\u0101s sist\u0113mas sast\u0101vda\u013ca, kas ir ide\u0101li piem\u0113rota lieljaudas lietojumiem, piem\u0113ram, pa\u0161izg\u0101z\u0113jiem. Ar maksim\u0101lo vilkmi 20 tonnu un iespaid\u012bgo maksim\u0101lo vilces sp\u0113ku 3000 tonnu apm\u0113r\u0101 tas pied\u0101v\u0101 izcilu veiktsp\u0113ju un izcilu uzticam\u012bbu.<\/p>\n<h3>Funkcijas un funkcionalit\u0101te<\/h3>\n<p>\u0160im hidrauliskajam cilindram ir standarta virzu\u013ccilindra strukt\u016bra, ko darbina hidraulisk\u0101 ener\u0123ija. Korpusa materi\u0101ls ir izgatavots no iztur\u012bga t\u0113rauda, \u200b\u200bkas nodro\u0161ina t\u0101 iztur\u012bbu un ilgm\u016b\u017e\u012bbu. Urbuma diametrs ir no 2 l\u012bdz 6 coll\u0101m, stie\u0146a izm\u0113rs ir no 1,125 l\u012bdz 4 coll\u0101m un g\u0101jiena garums ir no 4 l\u012bdz 100 coll\u0101m. Tapas izm\u0113rs ir no 0,5 l\u012bdz 2 coll\u0101m, un tam ir G\/SAE\/NPT\/M piesl\u0113gvietas.<\/p>\n<h3>Produkta specifik\u0101cijas<\/h3>\n<table style=\"width: 95.3977%;\" border=\"\">\n<tbody>\n<tr>\n<th style=\"width: 34.1463%;\">Produkta nosaukums<\/th>\n<td style=\"width: 232.404%;\">Teleskopiskais hidrauliskais cilindrs<\/td>\n<\/tr>\n<tr>\n<th style=\"width: 34.1463%;\">Sertifik\u0101cija<\/th>\n<td style=\"width: 232.404%;\">ISO9001:2000<\/td>\n<\/tr>\n<tr>\n<th style=\"width: 34.1463%;\">Urbuma izm\u0113rs<\/th>\n<td style=\"width: 232.404%;\">2\u20136 collas<\/td>\n<\/tr>\n<tr>\n<th style=\"width: 34.1463%;\">Stie\u0146a izm\u0113rs<\/th>\n<td style=\"width: 232.404%;\">1,125\u20134 collas<\/td>\n<\/tr>\n<tr>\n<th style=\"width: 34.1463%;\">Trieciena izm\u0113rs<\/th>\n<td style=\"width: 232.404%;\">4\u2013100 collas<\/td>\n<\/tr>\n<tr>\n<th style=\"width: 34.1463%;\">Tapas izm\u0113rs<\/th>\n<td style=\"width: 232.404%;\">0,5\u20132 collas<\/td>\n<\/tr>\n<tr>\n<th style=\"width: 34.1463%;\">Ostas<\/th>\n<td style=\"width: 232.404%;\">G\/SAE\/NPT\/M<\/td>\n<\/tr>\n<\/tbody>\n<\/table>\n<h2>Unik\u0101las priek\u0161roc\u012bbas<\/h2>\n<ul>\n<li>Energoefekt\u012bvs: Optimiz\u0113 hidraulisk\u0101s jaudas izmanto\u0161anu maksim\u0101lai efektivit\u0101tei<\/li>\n<li>Augsta efektivit\u0101te: Nodro\u0161ina augstu veiktsp\u0113ju ar maz\u0101ku ener\u0123ijas pat\u0113ri\u0146u<\/li>\n<li>Dro\u0161\u012bba: Nodro\u0161ina dro\u0161u darb\u012bbu pat intens\u012bvas slodzes apst\u0101k\u013cos<\/li>\n<\/ul>\n<h3>Hidraulisk\u0101 sist\u0113ma un darb\u012bbas princips<\/h3>\n<p>\u0160\u012b cilindra hidraulisk\u0101 sist\u0113ma darbojas p\u0113c \u0161\u0137idruma spiediena principa. Hidrauliskais \u0161\u0137idrums tiek pak\u013cauts spiedienam un tiek p\u0101rnests pa visu sist\u0113mu, lai rad\u012btu sp\u0113ku vai kust\u012bbu. \u0160is sp\u0113ks p\u0113c tam tiek izmantots hidraulisk\u0101 cilindra piedzi\u0146ai, p\u0101rveidojot hidraulisko ener\u0123iju meh\u0101niskaj\u0101 ener\u0123ij\u0101.<\/p>\n<p><img loading=\"lazy\" decoding=\"async\" class=\"alignnone wp-image-6662\" src=\"https:\/\/fmp-components.com\/wp-content\/uploads\/2025\/03\/telescopic-hydraulic-cylinder-4.webp\" alt=\"teleskopiskais hidrauliskais cilindrs\" width=\"792\" height=\"792\" title=\"\" srcset=\"https:\/\/fmp-components.com\/wp-content\/uploads\/2025\/03\/telescopic-hydraulic-cylinder-4.webp 792w, https:\/\/fmp-components.com\/wp-content\/uploads\/2025\/03\/telescopic-hydraulic-cylinder-4-480x480.webp 480w\" sizes=\"(min-width: 0px) and (max-width: 480px) 480px, (min-width: 481px) 792px, 100vw\" \/><\/p>\n<h2>Lietojumprogrammas scen\u0101rijs<\/h2>\n<p>\u0160o hidraulisko cilindru galvenok\u0101rt izmanto pa\u0161izg\u0101z\u0113jos, ta\u010du to var izmantot ar\u012b da\u017e\u0101d\u0101s nozar\u0113s, piem\u0113ram, ma\u0161\u012bnb\u016bves remonta darbn\u012bc\u0101s, saimniec\u012bb\u0101s, ener\u0123\u0113tikas un ieguves r\u016bpniec\u012bb\u0101, ma\u0161\u012bnb\u016bves ra\u017eo\u0161an\u0101 un ma\u0161\u012bnb\u016bves r\u016bpn\u012bc\u0101s.<\/p>\n<h2>Hidrauliskie cilindri un sp\u0113ka agreg\u0101ti<\/h2>\n<p>Hidraulisko cilindru un sp\u0113ka agreg\u0101tu siner\u0123ija ir \u013coti svar\u012bga hidraulisko sist\u0113mu darb\u012bbai. Hidrauliskie cilindri k\u0101 izpildmeh\u0101nismi p\u0101rveido hidraulisko ener\u0123iju meh\u0101nisk\u0101 kust\u012bb\u0101. Savuk\u0101rt sp\u0113ka agreg\u0101ti nodro\u0161ina nepiecie\u0161amo ener\u0123iju un vad\u012bbas sign\u0101lus. Kop\u0101 tie nodro\u0161ina hidraulisko sist\u0113mu vienm\u0113r\u012bgu darb\u012bbu.<\/p>\n<h2>Bie\u017ei uzdotie jaut\u0101jumi<\/h2>\n<p>J: Vai j\u016bs esat tirdzniec\u012bbas uz\u0146\u0113mums vai ra\u017eot\u0101js?<br \/>\nA: M\u0113s esam ra\u017eot\u0101js.<br \/>\nJ: Cik ilgs ir j\u016bsu pieg\u0101des laiks?<br \/>\nA: Parasti m\u016bsu pieg\u0101des laiks ir 25\u201335 dienas.<br \/>\nJ: Vai j\u016bs sniedzat paraugus? Vai tas ir bez maksas vai papildus?<br \/>\nA: J\u0101, m\u0113s pied\u0101v\u0101jam paraugus, bet tie nav bez maksas.<\/p>\n<h3>Par FMP<\/h3>\n<p class=\"break-words\">FMP ir vado\u0161ais It\u0101lijas ra\u017eot\u0101js, kas specializ\u0113jas augstas kvalit\u0101tes hidraulisko cilindru projekt\u0113\u0161an\u0101, izstr\u0101d\u0113 un ra\u017eo\u0161an\u0101. Ar bag\u0101t\u012bgu mantojumu, kas sak\u0146ojas gadu desmitiem ilg\u0101 pieredz\u0113, m\u0113s ar lepnumu apvienojam it\u0101\u013cu meistar\u012bbu ar jaun\u0101kaj\u0101m tehnolo\u0123ij\u0101m, lai nodro\u0161in\u0101tu izcilus hidrauliskos risin\u0101jumus, kas piel\u0101goti m\u016bsu glob\u0101l\u0101 klientu loka da\u017e\u0101daj\u0101m vajadz\u012bb\u0101m. FMP, kas atrodas It\u0101lij\u0101, in\u017eenierijas izcil\u012bbas centr\u0101, ir uzticams v\u0101rds hidraulikas nozar\u0113 un ir ap\u0146\u0113mies nodro\u0161in\u0101t uzticamus, iztur\u012bgus un inovat\u012bvus produktus, kas dod iesp\u0113jas uz\u0146\u0113mumiem vis\u0101 pasaul\u0113.<\/p>\n<p class=\"break-words\">M\u016bsu uz\u0146\u0113mums apvieno lab\u0101k\u0101s progres\u012bv\u0101s ra\u017eo\u0161anas trad\u012bcijas ar t\u0101lredz\u012bgu pieeju. Balstoties uz daudzu gadu pieredzi hidraulisko sist\u0113mu jom\u0101, FMP ir att\u012bst\u012bjies par modernu uz\u0146\u0113mumu, kas izce\u013cas ar izcil\u0101m p\u0113tniec\u012bbas, dizaina un ra\u017eo\u0161anas sp\u0113j\u0101m. M\u0113s specializ\u0113jamies pla\u0161\u0101 hidraulisko cilindru kl\u0101st\u0101, tostarp divk\u0101r\u0161as darb\u012bbas cilindros, automobi\u013cu pacel\u0161anas cilindros, lauksaimniec\u012bbas tehnikas cilindros un piel\u0101gotos risin\u0101jumos da\u017e\u0101diem r\u016bpnieciskiem pielietojumiem. Neatkar\u012bgi no t\u0101, vai tas ir paredz\u0113ts b\u016bvniec\u012bbai, r\u016bpniecisk\u0101m instal\u0101cij\u0101m, lauksaimniec\u012bbai vai smagajai tehnikai, m\u016bsu hidrauliskie cilindri ir rad\u012bti, lai darbotos vissmag\u0101kajos apst\u0101k\u013cos, nodro\u0161inot dro\u0161\u012bbu, efektivit\u0101ti un ilgm\u016b\u017e\u012bbu.<\/p>\n<p><img loading=\"lazy\" decoding=\"async\" class=\"alignnone size-full wp-image-6720\" src=\"https:\/\/fmp-components.com\/wp-content\/uploads\/2025\/03\/hydraulic-cylinder-8.webp\" alt=\"Teleskopiskie hidrauliskie cilindri\" width=\"933\" height=\"526\" title=\"\" srcset=\"https:\/\/fmp-components.com\/wp-content\/uploads\/2025\/03\/hydraulic-cylinder-8.webp 933w, https:\/\/fmp-components.com\/wp-content\/uploads\/2025\/03\/hydraulic-cylinder-8-480x271.webp 480w\" sizes=\"(min-width: 0px) and (max-width: 480px) 480px, (min-width: 481px) 933px, 100vw\" \/><\/p>\n<p class=\"break-words\">Uz\u0146\u0113mum\u0101 FMP m\u0113s lepojamies ar sav\u0101m modern\u0101kaj\u0101m ra\u017eo\u0161anas iek\u0101rt\u0101m, kas apr\u012bkotas ar prec\u012bzijas iek\u0101rt\u0101m un modern\u0101m test\u0113\u0161anas sist\u0113m\u0101m. M\u016bsu ra\u017eo\u0161anas procesi atbilst stingriem valsts un starptautiskajiem standartiem, nodro\u0161inot, ka katrs hidrauliskais cilindrs, kas atst\u0101j m\u016bsu r\u016bpn\u012bcu, ir augst\u0101k\u0101s kvalit\u0101tes un uzticam\u012bbas. M\u016bsu prasm\u012bg\u0101 tehnisk\u0101 komanda apvienojum\u0101 ar modern\u0101ko apr\u012bkojumu \u013cauj mums uztur\u0113t stingru kvalit\u0101tes kontroli katr\u0101 ra\u017eo\u0161anas posm\u0101 \u2014 s\u0101kot no izejvielu izv\u0113les l\u012bdz gal\u012bgajai p\u0101rbaudei. \u0160\u012b ap\u0146em\u0161an\u0101s sasniegt izcil\u012bbu ir nodro\u0161in\u0101jusi mums sertifik\u0101tus un atzin\u012bbu no nozares iest\u0101d\u0113m, v\u0113l vair\u0101k nostiprinot m\u016bsu reput\u0101ciju k\u0101 uzticamam partnerim.<\/p>\n<p class=\"break-words\">M\u016bsu misija ir vienk\u0101r\u0161a, tom\u0113r ambicioza: nodro\u0161in\u0101t m\u016bsu klientus ar hidrauliskajiem cilindriem, kas p\u0101rsniedz cer\u012bbas attiec\u012bb\u0101 uz veiktsp\u0113ju, iztur\u012bbu un v\u0113rt\u012bbu. M\u0113s darbojamies, iev\u0113rojot profesionalit\u0101tes, godpr\u0101t\u012bbas un klientu apkalpo\u0161anas pamatprincipus. Veicinot inov\u0101ciju un precizit\u0101tes kult\u016bru, m\u0113s nep\u0101rtraukti pilnveidojam savus produktus, lai saglab\u0101tu l\u012bderpoz\u012bcijas konkur\u0113tsp\u0113j\u012bg\u0101 tirg\u016b. M\u016bsu pla\u0161ais produktu kl\u0101sts un sp\u0113ja pied\u0101v\u0101t piel\u0101gotus risin\u0101jumus padara m\u016bs par lab\u0101ko izv\u0113li uz\u0146\u0113mumiem, kas mekl\u0113 augstas veiktsp\u0113jas hidrauliskos cilindrus.<\/p>\n<p class=\"break-words\">FMP ir vair\u0101k nek\u0101 tikai ra\u017eot\u0101js \u2014 m\u0113s esam partneris j\u016bsu pan\u0101kumos. M\u0113s saprotam, ka m\u016bsu klienti pa\u013caujas uz mums, lai pieg\u0101d\u0101tu instrumentus, kas uzlabo vi\u0146u produktivit\u0101ti un dro\u0161\u012bbu. T\u0101p\u0113c m\u0113s esam ap\u0146\u0113mu\u0161ies pied\u0101v\u0101t ne tikai augst\u0101k\u0101s klases produktus, bet ar\u012b izcilu servisu. S\u0101kot ar s\u0101kotn\u0113jo konsult\u0101ciju un beidzot ar p\u0113cp\u0101rdo\u0161anas atbalstu, m\u0113s cie\u0161i sadarbojamies ar saviem klientiem, lai nodro\u0161in\u0101tu, ka vi\u0146u vajadz\u012bbas tiek apmierin\u0101tas ar profesionalit\u0101ti un r\u016bp\u012bbu. M\u016bsu konkur\u0113tsp\u0113j\u012bg\u0101s cenas apvienojum\u0101 ar nelok\u0101mo ap\u0146em\u0161anos nodro\u0161in\u0101t kvalit\u0101ti padara FMP par gudru izv\u0113li uz\u0146\u0113mumiem, kas v\u0113las ieguld\u012bt l\u012bdzek\u013cus uzticamos hidrauliskajos risin\u0101jumos.<\/p>","protected":false},"excerpt":{"rendered":"<p>Telescopic Hydraulic Cylinder 20 Ton Hydraulic Cylinders For Dump Truck Our premium Telescopic hydraulic cylinder is a powerful, high-capacity hydraulic system component that is ideal for heavy-duty applications such as dump trucks. With a maximum pull of 20 tons and an impressive max thrust of 3000, it offers superior performance and exceptional reliability. Features and [&hellip;]<\/p>","protected":false},"featured_media":6801,"comment_status":"closed","ping_status":"closed","template":"","meta":{"_et_pb_use_builder":"","_et_pb_old_content":"","_et_gb_content_width":""},"product_brand":[],"product_cat":[103],"product_tag":[34,105],"class_list":{"0":"post-6536","1":"product","2":"type-product","3":"status-publish","4":"has-post-thumbnail","6":"product_cat-telescopic-hydraulic-cylinders","7":"product_tag-hydraulic-cylinder","8":"product_tag-telescopic-hydraulic-cylinders","10":"first","11":"instock","12":"product-type-simple"},"_links":{"self":[{"href":"https:\/\/fmp-components.com\/lv\/wp-json\/wp\/v2\/product\/6536","targetHints":{"allow":["GET"]}}],"collection":[{"href":"https:\/\/fmp-components.com\/lv\/wp-json\/wp\/v2\/product"}],"about":[{"href":"https:\/\/fmp-components.com\/lv\/wp-json\/wp\/v2\/types\/product"}],"replies":[{"embeddable":true,"href":"https:\/\/fmp-components.com\/lv\/wp-json\/wp\/v2\/comments?post=6536"}],"wp:featuredmedia":[{"embeddable":true,"href":"https:\/\/fmp-components.com\/lv\/wp-json\/wp\/v2\/media\/6801"}],"wp:attachment":[{"href":"https:\/\/fmp-components.com\/lv\/wp-json\/wp\/v2\/media?parent=6536"}],"wp:term":[{"taxonomy":"product_brand","embeddable":true,"href":"https:\/\/fmp-components.com\/lv\/wp-json\/wp\/v2\/product_brand?post=6536"},{"taxonomy":"product_cat","embeddable":true,"href":"https:\/\/fmp-components.com\/lv\/wp-json\/wp\/v2\/product_cat?post=6536"},{"taxonomy":"product_tag","embeddable":true,"href":"https:\/\/fmp-components.com\/lv\/wp-json\/wp\/v2\/product_tag?post=6536"}],"curies":[{"name":"wp","href":"https:\/\/api.w.org\/{rel}","templated":true}]}}