{"id":6528,"date":"2025-03-11T06:28:19","date_gmt":"2025-03-11T06:28:19","guid":{"rendered":"https:\/\/fmp-components.com\/product\/factory-customized-5-stage-telescopic-small-dump-truck-hydraulic-cylinder"},"modified":"2025-03-18T01:59:17","modified_gmt":"2025-03-18T01:59:17","slug":"factory-customized-5-stage-telescopic-small-dump-truck-hydraulic-cylinder","status":"publish","type":"product","link":"https:\/\/fmp-components.com\/lv\/product\/factory-customized-5-stage-telescopic-small-dump-truck-hydraulic-cylinder\/","title":{"rendered":"R\u016bpn\u012bc\u0101 piel\u0101gots 5 pak\u0101pju teleskopiskais mazais pa\u0161izg\u0101z\u0113ja hidrauliskais cilindrs"},"content":{"rendered":"<h2>R\u016bpn\u012bc\u0101 piel\u0101gots 5 pak\u0101pju teleskopiskais mazais pa\u0161izg\u0101z\u0113ja hidrauliskais cilindrs<\/h2>\n<p>FMP pied\u0101v\u0101 augstas kvalit\u0101tes, r\u016bpn\u012bc\u0101 piel\u0101gotu 5 pak\u0101pju teleskopisko mazo pa\u0161izg\u0101z\u0113ju hidraulisko cilindru. \u0160\u012b inovat\u012bv\u0101 tehnika ir izstr\u0101d\u0101ta, \u0146emot v\u0113r\u0101 efektivit\u0101ti, dro\u0161\u012bbu un iztur\u012bbu. Ide\u0101li piem\u0113rota izmanto\u0161anai tehnikas remonta darbn\u012bc\u0101s, saimniec\u012bb\u0101s, ener\u0123\u0113tikas un kalnr\u016bpniec\u012bbas nozar\u0113s, k\u0101 ar\u012b ma\u0161\u012bnb\u016bves r\u016bpn\u012bc\u0101s.<\/p>\n<h3>Galven\u0101s iez\u012bmes un priek\u0161roc\u012bbas<\/h3>\n<p>Hidrauliskais cilindrs lepojas ar virkni unik\u0101lu \u012bpa\u0161\u012bbu un priek\u0161roc\u012bbu. Tas ir ener\u0123iju taupo\u0161s, \u013coti efekt\u012bvs un dro\u0161s lieto\u0161an\u0101. T\u0101 iztur\u012bgais t\u0113rauda korpuss nodro\u0161ina ilgsto\u0161u veiktsp\u0113ju. \u0160is cilindrs ir paredz\u0113ts maksim\u0101lai vilcei 3000 un vilk\u0161anas sp\u0113kam l\u012bdz 20 tonn\u0101m. Apvienojum\u0101 ar daudzpak\u0101pju funkcionalit\u0101ti tas nodro\u0161ina optim\u0101lu veiktsp\u0113ju da\u017e\u0101dos pielietojumos.<\/p>\n<h3>Tehnisk\u0101s specifik\u0101cijas<\/h3>\n<table style=\"width: 95.8431%;\" border=\"\">\n<tbody>\n<tr>\n<td style=\"width: 42.9379%;\"><i>Urbuma izm\u0113rs<\/i><\/td>\n<td style=\"width: 452.555%;\">2\u20136 collas<\/td>\n<\/tr>\n<tr>\n<td style=\"width: 42.9379%;\"><i>Stie\u0146a izm\u0113rs<\/i><\/td>\n<td style=\"width: 452.555%;\">1,125\u20134 collas<\/td>\n<\/tr>\n<tr>\n<td style=\"width: 42.9379%;\"><i>Trieciena izm\u0113rs<\/i><\/td>\n<td style=\"width: 452.555%;\">4\u2013100 collas<\/td>\n<\/tr>\n<tr>\n<td style=\"width: 42.9379%;\"><i>Tapas izm\u0113rs<\/i><\/td>\n<td style=\"width: 452.555%;\">0,5\u20132 collas<\/td>\n<\/tr>\n<tr>\n<td style=\"width: 42.9379%;\"><i>Ostas<\/i><\/td>\n<td style=\"width: 452.555%;\">G\/SAE\/NPT\/M<\/td>\n<\/tr>\n<\/tbody>\n<\/table>\n<h2>Hidraulisko sist\u0113mu un darb\u012bbas principa izpratne<\/h2>\n<p>Hidrauliskie cilindri un sp\u0113ka agreg\u0101ti ir b\u016btiskas jebkuras hidraulisk\u0101s sist\u0113mas sast\u0101vda\u013cas. Tie darbojas kop\u0101, lai nodro\u0161in\u0101tu pla\u0161u hidraulisk\u0101s tehnolo\u0123ijas izmanto\u0161anu r\u016bpniec\u012bbas sektor\u0101, nodro\u0161inot uzticamu jaudas un vad\u012bbas atbalstu da\u017e\u0101d\u0101m in\u017eeniertehniskaj\u0101m un ma\u0161\u012bnb\u016bves iek\u0101rt\u0101m.<\/p>\n<p><img loading=\"lazy\" decoding=\"async\" class=\"alignnone wp-image-6658\" src=\"https:\/\/fmp-components.com\/wp-content\/uploads\/2025\/03\/telescopic-hydraulic-cylinder-6.webp\" alt=\"teleskopiskais hidrauliskais cilindrs\" width=\"935\" height=\"935\" title=\"\" srcset=\"https:\/\/fmp-components.com\/wp-content\/uploads\/2025\/03\/telescopic-hydraulic-cylinder-6.webp 935w, https:\/\/fmp-components.com\/wp-content\/uploads\/2025\/03\/telescopic-hydraulic-cylinder-6-480x480.webp 480w\" sizes=\"(min-width: 0px) and (max-width: 480px) 480px, (min-width: 481px) 935px, 100vw\" \/><\/p>\n<h2>Hidraulisko cilindru pielietojums<\/h2>\n<p>\u0160o hidraulisko cilindru var izmantot da\u017e\u0101d\u0101s r\u016bpniec\u012bbas jom\u0101s, tostarp ma\u0161\u012bnb\u016bves remonta darbn\u012bc\u0101s, lauksaimniec\u012bbas uz\u0146\u0113mumos, ener\u0123\u0113tikas un kalnr\u016bpniec\u012bbas nozar\u0113s, k\u0101 ar\u012b ma\u0161\u012bnb\u016bves r\u016bpn\u012bc\u0101s. Tas ir \u012bpa\u0161i noder\u012bgi lietojumos, kuros nepiecie\u0161ams kompakts, bet jaud\u012bgs risin\u0101jums.<\/p>\n<h2>Hidrauliskie cilindri un sp\u0113ka agreg\u0101ti<\/h2>\n<p>Hidrauliskie cilindri k\u0101 izpildmeh\u0101nisms ir atbild\u012bgi par hidraulisk\u0101s ener\u0123ijas p\u0101rveido\u0161anu meh\u0101nisk\u0101 kust\u012bb\u0101, p\u0101rveidojot spiedienu sp\u0113k\u0101. Savuk\u0101rt sp\u0113ka agreg\u0101ts ir kodols, kas nodro\u0161ina hidrauliskajai sist\u0113mai nepiecie\u0161amo ener\u0123iju un vad\u012bbas sign\u0101lus. To koordin\u0113t\u0101 sadarb\u012bba nodro\u0161ina norm\u0101lu hidraulisk\u0101s sist\u0113mas darb\u012bbu. FMP pied\u0101v\u0101 ar\u012b sp\u0113ka agreg\u0101tus p\u0101rdo\u0161anai.<\/p>\n<h3>Bie\u017ei uzdotie jaut\u0101jumi<\/h3>\n<p><strong>J: Vai j\u016bs esat tirdzniec\u012bbas uz\u0146\u0113mums vai ra\u017eot\u0101js?<\/strong><br \/>\nA: M\u0113s esam r\u016bpn\u012bca.<\/p>\n<p><strong>J: Cik ilgs ir j\u016bsu pieg\u0101des laiks?<\/strong><br \/>\nA: Parasti tas ir 25\u201335 dienas.<\/p>\n<p><strong>J: Vai j\u016bs sniedzat paraugus? Vai tas ir bez maksas vai papildus?<\/strong><br \/>\nA: J\u0101, m\u0113s var\u0113tu pied\u0101v\u0101t paraugu, bet tas nav bez maksas.<\/p>\n<h3>Par FMP<\/h3>\n<p>FMP ir vado\u0161ais it\u0101\u013cu ra\u017eot\u0101js, kas specializ\u0113jas augstas kvalit\u0101tes hidraulisko cilindru projekt\u0113\u0161an\u0101, izstr\u0101d\u0113 un ra\u017eo\u0161an\u0101. Ar gadu desmitiem ilgu pieredzi m\u0113s apvienojam tradicion\u0101lo it\u0101\u013cu meistar\u012bbu ar jaun\u0101kaj\u0101m tehnolo\u0123ij\u0101m, lai nodro\u0161in\u0101tu izcilus hidrauliskos risin\u0101jumus, kas apmierina m\u016bsu klientu da\u017e\u0101d\u0101s vajadz\u012bbas vis\u0101 pasaul\u0113. FMP, kas atrodas It\u0101lij\u0101, in\u017eenierijas izcil\u012bbas centr\u0101, ir k\u013cuvis par uzticamu v\u0101rdu hidraulikas nozar\u0113, veltot sevi uzticamu, iztur\u012bgu un inovat\u012bvu produktu pieg\u0101dei, kas dod iesp\u0113jas uz\u0146\u0113mumiem vis\u0101 pasaul\u0113.<\/p>\n<p>M\u016bsu uz\u0146\u0113mums apvieno progres\u012bvas ra\u017eo\u0161anas trad\u012bcijas ar t\u0101lredz\u012bgu pieeju. Izmantojot daudzu gadu pieredzi hidraulisko sist\u0113mu jom\u0101, FMP ir k\u013cuvis par modernu uz\u0146\u0113mumu, kas izce\u013cas ar izcil\u012bbu p\u0113tniec\u012bb\u0101, projekt\u0113\u0161an\u0101 un ra\u017eo\u0161an\u0101. M\u0113s pied\u0101v\u0101jam pla\u0161u hidraulisko cilindru kl\u0101stu, tostarp divk\u0101r\u0161as darb\u012bbas cilindrus, automobi\u013cu pacel\u0161anas cilindrus, lauksaimniec\u012bbas tehnikas cilindrus un piel\u0101gotus risin\u0101jumus da\u017e\u0101diem r\u016bpnieciskiem pielietojumiem. Neatkar\u012bgi no t\u0101, vai tie ir paredz\u0113ti b\u016bvniec\u012bbai, r\u016bpniecisk\u0101m instal\u0101cij\u0101m, lauksaimniec\u012bbai vai smagajai tehnikai, m\u016bsu hidrauliskie cilindri ir izstr\u0101d\u0101ti t\u0101, lai tie darbotos vissare\u017e\u0123\u012bt\u0101kajos apst\u0101k\u013cos, nodro\u0161inot dro\u0161\u012bbu, efektivit\u0101ti un ilgm\u016b\u017e\u012bbu.<\/p>\n<p><img loading=\"lazy\" decoding=\"async\" class=\"alignnone size-full wp-image-6720\" src=\"https:\/\/fmp-components.com\/wp-content\/uploads\/2025\/03\/hydraulic-cylinder-8.webp\" alt=\"Teleskopiskie hidrauliskie cilindri\" width=\"933\" height=\"526\" title=\"\" srcset=\"https:\/\/fmp-components.com\/wp-content\/uploads\/2025\/03\/hydraulic-cylinder-8.webp 933w, https:\/\/fmp-components.com\/wp-content\/uploads\/2025\/03\/hydraulic-cylinder-8-480x271.webp 480w\" sizes=\"(min-width: 0px) and (max-width: 480px) 480px, (min-width: 481px) 933px, 100vw\" \/><\/p>\n<p>Uz\u0146\u0113mum\u0101 FMP m\u0113s lepojamies ar sav\u0101m modern\u0101kaj\u0101m ra\u017eo\u0161anas iek\u0101rt\u0101m, kas apr\u012bkotas ar prec\u012bzijas iek\u0101rt\u0101m un modern\u0101m test\u0113\u0161anas sist\u0113m\u0101m. M\u016bsu ra\u017eo\u0161anas procesi atbilst stingriem valsts un starptautiskajiem standartiem, garant\u0113jot, ka katrs sara\u017eotais hidrauliskais cilindrs atbilst augst\u0101kajiem kvalit\u0101tes un uzticam\u012bbas krit\u0113rijiem. M\u016bsu prasm\u012bg\u0101 tehnisk\u0101 komanda apvienojum\u0101 ar modern\u0101ko apr\u012bkojumu \u013cauj mums uztur\u0113t stingru kvalit\u0101tes kontroli katr\u0101 ra\u017eo\u0161anas posm\u0101 \u2014 s\u0101kot no izejvielu izv\u0113les l\u012bdz gal\u012bgajai p\u0101rbaudei. \u0160\u012b ap\u0146em\u0161an\u0101s sasniegt izcil\u012bbu ir nodro\u0161in\u0101jusi mums sertifik\u0101tus un atzin\u012bbu no nozares iest\u0101d\u0113m, nostiprinot m\u016bsu reput\u0101ciju k\u0101 uzticamam partnerim.<\/p>\n<p>M\u016bsu misija ir gan vienk\u0101r\u0161a, gan ambicioza: nodro\u0161in\u0101t m\u016bsu klientus ar hidrauliskajiem cilindriem, kas p\u0101rsniedz cer\u012bbas attiec\u012bb\u0101 uz veiktsp\u0113ju, iztur\u012bbu un v\u0113rt\u012bbu. M\u0113s darbojamies saska\u0146\u0101 ar profesionalit\u0101tes, godpr\u0101t\u012bbas un klientu apkalpo\u0161anas principiem. Veicinot inov\u0101ciju un precizit\u0101tes kult\u016bru, m\u0113s past\u0101v\u012bgi pilnveidojam savus produktus, lai saglab\u0101tu l\u012bderpoz\u012bcijas konkur\u0113tsp\u0113j\u012bg\u0101 tirg\u016b. M\u016bsu pla\u0161ais produktu kl\u0101sts un sp\u0113ja pied\u0101v\u0101t piel\u0101gotus risin\u0101jumus padara m\u016bs par v\u0113lamo izv\u0113li uz\u0146\u0113mumiem, kas mekl\u0113 augstas veiktsp\u0113jas hidrauliskos cilindrus.<\/p>\n<p>FMP ir vair\u0101k nek\u0101 tikai ra\u017eot\u0101js; m\u0113s esam partneris j\u016bsu pan\u0101kumos. M\u0113s saprotam, ka m\u016bsu klienti pa\u013caujas uz mums, lai pieg\u0101d\u0101tu instrumentus, kas uzlabo vi\u0146u produktivit\u0101ti un dro\u0161\u012bbu. T\u0101p\u0113c m\u0113s esam ap\u0146\u0113mu\u0161ies nodro\u0161in\u0101t ne tikai augst\u0101k\u0101s klases produktus, bet ar\u012b izcilu servisu. S\u0101kot ar s\u0101kotn\u0113jo konsult\u0101ciju un beidzot ar p\u0113cp\u0101rdo\u0161anas atbalstu, m\u0113s cie\u0161i sadarbojamies ar saviem klientiem, lai nodro\u0161in\u0101tu, ka vi\u0146u vajadz\u012bbas tiek apmierin\u0101tas ar profesionalit\u0101ti un r\u016bp\u012bbu. M\u016bsu konkur\u0113tsp\u0113j\u012bg\u0101s cenas apvienojum\u0101 ar nelok\u0101mo ap\u0146em\u0161anos nodro\u0161in\u0101t kvalit\u0101ti padara FMP par gudru izv\u0113li uz\u0146\u0113mumiem, kas v\u0113las ieguld\u012bt uzticamos hidrauliskajos risin\u0101jumos.<\/p>","protected":false},"excerpt":{"rendered":"<p>Factory Customized 5 Stage Telescopic Small Dump Truck Hydraulic Cylinder FMP offers a high-quality, factory-customized 5 Stage Telescopic Small Dump Truck hydraulic cylinder. This innovative piece of machinery is designed with efficiency, safety and durability in mind. Ideal for use in machinery repair shops, farms, energy and mining industries, and machinery manufacturing factories. Key Features [&hellip;]<\/p>","protected":false},"featured_media":6702,"comment_status":"closed","ping_status":"closed","template":"","meta":{"_et_pb_use_builder":"","_et_pb_old_content":"","_et_gb_content_width":""},"product_brand":[],"product_cat":[103],"product_tag":[34,105],"class_list":{"0":"post-6528","1":"product","2":"type-product","3":"status-publish","4":"has-post-thumbnail","6":"product_cat-telescopic-hydraulic-cylinders","7":"product_tag-hydraulic-cylinder","8":"product_tag-telescopic-hydraulic-cylinders","10":"first","11":"instock","12":"product-type-simple"},"_links":{"self":[{"href":"https:\/\/fmp-components.com\/lv\/wp-json\/wp\/v2\/product\/6528","targetHints":{"allow":["GET"]}}],"collection":[{"href":"https:\/\/fmp-components.com\/lv\/wp-json\/wp\/v2\/product"}],"about":[{"href":"https:\/\/fmp-components.com\/lv\/wp-json\/wp\/v2\/types\/product"}],"replies":[{"embeddable":true,"href":"https:\/\/fmp-components.com\/lv\/wp-json\/wp\/v2\/comments?post=6528"}],"wp:featuredmedia":[{"embeddable":true,"href":"https:\/\/fmp-components.com\/lv\/wp-json\/wp\/v2\/media\/6702"}],"wp:attachment":[{"href":"https:\/\/fmp-components.com\/lv\/wp-json\/wp\/v2\/media?parent=6528"}],"wp:term":[{"taxonomy":"product_brand","embeddable":true,"href":"https:\/\/fmp-components.com\/lv\/wp-json\/wp\/v2\/product_brand?post=6528"},{"taxonomy":"product_cat","embeddable":true,"href":"https:\/\/fmp-components.com\/lv\/wp-json\/wp\/v2\/product_cat?post=6528"},{"taxonomy":"product_tag","embeddable":true,"href":"https:\/\/fmp-components.com\/lv\/wp-json\/wp\/v2\/product_tag?post=6528"}],"curies":[{"name":"wp","href":"https:\/\/api.w.org\/{rel}","templated":true}]}}