{"id":6526,"date":"2025-03-11T06:26:57","date_gmt":"2025-03-11T06:26:57","guid":{"rendered":"https:\/\/fmp-components.com\/product\/factory-price-small-dump-truck-hydraulic-cylinder-telescopic-hydraulic-cylinder-for-sale"},"modified":"2025-03-18T01:07:30","modified_gmt":"2025-03-18T01:07:30","slug":"factory-price-small-dump-truck-hydraulic-cylinder-telescopic-hydraulic-cylinder-for-sale","status":"publish","type":"product","link":"https:\/\/fmp-components.com\/lv\/product\/factory-price-small-dump-truck-hydraulic-cylinder-telescopic-hydraulic-cylinder-for-sale\/","title":{"rendered":"R\u016bpn\u012bcas cena Mazs pa\u0161izg\u0101z\u0113ja hidrauliskais cilindrs P\u0101rdo\u0161an\u0101 teleskopiskais hidrauliskais cilindrs"},"content":{"rendered":"<h2>R\u016bpn\u012bcas cena Mazs pa\u0161izg\u0101z\u0113ja hidrauliskais cilindrs P\u0101rdo\u0161an\u0101 teleskopiskais hidrauliskais cilindrs<\/h2>\n<p>Daudzpak\u0101pju hidrauliskais cilindrs ir jauns 2025.\u00a0gada produkts, kas pied\u0101v\u0101 izcilu veiktsp\u0113ju maziem pa\u0161izg\u0101z\u0113jiem, tehnikas remonta darbn\u012bc\u0101m, lauksaimniec\u012bbas, ener\u0123\u0113tikas un ieguves r\u016bpniec\u012bbas, tehnikas ra\u017eo\u0161anas un ma\u0161\u012bnb\u016bves nozar\u0113m. Izgatavots no iztur\u012bga t\u0113rauda, \u200b\u200b\u0161is hidrauliskais cilindrs ir paredz\u0113ts, lai iztur\u0113tu lielu vilces un vilkmes sp\u0113ku, nodro\u0161inot uzticamu darb\u012bbu un ilgm\u016b\u017e\u012bbu.<\/p>\n<h2>Funkcijas un specifik\u0101cijas<\/h2>\n<table style=\"width: 100.555%;\" border=\"\">\n<tbody>\n<tr>\n<th style=\"width: 43.5028%;\">Urbuma izm\u0113rs<\/th>\n<td style=\"width: 488.136%;\">2\u20136 collas<\/td>\n<\/tr>\n<tr>\n<th style=\"width: 43.5028%;\">Stie\u0146a izm\u0113rs<\/th>\n<td style=\"width: 488.136%;\">1,125\u20134 collas<\/td>\n<\/tr>\n<tr>\n<th style=\"width: 43.5028%;\">Trieciena izm\u0113rs<\/th>\n<td style=\"width: 488.136%;\">4\u2013100 collas<\/td>\n<\/tr>\n<tr>\n<th style=\"width: 43.5028%;\">Tapas izm\u0113rs<\/th>\n<td style=\"width: 488.136%;\">0,5\u20132 collas<\/td>\n<\/tr>\n<tr>\n<th style=\"width: 43.5028%;\">Ostas<\/th>\n<td style=\"width: 488.136%;\">G\/SAE\/NPT\/M<\/td>\n<\/tr>\n<\/tbody>\n<\/table>\n<h2>Galven\u0101s priek\u0161roc\u012bbas<\/h2>\n<ul>\n<li>Energoefekt\u012bvs<\/li>\n<li>Augsta veiktsp\u0113ja<\/li>\n<li>Dro\u0161\u012bba un uzticam\u012bba<\/li>\n<\/ul>\n<h2>Hidraulisk\u0101s sist\u0113mas un darb\u012bbas princips<\/h2>\n<p>Hidrauliskie cilindri ir b\u016btiskas sast\u0101vda\u013cas, kas darbojas, p\u0101rveidojot hidraulisko ener\u0123iju meh\u0101nisk\u0101 kust\u012bb\u0101. \u0160\u012b p\u0101rveido\u0161ana ir iz\u0161\u0137iro\u0161a, jo t\u0101 nodro\u0161ina dzin\u0113jsp\u0113ku, kas nepiecie\u0161ams pa\u0161izg\u0101z\u0113ju un da\u017e\u0101du citu ma\u0161\u012bnu darb\u012bbai. Kad hidrauliskais \u0161\u0137idrums tiek pak\u013cauts spiedienam un ievad\u012bts cilindr\u0101, tas nospie\u017e virzuli, radot line\u0101ru kust\u012bbu, kas p\u0101rv\u0113r\u0161as sp\u0113c\u012bg\u0101s un prec\u012bz\u0101s kust\u012bb\u0101s. \u0160is meh\u0101nisms \u013cauj efekt\u012bvi pacelt, stumt vai vilkt smagas kravas, padarot hidrauliskos cilindrus neaizst\u0101jamus daudzos r\u016bpnieciskos pielietojumos. To sp\u0113ja nodro\u0161in\u0101t past\u0101v\u012bgu un uzticamu sp\u0113ku \u013cauj ma\u0161\u012bn\u0101m efekt\u012bvi veikt uzdevumus gan b\u016bvniec\u012bb\u0101, gan transport\u0101, gan ra\u017eo\u0161an\u0101.<\/p>\n<p><img loading=\"lazy\" decoding=\"async\" class=\"alignnone wp-image-6662\" src=\"https:\/\/fmp-components.com\/wp-content\/uploads\/2025\/03\/telescopic-hydraulic-cylinder-4.webp\" alt=\"teleskopiskais hidrauliskais cilindrs\" width=\"898\" height=\"898\" title=\"\" srcset=\"https:\/\/fmp-components.com\/wp-content\/uploads\/2025\/03\/telescopic-hydraulic-cylinder-4.webp 898w, https:\/\/fmp-components.com\/wp-content\/uploads\/2025\/03\/telescopic-hydraulic-cylinder-4-480x480.webp 480w\" sizes=\"(min-width: 0px) and (max-width: 480px) 480px, (min-width: 481px) 898px, 100vw\" \/><\/p>\n<h2>Pieteikumi<\/h2>\n<p>\u0160ie hidrauliskie cilindri ir ide\u0101li piem\u0113roti daudziem pielietojumiem. Mazos pa\u0161izg\u0101z\u0113jos tiem ir b\u016btiska loma kravas automa\u0161\u012bnas kravas kastes pacel\u0161an\u0101 un noliek\u0161an\u0101, atvieglojot materi\u0101lu izkrau\u0161anu. Ma\u0161\u012bnu remonta darbn\u012bc\u0101s \u0161ie cilindri pal\u012bdz tehni\u0137iem dro\u0161i pacelt un manevr\u0113t smagas deta\u013cas, nodro\u0161inot efekt\u012bvu apkopi un remontu. Ar\u012b ener\u0123\u0113tikas un kalnr\u016bpniec\u012bbas nozares g\u016bst iev\u0113rojamu labumu no to iztur\u012bg\u0101s konstrukcijas, jo \u0161ie cilindri var iztur\u0113t stingr\u0101s pras\u012bbas, kas saist\u012btas ar smaga apr\u012bkojuma un materi\u0101lu cel\u0161anu sare\u017e\u0123\u012bt\u0101 vid\u0113. Turkl\u0101t ma\u0161\u012bnb\u016bv\u0113 un r\u016bpn\u012bc\u0101s \u0161ie hidrauliskie cilindri uzlabo ra\u017eo\u0161anas procesu efektivit\u0101ti, nodro\u0161inot nepiecie\u0161amo sp\u0113ku mont\u0101\u017eai, materi\u0101lu apstr\u0101dei un cit\u0101m kritisk\u0101m darb\u012bb\u0101m. To daudzpus\u012bba un uzticam\u012bba padara tos par b\u016btisku izv\u0113li profesion\u0101\u013ciem da\u017e\u0101d\u0101s nozar\u0113s.<\/p>\n<h2>Hidrauliskie cilindri un sp\u0113ka agreg\u0101ti<\/h2>\n<p>Hidrauliskais cilindrs un sp\u0113ka agreg\u0101ts ir neat\u0146emamas jebkuras hidraulisk\u0101s sist\u0113mas sast\u0101vda\u013cas, kas darbojas tand\u0113m\u0101, lai nodro\u0161in\u0101tu optim\u0101lu veiktsp\u0113ju un funkcionalit\u0101ti. Hidrauliskais cilindrs darbojas k\u0101 izpildmeh\u0101nisms, p\u0101rveidojot hidraulisko ener\u0123iju meh\u0101nisk\u0101 kust\u012bb\u0101, savuk\u0101rt sp\u0113ka agreg\u0101ts kalpo k\u0101 ener\u0123ijas avots, pieg\u0101d\u0101jot darb\u012bbai nepiecie\u0161amo spiediena \u0161\u0137idrumu. \u0160\u012b apvienot\u0101 funkcija ir \u013coti svar\u012bga hidraulisko tehnolo\u0123iju efekt\u012bvai ievie\u0161anai r\u016bpniec\u012bbas sektor\u0101, nodro\u0161inot uzticamu jaudas un vad\u012bbas atbalstu da\u017e\u0101d\u0101m in\u017eeniertehnisk\u0101m un meh\u0101nisk\u0101m iek\u0101rt\u0101m. To siner\u0123ija ne tikai uzlabo darb\u012bbas efektivit\u0101ti, bet ar\u012b \u013cauj veikt uzdevumus, kuriem nepiecie\u0161ams iev\u0113rojams sp\u0113ks un precizit\u0101te. FMP m\u0113s pied\u0101v\u0101jam ar\u012b da\u017e\u0101dus sp\u0113ka agreg\u0101tus p\u0101rdo\u0161anai, kas papildina m\u016bsu hidrauliskos cilindrus un nodro\u0161ina visaptvero\u0161us risin\u0101jumus j\u016bsu hidraulisk\u0101s sist\u0113mas vajadz\u012bb\u0101m. M\u016bsu ap\u0146em\u0161an\u0101s nodro\u0161in\u0101t kvalit\u0101ti un inov\u0101cijas nodro\u0161ina, ka j\u016bs sa\u0146emat lab\u0101kos produktus, lai uzlabotu savas darb\u012bbas iesp\u0113jas.<\/p>\n<p><img loading=\"lazy\" decoding=\"async\" class=\"alignnone wp-image-6661\" src=\"https:\/\/fmp-components.com\/wp-content\/uploads\/2025\/03\/telescopic-hydraulic-cylinder-10.webp\" alt=\"teleskopiskais hidrauliskais cilindrs\" width=\"924\" height=\"924\" title=\"\" srcset=\"https:\/\/fmp-components.com\/wp-content\/uploads\/2025\/03\/telescopic-hydraulic-cylinder-10.webp 924w, https:\/\/fmp-components.com\/wp-content\/uploads\/2025\/03\/telescopic-hydraulic-cylinder-10-480x480.webp 480w\" sizes=\"(min-width: 0px) and (max-width: 480px) 480px, (min-width: 481px) 924px, 100vw\" \/><\/p>\n<h3>Par FMP<\/h3>\n<p class=\"break-words\">FMP ir vado\u0161ais It\u0101lijas ra\u017eot\u0101js, kas specializ\u0113jas augstas kvalit\u0101tes hidraulisko cilindru projekt\u0113\u0161an\u0101, izstr\u0101d\u0113 un ra\u017eo\u0161an\u0101. Ar bag\u0101t\u012bgu mantojumu, kas sak\u0146ojas gadu desmitiem ilg\u0101 pieredz\u0113, m\u0113s ar lepnumu apvienojam it\u0101\u013cu meistar\u012bbu ar jaun\u0101kaj\u0101m tehnolo\u0123ij\u0101m, lai nodro\u0161in\u0101tu izcilus hidrauliskos risin\u0101jumus, kas piel\u0101goti m\u016bsu glob\u0101l\u0101 klientu loka da\u017e\u0101daj\u0101m vajadz\u012bb\u0101m. FMP, kas atrodas It\u0101lij\u0101, in\u017eenierijas izcil\u012bbas centr\u0101, ir uzticams v\u0101rds hidraulikas nozar\u0113 un ir ap\u0146\u0113mies nodro\u0161in\u0101t uzticamus, iztur\u012bgus un inovat\u012bvus produktus, kas dod iesp\u0113jas uz\u0146\u0113mumiem vis\u0101 pasaul\u0113.<\/p>\n<p class=\"break-words\">M\u016bsu uz\u0146\u0113mums apvieno lab\u0101k\u0101s progres\u012bv\u0101s ra\u017eo\u0161anas trad\u012bcijas ar t\u0101lredz\u012bgu pieeju. Balstoties uz daudzu gadu pieredzi hidraulisko sist\u0113mu jom\u0101, FMP ir att\u012bst\u012bjies par modernu uz\u0146\u0113mumu, kas izce\u013cas ar izcil\u0101m p\u0113tniec\u012bbas, dizaina un ra\u017eo\u0161anas sp\u0113j\u0101m. M\u0113s specializ\u0113jamies pla\u0161\u0101 hidraulisko cilindru kl\u0101st\u0101, tostarp divk\u0101r\u0161as darb\u012bbas cilindros, automobi\u013cu pacel\u0161anas cilindros, lauksaimniec\u012bbas tehnikas cilindros un piel\u0101gotos risin\u0101jumos da\u017e\u0101diem r\u016bpnieciskiem pielietojumiem. Neatkar\u012bgi no t\u0101, vai tas ir paredz\u0113ts b\u016bvniec\u012bbai, r\u016bpniecisk\u0101m instal\u0101cij\u0101m, lauksaimniec\u012bbai vai smagajai tehnikai, m\u016bsu hidrauliskie cilindri ir rad\u012bti, lai darbotos vissmag\u0101kajos apst\u0101k\u013cos, nodro\u0161inot dro\u0161\u012bbu, efektivit\u0101ti un ilgm\u016b\u017e\u012bbu.<\/p>\n<p><img loading=\"lazy\" decoding=\"async\" class=\"alignnone size-full wp-image-6720\" src=\"https:\/\/fmp-components.com\/wp-content\/uploads\/2025\/03\/hydraulic-cylinder-8.webp\" alt=\"Teleskopiskie hidrauliskie cilindri\" width=\"933\" height=\"526\" title=\"\" srcset=\"https:\/\/fmp-components.com\/wp-content\/uploads\/2025\/03\/hydraulic-cylinder-8.webp 933w, https:\/\/fmp-components.com\/wp-content\/uploads\/2025\/03\/hydraulic-cylinder-8-480x271.webp 480w\" sizes=\"(min-width: 0px) and (max-width: 480px) 480px, (min-width: 481px) 933px, 100vw\" \/><\/p>\n<p class=\"break-words\">Uz\u0146\u0113mum\u0101 FMP m\u0113s lepojamies ar sav\u0101m modern\u0101kaj\u0101m ra\u017eo\u0161anas iek\u0101rt\u0101m, kas apr\u012bkotas ar prec\u012bzijas iek\u0101rt\u0101m un modern\u0101m test\u0113\u0161anas sist\u0113m\u0101m. M\u016bsu ra\u017eo\u0161anas procesi atbilst stingriem valsts un starptautiskajiem standartiem, nodro\u0161inot, ka katrs hidrauliskais cilindrs, kas atst\u0101j m\u016bsu r\u016bpn\u012bcu, ir augst\u0101k\u0101s kvalit\u0101tes un uzticam\u012bbas. M\u016bsu prasm\u012bg\u0101 tehnisk\u0101 komanda apvienojum\u0101 ar modern\u0101ko apr\u012bkojumu \u013cauj mums uztur\u0113t stingru kvalit\u0101tes kontroli katr\u0101 ra\u017eo\u0161anas posm\u0101 \u2014 s\u0101kot no izejvielu izv\u0113les l\u012bdz gal\u012bgajai p\u0101rbaudei. \u0160\u012b ap\u0146em\u0161an\u0101s sasniegt izcil\u012bbu ir nodro\u0161in\u0101jusi mums sertifik\u0101tus un atzin\u012bbu no nozares iest\u0101d\u0113m, v\u0113l vair\u0101k nostiprinot m\u016bsu reput\u0101ciju k\u0101 uzticamam partnerim.<\/p>\n<p class=\"break-words\">M\u016bsu misija ir vienk\u0101r\u0161a, tom\u0113r ambicioza: nodro\u0161in\u0101t m\u016bsu klientus ar hidrauliskajiem cilindriem, kas p\u0101rsniedz cer\u012bbas attiec\u012bb\u0101 uz veiktsp\u0113ju, iztur\u012bbu un v\u0113rt\u012bbu. M\u0113s darbojamies, iev\u0113rojot profesionalit\u0101tes, godpr\u0101t\u012bbas un klientu apkalpo\u0161anas pamatprincipus. Veicinot inov\u0101ciju un precizit\u0101tes kult\u016bru, m\u0113s nep\u0101rtraukti pilnveidojam savus produktus, lai saglab\u0101tu l\u012bderpoz\u012bcijas konkur\u0113tsp\u0113j\u012bg\u0101 tirg\u016b. M\u016bsu pla\u0161ais produktu kl\u0101sts un sp\u0113ja pied\u0101v\u0101t piel\u0101gotus risin\u0101jumus padara m\u016bs par lab\u0101ko izv\u0113li uz\u0146\u0113mumiem, kas mekl\u0113 augstas veiktsp\u0113jas hidrauliskos cilindrus.<\/p>\n<p class=\"break-words\">FMP ir vair\u0101k nek\u0101 tikai ra\u017eot\u0101js \u2014 m\u0113s esam partneris j\u016bsu pan\u0101kumos. M\u0113s saprotam, ka m\u016bsu klienti pa\u013caujas uz mums, lai pieg\u0101d\u0101tu instrumentus, kas uzlabo vi\u0146u produktivit\u0101ti un dro\u0161\u012bbu. T\u0101p\u0113c m\u0113s esam ap\u0146\u0113mu\u0161ies pied\u0101v\u0101t ne tikai augst\u0101k\u0101s klases produktus, bet ar\u012b izcilu servisu. S\u0101kot ar s\u0101kotn\u0113jo konsult\u0101ciju un beidzot ar p\u0113cp\u0101rdo\u0161anas atbalstu, m\u0113s cie\u0161i sadarbojamies ar saviem klientiem, lai nodro\u0161in\u0101tu, ka vi\u0146u vajadz\u012bbas tiek apmierin\u0101tas ar profesionalit\u0101ti un r\u016bp\u012bbu. M\u016bsu konkur\u0113tsp\u0113j\u012bg\u0101s cenas apvienojum\u0101 ar nelok\u0101mo ap\u0146em\u0161anos nodro\u0161in\u0101t kvalit\u0101ti padara FMP par gudru izv\u0113li uz\u0146\u0113mumiem, kas v\u0113las ieguld\u012bt l\u012bdzek\u013cus uzticamos hidrauliskajos risin\u0101jumos.<\/p>\n<h2>Bie\u017ei uzdotie jaut\u0101jumi<\/h2>\n<dl>\n<dt>J: Vai j\u016bs esat tirdzniec\u012bbas uz\u0146\u0113mums vai ra\u017eot\u0101js?<\/dt>\n<dd>A: M\u0113s esam ra\u017eot\u0101js.<\/dd>\n<dt>J: Cik ilgs ir j\u016bsu pieg\u0101des laiks?<\/dt>\n<dd>A: Parasti tas ir 25\u201335 dienas.<\/dd>\n<dt>J: Vai j\u016bs sniedzat paraugus? Vai tie ir bez maksas vai papildus?<\/dt>\n<dd>A: J\u0101, m\u0113s var\u0113tu pied\u0101v\u0101t paraugu, bet tas nav bez maksas.<\/dd>\n<\/dl>","protected":false},"excerpt":{"rendered":"<p>Factory Price Small Dump Truck Hydraulic Cylinder Telescopic Hydraulic Cylinder For Sale The multi-stage hydraulic cylinder is a new product for 2025, which offers exceptional performance for small dump trucks, machinery repair shops, farms, energy and mining, machinery manufacturing, and machinery factories. Made from sturdy steel, this hydraulic cylinder is designed to withstand high thrust [&hellip;]<\/p>","protected":false},"featured_media":6682,"comment_status":"closed","ping_status":"closed","template":"","meta":{"_et_pb_use_builder":"","_et_pb_old_content":"","_et_gb_content_width":""},"product_brand":[],"product_cat":[103],"product_tag":[34,105],"class_list":{"0":"post-6526","1":"product","2":"type-product","3":"status-publish","4":"has-post-thumbnail","6":"product_cat-telescopic-hydraulic-cylinders","7":"product_tag-hydraulic-cylinder","8":"product_tag-telescopic-hydraulic-cylinders","10":"first","11":"instock","12":"product-type-simple"},"_links":{"self":[{"href":"https:\/\/fmp-components.com\/lv\/wp-json\/wp\/v2\/product\/6526","targetHints":{"allow":["GET"]}}],"collection":[{"href":"https:\/\/fmp-components.com\/lv\/wp-json\/wp\/v2\/product"}],"about":[{"href":"https:\/\/fmp-components.com\/lv\/wp-json\/wp\/v2\/types\/product"}],"replies":[{"embeddable":true,"href":"https:\/\/fmp-components.com\/lv\/wp-json\/wp\/v2\/comments?post=6526"}],"wp:featuredmedia":[{"embeddable":true,"href":"https:\/\/fmp-components.com\/lv\/wp-json\/wp\/v2\/media\/6682"}],"wp:attachment":[{"href":"https:\/\/fmp-components.com\/lv\/wp-json\/wp\/v2\/media?parent=6526"}],"wp:term":[{"taxonomy":"product_brand","embeddable":true,"href":"https:\/\/fmp-components.com\/lv\/wp-json\/wp\/v2\/product_brand?post=6526"},{"taxonomy":"product_cat","embeddable":true,"href":"https:\/\/fmp-components.com\/lv\/wp-json\/wp\/v2\/product_cat?post=6526"},{"taxonomy":"product_tag","embeddable":true,"href":"https:\/\/fmp-components.com\/lv\/wp-json\/wp\/v2\/product_tag?post=6526"}],"curies":[{"name":"wp","href":"https:\/\/api.w.org\/{rel}","templated":true}]}}