{"id":6522,"date":"2025-03-11T06:26:57","date_gmt":"2025-03-11T06:26:57","guid":{"rendered":"https:\/\/fmp-components.com\/product\/factory-customized-2-stage-hydraulic-cylinder-small-dump-truck-multistage-hydraulic-cylinder"},"modified":"2025-03-12T01:10:20","modified_gmt":"2025-03-12T01:10:20","slug":"factory-customized-2-stage-hydraulic-cylinder-small-dump-truck-multistage-hydraulic-cylinder","status":"publish","type":"product","link":"https:\/\/fmp-components.com\/lv\/product\/factory-customized-2-stage-hydraulic-cylinder-small-dump-truck-multistage-hydraulic-cylinder\/","title":{"rendered":"R\u016bpn\u012bc\u0101 piel\u0101gots divpak\u0101pju hidrauliskais cilindrs mazam pa\u0161izg\u0101z\u0113jam daudzpak\u0101pju hidrauliskais cilindrs"},"content":{"rendered":"<h2>R\u016bpn\u012bc\u0101 piel\u0101gots divpak\u0101pju hidrauliskais cilindrs mazam pa\u0161izg\u0101z\u0113jam daudzpak\u0101pju hidrauliskais cilindrs<\/h2>\n<p>Atkl\u0101jiet m\u016bsu r\u016bpn\u012bc\u0101 piel\u0101got\u0101 divpak\u0101pju hidraulisk\u0101 cilindra iev\u0113rojamo efektivit\u0101ti un iztur\u012bbu. \u0160is daudzpak\u0101pju hidrauliskais cilindrs, kas \u012bpa\u0161i izstr\u0101d\u0101ts maziem pa\u0161izg\u0101z\u0113jiem un citai tehnikai, pied\u0101v\u0101 nep\u0101rsp\u0113jamu veiktsp\u0113ju un uzticam\u012bbu. Neatkar\u012bgi no t\u0101, vai str\u0101d\u0101jat tehnikas remont\u0101, lauksaimniec\u012bb\u0101, ener\u0123\u0113tik\u0101 un ieguves r\u016bpniec\u012bb\u0101 vai tehnikas ra\u017eo\u0161an\u0101, m\u016bsu hidrauliskais cilindrs p\u0101rsniegs j\u016bsu cer\u012bbas.<\/p>\n<h2>Produkta specifik\u0101cijas<\/h2>\n<p>M\u0113s r\u016bp\u012bgi p\u0101rdom\u0101jam un apsv\u0113r\u0101m savu hidraulisko cilindru projekt\u0113\u0161anas un ra\u017eo\u0161anas procesu. \u0160eit ir galvenie parametri:<\/p>\n<table style=\"width: 100.555%;\" border=\"\">\n<tbody>\n<tr>\n<td style=\"width: 43.5028%;\"><i>Urbuma izm\u0113rs:<\/i><\/td>\n<td style=\"width: 488.136%;\">2\u20136 collas<\/td>\n<\/tr>\n<tr>\n<td style=\"width: 43.5028%;\"><i>Stie\u0146a izm\u0113rs:<\/i><\/td>\n<td style=\"width: 488.136%;\">1,125\u20134 collas<\/td>\n<\/tr>\n<tr>\n<td style=\"width: 43.5028%;\"><i>Trieciena izm\u0113rs:<\/i><\/td>\n<td style=\"width: 488.136%;\">4\u2013100 collas<\/td>\n<\/tr>\n<tr>\n<td style=\"width: 43.5028%;\"><i>Tapas izm\u0113rs:<\/i><\/td>\n<td style=\"width: 488.136%;\">0,5\u20132 collas<\/td>\n<\/tr>\n<tr>\n<td style=\"width: 43.5028%;\"><i>Ostas:<\/i><\/td>\n<td style=\"width: 488.136%;\">G\/SAE\/NPT\/M<\/td>\n<\/tr>\n<\/tbody>\n<\/table>\n<h2>Unik\u0101las \u012bpa\u0161\u012bbas un priek\u0161roc\u012bbas<\/h2>\n<p>M\u016bsu hidrauliskie cilindri ir izstr\u0101d\u0101ti ar virkni unik\u0101lu \u012bpa\u0161\u012bbu, kas tos at\u0161\u0137ir tirg\u016b. Viena no izcil\u0101kaj\u0101m \u012bpa\u0161\u012bb\u0101m ir to energoefektivit\u0101te, kas nodro\u0161ina minim\u0101lu ener\u0123ijas pat\u0113ri\u0146u darb\u012bbas laik\u0101, t\u0101d\u0113j\u0101di samazinot ekspluat\u0101cijas izmaksas un ietekmi uz vidi. Turkl\u0101t \u0161ie cilindri ir konstru\u0113ti augstai veiktsp\u0113jai, nodro\u0161inot nepiecie\u0161amo sp\u0113ku un \u0101trumu, lai prec\u012bzi veiktu pat vispras\u012bg\u0101kos uzdevumus. Dro\u0161\u012bba ir ar\u012b galven\u0101 priorit\u0101te; m\u016bsu hidrauliskie cilindri ir apr\u012bkoti ar uzlabotiem dro\u0161\u012bbas meh\u0101nismiem, kas nov\u0113r\u0161 p\u0101rspiedienu un nodro\u0161ina uzticamu darb\u012bbu da\u017e\u0101dos apst\u0101k\u013cos.<\/p>\n<p>\u0160ie cilindri ir izgatavoti, lai iztur\u0113tu vissmag\u0101kos apst\u0101k\u013cus, un to izgatavo\u0161anai izmantoti iztur\u012bgi materi\u0101li un iztur\u012bga konstrukcija uzlabo to ilgm\u016b\u017e\u012bbu un veiktsp\u0113ju. Neatkar\u012bgi no t\u0101, vai tie saskaras ar ekstrem\u0101l\u0101m temperat\u016br\u0101m, liel\u0101m slodz\u0113m vai skarbiem darba apst\u0101k\u013ciem, m\u016bsu hidrauliskie cilindri ir izgatavoti, lai kalpotu ilgi, nodro\u0161inot nemain\u012bgus rezult\u0101tus un samazinot d\u012bkst\u0101ves laiku. \u0160\u012b energoefektivit\u0101tes, augstas veiktsp\u0113jas un dro\u0161\u012bbas kombin\u0101cija padara m\u016bsu hidrauliskos cilindrus par v\u0113rt\u012bgu ieguld\u012bjumu jebkur\u0101 nozar\u0113.<\/p>\n<p><img loading=\"lazy\" decoding=\"async\" class=\"alignnone  wp-image-6665\" src=\"https:\/\/fmp-components.com\/wp-content\/uploads\/2025\/03\/telescopic-hydraulic-cylinder-9.webp\" alt=\"teleskopiskais hidrauliskais cilindrs\" width=\"916\" height=\"916\" title=\"\" srcset=\"https:\/\/fmp-components.com\/wp-content\/uploads\/2025\/03\/telescopic-hydraulic-cylinder-9.webp 916w, https:\/\/fmp-components.com\/wp-content\/uploads\/2025\/03\/telescopic-hydraulic-cylinder-9-480x480.webp 480w\" sizes=\"(min-width: 0px) and (max-width: 480px) 480px, (min-width: 481px) 916px, 100vw\" \/><\/p>\n<h3>Hidraulisk\u0101s sist\u0113mas un darb\u012bbas principi<\/h3>\n<p>Hidraulisko sist\u0113mu darb\u012bbas pamatprincips ir \u0161\u0137idruma spiediena sp\u0113ka izmanto\u0161ana. M\u016bsu hidrauliskajos cilindros virzuli iedarbina hidraulisk\u0101 \u0161\u0137idruma spiediens, kas tiek ies\u016bkn\u0113ts cilindr\u0101. Kad \u0161\u0137idrums iepl\u016bst, tas rada spiedienu uz virzuli, izraisot t\u0101 kust\u012bbu. \u0160\u012b kust\u012bba p\u0113c tam tiek efekt\u012bvi p\u0101rnesta uz pievienoto meh\u0101nismu, nodro\u0161inot nepiecie\u0161amo jaudu, lai veiktu pla\u0161u uzdevumu kl\u0101stu. Izmantojot \u0161\u0137idruma spiedienu, hidraulisk\u0101s sist\u0113mas var rad\u012bt iev\u0113rojamu sp\u0113ku un nodro\u0161in\u0101t vienm\u0113r\u012bgu, kontrol\u0113tu kust\u012bbu, padarot t\u0101s par b\u016btisk\u0101m lietojumos, s\u0101kot no celtniec\u012bbas iek\u0101rt\u0101m l\u012bdz ra\u017eo\u0161anas procesiem.<\/p>\n<h2>Hidrauliskie cilindri un sp\u0113ka agreg\u0101ti<\/h2>\n<p>Hidrauliskie cilindri un sp\u0113ka agreg\u0101ti ir neat\u0146emamas hidraulisko sist\u0113mu sast\u0101vda\u013cas, kas darbojas saska\u0146oti, lai nodro\u0161in\u0101tu efekt\u012bvu hidraulisko tehnolo\u0123iju pielieto\u0161anu da\u017e\u0101d\u0101s nozar\u0113s. Hidrauliskais cilindrs darbojas k\u0101 izpildmeh\u0101nisms, p\u0101rveidojot hidraulisko ener\u0123iju meh\u0101nisk\u0101 kust\u012bb\u0101, savuk\u0101rt sp\u0113ka agreg\u0101ts kalpo k\u0101 sist\u0113mas sirds, pieg\u0101d\u0101jot spiediena \u0161\u0137idrumu, kas darbina cilindra darb\u012bbu. Kop\u0101 tie nodro\u0161ina uzticamu ener\u0123ijas un vad\u012bbas atbalstu da\u017e\u0101d\u0101m in\u017eeniertehnisk\u0101m un meh\u0101nisk\u0101m iek\u0101rt\u0101m.<\/p>\n<p>Uz\u0146\u0113mum\u0101 FMP m\u0113s apzin\u0101mies \u0161o komponentu kritisko lomu darb\u012bbas efektivit\u0101tes uzlabo\u0161an\u0101. T\u0101p\u0113c m\u0113s pied\u0101v\u0101jam ar\u012b da\u017e\u0101das sp\u0113ka agreg\u0101tu izv\u0113les iesp\u0113jas, nodro\u0161inot, ka jums ir visaptvero\u0161s risin\u0101jums vis\u0101m j\u016bsu hidraulisk\u0101s sist\u0113mas vajadz\u012bb\u0101m. M\u016bsu ap\u0146em\u0161an\u0101s nodro\u0161in\u0101t kvalit\u0101ti un veiktsp\u0113ju noz\u012bm\u0113, ka varat uztic\u0113ties m\u016bsu produktiem, kas nodro\u0161in\u0101s j\u016bsu darb\u012bbai nepiecie\u0161amo uzticam\u012bbu un efektivit\u0101ti neatkar\u012bgi no nozares vai pielietojuma.<\/p>\n<h2>Bie\u017ei uzdotie jaut\u0101jumi<\/h2>\n<p><b>J: Vai j\u016bs esat tirdzniec\u012bbas uz\u0146\u0113mums vai ra\u017eot\u0101js?<\/b><br \/>\nA: M\u0113s esam r\u016bpn\u012bca.<\/p>\n<p><b>J: Cik ilgs ir j\u016bsu pieg\u0101des laiks?<\/b><br \/>\nA: Parasti tas ir 25\u201335 dienas.<\/p>\n<p><b>J: Vai j\u016bs sniedzat paraugus? Vai tas ir bez maksas vai papildus?<\/b><br \/>\nA: J\u0101, m\u0113s var\u0113tu pied\u0101v\u0101t paraugu, bet tas nav bez maksas.<\/p>\n<p><img loading=\"lazy\" decoding=\"async\" class=\"alignnone  wp-image-6717\" src=\"https:\/\/fmp-components.com\/wp-content\/uploads\/2025\/03\/hydraulic-cylinder-211.webp\" alt=\"Hidrauliskie cilindri\" width=\"910\" height=\"912\" title=\"\" srcset=\"https:\/\/fmp-components.com\/wp-content\/uploads\/2025\/03\/hydraulic-cylinder-211.webp 910w, https:\/\/fmp-components.com\/wp-content\/uploads\/2025\/03\/hydraulic-cylinder-211-480x481.webp 480w\" sizes=\"(min-width: 0px) and (max-width: 480px) 480px, (min-width: 481px) 910px, 100vw\" \/><\/p>\n<h3>Par FMP<\/h3>\n<p>FMP ir vado\u0161ais it\u0101\u013cu ra\u017eot\u0101js, kas ir paz\u012bstams ar savu pieredzi augstas kvalit\u0101tes hidraulisko cilindru projekt\u0113\u0161an\u0101, izstr\u0101d\u0113 un ra\u017eo\u0161an\u0101. Ar bag\u0101t\u012bgu pieredzi, kas uzkr\u0101ta gadu desmitiem, m\u0113s apvienojam tradicion\u0101lo it\u0101\u013cu meistar\u012bbu ar modern\u0101kaj\u0101m tehnolo\u0123ij\u0101m, lai rad\u012btu izcilus hidrauliskos risin\u0101jumus, kas apmierina m\u016bsu klientu da\u017e\u0101d\u0101s vajadz\u012bbas vis\u0101 pasaul\u0113. FMP, kura galven\u0101 m\u012btne atrodas It\u0101lij\u0101, in\u017eenierijas izcil\u012bbas centr\u0101, ir k\u013cuvusi par uzticamu v\u0101rdu hidraulikas nozar\u0113, kas velt\u012bta uzticamu, iztur\u012bgu un inovat\u012bvu produktu pieg\u0101dei, kas dod iesp\u0113jas uz\u0146\u0113mumiem vis\u0101 pasaul\u0113.<\/p>\n<p>M\u016bsu uz\u0146\u0113mums apvieno progres\u012bvas ra\u017eo\u0161anas trad\u012bcijas ar progres\u012bvu dom\u0101\u0161anu. Izmantojot m\u016bsu pla\u0161o pieredzi hidraulisko sist\u0113mu jom\u0101, FMP ir k\u013cuvis par modernu uz\u0146\u0113mumu, kas izce\u013cas ar izciliem rezult\u0101tiem p\u0113tniec\u012bb\u0101, projekt\u0113\u0161an\u0101 un ra\u017eo\u0161an\u0101. M\u0113s pied\u0101v\u0101jam pla\u0161u hidraulisko cilindru kl\u0101stu, tostarp divk\u0101r\u0161as darb\u012bbas cilindrus, automobi\u013cu pacel\u0161anas cilindrus, lauksaimniec\u012bbas tehnikas cilindrus un individu\u0101li izstr\u0101d\u0101tus risin\u0101jumus, kas piel\u0101goti da\u017e\u0101diem r\u016bpnieciskiem pielietojumiem. Neatkar\u012bgi no t\u0101, vai tie ir paredz\u0113ti b\u016bvniec\u012bbai, r\u016bpniecisk\u0101m instal\u0101cij\u0101m, lauksaimniec\u012bbai vai smagajai tehnikai, m\u016bsu hidrauliskie cilindri ir paredz\u0113ti darbam vissare\u017e\u0123\u012bt\u0101kajos apst\u0101k\u013cos, nodro\u0161inot dro\u0161\u012bbu, efektivit\u0101ti un ilgm\u016b\u017e\u012bbu.<\/p>\n<p>Uz\u0146\u0113mum\u0101 FMP m\u0113s lepojamies ar sav\u0101m modern\u0101kaj\u0101m ra\u017eo\u0161anas iek\u0101rt\u0101m, kas apr\u012bkotas ar prec\u012bzijas iek\u0101rt\u0101m un modern\u0101m test\u0113\u0161anas sist\u0113m\u0101m. M\u016bsu ra\u017eo\u0161anas procesi atbilst stingriem valsts un starptautiskajiem standartiem, nodro\u0161inot, ka katrs sara\u017eotais hidrauliskais cilindrs atbilst augst\u0101kajiem kvalit\u0101tes un uzticam\u012bbas krit\u0113rijiem. M\u016bsu prasm\u012bg\u0101 tehnisk\u0101 komanda apvienojum\u0101 ar modernu apr\u012bkojumu \u013cauj mums iev\u0113rot stingru kvalit\u0101tes kontroli katr\u0101 ra\u017eo\u0161anas posm\u0101 \u2014 s\u0101kot no izejvielu izv\u0113les l\u012bdz gal\u012bgajai p\u0101rbaudei. \u0160\u012b ap\u0146em\u0161an\u0101s sasniegt izcil\u012bbu ir nodro\u0161in\u0101jusi mums sertifik\u0101tus un atzin\u012bbas no nozares iest\u0101d\u0113m, nostiprinot m\u016bsu reput\u0101ciju k\u0101 uzticamam partnerim.<\/p>\n<p><img loading=\"lazy\" decoding=\"async\" class=\"alignnone size-full wp-image-6720\" src=\"https:\/\/fmp-components.com\/wp-content\/uploads\/2025\/03\/hydraulic-cylinder-8.webp\" alt=\"Teleskopiskie hidrauliskie cilindri\" width=\"933\" height=\"526\" title=\"\" srcset=\"https:\/\/fmp-components.com\/wp-content\/uploads\/2025\/03\/hydraulic-cylinder-8.webp 933w, https:\/\/fmp-components.com\/wp-content\/uploads\/2025\/03\/hydraulic-cylinder-8-480x271.webp 480w\" sizes=\"(min-width: 0px) and (max-width: 480px) 480px, (min-width: 481px) 933px, 100vw\" \/><\/p>\n<p>M\u016bsu misija ir vienk\u0101r\u0161a, tom\u0113r ambicioza: nodro\u0161in\u0101t m\u016bsu klientus ar hidrauliskajiem cilindriem, kas p\u0101rsniedz cer\u012bbas attiec\u012bb\u0101 uz veiktsp\u0113ju, iztur\u012bbu un v\u0113rt\u012bbu. M\u0113s darbojamies, balstoties uz profesionalit\u0101ti, godpr\u0101t\u012bbu un klientu orient\u0101ciju. Veicinot inov\u0101ciju un precizit\u0101tes kult\u016bru, m\u0113s nep\u0101rtraukti uzlabojam savus produktus, lai saglab\u0101tu konkurences priek\u0161roc\u012bbas tirg\u016b. M\u016bsu pla\u0161ais produktu kl\u0101sts un sp\u0113ja pied\u0101v\u0101t piel\u0101gotus risin\u0101jumus padara m\u016bs par v\u0113lamo izv\u0113li uz\u0146\u0113mumiem, kas mekl\u0113 augstas veiktsp\u0113jas hidrauliskos cilindrus.<\/p>\n<p>FMP ir vair\u0101k nek\u0101 tikai ra\u017eot\u0101js; m\u0113s esam partneris j\u016bsu pan\u0101kumos. M\u0113s apzin\u0101mies, ka m\u016bsu klienti pa\u013caujas uz mums, lai pieg\u0101d\u0101tu instrumentus, kas uzlabo vi\u0146u produktivit\u0101ti un dro\u0161\u012bbu. T\u0101p\u0113c m\u0113s esam ap\u0146\u0113mu\u0161ies nodro\u0161in\u0101t ne tikai augst\u0101k\u0101s kvalit\u0101tes produktus, bet ar\u012b izcilu servisu. S\u0101kot ar s\u0101kotn\u0113jo konsult\u0101ciju un beidzot ar p\u0113cp\u0101rdo\u0161anas atbalstu, m\u0113s cie\u0161i sadarbojamies ar saviem klientiem, lai nodro\u0161in\u0101tu, ka vi\u0146u vajadz\u012bbas tiek apmierin\u0101tas ar profesionalit\u0101ti un r\u016bp\u012bbu. M\u016bsu konkur\u0113tsp\u0113j\u012bg\u0101s cenas apvienojum\u0101 ar nelok\u0101mo ap\u0146em\u0161anos nodro\u0161in\u0101t kvalit\u0101ti pozicion\u0113 FMP k\u0101 gudru izv\u0113li uz\u0146\u0113mumiem, kas v\u0113las ieguld\u012bt hidrauliskajos risin\u0101jumos, kuriem vi\u0146i var uztic\u0113ties.<\/p>","protected":false},"excerpt":{"rendered":"<p>Factory Customized 2 Stage Hydraulic Cylinder Small Dump Truck Multistage Hydraulic Cylinder Discover the remarkable efficiency and durability of our Factory Customized 2 Stage Hydraulic Cylinder. Designed specifically for small dump trucks and other machinery, this multistage hydraulic cylinder offers unmatched performance and reliability. Whether you work in machinery repair, farming, energy &amp; mining, or [&hellip;]<\/p>","protected":false},"featured_media":6690,"comment_status":"closed","ping_status":"closed","template":"","meta":{"_et_pb_use_builder":"","_et_pb_old_content":"","_et_gb_content_width":""},"product_brand":[],"product_cat":[103],"product_tag":[34,105],"class_list":{"0":"post-6522","1":"product","2":"type-product","3":"status-publish","4":"has-post-thumbnail","6":"product_cat-telescopic-hydraulic-cylinders","7":"product_tag-hydraulic-cylinder","8":"product_tag-telescopic-hydraulic-cylinders","10":"first","11":"instock","12":"product-type-simple"},"_links":{"self":[{"href":"https:\/\/fmp-components.com\/lv\/wp-json\/wp\/v2\/product\/6522","targetHints":{"allow":["GET"]}}],"collection":[{"href":"https:\/\/fmp-components.com\/lv\/wp-json\/wp\/v2\/product"}],"about":[{"href":"https:\/\/fmp-components.com\/lv\/wp-json\/wp\/v2\/types\/product"}],"replies":[{"embeddable":true,"href":"https:\/\/fmp-components.com\/lv\/wp-json\/wp\/v2\/comments?post=6522"}],"wp:featuredmedia":[{"embeddable":true,"href":"https:\/\/fmp-components.com\/lv\/wp-json\/wp\/v2\/media\/6690"}],"wp:attachment":[{"href":"https:\/\/fmp-components.com\/lv\/wp-json\/wp\/v2\/media?parent=6522"}],"wp:term":[{"taxonomy":"product_brand","embeddable":true,"href":"https:\/\/fmp-components.com\/lv\/wp-json\/wp\/v2\/product_brand?post=6522"},{"taxonomy":"product_cat","embeddable":true,"href":"https:\/\/fmp-components.com\/lv\/wp-json\/wp\/v2\/product_cat?post=6522"},{"taxonomy":"product_tag","embeddable":true,"href":"https:\/\/fmp-components.com\/lv\/wp-json\/wp\/v2\/product_tag?post=6522"}],"curies":[{"name":"wp","href":"https:\/\/api.w.org\/{rel}","templated":true}]}}