{"id":6521,"date":"2025-03-11T06:26:57","date_gmt":"2025-03-11T06:26:57","guid":{"rendered":"https:\/\/fmp-components.com\/product\/excellent-quality-small-dump-truck-hydraulic-hoist-cylinder-telescopic-hydraulic-cylinder"},"modified":"2025-03-20T00:46:54","modified_gmt":"2025-03-20T00:46:54","slug":"excellent-quality-small-dump-truck-hydraulic-hoist-cylinder-telescopic-hydraulic-cylinder","status":"publish","type":"product","link":"https:\/\/fmp-components.com\/lv\/product\/excellent-quality-small-dump-truck-hydraulic-hoist-cylinder-telescopic-hydraulic-cylinder\/","title":{"rendered":"Lieliskas kvalit\u0101tes maza pa\u0161izg\u0101z\u0113ja hidraulisk\u0101 pac\u0113l\u0101ja cilindra teleskopiskais hidrauliskais cilindrs"},"content":{"rendered":"<h2>Lieliskas kvalit\u0101tes maza pa\u0161izg\u0101z\u0113ja hidraulisk\u0101 pac\u0113l\u0101ja cilindra teleskopiskais hidrauliskais cilindrs<\/h2>\n<p>M\u016bsu hidrauliskais cilindrs ir izcilas kvalit\u0101tes mazo pa\u0161izg\u0101z\u0113ju hidrauliskais pacel\u0161anas cilindrs un teleskopiskais hidrauliskais cilindrs. Tas ir jauns 2025.\u00a0gada produkts, kas paredz\u0113ts izcilai veiktsp\u0113jai ma\u0161\u012bnb\u016bves remonta darbn\u012bc\u0101s, saimniec\u012bb\u0101s, ener\u0123\u0113tikas un kalnr\u016bpniec\u012bbas nozar\u0113s, ma\u0161\u012bnb\u016bves ra\u017eo\u0161an\u0101 un ma\u0161\u012bnb\u016bves r\u016bpn\u012bc\u0101s.<\/p>\n<h2>Funkcijas un specifik\u0101cijas<\/h2>\n<p>Hidrauliskais cilindrs ir standarta komplekt\u0101cij\u0101 ar virzu\u013ca strukt\u016bru un darbin\u0101ms ar hidrauliku. Tas ir izgatavots no iztur\u012bga t\u0113rauda un ir meln\u0101 kr\u0101s\u0101. T\u0101 maksim\u0101l\u0101 vilce ir 3000, un tas var pavilkt l\u012bdz pat 20 tonn\u0101m.<\/p>\n<h3>Tehniskie parametri<\/h3>\n<table style=\"width: 100.836%;\" border=\"\">\n<tbody>\n<tr>\n<td style=\"width: 42.9379%;\"><i>Urbuma izm\u0113rs<\/i><\/td>\n<td style=\"width: 478.531%;\">2\u20136 collas<\/td>\n<\/tr>\n<tr>\n<td style=\"width: 42.9379%;\"><i>Stie\u0146a izm\u0113rs<\/i><\/td>\n<td style=\"width: 478.531%;\">1,125\u20134 collas<\/td>\n<\/tr>\n<tr>\n<td style=\"width: 42.9379%;\"><i>Trieciena izm\u0113rs<\/i><\/td>\n<td style=\"width: 478.531%;\">4\u2013100 collas<\/td>\n<\/tr>\n<tr>\n<td style=\"width: 42.9379%;\"><i>Tapas izm\u0113rs<\/i><\/td>\n<td style=\"width: 478.531%;\">0,5\u20132 collas<\/td>\n<\/tr>\n<tr>\n<td style=\"width: 42.9379%;\"><i>Ostas<\/i><\/td>\n<td style=\"width: 478.531%;\">G\/SAE\/NPT\/M<\/td>\n<\/tr>\n<\/tbody>\n<\/table>\n<h3>Unik\u0101las \u012bpa\u0161\u012bbas un priek\u0161roc\u012bbas<\/h3>\n<ul>\n<li>Energoefekt\u012bvs<\/li>\n<li>\u013boti efekt\u012bvs<\/li>\n<li>Dro\u0161s lieto\u0161anai<\/li>\n<\/ul>\n<h2>Hidraulisk\u0101s sist\u0113mas un t\u0101s darb\u012bbas principa izpratne<\/h2>\n<p>Hidraulisk\u0101 sist\u0113ma darbojas p\u0113c hidraulisk\u0101s ener\u0123ijas pamatprincipa, izmantojot spiediena \u0161\u0137idruma rad\u012bto sp\u0113ku, lai efekt\u012bvi rad\u012btu, kontrol\u0113tu un p\u0101rvad\u012btu jaudu. \u0160\u012b sist\u0113ma izmanto \u0161\u0137idrumu nesaspie\u017eam\u012bbu, nodro\u0161inot efekt\u012bvu sp\u0113ka p\u0101rnesi att\u0101lumos. Hidrauliskais cilindrs ir b\u016btiska \u0161\u012bs sist\u0113mas sast\u0101vda\u013ca, jo tas veic b\u016btisku funkciju - p\u0101rveidot hidraulisko ener\u0123iju lietder\u012bg\u0101 meh\u0101nisk\u0101 darb\u0101. Izmantojot hidraulisk\u0101 \u0161\u0137idruma spiedienu, cilindrs \u0123ener\u0113 line\u0101ru sp\u0113ku un kust\u012bbu, \u013caujot veikt da\u017e\u0101dus meh\u0101niskus uzdevumus ar precizit\u0101ti un iztur\u012bbu. \u0160\u012b sp\u0113ja padara hidraulisk\u0101s sist\u0113mas ide\u0101li piem\u0113rotas lietojumiem, kuriem nepiecie\u0161ama iev\u0113rojama jauda un vad\u012bba, uzlabojot produktivit\u0101ti daudz\u0101s nozar\u0113s.<\/p>\n<p><img loading=\"lazy\" decoding=\"async\" class=\"alignnone wp-image-6656\" src=\"https:\/\/fmp-components.com\/wp-content\/uploads\/2025\/03\/telescopic-hydraulic-cylinder-5.webp\" alt=\"teleskopiskais hidrauliskais cilindrs\" width=\"928\" height=\"928\" title=\"\" srcset=\"https:\/\/fmp-components.com\/wp-content\/uploads\/2025\/03\/telescopic-hydraulic-cylinder-5.webp 928w, https:\/\/fmp-components.com\/wp-content\/uploads\/2025\/03\/telescopic-hydraulic-cylinder-5-480x480.webp 480w\" sizes=\"(min-width: 0px) and (max-width: 480px) 480px, (min-width: 481px) 928px, 100vw\" \/><\/p>\n<h2>Hidraulisk\u0101 cilindra pielietojums<\/h2>\n<p>Hidrauliskajiem cilindriem ir pla\u0161s pielietojumu kl\u0101sts da\u017e\u0101d\u0101s nozar\u0113s, kas apliecina to daudzpus\u012bbu un efektivit\u0101ti. Ma\u0161\u012bnu remonta darbn\u012bc\u0101s tie ir svar\u012bgi smago iek\u0101rtu cel\u0161anai un manevr\u0113\u0161anai, \u013caujot tehni\u0137iem dro\u0161i un efekt\u012bvi veikt apkopi un remontu. Lauksaimniec\u012bb\u0101 hidrauliskie cilindri uzlabo da\u017e\u0101du lauksaimniec\u012bbas iek\u0101rtu, piem\u0113ram, traktoru un kombainu, funkcionalit\u0101ti, nodro\u0161inot efekt\u012bvu kult\u016braugu un materi\u0101lu apstr\u0101di. Ener\u0123\u0113tikas un kalnr\u016bpniec\u012bbas nozares ar\u012b pa\u013caujas uz hidrauliskajiem cilindriem, pateicoties to sp\u0113c\u012bgajai veiktsp\u0113jai sare\u017e\u0123\u012btos apst\u0101k\u013cos, atvieglojot t\u0101dus uzdevumus k\u0101 smagu kravu cel\u0161ana un ma\u0161\u012bnu vad\u012b\u0161ana sare\u017e\u0123\u012bt\u0101 vid\u0113. Turkl\u0101t ma\u0161\u012bnu ra\u017eo\u0161an\u0101 un ma\u0161\u012bnu r\u016bpn\u012bc\u0101s \u0161iem cilindriem ir b\u016btiska loma mont\u0101\u017eas l\u012bnij\u0101s un ra\u017eo\u0161anas procesos, nodro\u0161inot vienm\u0113r\u012bgu darb\u012bbu un augstu efektivit\u0101ti.<\/p>\n<h2>Hidrauliskie cilindri un sp\u0113ka agreg\u0101ti<\/h2>\n<p>Hidrauliskie cilindri un sp\u0113ka agreg\u0101ti ir neaizst\u0101jamas hidraulisko sist\u0113mu sast\u0101vda\u013cas, kas darbojas tand\u0113m\u0101, lai nodro\u0161in\u0101tu efekt\u012bvu hidraulisko tehnolo\u0123iju pielieto\u0161anu r\u016bpnieciskos apst\u0101k\u013cos. Hidrauliskais cilindrs darbojas k\u0101 izpildmeh\u0101nisms, kas p\u0101rveido hidraulisko ener\u0123iju meh\u0101nisk\u0101 kust\u012bb\u0101, savuk\u0101rt sp\u0113ka agreg\u0101ts kalpo k\u0101 hidraulisk\u0101 \u0161\u0137idruma avots, \u0123ener\u0113jot un regul\u0113jot cilindra darb\u012bbai nepiecie\u0161amo spiedienu. Kop\u0101 tie nodro\u0161ina uzticamu jaudas un vad\u012bbas atbalstu da\u017e\u0101d\u0101m in\u017eeniertehnisk\u0101m un meh\u0101nisk\u0101m iek\u0101rt\u0101m.<\/p>\n<p>Uz\u0146\u0113mum\u0101 FMP m\u0113s saprotam \u0161o komponentu noz\u012bmi efekt\u012bvu hidraulisko sist\u0113mu izveid\u0113, t\u0101p\u0113c pied\u0101v\u0101jam ar\u012b da\u017e\u0101das sp\u0113ka agreg\u0101tu izv\u0113les iesp\u0113jas. Nodro\u0161inot gan hidrauliskos cilindrus, gan sp\u0113ka agreg\u0101tus, m\u0113s sevi pozicion\u0113jam k\u0101 visaptvero\u0161u risin\u0101jumu vis\u0101m hidrauliskaj\u0101m vajadz\u012bb\u0101m. M\u016bsu ap\u0146em\u0161an\u0101s pieg\u0101d\u0101t augstas kvalit\u0101tes produktus nodro\u0161ina, ka varat uztic\u0113ties m\u016bsu risin\u0101jumiem, lai uzlabotu j\u016bsu darb\u012bbas efektivit\u0101ti un uzticam\u012bbu neatkar\u012bgi no nozares vai pielietojuma.<\/p>\n<p><img loading=\"lazy\" decoding=\"async\" class=\"alignnone wp-image-6657\" src=\"https:\/\/fmp-components.com\/wp-content\/uploads\/2025\/03\/telescopic-hydraulic-cylinder-3.webp\" alt=\"teleskopiskais hidrauliskais cilindrs\" width=\"933\" height=\"933\" title=\"\" srcset=\"https:\/\/fmp-components.com\/wp-content\/uploads\/2025\/03\/telescopic-hydraulic-cylinder-3.webp 933w, https:\/\/fmp-components.com\/wp-content\/uploads\/2025\/03\/telescopic-hydraulic-cylinder-3-480x480.webp 480w\" sizes=\"(min-width: 0px) and (max-width: 480px) 480px, (min-width: 481px) 933px, 100vw\" \/><\/p>\n<h3>Bie\u017ei uzdotie jaut\u0101jumi<\/h3>\n<p>J: Vai j\u016bs esat tirdzniec\u012bbas uz\u0146\u0113mums vai ra\u017eot\u0101js?<br \/>\nA: M\u0113s esam r\u016bpn\u012bca, kas atrodas It\u0101lij\u0101.<\/p>\n<p>J: K\u0101ds ir j\u016bsu pieg\u0101des laiks?<br \/>\nA: Parasti tas ir 25\u201335 dienas.<\/p>\n<p>J: Vai j\u016bs sniedzat paraugus?<br \/>\nA: J\u0101, m\u0113s pied\u0101v\u0101jam paraugus, bet tie nav bez maksas.<\/p>\n<h3>Par FMP<\/h3>\n<p>FMP ir vado\u0161ais it\u0101\u013cu ra\u017eot\u0101js, kas ir paz\u012bstams ar savu pieredzi augstas kvalit\u0101tes hidraulisko cilindru projekt\u0113\u0161an\u0101, izstr\u0101d\u0113 un ra\u017eo\u0161an\u0101. Ar bag\u0101t\u012bgu pieredzi, kas uzkr\u0101ta gadu desmitiem, m\u0113s apvienojam tradicion\u0101lo it\u0101\u013cu meistar\u012bbu ar modern\u0101kaj\u0101m tehnolo\u0123ij\u0101m, lai rad\u012btu izcilus hidrauliskos risin\u0101jumus, kas apmierina m\u016bsu klientu da\u017e\u0101d\u0101s vajadz\u012bbas vis\u0101 pasaul\u0113. FMP, kura galven\u0101 m\u012btne atrodas It\u0101lij\u0101, in\u017eenierijas izcil\u012bbas centr\u0101, ir k\u013cuvusi par uzticamu v\u0101rdu hidraulikas nozar\u0113, kas velt\u012bta uzticamu, iztur\u012bgu un inovat\u012bvu produktu pieg\u0101dei, kas dod iesp\u0113jas uz\u0146\u0113mumiem vis\u0101 pasaul\u0113.<\/p>\n<p>M\u016bsu uz\u0146\u0113mums apvieno progres\u012bvas ra\u017eo\u0161anas trad\u012bcijas ar progres\u012bvu dom\u0101\u0161anu. Izmantojot m\u016bsu pla\u0161o pieredzi hidraulisko sist\u0113mu jom\u0101, FMP ir k\u013cuvis par modernu uz\u0146\u0113mumu, kas izce\u013cas ar izciliem rezult\u0101tiem p\u0113tniec\u012bb\u0101, projekt\u0113\u0161an\u0101 un ra\u017eo\u0161an\u0101. M\u0113s pied\u0101v\u0101jam pla\u0161u hidraulisko cilindru kl\u0101stu, tostarp divk\u0101r\u0161as darb\u012bbas cilindrus, automobi\u013cu pacel\u0161anas cilindrus, lauksaimniec\u012bbas tehnikas cilindrus un individu\u0101li izstr\u0101d\u0101tus risin\u0101jumus, kas piel\u0101goti da\u017e\u0101diem r\u016bpnieciskiem pielietojumiem. Neatkar\u012bgi no t\u0101, vai tie ir paredz\u0113ti b\u016bvniec\u012bbai, r\u016bpniecisk\u0101m instal\u0101cij\u0101m, lauksaimniec\u012bbai vai smagajai tehnikai, m\u016bsu hidrauliskie cilindri ir paredz\u0113ti darbam vissare\u017e\u0123\u012bt\u0101kajos apst\u0101k\u013cos, nodro\u0161inot dro\u0161\u012bbu, efektivit\u0101ti un ilgm\u016b\u017e\u012bbu.<\/p>\n<p>Uz\u0146\u0113mum\u0101 FMP m\u0113s lepojamies ar sav\u0101m modern\u0101kaj\u0101m ra\u017eo\u0161anas iek\u0101rt\u0101m, kas apr\u012bkotas ar prec\u012bzijas iek\u0101rt\u0101m un modern\u0101m test\u0113\u0161anas sist\u0113m\u0101m. M\u016bsu ra\u017eo\u0161anas procesi atbilst stingriem valsts un starptautiskajiem standartiem, nodro\u0161inot, ka katrs sara\u017eotais hidrauliskais cilindrs atbilst augst\u0101kajiem kvalit\u0101tes un uzticam\u012bbas krit\u0113rijiem. M\u016bsu prasm\u012bg\u0101 tehnisk\u0101 komanda apvienojum\u0101 ar modernu apr\u012bkojumu \u013cauj mums iev\u0113rot stingru kvalit\u0101tes kontroli katr\u0101 ra\u017eo\u0161anas posm\u0101 \u2014 s\u0101kot no izejvielu izv\u0113les l\u012bdz gal\u012bgajai p\u0101rbaudei. \u0160\u012b ap\u0146em\u0161an\u0101s sasniegt izcil\u012bbu ir nodro\u0161in\u0101jusi mums sertifik\u0101tus un atzin\u012bbas no nozares iest\u0101d\u0113m, nostiprinot m\u016bsu reput\u0101ciju k\u0101 uzticamam partnerim.<\/p>\n<p><img loading=\"lazy\" decoding=\"async\" class=\"alignnone size-full wp-image-6720\" src=\"https:\/\/fmp-components.com\/wp-content\/uploads\/2025\/03\/hydraulic-cylinder-8.webp\" alt=\"Teleskopiskie hidrauliskie cilindri\" width=\"933\" height=\"526\" title=\"\" srcset=\"https:\/\/fmp-components.com\/wp-content\/uploads\/2025\/03\/hydraulic-cylinder-8.webp 933w, https:\/\/fmp-components.com\/wp-content\/uploads\/2025\/03\/hydraulic-cylinder-8-480x271.webp 480w\" sizes=\"(min-width: 0px) and (max-width: 480px) 480px, (min-width: 481px) 933px, 100vw\" \/><\/p>\n<p>M\u016bsu misija ir vienk\u0101r\u0161a, tom\u0113r ambicioza: nodro\u0161in\u0101t m\u016bsu klientus ar hidrauliskajiem cilindriem, kas p\u0101rsniedz cer\u012bbas attiec\u012bb\u0101 uz veiktsp\u0113ju, iztur\u012bbu un v\u0113rt\u012bbu. M\u0113s darbojamies, balstoties uz profesionalit\u0101ti, godpr\u0101t\u012bbu un klientu orient\u0101ciju. Veicinot inov\u0101ciju un precizit\u0101tes kult\u016bru, m\u0113s nep\u0101rtraukti uzlabojam savus produktus, lai saglab\u0101tu konkurences priek\u0161roc\u012bbas tirg\u016b. M\u016bsu pla\u0161ais produktu kl\u0101sts un sp\u0113ja pied\u0101v\u0101t piel\u0101gotus risin\u0101jumus padara m\u016bs par v\u0113lamo izv\u0113li uz\u0146\u0113mumiem, kas mekl\u0113 augstas veiktsp\u0113jas hidrauliskos cilindrus.<\/p>\n<p>FMP ir vair\u0101k nek\u0101 tikai ra\u017eot\u0101js; m\u0113s esam partneris j\u016bsu pan\u0101kumos. M\u0113s apzin\u0101mies, ka m\u016bsu klienti pa\u013caujas uz mums, lai pieg\u0101d\u0101tu instrumentus, kas uzlabo vi\u0146u produktivit\u0101ti un dro\u0161\u012bbu. T\u0101p\u0113c m\u0113s esam ap\u0146\u0113mu\u0161ies nodro\u0161in\u0101t ne tikai augst\u0101k\u0101s kvalit\u0101tes produktus, bet ar\u012b izcilu servisu. S\u0101kot ar s\u0101kotn\u0113jo konsult\u0101ciju un beidzot ar p\u0113cp\u0101rdo\u0161anas atbalstu, m\u0113s cie\u0161i sadarbojamies ar saviem klientiem, lai nodro\u0161in\u0101tu, ka vi\u0146u vajadz\u012bbas tiek apmierin\u0101tas ar profesionalit\u0101ti un r\u016bp\u012bbu. M\u016bsu konkur\u0113tsp\u0113j\u012bg\u0101s cenas apvienojum\u0101 ar nelok\u0101mo ap\u0146em\u0161anos nodro\u0161in\u0101t kvalit\u0101ti pozicion\u0113 FMP k\u0101 gudru izv\u0113li uz\u0146\u0113mumiem, kas v\u0113las ieguld\u012bt hidrauliskajos risin\u0101jumos, kuriem vi\u0146i var uztic\u0113ties.<\/p>","protected":false},"excerpt":{"rendered":"<p>Excellent Quality Small Dump Truck Hydraulic Hoist Cylinder Telescopic Hydraulic Cylinder Our Hydraulic Cylinder is an excellent quality small dump truck hydraulic hoist cylinder and a telescopic hydraulic cylinder. It&#8217;s a new product of 2025, designed for superior performance in machinery repair shops, farms, energy and mining industries, machinery manufacturing, and machinery factories. Features and [&hellip;]<\/p>","protected":false},"featured_media":6781,"comment_status":"closed","ping_status":"closed","template":"","meta":{"_et_pb_use_builder":"","_et_pb_old_content":"","_et_gb_content_width":""},"product_brand":[],"product_cat":[103],"product_tag":[34,105],"class_list":{"0":"post-6521","1":"product","2":"type-product","3":"status-publish","4":"has-post-thumbnail","6":"product_cat-telescopic-hydraulic-cylinders","7":"product_tag-hydraulic-cylinder","8":"product_tag-telescopic-hydraulic-cylinders","10":"first","11":"instock","12":"product-type-simple"},"_links":{"self":[{"href":"https:\/\/fmp-components.com\/lv\/wp-json\/wp\/v2\/product\/6521","targetHints":{"allow":["GET"]}}],"collection":[{"href":"https:\/\/fmp-components.com\/lv\/wp-json\/wp\/v2\/product"}],"about":[{"href":"https:\/\/fmp-components.com\/lv\/wp-json\/wp\/v2\/types\/product"}],"replies":[{"embeddable":true,"href":"https:\/\/fmp-components.com\/lv\/wp-json\/wp\/v2\/comments?post=6521"}],"wp:featuredmedia":[{"embeddable":true,"href":"https:\/\/fmp-components.com\/lv\/wp-json\/wp\/v2\/media\/6781"}],"wp:attachment":[{"href":"https:\/\/fmp-components.com\/lv\/wp-json\/wp\/v2\/media?parent=6521"}],"wp:term":[{"taxonomy":"product_brand","embeddable":true,"href":"https:\/\/fmp-components.com\/lv\/wp-json\/wp\/v2\/product_brand?post=6521"},{"taxonomy":"product_cat","embeddable":true,"href":"https:\/\/fmp-components.com\/lv\/wp-json\/wp\/v2\/product_cat?post=6521"},{"taxonomy":"product_tag","embeddable":true,"href":"https:\/\/fmp-components.com\/lv\/wp-json\/wp\/v2\/product_tag?post=6521"}],"curies":[{"name":"wp","href":"https:\/\/api.w.org\/{rel}","templated":true}]}}