{"id":6518,"date":"2025-03-11T06:26:57","date_gmt":"2025-03-11T06:26:57","guid":{"rendered":"https:\/\/fmp-components.com\/product\/quality-manufacturing-2-stage-hydraulic-cylinder-telescopic-hydraulic-cylinder-for-sale"},"modified":"2025-03-12T01:24:32","modified_gmt":"2025-03-12T01:24:32","slug":"quality-manufacturing-2-stage-hydraulic-cylinder-telescopic-hydraulic-cylinder-for-sale","status":"publish","type":"product","link":"https:\/\/fmp-components.com\/lv\/product\/quality-manufacturing-2-stage-hydraulic-cylinder-telescopic-hydraulic-cylinder-for-sale\/","title":{"rendered":"Kvalitat\u012bvas ra\u017eo\u0161anas divpak\u0101pju hidrauliskais cilindrs P\u0101rdo\u0161an\u0101 teleskopiskais hidrauliskais cilindrs"},"content":{"rendered":"<h2>Kvalitat\u012bvas ra\u017eo\u0161anas divpak\u0101pju hidrauliskais cilindrs P\u0101rdo\u0161an\u0101 teleskopiskais hidrauliskais cilindrs<\/h2>\n<p>M\u016bsu modern\u0101kais divpak\u0101pju teleskopiskais hidrauliskais cilindrs ir izstr\u0101d\u0101ts, lai nodro\u0161in\u0101tu stabilu veiktsp\u0113ju un maksim\u0101lu efektivit\u0101ti. Izgatavots no augstas kvalit\u0101tes t\u0113rauda, \u200b\u200b\u0161is daudzpak\u0101pju hidrauliskais cilindrs ir ide\u0101li piem\u0113rots lieljaudas lietojumiem ma\u0161\u012bnb\u016bves remonta darbn\u012bc\u0101s, saimniec\u012bb\u0101s, ener\u0123\u0113tikas un kalnr\u016bpniec\u012bbas nozar\u0113s un citur.<\/p>\n<h3>Produkta specifik\u0101cijas<\/h3>\n<table style=\"width: 97.6872%;\" border=\"\">\n<tbody>\n<tr>\n<td style=\"width: 43.5028%;\"><b>Urbuma izm\u0113rs<\/b><\/td>\n<td style=\"width: 472.881%;\">2\u20136 collas<\/td>\n<\/tr>\n<tr>\n<td style=\"width: 43.5028%;\"><b>Stie\u0146a izm\u0113rs<\/b><\/td>\n<td style=\"width: 472.881%;\">1,125\u20134 collas<\/td>\n<\/tr>\n<tr>\n<td style=\"width: 43.5028%;\"><b>Trieciena izm\u0113rs<\/b><\/td>\n<td style=\"width: 472.881%;\">4\u2013100 collas<\/td>\n<\/tr>\n<tr>\n<td style=\"width: 43.5028%;\"><b>Tapas izm\u0113rs<\/b><\/td>\n<td style=\"width: 472.881%;\">0,5\u20132 collas<\/td>\n<\/tr>\n<tr>\n<td style=\"width: 43.5028%;\"><b>Ostas<\/b><\/td>\n<td style=\"width: 472.881%;\">G\/SAE\/NPT\/M<\/td>\n<\/tr>\n<\/tbody>\n<\/table>\n<h3>Galven\u0101s iez\u012bmes<\/h3>\n<ul>\n<li>Energoefekt\u012bvs<\/li>\n<li>Iztur\u012bga un ilgm\u016b\u017e\u012bga konstrukcija<\/li>\n<li>Augsta efektivit\u0101te, nodro\u0161inot maksim\u0101lu produktivit\u0101ti<\/li>\n<li>Dro\u0161\u012bba tiek nodro\u0161in\u0101ta, pateicoties 1 gada garantijai galvenaj\u0101m sast\u0101vda\u013c\u0101m<\/li>\n<\/ul>\n<h2>Hidraulisk\u0101 sist\u0113ma un darb\u012bbas princips<\/h2>\n<p>Hidraulisk\u0101 sist\u0113ma darbojas p\u0113c pamatprincipa, kas p\u0101rveido hidraulisko spiedienu meh\u0101nisk\u0101 kust\u012bb\u0101, \u013caujot veikt da\u017e\u0101dus uzdevumus ar iev\u0113rojamu efektivit\u0101ti un jaudu. \u0160\u012bs sist\u0113mas centr\u0101lais elements ir divpak\u0101pju hidrauliskais cilindrs \u2014 svar\u012bga sast\u0101vda\u013ca, kam ir iz\u0161\u0137iro\u0161a noz\u012bme hidraulisk\u0101s ener\u0123ijas p\u0101rveido\u0161an\u0101 sp\u0113c\u012bg\u0101 line\u0101r\u0101 sp\u0113k\u0101. \u0160\u012b p\u0101rveido\u0161ana \u013cauj cilindram efekt\u012bvi darbin\u0101t ma\u0161\u012bnas un iek\u0101rtas, padarot to par galveno elementu da\u017e\u0101dos r\u016bpnieciskos pielietojumos. Izmantojot \u0161\u0137idruma nesaspie\u017eam\u012bbu, hidraulisk\u0101 sist\u0113ma nodro\u0161ina, ka rad\u012bto sp\u0113ku var p\u0101rs\u016bt\u012bt vienm\u0113r\u012bgi un dro\u0161i, veicinot prec\u012bzu meh\u0101nisko kust\u012bbu kontroli.<\/p>\n<p><img loading=\"lazy\" decoding=\"async\" class=\"alignnone  wp-image-6662\" src=\"https:\/\/fmp-components.com\/wp-content\/uploads\/2025\/03\/telescopic-hydraulic-cylinder-4.webp\" alt=\"teleskopiskais hidrauliskais cilindrs\" width=\"936\" height=\"936\" title=\"\" srcset=\"https:\/\/fmp-components.com\/wp-content\/uploads\/2025\/03\/telescopic-hydraulic-cylinder-4.webp 936w, https:\/\/fmp-components.com\/wp-content\/uploads\/2025\/03\/telescopic-hydraulic-cylinder-4-480x480.webp 480w\" sizes=\"(min-width: 0px) and (max-width: 480px) 480px, (min-width: 481px) 936px, 100vw\" \/><\/p>\n<h2>Pieteikumi<\/h2>\n<p>Divpak\u0101pju hidraulisk\u0101 cilindra daudzpus\u012bba padara to ide\u0101li piem\u0113rotu izmanto\u0161anai daudz\u0101s nozar\u0113s. Tas ir \u012bpa\u0161i piem\u0113rots tehnikas remonta darbn\u012bc\u0101m, kur tas pal\u012bdz pacelt un novietot smago apr\u012bkojumu apkopes un remonta veik\u0161anai. Lauksaimniec\u012bb\u0101 \u0161ie cilindri uzlabo lauksaimniec\u012bbas tehnikas funkcionalit\u0101ti, \u013caujot efekt\u012bvi veikt t\u0101dus uzdevumus k\u0101 ar\u0161ana, cel\u0161ana un materi\u0101lu transport\u0113\u0161ana. Ar\u012b ener\u0123\u0113tikas un kalnr\u016bpniec\u012bbas nozares g\u016bst labumu no \u0161iem hidrauliskajiem cilindriem, jo \u200b\u200btie var iztur\u0113t sare\u017e\u0123\u012btus apst\u0101k\u013cus, kas saist\u012bti ar lieljaudas darb\u012bb\u0101m, piem\u0113ram, materi\u0101lu cel\u0161anu un p\u0101rvieto\u0161anu sare\u017e\u0123\u012bt\u0101 vid\u0113. Turkl\u0101t ma\u0161\u012bnb\u016bv\u0113 un da\u017e\u0101d\u0101s cit\u0101s nozar\u0113s \u0161is hidrauliskais cilindrs ir nenov\u0113rt\u0113jams mont\u0101\u017eas l\u012bnij\u0101s un ra\u017eo\u0161anas procesos, nodro\u0161inot, ka darb\u012bbas norit vienm\u0113r\u012bgi un efekt\u012bvi. T\u0101 uzticam\u012bba, jauda un efektivit\u0101te padara to par ide\u0101lu izv\u0113li jebkuram pielietojumam, kam nepiecie\u0161ama iztur\u012bga hidraulisk\u0101 sist\u0113ma.<\/p>\n<h2>Hidrauliskie cilindri un sp\u0113ka agreg\u0101ti<\/h2>\n<p>Hidrauliskie cilindri un sp\u0113ka agreg\u0101ti ir neaizst\u0101jamas jebkuras hidraulisk\u0101s sist\u0113mas sast\u0101vda\u013cas, kas darbojas saska\u0146oti, lai nodro\u0161in\u0101tu efekt\u012bvu hidraulisk\u0101s tehnolo\u0123ijas pielietojumu da\u017e\u0101d\u0101s r\u016bpniec\u012bbas jom\u0101s. Hidrauliskais cilindrs darbojas k\u0101 izpildmeh\u0101nisms, kas ir atbild\u012bgs par hidraulisk\u0101s ener\u0123ijas p\u0101rveido\u0161anu meh\u0101nisk\u0101 kust\u012bb\u0101 un spiediena p\u0101rveido\u0161anu sp\u0113k\u0101. \u0160\u012b sp\u0113ja \u013cauj tam veikt pla\u0161u funkciju kl\u0101stu, s\u0101kot no smagu kravu cel\u0161anas l\u012bdz prec\u012bzai ma\u0161\u012bnu vad\u012b\u0161anai.<\/p>\n<p>No otras puses, baro\u0161anas bloks kalpo k\u0101 hidraulisk\u0101s sist\u0113mas kodols, nodro\u0161inot nepiecie\u0161amo ener\u0123iju un vad\u012bbas sign\u0101lus hidraulisk\u0101 cilindra darbin\u0101\u0161anai. Tas \u0123ener\u0113 un regul\u0113 hidraulisk\u0101 \u0161\u0137idruma spiedienu, nodro\u0161inot sist\u0113mas efekt\u012bvu un lietder\u012bgu darb\u012bbu. Koordin\u0101cija starp hidraulisko cilindru un baro\u0161anas bloku ir b\u016btiska hidraulisk\u0101s sist\u0113mas norm\u0101lai darb\u012bbai, \u013caujot nodro\u0161in\u0101t nevainojamu darb\u012bbu da\u017e\u0101dos pielietojumos.<\/p>\n<p>Uz\u0146\u0113mum\u0101 FMP m\u0113s saprotam \u0161o komponentu noz\u012bmi darb\u012bbas efektivit\u0101tes uzlabo\u0161an\u0101, t\u0101p\u0113c pied\u0101v\u0101jam ar\u012b pla\u0161u sp\u0113ka agreg\u0101tu kl\u0101stu p\u0101rdo\u0161anai. M\u016bsu ap\u0146em\u0161an\u0101s nodro\u0161in\u0101t augstas kvalit\u0101tes hidrauliskos risin\u0101jumus nodro\u0161ina, ka varat pa\u013cauties uz m\u016bsu produktiem, lai nodro\u0161in\u0101tu veiktsp\u0113ju, uzticam\u012bbu un kontroli, kas nepiecie\u0161ama j\u016bsu konkr\u0113tajiem lietojumiem r\u016bpniec\u012bbas nozar\u0113.<\/p>\n<p><img loading=\"lazy\" decoding=\"async\" class=\"alignnone  wp-image-6663\" src=\"https:\/\/fmp-components.com\/wp-content\/uploads\/2025\/03\/telescopic-hydraulic-cylinder-11.webp\" alt=\"teleskopiskais hidrauliskais cilindrs\" width=\"921\" height=\"921\" title=\"\" srcset=\"https:\/\/fmp-components.com\/wp-content\/uploads\/2025\/03\/telescopic-hydraulic-cylinder-11.webp 921w, https:\/\/fmp-components.com\/wp-content\/uploads\/2025\/03\/telescopic-hydraulic-cylinder-11-480x480.webp 480w\" sizes=\"(min-width: 0px) and (max-width: 480px) 480px, (min-width: 481px) 921px, 100vw\" \/><\/p>\n<h3>Par FMP<\/h3>\n<p>FMP ir vado\u0161ais it\u0101\u013cu ra\u017eot\u0101js, kas ir paz\u012bstams ar savu pieredzi augstas kvalit\u0101tes hidraulisko cilindru projekt\u0113\u0161an\u0101, izstr\u0101d\u0113 un ra\u017eo\u0161an\u0101. Ar bag\u0101t\u012bgu pieredzi, kas uzkr\u0101ta gadu desmitiem, m\u0113s apvienojam tradicion\u0101lo it\u0101\u013cu meistar\u012bbu ar modern\u0101kaj\u0101m tehnolo\u0123ij\u0101m, lai rad\u012btu izcilus hidrauliskos risin\u0101jumus, kas apmierina m\u016bsu klientu da\u017e\u0101d\u0101s vajadz\u012bbas vis\u0101 pasaul\u0113. FMP, kura galven\u0101 m\u012btne atrodas It\u0101lij\u0101, in\u017eenierijas izcil\u012bbas centr\u0101, ir k\u013cuvusi par uzticamu v\u0101rdu hidraulikas nozar\u0113, kas velt\u012bta uzticamu, iztur\u012bgu un inovat\u012bvu produktu pieg\u0101dei, kas dod iesp\u0113jas uz\u0146\u0113mumiem vis\u0101 pasaul\u0113.<\/p>\n<p>M\u016bsu uz\u0146\u0113mums apvieno progres\u012bvas ra\u017eo\u0161anas trad\u012bcijas ar progres\u012bvu dom\u0101\u0161anu. Izmantojot m\u016bsu pla\u0161o pieredzi hidraulisko sist\u0113mu jom\u0101, FMP ir k\u013cuvis par modernu uz\u0146\u0113mumu, kas izce\u013cas ar izciliem rezult\u0101tiem p\u0113tniec\u012bb\u0101, projekt\u0113\u0161an\u0101 un ra\u017eo\u0161an\u0101. M\u0113s pied\u0101v\u0101jam pla\u0161u hidraulisko cilindru kl\u0101stu, tostarp divk\u0101r\u0161as darb\u012bbas cilindrus, automobi\u013cu pacel\u0161anas cilindrus, lauksaimniec\u012bbas tehnikas cilindrus un individu\u0101li izstr\u0101d\u0101tus risin\u0101jumus, kas piel\u0101goti da\u017e\u0101diem r\u016bpnieciskiem pielietojumiem. Neatkar\u012bgi no t\u0101, vai tie ir paredz\u0113ti b\u016bvniec\u012bbai, r\u016bpniecisk\u0101m instal\u0101cij\u0101m, lauksaimniec\u012bbai vai smagajai tehnikai, m\u016bsu hidrauliskie cilindri ir paredz\u0113ti darbam vissare\u017e\u0123\u012bt\u0101kajos apst\u0101k\u013cos, nodro\u0161inot dro\u0161\u012bbu, efektivit\u0101ti un ilgm\u016b\u017e\u012bbu.<\/p>\n<p>Uz\u0146\u0113mum\u0101 FMP m\u0113s lepojamies ar sav\u0101m modern\u0101kaj\u0101m ra\u017eo\u0161anas iek\u0101rt\u0101m, kas apr\u012bkotas ar prec\u012bzijas iek\u0101rt\u0101m un modern\u0101m test\u0113\u0161anas sist\u0113m\u0101m. M\u016bsu ra\u017eo\u0161anas procesi atbilst stingriem valsts un starptautiskajiem standartiem, nodro\u0161inot, ka katrs sara\u017eotais hidrauliskais cilindrs atbilst augst\u0101kajiem kvalit\u0101tes un uzticam\u012bbas krit\u0113rijiem. M\u016bsu prasm\u012bg\u0101 tehnisk\u0101 komanda apvienojum\u0101 ar modernu apr\u012bkojumu \u013cauj mums iev\u0113rot stingru kvalit\u0101tes kontroli katr\u0101 ra\u017eo\u0161anas posm\u0101 \u2014 s\u0101kot no izejvielu izv\u0113les l\u012bdz gal\u012bgajai p\u0101rbaudei. \u0160\u012b ap\u0146em\u0161an\u0101s sasniegt izcil\u012bbu ir nodro\u0161in\u0101jusi mums sertifik\u0101tus un atzin\u012bbas no nozares iest\u0101d\u0113m, nostiprinot m\u016bsu reput\u0101ciju k\u0101 uzticamam partnerim.<\/p>\n<p><img loading=\"lazy\" decoding=\"async\" class=\"alignnone size-full wp-image-6720\" src=\"https:\/\/fmp-components.com\/wp-content\/uploads\/2025\/03\/hydraulic-cylinder-8.webp\" alt=\"Teleskopiskie hidrauliskie cilindri\" width=\"933\" height=\"526\" title=\"\" srcset=\"https:\/\/fmp-components.com\/wp-content\/uploads\/2025\/03\/hydraulic-cylinder-8.webp 933w, https:\/\/fmp-components.com\/wp-content\/uploads\/2025\/03\/hydraulic-cylinder-8-480x271.webp 480w\" sizes=\"(min-width: 0px) and (max-width: 480px) 480px, (min-width: 481px) 933px, 100vw\" \/><\/p>\n<p>M\u016bsu misija ir vienk\u0101r\u0161a, tom\u0113r ambicioza: nodro\u0161in\u0101t m\u016bsu klientus ar hidrauliskajiem cilindriem, kas p\u0101rsniedz cer\u012bbas attiec\u012bb\u0101 uz veiktsp\u0113ju, iztur\u012bbu un v\u0113rt\u012bbu. M\u0113s darbojamies, balstoties uz profesionalit\u0101ti, godpr\u0101t\u012bbu un klientu orient\u0101ciju. Veicinot inov\u0101ciju un precizit\u0101tes kult\u016bru, m\u0113s nep\u0101rtraukti uzlabojam savus produktus, lai saglab\u0101tu konkurences priek\u0161roc\u012bbas tirg\u016b. M\u016bsu pla\u0161ais produktu kl\u0101sts un sp\u0113ja pied\u0101v\u0101t piel\u0101gotus risin\u0101jumus padara m\u016bs par v\u0113lamo izv\u0113li uz\u0146\u0113mumiem, kas mekl\u0113 augstas veiktsp\u0113jas hidrauliskos cilindrus.<\/p>\n<p>FMP ir vair\u0101k nek\u0101 tikai ra\u017eot\u0101js; m\u0113s esam partneris j\u016bsu pan\u0101kumos. M\u0113s apzin\u0101mies, ka m\u016bsu klienti pa\u013caujas uz mums, lai pieg\u0101d\u0101tu instrumentus, kas uzlabo vi\u0146u produktivit\u0101ti un dro\u0161\u012bbu. T\u0101p\u0113c m\u0113s esam ap\u0146\u0113mu\u0161ies nodro\u0161in\u0101t ne tikai augst\u0101k\u0101s kvalit\u0101tes produktus, bet ar\u012b izcilu servisu. S\u0101kot ar s\u0101kotn\u0113jo konsult\u0101ciju un beidzot ar p\u0113cp\u0101rdo\u0161anas atbalstu, m\u0113s cie\u0161i sadarbojamies ar saviem klientiem, lai nodro\u0161in\u0101tu, ka vi\u0146u vajadz\u012bbas tiek apmierin\u0101tas ar profesionalit\u0101ti un r\u016bp\u012bbu. M\u016bsu konkur\u0113tsp\u0113j\u012bg\u0101s cenas apvienojum\u0101 ar nelok\u0101mo ap\u0146em\u0161anos nodro\u0161in\u0101t kvalit\u0101ti pozicion\u0113 FMP k\u0101 gudru izv\u0113li uz\u0146\u0113mumiem, kas v\u0113las ieguld\u012bt hidrauliskajos risin\u0101jumos, kuriem vi\u0146i var uztic\u0113ties.<\/p>","protected":false},"excerpt":{"rendered":"<p>Quality Manufacturing 2 Stage Hydraulic Cylinder Telescopic Hydraulic Cylinder For Sale Our state-of-the-art 2 Stage Telescopic hydraulic cylinder is designed for robust performance and maximum efficiency. Made with high-quality steel, this multi-stage hydraulic cylinder is perfect for heavy-duty applications in machinery repair shops, farms, energy &amp; mining industries, and more. Product Specifications Bore Size 2-6 [&hellip;]<\/p>","protected":false},"featured_media":6693,"comment_status":"closed","ping_status":"closed","template":"","meta":{"_et_pb_use_builder":"","_et_pb_old_content":"","_et_gb_content_width":""},"product_brand":[],"product_cat":[103],"product_tag":[34,105],"class_list":{"0":"post-6518","1":"product","2":"type-product","3":"status-publish","4":"has-post-thumbnail","6":"product_cat-telescopic-hydraulic-cylinders","7":"product_tag-hydraulic-cylinder","8":"product_tag-telescopic-hydraulic-cylinders","10":"first","11":"instock","12":"product-type-simple"},"_links":{"self":[{"href":"https:\/\/fmp-components.com\/lv\/wp-json\/wp\/v2\/product\/6518","targetHints":{"allow":["GET"]}}],"collection":[{"href":"https:\/\/fmp-components.com\/lv\/wp-json\/wp\/v2\/product"}],"about":[{"href":"https:\/\/fmp-components.com\/lv\/wp-json\/wp\/v2\/types\/product"}],"replies":[{"embeddable":true,"href":"https:\/\/fmp-components.com\/lv\/wp-json\/wp\/v2\/comments?post=6518"}],"wp:featuredmedia":[{"embeddable":true,"href":"https:\/\/fmp-components.com\/lv\/wp-json\/wp\/v2\/media\/6693"}],"wp:attachment":[{"href":"https:\/\/fmp-components.com\/lv\/wp-json\/wp\/v2\/media?parent=6518"}],"wp:term":[{"taxonomy":"product_brand","embeddable":true,"href":"https:\/\/fmp-components.com\/lv\/wp-json\/wp\/v2\/product_brand?post=6518"},{"taxonomy":"product_cat","embeddable":true,"href":"https:\/\/fmp-components.com\/lv\/wp-json\/wp\/v2\/product_cat?post=6518"},{"taxonomy":"product_tag","embeddable":true,"href":"https:\/\/fmp-components.com\/lv\/wp-json\/wp\/v2\/product_tag?post=6518"}],"curies":[{"name":"wp","href":"https:\/\/api.w.org\/{rel}","templated":true}]}}