{"id":6517,"date":"2025-03-11T06:26:57","date_gmt":"2025-03-11T06:26:57","guid":{"rendered":"https:\/\/fmp-components.com\/product\/factory-serving-small-dump-truck-hydraulic-hoist-cylinder-multistage-hydraulic-cylinder"},"modified":"2025-03-12T01:35:55","modified_gmt":"2025-03-12T01:35:55","slug":"factory-serving-small-dump-truck-hydraulic-hoist-cylinder-multistage-hydraulic-cylinder","status":"publish","type":"product","link":"https:\/\/fmp-components.com\/lv\/product\/factory-serving-small-dump-truck-hydraulic-hoist-cylinder-multistage-hydraulic-cylinder\/","title":{"rendered":"R\u016bpn\u012bc\u0101 apkalpojo\u0161s mazs pa\u0161izg\u0101z\u0113ja hidrauliskais pac\u0113l\u0101ja cilindrs, daudzpak\u0101pju hidrauliskais cilindrs"},"content":{"rendered":"<h2>R\u016bpn\u012bc\u0101 apkalpojo\u0161s mazs pa\u0161izg\u0101z\u0113ja hidrauliskais pac\u0113l\u0101ja cilindrs, daudzpak\u0101pju hidrauliskais cilindrs<\/h2>\n<p>Iepaz\u012bstin\u0101m ar m\u016bsu pavisam jauno r\u016bpn\u012bc\u0101 apkalpojo\u0161o mazo pa\u0161izg\u0101z\u0113ju hidraulisko pacel\u0161anas cilindru \u2014 modernu risin\u0101jumu, kas izstr\u0101d\u0101ts, lai apmierin\u0101tu j\u016bsu tehnikas vajadz\u012bbas. \u0160is hidrauliskais cilindrs, kas izgatavots no augst\u0101k\u0101s kvalit\u0101tes materi\u0101liem un paredz\u0113ts izcilai veiktsp\u0113jai, ir pareiz\u0101 izv\u0113le pla\u0161am pielietojumu kl\u0101stam.<\/p>\n<h3>Produkta \u012bpa\u0161\u012bbas un noz\u012bme<\/h3>\n<p>M\u016bsu daudzpak\u0101pju hidrauliskais cilindrs ir paredz\u0113ts maziem pa\u0161izg\u0101z\u0113jiem un kalpo k\u0101 iztur\u012bgs un uzticams hidrauliskais pac\u0113l\u0101js. Tam ir iz\u0161\u0137iro\u0161a noz\u012bme smagu kravu cel\u0161an\u0101 un p\u0101rvieto\u0161an\u0101, t\u0101d\u0113j\u0101di uzlabojot produktivit\u0101ti un efektivit\u0101ti da\u017e\u0101d\u0101s nozar\u0113s, piem\u0113ram, ma\u0161\u012bnb\u016bves remontdarbn\u012bc\u0101s, saimniec\u012bb\u0101s, ener\u0123\u0113tik\u0101 un ieguves r\u016bpniec\u012bb\u0101, ma\u0161\u012bnb\u016bves ra\u017eo\u0161an\u0101 un ma\u0161\u012bnb\u016bves r\u016bpn\u012bc\u0101s.<\/p>\n<h3>Tehnisk\u0101s specifik\u0101cijas<\/h3>\n<p>M\u016bsu hidrauliskais pacel\u0161anas cilindrs ir izstr\u0101d\u0101ts ar detaliz\u0113t\u0101m specifik\u0101cij\u0101m, kas nodro\u0161ina optim\u0101lu veiktsp\u0113ju un iztur\u012bbu.<\/p>\n<table style=\"width: 101.27%;\" border=\"\">\n<tbody>\n<tr>\n<td style=\"width: 42.9379%;\"><i>Urbuma izm\u0113rs<\/i><\/td>\n<td style=\"width: 480.791%;\">2\u20136 collas<\/td>\n<\/tr>\n<tr>\n<td style=\"width: 42.9379%;\"><i>Stie\u0146a izm\u0113rs<\/i><\/td>\n<td style=\"width: 480.791%;\">1,125\u20134 collas<\/td>\n<\/tr>\n<tr>\n<td style=\"width: 42.9379%;\"><i>Trieciena izm\u0113rs<\/i><\/td>\n<td style=\"width: 480.791%;\">4\u2013100 collas<\/td>\n<\/tr>\n<tr>\n<td style=\"width: 42.9379%;\"><i>Tapas izm\u0113rs<\/i><\/td>\n<td style=\"width: 480.791%;\">0,5\u20132 collas<\/td>\n<\/tr>\n<tr>\n<td style=\"width: 42.9379%;\"><i>Ostas<\/i><\/td>\n<td style=\"width: 480.791%;\">G\/SAE\/NPT\/M<\/td>\n<\/tr>\n<\/tbody>\n<\/table>\n<h2>Unik\u0101las \u012bpa\u0161\u012bbas un priek\u0161roc\u012bbas<\/h2>\n<p>M\u016bsu daudzpak\u0101pju hidrauliskais cilindrs ir izstr\u0101d\u0101ts ar virkni unik\u0101lu \u012bpa\u0161\u012bbu un priek\u0161roc\u012bbu, kas to at\u0161\u0137ir tirg\u016b. Ar iev\u0113rojamu maksim\u0101lo vilces sp\u0113ku 3000 tonnu un maksim\u0101lo vilk\u0161anas jaudu 20 tonnu, \u0161is cilindrs nodro\u0161ina izcilu jaudu un efektivit\u0101ti, padarot to ide\u0101li piem\u0113rotu lieljaudas lietojumiem. T\u0101 ener\u0123iju taupo\u0161ais dizains ne tikai palielina veiktsp\u0113ju, bet ar\u012b samazina ekspluat\u0101cijas izmaksas, nodro\u0161inot, ka lietot\u0101ji g\u016bst labumu gan no efektivit\u0101tes, gan ilgtsp\u0113j\u012bbas.<\/p>\n<p>Izgatavots no augstas kvalit\u0101tes t\u0113rauda, \u200b\u200bcilindrs lepojas ar nep\u0101rsp\u0113jamu iztur\u012bbu un dro\u0161\u012bbu, padarot to piem\u0113rotu skarbajiem darba apst\u0101k\u013ciem. Iztur\u012bgais t\u0113rauda korpuss nodro\u0161ina, ka tas var iztur\u0113t ar pras\u012bgiem uzdevumiem saist\u012bto slodzi un slodzi, sniedzot operatoriem sirdsmieru. Turkl\u0101t m\u016bsu daudzpak\u0101pju hidrauliskais cilindrs ir sertific\u0113ts ar ISO9001:2000, kas atspogu\u013co m\u016bsu ap\u0146em\u0161anos uztur\u0113t augst\u0101kos kvalit\u0101tes un uzticam\u012bbas standartus m\u016bsu produktos. \u0160\u012b sertifik\u0101cija apliecina klientiem, ka vi\u0146i iegulda produkt\u0101, kas atbilst stingriem starptautiskajiem kvalit\u0101tes vad\u012bbas standartiem, v\u0113l vair\u0101k uzlabojot t\u0101 pievilc\u012bbu da\u017e\u0101dos r\u016bpnieciskos pielietojumos.<\/p>\n<p><img loading=\"lazy\" decoding=\"async\" class=\"alignnone  wp-image-6664\" src=\"https:\/\/fmp-components.com\/wp-content\/uploads\/2025\/03\/telescopic-hydraulic-cylinder-8.webp\" alt=\"teleskopiskais hidrauliskais cilindrs\" width=\"919\" height=\"919\" title=\"\" srcset=\"https:\/\/fmp-components.com\/wp-content\/uploads\/2025\/03\/telescopic-hydraulic-cylinder-8.webp 919w, https:\/\/fmp-components.com\/wp-content\/uploads\/2025\/03\/telescopic-hydraulic-cylinder-8-480x480.webp 480w\" sizes=\"(min-width: 0px) and (max-width: 480px) 480px, (min-width: 481px) 919px, 100vw\" \/><\/p>\n<h2>Hidraulisk\u0101 sist\u0113ma un darb\u012bbas principi<\/h2>\n<p>M\u016bsu hidrauliskais pacel\u0161anas cilindrs darbojas, pamatojoties uz spiediena \u0161\u0137idruma sp\u0113ka principiem, kas ir b\u016btiski line\u0101ras kust\u012bbas un sp\u0113ka rad\u012b\u0161anai. \u0160aj\u0101 sist\u0113m\u0101 spiediena hidrauliskais \u0161\u0137idrums tiek ievad\u012bts cilindr\u0101, izraisot virzu\u013ca kust\u012bbu. \u0160\u012b kust\u012bba rada nepiecie\u0161amo sp\u0113ku, lai efekt\u012bvi paceltu vai p\u0101rvietotu smagas kravas. Hidraulisk\u0101 pacel\u0161anas cilindra konstrukcija nodro\u0161ina, ka \u0161is process ir gan vienm\u0113r\u012bgs, gan jaud\u012bgs, veicinot augstu veiktsp\u0113ju un uzticam\u012bbu.<\/p>\n<p>Efekt\u012bva hidraulisk\u0101s ener\u0123ijas p\u0101rveido\u0161ana meh\u0101nisk\u0101 kust\u012bb\u0101 \u013cauj m\u016bsu hidrauliskajam pacel\u0161anas cilindram prec\u012bzi veikt pla\u0161u uzdevumu kl\u0101stu. \u0160\u012b efekt\u012bv\u0101 sist\u0113ma ne tikai uzlabo produktivit\u0101ti, bet ar\u012b nodro\u0161ina dro\u0161u kravu apstr\u0101di, padarot to par b\u016btisku sast\u0101vda\u013cu da\u017e\u0101dos r\u016bpnieciskos pielietojumos, tostarp b\u016bvniec\u012bb\u0101, ra\u017eo\u0161an\u0101 un transport\u0113\u0161an\u0101.<\/p>\n<p><img loading=\"lazy\" decoding=\"async\" class=\"alignnone  wp-image-6665\" src=\"https:\/\/fmp-components.com\/wp-content\/uploads\/2025\/03\/telescopic-hydraulic-cylinder-9.webp\" alt=\"teleskopiskais hidrauliskais cilindrs\" width=\"906\" height=\"906\" title=\"\" srcset=\"https:\/\/fmp-components.com\/wp-content\/uploads\/2025\/03\/telescopic-hydraulic-cylinder-9.webp 906w, https:\/\/fmp-components.com\/wp-content\/uploads\/2025\/03\/telescopic-hydraulic-cylinder-9-480x480.webp 480w\" sizes=\"(min-width: 0px) and (max-width: 480px) 480px, (min-width: 481px) 906px, 100vw\" \/><\/p>\n<h2>Hidrauliskie cilindri un sp\u0113ka agreg\u0101ti<\/h2>\n<p>Hidrauliskie cilindri un sp\u0113ka agreg\u0101ti ir neaizst\u0101jami hidraulisko sist\u0113mu elementi, un katram no tiem ir iz\u0161\u0137iro\u0161a noz\u012bme to kop\u0113j\u0101 funkcionalit\u0101t\u0113. Hidrauliskais cilindrs kalpo k\u0101 izpildmeh\u0101nisms, p\u0101rveidojot hidraulisko ener\u0123iju meh\u0101nisk\u0101 kust\u012bb\u0101, savuk\u0101rt sp\u0113ka agreg\u0101ts darbojas k\u0101 sist\u0113mas sirds, pieg\u0101d\u0101jot nepiecie\u0161amo hidraulisko \u0161\u0137idrumu un spiedienu cilindra darb\u012bbas nodro\u0161in\u0101\u0161anai.<\/p>\n<p>\u0160o divu komponentu koordin\u0113ta darb\u012bba ir b\u016btiska hidraulisk\u0101s tehnolo\u0123ijas pla\u0161ai izmanto\u0161anai r\u016bpniec\u012bbas sektor\u0101. Kop\u0101 tie nodro\u0161ina uzticamu jaudas un vad\u012bbas atbalstu da\u017e\u0101d\u0101m in\u017eeniertehnisk\u0101m un meh\u0101nisk\u0101m iek\u0101rt\u0101m, garant\u0113jot darb\u012bbas netrauc\u0113tu un efekt\u012bvu norisi.<\/p>\n<p>M\u016bsu uz\u0146\u0113mum\u0101 m\u0113s saprotam \u0161o komponentu noz\u012bmi darb\u012bbas efektivit\u0101tes uzlabo\u0161an\u0101, t\u0101p\u0113c pied\u0101v\u0101jam ar\u012b augstas kvalit\u0101tes sp\u0113ka agreg\u0101tus p\u0101rdo\u0161anai. M\u016bsu ap\u0146em\u0161an\u0101s nodro\u0161in\u0101t uzticamus hidrauliskos risin\u0101jumus nodro\u0161ina, ka varat pa\u013cauties uz m\u016bsu produktiem, lai nodro\u0161in\u0101tu nepiecie\u0161amo veiktsp\u0113ju un kontroli j\u016bsu konkr\u0113tajos pielietojumos.<\/p>\n<p><img loading=\"lazy\" decoding=\"async\" class=\"alignnone  wp-image-6717\" src=\"https:\/\/fmp-components.com\/wp-content\/uploads\/2025\/03\/hydraulic-cylinder-211.webp\" alt=\"Hidrauliskie cilindri\" width=\"910\" height=\"912\" title=\"\" srcset=\"https:\/\/fmp-components.com\/wp-content\/uploads\/2025\/03\/hydraulic-cylinder-211.webp 910w, https:\/\/fmp-components.com\/wp-content\/uploads\/2025\/03\/hydraulic-cylinder-211-480x481.webp 480w\" sizes=\"(min-width: 0px) and (max-width: 480px) 480px, (min-width: 481px) 910px, 100vw\" \/><\/p>\n<h2>Bie\u017ei uzdotie jaut\u0101jumi<\/h2>\n<p><b>J: Vai j\u016bs esat tirdzniec\u012bbas uz\u0146\u0113mums vai ra\u017eot\u0101js?<\/b><br \/>\nA: M\u0113s esam r\u016bpn\u012bca.<\/p>\n<p><b>J: Cik ilgs ir j\u016bsu pieg\u0101des laiks?<\/b><br \/>\nA: Parasti tas ir 25\u201335 dienas.<\/p>\n<p><b>J: Vai j\u016bs sniedzat paraugus?<\/b><br \/>\nA: J\u0101, m\u0113s var\u0113tu pied\u0101v\u0101t paraugu, bet tas nav bez maksas.<\/p>\n<h3>Par FMP<\/h3>\n<p>FMP ir vado\u0161ais it\u0101\u013cu ra\u017eot\u0101js, kas ir paz\u012bstams ar savu pieredzi augstas kvalit\u0101tes hidraulisko cilindru projekt\u0113\u0161an\u0101, izstr\u0101d\u0113 un ra\u017eo\u0161an\u0101. Ar bag\u0101t\u012bgu pieredzi, kas uzkr\u0101ta gadu desmitiem, m\u0113s apvienojam tradicion\u0101lo it\u0101\u013cu meistar\u012bbu ar modern\u0101kaj\u0101m tehnolo\u0123ij\u0101m, lai rad\u012btu izcilus hidrauliskos risin\u0101jumus, kas apmierina m\u016bsu klientu da\u017e\u0101d\u0101s vajadz\u012bbas vis\u0101 pasaul\u0113. FMP, kura galven\u0101 m\u012btne atrodas It\u0101lij\u0101, in\u017eenierijas izcil\u012bbas centr\u0101, ir k\u013cuvusi par uzticamu v\u0101rdu hidraulikas nozar\u0113, kas velt\u012bta uzticamu, iztur\u012bgu un inovat\u012bvu produktu pieg\u0101dei, kas dod iesp\u0113jas uz\u0146\u0113mumiem vis\u0101 pasaul\u0113.<\/p>\n<p>M\u016bsu uz\u0146\u0113mums apvieno progres\u012bvas ra\u017eo\u0161anas trad\u012bcijas ar progres\u012bvu dom\u0101\u0161anu. Izmantojot m\u016bsu pla\u0161o pieredzi hidraulisko sist\u0113mu jom\u0101, FMP ir k\u013cuvis par modernu uz\u0146\u0113mumu, kas izce\u013cas ar izciliem rezult\u0101tiem p\u0113tniec\u012bb\u0101, projekt\u0113\u0161an\u0101 un ra\u017eo\u0161an\u0101. M\u0113s pied\u0101v\u0101jam pla\u0161u hidraulisko cilindru kl\u0101stu, tostarp divk\u0101r\u0161as darb\u012bbas cilindrus, automobi\u013cu pacel\u0161anas cilindrus, lauksaimniec\u012bbas tehnikas cilindrus un individu\u0101li izstr\u0101d\u0101tus risin\u0101jumus, kas piel\u0101goti da\u017e\u0101diem r\u016bpnieciskiem pielietojumiem. Neatkar\u012bgi no t\u0101, vai tie ir paredz\u0113ti b\u016bvniec\u012bbai, r\u016bpniecisk\u0101m instal\u0101cij\u0101m, lauksaimniec\u012bbai vai smagajai tehnikai, m\u016bsu hidrauliskie cilindri ir paredz\u0113ti darbam vissare\u017e\u0123\u012bt\u0101kajos apst\u0101k\u013cos, nodro\u0161inot dro\u0161\u012bbu, efektivit\u0101ti un ilgm\u016b\u017e\u012bbu.<\/p>\n<p>Uz\u0146\u0113mum\u0101 FMP m\u0113s lepojamies ar sav\u0101m modern\u0101kaj\u0101m ra\u017eo\u0161anas iek\u0101rt\u0101m, kas apr\u012bkotas ar prec\u012bzijas iek\u0101rt\u0101m un modern\u0101m test\u0113\u0161anas sist\u0113m\u0101m. M\u016bsu ra\u017eo\u0161anas procesi atbilst stingriem valsts un starptautiskajiem standartiem, nodro\u0161inot, ka katrs sara\u017eotais hidrauliskais cilindrs atbilst augst\u0101kajiem kvalit\u0101tes un uzticam\u012bbas krit\u0113rijiem. M\u016bsu prasm\u012bg\u0101 tehnisk\u0101 komanda apvienojum\u0101 ar modernu apr\u012bkojumu \u013cauj mums iev\u0113rot stingru kvalit\u0101tes kontroli katr\u0101 ra\u017eo\u0161anas posm\u0101 \u2014 s\u0101kot no izejvielu izv\u0113les l\u012bdz gal\u012bgajai p\u0101rbaudei. \u0160\u012b ap\u0146em\u0161an\u0101s sasniegt izcil\u012bbu ir nodro\u0161in\u0101jusi mums sertifik\u0101tus un atzin\u012bbas no nozares iest\u0101d\u0113m, nostiprinot m\u016bsu reput\u0101ciju k\u0101 uzticamam partnerim.<\/p>\n<p><img loading=\"lazy\" decoding=\"async\" class=\"alignnone size-full wp-image-6720\" src=\"https:\/\/fmp-components.com\/wp-content\/uploads\/2025\/03\/hydraulic-cylinder-8.webp\" alt=\"Teleskopiskie hidrauliskie cilindri\" width=\"933\" height=\"526\" title=\"\" srcset=\"https:\/\/fmp-components.com\/wp-content\/uploads\/2025\/03\/hydraulic-cylinder-8.webp 933w, https:\/\/fmp-components.com\/wp-content\/uploads\/2025\/03\/hydraulic-cylinder-8-480x271.webp 480w\" sizes=\"(min-width: 0px) and (max-width: 480px) 480px, (min-width: 481px) 933px, 100vw\" \/><\/p>\n<p>M\u016bsu misija ir vienk\u0101r\u0161a, tom\u0113r ambicioza: nodro\u0161in\u0101t m\u016bsu klientus ar hidrauliskajiem cilindriem, kas p\u0101rsniedz cer\u012bbas attiec\u012bb\u0101 uz veiktsp\u0113ju, iztur\u012bbu un v\u0113rt\u012bbu. M\u0113s darbojamies, balstoties uz profesionalit\u0101ti, godpr\u0101t\u012bbu un klientu orient\u0101ciju. Veicinot inov\u0101ciju un precizit\u0101tes kult\u016bru, m\u0113s nep\u0101rtraukti uzlabojam savus produktus, lai saglab\u0101tu konkurences priek\u0161roc\u012bbas tirg\u016b. M\u016bsu pla\u0161ais produktu kl\u0101sts un sp\u0113ja pied\u0101v\u0101t piel\u0101gotus risin\u0101jumus padara m\u016bs par v\u0113lamo izv\u0113li uz\u0146\u0113mumiem, kas mekl\u0113 augstas veiktsp\u0113jas hidrauliskos cilindrus.<\/p>\n<p>FMP ir vair\u0101k nek\u0101 tikai ra\u017eot\u0101js; m\u0113s esam partneris j\u016bsu pan\u0101kumos. M\u0113s apzin\u0101mies, ka m\u016bsu klienti pa\u013caujas uz mums, lai pieg\u0101d\u0101tu instrumentus, kas uzlabo vi\u0146u produktivit\u0101ti un dro\u0161\u012bbu. T\u0101p\u0113c m\u0113s esam ap\u0146\u0113mu\u0161ies nodro\u0161in\u0101t ne tikai augst\u0101k\u0101s kvalit\u0101tes produktus, bet ar\u012b izcilu servisu. S\u0101kot ar s\u0101kotn\u0113jo konsult\u0101ciju un beidzot ar p\u0113cp\u0101rdo\u0161anas atbalstu, m\u0113s cie\u0161i sadarbojamies ar saviem klientiem, lai nodro\u0161in\u0101tu, ka vi\u0146u vajadz\u012bbas tiek apmierin\u0101tas ar profesionalit\u0101ti un r\u016bp\u012bbu. M\u016bsu konkur\u0113tsp\u0113j\u012bg\u0101s cenas apvienojum\u0101 ar nelok\u0101mo ap\u0146em\u0161anos nodro\u0161in\u0101t kvalit\u0101ti pozicion\u0113 FMP k\u0101 gudru izv\u0113li uz\u0146\u0113mumiem, kas v\u0113las ieguld\u012bt hidrauliskajos risin\u0101jumos, kuriem vi\u0146i var uztic\u0113ties.<\/p>","protected":false},"excerpt":{"rendered":"<p>Factory Serving Small Dump Truck Hydraulic Hoist Cylinder Multistage Hydraulic Cylinder Introducing our brand new Factory Serving Small Dump Truck Hydraulic Hoist Cylinder Multistage Hydraulic Cylinder, a cutting-edge solution designed to meet your machinery needs. Built with the highest quality materials and engineered for superior performance, this hydraulic cylinder is the right choice for a [&hellip;]<\/p>","protected":false},"featured_media":6694,"comment_status":"closed","ping_status":"closed","template":"","meta":{"_et_pb_use_builder":"","_et_pb_old_content":"","_et_gb_content_width":""},"product_brand":[],"product_cat":[103],"product_tag":[34,105],"class_list":{"0":"post-6517","1":"product","2":"type-product","3":"status-publish","4":"has-post-thumbnail","6":"product_cat-telescopic-hydraulic-cylinders","7":"product_tag-hydraulic-cylinder","8":"product_tag-telescopic-hydraulic-cylinders","10":"first","11":"instock","12":"product-type-simple"},"_links":{"self":[{"href":"https:\/\/fmp-components.com\/lv\/wp-json\/wp\/v2\/product\/6517","targetHints":{"allow":["GET"]}}],"collection":[{"href":"https:\/\/fmp-components.com\/lv\/wp-json\/wp\/v2\/product"}],"about":[{"href":"https:\/\/fmp-components.com\/lv\/wp-json\/wp\/v2\/types\/product"}],"replies":[{"embeddable":true,"href":"https:\/\/fmp-components.com\/lv\/wp-json\/wp\/v2\/comments?post=6517"}],"wp:featuredmedia":[{"embeddable":true,"href":"https:\/\/fmp-components.com\/lv\/wp-json\/wp\/v2\/media\/6694"}],"wp:attachment":[{"href":"https:\/\/fmp-components.com\/lv\/wp-json\/wp\/v2\/media?parent=6517"}],"wp:term":[{"taxonomy":"product_brand","embeddable":true,"href":"https:\/\/fmp-components.com\/lv\/wp-json\/wp\/v2\/product_brand?post=6517"},{"taxonomy":"product_cat","embeddable":true,"href":"https:\/\/fmp-components.com\/lv\/wp-json\/wp\/v2\/product_cat?post=6517"},{"taxonomy":"product_tag","embeddable":true,"href":"https:\/\/fmp-components.com\/lv\/wp-json\/wp\/v2\/product_tag?post=6517"}],"curies":[{"name":"wp","href":"https:\/\/api.w.org\/{rel}","templated":true}]}}