{"id":6510,"date":"2025-03-11T06:26:57","date_gmt":"2025-03-11T06:26:57","guid":{"rendered":"https:\/\/fmp-components.com\/product\/guaranteed-quality-mini-dump-truck-hydraulic-cylinders-telescopic-hydraulic-cylinder"},"modified":"2025-03-18T01:06:37","modified_gmt":"2025-03-18T01:06:37","slug":"guaranteed-quality-mini-dump-truck-hydraulic-cylinders-telescopic-hydraulic-cylinder","status":"publish","type":"product","link":"https:\/\/fmp-components.com\/lv\/product\/guaranteed-quality-mini-dump-truck-hydraulic-cylinders-telescopic-hydraulic-cylinder\/","title":{"rendered":"Garant\u0113tas kvalit\u0101tes mini pa\u0161izg\u0101z\u0113ja hidrauliskie cilindri Teleskopiskais hidrauliskais cilindrs"},"content":{"rendered":"<h2>Garant\u0113tas kvalit\u0101tes mini pa\u0161izg\u0101z\u0113ja hidrauliskie cilindri Teleskopiskais hidrauliskais cilindrs<\/h2>\n<p>Iepaz\u012bstin\u0101m ar m\u016bsu augst\u0101k\u0101s kvalit\u0101tes mini pa\u0161izg\u0101z\u0113ju hidrauliskajiem cilindriem \u2014 teleskopisko hidraulisko cilindru \u2014 jaunumu 2025. gadam. \u0160is produkts ir standarta virzu\u013ccilindra tipa hidrauliskais cilindrs, kas \u012bpa\u0161i izstr\u0101d\u0101ts ma\u0161\u012bnb\u016bves remonta darbn\u012bc\u0101m, lauksaimniec\u012bbas, ener\u0123\u0113tikas un kalnr\u016bpniec\u012bbas, k\u0101 ar\u012b ma\u0161\u012bnb\u016bves nozar\u0113m. Tas ir izgatavots no iztur\u012bga t\u0113rauda un tam ir daudzpak\u0101pju dizains, kas ir ide\u0101li piem\u0113rots lieljaudas lietojumiem.<\/p>\n<h3>Unik\u0101las funkcijas un priek\u0161roc\u012bbas<\/h3>\n<ul>\n<li><b>Energoefekt\u012bvs:<\/b> M\u016bsu hidrauliskais cilindrs ir izstr\u0101d\u0101ts t\u0101, lai pat\u0113r\u0113tu maz\u0101k ener\u0123ijas, padarot to efekt\u012bv\u0101ku un videi draudz\u012bg\u0101ku.<\/li>\n<li><b>Augsta veiktsp\u0113ja:<\/b> Ar maksim\u0101lo vilces sp\u0113ku 3000 tonnu un maksim\u0101lo vilk\u0161anas sp\u0113ku 20 tonnu, tas nodro\u0161ina izcilu jaudu jebkuram uzdevumam.<\/li>\n<li><b>Dro\u0161\u012bba:<\/b> M\u016bsu produkts ir sertific\u0113ts saska\u0146\u0101 ar ISO9001:2000, kas apliecina t\u0101 dro\u0161\u012bbu un uzticam\u012bbu.<\/li>\n<\/ul>\n<h3>Tehnisk\u0101 inform\u0101cija<\/h3>\n<p>M\u016bsu hidraulisk\u0101 cilindra urbuma diametrs ir no 2 l\u012bdz 6 coll\u0101m, stie\u0146a izm\u0113rs ir no 1,125 l\u012bdz 4 coll\u0101m un g\u0101jiena garums ir no 4 l\u012bdz 100 coll\u0101m. Tam ir G\/SAE\/NPT\/M piesl\u0113gvietas un tapas izm\u0113rs ir no 0,5 l\u012bdz 2 coll\u0101m. Visas \u0161\u012bs funkcijas ir izstr\u0101d\u0101tas, lai nodro\u0161in\u0101tu t\u0101 daudzpus\u012bbu un piel\u0101gojam\u012bbu da\u017e\u0101dos darba scen\u0101rijos.<\/p>\n<table style=\"width: 101.488%;\" border=\"\">\n<tbody>\n<tr>\n<td style=\"width: 42.9379%;\"><i>Urbuma izm\u0113rs<\/i><\/td>\n<td style=\"width: 481.921%;\">2\u20136 collas<\/td>\n<\/tr>\n<tr>\n<td style=\"width: 42.9379%;\"><i>Stie\u0146a izm\u0113rs<\/i><\/td>\n<td style=\"width: 481.921%;\">1,125\u20134 collas<\/td>\n<\/tr>\n<tr>\n<td style=\"width: 42.9379%;\"><i>Trieciena izm\u0113rs<\/i><\/td>\n<td style=\"width: 481.921%;\">4\u2013100 collas<\/td>\n<\/tr>\n<tr>\n<td style=\"width: 42.9379%;\"><i>Tapas izm\u0113rs<\/i><\/td>\n<td style=\"width: 481.921%;\">0,5\u20132 collas<\/td>\n<\/tr>\n<tr>\n<td style=\"width: 42.9379%;\"><i>Ostas<\/i><\/td>\n<td style=\"width: 481.921%;\">G\/SAE\/NPT\/M<\/td>\n<\/tr>\n<\/tbody>\n<\/table>\n<h3>Hidraulisk\u0101 sist\u0113ma un darba princips<\/h3>\n<p>M\u016bsu hidrauliskie cilindri darbojas p\u0113c spiediena \u0161\u0137idruma pavairo\u0161anas pamatprincipa. \u0160\u012b sist\u0113ma ir izstr\u0101d\u0101ta, lai izmantotu hidraulisk\u0101 \u0161\u0137idruma jaudu, nodro\u0161inot efekt\u012bvu sp\u0113ka un kust\u012bbas p\u0101rnesi. Izmantojot spiediena \u0161\u0137idrumu, m\u016bsu hidrauliskie cilindri var pastiprin\u0101t sp\u0113ka izvadi, \u013caujot tiem viegli un prec\u012bzi veikt sare\u017e\u0123\u012btus uzdevumus. \u0160\u012b konstrukcija ne tikai nodro\u0161ina nemain\u012bgu veiktsp\u0113ju da\u017e\u0101dos pielietojumos, bet ar\u012b uzsver augst\u0101kos dro\u0161\u012bbas un efektivit\u0101tes standartus. Hidraulisk\u0101 sist\u0113ma ir r\u016bp\u012bgi izstr\u0101d\u0101ta, lai samazin\u0101tu ener\u0123ijas zudumus, palielin\u0101tu produktivit\u0101ti un saglab\u0101tu darb\u012bbas integrit\u0101ti, padarot to par b\u016btisku m\u016bsdienu r\u016bpniecisko iek\u0101rtu sast\u0101vda\u013cu.<\/p>\n<p><img loading=\"lazy\" decoding=\"async\" class=\"alignnone wp-image-6657\" src=\"https:\/\/fmp-components.com\/wp-content\/uploads\/2025\/03\/telescopic-hydraulic-cylinder-3.webp\" alt=\"teleskopiskais hidrauliskais cilindrs\" width=\"917\" height=\"917\" title=\"\" srcset=\"https:\/\/fmp-components.com\/wp-content\/uploads\/2025\/03\/telescopic-hydraulic-cylinder-3.webp 917w, https:\/\/fmp-components.com\/wp-content\/uploads\/2025\/03\/telescopic-hydraulic-cylinder-3-480x480.webp 480w\" sizes=\"(min-width: 0px) and (max-width: 480px) 480px, (min-width: 481px) 917px, 100vw\" \/><\/p>\n<h3>Hidrauliskie cilindri un sp\u0113ka agreg\u0101ti<\/h3>\n<p>Hidrauliskie cilindri un sp\u0113ka agreg\u0101ti ir neat\u0146emamas jebkuras hidraulisk\u0101s sist\u0113mas sast\u0101vda\u013cas, kas darbojas saska\u0146oti, lai nodro\u0161in\u0101tu optim\u0101lu veiktsp\u0113ju. Hidrauliskais cilindrs darbojas k\u0101 izpildmeh\u0101nisms, kas ir atbild\u012bgs par hidraulisk\u0101s ener\u0123ijas p\u0101rveido\u0161anu meh\u0101nisk\u0101 kust\u012bb\u0101. Tas p\u0101rveido spiedienu sp\u0113k\u0101, \u013caujot veikt pla\u0161u uzdevumu kl\u0101stu, s\u0101kot no cel\u0161anas un stum\u0161anas l\u012bdz iesp\u012bl\u0113\u0161anai un rot\u0113\u0161anai. No otras puses, sp\u0113ka agreg\u0101ts darbojas k\u0101 hidraulisk\u0101s sist\u0113mas sirds, pieg\u0101d\u0101jot nepiecie\u0161amo ener\u0123iju un vad\u012bbas sign\u0101lus darb\u012bbai. Tas \u0123ener\u0113 un regul\u0113 hidraulisk\u0101 \u0161\u0137idruma spiedienu, nodro\u0161inot cilindra vienm\u0113r\u012bgu un efekt\u012bvu darb\u012bbu.<\/p>\n<p>Hidraulisk\u0101 cilindra un sp\u0113ka agreg\u0101ta koordin\u0113ta darb\u012bba ir \u013coti svar\u012bga efekt\u012bvai hidraulisko tehnolo\u0123iju ievie\u0161anai da\u017e\u0101d\u0101s nozar\u0113s. \u0160\u012b siner\u0123ija ne tikai nodro\u0161ina uzticamu jaudas un vad\u012bbas atbalstu in\u017eeniertehniskaj\u0101m un meh\u0101niskaj\u0101m iek\u0101rt\u0101m, bet ar\u012b uzlabo darb\u012bbas kop\u0113jo efektivit\u0101ti. Nodro\u0161inot abu komponentu nevainojamu darb\u012bbu kop\u0101, hidraulisk\u0101 sist\u0113ma var veikt sare\u017e\u0123\u012btus uzdevumus ar precizit\u0101ti un uzticam\u012bbu. FMP pied\u0101v\u0101 ar\u012b virkni sp\u0113ka agreg\u0101tu p\u0101rdo\u0161anai, kas paredz\u0113ti, lai papildin\u0101tu m\u016bsu hidrauliskos cilindrus un sniegtu visaptvero\u0161us risin\u0101jumus j\u016bsu hidraulisk\u0101s sist\u0113mas vajadz\u012bb\u0101m. M\u016bsu ap\u0146em\u0161an\u0101s nodro\u0161in\u0101t kvalit\u0101ti un inov\u0101cijas garant\u0113, ka j\u016bs sa\u0146emat visefekt\u012bv\u0101kos produktus, lai uzlabotu savas darb\u012bbas iesp\u0113jas.<\/p>\n<p><img loading=\"lazy\" decoding=\"async\" class=\"alignnone wp-image-6658\" src=\"https:\/\/fmp-components.com\/wp-content\/uploads\/2025\/03\/telescopic-hydraulic-cylinder-6.webp\" alt=\"teleskopiskais hidrauliskais cilindrs\" width=\"929\" height=\"929\" title=\"\" srcset=\"https:\/\/fmp-components.com\/wp-content\/uploads\/2025\/03\/telescopic-hydraulic-cylinder-6.webp 929w, https:\/\/fmp-components.com\/wp-content\/uploads\/2025\/03\/telescopic-hydraulic-cylinder-6-480x480.webp 480w\" sizes=\"(min-width: 0px) and (max-width: 480px) 480px, (min-width: 481px) 929px, 100vw\" \/><\/p>\n<h2>Bie\u017ei uzdotie jaut\u0101jumi<\/h2>\n<p><b>J: Vai j\u016bs esat tirdzniec\u012bbas uz\u0146\u0113mums vai ra\u017eot\u0101js?<\/b><br \/>\nA: M\u0113s esam r\u016bpn\u012bca.<\/p>\n<p><b>J: Cik ilgs ir j\u016bsu pieg\u0101des laiks?<\/b><br \/>\nA: Parasti tas ir 25\u201335 dienas.<\/p>\n<p><b>J: Vai j\u016bs sniedzat paraugus? Vai tas ir bez maksas vai papildus?<\/b><br \/>\nA: J\u0101, m\u0113s var\u0113tu pied\u0101v\u0101t paraugu, bet tas nav bez maksas.<\/p>\n<h3>Par FMP<\/h3>\n<p class=\"break-words\">FMP ir vado\u0161ais It\u0101lijas ra\u017eot\u0101js, kas specializ\u0113jas augstas kvalit\u0101tes hidraulisko cilindru projekt\u0113\u0161an\u0101, izstr\u0101d\u0113 un ra\u017eo\u0161an\u0101. Ar bag\u0101t\u012bgu mantojumu, kas sak\u0146ojas gadu desmitiem ilg\u0101 pieredz\u0113, m\u0113s ar lepnumu apvienojam it\u0101\u013cu meistar\u012bbu ar jaun\u0101kaj\u0101m tehnolo\u0123ij\u0101m, lai nodro\u0161in\u0101tu izcilus hidrauliskos risin\u0101jumus, kas piel\u0101goti m\u016bsu glob\u0101l\u0101 klientu loka da\u017e\u0101daj\u0101m vajadz\u012bb\u0101m. FMP, kas atrodas It\u0101lij\u0101, in\u017eenierijas izcil\u012bbas centr\u0101, ir uzticams v\u0101rds hidraulikas nozar\u0113 un ir ap\u0146\u0113mies nodro\u0161in\u0101t uzticamus, iztur\u012bgus un inovat\u012bvus produktus, kas dod iesp\u0113jas uz\u0146\u0113mumiem vis\u0101 pasaul\u0113.<\/p>\n<p class=\"break-words\">M\u016bsu uz\u0146\u0113mums apvieno lab\u0101k\u0101s progres\u012bv\u0101s ra\u017eo\u0161anas trad\u012bcijas ar t\u0101lredz\u012bgu pieeju. Balstoties uz daudzu gadu pieredzi hidraulisko sist\u0113mu jom\u0101, FMP ir att\u012bst\u012bjies par modernu uz\u0146\u0113mumu, kas izce\u013cas ar izcil\u0101m p\u0113tniec\u012bbas, dizaina un ra\u017eo\u0161anas sp\u0113j\u0101m. M\u0113s specializ\u0113jamies pla\u0161\u0101 hidraulisko cilindru kl\u0101st\u0101, tostarp divk\u0101r\u0161as darb\u012bbas cilindros, automobi\u013cu pacel\u0161anas cilindros, lauksaimniec\u012bbas tehnikas cilindros un piel\u0101gotos risin\u0101jumos da\u017e\u0101diem r\u016bpnieciskiem pielietojumiem. Neatkar\u012bgi no t\u0101, vai tas ir paredz\u0113ts b\u016bvniec\u012bbai, r\u016bpniecisk\u0101m instal\u0101cij\u0101m, lauksaimniec\u012bbai vai smagajai tehnikai, m\u016bsu hidrauliskie cilindri ir rad\u012bti, lai darbotos vissmag\u0101kajos apst\u0101k\u013cos, nodro\u0161inot dro\u0161\u012bbu, efektivit\u0101ti un ilgm\u016b\u017e\u012bbu.<\/p>\n<p><img loading=\"lazy\" decoding=\"async\" class=\"alignnone size-full wp-image-6720\" src=\"https:\/\/fmp-components.com\/wp-content\/uploads\/2025\/03\/hydraulic-cylinder-8.webp\" alt=\"Teleskopiskie hidrauliskie cilindri\" width=\"933\" height=\"526\" title=\"\" srcset=\"https:\/\/fmp-components.com\/wp-content\/uploads\/2025\/03\/hydraulic-cylinder-8.webp 933w, https:\/\/fmp-components.com\/wp-content\/uploads\/2025\/03\/hydraulic-cylinder-8-480x271.webp 480w\" sizes=\"(min-width: 0px) and (max-width: 480px) 480px, (min-width: 481px) 933px, 100vw\" \/><\/p>\n<p class=\"break-words\">Uz\u0146\u0113mum\u0101 FMP m\u0113s lepojamies ar sav\u0101m modern\u0101kaj\u0101m ra\u017eo\u0161anas iek\u0101rt\u0101m, kas apr\u012bkotas ar prec\u012bzijas iek\u0101rt\u0101m un modern\u0101m test\u0113\u0161anas sist\u0113m\u0101m. M\u016bsu ra\u017eo\u0161anas procesi atbilst stingriem valsts un starptautiskajiem standartiem, nodro\u0161inot, ka katrs hidrauliskais cilindrs, kas atst\u0101j m\u016bsu r\u016bpn\u012bcu, ir augst\u0101k\u0101s kvalit\u0101tes un uzticam\u012bbas. M\u016bsu prasm\u012bg\u0101 tehnisk\u0101 komanda apvienojum\u0101 ar modern\u0101ko apr\u012bkojumu \u013cauj mums uztur\u0113t stingru kvalit\u0101tes kontroli katr\u0101 ra\u017eo\u0161anas posm\u0101 \u2014 s\u0101kot no izejvielu izv\u0113les l\u012bdz gal\u012bgajai p\u0101rbaudei. \u0160\u012b ap\u0146em\u0161an\u0101s sasniegt izcil\u012bbu ir nodro\u0161in\u0101jusi mums sertifik\u0101tus un atzin\u012bbu no nozares iest\u0101d\u0113m, v\u0113l vair\u0101k nostiprinot m\u016bsu reput\u0101ciju k\u0101 uzticamam partnerim.<\/p>\n<p class=\"break-words\">M\u016bsu misija ir vienk\u0101r\u0161a, tom\u0113r ambicioza: nodro\u0161in\u0101t m\u016bsu klientus ar hidrauliskajiem cilindriem, kas p\u0101rsniedz cer\u012bbas attiec\u012bb\u0101 uz veiktsp\u0113ju, iztur\u012bbu un v\u0113rt\u012bbu. M\u0113s darbojamies, iev\u0113rojot profesionalit\u0101tes, godpr\u0101t\u012bbas un klientu apkalpo\u0161anas pamatprincipus. Veicinot inov\u0101ciju un precizit\u0101tes kult\u016bru, m\u0113s nep\u0101rtraukti pilnveidojam savus produktus, lai saglab\u0101tu l\u012bderpoz\u012bcijas konkur\u0113tsp\u0113j\u012bg\u0101 tirg\u016b. M\u016bsu pla\u0161ais produktu kl\u0101sts un sp\u0113ja pied\u0101v\u0101t piel\u0101gotus risin\u0101jumus padara m\u016bs par lab\u0101ko izv\u0113li uz\u0146\u0113mumiem, kas mekl\u0113 augstas veiktsp\u0113jas hidrauliskos cilindrus.<\/p>\n<p class=\"break-words\">FMP ir vair\u0101k nek\u0101 tikai ra\u017eot\u0101js \u2014 m\u0113s esam partneris j\u016bsu pan\u0101kumos. M\u0113s saprotam, ka m\u016bsu klienti pa\u013caujas uz mums, lai pieg\u0101d\u0101tu instrumentus, kas uzlabo vi\u0146u produktivit\u0101ti un dro\u0161\u012bbu. T\u0101p\u0113c m\u0113s esam ap\u0146\u0113mu\u0161ies pied\u0101v\u0101t ne tikai augst\u0101k\u0101s klases produktus, bet ar\u012b izcilu servisu. S\u0101kot ar s\u0101kotn\u0113jo konsult\u0101ciju un beidzot ar p\u0113cp\u0101rdo\u0161anas atbalstu, m\u0113s cie\u0161i sadarbojamies ar saviem klientiem, lai nodro\u0161in\u0101tu, ka vi\u0146u vajadz\u012bbas tiek apmierin\u0101tas ar profesionalit\u0101ti un r\u016bp\u012bbu. M\u016bsu konkur\u0113tsp\u0113j\u012bg\u0101s cenas apvienojum\u0101 ar nelok\u0101mo ap\u0146em\u0161anos nodro\u0161in\u0101t kvalit\u0101ti padara FMP par gudru izv\u0113li uz\u0146\u0113mumiem, kas v\u0113las ieguld\u012bt l\u012bdzek\u013cus uzticamos hidrauliskajos risin\u0101jumos.<\/p>","protected":false},"excerpt":{"rendered":"<p>Guaranteed Quality Mini Dump Truck Hydraulic Cylinders Telescopic Hydraulic Cylinder Introducing our top-quality Mini Dump Truck Hydraulic Cylinders Telescopic Hydraulic Cylinder, a new product for 2025. This product is a standard, plunger cylinder type hydraulic cylinder, designed specifically for the Machinery Repair Shops, Farms, Energy &amp; Mining, and Machinery Manufacturing industries. It\u2019s made from robust [&hellip;]<\/p>","protected":false},"featured_media":6685,"comment_status":"closed","ping_status":"closed","template":"","meta":{"_et_pb_use_builder":"","_et_pb_old_content":"","_et_gb_content_width":""},"product_brand":[],"product_cat":[103],"product_tag":[34,105],"class_list":{"0":"post-6510","1":"product","2":"type-product","3":"status-publish","4":"has-post-thumbnail","6":"product_cat-telescopic-hydraulic-cylinders","7":"product_tag-hydraulic-cylinder","8":"product_tag-telescopic-hydraulic-cylinders","10":"first","11":"instock","12":"product-type-simple"},"_links":{"self":[{"href":"https:\/\/fmp-components.com\/lv\/wp-json\/wp\/v2\/product\/6510","targetHints":{"allow":["GET"]}}],"collection":[{"href":"https:\/\/fmp-components.com\/lv\/wp-json\/wp\/v2\/product"}],"about":[{"href":"https:\/\/fmp-components.com\/lv\/wp-json\/wp\/v2\/types\/product"}],"replies":[{"embeddable":true,"href":"https:\/\/fmp-components.com\/lv\/wp-json\/wp\/v2\/comments?post=6510"}],"wp:featuredmedia":[{"embeddable":true,"href":"https:\/\/fmp-components.com\/lv\/wp-json\/wp\/v2\/media\/6685"}],"wp:attachment":[{"href":"https:\/\/fmp-components.com\/lv\/wp-json\/wp\/v2\/media?parent=6510"}],"wp:term":[{"taxonomy":"product_brand","embeddable":true,"href":"https:\/\/fmp-components.com\/lv\/wp-json\/wp\/v2\/product_brand?post=6510"},{"taxonomy":"product_cat","embeddable":true,"href":"https:\/\/fmp-components.com\/lv\/wp-json\/wp\/v2\/product_cat?post=6510"},{"taxonomy":"product_tag","embeddable":true,"href":"https:\/\/fmp-components.com\/lv\/wp-json\/wp\/v2\/product_tag?post=6510"}],"curies":[{"name":"wp","href":"https:\/\/api.w.org\/{rel}","templated":true}]}}