{"id":6507,"date":"2025-03-11T06:26:57","date_gmt":"2025-03-11T06:26:57","guid":{"rendered":"https:\/\/fmp-components.com\/product\/high-quality-small-hydraulic-cylinder-telescopic-hydraulic-cylinder-for-dump-truck"},"modified":"2025-03-17T08:57:58","modified_gmt":"2025-03-17T08:57:58","slug":"high-quality-small-hydraulic-cylinder-telescopic-hydraulic-cylinder-for-dump-truck","status":"publish","type":"product","link":"https:\/\/fmp-components.com\/lv\/product\/high-quality-small-hydraulic-cylinder-telescopic-hydraulic-cylinder-for-dump-truck\/","title":{"rendered":"Augstas kvalit\u0101tes mazs hidrauliskais cilindrs, teleskopiskais hidrauliskais cilindrs pa\u0161izg\u0101z\u0113jam"},"content":{"rendered":"<h2>Augstas kvalit\u0101tes mazs hidrauliskais cilindrs, teleskopiskais hidrauliskais cilindrs pa\u0161izg\u0101z\u0113jam<\/h2>\n<p>M\u016bsu augstas kvalit\u0101tes mazais hidrauliskais cilindrs ir standarta un svar\u012bgs produkts no FMP, vado\u0161\u0101 ra\u017eot\u0101ja hidraulisko iek\u0101rtu nozar\u0113. FMP atrodas It\u0101lij\u0101. \u0160is teleskopiskais hidrauliskais cilindrs, kas \u012bpa\u0161i izstr\u0101d\u0101ts pa\u0161izg\u0101z\u0113jiem, ir iev\u0113r\u012bbas cien\u012bgs produkts, pateicoties t\u0101 augst\u0101k\u0101s klases kvalit\u0101tei un uzticam\u012bbai.<\/p>\n<h2>Funkcija un noz\u012bme<\/h2>\n<p>\u0160is teleskopiskais hidrauliskais cilindrs ir b\u016btiska pa\u0161izg\u0101z\u0113ju meh\u0101nisma sast\u0101vda\u013ca. Tas nodro\u0161ina nepiecie\u0161amo jaudu pa\u0161izg\u0101z\u0113ja pacel\u0161anai un nolai\u0161anai. Izgatavots no iztur\u012bga t\u0113rauda, \u200b\u200btas var iztur\u0113t lielas slodzes un ir iztur\u012bgs pret nodilumu, nodro\u0161inot ilgu kalpo\u0161anas laiku.<\/p>\n<h3>Produkta specifik\u0101cijas<\/h3>\n<table style=\"width: 103.251%; height: 167px;\" border=\"\">\n<tbody>\n<tr>\n<td colspan=\"\" rowspan=\"\"><i>Urbuma izm\u0113rs<\/i><\/td>\n<td colspan=\"\" rowspan=\"\">2\u20136 collas<\/td>\n<\/tr>\n<tr>\n<td colspan=\"\" rowspan=\"\"><i>Stie\u0146a izm\u0113rs<\/i><\/td>\n<td colspan=\"\" rowspan=\"\">1,125\u20134 collas<\/td>\n<\/tr>\n<tr>\n<td colspan=\"\" rowspan=\"\"><i>Trieciena izm\u0113rs<\/i><\/td>\n<td colspan=\"\" rowspan=\"\">4\u2013100 collas<\/td>\n<\/tr>\n<tr>\n<td colspan=\"\" rowspan=\"\"><i>Tapas izm\u0113rs<\/i><\/td>\n<td colspan=\"\" rowspan=\"\">0,5\u20132 collas<\/td>\n<\/tr>\n<tr>\n<td colspan=\"\" rowspan=\"\"><i>Ostas<\/i><\/td>\n<td colspan=\"\" rowspan=\"\">G\/SAE\/NPT\/M<\/td>\n<\/tr>\n<\/tbody>\n<\/table>\n<h3>Unik\u0101las \u012bpa\u0161\u012bbas un priek\u0161roc\u012bbas<\/h3>\n<ul>\n<li>Energoefekt\u012bvs: M\u016bsu hidrauliskie cilindri ir izstr\u0101d\u0101ti t\u0101, lai pat\u0113r\u0113tu maz\u0101k ener\u0123ijas, vienlaikus nodro\u0161inot maksim\u0101lu veiktsp\u0113ju.<\/li>\n<li>Augsta efektivit\u0101te: Pateicoties lielajai vilces un vilk\u0161anas jaudai, tie sp\u0113j viegli tikt gal\u0101 ar smagiem uzdevumiem.<\/li>\n<li>Dro\u0161s un uzticams: Augstas kvalit\u0101tes materi\u0101lu un modernu ra\u017eo\u0161anas meto\u017eu izmanto\u0161ana nodro\u0161ina m\u016bsu produktu dro\u0161\u012bbu un uzticam\u012bbu.<\/li>\n<\/ul>\n<p><img loading=\"lazy\" decoding=\"async\" class=\"alignnone wp-image-6664\" src=\"https:\/\/fmp-components.com\/wp-content\/uploads\/2025\/03\/telescopic-hydraulic-cylinder-8.webp\" alt=\"teleskopiskais hidrauliskais cilindrs\" width=\"941\" height=\"941\" title=\"\" srcset=\"https:\/\/fmp-components.com\/wp-content\/uploads\/2025\/03\/telescopic-hydraulic-cylinder-8.webp 941w, https:\/\/fmp-components.com\/wp-content\/uploads\/2025\/03\/telescopic-hydraulic-cylinder-8-480x480.webp 480w\" sizes=\"(min-width: 0px) and (max-width: 480px) 480px, (min-width: 481px) 941px, 100vw\" \/><\/p>\n<h2>Hidraulisk\u0101s sist\u0113mas un darb\u012bbas principi<\/h2>\n<p>M\u016bsu hidrauliskie cilindri darbojas p\u0113c pamatprincipa, kas paredz spiediena hidraulisk\u0101 \u0161\u0137idruma izmanto\u0161anu line\u0101ra sp\u0113ka un kust\u012bbas rad\u012b\u0161anai. \u0160is meh\u0101nisms ir \u013coti svar\u012bgs lietojumos, kuros nepiecie\u0161ami sp\u0113c\u012bgi un prec\u012bzi stum\u0161anas vai vilk\u0161anas sp\u0113ki. Kad hidrauliskais \u0161\u0137idrums tiek pak\u013cauts spiedienam un ievad\u012bts cilindr\u0101, tas rada sp\u0113c\u012bgu sp\u0113ku, kas var p\u0101rvietot smagas kravas vai veikt sare\u017e\u0123\u012btus uzdevumus ar iev\u0113rojamu precizit\u0101ti. \u0160\u012b sp\u0113ja p\u0101rveidot hidraulisko ener\u0123iju meh\u0101nisk\u0101 kust\u012bb\u0101 padara m\u016bsu hidrauliskos cilindrus neaizst\u0101jamus pla\u0161\u0101 r\u016bpniecisko iestat\u012bjumu kl\u0101st\u0101, kur efektivit\u0101te un precizit\u0101te ir \u0101rk\u0101rt\u012bgi svar\u012bgas.<\/p>\n<h2>Pieteikumi<\/h2>\n<p>\u0160ie hidrauliskie cilindri tiek pla\u0161i izmantoti da\u017e\u0101d\u0101s nozar\u0113s, apliecinot to daudzpus\u012bbu un uzticam\u012bbu. Ma\u0161\u012bnu remonta darbn\u012bc\u0101s tie atvieglo smago iek\u0101rtu cel\u0161anu un pozicion\u0113\u0161anu, \u013caujot tehni\u0137iem dro\u0161i un efekt\u012bvi veikt remontu. Lauksaimniec\u012bb\u0101 hidrauliskie cilindri uzlabo lauksaimniec\u012bbas tehnikas, piem\u0113ram, traktoru un kombainu, funkcionalit\u0101ti, \u013caujot efekt\u012bvi apstr\u0101d\u0101t materi\u0101lus un kult\u016braugus. Ener\u0123\u0113tikas un kalnr\u016bpniec\u012bbas nozares g\u016bst labumu no \u0161o cilindru iztur\u012bg\u0101s konstrukcijas, jo tie var iztur\u0113t sare\u017e\u0123\u012btus apst\u0101k\u013cus, kas saist\u012bti ar lieljaudas darb\u012bb\u0101m, piem\u0113ram, materi\u0101lu cel\u0161anu un transport\u0113\u0161anu. Ma\u0161\u012bnu ra\u017eo\u0161an\u0101 un ma\u0161\u012bnu r\u016bpn\u012bc\u0101s m\u016bsu hidrauliskajiem cilindriem ir iz\u0161\u0137iro\u0161a noz\u012bme mont\u0101\u017eas l\u012bnij\u0101s un ra\u017eo\u0161anas procesos, nodro\u0161inot nepiecie\u0161amo sp\u0113ku da\u017e\u0101diem uzdevumiem, s\u0101kot no komponentu p\u0101rvieto\u0161anas l\u012bdz presu darb\u012bbai.<\/p>\n<h2>Hidrauliskie cilindri un sp\u0113ka agreg\u0101ti<\/h2>\n<p>Hidrauliskie cilindri un sp\u0113ka agreg\u0101ti ir jebkuras hidraulisk\u0101s sist\u0113mas b\u016btiskas sast\u0101vda\u013cas. To integr\u0101cija ir vit\u0101li svar\u012bga hidraulisko tehnolo\u0123iju efekt\u012bvai pielieto\u0161anai r\u016bpniec\u012bbas sektor\u0101, nodro\u0161inot, ka da\u017e\u0101das in\u017eeniertehnisk\u0101s un meh\u0101nisk\u0101s iek\u0101rtas sa\u0146em uzticamu jaudas un vad\u012bbas atbalstu. Hidrauliskais cilindrs darbojas k\u0101 izpildmeh\u0101nisms, p\u0101rveidojot sp\u0113ka agreg\u0101ta nodro\u0161in\u0101to hidraulisko ener\u0123iju meh\u0101nisk\u0101 kust\u012bb\u0101. Tikm\u0113r sp\u0113ka agreg\u0101ts kalpo k\u0101 ener\u0123ijas avots, \u0123ener\u0113jot un regul\u0113jot darb\u012bbai nepiecie\u0161amo hidraulisk\u0101 \u0161\u0137idruma spiedienu.<\/p>\n<p>Uz\u0146\u0113mum\u0101 FMP m\u0113s atz\u012bstam \u0161o komponentu noz\u012bmi efekt\u012bvu hidraulisko sist\u0113mu izveid\u0113, t\u0101p\u0113c pied\u0101v\u0101jam ar\u012b pla\u0161u sp\u0113ka agreg\u0101tu kl\u0101stu p\u0101rdo\u0161anai. Nodro\u0161inot gan hidrauliskos cilindrus, gan sp\u0113ka agreg\u0101tus, m\u0113s sevi pozicion\u0113jam k\u0101 visaptvero\u0161u risin\u0101jumu vis\u0101m hidrauliskaj\u0101m vajadz\u012bb\u0101m. M\u016bsu ap\u0146em\u0161an\u0101s nodro\u0161in\u0101t kvalit\u0101ti un veiktsp\u0113ju nodro\u0161ina, ka j\u016bs sa\u0146emat produktus, kas paredz\u0113ti, lai uzlabotu produktivit\u0101ti un uzticam\u012bbu j\u016bsu darb\u012bb\u0101s neatkar\u012bgi no nozares.<\/p>\n<p><img loading=\"lazy\" decoding=\"async\" class=\"alignnone wp-image-6663\" src=\"https:\/\/fmp-components.com\/wp-content\/uploads\/2025\/03\/telescopic-hydraulic-cylinder-11.webp\" alt=\"teleskopiskais hidrauliskais cilindrs\" width=\"906\" height=\"906\" title=\"\" srcset=\"https:\/\/fmp-components.com\/wp-content\/uploads\/2025\/03\/telescopic-hydraulic-cylinder-11.webp 906w, https:\/\/fmp-components.com\/wp-content\/uploads\/2025\/03\/telescopic-hydraulic-cylinder-11-480x480.webp 480w\" sizes=\"(min-width: 0px) and (max-width: 480px) 480px, (min-width: 481px) 906px, 100vw\" \/><\/p>\n<h2>Bie\u017ei uzdotie jaut\u0101jumi<\/h2>\n<p><b>J: Cik ilgs ir j\u016bsu pieg\u0101des laiks?<\/b><br \/>\nA: Parasti tas ir 25\u201335 dienas.<\/p>\n<p><b>J: Vai j\u016bs sniedzat paraugus? Vai tas ir bez maksas vai papildus?<\/b><br \/>\nA: J\u0101, m\u0113s var\u0113tu pied\u0101v\u0101t paraugu, bet tas nav bez maksas.<\/p>\n<p><b>J: Vai j\u016bs varat ra\u017eot atbilsto\u0161i paraugiem?<\/b><br \/>\nA: J\u0101, m\u0113s varam ra\u017eot p\u0113c j\u016bsu paraugiem vai tehniskajiem ras\u0113jumiem. M\u0113s varam izgatavot veidnes un armat\u016bru.<\/p>\n<h3>Par FMP<\/h3>\n<p>FMP ir vado\u0161ais it\u0101\u013cu ra\u017eot\u0101js, kas ir paz\u012bstams ar savu pieredzi augstas kvalit\u0101tes hidraulisko cilindru projekt\u0113\u0161an\u0101, izstr\u0101d\u0113 un ra\u017eo\u0161an\u0101. Ar bag\u0101t\u012bgu pieredzi, kas uzkr\u0101ta gadu desmitiem, m\u0113s apvienojam tradicion\u0101lo it\u0101\u013cu meistar\u012bbu ar modern\u0101kaj\u0101m tehnolo\u0123ij\u0101m, lai rad\u012btu izcilus hidrauliskos risin\u0101jumus, kas apmierina m\u016bsu klientu da\u017e\u0101d\u0101s vajadz\u012bbas vis\u0101 pasaul\u0113. FMP, kura galven\u0101 m\u012btne atrodas It\u0101lij\u0101, in\u017eenierijas izcil\u012bbas centr\u0101, ir k\u013cuvusi par uzticamu v\u0101rdu hidraulikas nozar\u0113, kas velt\u012bta uzticamu, iztur\u012bgu un inovat\u012bvu produktu pieg\u0101dei, kas dod iesp\u0113jas uz\u0146\u0113mumiem vis\u0101 pasaul\u0113.<\/p>\n<p>M\u016bsu uz\u0146\u0113mums apvieno progres\u012bvas ra\u017eo\u0161anas trad\u012bcijas ar progres\u012bvu dom\u0101\u0161anu. Izmantojot m\u016bsu pla\u0161o pieredzi hidraulisko sist\u0113mu jom\u0101, FMP ir k\u013cuvis par modernu uz\u0146\u0113mumu, kas izce\u013cas ar izciliem rezult\u0101tiem p\u0113tniec\u012bb\u0101, projekt\u0113\u0161an\u0101 un ra\u017eo\u0161an\u0101. M\u0113s pied\u0101v\u0101jam pla\u0161u hidraulisko cilindru kl\u0101stu, tostarp divk\u0101r\u0161as darb\u012bbas cilindrus, automobi\u013cu pacel\u0161anas cilindrus, lauksaimniec\u012bbas tehnikas cilindrus un individu\u0101li izstr\u0101d\u0101tus risin\u0101jumus, kas piel\u0101goti da\u017e\u0101diem r\u016bpnieciskiem pielietojumiem. Neatkar\u012bgi no t\u0101, vai tie ir paredz\u0113ti b\u016bvniec\u012bbai, r\u016bpniecisk\u0101m instal\u0101cij\u0101m, lauksaimniec\u012bbai vai smagajai tehnikai, m\u016bsu hidrauliskie cilindri ir paredz\u0113ti darbam vissare\u017e\u0123\u012bt\u0101kajos apst\u0101k\u013cos, nodro\u0161inot dro\u0161\u012bbu, efektivit\u0101ti un ilgm\u016b\u017e\u012bbu.<\/p>\n<p>Uz\u0146\u0113mum\u0101 FMP m\u0113s lepojamies ar sav\u0101m modern\u0101kaj\u0101m ra\u017eo\u0161anas iek\u0101rt\u0101m, kas apr\u012bkotas ar prec\u012bzijas iek\u0101rt\u0101m un modern\u0101m test\u0113\u0161anas sist\u0113m\u0101m. M\u016bsu ra\u017eo\u0161anas procesi atbilst stingriem valsts un starptautiskajiem standartiem, nodro\u0161inot, ka katrs sara\u017eotais hidrauliskais cilindrs atbilst augst\u0101kajiem kvalit\u0101tes un uzticam\u012bbas krit\u0113rijiem. M\u016bsu prasm\u012bg\u0101 tehnisk\u0101 komanda apvienojum\u0101 ar modernu apr\u012bkojumu \u013cauj mums iev\u0113rot stingru kvalit\u0101tes kontroli katr\u0101 ra\u017eo\u0161anas posm\u0101 \u2014 s\u0101kot no izejvielu izv\u0113les l\u012bdz gal\u012bgajai p\u0101rbaudei. \u0160\u012b ap\u0146em\u0161an\u0101s sasniegt izcil\u012bbu ir nodro\u0161in\u0101jusi mums sertifik\u0101tus un atzin\u012bbas no nozares iest\u0101d\u0113m, nostiprinot m\u016bsu reput\u0101ciju k\u0101 uzticamam partnerim.<\/p>\n<p><img loading=\"lazy\" decoding=\"async\" class=\"alignnone size-full wp-image-6720\" src=\"https:\/\/fmp-components.com\/wp-content\/uploads\/2025\/03\/hydraulic-cylinder-8.webp\" alt=\"Teleskopiskie hidrauliskie cilindri\" width=\"933\" height=\"526\" title=\"\" srcset=\"https:\/\/fmp-components.com\/wp-content\/uploads\/2025\/03\/hydraulic-cylinder-8.webp 933w, https:\/\/fmp-components.com\/wp-content\/uploads\/2025\/03\/hydraulic-cylinder-8-480x271.webp 480w\" sizes=\"(min-width: 0px) and (max-width: 480px) 480px, (min-width: 481px) 933px, 100vw\" \/><\/p>\n<p>M\u016bsu misija ir vienk\u0101r\u0161a, tom\u0113r ambicioza: nodro\u0161in\u0101t m\u016bsu klientus ar hidrauliskajiem cilindriem, kas p\u0101rsniedz cer\u012bbas attiec\u012bb\u0101 uz veiktsp\u0113ju, iztur\u012bbu un v\u0113rt\u012bbu. M\u0113s darbojamies, balstoties uz profesionalit\u0101ti, godpr\u0101t\u012bbu un klientu orient\u0101ciju. Veicinot inov\u0101ciju un precizit\u0101tes kult\u016bru, m\u0113s nep\u0101rtraukti uzlabojam savus produktus, lai saglab\u0101tu konkurences priek\u0161roc\u012bbas tirg\u016b. M\u016bsu pla\u0161ais produktu kl\u0101sts un sp\u0113ja pied\u0101v\u0101t piel\u0101gotus risin\u0101jumus padara m\u016bs par v\u0113lamo izv\u0113li uz\u0146\u0113mumiem, kas mekl\u0113 augstas veiktsp\u0113jas hidrauliskos cilindrus.<\/p>\n<p>FMP ir vair\u0101k nek\u0101 tikai ra\u017eot\u0101js; m\u0113s esam partneris j\u016bsu pan\u0101kumos. M\u0113s apzin\u0101mies, ka m\u016bsu klienti pa\u013caujas uz mums, lai pieg\u0101d\u0101tu instrumentus, kas uzlabo vi\u0146u produktivit\u0101ti un dro\u0161\u012bbu. T\u0101p\u0113c m\u0113s esam ap\u0146\u0113mu\u0161ies nodro\u0161in\u0101t ne tikai augst\u0101k\u0101s kvalit\u0101tes produktus, bet ar\u012b izcilu servisu. S\u0101kot ar s\u0101kotn\u0113jo konsult\u0101ciju un beidzot ar p\u0113cp\u0101rdo\u0161anas atbalstu, m\u0113s cie\u0161i sadarbojamies ar saviem klientiem, lai nodro\u0161in\u0101tu, ka vi\u0146u vajadz\u012bbas tiek apmierin\u0101tas ar profesionalit\u0101ti un r\u016bp\u012bbu. M\u016bsu konkur\u0113tsp\u0113j\u012bg\u0101s cenas apvienojum\u0101 ar nelok\u0101mo ap\u0146em\u0161anos nodro\u0161in\u0101t kvalit\u0101ti pozicion\u0113 FMP k\u0101 gudru izv\u0113li uz\u0146\u0113mumiem, kas v\u0113las ieguld\u012bt hidrauliskajos risin\u0101jumos, kuriem vi\u0146i var uztic\u0113ties.<\/p>","protected":false},"excerpt":{"rendered":"<p>High Quality Small Hydraulic Cylinder Telescopic Hydraulic Cylinder For Dump Truck Our High-Quality Small hydraulic cylinder is a standard and essential product from FMP, a leading manufacturer in the hydraulic machinery industry. FMP is based in Italy. This Telescopic Hydraulic Cylinder, specially designed for dump trucks, is a noteworthy product for its top-notch quality and [&hellip;]<\/p>","protected":false},"featured_media":6689,"comment_status":"closed","ping_status":"closed","template":"","meta":{"_et_pb_use_builder":"","_et_pb_old_content":"","_et_gb_content_width":""},"product_brand":[],"product_cat":[103],"product_tag":[34,105],"class_list":{"0":"post-6507","1":"product","2":"type-product","3":"status-publish","4":"has-post-thumbnail","6":"product_cat-telescopic-hydraulic-cylinders","7":"product_tag-hydraulic-cylinder","8":"product_tag-telescopic-hydraulic-cylinders","10":"first","11":"instock","12":"product-type-simple"},"_links":{"self":[{"href":"https:\/\/fmp-components.com\/lv\/wp-json\/wp\/v2\/product\/6507","targetHints":{"allow":["GET"]}}],"collection":[{"href":"https:\/\/fmp-components.com\/lv\/wp-json\/wp\/v2\/product"}],"about":[{"href":"https:\/\/fmp-components.com\/lv\/wp-json\/wp\/v2\/types\/product"}],"replies":[{"embeddable":true,"href":"https:\/\/fmp-components.com\/lv\/wp-json\/wp\/v2\/comments?post=6507"}],"wp:featuredmedia":[{"embeddable":true,"href":"https:\/\/fmp-components.com\/lv\/wp-json\/wp\/v2\/media\/6689"}],"wp:attachment":[{"href":"https:\/\/fmp-components.com\/lv\/wp-json\/wp\/v2\/media?parent=6507"}],"wp:term":[{"taxonomy":"product_brand","embeddable":true,"href":"https:\/\/fmp-components.com\/lv\/wp-json\/wp\/v2\/product_brand?post=6507"},{"taxonomy":"product_cat","embeddable":true,"href":"https:\/\/fmp-components.com\/lv\/wp-json\/wp\/v2\/product_cat?post=6507"},{"taxonomy":"product_tag","embeddable":true,"href":"https:\/\/fmp-components.com\/lv\/wp-json\/wp\/v2\/product_tag?post=6507"}],"curies":[{"name":"wp","href":"https:\/\/api.w.org\/{rel}","templated":true}]}}