{"id":6503,"date":"2025-03-11T06:25:30","date_gmt":"2025-03-11T06:25:30","guid":{"rendered":"https:\/\/fmp-components.com\/product\/hot-sale-double-acting-small-dump-truck-telescopic-hydraulic-cylinder"},"modified":"2025-03-18T01:08:36","modified_gmt":"2025-03-18T01:08:36","slug":"hot-sale-double-acting-small-dump-truck-telescopic-hydraulic-cylinder","status":"publish","type":"product","link":"https:\/\/fmp-components.com\/lv\/product\/hot-sale-double-acting-small-dump-truck-telescopic-hydraulic-cylinder\/","title":{"rendered":"Karst\u0101 p\u0101rdo\u0161ana ar divk\u0101r\u0161u darb\u012bbu mazo pa\u0161izg\u0101z\u0113ju teleskopisko hidraulisko cilindru"},"content":{"rendered":"<h2>Karst\u0101 p\u0101rdo\u0161ana ar divk\u0101r\u0161u darb\u012bbu mazo pa\u0161izg\u0101z\u0113ju teleskopisko hidraulisko cilindru<\/h2>\n<p>\u0160is popul\u0101r\u0101kais, divk\u0101r\u0161\u0101s darb\u012bbas mazo pa\u0161izg\u0101z\u0113ju teleskopiskais hidrauliskais cilindrs ir 2025.\u00a0gada jaun\u0101kais produkts. Tas ir paredz\u0113ts izmanto\u0161anai da\u017e\u0101d\u0101s nozar\u0113s, tostarp ma\u0161\u012bnb\u016bves remonta darbn\u012bc\u0101s, ferm\u0101s, ener\u0123\u0113tikas un ieguves r\u016bpniec\u012bb\u0101, ma\u0161\u012bnb\u016bves ra\u017eo\u0161an\u0101 un ma\u0161\u012bnb\u016bves r\u016bpn\u012bc\u0101s. Ar t\u0113rauda korpusu un standarta konstrukciju tas pied\u0101v\u0101 lielu jaudu, hidrauliskas darb\u012bbas un maksim\u0101lo vilces sp\u0113ku 3000. \u0160im daudzpak\u0101pju hidrauliskajam cilindram ir viena gada garantija un ISO9001:2000 sertifik\u0101ts kvalit\u0101tes nodro\u0161in\u0101\u0161anai.<\/p>\n<h3>\u012apa\u0161as funkcijas un priek\u0161roc\u012bbas<\/h3>\n<p>M\u016bsu hidrauliskais cilindrs lepojas ar energoefekt\u012bvu dizainu, kas iev\u0113rojami uzlabo izmaksu efektivit\u0101ti lietot\u0101jiem. Samazinot ener\u0123ijas pat\u0113ri\u0146u, vienlaikus nodro\u0161inot optim\u0101lu veiktsp\u0113ju, tas \u013cauj uz\u0146\u0113mumiem samazin\u0101t ekspluat\u0101cijas izmaksas un uzlabot savus finan\u0161u r\u0101d\u012bt\u0101jus. M\u016bsu hidraulisk\u0101 cilindra augst\u0101 efektivit\u0101te veicina produktivit\u0101tes pieaugumu, \u013caujot iek\u0101rt\u0101m darboties ar maksim\u0101lo jaudu ar maz\u0101ku d\u012bkst\u0101ves laiku. Turkl\u0101t dro\u0161\u012bba ir galven\u0101 priorit\u0101te; m\u016bsu dizains nodro\u0161ina dro\u0161u darb\u012bbu, aizsarg\u0101jot darbiniekus un samazinot negad\u012bjumu risku darba viet\u0101. \u0160\u012b energoefektivit\u0101tes, produktivit\u0101tes uzlabo\u0161anas un dro\u0161\u012bbas kombin\u0101cija padara m\u016bsu hidraulisko cilindru par nenov\u0113rt\u0113jamu akt\u012bvu jebkur\u0101 darb\u012bb\u0101.<\/p>\n<p><img loading=\"lazy\" decoding=\"async\" class=\"alignnone wp-image-6661\" src=\"https:\/\/fmp-components.com\/wp-content\/uploads\/2025\/03\/telescopic-hydraulic-cylinder-10.webp\" alt=\"teleskopiskais hidrauliskais cilindrs\" width=\"904\" height=\"904\" title=\"\" srcset=\"https:\/\/fmp-components.com\/wp-content\/uploads\/2025\/03\/telescopic-hydraulic-cylinder-10.webp 904w, https:\/\/fmp-components.com\/wp-content\/uploads\/2025\/03\/telescopic-hydraulic-cylinder-10-480x480.webp 480w\" sizes=\"(min-width: 0px) and (max-width: 480px) 480px, (min-width: 481px) 904px, 100vw\" \/><\/p>\n<h3>Hidraulisk\u0101s sist\u0113mas un darb\u012bbas princips<\/h3>\n<p>K\u0101 b\u016btiska hidraulisko sist\u0113mu sast\u0101vda\u013ca, hidrauliskajam cilindram ir iz\u0161\u0137iro\u0161a loma hidraulisk\u0101s ener\u0123ijas p\u0101rveido\u0161an\u0101 meh\u0101nisk\u0101 kust\u012bb\u0101. \u0160\u012b p\u0101rveido\u0161ana ir b\u016btiska, lai rad\u012btu sp\u0113ku, kas nepiecie\u0161ams da\u017e\u0101du veidu ma\u0161\u012bnu p\u0101rvieto\u0161anai un vad\u012bbai. Izmantojot spiediena hidraulisko \u0161\u0137idrumu, cilindrs efekt\u012bvi rada sp\u0113c\u012bgas kust\u012bbas, kas ir b\u016btiskas pla\u0161am pielietojumu kl\u0101stam r\u016bpniec\u012bbas nozar\u0113. Hidraulisko cilindru darb\u012bba balst\u0101s uz \u0161\u0137idruma dinamikas principiem, kas nodro\u0161ina prec\u012bzu vad\u012bbu un piel\u0101go\u0161an\u0101s sp\u0113ju sare\u017e\u0123\u012btos apst\u0101k\u013cos. \u0160\u012b funkcionalit\u0101te padara tos neaizst\u0101jamus ma\u0161\u012bn\u0101s, kur\u0101m nepiecie\u0161amas uzticamas cel\u0161anas, stum\u0161anas vai vilk\u0161anas sp\u0113jas.<\/p>\n<h3>Konkr\u0113ti pielietojuma scen\u0101riji<\/h3>\n<p>M\u016bsu divk\u0101r\u0161\u0101s darb\u012bbas mazo pa\u0161izg\u0101z\u0113ju teleskopisk\u0101 hidraulisk\u0101 cilindra daudzpus\u012bba \u013cauj tam izcelties da\u017e\u0101dos pielietojuma scen\u0101rijos. Tas ir \u012bpa\u0161i efekt\u012bvs ma\u0161\u012bnu remonta darbn\u012bc\u0101s, kur to var izmantot smagu deta\u013cu prec\u012bzai cel\u0161anai un manevr\u0113\u0161anai. Lauksaimniec\u012bbas vid\u0113 \u0161is hidrauliskais cilindrs pal\u012bdz efekt\u012bvi darbin\u0101t t\u0101dus apr\u012bkojumus k\u0101 pa\u0161izg\u0101z\u0113ju piekabes un citas ma\u0161\u012bnas, uzlabojot produktivit\u0101ti saimniec\u012bb\u0101s. Turkl\u0101t ener\u0123\u0113tikas un kalnr\u016bpniec\u012bbas nozares g\u016bst labumu no t\u0101 sp\u0113c\u012bg\u0101s veiktsp\u0113jas, jo tas var tikt gal\u0101 ar pras\u012bgajiem apst\u0101k\u013ciem, ar kuriem bie\u017ei saskaras \u0161aj\u0101s nozar\u0113s. Neatkar\u012bgi no t\u0101, vai tas ir b\u016bvniec\u012bb\u0101, lauksaimniec\u012bb\u0101 vai resursu ieguv\u0113, m\u016bsu hidrauliskais cilindrs ir paredz\u0113ts uzticamai darb\u012bbai da\u017e\u0101dos darba apst\u0101k\u013cos, padarot to par iecien\u012btu izv\u0113li profesion\u0101\u013ciem da\u017e\u0101d\u0101s jom\u0101s.<\/p>\n<p><img loading=\"lazy\" decoding=\"async\" class=\"alignnone size-full wp-image-6660\" src=\"https:\/\/fmp-components.com\/wp-content\/uploads\/2025\/03\/hydraulic-cylinder-workshop-4.webp\" alt=\"teleskopiskais hidrauliskais cilindrs\" width=\"914\" height=\"733\" title=\"\" srcset=\"https:\/\/fmp-components.com\/wp-content\/uploads\/2025\/03\/hydraulic-cylinder-workshop-4.webp 914w, https:\/\/fmp-components.com\/wp-content\/uploads\/2025\/03\/hydraulic-cylinder-workshop-4-480x385.webp 480w\" sizes=\"(min-width: 0px) and (max-width: 480px) 480px, (min-width: 481px) 914px, 100vw\" \/><\/p>\n<h3>Par FMP<\/h3>\n<p>FMP ir vado\u0161ais it\u0101\u013cu ra\u017eot\u0101js, kas ir paz\u012bstams ar savu pieredzi augstas kvalit\u0101tes hidraulisko cilindru projekt\u0113\u0161an\u0101, izstr\u0101d\u0113 un ra\u017eo\u0161an\u0101. Ar bag\u0101t\u012bgu pieredzi, kas uzkr\u0101ta gadu desmitiem, m\u0113s neman\u0101mi apvienojam it\u0101\u013cu meistar\u012bbu ar modern\u0101kaj\u0101m tehnolo\u0123ij\u0101m, lai nodro\u0161in\u0101tu izcilus hidrauliskos risin\u0101jumus, kas piel\u0101goti m\u016bsu klientu da\u017e\u0101daj\u0101m vajadz\u012bb\u0101m vis\u0101 pasaul\u0113. FMP atrodas It\u0101lij\u0101, in\u017eenierijas izcil\u012bbas centr\u0101, un ir k\u013cuvis par uzticamu l\u012bderi hidraulikas nozar\u0113, kas velt\u012bts uzticamu, iztur\u012bgu un inovat\u012bvu produktu nodro\u0161in\u0101\u0161anai, kas dod iesp\u0113jas uz\u0146\u0113mumiem vis\u0101 pasaul\u0113.<\/p>\n<p>M\u0113s apvienojam progres\u012bvas ra\u017eo\u0161anas trad\u012bcijas ar progres\u012bvu skat\u012bjumu. Balstoties uz daudzu gadu pieredzi hidraulisko sist\u0113mu jom\u0101, FMP ir k\u013cuvis par modernu uz\u0146\u0113mumu, kas izce\u013cas ar izcil\u012bbu p\u0113tniec\u012bb\u0101, projekt\u0113\u0161an\u0101 un ra\u017eo\u0161an\u0101. M\u016bsu specializ\u0101cija aptver pla\u0161u hidraulisko cilindru spektru, tostarp divk\u0101r\u0161as darb\u012bbas cilindrus, automobi\u013cu pacel\u0161anas cilindrus, lauksaimniec\u012bbas tehnikas cilindrus un individu\u0101li izstr\u0101d\u0101tus risin\u0101jumus da\u017e\u0101diem r\u016bpnieciskiem pielietojumiem. Neatkar\u012bgi no t\u0101, vai tie ir paredz\u0113ti b\u016bvniec\u012bbai, r\u016bpniecisk\u0101m instal\u0101cij\u0101m, lauksaimniec\u012bbai vai smagajai tehnikai, m\u016bsu hidrauliskie cilindri ir konstru\u0113ti t\u0101, lai tie darbotos vissare\u017e\u0123\u012bt\u0101kajos apst\u0101k\u013cos, nodro\u0161inot dro\u0161\u012bbu, efektivit\u0101ti un ilgm\u016b\u017e\u012bbu.<\/p>\n<p><img loading=\"lazy\" decoding=\"async\" class=\"alignnone size-full wp-image-6720\" src=\"https:\/\/fmp-components.com\/wp-content\/uploads\/2025\/03\/hydraulic-cylinder-8.webp\" alt=\"Teleskopiskie hidrauliskie cilindri\" width=\"933\" height=\"526\" title=\"\" srcset=\"https:\/\/fmp-components.com\/wp-content\/uploads\/2025\/03\/hydraulic-cylinder-8.webp 933w, https:\/\/fmp-components.com\/wp-content\/uploads\/2025\/03\/hydraulic-cylinder-8-480x271.webp 480w\" sizes=\"(min-width: 0px) and (max-width: 480px) 480px, (min-width: 481px) 933px, 100vw\" \/><\/p>\n<p>Uz\u0146\u0113mum\u0101 FMP m\u0113s lepojamies ar sav\u0101m modern\u0101kaj\u0101m ra\u017eo\u0161anas iek\u0101rt\u0101m, kas apr\u012bkotas ar prec\u012bzijas iek\u0101rt\u0101m un modern\u0101m test\u0113\u0161anas sist\u0113m\u0101m. M\u016bsu ra\u017eo\u0161anas procesi atbilst stingriem valsts un starptautiskajiem standartiem, nodro\u0161inot, ka katrs sara\u017eotais hidrauliskais cilindrs ir visaugst\u0101k\u0101s kvalit\u0101tes un uzticam\u012bbas. M\u016bsu prasm\u012bg\u0101 tehnisk\u0101 komanda kop\u0101 ar modernu apr\u012bkojumu \u013cauj mums uztur\u0113t stingru kvalit\u0101tes kontroli katr\u0101 ra\u017eo\u0161anas posm\u0101 \u2014 s\u0101kot no izejvielu izv\u0113les l\u012bdz gal\u012bgajai p\u0101rbaudei. \u0160\u012b ap\u0146em\u0161an\u0101s sasniegt izcil\u012bbu ir nodro\u0161in\u0101jusi mums sertifik\u0101tus un atzin\u012bbu no nozares iest\u0101d\u0113m, v\u0113l vair\u0101k nostiprinot m\u016bsu reput\u0101ciju k\u0101 uzticamam partnerim.<\/p>\n<p>M\u016bsu misija ir vienk\u0101r\u0161a, tom\u0113r ambicioza: nodro\u0161in\u0101t hidrauliskos cilindrus, kas p\u0101rsniedz cer\u012bbas attiec\u012bb\u0101 uz veiktsp\u0113ju, iztur\u012bbu un v\u0113rt\u012bbu. M\u0113s iev\u0113rojam profesionalit\u0101tes, integrit\u0101tes un klientu apkalpo\u0161anas principus. Veicinot inov\u0101ciju un precizit\u0101tes kult\u016bru, m\u0113s past\u0101v\u012bgi pilnveidojam savus produktus, lai saglab\u0101tu konkur\u0113tsp\u0113ju tirg\u016b. M\u016bsu pla\u0161ais produktu kl\u0101sts un sp\u0113ja pied\u0101v\u0101t piel\u0101gotus risin\u0101jumus pozicion\u0113 m\u016bs k\u0101 v\u0113lamo izv\u0113li uz\u0146\u0113mumiem, kuriem nepiecie\u0161ami augstas veiktsp\u0113jas hidrauliskie cilindri.<\/p>\n<p>FMP ir vair\u0101k nek\u0101 tikai ra\u017eot\u0101js; m\u0113s esam partneris j\u016bsu pan\u0101kumos. M\u0113s apzin\u0101mies, ka m\u016bsu klienti pa\u013caujas uz mums, ja mums ir nepiecie\u0161ami instrumenti, kas uzlabo produktivit\u0101ti un dro\u0161\u012bbu. T\u0101p\u0113c m\u0113s esam ap\u0146\u0113mu\u0161ies nodro\u0161in\u0101t ne tikai augst\u0101k\u0101s kvalit\u0101tes produktus, bet ar\u012b izcilu servisu. S\u0101kot ar s\u0101kotn\u0113j\u0101m konsult\u0101cij\u0101m un beidzot ar p\u0113cp\u0101rdo\u0161anas atbalstu, m\u0113s cie\u0161i sadarbojamies ar saviem klientiem, lai nodro\u0161in\u0101tu, ka vi\u0146u vajadz\u012bbas tiek apmierin\u0101tas ar profesionalit\u0101ti un r\u016bp\u012bbu. M\u016bsu konkur\u0113tsp\u0113j\u012bg\u0101s cenas apvienojum\u0101 ar nelok\u0101mo ap\u0146em\u0161anos nodro\u0161in\u0101t kvalit\u0101ti padara FMP par gudru izv\u0113li uz\u0146\u0113mumiem, kas mekl\u0113 uzticamus hidrauliskos risin\u0101jumus.<\/p>","protected":false},"excerpt":{"rendered":"<p>Hot Sale Double Acting Small Dump Truck Telescopic Hydraulic Cylinder This hot-selling, double-acting small dump truck telescopic hydraulic cylinder is a newly released product of 2025. It is designed for use in various industries including machinery repair shops, farms, energy and mining, machinery manufacturing, and machinery factories. With its steel body and standard design, it [&hellip;]<\/p>","protected":false},"featured_media":6673,"comment_status":"closed","ping_status":"closed","template":"","meta":{"_et_pb_use_builder":"","_et_pb_old_content":"","_et_gb_content_width":""},"product_brand":[],"product_cat":[103],"product_tag":[34,105],"class_list":{"0":"post-6503","1":"product","2":"type-product","3":"status-publish","4":"has-post-thumbnail","6":"product_cat-telescopic-hydraulic-cylinders","7":"product_tag-hydraulic-cylinder","8":"product_tag-telescopic-hydraulic-cylinders","10":"first","11":"instock","12":"product-type-simple"},"_links":{"self":[{"href":"https:\/\/fmp-components.com\/lv\/wp-json\/wp\/v2\/product\/6503","targetHints":{"allow":["GET"]}}],"collection":[{"href":"https:\/\/fmp-components.com\/lv\/wp-json\/wp\/v2\/product"}],"about":[{"href":"https:\/\/fmp-components.com\/lv\/wp-json\/wp\/v2\/types\/product"}],"replies":[{"embeddable":true,"href":"https:\/\/fmp-components.com\/lv\/wp-json\/wp\/v2\/comments?post=6503"}],"wp:featuredmedia":[{"embeddable":true,"href":"https:\/\/fmp-components.com\/lv\/wp-json\/wp\/v2\/media\/6673"}],"wp:attachment":[{"href":"https:\/\/fmp-components.com\/lv\/wp-json\/wp\/v2\/media?parent=6503"}],"wp:term":[{"taxonomy":"product_brand","embeddable":true,"href":"https:\/\/fmp-components.com\/lv\/wp-json\/wp\/v2\/product_brand?post=6503"},{"taxonomy":"product_cat","embeddable":true,"href":"https:\/\/fmp-components.com\/lv\/wp-json\/wp\/v2\/product_cat?post=6503"},{"taxonomy":"product_tag","embeddable":true,"href":"https:\/\/fmp-components.com\/lv\/wp-json\/wp\/v2\/product_tag?post=6503"}],"curies":[{"name":"wp","href":"https:\/\/api.w.org\/{rel}","templated":true}]}}