{"id":6499,"date":"2025-03-11T06:25:30","date_gmt":"2025-03-11T06:25:30","guid":{"rendered":"https:\/\/fmp-components.com\/product\/professional-craftsmanship-dump-truck-4-stage-hydraulic-cylinder-small-multistage-hydraulic-cylinder"},"modified":"2025-03-11T08:42:42","modified_gmt":"2025-03-11T08:42:42","slug":"professional-craftsmanship-dump-truck-4-stage-hydraulic-cylinder-small-multistage-hydraulic-cylinder","status":"publish","type":"product","link":"https:\/\/fmp-components.com\/lv\/product\/professional-craftsmanship-dump-truck-4-stage-hydraulic-cylinder-small-multistage-hydraulic-cylinder\/","title":{"rendered":"Profesion\u0101la meistar\u012bba pa\u0161izg\u0101z\u0113ja 4 pak\u0101pju hidrauliskais cilindrs Mazs daudzpak\u0101pju hidrauliskais cilindrs"},"content":{"rendered":"<h2>Profesion\u0101la meistar\u012bba pa\u0161izg\u0101z\u0113ja 4 pak\u0101pju hidrauliskais cilindrs Mazs daudzpak\u0101pju hidrauliskais cilindrs<\/h2>\n<p>Daudzpak\u0101pju hidrauliskais cilindrs ir pasaules klases produkts, kas paredz\u0113ts da\u017e\u0101diem r\u016bpnieciskiem pielietojumiem. Tas demonstr\u0113 izcilu veiktsp\u0113ju, iztur\u012bbu un efektivit\u0101ti. Tas ir b\u016btisks instruments ma\u0161\u012bnb\u016bves remonta darbn\u012bc\u0101m, saimniec\u012bb\u0101m, ener\u0123\u0113tikas un kalnr\u016bpniec\u012bbas nozar\u0113m, ma\u0161\u012bnb\u016bves ra\u017eo\u0161anai un ma\u0161\u012bnb\u016bves r\u016bpn\u012bc\u0101m.<\/p>\n<h2>Produkta specifik\u0101cijas<\/h2>\n<table style=\"width: 98.1124%;\" border=\"\">\n<tbody>\n<tr>\n<th style=\"width: 43.5028%;\">Urbuma izm\u0113rs<\/th>\n<td style=\"width: 475.141%;\">2\u20136 collas<\/td>\n<\/tr>\n<tr>\n<th style=\"width: 43.5028%;\">Stie\u0146a izm\u0113rs<\/th>\n<td style=\"width: 475.141%;\">1,125\u20134 collas<\/td>\n<\/tr>\n<tr>\n<th style=\"width: 43.5028%;\">Trieciena izm\u0113rs<\/th>\n<td style=\"width: 475.141%;\">4\u2013100 collas<\/td>\n<\/tr>\n<tr>\n<th style=\"width: 43.5028%;\">Tapas izm\u0113rs<\/th>\n<td style=\"width: 475.141%;\">0,5\u20132 collas<\/td>\n<\/tr>\n<tr>\n<th style=\"width: 43.5028%;\">Ostas<\/th>\n<td style=\"width: 475.141%;\">G\/SAE\/NPT\/M<\/td>\n<\/tr>\n<\/tbody>\n<\/table>\n<h2>Daudzpak\u0101pju hidraulisk\u0101 cilindra galven\u0101s iez\u012bmes<\/h2>\n<ul>\n<li>Energoefekt\u012bvs<\/li>\n<li>Augsta veiktsp\u0113ja<\/li>\n<li>Dro\u0161\u012bba garant\u0113ta<\/li>\n<\/ul>\n<h3>Hidraulisk\u0101s sist\u0113mas un darb\u012bbas princips<\/h3>\n<p>Daudzpak\u0101pju hidrauliskais cilindrs darbojas, izmantojot hidrauliskaj\u0101m sist\u0113m\u0101m rakstur\u012bgo \u0161\u0137idruma jaudu. \u0160\u012b inovat\u012bv\u0101 tehnolo\u0123ija \u013cauj cilindram p\u0101rveidot hidraulisko ener\u0123iju meh\u0101niskaj\u0101 ener\u0123ij\u0101, efekt\u012bvi veicot darbu daudzos r\u016bpnieciskos pielietojumos. Kad hidrauliskais \u0161\u0137idrums tiek pak\u013cauts spiedienam un ievad\u012bts cilindr\u0101, tas ierosina kust\u012bbu, kas p\u0101rv\u0113r\u0161as line\u0101r\u0101 kust\u012bb\u0101. \u0160\u012b hidraulisk\u0101 cilindra efektivit\u0101te un veiktsp\u0113ja liecina par t\u0101 izcilo dizainu un meistar\u012bbu, nodro\u0161inot, ka tas var prec\u012bzi un uzticami apstr\u0101d\u0101t lielas slodzes. T\u0101 uzlabot\u0101 in\u017eenierija nodro\u0161ina vienm\u0113r\u012bgu darb\u012bbu un piel\u0101gojam\u012bbu, padarot to piem\u0113rotu uzdevumiem, kuriem nepiecie\u0161ama gan iztur\u012bba, gan precizit\u0101te.<\/p>\n<p><img loading=\"lazy\" decoding=\"async\" class=\"alignnone  wp-image-6664\" src=\"https:\/\/fmp-components.com\/wp-content\/uploads\/2025\/03\/telescopic-hydraulic-cylinder-8.webp\" alt=\"teleskopiskais hidrauliskais cilindrs\" width=\"898\" height=\"898\" title=\"\" srcset=\"https:\/\/fmp-components.com\/wp-content\/uploads\/2025\/03\/telescopic-hydraulic-cylinder-8.webp 898w, https:\/\/fmp-components.com\/wp-content\/uploads\/2025\/03\/telescopic-hydraulic-cylinder-8-480x480.webp 480w\" sizes=\"(min-width: 0px) and (max-width: 480px) 480px, (min-width: 481px) 898px, 100vw\" \/><\/p>\n<h3>Hidraulisk\u0101 cilindra pielietojums<\/h3>\n<p>\u0160is hidrauliskais cilindrs ir daudzpus\u012bgs un tiek izmantots da\u017e\u0101d\u0101s jom\u0101s. Ma\u0161\u012bnu remonta darbn\u012bc\u0101s tas ir b\u016btisks smagu deta\u013cu pacel\u0161anai un manevr\u0113\u0161anai, atvieglojot efekt\u012bvu remontu un apkopi. Lauksaimniec\u012bbas vid\u0113 tam ir iz\u0161\u0137iro\u0161a noz\u012bme t\u0101du iek\u0101rtu k\u0101 traktoru un pa\u0161izg\u0101z\u0113ju piekabju darbin\u0101\u0161an\u0101, uzlabojot produktivit\u0101ti lauksaimniec\u012bbas darbos. Ener\u0123\u0113tikas un kalnr\u016bpniec\u012bbas nozares g\u016bst iev\u0113rojamu labumu no t\u0101 iztur\u012bg\u0101s konstrukcijas, jo tas var iztur\u0113t \u0161\u012bm nozar\u0113m rakstur\u012bgos sare\u017e\u0123\u012btos apst\u0101k\u013cus, padarot to ide\u0101li piem\u0113rotu smagiem uzdevumiem. Turkl\u0101t to pla\u0161i izmanto ma\u0161\u012bnb\u016bv\u0113 un r\u016bpn\u012bc\u0101s, kur tas atbalsta da\u017e\u0101dus ra\u017eo\u0161anas procesus, nodro\u0161inot nepiecie\u0161amo sp\u0113ku mont\u0101\u017eai un materi\u0101lu apstr\u0101dei. T\u0101 piel\u0101gojam\u012bba \u0161aj\u0101s da\u017e\u0101daj\u0101s vid\u0113s uzsver t\u0101 noz\u012bmi k\u0101 uzticamu instrumentu profesion\u0101\u013ciem daudz\u0101s nozar\u0113s.<\/p>\n<h3>Hidrauliskie cilindri un sp\u0113ka agreg\u0101ti<\/h3>\n<p>Hidrauliskie cilindri un sp\u0113ka agreg\u0101ti ir neat\u0146emamas hidraulisko sist\u0113mu sast\u0101vda\u013cas, kas darbojas harmoniski, lai nodro\u0161in\u0101tu optim\u0101lu veiktsp\u0113ju. Hidrauliskais cilindrs kalpo k\u0101 izpildmeh\u0101nisms, p\u0101rveidojot hidraulisko ener\u0123iju meh\u0101nisk\u0101 kust\u012bb\u0101, savuk\u0101rt sp\u0113ka agreg\u0101ts darbojas k\u0101 ener\u0123ijas avots, pieg\u0101d\u0101jot darb\u012bbai nepiecie\u0161amo spiediena \u0161\u0137idrumu. Kop\u0101 tie atvieglo hidraulisko tehnolo\u0123iju efekt\u012bvu pielieto\u0161anu r\u016bpnieciskaj\u0101 jom\u0101, nodro\u0161inot uzticamu jaudas un vad\u012bbas atbalstu da\u017e\u0101d\u0101m in\u017eeniertehnisk\u0101m un meh\u0101nisk\u0101m iek\u0101rt\u0101m. \u0160\u012b koordin\u0113t\u0101 funkcija ir b\u016btiska t\u0101du uzdevumu veik\u0161anai, kuriem nepiecie\u0161ams iev\u0113rojams sp\u0113ks un precizit\u0101te, nodro\u0161inot, ka darb\u012bbas norit vienm\u0113r\u012bgi un efekt\u012bvi. FMP m\u0113s pied\u0101v\u0101jam ar\u012b virkni sp\u0113ka agreg\u0101tu p\u0101rdo\u0161anai, kas papildina m\u016bsu hidrauliskos cilindrus un nodro\u0161ina piln\u012bgus risin\u0101jumus j\u016bsu hidraulisk\u0101s sist\u0113mas vajadz\u012bb\u0101m. M\u016bsu ap\u0146em\u0161an\u0101s nodro\u0161in\u0101t kvalit\u0101ti un inov\u0101cijas nodro\u0161ina, ka j\u016bs varat pa\u013cauties uz mums vis\u0101s j\u016bsu hidrauliskaj\u0101s vajadz\u012bb\u0101s.<\/p>\n<p><img loading=\"lazy\" decoding=\"async\" class=\"alignnone  wp-image-6665\" src=\"https:\/\/fmp-components.com\/wp-content\/uploads\/2025\/03\/telescopic-hydraulic-cylinder-9.webp\" alt=\"teleskopiskais hidrauliskais cilindrs\" width=\"921\" height=\"921\" title=\"\" srcset=\"https:\/\/fmp-components.com\/wp-content\/uploads\/2025\/03\/telescopic-hydraulic-cylinder-9.webp 921w, https:\/\/fmp-components.com\/wp-content\/uploads\/2025\/03\/telescopic-hydraulic-cylinder-9-480x480.webp 480w\" sizes=\"(min-width: 0px) and (max-width: 480px) 480px, (min-width: 481px) 921px, 100vw\" \/><\/p>\n<h3>Par FMP<\/h3>\n<p class=\"break-words\">FMP ir vado\u0161ais It\u0101lijas ra\u017eot\u0101js, kas specializ\u0113jas augstas kvalit\u0101tes hidraulisko cilindru projekt\u0113\u0161an\u0101, izstr\u0101d\u0113 un ra\u017eo\u0161an\u0101. Ar bag\u0101t\u012bgu mantojumu, kas sak\u0146ojas gadu desmitiem ilg\u0101 pieredz\u0113, m\u0113s ar lepnumu apvienojam it\u0101\u013cu meistar\u012bbu ar jaun\u0101kaj\u0101m tehnolo\u0123ij\u0101m, lai nodro\u0161in\u0101tu izcilus hidrauliskos risin\u0101jumus, kas piel\u0101goti m\u016bsu glob\u0101l\u0101 klientu loka da\u017e\u0101daj\u0101m vajadz\u012bb\u0101m. FMP, kas atrodas It\u0101lij\u0101, in\u017eenierijas izcil\u012bbas centr\u0101, ir uzticams v\u0101rds hidraulikas nozar\u0113 un ir ap\u0146\u0113mies nodro\u0161in\u0101t uzticamus, iztur\u012bgus un inovat\u012bvus produktus, kas dod iesp\u0113jas uz\u0146\u0113mumiem vis\u0101 pasaul\u0113.<\/p>\n<p class=\"break-words\">M\u016bsu uz\u0146\u0113mums apvieno lab\u0101k\u0101s progres\u012bv\u0101s ra\u017eo\u0161anas trad\u012bcijas ar t\u0101lredz\u012bgu pieeju. Balstoties uz daudzu gadu pieredzi hidraulisko sist\u0113mu jom\u0101, FMP ir att\u012bst\u012bjies par modernu uz\u0146\u0113mumu, kas izce\u013cas ar izcil\u0101m p\u0113tniec\u012bbas, dizaina un ra\u017eo\u0161anas sp\u0113j\u0101m. M\u0113s specializ\u0113jamies pla\u0161\u0101 hidraulisko cilindru kl\u0101st\u0101, tostarp divk\u0101r\u0161as darb\u012bbas cilindros, automobi\u013cu pacel\u0161anas cilindros, lauksaimniec\u012bbas tehnikas cilindros un piel\u0101gotos risin\u0101jumos da\u017e\u0101diem r\u016bpnieciskiem pielietojumiem. Neatkar\u012bgi no t\u0101, vai tas ir paredz\u0113ts b\u016bvniec\u012bbai, r\u016bpniecisk\u0101m instal\u0101cij\u0101m, lauksaimniec\u012bbai vai smagajai tehnikai, m\u016bsu hidrauliskie cilindri ir rad\u012bti, lai darbotos vissmag\u0101kajos apst\u0101k\u013cos, nodro\u0161inot dro\u0161\u012bbu, efektivit\u0101ti un ilgm\u016b\u017e\u012bbu.<\/p>\n<p><img loading=\"lazy\" decoding=\"async\" class=\"alignnone size-full wp-image-6720\" src=\"https:\/\/fmp-components.com\/wp-content\/uploads\/2025\/03\/hydraulic-cylinder-8.webp\" alt=\"Teleskopiskie hidrauliskie cilindri\" width=\"933\" height=\"526\" title=\"\" srcset=\"https:\/\/fmp-components.com\/wp-content\/uploads\/2025\/03\/hydraulic-cylinder-8.webp 933w, https:\/\/fmp-components.com\/wp-content\/uploads\/2025\/03\/hydraulic-cylinder-8-480x271.webp 480w\" sizes=\"(min-width: 0px) and (max-width: 480px) 480px, (min-width: 481px) 933px, 100vw\" \/><\/p>\n<p class=\"break-words\">Uz\u0146\u0113mum\u0101 FMP m\u0113s lepojamies ar sav\u0101m modern\u0101kaj\u0101m ra\u017eo\u0161anas iek\u0101rt\u0101m, kas apr\u012bkotas ar prec\u012bzijas iek\u0101rt\u0101m un modern\u0101m test\u0113\u0161anas sist\u0113m\u0101m. M\u016bsu ra\u017eo\u0161anas procesi atbilst stingriem valsts un starptautiskajiem standartiem, nodro\u0161inot, ka katrs hidrauliskais cilindrs, kas atst\u0101j m\u016bsu r\u016bpn\u012bcu, ir augst\u0101k\u0101s kvalit\u0101tes un uzticam\u012bbas. M\u016bsu prasm\u012bg\u0101 tehnisk\u0101 komanda apvienojum\u0101 ar modern\u0101ko apr\u012bkojumu \u013cauj mums uztur\u0113t stingru kvalit\u0101tes kontroli katr\u0101 ra\u017eo\u0161anas posm\u0101 \u2014 s\u0101kot no izejvielu izv\u0113les l\u012bdz gal\u012bgajai p\u0101rbaudei. \u0160\u012b ap\u0146em\u0161an\u0101s sasniegt izcil\u012bbu ir nodro\u0161in\u0101jusi mums sertifik\u0101tus un atzin\u012bbu no nozares iest\u0101d\u0113m, v\u0113l vair\u0101k nostiprinot m\u016bsu reput\u0101ciju k\u0101 uzticamam partnerim.<\/p>\n<p class=\"break-words\">M\u016bsu misija ir vienk\u0101r\u0161a, tom\u0113r ambicioza: nodro\u0161in\u0101t m\u016bsu klientus ar hidrauliskajiem cilindriem, kas p\u0101rsniedz cer\u012bbas attiec\u012bb\u0101 uz veiktsp\u0113ju, iztur\u012bbu un v\u0113rt\u012bbu. M\u0113s darbojamies, iev\u0113rojot profesionalit\u0101tes, godpr\u0101t\u012bbas un klientu apkalpo\u0161anas pamatprincipus. Veicinot inov\u0101ciju un precizit\u0101tes kult\u016bru, m\u0113s nep\u0101rtraukti pilnveidojam savus produktus, lai saglab\u0101tu l\u012bderpoz\u012bcijas konkur\u0113tsp\u0113j\u012bg\u0101 tirg\u016b. M\u016bsu pla\u0161ais produktu kl\u0101sts un sp\u0113ja pied\u0101v\u0101t piel\u0101gotus risin\u0101jumus padara m\u016bs par lab\u0101ko izv\u0113li uz\u0146\u0113mumiem, kas mekl\u0113 augstas veiktsp\u0113jas hidrauliskos cilindrus.<\/p>\n<p class=\"break-words\">FMP ir vair\u0101k nek\u0101 tikai ra\u017eot\u0101js \u2014 m\u0113s esam partneris j\u016bsu pan\u0101kumos. M\u0113s saprotam, ka m\u016bsu klienti pa\u013caujas uz mums, lai pieg\u0101d\u0101tu instrumentus, kas uzlabo vi\u0146u produktivit\u0101ti un dro\u0161\u012bbu. T\u0101p\u0113c m\u0113s esam ap\u0146\u0113mu\u0161ies pied\u0101v\u0101t ne tikai augst\u0101k\u0101s klases produktus, bet ar\u012b izcilu servisu. S\u0101kot ar s\u0101kotn\u0113jo konsult\u0101ciju un beidzot ar p\u0113cp\u0101rdo\u0161anas atbalstu, m\u0113s cie\u0161i sadarbojamies ar saviem klientiem, lai nodro\u0161in\u0101tu, ka vi\u0146u vajadz\u012bbas tiek apmierin\u0101tas ar profesionalit\u0101ti un r\u016bp\u012bbu. M\u016bsu konkur\u0113tsp\u0113j\u012bg\u0101s cenas apvienojum\u0101 ar nelok\u0101mo ap\u0146em\u0161anos nodro\u0161in\u0101t kvalit\u0101ti padara FMP par gudru izv\u0113li uz\u0146\u0113mumiem, kas v\u0113las ieguld\u012bt l\u012bdzek\u013cus uzticamos hidrauliskajos risin\u0101jumos.<\/p>","protected":false},"excerpt":{"rendered":"<p>Professional Craftsmanship Dump Truck 4 Stage Hydraulic Cylinder Small Multistage Hydraulic Cylinder The Multistage Hydraulic Cylinder is a world-class product designed for various industrial applications. It demonstrates exceptional performance, durability, and efficiency. It is an essential tool for machinery repair shops, farms, energy &amp; mining industries, machinery manufacturing, and machinery factories. Product Specifications Bore Size [&hellip;]<\/p>","protected":false},"featured_media":6678,"comment_status":"closed","ping_status":"closed","template":"","meta":{"_et_pb_use_builder":"","_et_pb_old_content":"","_et_gb_content_width":""},"product_brand":[],"product_cat":[103],"product_tag":[34,105],"class_list":{"0":"post-6499","1":"product","2":"type-product","3":"status-publish","4":"has-post-thumbnail","6":"product_cat-telescopic-hydraulic-cylinders","7":"product_tag-hydraulic-cylinder","8":"product_tag-telescopic-hydraulic-cylinders","10":"first","11":"instock","12":"product-type-simple"},"_links":{"self":[{"href":"https:\/\/fmp-components.com\/lv\/wp-json\/wp\/v2\/product\/6499","targetHints":{"allow":["GET"]}}],"collection":[{"href":"https:\/\/fmp-components.com\/lv\/wp-json\/wp\/v2\/product"}],"about":[{"href":"https:\/\/fmp-components.com\/lv\/wp-json\/wp\/v2\/types\/product"}],"replies":[{"embeddable":true,"href":"https:\/\/fmp-components.com\/lv\/wp-json\/wp\/v2\/comments?post=6499"}],"wp:featuredmedia":[{"embeddable":true,"href":"https:\/\/fmp-components.com\/lv\/wp-json\/wp\/v2\/media\/6678"}],"wp:attachment":[{"href":"https:\/\/fmp-components.com\/lv\/wp-json\/wp\/v2\/media?parent=6499"}],"wp:term":[{"taxonomy":"product_brand","embeddable":true,"href":"https:\/\/fmp-components.com\/lv\/wp-json\/wp\/v2\/product_brand?post=6499"},{"taxonomy":"product_cat","embeddable":true,"href":"https:\/\/fmp-components.com\/lv\/wp-json\/wp\/v2\/product_cat?post=6499"},{"taxonomy":"product_tag","embeddable":true,"href":"https:\/\/fmp-components.com\/lv\/wp-json\/wp\/v2\/product_tag?post=6499"}],"curies":[{"name":"wp","href":"https:\/\/api.w.org\/{rel}","templated":true}]}}