{"id":6498,"date":"2025-03-11T06:25:30","date_gmt":"2025-03-11T06:25:30","guid":{"rendered":"https:\/\/fmp-components.com\/product\/high-quality-double-acting-dump-truck-telescopic-hydraulic-cylinder-for-sale"},"modified":"2025-03-11T08:45:51","modified_gmt":"2025-03-11T08:45:51","slug":"high-quality-double-acting-dump-truck-telescopic-hydraulic-cylinder-for-sale","status":"publish","type":"product","link":"https:\/\/fmp-components.com\/lv\/product\/high-quality-double-acting-dump-truck-telescopic-hydraulic-cylinder-for-sale\/","title":{"rendered":"P\u0101rdo\u0161an\u0101 augstas kvalit\u0101tes divk\u0101r\u0161as darb\u012bbas pa\u0161izg\u0101z\u0113ja teleskopiskais hidrauliskais cilindrs"},"content":{"rendered":"<h2>P\u0101rdo\u0161an\u0101 augstas kvalit\u0101tes divk\u0101r\u0161as darb\u012bbas pa\u0161izg\u0101z\u0113ja teleskopiskais hidrauliskais cilindrs<\/h2>\n<p>Augstas kvalit\u0101tes divk\u0101r\u0161as darb\u012bbas pa\u0161izg\u0101z\u0113ja teleskopiskais hidrauliskais cilindrs ir b\u016btisks instruments jebkurai r\u016bpnieciskai darb\u012bbai. \u0160\u012b jaud\u012bg\u0101 iek\u0101rta ir paredz\u0113ta izmanto\u0161anai da\u017e\u0101d\u0101s nozar\u0113s, tostarp ma\u0161\u012bnb\u016bves remonta darbn\u012bc\u0101s, saimniec\u012bb\u0101s, ener\u0123\u0113tikas un ieguves r\u016bpniec\u012bb\u0101, ma\u0161\u012bnb\u016bves ra\u017eo\u0161an\u0101 un ma\u0161\u012bnb\u016bves r\u016bpn\u012bc\u0101s.<\/p>\n<p>M\u016bsu hidrauliskais cilindrs ir ne tikai iztur\u012bgs un ilgm\u016b\u017e\u012bgs, bet ar\u012b efekt\u012bvs un uzticams. T\u0101 pielietojums ir kritiski svar\u012bgs daudz\u0101s r\u016bpniecisk\u0101s darb\u012bb\u0101s, nodro\u0161inot nepiecie\u0161amo jaudu un kontroli optim\u0101lai veiktsp\u0113jai sare\u017e\u0123\u012btos apst\u0101k\u013cos.<\/p>\n<h2>Produkta inform\u0101cija<\/h2>\n<table style=\"width: 93.8844%;\" border=\"\">\n<tbody>\n<tr>\n<th style=\"width: 42.9379%;\">Urbuma izm\u0113rs<\/th>\n<th style=\"width: 455.367%;\">2\u20136 collas<\/th>\n<\/tr>\n<tr>\n<th style=\"width: 42.9379%;\">Stie\u0146a izm\u0113rs<\/th>\n<th style=\"width: 455.367%;\">1,125\u20134 collas<\/th>\n<\/tr>\n<tr>\n<th style=\"width: 42.9379%;\">Trieciena izm\u0113rs<\/th>\n<th style=\"width: 455.367%;\">4\u2013100 collas<\/th>\n<\/tr>\n<tr>\n<th style=\"width: 42.9379%;\">Tapas izm\u0113rs<\/th>\n<th style=\"width: 455.367%;\">0,5\u20132 collas<\/th>\n<\/tr>\n<tr>\n<th style=\"width: 42.9379%;\">Ostas<\/th>\n<th style=\"width: 455.367%;\">G\/SAE\/NPT\/M<\/th>\n<\/tr>\n<\/tbody>\n<\/table>\n<h2>Galven\u0101s iez\u012bmes<\/h2>\n<ul>\n<li>Energoefekt\u012bvs<\/li>\n<li>Augsta veiktsp\u0113ja<\/li>\n<li>Dro\u0161s un uzticams<\/li>\n<li>Standarta un nestandarta strukt\u016bra<\/li>\n<li>Augsta maksim\u0101l\u0101 vilce un vilkme<\/li>\n<\/ul>\n<h2>Hidraulisk\u0101 sist\u0113ma un darb\u012bbas princips<\/h2>\n<p>Hidrauliskais cilindrs ir pamatelements hidrauliskaj\u0101 sist\u0113m\u0101, kas izmanto \u0161\u0137idruma dinamikas principus, lai rad\u012btu sp\u0113ku un kust\u012bbu. \u0160is cilindrs darbojas, p\u0101rveidojot hidraulisko spiedienu meh\u0101nisk\u0101 sp\u0113k\u0101, nodro\u0161inot prec\u012bzu un efekt\u012bvu r\u016bpniecisko ma\u0161\u012bnu un iek\u0101rtu kust\u012bbu. Kad hidrauliskais \u0161\u0137idrums tiek pak\u013cauts spiedienam un ievad\u012bts cilindr\u0101, tas rada sp\u0113ku, kas p\u0101rvieto virzuli t\u0101 iek\u0161pus\u0113, atvieglojot da\u017e\u0101das darb\u012bbas, s\u0101kot no cel\u0161anas un stum\u0161anas l\u012bdz rot\u0113\u0161anai un iesp\u012bl\u0113\u0161anai. \u0160is meh\u0101nisms nodro\u0161ina vienm\u0113r\u012bgu un atsauc\u012bgu darb\u012bbu, \u013caujot sasniegt augstu produktivit\u0101tes un uzticam\u012bbas l\u012bmeni da\u017e\u0101dos r\u016bpnieciskos pielietojumos.<\/p>\n<p><img loading=\"lazy\" decoding=\"async\" class=\"alignnone  wp-image-6662\" src=\"https:\/\/fmp-components.com\/wp-content\/uploads\/2025\/03\/telescopic-hydraulic-cylinder-4.webp\" alt=\"teleskopiskais hidrauliskais cilindrs\" width=\"915\" height=\"915\" title=\"\" srcset=\"https:\/\/fmp-components.com\/wp-content\/uploads\/2025\/03\/telescopic-hydraulic-cylinder-4.webp 915w, https:\/\/fmp-components.com\/wp-content\/uploads\/2025\/03\/telescopic-hydraulic-cylinder-4-480x480.webp 480w\" sizes=\"(min-width: 0px) and (max-width: 480px) 480px, (min-width: 481px) 915px, 100vw\" \/><\/p>\n<h2>Pieteikumi<\/h2>\n<p>M\u016bsu teleskopiskais hidrauliskais cilindrs ir izstr\u0101d\u0101ts, lai apmierin\u0101tu da\u017e\u0101du pielietojumu pras\u012bbas. Ma\u0161\u012bnu remonta darbn\u012bc\u0101s tas ir nenov\u0113rt\u0113jams smago iek\u0101rtu un komponentu cel\u0161anai, \u013caujot tehni\u0137iem viegli veikt apkopi un remontu. Lauksaimniec\u012bbas vid\u0113 \u0161is hidrauliskais cilindrs uzlabo traktoru un citas lauksaimniec\u012bbas tehnikas funkcionalit\u0101ti, \u013caujot efekt\u012bvi apstr\u0101d\u0101t materi\u0101lus un kult\u016braugus. Ar\u012b ener\u0123\u0113tikas un kalnr\u016bpniec\u012bbas nozares g\u016bst labumu no t\u0101 robust\u0101s veiktsp\u0113jas, jo tas var iztur\u0113t skarbos apst\u0101k\u013cus, ar kuriem bie\u017ei saskaras \u0161aj\u0101s nozar\u0113s, padarot to ide\u0101li piem\u0113rotu smagiem uzdevumiem, piem\u0113ram, materi\u0101lu cel\u0161anai un transport\u0113\u0161anai. Turkl\u0101t ma\u0161\u012bnu ra\u017eo\u0161an\u0101 un r\u016bpn\u012bc\u0101s teleskopiskais hidrauliskais cilindrs atvieglo da\u017e\u0101dus ra\u017eo\u0161anas procesus, nodro\u0161inot nepiecie\u0161amo sp\u0113ku mont\u0101\u017eai un materi\u0101lu p\u0101rvieto\u0161anai. T\u0101 daudzpus\u012bba un iztur\u012bba padara to par b\u016btisku instrumentu profesion\u0101\u013ciem da\u017e\u0101d\u0101s jom\u0101s.<\/p>\n<h2>Hidrauliskie cilindri un sp\u0113ka agreg\u0101ti<\/h2>\n<p>Hidrauliskais cilindrs un baro\u0161anas bloks ir neat\u0146emami jebkuras hidraulisk\u0101s sist\u0113mas elementi, kas darbojas kop\u0101, lai nodro\u0161in\u0101tu optim\u0101lu veiktsp\u0113ju un efektivit\u0101ti. Hidrauliskais cilindrs darbojas k\u0101 izpildmeh\u0101nisms, p\u0101rveidojot hidraulisko ener\u0123iju meh\u0101nisk\u0101 kust\u012bb\u0101, savuk\u0101rt baro\u0161anas bloks kalpo k\u0101 sist\u0113mas dzin\u0113js, pieg\u0101d\u0101jot darb\u012bbai nepiecie\u0161amo spiediena \u0161\u0137idrumu. \u0160\u012b koordin\u0113t\u0101 funkcija ir \u013coti svar\u012bga hidraulisko tehnolo\u0123iju ievie\u0161anai r\u016bpniec\u012bbas sektor\u0101, pied\u0101v\u0101jot uzticamu jaudas un vad\u012bbas atbalstu da\u017e\u0101d\u0101m in\u017eeniertehnisk\u0101m un meh\u0101nisk\u0101m iek\u0101rt\u0101m. Siner\u0123ija starp \u0161iem komponentiem \u013cauj tiem prec\u012bzi un uzticami veikt sare\u017e\u0123\u012btus uzdevumus. Ever-power pied\u0101v\u0101 ar\u012b baro\u0161anas bloku izv\u0113li p\u0101rdo\u0161anai, kas papildina m\u016bsu hidrauliskos cilindrus un sniedz visaptvero\u0161us risin\u0101jumus j\u016bsu hidraulisk\u0101s sist\u0113mas vajadz\u012bb\u0101m. M\u016bsu ap\u0146em\u0161an\u0101s nodro\u0161in\u0101t kvalit\u0101ti un inov\u0101cijas nodro\u0161ina, ka j\u016bs sa\u0146emat lab\u0101kos produktus, lai uzlabotu savas darb\u012bbas iesp\u0113jas.<\/p>\n<p><img loading=\"lazy\" decoding=\"async\" class=\"alignnone  wp-image-6663\" src=\"https:\/\/fmp-components.com\/wp-content\/uploads\/2025\/03\/telescopic-hydraulic-cylinder-11.webp\" alt=\"teleskopiskais hidrauliskais cilindrs\" width=\"905\" height=\"905\" title=\"\" srcset=\"https:\/\/fmp-components.com\/wp-content\/uploads\/2025\/03\/telescopic-hydraulic-cylinder-11.webp 905w, https:\/\/fmp-components.com\/wp-content\/uploads\/2025\/03\/telescopic-hydraulic-cylinder-11-480x480.webp 480w\" sizes=\"(min-width: 0px) and (max-width: 480px) 480px, (min-width: 481px) 905px, 100vw\" \/><\/p>\n<h2>Bie\u017ei uzdotie jaut\u0101jumi<\/h2>\n<ol>\n<li><strong>Vai esat tirdzniec\u012bbas uz\u0146\u0113mums vai ra\u017eot\u0101js?<\/strong><br \/>\nM\u0113s esam r\u016bpn\u012bca.<\/li>\n<li><strong>Cik ilgs ir j\u016bsu pieg\u0101des laiks?<\/strong><br \/>\nM\u016bsu pieg\u0101des laiks parasti ir 25\u201335 dienas.<\/li>\n<li><strong>Vai j\u016bs varat ra\u017eot atbilsto\u0161i paraugiem?<\/strong><br \/>\nJ\u0101, m\u0113s varam ra\u017eot p\u0113c j\u016bsu paraugiem vai tehniskajiem ras\u0113jumiem. M\u0113s varam ar\u012b izgatavot veidnes un armat\u016bru.<\/li>\n<\/ol>\n<h3>Par FMP<\/h3>\n<p class=\"break-words\">FMP ir vado\u0161ais It\u0101lijas ra\u017eot\u0101js, kas specializ\u0113jas augstas kvalit\u0101tes hidraulisko cilindru projekt\u0113\u0161an\u0101, izstr\u0101d\u0113 un ra\u017eo\u0161an\u0101. Ar bag\u0101t\u012bgu mantojumu, kas sak\u0146ojas gadu desmitiem ilg\u0101 pieredz\u0113, m\u0113s ar lepnumu apvienojam it\u0101\u013cu meistar\u012bbu ar jaun\u0101kaj\u0101m tehnolo\u0123ij\u0101m, lai nodro\u0161in\u0101tu izcilus hidrauliskos risin\u0101jumus, kas piel\u0101goti m\u016bsu glob\u0101l\u0101 klientu loka da\u017e\u0101daj\u0101m vajadz\u012bb\u0101m. FMP, kas atrodas It\u0101lij\u0101, in\u017eenierijas izcil\u012bbas centr\u0101, ir uzticams v\u0101rds hidraulikas nozar\u0113 un ir ap\u0146\u0113mies nodro\u0161in\u0101t uzticamus, iztur\u012bgus un inovat\u012bvus produktus, kas dod iesp\u0113jas uz\u0146\u0113mumiem vis\u0101 pasaul\u0113.<\/p>\n<p class=\"break-words\">M\u016bsu uz\u0146\u0113mums apvieno lab\u0101k\u0101s progres\u012bv\u0101s ra\u017eo\u0161anas trad\u012bcijas ar t\u0101lredz\u012bgu pieeju. Balstoties uz daudzu gadu pieredzi hidraulisko sist\u0113mu jom\u0101, FMP ir att\u012bst\u012bjies par modernu uz\u0146\u0113mumu, kas izce\u013cas ar izcil\u0101m p\u0113tniec\u012bbas, dizaina un ra\u017eo\u0161anas sp\u0113j\u0101m. M\u0113s specializ\u0113jamies pla\u0161\u0101 hidraulisko cilindru kl\u0101st\u0101, tostarp divk\u0101r\u0161as darb\u012bbas cilindros, automobi\u013cu pacel\u0161anas cilindros, lauksaimniec\u012bbas tehnikas cilindros un piel\u0101gotos risin\u0101jumos da\u017e\u0101diem r\u016bpnieciskiem pielietojumiem. Neatkar\u012bgi no t\u0101, vai tas ir paredz\u0113ts b\u016bvniec\u012bbai, r\u016bpniecisk\u0101m instal\u0101cij\u0101m, lauksaimniec\u012bbai vai smagajai tehnikai, m\u016bsu hidrauliskie cilindri ir rad\u012bti, lai darbotos vissmag\u0101kajos apst\u0101k\u013cos, nodro\u0161inot dro\u0161\u012bbu, efektivit\u0101ti un ilgm\u016b\u017e\u012bbu.<\/p>\n<p><img loading=\"lazy\" decoding=\"async\" class=\"alignnone size-full wp-image-6720\" src=\"https:\/\/fmp-components.com\/wp-content\/uploads\/2025\/03\/hydraulic-cylinder-8.webp\" alt=\"Teleskopiskie hidrauliskie cilindri\" width=\"933\" height=\"526\" title=\"\" srcset=\"https:\/\/fmp-components.com\/wp-content\/uploads\/2025\/03\/hydraulic-cylinder-8.webp 933w, https:\/\/fmp-components.com\/wp-content\/uploads\/2025\/03\/hydraulic-cylinder-8-480x271.webp 480w\" sizes=\"(min-width: 0px) and (max-width: 480px) 480px, (min-width: 481px) 933px, 100vw\" \/><\/p>\n<p class=\"break-words\">Uz\u0146\u0113mum\u0101 FMP m\u0113s lepojamies ar sav\u0101m modern\u0101kaj\u0101m ra\u017eo\u0161anas iek\u0101rt\u0101m, kas apr\u012bkotas ar prec\u012bzijas iek\u0101rt\u0101m un modern\u0101m test\u0113\u0161anas sist\u0113m\u0101m. M\u016bsu ra\u017eo\u0161anas procesi atbilst stingriem valsts un starptautiskajiem standartiem, nodro\u0161inot, ka katrs hidrauliskais cilindrs, kas atst\u0101j m\u016bsu r\u016bpn\u012bcu, ir augst\u0101k\u0101s kvalit\u0101tes un uzticam\u012bbas. M\u016bsu prasm\u012bg\u0101 tehnisk\u0101 komanda apvienojum\u0101 ar modern\u0101ko apr\u012bkojumu \u013cauj mums uztur\u0113t stingru kvalit\u0101tes kontroli katr\u0101 ra\u017eo\u0161anas posm\u0101 \u2014 s\u0101kot no izejvielu izv\u0113les l\u012bdz gal\u012bgajai p\u0101rbaudei. \u0160\u012b ap\u0146em\u0161an\u0101s sasniegt izcil\u012bbu ir nodro\u0161in\u0101jusi mums sertifik\u0101tus un atzin\u012bbu no nozares iest\u0101d\u0113m, v\u0113l vair\u0101k nostiprinot m\u016bsu reput\u0101ciju k\u0101 uzticamam partnerim.<\/p>\n<p class=\"break-words\">M\u016bsu misija ir vienk\u0101r\u0161a, tom\u0113r ambicioza: nodro\u0161in\u0101t m\u016bsu klientus ar hidrauliskajiem cilindriem, kas p\u0101rsniedz cer\u012bbas attiec\u012bb\u0101 uz veiktsp\u0113ju, iztur\u012bbu un v\u0113rt\u012bbu. M\u0113s darbojamies, iev\u0113rojot profesionalit\u0101tes, godpr\u0101t\u012bbas un klientu apkalpo\u0161anas pamatprincipus. Veicinot inov\u0101ciju un precizit\u0101tes kult\u016bru, m\u0113s nep\u0101rtraukti pilnveidojam savus produktus, lai saglab\u0101tu l\u012bderpoz\u012bcijas konkur\u0113tsp\u0113j\u012bg\u0101 tirg\u016b. M\u016bsu pla\u0161ais produktu kl\u0101sts un sp\u0113ja pied\u0101v\u0101t piel\u0101gotus risin\u0101jumus padara m\u016bs par lab\u0101ko izv\u0113li uz\u0146\u0113mumiem, kas mekl\u0113 augstas veiktsp\u0113jas hidrauliskos cilindrus.<\/p>\n<p class=\"break-words\">FMP ir vair\u0101k nek\u0101 tikai ra\u017eot\u0101js \u2014 m\u0113s esam partneris j\u016bsu pan\u0101kumos. M\u0113s saprotam, ka m\u016bsu klienti pa\u013caujas uz mums, lai pieg\u0101d\u0101tu instrumentus, kas uzlabo vi\u0146u produktivit\u0101ti un dro\u0161\u012bbu. T\u0101p\u0113c m\u0113s esam ap\u0146\u0113mu\u0161ies pied\u0101v\u0101t ne tikai augst\u0101k\u0101s klases produktus, bet ar\u012b izcilu servisu. S\u0101kot ar s\u0101kotn\u0113jo konsult\u0101ciju un beidzot ar p\u0113cp\u0101rdo\u0161anas atbalstu, m\u0113s cie\u0161i sadarbojamies ar saviem klientiem, lai nodro\u0161in\u0101tu, ka vi\u0146u vajadz\u012bbas tiek apmierin\u0101tas ar profesionalit\u0101ti un r\u016bp\u012bbu. M\u016bsu konkur\u0113tsp\u0113j\u012bg\u0101s cenas apvienojum\u0101 ar nelok\u0101mo ap\u0146em\u0161anos nodro\u0161in\u0101t kvalit\u0101ti padara FMP par gudru izv\u0113li uz\u0146\u0113mumiem, kas v\u0113las ieguld\u012bt l\u012bdzek\u013cus uzticamos hidrauliskajos risin\u0101jumos.<\/p>\n<p><img loading=\"lazy\" decoding=\"async\" class=\"alignnone  wp-image-6717\" src=\"https:\/\/fmp-components.com\/wp-content\/uploads\/2025\/03\/hydraulic-cylinder-211.webp\" alt=\"Hidrauliskie cilindri\" width=\"922\" height=\"924\" title=\"\" srcset=\"https:\/\/fmp-components.com\/wp-content\/uploads\/2025\/03\/hydraulic-cylinder-211.webp 922w, https:\/\/fmp-components.com\/wp-content\/uploads\/2025\/03\/hydraulic-cylinder-211-480x481.webp 480w\" sizes=\"(min-width: 0px) and (max-width: 480px) 480px, (min-width: 481px) 922px, 100vw\" \/><\/p>","protected":false},"excerpt":{"rendered":"<p>High Quality Double Acting Dump Truck Telescopic Hydraulic Cylinder for Sale The High Quality Double Acting Dump Truck Telescopic hydraulic cylinder is an essential tool for any industrial operation. This powerful piece of equipment is designed for use in various industries, including machinery repair shops, farms, energy &amp; mining, machinery manufacturing, and machinery factories. Our [&hellip;]<\/p>","protected":false},"featured_media":6679,"comment_status":"closed","ping_status":"closed","template":"","meta":{"_et_pb_use_builder":"","_et_pb_old_content":"","_et_gb_content_width":""},"product_brand":[],"product_cat":[103],"product_tag":[34,105],"class_list":{"0":"post-6498","1":"product","2":"type-product","3":"status-publish","4":"has-post-thumbnail","6":"product_cat-telescopic-hydraulic-cylinders","7":"product_tag-hydraulic-cylinder","8":"product_tag-telescopic-hydraulic-cylinders","10":"first","11":"instock","12":"product-type-simple"},"_links":{"self":[{"href":"https:\/\/fmp-components.com\/lv\/wp-json\/wp\/v2\/product\/6498","targetHints":{"allow":["GET"]}}],"collection":[{"href":"https:\/\/fmp-components.com\/lv\/wp-json\/wp\/v2\/product"}],"about":[{"href":"https:\/\/fmp-components.com\/lv\/wp-json\/wp\/v2\/types\/product"}],"replies":[{"embeddable":true,"href":"https:\/\/fmp-components.com\/lv\/wp-json\/wp\/v2\/comments?post=6498"}],"wp:featuredmedia":[{"embeddable":true,"href":"https:\/\/fmp-components.com\/lv\/wp-json\/wp\/v2\/media\/6679"}],"wp:attachment":[{"href":"https:\/\/fmp-components.com\/lv\/wp-json\/wp\/v2\/media?parent=6498"}],"wp:term":[{"taxonomy":"product_brand","embeddable":true,"href":"https:\/\/fmp-components.com\/lv\/wp-json\/wp\/v2\/product_brand?post=6498"},{"taxonomy":"product_cat","embeddable":true,"href":"https:\/\/fmp-components.com\/lv\/wp-json\/wp\/v2\/product_cat?post=6498"},{"taxonomy":"product_tag","embeddable":true,"href":"https:\/\/fmp-components.com\/lv\/wp-json\/wp\/v2\/product_tag?post=6498"}],"curies":[{"name":"wp","href":"https:\/\/api.w.org\/{rel}","templated":true}]}}