{"id":6496,"date":"2025-03-11T06:25:30","date_gmt":"2025-03-11T06:25:30","guid":{"rendered":"https:\/\/fmp-components.com\/product\/effective-5-stage-telescopic-small-dump-truck-hydraulic-cylinder"},"modified":"2025-03-14T03:13:00","modified_gmt":"2025-03-14T03:13:00","slug":"effective-5-stage-telescopic-small-dump-truck-hydraulic-cylinder","status":"publish","type":"product","link":"https:\/\/fmp-components.com\/lv\/product\/effective-5-stage-telescopic-small-dump-truck-hydraulic-cylinder\/","title":{"rendered":"Efekt\u012bvs 5 pak\u0101pju teleskopiskais mazais pa\u0161izg\u0101z\u0113ja hidrauliskais cilindrs"},"content":{"rendered":"<h2>Efekt\u012bvs 5 pak\u0101pju teleskopiskais mazais pa\u0161izg\u0101z\u0113ja hidrauliskais cilindrs<\/h2>\n<p>Izbaudiet FMP efekt\u012bv\u0101 5 pak\u0101pju teleskopisk\u0101 maz\u0101 pa\u0161izg\u0101z\u0113ja hidraulisk\u0101 cilindra efektivit\u0101ti \u2014 kompaktu sp\u0113ka agreg\u0101tu, kas paredz\u0113ts izcilas veiktsp\u0113jas un uzticam\u012bbas nodro\u0161in\u0101\u0161anai. \u0160is daudzpus\u012bgais hidrauliskais cilindrs ir ide\u0101li piem\u0113rots tehnikas remonta darbn\u012bc\u0101m, saimniec\u012bb\u0101m, ener\u0123\u0113tikas un kalnr\u016bpniec\u012bbas nozarei, tehnikas ra\u017eo\u0161anai un tehnikas r\u016bpn\u012bc\u0101m.<\/p>\n<h2>Produktu specifik\u0101cijas<\/h2>\n<p>M\u016bsu hidrauliskajam cilindram ir daudz funkciju, kas to izce\u013c. Tas ir standarta tipa virzu\u013ccilindrs ar hidraulisko jaudu un t\u0113rauda korpusu. T\u0101 maksim\u0101l\u0101 vilces jauda ir 3000 p\u0113du un maksim\u0101l\u0101 vilk\u0161anas jauda ir 20 tonnas. Tas ir daudzpak\u0101pju hidrauliskais cilindrs ar G\/SAE\/NPT\/M piesl\u0113gviet\u0101m. Urbuma diametrs ir no 2 l\u012bdz 6 coll\u0101m, stie\u0146a izm\u0113rs ir no 1,125 l\u012bdz 4 coll\u0101m un g\u0101jiena garums ir no 4 l\u012bdz 100 coll\u0101m. Tas ir pieejams elegant\u0101 meln\u0101 kr\u0101s\u0101, sver 23 kg un t\u0101 tapas izm\u0113rs ir no 0,5 l\u012bdz 2 coll\u0101m. Hidrauliskais cilindrs ir sertific\u0113ts saska\u0146\u0101 ar ISO9001:2000, kas nodro\u0161ina t\u0101 kvalit\u0101ti un veiktsp\u0113ju.<\/p>\n<table style=\"width: 100.115%;\" border=\"\">\n<tbody>\n<tr>\n<th style=\"width: 42.8571%;\">Urbuma izm\u0113rs<\/th>\n<th style=\"width: 419.429%;\">2\u20136 collas<\/th>\n<\/tr>\n<tr>\n<th style=\"width: 42.8571%;\">Stie\u0146a izm\u0113rs<\/th>\n<th style=\"width: 419.429%;\">1,125\u20134 collas<\/th>\n<\/tr>\n<tr>\n<th style=\"width: 42.8571%;\">Trieciena izm\u0113rs<\/th>\n<th style=\"width: 419.429%;\">4\u2013100 collas<\/th>\n<\/tr>\n<tr>\n<th style=\"width: 42.8571%;\">Tapas izm\u0113rs<\/th>\n<th style=\"width: 419.429%;\">0,5\u20132 collas<\/th>\n<\/tr>\n<tr>\n<th style=\"width: 42.8571%;\">Ostas<\/th>\n<th style=\"width: 419.429%;\">G\/SAE\/NPT\/M<\/th>\n<\/tr>\n<\/tbody>\n<\/table>\n<h2>At\u0161\u0137ir\u012bgas iez\u012bmes un priek\u0161roc\u012bbas<\/h2>\n<ul>\n<li>Energoefekt\u012bvs: M\u016bsu hidrauliskais cilindrs ir paredz\u0113ts optim\u0101lai darb\u012bbai, nodro\u0161inot minim\u0101lus ener\u0123ijas zudumus.<\/li>\n<li>Augsta veiktsp\u0113ja: Ar maksim\u0101lo vilces sp\u0113ku 3000 tonnu un maksim\u0101lo vilk\u0161anas sp\u0113ku 20 tonnu \u0161is hidrauliskais cilindrs garant\u0113 izcilu veiktsp\u0113ju.<\/li>\n<li>Dro\u0161\u012bba: M\u016bsu cilindrs ir izstr\u0101d\u0101ts, \u0146emot v\u0113r\u0101 dro\u0161\u012bbu, nodro\u0161inot vienm\u0113r\u012bgu darb\u012bbu jebkuros apst\u0101k\u013cos.<\/li>\n<\/ul>\n<h2>Hidraulisk\u0101s sist\u0113mas un darb\u012bbas princips<\/h2>\n<p>Hidrauliskais cilindrs ir galven\u0101 hidraulisk\u0101s sist\u0113mas sast\u0101vda\u013ca, kas p\u0101rveido \u0161\u0137idruma spiedienu meh\u0101nisk\u0101 sp\u0113k\u0101. \u0160is meh\u0101niskais sp\u0113ks p\u0113c tam tiek izmantots, lai p\u0101rvietotu vai darbin\u0101tu ma\u0161\u012bnas, padarot to par b\u016btisku instrumentu daudz\u0101s nozar\u0113s.<\/p>\n<p><img loading=\"lazy\" decoding=\"async\" class=\"alignnone  wp-image-6754\" src=\"https:\/\/fmp-components.com\/wp-content\/uploads\/2025\/03\/Telescopic-Hydraulic-Cylinders-111.webp\" alt=\"Teleskopiskie hidrauliskie cilindri\" width=\"814\" height=\"814\" title=\"\" srcset=\"https:\/\/fmp-components.com\/wp-content\/uploads\/2025\/03\/Telescopic-Hydraulic-Cylinders-111.webp 814w, https:\/\/fmp-components.com\/wp-content\/uploads\/2025\/03\/Telescopic-Hydraulic-Cylinders-111-480x480.webp 480w\" sizes=\"(min-width: 0px) and (max-width: 480px) 480px, (min-width: 481px) 814px, 100vw\" \/><\/p>\n<h2>M\u016bsu hidraulisk\u0101 cilindra pielietojums<\/h2>\n<p>M\u016bsu hidrauliskais cilindrs tiek pla\u0161i izmantots ma\u0161\u012bnb\u016bves remonta darbn\u012bc\u0101s, saimniec\u012bb\u0101s, ener\u0123\u0113tikas un ieguves r\u016bpniec\u012bb\u0101, ma\u0161\u012bnb\u016bves nozar\u0113 un ma\u0161\u012bnb\u016bves r\u016bpn\u012bc\u0101s. T\u0101 kompaktais izm\u0113rs un izcil\u0101 veiktsp\u0113ja padara to par ide\u0101lu izv\u0113li pla\u0161am pielietojumu kl\u0101stam.<\/p>\n<h2>Hidrauliskie cilindri un sp\u0113ka agreg\u0101ti<\/h2>\n<p>Hidrauliskie cilindri un sp\u0113ka agreg\u0101ti ir neat\u0146emamas hidraulisk\u0101s sist\u0113mas sast\u0101vda\u013cas. Tie darbojas kop\u0101, lai nodro\u0161in\u0101tu pla\u0161u hidraulisk\u0101s tehnolo\u0123ijas pielietojumu r\u016bpniec\u012bb\u0101, nodro\u0161inot uzticamu jaudas un vad\u012bbas atbalstu da\u017e\u0101d\u0101m in\u017eeniertehnisk\u0101m un meh\u0101nisk\u0101m iek\u0101rt\u0101m. Hidrauliskais cilindrs kalpo k\u0101 izpildmeh\u0101nisms, kas atbild par hidraulisk\u0101s ener\u0123ijas p\u0101rveido\u0161anu meh\u0101nisk\u0101 kust\u012bb\u0101, p\u0101rveidojot spiedienu sp\u0113k\u0101. Tikm\u0113r sp\u0113ka agreg\u0101ts ir kodols, kas nodro\u0161ina hidrauliskajai sist\u0113mai nepiecie\u0161amo ener\u0123iju un vad\u012bbas sign\u0101lus. To koordin\u0101cija nodro\u0161ina norm\u0101lu hidraulisk\u0101s sist\u0113mas darb\u012bbu. FMP pied\u0101v\u0101 ar\u012b sp\u0113ka agreg\u0101tus p\u0101rdo\u0161anai.<\/p>\n<h2>Bie\u017ei uzdotie jaut\u0101jumi<\/h2>\n<p><q><b>J: K\u0101ds ir hidraulisk\u0101 cilindra garantijas periods?<\/b><br \/>\nA: Hidrauliskajam cilindram ir 1 gada garantija.<\/q><br \/>\n<q><b>J: K\u0101ds ir pieg\u0101des laiks?<\/b><br \/>\nA: Visp\u0101r\u0113jais pieg\u0101des laiks ir 25\u201335 dienas.<\/q><br \/>\n<q><b>J: Vai es varu sa\u0146emt hidraulisk\u0101 cilindra paraugu test\u0113\u0161anai?<\/b><br \/>\nA: J\u0101, m\u0113s pied\u0101v\u0101jam paraugus, bet tie nav bez maksas.<\/q><\/p>\n<h3>Par FMP<\/h3>\n<p class=\"break-words\">FMP ir vado\u0161ais It\u0101lijas ra\u017eot\u0101js, kas specializ\u0113jas augstas kvalit\u0101tes hidraulisko cilindru projekt\u0113\u0161an\u0101, izstr\u0101d\u0113 un ra\u017eo\u0161an\u0101. Ar bag\u0101t\u012bgu mantojumu, kas sak\u0146ojas gadu desmitiem ilg\u0101 pieredz\u0113, m\u0113s ar lepnumu apvienojam it\u0101\u013cu meistar\u012bbu ar jaun\u0101kaj\u0101m tehnolo\u0123ij\u0101m, lai nodro\u0161in\u0101tu izcilus hidrauliskos risin\u0101jumus, kas piel\u0101goti m\u016bsu glob\u0101l\u0101 klientu loka da\u017e\u0101daj\u0101m vajadz\u012bb\u0101m. FMP, kas atrodas It\u0101lij\u0101, in\u017eenierijas izcil\u012bbas centr\u0101, ir uzticams v\u0101rds hidraulikas nozar\u0113 un ir ap\u0146\u0113mies nodro\u0161in\u0101t uzticamus, iztur\u012bgus un inovat\u012bvus produktus, kas dod iesp\u0113jas uz\u0146\u0113mumiem vis\u0101 pasaul\u0113.<\/p>\n<p class=\"break-words\">M\u016bsu uz\u0146\u0113mums apvieno lab\u0101k\u0101s progres\u012bv\u0101s ra\u017eo\u0161anas trad\u012bcijas ar t\u0101lredz\u012bgu pieeju. Balstoties uz daudzu gadu pieredzi hidraulisko sist\u0113mu jom\u0101, FMP ir att\u012bst\u012bjies par modernu uz\u0146\u0113mumu, kas izce\u013cas ar izcil\u0101m p\u0113tniec\u012bbas, dizaina un ra\u017eo\u0161anas sp\u0113j\u0101m. M\u0113s specializ\u0113jamies pla\u0161\u0101 hidraulisko cilindru kl\u0101st\u0101, tostarp divk\u0101r\u0161as darb\u012bbas cilindros, automobi\u013cu pacel\u0161anas cilindros, lauksaimniec\u012bbas tehnikas cilindros un piel\u0101gotos risin\u0101jumos da\u017e\u0101diem r\u016bpnieciskiem pielietojumiem. Neatkar\u012bgi no t\u0101, vai tas ir paredz\u0113ts b\u016bvniec\u012bbai, r\u016bpniecisk\u0101m instal\u0101cij\u0101m, lauksaimniec\u012bbai vai smagajai tehnikai, m\u016bsu hidrauliskie cilindri ir rad\u012bti, lai darbotos vissmag\u0101kajos apst\u0101k\u013cos, nodro\u0161inot dro\u0161\u012bbu, efektivit\u0101ti un ilgm\u016b\u017e\u012bbu.<\/p>\n<p><img loading=\"lazy\" decoding=\"async\" class=\"alignnone size-full wp-image-6720\" src=\"https:\/\/fmp-components.com\/wp-content\/uploads\/2025\/03\/hydraulic-cylinder-8.webp\" alt=\"Teleskopiskie hidrauliskie cilindri\" width=\"933\" height=\"526\" title=\"\" srcset=\"https:\/\/fmp-components.com\/wp-content\/uploads\/2025\/03\/hydraulic-cylinder-8.webp 933w, https:\/\/fmp-components.com\/wp-content\/uploads\/2025\/03\/hydraulic-cylinder-8-480x271.webp 480w\" sizes=\"(min-width: 0px) and (max-width: 480px) 480px, (min-width: 481px) 933px, 100vw\" \/><\/p>\n<p class=\"break-words\">Uz\u0146\u0113mum\u0101 FMP m\u0113s lepojamies ar sav\u0101m modern\u0101kaj\u0101m ra\u017eo\u0161anas iek\u0101rt\u0101m, kas apr\u012bkotas ar prec\u012bzijas iek\u0101rt\u0101m un modern\u0101m test\u0113\u0161anas sist\u0113m\u0101m. M\u016bsu ra\u017eo\u0161anas procesi atbilst stingriem valsts un starptautiskajiem standartiem, nodro\u0161inot, ka katrs hidrauliskais cilindrs, kas atst\u0101j m\u016bsu r\u016bpn\u012bcu, ir augst\u0101k\u0101s kvalit\u0101tes un uzticam\u012bbas. M\u016bsu prasm\u012bg\u0101 tehnisk\u0101 komanda apvienojum\u0101 ar modern\u0101ko apr\u012bkojumu \u013cauj mums uztur\u0113t stingru kvalit\u0101tes kontroli katr\u0101 ra\u017eo\u0161anas posm\u0101 \u2014 s\u0101kot no izejvielu izv\u0113les l\u012bdz gal\u012bgajai p\u0101rbaudei. \u0160\u012b ap\u0146em\u0161an\u0101s sasniegt izcil\u012bbu ir nodro\u0161in\u0101jusi mums sertifik\u0101tus un atzin\u012bbu no nozares iest\u0101d\u0113m, v\u0113l vair\u0101k nostiprinot m\u016bsu reput\u0101ciju k\u0101 uzticamam partnerim.<\/p>\n<p class=\"break-words\">M\u016bsu misija ir vienk\u0101r\u0161a, tom\u0113r ambicioza: nodro\u0161in\u0101t m\u016bsu klientus ar hidrauliskajiem cilindriem, kas p\u0101rsniedz cer\u012bbas attiec\u012bb\u0101 uz veiktsp\u0113ju, iztur\u012bbu un v\u0113rt\u012bbu. M\u0113s darbojamies, iev\u0113rojot profesionalit\u0101tes, godpr\u0101t\u012bbas un klientu apkalpo\u0161anas pamatprincipus. Veicinot inov\u0101ciju un precizit\u0101tes kult\u016bru, m\u0113s nep\u0101rtraukti pilnveidojam savus produktus, lai saglab\u0101tu l\u012bderpoz\u012bcijas konkur\u0113tsp\u0113j\u012bg\u0101 tirg\u016b. M\u016bsu pla\u0161ais produktu kl\u0101sts un sp\u0113ja pied\u0101v\u0101t piel\u0101gotus risin\u0101jumus padara m\u016bs par lab\u0101ko izv\u0113li uz\u0146\u0113mumiem, kas mekl\u0113 augstas veiktsp\u0113jas hidrauliskos cilindrus.<\/p>\n<p class=\"break-words\">FMP ir vair\u0101k nek\u0101 tikai ra\u017eot\u0101js \u2014 m\u0113s esam partneris j\u016bsu pan\u0101kumos. M\u0113s saprotam, ka m\u016bsu klienti pa\u013caujas uz mums, lai pieg\u0101d\u0101tu instrumentus, kas uzlabo vi\u0146u produktivit\u0101ti un dro\u0161\u012bbu. T\u0101p\u0113c m\u0113s esam ap\u0146\u0113mu\u0161ies pied\u0101v\u0101t ne tikai augst\u0101k\u0101s klases produktus, bet ar\u012b izcilu servisu. S\u0101kot ar s\u0101kotn\u0113jo konsult\u0101ciju un beidzot ar p\u0113cp\u0101rdo\u0161anas atbalstu, m\u0113s cie\u0161i sadarbojamies ar saviem klientiem, lai nodro\u0161in\u0101tu, ka vi\u0146u vajadz\u012bbas tiek apmierin\u0101tas ar profesionalit\u0101ti un r\u016bp\u012bbu. M\u016bsu konkur\u0113tsp\u0113j\u012bg\u0101s cenas apvienojum\u0101 ar nelok\u0101mo ap\u0146em\u0161anos nodro\u0161in\u0101t kvalit\u0101ti padara FMP par gudru izv\u0113li uz\u0146\u0113mumiem, kas v\u0113las ieguld\u012bt l\u012bdzek\u013cus uzticamos hidrauliskajos risin\u0101jumos.<\/p>","protected":false},"excerpt":{"rendered":"<p>Effective 5 Stage Telescopic Small Dump Truck Hydraulic Cylinder Experience the efficiency of FMP&#8217;s Effective 5 Stage Telescopic Small Dump Truck Hydraulic Cylinder, a compact power-pack designed to deliver superior performance and reliability. This versatile hydraulic cylinder is perfect for machinery repair shops, farms, energy &amp; mining, machinery manufacturing, and machinery factories. Products Specifications Our [&hellip;]<\/p>","protected":false},"featured_media":6795,"comment_status":"closed","ping_status":"closed","template":"","meta":{"_et_pb_use_builder":"","_et_pb_old_content":"","_et_gb_content_width":""},"product_brand":[],"product_cat":[103],"product_tag":[34,105],"class_list":{"0":"post-6496","1":"product","2":"type-product","3":"status-publish","4":"has-post-thumbnail","6":"product_cat-telescopic-hydraulic-cylinders","7":"product_tag-hydraulic-cylinder","8":"product_tag-telescopic-hydraulic-cylinders","10":"first","11":"instock","12":"product-type-simple"},"_links":{"self":[{"href":"https:\/\/fmp-components.com\/lv\/wp-json\/wp\/v2\/product\/6496","targetHints":{"allow":["GET"]}}],"collection":[{"href":"https:\/\/fmp-components.com\/lv\/wp-json\/wp\/v2\/product"}],"about":[{"href":"https:\/\/fmp-components.com\/lv\/wp-json\/wp\/v2\/types\/product"}],"replies":[{"embeddable":true,"href":"https:\/\/fmp-components.com\/lv\/wp-json\/wp\/v2\/comments?post=6496"}],"wp:featuredmedia":[{"embeddable":true,"href":"https:\/\/fmp-components.com\/lv\/wp-json\/wp\/v2\/media\/6795"}],"wp:attachment":[{"href":"https:\/\/fmp-components.com\/lv\/wp-json\/wp\/v2\/media?parent=6496"}],"wp:term":[{"taxonomy":"product_brand","embeddable":true,"href":"https:\/\/fmp-components.com\/lv\/wp-json\/wp\/v2\/product_brand?post=6496"},{"taxonomy":"product_cat","embeddable":true,"href":"https:\/\/fmp-components.com\/lv\/wp-json\/wp\/v2\/product_cat?post=6496"},{"taxonomy":"product_tag","embeddable":true,"href":"https:\/\/fmp-components.com\/lv\/wp-json\/wp\/v2\/product_tag?post=6496"}],"curies":[{"name":"wp","href":"https:\/\/api.w.org\/{rel}","templated":true}]}}