{"id":6494,"date":"2025-03-11T06:25:30","date_gmt":"2025-03-11T06:25:30","guid":{"rendered":"https:\/\/fmp-components.com\/product\/direct-sales-mini-dump-truck-hydraulic-cylinder-telescopic-hydraulic-cylinder"},"modified":"2025-03-11T07:47:56","modified_gmt":"2025-03-11T07:47:56","slug":"direct-sales-mini-dump-truck-hydraulic-cylinder-telescopic-hydraulic-cylinder","status":"publish","type":"product","link":"https:\/\/fmp-components.com\/lv\/product\/direct-sales-mini-dump-truck-hydraulic-cylinder-telescopic-hydraulic-cylinder\/","title":{"rendered":"Tie\u0161\u0101s p\u0101rdo\u0161anas mini pa\u0161izg\u0101z\u0113ja hidrauliskais cilindrs Teleskopiskais hidrauliskais cilindrs"},"content":{"rendered":"<h2>Tie\u0161\u0101s p\u0101rdo\u0161anas mini pa\u0161izg\u0101z\u0113ja hidrauliskais cilindrs Teleskopiskais hidrauliskais cilindrs<\/h2>\n<p>Tie\u0161\u0101s p\u0101rdo\u0161anas mini pa\u0161izg\u0101z\u0113ja hidrauliskais cilindrs Teleskopiskais hidrauliskais cilindrs ir neat\u0146emama jebkuras hidraulisk\u0101s sist\u0113mas sast\u0101vda\u013ca, kas nodro\u0161ina nepiecie\u0161amo jaudu un vad\u012bbu da\u017e\u0101diem r\u016bpnieciskiem lietojumiem. \u0160is cilindrs ir paredz\u0113ts hidraulisk\u0101s ener\u0123ijas p\u0101rveido\u0161anai meh\u0101nisk\u0101 kust\u012bb\u0101, p\u0101rveidojot spiedienu sp\u0113k\u0101, lai nodro\u0161in\u0101tu izcilu veiktsp\u0113ju.<\/p>\n<h2>Produkta specifik\u0101cijas<\/h2>\n<p>Hidrauliskais cilindrs lepojas ar iespaid\u012bg\u0101m tehniskaj\u0101m specifik\u0101cij\u0101m, kas padara to par izcilu izv\u0113li pras\u012bgiem pielietojumiem. To skait\u0101 ir daudzpak\u0101pju konstrukcija, standarta konstrukcija, hidraulisk\u0101 jauda, \u200b\u200bt\u0113rauda korpusa materi\u0101ls, maksim\u0101l\u0101 vilce 3000 un maksim\u0101l\u0101 vilkme 20 tonnas. Urbuma diametrs ir no 2 l\u012bdz 6 coll\u0101m, stie\u0146a izm\u0113rs no 1,125 l\u012bdz 4 coll\u0101m un g\u0101jiena garums no 4 l\u012bdz 100 coll\u0101m. Tapas izm\u0113rs ir no 0,5 l\u012bdz 2 coll\u0101m, un cilindrs ir pieejams elegant\u0101 meln\u0101 kr\u0101s\u0101.<\/p>\n<table style=\"width: 102.247%;\" border=\"\">\n<tbody>\n<tr>\n<td style=\"width: 42.9379%;\"><i>Urbuma izm\u0113rs<\/i><\/td>\n<td style=\"width: 485.876%;\">2\u20136 collas<\/td>\n<\/tr>\n<tr>\n<td style=\"width: 42.9379%;\"><i>Stie\u0146a izm\u0113rs<\/i><\/td>\n<td style=\"width: 485.876%;\">1,125\u20134 collas<\/td>\n<\/tr>\n<tr>\n<td style=\"width: 42.9379%;\"><i>Trieciena izm\u0113rs<\/i><\/td>\n<td style=\"width: 485.876%;\">4\u2013100 collas<\/td>\n<\/tr>\n<tr>\n<td style=\"width: 42.9379%;\"><i>Tapas izm\u0113rs<\/i><\/td>\n<td style=\"width: 485.876%;\">0,5\u20132 collas<\/td>\n<\/tr>\n<tr>\n<td style=\"width: 42.9379%;\"><i>Ostas<\/i><\/td>\n<td style=\"width: 485.876%;\">G\/SAE\/NPT\/M<\/td>\n<\/tr>\n<\/tbody>\n<\/table>\n<h2>Unik\u0101las \u012bpa\u0161\u012bbas un priek\u0161roc\u012bbas<\/h2>\n<p>\u0160is hidrauliskais cilindrs ir energoefekt\u012bvs, augstas veiktsp\u0113jas un dro\u0161s. Tas ir paredz\u0113ts izcilai veiktsp\u0113jai un iztur\u012bbai da\u017e\u0101d\u0101s nozar\u0113s, tostarp ma\u0161\u012bnb\u016bves remonta darbn\u012bc\u0101s, saimniec\u012bb\u0101s, ener\u0123\u0113tikas un ieguves r\u016bpniec\u012bb\u0101, k\u0101 ar\u012b ma\u0161\u012bnb\u016bves un r\u016bpn\u012bc\u0101s.<\/p>\n<p><img loading=\"lazy\" decoding=\"async\" class=\"wp-image-6664 aligncenter\" src=\"https:\/\/fmp-components.com\/wp-content\/uploads\/2025\/03\/telescopic-hydraulic-cylinder-8.webp\" alt=\"teleskopiskais hidrauliskais cilindrs\" width=\"897\" height=\"897\" title=\"\" srcset=\"https:\/\/fmp-components.com\/wp-content\/uploads\/2025\/03\/telescopic-hydraulic-cylinder-8.webp 897w, https:\/\/fmp-components.com\/wp-content\/uploads\/2025\/03\/telescopic-hydraulic-cylinder-8-480x480.webp 480w\" sizes=\"(min-width: 0px) and (max-width: 480px) 480px, (min-width: 481px) 897px, 100vw\" \/><\/p>\n<h3>Hidraulisk\u0101 sist\u0113ma un darb\u012bbas princips<\/h3>\n<p>Lai nov\u0113rt\u0113tu \u0161\u012b hidraulisk\u0101 cilindra efektivit\u0101ti, ir svar\u012bgi izprast hidraulisko sist\u0113mu un t\u0101s darb\u012bbas principu. Sist\u0113ma darbojas p\u0113c \u0161\u0137idruma spiediena principa, kur vien\u0101 punkt\u0101 pielikts sp\u0113ks tiek p\u0101rnests uz citu punktu, izmantojot nesaspie\u017eamu \u0161\u0137idrumu, parasti e\u013c\u013cu. Hidrauliskajam cilindram ir galven\u0101 loma \u0161aj\u0101 sist\u0113m\u0101, jo tas p\u0101rveido hidraulisko ener\u0123iju meh\u0101niskaj\u0101 ener\u0123ij\u0101.<\/p>\n<h3>Hidraulisk\u0101 cilindra pielietojums<\/h3>\n<p>\u0160is hidrauliskais cilindrs ir daudzpus\u012bgs apr\u012bkojums, ko izmanto da\u017e\u0101dos pielietojumos, tostarp celtniec\u012bbas iek\u0101rt\u0101s, ra\u017eo\u0161anas ma\u0161\u012bn\u0101s un lauksaimniec\u012bbas ma\u0161\u012bn\u0101s.<\/p>\n<h3>Par FMP<\/h3>\n<p class=\"break-words\">FMP ir vado\u0161ais It\u0101lijas ra\u017eot\u0101js, kas specializ\u0113jas augstas kvalit\u0101tes hidraulisko cilindru projekt\u0113\u0161an\u0101, izstr\u0101d\u0113 un ra\u017eo\u0161an\u0101. Ar bag\u0101t\u012bgu mantojumu, kas sak\u0146ojas gadu desmitiem ilg\u0101 pieredz\u0113, m\u0113s ar lepnumu apvienojam it\u0101\u013cu meistar\u012bbu ar jaun\u0101kaj\u0101m tehnolo\u0123ij\u0101m, lai nodro\u0161in\u0101tu izcilus hidrauliskos risin\u0101jumus, kas piel\u0101goti m\u016bsu glob\u0101l\u0101 klientu loka da\u017e\u0101daj\u0101m vajadz\u012bb\u0101m. FMP, kas atrodas It\u0101lij\u0101, in\u017eenierijas izcil\u012bbas centr\u0101, ir uzticams v\u0101rds hidraulikas nozar\u0113 un ir ap\u0146\u0113mies nodro\u0161in\u0101t uzticamus, iztur\u012bgus un inovat\u012bvus produktus, kas dod iesp\u0113jas uz\u0146\u0113mumiem vis\u0101 pasaul\u0113.<\/p>\n<p class=\"break-words\">M\u016bsu uz\u0146\u0113mums apvieno lab\u0101k\u0101s progres\u012bv\u0101s ra\u017eo\u0161anas trad\u012bcijas ar t\u0101lredz\u012bgu pieeju. Balstoties uz daudzu gadu pieredzi hidraulisko sist\u0113mu jom\u0101, FMP ir att\u012bst\u012bjies par modernu uz\u0146\u0113mumu, kas izce\u013cas ar izcil\u0101m p\u0113tniec\u012bbas, dizaina un ra\u017eo\u0161anas sp\u0113j\u0101m. M\u0113s specializ\u0113jamies pla\u0161\u0101 hidraulisko cilindru kl\u0101st\u0101, tostarp divk\u0101r\u0161as darb\u012bbas cilindros, automobi\u013cu pacel\u0161anas cilindros, lauksaimniec\u012bbas tehnikas cilindros un piel\u0101gotos risin\u0101jumos da\u017e\u0101diem r\u016bpnieciskiem pielietojumiem. Neatkar\u012bgi no t\u0101, vai tas ir paredz\u0113ts b\u016bvniec\u012bbai, r\u016bpniecisk\u0101m instal\u0101cij\u0101m, lauksaimniec\u012bbai vai smagajai tehnikai, m\u016bsu hidrauliskie cilindri ir rad\u012bti, lai darbotos vissmag\u0101kajos apst\u0101k\u013cos, nodro\u0161inot dro\u0161\u012bbu, efektivit\u0101ti un ilgm\u016b\u017e\u012bbu.<\/p>\n<p><img loading=\"lazy\" decoding=\"async\" class=\"alignnone size-full wp-image-6720\" src=\"https:\/\/fmp-components.com\/wp-content\/uploads\/2025\/03\/hydraulic-cylinder-8.webp\" alt=\"Teleskopiskie hidrauliskie cilindri\" width=\"933\" height=\"526\" title=\"\" srcset=\"https:\/\/fmp-components.com\/wp-content\/uploads\/2025\/03\/hydraulic-cylinder-8.webp 933w, https:\/\/fmp-components.com\/wp-content\/uploads\/2025\/03\/hydraulic-cylinder-8-480x271.webp 480w\" sizes=\"(min-width: 0px) and (max-width: 480px) 480px, (min-width: 481px) 933px, 100vw\" \/><\/p>\n<p class=\"break-words\">Uz\u0146\u0113mum\u0101 FMP m\u0113s lepojamies ar sav\u0101m modern\u0101kaj\u0101m ra\u017eo\u0161anas iek\u0101rt\u0101m, kas apr\u012bkotas ar prec\u012bzijas iek\u0101rt\u0101m un modern\u0101m test\u0113\u0161anas sist\u0113m\u0101m. M\u016bsu ra\u017eo\u0161anas procesi atbilst stingriem valsts un starptautiskajiem standartiem, nodro\u0161inot, ka katrs hidrauliskais cilindrs, kas atst\u0101j m\u016bsu r\u016bpn\u012bcu, ir augst\u0101k\u0101s kvalit\u0101tes un uzticam\u012bbas. M\u016bsu prasm\u012bg\u0101 tehnisk\u0101 komanda apvienojum\u0101 ar modern\u0101ko apr\u012bkojumu \u013cauj mums uztur\u0113t stingru kvalit\u0101tes kontroli katr\u0101 ra\u017eo\u0161anas posm\u0101 \u2014 s\u0101kot no izejvielu izv\u0113les l\u012bdz gal\u012bgajai p\u0101rbaudei. \u0160\u012b ap\u0146em\u0161an\u0101s sasniegt izcil\u012bbu ir nodro\u0161in\u0101jusi mums sertifik\u0101tus un atzin\u012bbu no nozares iest\u0101d\u0113m, v\u0113l vair\u0101k nostiprinot m\u016bsu reput\u0101ciju k\u0101 uzticamam partnerim.<\/p>\n<p class=\"break-words\">M\u016bsu misija ir vienk\u0101r\u0161a, tom\u0113r ambicioza: nodro\u0161in\u0101t m\u016bsu klientus ar hidrauliskajiem cilindriem, kas p\u0101rsniedz cer\u012bbas attiec\u012bb\u0101 uz veiktsp\u0113ju, iztur\u012bbu un v\u0113rt\u012bbu. M\u0113s darbojamies, iev\u0113rojot profesionalit\u0101tes, godpr\u0101t\u012bbas un klientu apkalpo\u0161anas pamatprincipus. Veicinot inov\u0101ciju un precizit\u0101tes kult\u016bru, m\u0113s nep\u0101rtraukti pilnveidojam savus produktus, lai saglab\u0101tu l\u012bderpoz\u012bcijas konkur\u0113tsp\u0113j\u012bg\u0101 tirg\u016b. M\u016bsu pla\u0161ais produktu kl\u0101sts un sp\u0113ja pied\u0101v\u0101t piel\u0101gotus risin\u0101jumus padara m\u016bs par lab\u0101ko izv\u0113li uz\u0146\u0113mumiem, kas mekl\u0113 augstas veiktsp\u0113jas hidrauliskos cilindrus.<\/p>\n<p class=\"break-words\">FMP ir vair\u0101k nek\u0101 tikai ra\u017eot\u0101js \u2014 m\u0113s esam partneris j\u016bsu pan\u0101kumos. M\u0113s saprotam, ka m\u016bsu klienti pa\u013caujas uz mums, lai pieg\u0101d\u0101tu instrumentus, kas uzlabo vi\u0146u produktivit\u0101ti un dro\u0161\u012bbu. T\u0101p\u0113c m\u0113s esam ap\u0146\u0113mu\u0161ies pied\u0101v\u0101t ne tikai augst\u0101k\u0101s klases produktus, bet ar\u012b izcilu servisu. S\u0101kot ar s\u0101kotn\u0113jo konsult\u0101ciju un beidzot ar p\u0113cp\u0101rdo\u0161anas atbalstu, m\u0113s cie\u0161i sadarbojamies ar saviem klientiem, lai nodro\u0161in\u0101tu, ka vi\u0146u vajadz\u012bbas tiek apmierin\u0101tas ar profesionalit\u0101ti un r\u016bp\u012bbu. M\u016bsu konkur\u0113tsp\u0113j\u012bg\u0101s cenas apvienojum\u0101 ar nelok\u0101mo ap\u0146em\u0161anos nodro\u0161in\u0101t kvalit\u0101ti padara FMP par gudru izv\u0113li uz\u0146\u0113mumiem, kas v\u0113las ieguld\u012bt l\u012bdzek\u013cus uzticamos hidrauliskajos risin\u0101jumos.<\/p>\n<h2>Bie\u017ei uzdotie jaut\u0101jumi<\/h2>\n<p><b>J: K\u0101das nozares izmanto \u0161o hidraulisko cilindru?<\/b><br \/>\nA: \u0160o hidraulisko cilindru pla\u0161i izmanto ma\u0161\u012bnu remonta darbn\u012bc\u0101s, saimniec\u012bb\u0101s, ener\u0123\u0113tik\u0101 un kalnr\u016bpniec\u012bb\u0101, ma\u0161\u012bnu ra\u017eo\u0161an\u0101 un r\u016bpn\u012bc\u0101s.<\/p>\n<p><b>J: K\u0101ds ir \u0161\u012b hidraulisk\u0101 cilindra pieg\u0101des laiks?<\/b><br \/>\nA: Visp\u0101r\u0113jais pieg\u0101des laiks ir 25\u201335 dienas.<\/p>\n<p><b>J: Vai es varu piel\u0101got \u0161o hidraulisko cilindru?<\/b><br \/>\nA: J\u0101, m\u0113s atzin\u012bgi v\u0113rt\u0113jam klientus, lai piel\u0101gotu ar z\u012bm\u0113jumiem vai paraugiem.<\/p>\n<p>Izbaudiet m\u016bsu hidraulisko cilindru jaudu un veiktsp\u0113ju jau \u0161odien. Sazinieties ar mums, lai uzzin\u0101tu vair\u0101k par \u0161o produktu un veiktu pas\u016bt\u012bjumu!<\/p>\n<p><img loading=\"lazy\" decoding=\"async\" class=\"alignnone size-full wp-image-6717\" src=\"https:\/\/fmp-components.com\/wp-content\/uploads\/2025\/03\/hydraulic-cylinder-211.webp\" alt=\"Hidrauliskie cilindri\" width=\"775\" height=\"777\" title=\"\" srcset=\"https:\/\/fmp-components.com\/wp-content\/uploads\/2025\/03\/hydraulic-cylinder-211.webp 775w, https:\/\/fmp-components.com\/wp-content\/uploads\/2025\/03\/hydraulic-cylinder-211-480x481.webp 480w\" sizes=\"(min-width: 0px) and (max-width: 480px) 480px, (min-width: 481px) 775px, 100vw\" \/><\/p>","protected":false},"excerpt":{"rendered":"<p>Direct Sales Mini Dump Truck Hydraulic Cylinder Telescopic Hydraulic Cylinder The Direct Sales Mini Dump Truck hydraulic cylinder Telescopic Hydraulic Cylinder is an integral part of any hydraulic system, providing the necessary power and control needed for various industrial applications. This cylinder is designed to convert hydraulic energy into mechanical motion, transforming pressure into force [&hellip;]<\/p>","protected":false},"featured_media":6667,"comment_status":"closed","ping_status":"closed","template":"","meta":{"_et_pb_use_builder":"","_et_pb_old_content":"","_et_gb_content_width":""},"product_brand":[],"product_cat":[103],"product_tag":[34,105],"class_list":{"0":"post-6494","1":"product","2":"type-product","3":"status-publish","4":"has-post-thumbnail","6":"product_cat-telescopic-hydraulic-cylinders","7":"product_tag-hydraulic-cylinder","8":"product_tag-telescopic-hydraulic-cylinders","10":"first","11":"instock","12":"product-type-simple"},"_links":{"self":[{"href":"https:\/\/fmp-components.com\/lv\/wp-json\/wp\/v2\/product\/6494","targetHints":{"allow":["GET"]}}],"collection":[{"href":"https:\/\/fmp-components.com\/lv\/wp-json\/wp\/v2\/product"}],"about":[{"href":"https:\/\/fmp-components.com\/lv\/wp-json\/wp\/v2\/types\/product"}],"replies":[{"embeddable":true,"href":"https:\/\/fmp-components.com\/lv\/wp-json\/wp\/v2\/comments?post=6494"}],"wp:featuredmedia":[{"embeddable":true,"href":"https:\/\/fmp-components.com\/lv\/wp-json\/wp\/v2\/media\/6667"}],"wp:attachment":[{"href":"https:\/\/fmp-components.com\/lv\/wp-json\/wp\/v2\/media?parent=6494"}],"wp:term":[{"taxonomy":"product_brand","embeddable":true,"href":"https:\/\/fmp-components.com\/lv\/wp-json\/wp\/v2\/product_brand?post=6494"},{"taxonomy":"product_cat","embeddable":true,"href":"https:\/\/fmp-components.com\/lv\/wp-json\/wp\/v2\/product_cat?post=6494"},{"taxonomy":"product_tag","embeddable":true,"href":"https:\/\/fmp-components.com\/lv\/wp-json\/wp\/v2\/product_tag?post=6494"}],"curies":[{"name":"wp","href":"https:\/\/api.w.org\/{rel}","templated":true}]}}