{"id":6493,"date":"2025-03-11T06:25:30","date_gmt":"2025-03-11T06:25:30","guid":{"rendered":"https:\/\/fmp-components.com\/product\/new-arrival-2-stage-hydraulic-cylinder-small-dump-truck-multistage-hydraulic-cylinder"},"modified":"2025-03-18T02:01:57","modified_gmt":"2025-03-18T02:01:57","slug":"new-arrival-2-stage-hydraulic-cylinder-small-dump-truck-multistage-hydraulic-cylinder","status":"publish","type":"product","link":"https:\/\/fmp-components.com\/lv\/product\/new-arrival-2-stage-hydraulic-cylinder-small-dump-truck-multistage-hydraulic-cylinder\/","title":{"rendered":"Jaunpien\u0101c\u0113js divpak\u0101pju hidrauliskais cilindrs mazs pa\u0161izg\u0101z\u0113ja daudzpak\u0101pju hidrauliskais cilindrs"},"content":{"rendered":"<h2>Jaunpien\u0101c\u0113js divpak\u0101pju hidrauliskais cilindrs mazs pa\u0161izg\u0101z\u0113ja daudzpak\u0101pju hidrauliskais cilindrs<\/h2>\n<p>Iepaz\u012bstin\u0101m ar jauno divpak\u0101pju hidraulisko cilindru \u2014 mazo pa\u0161izg\u0101z\u0113ju daudzpak\u0101pju hidraulisko cilindru. M\u016bsdien\u012bgs hidrauliskais cilindrs, kas paredz\u0113ts darb\u012bbas efektivit\u0101tes paaugstin\u0101\u0161anai da\u017e\u0101d\u0101s nozar\u0113s, piem\u0113ram, ma\u0161\u012bnb\u016bves darbn\u012bc\u0101s, lauksaimniec\u012bbas uz\u0146\u0113mumos, ener\u0123\u0113tikas un ieguves r\u016bpniec\u012bb\u0101, ma\u0161\u012bnb\u016bves nozar\u0113 un ma\u0161\u012bnb\u016bves r\u016bpn\u012bc\u0101s. \u0160is iztur\u012bgais un augstas kvalit\u0101tes hidrauliskais cilindrs ir sertific\u0113ts saska\u0146\u0101 ar ISO9001:2000 standartu, kas garant\u0113 t\u0101 uzticam\u012bbu un veiktsp\u0113ju.<\/p>\n<h2>Galven\u0101s funkcijas un funkcijas<\/h2>\n<p>\u0160im daudzpak\u0101pju hidrauliskajam cilindram ir daudz funkciju, kas padara to par lielisku izv\u0113li r\u016bpnieciskai lieto\u0161anai. Tam ir standarta konstrukcija ar virzu\u013ca cilindru un hidraulisko baro\u0161anas sist\u0113mu. Korpuss ir izgatavots no iztur\u012bga t\u0113rauda, \u200b\u200bkas nodro\u0161ina iztur\u012bbu un ilgm\u016b\u017e\u012bbu. T\u0101 maksim\u0101l\u0101 vilces jauda ir 3000 tonnu un maksim\u0101l\u0101 vilkmes jauda ir 20 tonnas, padarot to par jaud\u012bgu apr\u012bkojumu jebkur\u0101 r\u016bpniecisk\u0101 pielietojum\u0101.<\/p>\n<h2>Produkta inform\u0101cija<\/h2>\n<p>\u0160\u012b produkta tehnisk\u0101s specifik\u0101cijas ir \u0161\u0101das:<\/p>\n<table style=\"width: 101.509%;\" border=\"\">\n<tbody>\n<tr>\n<th style=\"width: 43.5028%;\">Urbuma izm\u0113rs<\/th>\n<td style=\"width: 493.22%;\">2\u20136 collas<\/td>\n<\/tr>\n<tr>\n<th style=\"width: 43.5028%;\">Stie\u0146a izm\u0113rs<\/th>\n<td style=\"width: 493.22%;\">1,125\u20134 collas<\/td>\n<\/tr>\n<tr>\n<th style=\"width: 43.5028%;\">Trieciena izm\u0113rs<\/th>\n<td style=\"width: 493.22%;\">4\u2013100 collas<\/td>\n<\/tr>\n<tr>\n<th style=\"width: 43.5028%;\">Tapas izm\u0113rs<\/th>\n<td style=\"width: 493.22%;\">0,5\u20132 collas<\/td>\n<\/tr>\n<tr>\n<th style=\"width: 43.5028%;\">Ostas<\/th>\n<td style=\"width: 493.22%;\">G\/SAE\/NPT\/M<\/td>\n<\/tr>\n<\/tbody>\n<\/table>\n<h2>Unik\u0101las priek\u0161roc\u012bbas<\/h2>\n<p>\u0160is hidrauliskais cilindrs izce\u013cas ar sav\u0101m ener\u0123ijas taup\u012b\u0161anas iesp\u0113j\u0101m, augsto efektivit\u0101ti un dro\u0161\u012bbu. T\u0101 konstrukcija \u013cauj tam nodro\u0161in\u0101t izcilu veiktsp\u0113ju, vienlaikus samazinot ener\u0123ijas pat\u0113ri\u0146u l\u012bdz minimumam. Tas ir apr\u012bkots ar\u012b ar dro\u0161\u012bbas meh\u0101nismu, lai nov\u0113rstu negad\u012bjumus darb\u012bbas laik\u0101.<\/p>\n<p><img loading=\"lazy\" decoding=\"async\" class=\"alignnone wp-image-6663\" src=\"https:\/\/fmp-components.com\/wp-content\/uploads\/2025\/03\/telescopic-hydraulic-cylinder-11.webp\" alt=\"teleskopiskais hidrauliskais cilindrs\" width=\"908\" height=\"908\" title=\"\" srcset=\"https:\/\/fmp-components.com\/wp-content\/uploads\/2025\/03\/telescopic-hydraulic-cylinder-11.webp 908w, https:\/\/fmp-components.com\/wp-content\/uploads\/2025\/03\/telescopic-hydraulic-cylinder-11-480x480.webp 480w\" sizes=\"(min-width: 0px) and (max-width: 480px) 480px, (min-width: 481px) 908px, 100vw\" \/><\/p>\n<h2>Hidraulisk\u0101 sist\u0113ma un darb\u012bbas princips<\/h2>\n<p>Hidrauliskais cilindrs darbojas, p\u0101rveidojot hidraulisko ener\u0123iju meh\u0101nisk\u0101 kust\u012bb\u0101, p\u0101rveidojot spiedienu sp\u0113k\u0101. To nodro\u0161ina siner\u0123ija starp hidraulisko cilindru un sp\u0113ka iek\u0101rt\u0101m, kas ir jebkuras hidraulisk\u0101s sist\u0113mas b\u016btiskas sast\u0101vda\u013cas.<\/p>\n<h2>Hidrauliskie cilindri un sp\u0113ka agreg\u0101ti<\/h2>\n<p>Hidrauliskie cilindri un sp\u0113ka agreg\u0101ti ir neat\u0146emamas hidraulisk\u0101s sist\u0113mas sast\u0101vda\u013cas. Cilindrs k\u0101 izpildmeh\u0101nisms p\u0101rveido hidraulisko ener\u0123iju meh\u0101nisk\u0101 kust\u012bb\u0101 un spiedienu sp\u0113k\u0101. Savuk\u0101rt sp\u0113ka agreg\u0101ts nodro\u0161ina hidrauliskajai sist\u0113mai nepiecie\u0161amo ener\u0123iju un vad\u012bbas sign\u0101lus. To koordin\u0113ta darb\u012bba nodro\u0161ina pareizu hidraulisk\u0101s sist\u0113mas darb\u012bbu. FMP pied\u0101v\u0101 ar\u012b sp\u0113ka agreg\u0101tus p\u0101rdo\u0161anai.<\/p>\n<p><img loading=\"lazy\" decoding=\"async\" class=\"alignnone wp-image-6665\" src=\"https:\/\/fmp-components.com\/wp-content\/uploads\/2025\/03\/telescopic-hydraulic-cylinder-9.webp\" alt=\"teleskopiskais hidrauliskais cilindrs\" width=\"964\" height=\"964\" title=\"\" srcset=\"https:\/\/fmp-components.com\/wp-content\/uploads\/2025\/03\/telescopic-hydraulic-cylinder-9.webp 964w, https:\/\/fmp-components.com\/wp-content\/uploads\/2025\/03\/telescopic-hydraulic-cylinder-9-480x480.webp 480w\" sizes=\"(min-width: 0px) and (max-width: 480px) 480px, (min-width: 481px) 964px, 100vw\" \/><\/p>\n<h3>Par FMP<\/h3>\n<p class=\"break-words\">FMP ir vado\u0161ais It\u0101lijas ra\u017eot\u0101js, kas specializ\u0113jas augstas kvalit\u0101tes hidraulisko cilindru projekt\u0113\u0161an\u0101, izstr\u0101d\u0113 un ra\u017eo\u0161an\u0101. Ar bag\u0101t\u012bgu mantojumu, kas sak\u0146ojas gadu desmitiem ilg\u0101 pieredz\u0113, m\u0113s ar lepnumu apvienojam it\u0101\u013cu meistar\u012bbu ar jaun\u0101kaj\u0101m tehnolo\u0123ij\u0101m, lai nodro\u0161in\u0101tu izcilus hidrauliskos risin\u0101jumus, kas piel\u0101goti m\u016bsu glob\u0101l\u0101 klientu loka da\u017e\u0101daj\u0101m vajadz\u012bb\u0101m. FMP, kas atrodas It\u0101lij\u0101, in\u017eenierijas izcil\u012bbas centr\u0101, ir uzticams v\u0101rds hidraulikas nozar\u0113 un ir ap\u0146\u0113mies nodro\u0161in\u0101t uzticamus, iztur\u012bgus un inovat\u012bvus produktus, kas dod iesp\u0113jas uz\u0146\u0113mumiem vis\u0101 pasaul\u0113.<\/p>\n<p class=\"break-words\">M\u016bsu uz\u0146\u0113mums apvieno lab\u0101k\u0101s progres\u012bv\u0101s ra\u017eo\u0161anas trad\u012bcijas ar t\u0101lredz\u012bgu pieeju. Balstoties uz daudzu gadu pieredzi hidraulisko sist\u0113mu jom\u0101, FMP ir att\u012bst\u012bjies par modernu uz\u0146\u0113mumu, kas izce\u013cas ar izcil\u0101m p\u0113tniec\u012bbas, dizaina un ra\u017eo\u0161anas sp\u0113j\u0101m. M\u0113s specializ\u0113jamies pla\u0161\u0101 hidraulisko cilindru kl\u0101st\u0101, tostarp divk\u0101r\u0161as darb\u012bbas cilindros, automobi\u013cu pacel\u0161anas cilindros, lauksaimniec\u012bbas tehnikas cilindros un piel\u0101gotos risin\u0101jumos da\u017e\u0101diem r\u016bpnieciskiem pielietojumiem. Neatkar\u012bgi no t\u0101, vai tas ir paredz\u0113ts b\u016bvniec\u012bbai, r\u016bpniecisk\u0101m instal\u0101cij\u0101m, lauksaimniec\u012bbai vai smagajai tehnikai, m\u016bsu hidrauliskie cilindri ir rad\u012bti, lai darbotos vissmag\u0101kajos apst\u0101k\u013cos, nodro\u0161inot dro\u0161\u012bbu, efektivit\u0101ti un ilgm\u016b\u017e\u012bbu.<\/p>\n<p><img loading=\"lazy\" decoding=\"async\" class=\"alignnone size-full wp-image-6720\" src=\"https:\/\/fmp-components.com\/wp-content\/uploads\/2025\/03\/hydraulic-cylinder-8.webp\" alt=\"Teleskopiskie hidrauliskie cilindri\" width=\"933\" height=\"526\" title=\"\" srcset=\"https:\/\/fmp-components.com\/wp-content\/uploads\/2025\/03\/hydraulic-cylinder-8.webp 933w, https:\/\/fmp-components.com\/wp-content\/uploads\/2025\/03\/hydraulic-cylinder-8-480x271.webp 480w\" sizes=\"(min-width: 0px) and (max-width: 480px) 480px, (min-width: 481px) 933px, 100vw\" \/><\/p>\n<p class=\"break-words\">Uz\u0146\u0113mum\u0101 FMP m\u0113s lepojamies ar sav\u0101m modern\u0101kaj\u0101m ra\u017eo\u0161anas iek\u0101rt\u0101m, kas apr\u012bkotas ar prec\u012bzijas iek\u0101rt\u0101m un modern\u0101m test\u0113\u0161anas sist\u0113m\u0101m. M\u016bsu ra\u017eo\u0161anas procesi atbilst stingriem valsts un starptautiskajiem standartiem, nodro\u0161inot, ka katrs hidrauliskais cilindrs, kas atst\u0101j m\u016bsu r\u016bpn\u012bcu, ir augst\u0101k\u0101s kvalit\u0101tes un uzticam\u012bbas. M\u016bsu prasm\u012bg\u0101 tehnisk\u0101 komanda apvienojum\u0101 ar modern\u0101ko apr\u012bkojumu \u013cauj mums uztur\u0113t stingru kvalit\u0101tes kontroli katr\u0101 ra\u017eo\u0161anas posm\u0101 \u2014 s\u0101kot no izejvielu izv\u0113les l\u012bdz gal\u012bgajai p\u0101rbaudei. \u0160\u012b ap\u0146em\u0161an\u0101s sasniegt izcil\u012bbu ir nodro\u0161in\u0101jusi mums sertifik\u0101tus un atzin\u012bbu no nozares iest\u0101d\u0113m, v\u0113l vair\u0101k nostiprinot m\u016bsu reput\u0101ciju k\u0101 uzticamam partnerim.<\/p>\n<p class=\"break-words\">M\u016bsu misija ir vienk\u0101r\u0161a, tom\u0113r ambicioza: nodro\u0161in\u0101t m\u016bsu klientus ar hidrauliskajiem cilindriem, kas p\u0101rsniedz cer\u012bbas attiec\u012bb\u0101 uz veiktsp\u0113ju, iztur\u012bbu un v\u0113rt\u012bbu. M\u0113s darbojamies, iev\u0113rojot profesionalit\u0101tes, godpr\u0101t\u012bbas un klientu apkalpo\u0161anas pamatprincipus. Veicinot inov\u0101ciju un precizit\u0101tes kult\u016bru, m\u0113s nep\u0101rtraukti pilnveidojam savus produktus, lai saglab\u0101tu l\u012bderpoz\u012bcijas konkur\u0113tsp\u0113j\u012bg\u0101 tirg\u016b. M\u016bsu pla\u0161ais produktu kl\u0101sts un sp\u0113ja pied\u0101v\u0101t piel\u0101gotus risin\u0101jumus padara m\u016bs par lab\u0101ko izv\u0113li uz\u0146\u0113mumiem, kas mekl\u0113 augstas veiktsp\u0113jas hidrauliskos cilindrus.<\/p>\n<p class=\"break-words\">FMP ir vair\u0101k nek\u0101 tikai ra\u017eot\u0101js \u2014 m\u0113s esam partneris j\u016bsu pan\u0101kumos. M\u0113s saprotam, ka m\u016bsu klienti pa\u013caujas uz mums, lai pieg\u0101d\u0101tu instrumentus, kas uzlabo vi\u0146u produktivit\u0101ti un dro\u0161\u012bbu. T\u0101p\u0113c m\u0113s esam ap\u0146\u0113mu\u0161ies pied\u0101v\u0101t ne tikai augst\u0101k\u0101s klases produktus, bet ar\u012b izcilu servisu. S\u0101kot ar s\u0101kotn\u0113jo konsult\u0101ciju un beidzot ar p\u0113cp\u0101rdo\u0161anas atbalstu, m\u0113s cie\u0161i sadarbojamies ar saviem klientiem, lai nodro\u0161in\u0101tu, ka vi\u0146u vajadz\u012bbas tiek apmierin\u0101tas ar profesionalit\u0101ti un r\u016bp\u012bbu. M\u016bsu konkur\u0113tsp\u0113j\u012bg\u0101s cenas apvienojum\u0101 ar nelok\u0101mo ap\u0146em\u0161anos nodro\u0161in\u0101t kvalit\u0101ti padara FMP par gudru izv\u0113li uz\u0146\u0113mumiem, kas v\u0113las ieguld\u012bt l\u012bdzek\u013cus uzticamos hidrauliskajos risin\u0101jumos.<\/p>\n<p><img loading=\"lazy\" decoding=\"async\" class=\"alignnone wp-image-6717\" src=\"https:\/\/fmp-components.com\/wp-content\/uploads\/2025\/03\/hydraulic-cylinder-211.webp\" alt=\"Hidrauliskie cilindri\" width=\"928\" height=\"930\" title=\"\" srcset=\"https:\/\/fmp-components.com\/wp-content\/uploads\/2025\/03\/hydraulic-cylinder-211.webp 928w, https:\/\/fmp-components.com\/wp-content\/uploads\/2025\/03\/hydraulic-cylinder-211-480x481.webp 480w\" sizes=\"(min-width: 0px) and (max-width: 480px) 480px, (min-width: 481px) 928px, 100vw\" \/><\/p>\n<h2>Bie\u017ei uzdotie jaut\u0101jumi<\/h2>\n<p><strong>J: Vai j\u016bs esat tirdzniec\u012bbas uz\u0146\u0113mums vai ra\u017eot\u0101js?<\/strong><br \/>\nA: M\u0113s esam ra\u017eot\u0101js.<\/p>\n<p><strong>J: Cik ilgs ir j\u016bsu pieg\u0101des laiks?<\/strong><br \/>\nA: Parasti tas ir 25\u201335 dienas.<\/p>\n<p><strong>J: Vai j\u016bs varat ra\u017eot atbilsto\u0161i paraugiem?<\/strong><br \/>\nA: J\u0101, m\u0113s varam izgatavot p\u0113c j\u016bsu paraugiem vai tehniskajiem ras\u0113jumiem. M\u0113s varam izgatavot veidnes un armat\u016bru.<\/p>","protected":false},"excerpt":{"rendered":"<p>New arrival 2 Stage Hydraulic Cylinder Small Dump Truck Multistage Hydraulic Cylinder Introducing the new arrival 2 Stage hydraulic cylinder Small Dump Truck Multistage Hydraulic Cylinder. A state-of-the-art hydraulic cylinder designed to elevate the operational efficiency in various industries such as Machinery Repair Shops, Farms, Energy &amp; Mining, Machinery manufacturing, and Machinery Factory. This robust [&hellip;]<\/p>","protected":false},"featured_media":6668,"comment_status":"closed","ping_status":"closed","template":"","meta":{"_et_pb_use_builder":"","_et_pb_old_content":"","_et_gb_content_width":""},"product_brand":[],"product_cat":[103],"product_tag":[34,105],"class_list":{"0":"post-6493","1":"product","2":"type-product","3":"status-publish","4":"has-post-thumbnail","6":"product_cat-telescopic-hydraulic-cylinders","7":"product_tag-hydraulic-cylinder","8":"product_tag-telescopic-hydraulic-cylinders","10":"first","11":"instock","12":"product-type-simple"},"_links":{"self":[{"href":"https:\/\/fmp-components.com\/lv\/wp-json\/wp\/v2\/product\/6493","targetHints":{"allow":["GET"]}}],"collection":[{"href":"https:\/\/fmp-components.com\/lv\/wp-json\/wp\/v2\/product"}],"about":[{"href":"https:\/\/fmp-components.com\/lv\/wp-json\/wp\/v2\/types\/product"}],"replies":[{"embeddable":true,"href":"https:\/\/fmp-components.com\/lv\/wp-json\/wp\/v2\/comments?post=6493"}],"wp:featuredmedia":[{"embeddable":true,"href":"https:\/\/fmp-components.com\/lv\/wp-json\/wp\/v2\/media\/6668"}],"wp:attachment":[{"href":"https:\/\/fmp-components.com\/lv\/wp-json\/wp\/v2\/media?parent=6493"}],"wp:term":[{"taxonomy":"product_brand","embeddable":true,"href":"https:\/\/fmp-components.com\/lv\/wp-json\/wp\/v2\/product_brand?post=6493"},{"taxonomy":"product_cat","embeddable":true,"href":"https:\/\/fmp-components.com\/lv\/wp-json\/wp\/v2\/product_cat?post=6493"},{"taxonomy":"product_tag","embeddable":true,"href":"https:\/\/fmp-components.com\/lv\/wp-json\/wp\/v2\/product_tag?post=6493"}],"curies":[{"name":"wp","href":"https:\/\/api.w.org\/{rel}","templated":true}]}}