{"id":6489,"date":"2025-03-11T06:25:30","date_gmt":"2025-03-11T06:25:30","guid":{"rendered":"https:\/\/fmp-components.com\/product\/strong-stable-telescopic-hydraulic-cylinders-multistage-hydraulic-cylinder-for-dump-trailer"},"modified":"2025-03-18T01:08:53","modified_gmt":"2025-03-18T01:08:53","slug":"strong-stable-telescopic-hydraulic-cylinders-multistage-hydraulic-cylinder-for-dump-trailer","status":"publish","type":"product","link":"https:\/\/fmp-components.com\/lv\/product\/strong-stable-telescopic-hydraulic-cylinders-multistage-hydraulic-cylinder-for-dump-trailer\/","title":{"rendered":"Sp\u0113c\u012bgi stabili teleskopiskie hidrauliskie cilindri, daudzpak\u0101pju hidrauliskais cilindrs pa\u0161izg\u0101z\u0113ja piekabei"},"content":{"rendered":"<h2>Sp\u0113c\u012bgi stabili teleskopiskie hidrauliskie cilindri, daudzpak\u0101pju hidrauliskais cilindrs pa\u0161izg\u0101z\u0113ja piekabei<\/h2>\n<p>Iepaz\u012bstin\u0101m ar m\u016bsu iztur\u012bgajiem un stabilajiem teleskopiskajiem hidrauliskajiem cilindriem, kas \u012bpa\u0161i izstr\u0101d\u0101ti pa\u0161izg\u0101z\u0113ju piekab\u0113m. \u0160is daudzpak\u0101pju hidrauliskais cilindrs ir 2025.\u00a0gada jaunums, kam ir viena gada garantija un galven\u0101s sast\u0101vda\u013cas, piem\u0113ram, gultnis un pats hidrauliskais cilindrs.<\/p>\n<h3>Funkcijas un funkcijas<\/h3>\n<p>Daudzpak\u0101pju hidrauliskais cilindrs nodro\u0161ina maksim\u0101lo vilces sp\u0113ku 3000 tonnu un maksim\u0101lo vilk\u0161anas sp\u0113ku 20 tonnu, garant\u0113jot augstu veiktsp\u0113ju j\u016bsu lieljaudas vajadz\u012bb\u0101m. Tas ir izgatavots ar standarta konstrukcijas virzu\u013ca cilindru un darbin\u0101ms ar hidrauliku, t\u0101d\u0113j\u0101di garant\u0113jot efekt\u012bvu darb\u012bbu un iztur\u012bbu.<\/p>\n<h3>Produkta specifik\u0101cijas<\/h3>\n<p>M\u016bsu hidraulisk\u0101 cilindra urbuma diametrs ir no 2 l\u012bdz 6 coll\u0101m, stie\u0146a izm\u0113rs ir no 1,125 l\u012bdz 4 coll\u0101m, g\u0101jiena garums ir no 4 l\u012bdz 100 coll\u0101m un tapas izm\u0113rs ir no 0,5 l\u012bdz 2 coll\u0101m. Tas ir pieejams meln\u0101 kr\u0101s\u0101 un tam ir G\/SAE\/NPT\/M piesl\u0113gvieta.<\/p>\n<table style=\"width: 98.8%; height: 125px;\" border=\"\">\n<tbody>\n<tr>\n<td colspan=\"\" rowspan=\"\"><i>Urbuma izm\u0113rs<\/i><\/td>\n<td colspan=\"\" rowspan=\"\">2\u20136 collas<\/td>\n<\/tr>\n<tr>\n<td colspan=\"\" rowspan=\"\"><i>Stie\u0146a izm\u0113rs<\/i><\/td>\n<td colspan=\"\" rowspan=\"\">1,125\u20134 collas<\/td>\n<\/tr>\n<tr>\n<td colspan=\"\" rowspan=\"\"><i>Trieciena izm\u0113rs<\/i><\/td>\n<td colspan=\"\" rowspan=\"\">4\u2013100 collas<\/td>\n<\/tr>\n<tr>\n<td colspan=\"\" rowspan=\"\"><i>Tapas izm\u0113rs<\/i><\/td>\n<td colspan=\"\" rowspan=\"\">0,5\u20132 collas<\/td>\n<\/tr>\n<tr>\n<td colspan=\"\" rowspan=\"\"><i>Ostas<\/i><\/td>\n<td colspan=\"\" rowspan=\"\">G\/SAE\/NPT\/M<\/td>\n<\/tr>\n<\/tbody>\n<\/table>\n<h3>Unik\u0101las \u012bpa\u0161\u012bbas un priek\u0161roc\u012bbas<\/h3>\n<p>M\u016bsu hidrauliskais cilindrs ir izstr\u0101d\u0101ts energoefektivit\u0101tei, dro\u0161\u012bbai un uzticam\u012bbai, padarot to par ide\u0101lu izv\u0113li da\u017e\u0101diem lietojumiem. Tam ir ISO 9001:2000 sertifik\u0101ts, kas apliecina t\u0101 augsto kvalit\u0101ti un uzticam\u012bbu da\u017e\u0101d\u0101s nozar\u0113s. Neatkar\u012bgi no t\u0101, vai tas ir ma\u0161\u012bnu remonta darbn\u012bc\u0101s, saimniec\u012bb\u0101s, ener\u0123\u0113tikas un kalnr\u016bpniec\u012bbas nozar\u0113s, ma\u0161\u012bnu ra\u017eo\u0161an\u0101 vai r\u016bpn\u012bc\u0101s, \u0161is hidrauliskais cilindrs atbilst stingriem standartiem un nodro\u0161ina nemain\u012bgu veiktsp\u0113ju. T\u0101 iztur\u012bg\u0101 konstrukcija nodro\u0161ina, ka tas var iztur\u0113t intens\u012bvas lieto\u0161anas pras\u012bbas, savuk\u0101rt t\u0101 efektivit\u0101te pal\u012bdz samazin\u0101t ekspluat\u0101cijas izmaksas, padarot to par gudru ieguld\u012bjumu jebkuram uz\u0146\u0113mumam.<\/p>\n<p><img loading=\"lazy\" decoding=\"async\" class=\"alignnone wp-image-6657\" src=\"https:\/\/fmp-components.com\/wp-content\/uploads\/2025\/03\/telescopic-hydraulic-cylinder-3.webp\" alt=\"teleskopiskais hidrauliskais cilindrs\" width=\"909\" height=\"909\" title=\"\" srcset=\"https:\/\/fmp-components.com\/wp-content\/uploads\/2025\/03\/telescopic-hydraulic-cylinder-3.webp 909w, https:\/\/fmp-components.com\/wp-content\/uploads\/2025\/03\/telescopic-hydraulic-cylinder-3-480x480.webp 480w\" sizes=\"(min-width: 0px) and (max-width: 480px) 480px, (min-width: 481px) 909px, 100vw\" \/><\/p>\n<h3>Hidraulisk\u0101s sist\u0113mas un darb\u012bbas principi<\/h3>\n<p>M\u016bsu hidrauliskais cilindrs darbojas p\u0113c pamatprincipa, kas p\u0101rveido hidraulisko ener\u0123iju meh\u0101nisk\u0101 kust\u012bb\u0101. \u0160is process ietver hidraulisk\u0101 \u0161\u0137idruma kust\u012bbu cilindr\u0101, kas \u0123ener\u0113 nepiecie\u0161amo jaudu ma\u0161\u012bnu vad\u012b\u0161anai. Izmantojot Pask\u0101la principu, hidraulisk\u0101 sist\u0113ma efekt\u012bvi pastiprina sp\u0113ku, \u013caujot prec\u012bzi pacelt un p\u0101rvietot smagas kravas. \u0160is meh\u0101nisms ne tikai uzlabo j\u016bsu ma\u0161\u012bnu veiktsp\u0113ju, bet ar\u012b veicina vienm\u0113r\u012bg\u0101ku darb\u012bbu, samazinot deta\u013cu nodilumu un palielinot kop\u0113jo kalpo\u0161anas laiku.<\/p>\n<h3>Hidraulisk\u0101 cilindra pielietojums<\/h3>\n<p>M\u016bsu hidraulisk\u0101 cilindra daudzpus\u012bba \u013cauj to izmantot pla\u0161\u0101 pielietojumu kl\u0101st\u0101. Tas ir \u012bpa\u0161i efekt\u012bvs pa\u0161izg\u0101z\u0113ju piekab\u0113s, kur tam ir iz\u0161\u0137iro\u0161a noz\u012bme piekabes kravas kastes pacel\u0161an\u0101 un noliek\u0161an\u0101 materi\u0101lu izkrau\u0161anai. Turkl\u0101t to bie\u017ei izmanto da\u017e\u0101d\u0101s lieljaudas ma\u0161\u012bn\u0101s, tostarp ekskavatoros, iekr\u0101v\u0113jos un lauksaimniec\u012bbas apr\u012bkojum\u0101, kur ir nepiecie\u0161ama liela jauda un prec\u012bza vad\u012bba. \u0160\u012b piel\u0101gojam\u012bba padara m\u016bsu hidraulisko cilindru par nenov\u0113rt\u0113jamu resursu nozar\u0113s, kur\u0101s nepiecie\u0161ami uzticami un efekt\u012bvi cel\u0161anas risin\u0101jumi, nodro\u0161inot, ka operatori var p\u0101rliecino\u0161i un viegli veikt sare\u017e\u0123\u012btus uzdevumus.<\/p>\n<p><img loading=\"lazy\" decoding=\"async\" class=\"alignnone wp-image-6665\" src=\"https:\/\/fmp-components.com\/wp-content\/uploads\/2025\/03\/telescopic-hydraulic-cylinder-9.webp\" alt=\"teleskopiskais hidrauliskais cilindrs\" width=\"931\" height=\"931\" title=\"\" srcset=\"https:\/\/fmp-components.com\/wp-content\/uploads\/2025\/03\/telescopic-hydraulic-cylinder-9.webp 931w, https:\/\/fmp-components.com\/wp-content\/uploads\/2025\/03\/telescopic-hydraulic-cylinder-9-480x480.webp 480w\" sizes=\"(min-width: 0px) and (max-width: 480px) 480px, (min-width: 481px) 931px, 100vw\" \/><\/p>\n<h3>Par FMP<\/h3>\n<p class=\"break-words\">FMP ir vado\u0161ais It\u0101lijas ra\u017eot\u0101js, kas specializ\u0113jas augstas kvalit\u0101tes hidraulisko cilindru projekt\u0113\u0161an\u0101, izstr\u0101d\u0113 un ra\u017eo\u0161an\u0101. Ar bag\u0101t\u012bgu mantojumu, kas sak\u0146ojas gadu desmitiem ilg\u0101 pieredz\u0113, m\u0113s ar lepnumu apvienojam it\u0101\u013cu meistar\u012bbu ar jaun\u0101kaj\u0101m tehnolo\u0123ij\u0101m, lai nodro\u0161in\u0101tu izcilus hidrauliskos risin\u0101jumus, kas piel\u0101goti m\u016bsu glob\u0101l\u0101 klientu loka da\u017e\u0101daj\u0101m vajadz\u012bb\u0101m. FMP, kas atrodas It\u0101lij\u0101, in\u017eenierijas izcil\u012bbas centr\u0101, ir uzticams v\u0101rds hidraulikas nozar\u0113 un ir ap\u0146\u0113mies nodro\u0161in\u0101t uzticamus, iztur\u012bgus un inovat\u012bvus produktus, kas dod iesp\u0113jas uz\u0146\u0113mumiem vis\u0101 pasaul\u0113.<\/p>\n<p class=\"break-words\">M\u016bsu uz\u0146\u0113mums apvieno lab\u0101k\u0101s progres\u012bv\u0101s ra\u017eo\u0161anas trad\u012bcijas ar t\u0101lredz\u012bgu pieeju. Balstoties uz daudzu gadu pieredzi hidraulisko sist\u0113mu jom\u0101, FMP ir att\u012bst\u012bjies par modernu uz\u0146\u0113mumu, kas izce\u013cas ar izcil\u0101m p\u0113tniec\u012bbas, dizaina un ra\u017eo\u0161anas sp\u0113j\u0101m. M\u0113s specializ\u0113jamies pla\u0161\u0101 hidraulisko cilindru kl\u0101st\u0101, tostarp divk\u0101r\u0161as darb\u012bbas cilindros, automobi\u013cu pacel\u0161anas cilindros, lauksaimniec\u012bbas tehnikas cilindros un piel\u0101gotos risin\u0101jumos da\u017e\u0101diem r\u016bpnieciskiem pielietojumiem. Neatkar\u012bgi no t\u0101, vai tas ir paredz\u0113ts b\u016bvniec\u012bbai, r\u016bpniecisk\u0101m instal\u0101cij\u0101m, lauksaimniec\u012bbai vai smagajai tehnikai, m\u016bsu hidrauliskie cilindri ir rad\u012bti, lai darbotos vissmag\u0101kajos apst\u0101k\u013cos, nodro\u0161inot dro\u0161\u012bbu, efektivit\u0101ti un ilgm\u016b\u017e\u012bbu.<\/p>\n<p><img loading=\"lazy\" decoding=\"async\" class=\"alignnone size-full wp-image-6720\" src=\"https:\/\/fmp-components.com\/wp-content\/uploads\/2025\/03\/hydraulic-cylinder-8.webp\" alt=\"Teleskopiskie hidrauliskie cilindri\" width=\"933\" height=\"526\" title=\"\" srcset=\"https:\/\/fmp-components.com\/wp-content\/uploads\/2025\/03\/hydraulic-cylinder-8.webp 933w, https:\/\/fmp-components.com\/wp-content\/uploads\/2025\/03\/hydraulic-cylinder-8-480x271.webp 480w\" sizes=\"(min-width: 0px) and (max-width: 480px) 480px, (min-width: 481px) 933px, 100vw\" \/><\/p>\n<p class=\"break-words\">Uz\u0146\u0113mum\u0101 FMP m\u0113s lepojamies ar sav\u0101m modern\u0101kaj\u0101m ra\u017eo\u0161anas iek\u0101rt\u0101m, kas apr\u012bkotas ar prec\u012bzijas iek\u0101rt\u0101m un modern\u0101m test\u0113\u0161anas sist\u0113m\u0101m. M\u016bsu ra\u017eo\u0161anas procesi atbilst stingriem valsts un starptautiskajiem standartiem, nodro\u0161inot, ka katrs hidrauliskais cilindrs, kas atst\u0101j m\u016bsu r\u016bpn\u012bcu, ir augst\u0101k\u0101s kvalit\u0101tes un uzticam\u012bbas. M\u016bsu prasm\u012bg\u0101 tehnisk\u0101 komanda apvienojum\u0101 ar modern\u0101ko apr\u012bkojumu \u013cauj mums uztur\u0113t stingru kvalit\u0101tes kontroli katr\u0101 ra\u017eo\u0161anas posm\u0101 \u2014 s\u0101kot no izejvielu izv\u0113les l\u012bdz gal\u012bgajai p\u0101rbaudei. \u0160\u012b ap\u0146em\u0161an\u0101s sasniegt izcil\u012bbu ir nodro\u0161in\u0101jusi mums sertifik\u0101tus un atzin\u012bbu no nozares iest\u0101d\u0113m, v\u0113l vair\u0101k nostiprinot m\u016bsu reput\u0101ciju k\u0101 uzticamam partnerim.<\/p>\n<p class=\"break-words\">M\u016bsu misija ir vienk\u0101r\u0161a, tom\u0113r ambicioza: nodro\u0161in\u0101t m\u016bsu klientus ar hidrauliskajiem cilindriem, kas p\u0101rsniedz cer\u012bbas attiec\u012bb\u0101 uz veiktsp\u0113ju, iztur\u012bbu un v\u0113rt\u012bbu. M\u0113s darbojamies, iev\u0113rojot profesionalit\u0101tes, godpr\u0101t\u012bbas un klientu apkalpo\u0161anas pamatprincipus. Veicinot inov\u0101ciju un precizit\u0101tes kult\u016bru, m\u0113s nep\u0101rtraukti pilnveidojam savus produktus, lai saglab\u0101tu l\u012bderpoz\u012bcijas konkur\u0113tsp\u0113j\u012bg\u0101 tirg\u016b. M\u016bsu pla\u0161ais produktu kl\u0101sts un sp\u0113ja pied\u0101v\u0101t piel\u0101gotus risin\u0101jumus padara m\u016bs par lab\u0101ko izv\u0113li uz\u0146\u0113mumiem, kas mekl\u0113 augstas veiktsp\u0113jas hidrauliskos cilindrus.<\/p>\n<p class=\"break-words\">FMP ir vair\u0101k nek\u0101 tikai ra\u017eot\u0101js \u2014 m\u0113s esam partneris j\u016bsu pan\u0101kumos. M\u0113s saprotam, ka m\u016bsu klienti pa\u013caujas uz mums, lai pieg\u0101d\u0101tu instrumentus, kas uzlabo vi\u0146u produktivit\u0101ti un dro\u0161\u012bbu. T\u0101p\u0113c m\u0113s esam ap\u0146\u0113mu\u0161ies pied\u0101v\u0101t ne tikai augst\u0101k\u0101s klases produktus, bet ar\u012b izcilu servisu. S\u0101kot ar s\u0101kotn\u0113jo konsult\u0101ciju un beidzot ar p\u0113cp\u0101rdo\u0161anas atbalstu, m\u0113s cie\u0161i sadarbojamies ar saviem klientiem, lai nodro\u0161in\u0101tu, ka vi\u0146u vajadz\u012bbas tiek apmierin\u0101tas ar profesionalit\u0101ti un r\u016bp\u012bbu. M\u016bsu konkur\u0113tsp\u0113j\u012bg\u0101s cenas apvienojum\u0101 ar nelok\u0101mo ap\u0146em\u0161anos nodro\u0161in\u0101t kvalit\u0101ti padara FMP par gudru izv\u0113li uz\u0146\u0113mumiem, kas v\u0113las ieguld\u012bt l\u012bdzek\u013cus uzticamos hidrauliskajos risin\u0101jumos.<\/p>\n<h2>Bie\u017ei uzdotie jaut\u0101jumi<\/h2>\n<h3>J: Vai j\u016bs esat tirdzniec\u012bbas uz\u0146\u0113mums vai ra\u017eot\u0101js?<\/h3>\n<p>A: M\u0113s esam ra\u017eot\u0101js.<\/p>\n<h3>J: Cik ilgs ir j\u016bsu pieg\u0101des laiks?<\/h3>\n<p>A: Parasti tas ir 25\u201335 dienas.<\/p>\n<h3>J: Vai j\u016bs sniedzat paraugus? Vai tas ir bez maksas vai papildus?<\/h3>\n<p>A: J\u0101, m\u0113s var\u0113tu pied\u0101v\u0101t paraugus, bet tas nav bez maksas.<\/p>\n<p><img loading=\"lazy\" decoding=\"async\" class=\"alignnone wp-image-6717\" src=\"https:\/\/fmp-components.com\/wp-content\/uploads\/2025\/03\/hydraulic-cylinder-211.webp\" alt=\"Hidrauliskie cilindri\" width=\"901\" height=\"903\" title=\"\" srcset=\"https:\/\/fmp-components.com\/wp-content\/uploads\/2025\/03\/hydraulic-cylinder-211.webp 901w, https:\/\/fmp-components.com\/wp-content\/uploads\/2025\/03\/hydraulic-cylinder-211-480x481.webp 480w\" sizes=\"(min-width: 0px) and (max-width: 480px) 480px, (min-width: 481px) 901px, 100vw\" \/><\/p>","protected":false},"excerpt":{"rendered":"<p>Strong Stable Telescopic Hydraulic Cylinders Multistage Hydraulic Cylinder For Dump Trailer Presenting our robust and stable Telescopic Hydraulic Cylinders, specifically designed for dump trailers. This multistage hydraulic cylinder is a new product of 2025, boasting a one-year warranty and core components such as bearing and the hydraulic cylinder itself. Features and Functions The multistage hydraulic [&hellip;]<\/p>","protected":false},"featured_media":6670,"comment_status":"closed","ping_status":"closed","template":"","meta":{"_et_pb_use_builder":"","_et_pb_old_content":"","_et_gb_content_width":""},"product_brand":[],"product_cat":[103],"product_tag":[34,105],"class_list":{"0":"post-6489","1":"product","2":"type-product","3":"status-publish","4":"has-post-thumbnail","6":"product_cat-telescopic-hydraulic-cylinders","7":"product_tag-hydraulic-cylinder","8":"product_tag-telescopic-hydraulic-cylinders","10":"first","11":"instock","12":"product-type-simple"},"_links":{"self":[{"href":"https:\/\/fmp-components.com\/lv\/wp-json\/wp\/v2\/product\/6489","targetHints":{"allow":["GET"]}}],"collection":[{"href":"https:\/\/fmp-components.com\/lv\/wp-json\/wp\/v2\/product"}],"about":[{"href":"https:\/\/fmp-components.com\/lv\/wp-json\/wp\/v2\/types\/product"}],"replies":[{"embeddable":true,"href":"https:\/\/fmp-components.com\/lv\/wp-json\/wp\/v2\/comments?post=6489"}],"wp:featuredmedia":[{"embeddable":true,"href":"https:\/\/fmp-components.com\/lv\/wp-json\/wp\/v2\/media\/6670"}],"wp:attachment":[{"href":"https:\/\/fmp-components.com\/lv\/wp-json\/wp\/v2\/media?parent=6489"}],"wp:term":[{"taxonomy":"product_brand","embeddable":true,"href":"https:\/\/fmp-components.com\/lv\/wp-json\/wp\/v2\/product_brand?post=6489"},{"taxonomy":"product_cat","embeddable":true,"href":"https:\/\/fmp-components.com\/lv\/wp-json\/wp\/v2\/product_cat?post=6489"},{"taxonomy":"product_tag","embeddable":true,"href":"https:\/\/fmp-components.com\/lv\/wp-json\/wp\/v2\/product_tag?post=6489"}],"curies":[{"name":"wp","href":"https:\/\/api.w.org\/{rel}","templated":true}]}}