{"id":6487,"date":"2025-03-11T06:25:30","date_gmt":"2025-03-11T06:25:30","guid":{"rendered":"https:\/\/fmp-components.com\/product\/new-arrival-telescopic-hydraulic-cylinder-hydraulic-cylinder-for-dump-trailer"},"modified":"2025-03-11T08:25:50","modified_gmt":"2025-03-11T08:25:50","slug":"new-arrival-telescopic-hydraulic-cylinder-hydraulic-cylinder-for-dump-trailer","status":"publish","type":"product","link":"https:\/\/fmp-components.com\/lv\/product\/new-arrival-telescopic-hydraulic-cylinder-hydraulic-cylinder-for-dump-trailer\/","title":{"rendered":"Jaunpien\u0101c\u0113js teleskopiskais hidrauliskais cilindrs pa\u0161izg\u0101z\u0113ja piekabei"},"content":{"rendered":"<h2>Jaunpien\u0101c\u0113js teleskopiskais hidrauliskais cilindrs pa\u0161izg\u0101z\u0113ja piekabei<\/h2>\n<p>Iepaz\u012bstin\u0101m ar m\u016bsu jaun\u0101ko produktu \u2014 teleskopisko hidraulisko cilindru. \u0160is produkts ir paredz\u0113ts pa\u0161izg\u0101z\u0113ju piekab\u0113m, nodro\u0161inot iztur\u012bgu un efekt\u012bvu risin\u0101jumu j\u016bsu vajadz\u012bb\u0101m. Ar 1 gada garantiju \u0161is jaunais hidrauliskais cilindrs b\u016bs lielisks papildin\u0101jums j\u016bsu tehnikai.<\/p>\n<h4>Funkcijas un iesp\u0113jas<\/h4>\n<p>Teleskopiskais hidrauliskais cilindrs ir standarta virzu\u013ccilindrs, ko darbina hidraulisk\u0101 tehnolo\u0123ija. Cilindra korpuss ir izgatavots no iztur\u012bga t\u0113rauda, \u200b\u200bkas nodro\u0161ina ilgm\u016b\u017e\u012bbu un iztur\u012bbu pret nodilumu. T\u0101 maksim\u0101l\u0101 vilces jauda ir 3000 tonnu un maksim\u0101l\u0101 vilk\u0161anas jauda ir 20 tonnas. \u0160is hidrauliskais cilindrs ir ar\u012b daudzpak\u0101pju ier\u012bce, kas padara to daudzpus\u012bgu da\u017e\u0101diem pielietojumiem.<\/p>\n<h2>Produkta inform\u0101cija<\/h2>\n<table style=\"width: 99.5341%;\" border=\"\">\n<tbody>\n<tr>\n<td style=\"width: 42.9379%;\"><i>Urbuma izm\u0113rs<\/i><\/td>\n<td style=\"width: 471.751%;\">2\u20136 collas<\/td>\n<\/tr>\n<tr>\n<td style=\"width: 42.9379%;\"><i>Stie\u0146a izm\u0113rs<\/i><\/td>\n<td style=\"width: 471.751%;\">1,125\u20134 collas<\/td>\n<\/tr>\n<tr>\n<td style=\"width: 42.9379%;\"><i>Trieciena izm\u0113rs<\/i><\/td>\n<td style=\"width: 471.751%;\">4\u2013100 collas<\/td>\n<\/tr>\n<tr>\n<td style=\"width: 42.9379%;\"><i>Tapas izm\u0113rs<\/i><\/td>\n<td style=\"width: 471.751%;\">0,5\u20132 collas<\/td>\n<\/tr>\n<tr>\n<td style=\"width: 42.9379%;\"><i>Ostas<\/i><\/td>\n<td style=\"width: 471.751%;\">G\/SAE\/NPT\/M<\/td>\n<\/tr>\n<\/tbody>\n<\/table>\n<h3>Unik\u0101las priek\u0161roc\u012bbas<\/h3>\n<p>Teleskopiskais hidrauliskais cilindrs lepojas ar virkni unik\u0101lu priek\u0161roc\u012bbu. Tas ir energoefekt\u012bvs, augstas veiktsp\u0113jas un uzticams. \u0160is produkts ir sertific\u0113ts saska\u0146\u0101 ar ISO9001:2000, kas nodro\u0161ina t\u0101 kvalit\u0101ti un dro\u0161\u012bbu lietot\u0101jiem. Tas ir pieejams elegant\u0101 meln\u0101 kr\u0101s\u0101, kas neman\u0101mi iederas j\u016bsu meh\u0101nism\u0101.<\/p>\n<h2>Hidraulisk\u0101 sist\u0113ma un darb\u012bbas princips<\/h2>\n<p>M\u016bsu hidraulisk\u0101 cilindra darb\u012bbas pamatprincips ir izmantot spiediena hidraulisko \u0161\u0137idrumu, lai rad\u012btu line\u0101ru kust\u012bbu. Kad hidrauliskais \u0161\u0137idrums tiek pak\u013cauts spiedienam un ievad\u012bts cilindr\u0101, tas rada sp\u0113ku, kas p\u0101rvieto virzuli t\u0101 iek\u0161pus\u0113. \u0160is meh\u0101nisms \u013cauj hidrauliskajam cilindram p\u0101rveidot hidraulisko ener\u0123iju meh\u0101nisk\u0101 kust\u012bb\u0101 ar iev\u0113rojamu efektivit\u0101ti un precizit\u0101ti. M\u016bsu hidraulisko cilindru tehnolo\u0123ija nodro\u0161ina vienm\u0113r\u012bgu darb\u012bbu, \u013caujot prec\u012bzi kontrol\u0113t smag\u0101s ma\u0161\u012bnas un apr\u012bkojumu. \u0160\u012b precizit\u0101te ir b\u016btiska uzdevumiem, kuriem nepiecie\u0161amas prec\u012bzas kust\u012bbas, nodro\u0161inot, ka operatori var dro\u0161i un efekt\u012bvi veikt sare\u017e\u0123\u012btas darb\u012bbas.<\/p>\n<p><img loading=\"lazy\" decoding=\"async\" class=\"alignnone  wp-image-6662\" src=\"https:\/\/fmp-components.com\/wp-content\/uploads\/2025\/03\/telescopic-hydraulic-cylinder-4.webp\" alt=\"teleskopiskais hidrauliskais cilindrs\" width=\"915\" height=\"915\" title=\"\" srcset=\"https:\/\/fmp-components.com\/wp-content\/uploads\/2025\/03\/telescopic-hydraulic-cylinder-4.webp 915w, https:\/\/fmp-components.com\/wp-content\/uploads\/2025\/03\/telescopic-hydraulic-cylinder-4-480x480.webp 480w\" sizes=\"(min-width: 0px) and (max-width: 480px) 480px, (min-width: 481px) 915px, 100vw\" \/><\/p>\n<h2>Pieteikums<\/h2>\n<p>\u0160is hidrauliskais cilindrs ir ide\u0101li piem\u0113rots pla\u0161am pielietojumu kl\u0101stam da\u017e\u0101d\u0101s nozar\u0113s. Ma\u0161\u012bnu remonta darbn\u012bc\u0101s tas ir nenov\u0113rt\u0113jams smagu deta\u013cu cel\u0161anai un manipul\u0113\u0161anai, \u013caujot tehni\u0137iem str\u0101d\u0101t efekt\u012bvi un dro\u0161i. Lauksaimniec\u012bbas vid\u0113 hidrauliskais cilindrs uzlabo t\u0101du iek\u0101rtu k\u0101 pa\u0161izg\u0101z\u0113ju piekabju, traktoru un citas smag\u0101s tehnikas funkcionalit\u0101ti, nodro\u0161inot efekt\u012bvu materi\u0101lu apstr\u0101di un transport\u0113\u0161anu. Ener\u0123\u0113tikas un kalnr\u016bpniec\u012bbas nozares ar\u012b g\u016bst iev\u0113rojamu labumu no t\u0101 iztur\u012bg\u0101s konstrukcijas un augst\u0101s veiktsp\u0113jas, jo tas var iztur\u0113t skarbos apst\u0101k\u013cus, kas bie\u017ei vien ir rakstur\u012bgi \u0161\u012bm vid\u0113m. Turkl\u0101t ma\u0161\u012bnb\u016bv\u0113 m\u016bsu hidrauliskais cilindrs ir b\u016btisks mont\u0101\u017eas l\u012bnij\u0101s un ra\u017eo\u0161anas procesos, kur uzticam\u012bba un iztur\u012bba ir \u0101rk\u0101rt\u012bgi svar\u012bga. T\u0101 daudzpus\u012bba un iztur\u012bba padara to par lielisku izv\u0113li profesion\u0101\u013ciem, kas mekl\u0113 uzticamus hidrauliskos risin\u0101jumus da\u017e\u0101d\u0101s nozar\u0113s.<\/p>\n<h3>Par FMP<\/h3>\n<p>FMP ir vado\u0161ais it\u0101\u013cu ra\u017eot\u0101js, kas ir paz\u012bstams ar savu pieredzi augstas kvalit\u0101tes hidraulisko cilindru projekt\u0113\u0161an\u0101, izstr\u0101d\u0113 un ra\u017eo\u0161an\u0101. Ar bag\u0101t\u012bgu pieredzi, kas uzkr\u0101ta gadu desmitiem, m\u0113s neman\u0101mi apvienojam it\u0101\u013cu meistar\u012bbu ar modern\u0101kaj\u0101m tehnolo\u0123ij\u0101m, lai nodro\u0161in\u0101tu izcilus hidrauliskos risin\u0101jumus, kas piel\u0101goti m\u016bsu klientu da\u017e\u0101daj\u0101m vajadz\u012bb\u0101m vis\u0101 pasaul\u0113. FMP atrodas It\u0101lij\u0101, in\u017eenierijas izcil\u012bbas centr\u0101, un ir k\u013cuvis par uzticamu l\u012bderi hidraulikas nozar\u0113, kas velt\u012bts uzticamu, iztur\u012bgu un inovat\u012bvu produktu nodro\u0161in\u0101\u0161anai, kas dod iesp\u0113jas uz\u0146\u0113mumiem vis\u0101 pasaul\u0113.<\/p>\n<p>M\u0113s apvienojam progres\u012bvas ra\u017eo\u0161anas trad\u012bcijas ar progres\u012bvu skat\u012bjumu. Balstoties uz daudzu gadu pieredzi hidraulisko sist\u0113mu jom\u0101, FMP ir k\u013cuvis par modernu uz\u0146\u0113mumu, kas izce\u013cas ar izcil\u012bbu p\u0113tniec\u012bb\u0101, projekt\u0113\u0161an\u0101 un ra\u017eo\u0161an\u0101. M\u016bsu specializ\u0101cija aptver pla\u0161u hidraulisko cilindru spektru, tostarp divk\u0101r\u0161as darb\u012bbas cilindrus, automobi\u013cu pacel\u0161anas cilindrus, lauksaimniec\u012bbas tehnikas cilindrus un individu\u0101li izstr\u0101d\u0101tus risin\u0101jumus da\u017e\u0101diem r\u016bpnieciskiem pielietojumiem. Neatkar\u012bgi no t\u0101, vai tie ir paredz\u0113ti b\u016bvniec\u012bbai, r\u016bpniecisk\u0101m instal\u0101cij\u0101m, lauksaimniec\u012bbai vai smagajai tehnikai, m\u016bsu hidrauliskie cilindri ir konstru\u0113ti t\u0101, lai tie darbotos vissare\u017e\u0123\u012bt\u0101kajos apst\u0101k\u013cos, nodro\u0161inot dro\u0161\u012bbu, efektivit\u0101ti un ilgm\u016b\u017e\u012bbu.<\/p>\n<p><img loading=\"lazy\" decoding=\"async\" class=\"alignnone size-full wp-image-6720\" src=\"https:\/\/fmp-components.com\/wp-content\/uploads\/2025\/03\/hydraulic-cylinder-8.webp\" alt=\"Teleskopiskie hidrauliskie cilindri\" width=\"933\" height=\"526\" title=\"\" srcset=\"https:\/\/fmp-components.com\/wp-content\/uploads\/2025\/03\/hydraulic-cylinder-8.webp 933w, https:\/\/fmp-components.com\/wp-content\/uploads\/2025\/03\/hydraulic-cylinder-8-480x271.webp 480w\" sizes=\"(min-width: 0px) and (max-width: 480px) 480px, (min-width: 481px) 933px, 100vw\" \/><\/p>\n<p>Uz\u0146\u0113mum\u0101 FMP m\u0113s lepojamies ar sav\u0101m modern\u0101kaj\u0101m ra\u017eo\u0161anas iek\u0101rt\u0101m, kas apr\u012bkotas ar prec\u012bzijas iek\u0101rt\u0101m un modern\u0101m test\u0113\u0161anas sist\u0113m\u0101m. M\u016bsu ra\u017eo\u0161anas procesi atbilst stingriem valsts un starptautiskajiem standartiem, nodro\u0161inot, ka katrs sara\u017eotais hidrauliskais cilindrs ir visaugst\u0101k\u0101s kvalit\u0101tes un uzticam\u012bbas. M\u016bsu prasm\u012bg\u0101 tehnisk\u0101 komanda kop\u0101 ar modernu apr\u012bkojumu \u013cauj mums uztur\u0113t stingru kvalit\u0101tes kontroli katr\u0101 ra\u017eo\u0161anas posm\u0101 \u2014 s\u0101kot no izejvielu izv\u0113les l\u012bdz gal\u012bgajai p\u0101rbaudei. \u0160\u012b ap\u0146em\u0161an\u0101s sasniegt izcil\u012bbu ir nodro\u0161in\u0101jusi mums sertifik\u0101tus un atzin\u012bbu no nozares iest\u0101d\u0113m, v\u0113l vair\u0101k nostiprinot m\u016bsu reput\u0101ciju k\u0101 uzticamam partnerim.<\/p>\n<p>M\u016bsu misija ir vienk\u0101r\u0161a, tom\u0113r ambicioza: nodro\u0161in\u0101t hidrauliskos cilindrus, kas p\u0101rsniedz cer\u012bbas attiec\u012bb\u0101 uz veiktsp\u0113ju, iztur\u012bbu un v\u0113rt\u012bbu. M\u0113s iev\u0113rojam profesionalit\u0101tes, integrit\u0101tes un klientu apkalpo\u0161anas principus. Veicinot inov\u0101ciju un precizit\u0101tes kult\u016bru, m\u0113s past\u0101v\u012bgi pilnveidojam savus produktus, lai saglab\u0101tu konkur\u0113tsp\u0113ju tirg\u016b. M\u016bsu pla\u0161ais produktu kl\u0101sts un sp\u0113ja pied\u0101v\u0101t piel\u0101gotus risin\u0101jumus pozicion\u0113 m\u016bs k\u0101 v\u0113lamo izv\u0113li uz\u0146\u0113mumiem, kuriem nepiecie\u0161ami augstas veiktsp\u0113jas hidrauliskie cilindri.<\/p>\n<p>FMP ir vair\u0101k nek\u0101 tikai ra\u017eot\u0101js; m\u0113s esam partneris j\u016bsu pan\u0101kumos. M\u0113s apzin\u0101mies, ka m\u016bsu klienti pa\u013caujas uz mums, ja mums ir nepiecie\u0161ami instrumenti, kas uzlabo produktivit\u0101ti un dro\u0161\u012bbu. T\u0101p\u0113c m\u0113s esam ap\u0146\u0113mu\u0161ies nodro\u0161in\u0101t ne tikai augst\u0101k\u0101s kvalit\u0101tes produktus, bet ar\u012b izcilu servisu. S\u0101kot ar s\u0101kotn\u0113j\u0101m konsult\u0101cij\u0101m un beidzot ar p\u0113cp\u0101rdo\u0161anas atbalstu, m\u0113s cie\u0161i sadarbojamies ar saviem klientiem, lai nodro\u0161in\u0101tu, ka vi\u0146u vajadz\u012bbas tiek apmierin\u0101tas ar profesionalit\u0101ti un r\u016bp\u012bbu. M\u016bsu konkur\u0113tsp\u0113j\u012bg\u0101s cenas apvienojum\u0101 ar nelok\u0101mo ap\u0146em\u0161anos nodro\u0161in\u0101t kvalit\u0101ti padara FMP par gudru izv\u0113li uz\u0146\u0113mumiem, kas mekl\u0113 uzticamus hidrauliskos risin\u0101jumus.<\/p>\n<h2>Bie\u017ei uzdotie jaut\u0101jumi<\/h2>\n<p>J: Vai j\u016bs esat tirdzniec\u012bbas uz\u0146\u0113mums vai ra\u017eot\u0101js?<br \/>\nA: M\u0113s esam ra\u017eot\u0101js.<br \/>\nJ: Cik ilgs ir j\u016bsu pieg\u0101des laiks?<br \/>\nA: Parasti tas ir 25\u201335 dienas.<br \/>\nJ: Vai j\u016bs sniedzat paraugus? Vai tas ir bez maksas vai papildus?<br \/>\nA: J\u0101, m\u0113s var\u0113tu pied\u0101v\u0101t paraugu, bet tas nav bez maksas.<\/p>\n<p><img loading=\"lazy\" decoding=\"async\" class=\"alignnone  wp-image-6717\" src=\"https:\/\/fmp-components.com\/wp-content\/uploads\/2025\/03\/hydraulic-cylinder-211.webp\" alt=\"Hidrauliskie cilindri\" width=\"914\" height=\"916\" title=\"\" srcset=\"https:\/\/fmp-components.com\/wp-content\/uploads\/2025\/03\/hydraulic-cylinder-211.webp 914w, https:\/\/fmp-components.com\/wp-content\/uploads\/2025\/03\/hydraulic-cylinder-211-480x481.webp 480w\" sizes=\"(min-width: 0px) and (max-width: 480px) 480px, (min-width: 481px) 914px, 100vw\" \/><\/p>","protected":false},"excerpt":{"rendered":"<p>New Arrival Telescopic Hydraulic Cylinder Hydraulic Cylinder For Dump Trailer Introducing our latest arrival, the Telescopic Hydraulic Cylinder. This product is designed for dump trailers, providing a robust and efficient solution to meet your needs. With a 1-year warranty, this new hydraulic cylinder will serve as a great addition to your machinery. Functions and Features [&hellip;]<\/p>","protected":false},"featured_media":6674,"comment_status":"closed","ping_status":"closed","template":"","meta":{"_et_pb_use_builder":"","_et_pb_old_content":"","_et_gb_content_width":""},"product_brand":[],"product_cat":[103],"product_tag":[34,105],"class_list":{"0":"post-6487","1":"product","2":"type-product","3":"status-publish","4":"has-post-thumbnail","6":"product_cat-telescopic-hydraulic-cylinders","7":"product_tag-hydraulic-cylinder","8":"product_tag-telescopic-hydraulic-cylinders","10":"first","11":"instock","12":"product-type-simple"},"_links":{"self":[{"href":"https:\/\/fmp-components.com\/lv\/wp-json\/wp\/v2\/product\/6487","targetHints":{"allow":["GET"]}}],"collection":[{"href":"https:\/\/fmp-components.com\/lv\/wp-json\/wp\/v2\/product"}],"about":[{"href":"https:\/\/fmp-components.com\/lv\/wp-json\/wp\/v2\/types\/product"}],"replies":[{"embeddable":true,"href":"https:\/\/fmp-components.com\/lv\/wp-json\/wp\/v2\/comments?post=6487"}],"wp:featuredmedia":[{"embeddable":true,"href":"https:\/\/fmp-components.com\/lv\/wp-json\/wp\/v2\/media\/6674"}],"wp:attachment":[{"href":"https:\/\/fmp-components.com\/lv\/wp-json\/wp\/v2\/media?parent=6487"}],"wp:term":[{"taxonomy":"product_brand","embeddable":true,"href":"https:\/\/fmp-components.com\/lv\/wp-json\/wp\/v2\/product_brand?post=6487"},{"taxonomy":"product_cat","embeddable":true,"href":"https:\/\/fmp-components.com\/lv\/wp-json\/wp\/v2\/product_cat?post=6487"},{"taxonomy":"product_tag","embeddable":true,"href":"https:\/\/fmp-components.com\/lv\/wp-json\/wp\/v2\/product_tag?post=6487"}],"curies":[{"name":"wp","href":"https:\/\/api.w.org\/{rel}","templated":true}]}}