{"id":6420,"date":"2025-03-10T06:32:17","date_gmt":"2025-03-10T06:32:17","guid":{"rendered":"https:\/\/fmp-components.com\/?post_type=product&#038;p=6420"},"modified":"2025-03-10T06:34:35","modified_gmt":"2025-03-10T06:34:35","slug":"jaw-couplings","status":"publish","type":"product","link":"https:\/\/fmp-components.com\/lv\/product\/jaw-couplings\/","title":{"rendered":"\u017dok\u013cu savienojumi"},"content":{"rendered":"<p>\u017dok\u013cu savienojumi ir daudzpus\u012bga meh\u0101niska sast\u0101vda\u013ca, ko pla\u0161i izmanto jaudas p\u0101rvades lietojumprogramm\u0101s. \u0160is elast\u012bgais savienojuma meh\u0101nisms darbojas, savienojot divas rot\u0113jo\u0161as v\u0101rpstas, lai p\u0101rnestu rot\u0101cijas sp\u0113ku, vienlaikus absorb\u0113jot vibr\u0101cijas ener\u0123iju un kompens\u0113jot aksi\u0101l\u0101s\/le\u0146\u0137isk\u0101s novirzes. \u0160\u0101das ekspluat\u0101cijas \u012bpa\u0161\u012bbas pal\u012bdz aizsarg\u0101t savienot\u0101s iek\u0101rtas no p\u0101rm\u0113r\u012bga sprieguma un priek\u0161laic\u012bga nodiluma.<\/p>\n<p>Mont\u0101\u017ea sast\u0101v no trim galvenaj\u0101m sast\u0101vda\u013c\u0101m:<\/p>\n<ol start=\"1\">\n<li>Divk\u0101r\u0161i met\u0101la rumbas ar radi\u0101liem izvirz\u012bjumiem (\u017eok\u013ca elementi)<\/li>\n<li>Elast\u012bgs elastom\u0113ra ieliktnis (parasti saukts par zirnek\u013ca elementu)<br \/>\n\u0160\u012bs sast\u0101vda\u013cas ir prec\u012bzi saliktas main\u012bg\u0101 savienojuma rakst\u0101, kur rumbas \u017eok\u013ci savstarp\u0113ji savienojas ar zirnek\u013ca elast\u012bg\u0101m daiv\u0101m. Griezes momenta p\u0101rne\u0161ana notiek, pateicoties saspiest\u0101 polim\u0113ra ielikt\u0146a elast\u012bgajai deform\u0101cijai, kas nodro\u0161ina gan v\u0113rpes elast\u012bbu, gan sl\u0101p\u0113\u0161anas \u012bpa\u0161\u012bbas. Zirnek\u013ca viskoelast\u012bg\u0101 materi\u0101la \u012bpa\u0161\u012bbas nodro\u0161ina efekt\u012bvu vibr\u0101cijas sl\u0101p\u0113\u0161anu, vienlaikus saglab\u0101jot nep\u0101rtrauktu jaudas p\u0101rnesi starp savienotaj\u0101m v\u0101rpst\u0101m.<\/li>\n<\/ol>\n<h2>\u017dok\u013ca savienojuma izm\u0113ri<\/h2>\n<p><img loading=\"lazy\" decoding=\"async\" class=\"size-full wp-image-6423 aligncenter\" src=\"https:\/\/fmp-components.com\/wp-content\/uploads\/2025\/03\/Jaw-Coupling-specification-2.webp\" alt=\"\u017dok\u013cu savienojumu specifik\u0101cija\" width=\"828\" height=\"620\" title=\"\" srcset=\"https:\/\/fmp-components.com\/wp-content\/uploads\/2025\/03\/Jaw-Coupling-specification-2.webp 828w, https:\/\/fmp-components.com\/wp-content\/uploads\/2025\/03\/Jaw-Coupling-specification-2-480x359.webp 480w\" sizes=\"(min-width: 0px) and (max-width: 480px) 480px, (min-width: 481px) 828px, 100vw\" \/> <img loading=\"lazy\" decoding=\"async\" class=\"wp-image-6424 aligncenter\" src=\"https:\/\/fmp-components.com\/wp-content\/uploads\/2025\/03\/Jaw-Coupling-specification-1.webp\" alt=\"\u017dok\u013cu savienojumu specifik\u0101cija\" width=\"804\" height=\"658\" title=\"\" srcset=\"https:\/\/fmp-components.com\/wp-content\/uploads\/2025\/03\/Jaw-Coupling-specification-1.webp 804w, https:\/\/fmp-components.com\/wp-content\/uploads\/2025\/03\/Jaw-Coupling-specification-1-480x393.webp 480w\" sizes=\"(min-width: 0px) and (max-width: 480px) 480px, (min-width: 481px) 804px, 100vw\" \/><\/p>\n<h2>\u017dok\u013ca tipa elast\u012bgo savienojumu \u012bpa\u0161\u012bbas<\/h2>\n<p>\u017dok\u013cu tipa savienojumu elastom\u0113ru komponenti parasti tiek izgatavoti no augstas veiktsp\u0113jas plastmasas vai gumijas. \u0160ie ielikt\u0146i nosaka savienojuma ekspluat\u0101cijas laiku, kas standarta apst\u0101k\u013cos parasti ilgst l\u012bdz 10 gadiem. Pateicoties to konstrukcijai, elastom\u0113ri galvenok\u0101rt iztur spiedes sp\u0113kus, nevis stiepes spriegumu. \u0160ie savienojumi, kas paz\u012bstami ar vibr\u0101cijas sl\u0101p\u0113\u0161anas un triecienu absorbcijas \u012bpa\u0161\u012bb\u0101m, ir ide\u0101li piem\u0113roti vid\u0113m ar augstu vibr\u0101ciju. At\u0161\u0137ir\u012bb\u0101 no stingrajiem savienojumiem, to ekspluat\u0101cijas temperat\u016bras diapazonu (no -35\u00b0C l\u012bdz +80\u00b0C) nosaka elastom\u0113ra termisk\u0101s robe\u017eas.<\/p>\n<p><strong>Galven\u0101s priek\u0161roc\u012bbas<\/strong>:<\/p>\n<ol start=\"1\">\n<li><strong>Kompakts dizains<\/strong>Konstrukcija bez br\u012bvkust\u012bbas ar elastom\u0113ra iesp\u0113j\u0101m tr\u012bs ciet\u012bbas pak\u0101p\u0113s.<\/li>\n<li><strong>Dinamiska veiktsp\u0113ja<\/strong>Efekt\u012bvi sl\u0101p\u0113 vibr\u0101cijas un piel\u0101gojas radi\u0101lajai\/le\u0146\u0137iskajai nob\u012bdei.<\/li>\n<li><strong>Lieto\u0161anas \u0113rtums<\/strong>Vienk\u0101r\u0161ota strukt\u016bra \u0113rtai uzst\u0101d\u012b\u0161anai, p\u0101rbaudei un apkopei.<\/li>\n<li><strong>Iztur\u012bba<\/strong>Darb\u012bba bez apkopes, e\u013c\u013cas iztur\u012bba un elektrisk\u0101 izol\u0101cija; optim\u0101la veiktsp\u0113ja no 20\u00b0C l\u012bdz 60\u00b0C.<\/li>\n<li><strong>Elastom\u0113ru varianti<\/strong>Pied\u0101v\u0101 daudzdaivu konfigur\u0101cijas (4, 6, 8 vai 10 ziedlapi\u0146as) piel\u0101gotai elast\u012bbai.<\/li>\n<li><strong>Mont\u0101\u017eas iesp\u0113jas<\/strong>: Atbalsta da\u017e\u0101das uzst\u0101d\u012b\u0161anas metodes, tostarp fiks\u0101cijas skr\u016bves, skavas un fiks\u0101ciju ar atsl\u0113gas gropi.<\/li>\n<\/ol>\n<p><img loading=\"lazy\" decoding=\"async\" class=\"size-full wp-image-6425 aligncenter\" src=\"https:\/\/fmp-components.com\/wp-content\/uploads\/2025\/03\/jaw-coupling-1.webp\" alt=\"\u017dok\u013cu savienojumi\" width=\"600\" height=\"600\" title=\"\" srcset=\"https:\/\/fmp-components.com\/wp-content\/uploads\/2025\/03\/jaw-coupling-1.webp 600w, https:\/\/fmp-components.com\/wp-content\/uploads\/2025\/03\/jaw-coupling-1-480x480.webp 480w\" sizes=\"(min-width: 0px) and (max-width: 480px) 480px, (min-width: 481px) 600px, 100vw\" \/><\/p>","protected":false},"excerpt":{"rendered":"<p>Jaw couplings represent a versatile mechanical component widely used for power transmission applications. This flexible coupling mechanism functions by interconnecting two rotating shafts to transmit rotational force while simultaneously absorbing vibrational energy and compensating for axial\/angular misalignments. Such operational characteristics help safeguard connected machinery from excessive stress and premature wear. The assembly comprises three primary [&hellip;]<\/p>","protected":false},"featured_media":6422,"comment_status":"open","ping_status":"closed","template":"","meta":{"_et_pb_use_builder":"","_et_pb_old_content":"","_et_gb_content_width":""},"product_brand":[],"product_cat":[101],"product_tag":[],"class_list":{"0":"post-6420","1":"product","2":"type-product","3":"status-publish","4":"has-post-thumbnail","6":"product_cat-coupling","8":"first","9":"instock","10":"shipping-taxable","11":"product-type-simple"},"_links":{"self":[{"href":"https:\/\/fmp-components.com\/lv\/wp-json\/wp\/v2\/product\/6420","targetHints":{"allow":["GET"]}}],"collection":[{"href":"https:\/\/fmp-components.com\/lv\/wp-json\/wp\/v2\/product"}],"about":[{"href":"https:\/\/fmp-components.com\/lv\/wp-json\/wp\/v2\/types\/product"}],"replies":[{"embeddable":true,"href":"https:\/\/fmp-components.com\/lv\/wp-json\/wp\/v2\/comments?post=6420"}],"wp:featuredmedia":[{"embeddable":true,"href":"https:\/\/fmp-components.com\/lv\/wp-json\/wp\/v2\/media\/6422"}],"wp:attachment":[{"href":"https:\/\/fmp-components.com\/lv\/wp-json\/wp\/v2\/media?parent=6420"}],"wp:term":[{"taxonomy":"product_brand","embeddable":true,"href":"https:\/\/fmp-components.com\/lv\/wp-json\/wp\/v2\/product_brand?post=6420"},{"taxonomy":"product_cat","embeddable":true,"href":"https:\/\/fmp-components.com\/lv\/wp-json\/wp\/v2\/product_cat?post=6420"},{"taxonomy":"product_tag","embeddable":true,"href":"https:\/\/fmp-components.com\/lv\/wp-json\/wp\/v2\/product_tag?post=6420"}],"curies":[{"name":"wp","href":"https:\/\/api.w.org\/{rel}","templated":true}]}}