{"id":6416,"date":"2025-03-10T06:11:29","date_gmt":"2025-03-10T06:11:29","guid":{"rendered":"https:\/\/fmp-components.com\/?post_type=product&#038;p=6416"},"modified":"2025-03-10T06:22:50","modified_gmt":"2025-03-10T06:22:50","slug":"spacer-couplings","status":"publish","type":"product","link":"https:\/\/fmp-components.com\/lv\/product\/spacer-couplings\/","title":{"rendered":"Starplikas savienojumi"},"content":{"rendered":"<p><img loading=\"lazy\" decoding=\"async\" class=\"alignnone size-full wp-image-6418\" src=\"https:\/\/fmp-components.com\/wp-content\/uploads\/2025\/03\/Spacer-Couplings-2.webp\" alt=\"Starplikas savienojums\" width=\"1002\" height=\"362\" title=\"\" srcset=\"https:\/\/fmp-components.com\/wp-content\/uploads\/2025\/03\/Spacer-Couplings-2.webp 1002w, https:\/\/fmp-components.com\/wp-content\/uploads\/2025\/03\/Spacer-Couplings-2-980x354.webp 980w, https:\/\/fmp-components.com\/wp-content\/uploads\/2025\/03\/Spacer-Couplings-2-480x173.webp 480w\" sizes=\"(min-width: 0px) and (max-width: 480px) 480px, (min-width: 481px) and (max-width: 980px) 980px, (min-width: 981px) 1002px, 100vw\" \/><\/p>\n<p><img loading=\"lazy\" decoding=\"async\" class=\"alignnone size-full wp-image-6417\" src=\"https:\/\/fmp-components.com\/wp-content\/uploads\/2025\/03\/Spacer-Couplings-3.webp\" alt=\"Starplikas savienojums\" width=\"915\" height=\"844\" title=\"\" srcset=\"https:\/\/fmp-components.com\/wp-content\/uploads\/2025\/03\/Spacer-Couplings-3.webp 915w, https:\/\/fmp-components.com\/wp-content\/uploads\/2025\/03\/Spacer-Couplings-3-480x443.webp 480w\" sizes=\"(min-width: 0px) and (max-width: 480px) 480px, (min-width: 481px) 915px, 100vw\" \/><\/p>\n<div class=\"dad65929\">\n<div class=\"f9bf7997 d7dc56a8 c05b5566\">\n<div class=\"ds-markdown ds-markdown--block\">\n<h3>Starplikas savienojums pret elast\u012bgo savienojumu<\/h3>\n<ol start=\"1\">\n<li><strong>Prim\u0101r\u0101 funkcija<\/strong>:\n<ul>\n<li><strong>Starplikas savienojums<\/strong>Paredz\u0113ts, lai uztur\u0113tu noteiktu att\u0101lumu starp div\u0101m savienot\u0101m v\u0101rpst\u0101m. Parasti izmanto, ja iek\u0101rtas (piem\u0113ram, s\u016bk\u0146us, motorus) nevar novietot tuvu viena otrai. Starplika darbojas k\u0101 stingra vai regul\u0113jama sast\u0101vda\u013ca, lai aizpild\u012btu atstarpi.<\/li>\n<li><strong>Elast\u012bga sakabe<\/strong>Koncentr\u0113jas uz nob\u012bdes (le\u0146\u0137isk\u0101s, paral\u0113l\u0101s vai aksi\u0101l\u0101s) piel\u0101go\u0161anu un vibr\u0101ciju\/trieciena slod\u017eu absorb\u0113\u0161anu. Tas \u013cauj p\u0101rvietoties starp v\u0101rpst\u0101m, neradot p\u0101rm\u0113r\u012bgu slodzi pievienotaj\u0101m ma\u0161\u012bn\u0101m.<\/li>\n<\/ul>\n<\/li>\n<li><strong>Dizains un elast\u012bba<\/strong>:\n<ul>\n<li><strong>Starplikas savienojums<\/strong>:\n<ul>\n<li>Var b\u016bt\u00a0<strong>stingrs<\/strong>\u00a0(prec\u012bzai izl\u012bdzin\u0101\u0161anai fiks\u0113t\u0101s iestat\u012bjumos) vai\u00a0<strong>elast\u012bgs<\/strong>\u00a0(apvienojot atstarpi ar nob\u012bdes pielaidi).<\/li>\n<li>Piem\u0113ri ir stingras starplikas uzmavas vai elast\u012bgas starplikas konstrukcijas ar elastom\u0113ra elementiem.<\/li>\n<\/ul>\n<\/li>\n<li><strong>Elast\u012bga sakabe<\/strong>:\n<ul>\n<li>Priorit\u0101te tiek pie\u0161\u0137irta elast\u012bbai, izmantojot t\u0101dus materi\u0101lus k\u0101 elastom\u0113rus (piem\u0113ram, gumiju \u017eok\u013cu savienojumos) vai meh\u0101niskus elementus (piem\u0113ram, met\u0101la atsperes disku savienojumos).<\/li>\n<li>Veidi ietver \u017eok\u013ca, zobrata, diska un elastom\u0113ra savienojumus.<\/li>\n<\/ul>\n<\/li>\n<\/ul>\n<\/li>\n<li><strong>Pieteikumi<\/strong>:\n<ul>\n<li><strong>Starplikas savienojums<\/strong>:\n<ul>\n<li>Izmanto situ\u0101cij\u0101s, kur\u0101s nepiecie\u0161ams fiks\u0113ts v\u0101rpstas atdal\u012bjums, piem\u0113ram, liel\u0101s r\u016bpniec\u012bbas ma\u0161\u012bn\u0101s, ku\u0123u dzin\u0113jsist\u0113m\u0101s vai konveijera lent\u0113s.<\/li>\n<\/ul>\n<\/li>\n<li><strong>Elast\u012bga sakabe<\/strong>:\n<ul>\n<li>Pielieto sist\u0113m\u0101s ar paredzamu termisko izple\u0161anos, vibr\u0101ciju vai nepareizu izl\u012bdzin\u0101\u0161anu, piem\u0113ram, automobi\u013cu piedzi\u0146as sist\u0113m\u0101s, HVAC sist\u0113m\u0101s vai turb\u012bn\u0101s.<\/li>\n<\/ul>\n<\/li>\n<\/ul>\n<\/li>\n<li><strong>Uzst\u0101d\u012b\u0161ana un apkope<\/strong>:\n<ul>\n<li><strong>Starplikas savienojums<\/strong>:\n<ul>\n<li>Bie\u017ei vien uzst\u0101d\u012b\u0161anas laik\u0101 ir nepiecie\u0161ama prec\u012bza izl\u012bdzin\u0101\u0161ana, \u012bpa\u0161i stingrajiem tipiem. Apkope var ietvert starplikas integrit\u0101tes p\u0101rbaudi.<\/li>\n<\/ul>\n<\/li>\n<li><strong>Elast\u012bga sakabe<\/strong>:\n<ul>\n<li>Pie\u013cauj nelielas nob\u012bdes, atvieglojot uzst\u0101d\u012b\u0161anu. Apkope koncentr\u0113jas uz elast\u012bgo elementu nodilumu (piem\u0113ram, gumijas ielikt\u0146u nomai\u0146u).<\/li>\n<\/ul>\n<\/li>\n<\/ul>\n<\/li>\n<li><strong>B\u016btiski apsv\u0113rumi<\/strong>:\n<ul>\n<li><strong>Starplikas savienojums<\/strong>Parasti met\u0101lisks (t\u0113rauds, alum\u012bnijs), lai nodro\u0161in\u0101tu iztur\u012bbu un att\u0101luma saglab\u0101\u0161anu. Elast\u012bgie varianti var ietvert elastom\u0113rus.<\/li>\n<li><strong>Elast\u012bga sakabe<\/strong>Apvieno met\u0101lus ar elast\u012bgiem materi\u0101liem (gumiju, uret\u0101nu) vai izmanto elast\u012bgus met\u0101la komponentus (piem\u0113ram, ner\u016bs\u0113jo\u0161\u0101 t\u0113rauda diskus).<\/li>\n<\/ul>\n<\/li>\n<\/ol>\n<p>Da\u017eas sakabes apvieno abas funkcijas (piem\u0113ram, elast\u012bgas starplikas sakabes), pied\u0101v\u0101jot gan atstarpes, gan nob\u012bdes piel\u0101go\u0161anu. Tom\u0113r galven\u0101 at\u0161\u0137ir\u012bba joproj\u0101m ir to galvenais m\u0113r\u0137is: atstarpe pret elast\u012bbu. Izv\u0113lieties starplikas sakabi, ja att\u0101lums ir kritisks, un elast\u012bgu sakabi, ja galven\u0101 probl\u0113ma ir kust\u012bba vai nob\u012bde.<\/p>\n<\/div>\n<\/div>\n<\/div>","protected":false},"excerpt":{"rendered":"<p>Spacer Coupling vs. Flexible Coupling Primary Function: Spacer Coupling: Designed to maintain a specific distance between two connected shafts. Commonly used when equipment (e.g., pumps, motors) cannot be positioned close together. The spacer acts as a rigid or adjustable component to bridge the gap. Flexible Coupling: Focuses on accommodating misalignment (angular, parallel, or axial) and [&hellip;]<\/p>","protected":false},"featured_media":6419,"comment_status":"open","ping_status":"closed","template":"","meta":{"_et_pb_use_builder":"","_et_pb_old_content":"","_et_gb_content_width":""},"product_brand":[],"product_cat":[101],"product_tag":[],"class_list":{"0":"post-6416","1":"product","2":"type-product","3":"status-publish","4":"has-post-thumbnail","6":"product_cat-coupling","8":"first","9":"instock","10":"shipping-taxable","11":"product-type-simple"},"_links":{"self":[{"href":"https:\/\/fmp-components.com\/lv\/wp-json\/wp\/v2\/product\/6416","targetHints":{"allow":["GET"]}}],"collection":[{"href":"https:\/\/fmp-components.com\/lv\/wp-json\/wp\/v2\/product"}],"about":[{"href":"https:\/\/fmp-components.com\/lv\/wp-json\/wp\/v2\/types\/product"}],"replies":[{"embeddable":true,"href":"https:\/\/fmp-components.com\/lv\/wp-json\/wp\/v2\/comments?post=6416"}],"wp:featuredmedia":[{"embeddable":true,"href":"https:\/\/fmp-components.com\/lv\/wp-json\/wp\/v2\/media\/6419"}],"wp:attachment":[{"href":"https:\/\/fmp-components.com\/lv\/wp-json\/wp\/v2\/media?parent=6416"}],"wp:term":[{"taxonomy":"product_brand","embeddable":true,"href":"https:\/\/fmp-components.com\/lv\/wp-json\/wp\/v2\/product_brand?post=6416"},{"taxonomy":"product_cat","embeddable":true,"href":"https:\/\/fmp-components.com\/lv\/wp-json\/wp\/v2\/product_cat?post=6416"},{"taxonomy":"product_tag","embeddable":true,"href":"https:\/\/fmp-components.com\/lv\/wp-json\/wp\/v2\/product_tag?post=6416"}],"curies":[{"name":"wp","href":"https:\/\/api.w.org\/{rel}","templated":true}]}}