{"id":6409,"date":"2025-03-10T05:58:14","date_gmt":"2025-03-10T05:58:14","guid":{"rendered":"https:\/\/fmp-components.com\/?post_type=product&#038;p=6409"},"modified":"2025-03-10T05:58:16","modified_gmt":"2025-03-10T05:58:16","slug":"rigid-couplings","status":"publish","type":"product","link":"https:\/\/fmp-components.com\/lv\/product\/rigid-couplings\/","title":{"rendered":"Stingri savienojumi"},"content":{"rendered":"<h2>Stingro savienojumu specifik\u0101cijas<\/h2>\n<p><img loading=\"lazy\" decoding=\"async\" class=\"alignnone size-full wp-image-6411\" src=\"https:\/\/fmp-components.com\/wp-content\/uploads\/2025\/03\/rigid-coupling-1.webp\" alt=\"stingra sakabe\" width=\"879\" height=\"698\" title=\"\" srcset=\"https:\/\/fmp-components.com\/wp-content\/uploads\/2025\/03\/rigid-coupling-1.webp 879w, https:\/\/fmp-components.com\/wp-content\/uploads\/2025\/03\/rigid-coupling-1-480x381.webp 480w\" sizes=\"(min-width: 0px) and (max-width: 480px) 480px, (min-width: 481px) 879px, 100vw\" \/><\/p>\n<h2>Stingro savienojumu funkcijas<\/h2>\n<ul>\n<li>Viegls, \u012bpa\u0161i zema inerce un augsta jut\u012bba<\/li>\n<li>Bez apkopes, lieliska iztur\u012bba pret e\u013c\u013cu un koroziju<\/li>\n<li>Alum\u012bnija sakaus\u0113juma un ner\u016bs\u0113jo\u0161\u0101 t\u0113rauda materi\u0101li<\/li>\n<li>Nor\u0101diet stiprin\u0101juma skr\u016bves veidu, klip\u0161a veidu un atdal\u012b\u0161anas veidu<\/li>\n<li>Noliktav\u0101 pieejami ar\u012b mode\u013ci ar da\u017e\u0101diem caurumu izm\u0113riem abos galos<\/li>\n<\/ul>\n<h2>Stingro savienojumu priek\u0161roc\u012bbas un tr\u016bkumi<\/h2>\n<p><strong>Stingro savienojumu priek\u0161roc\u012bbas<\/strong><br \/>\nStingrie savienojumi tiek pla\u0161i izmantoti l\u0113nas darb\u012bbas, bez triecieniem paredz\u0113tos pielietojumos, kur v\u0101rpst\u0101m ir augsta stingr\u012bba un prec\u012bza izl\u012bdzin\u0101\u0161ana, pateicoties to vienk\u0101r\u0161ajai konstrukcijai, izmaksu efektivit\u0101tei un sp\u0113jai p\u0101rvad\u012bt lielu griezes momentu. Izplat\u012bts piem\u0113rs ir\u00a0<strong>atloka savienojums<\/strong>, kas sast\u0101v no diviem atlokveida diskiem, kas savienoti ar skr\u016bv\u0113m. Katrs disks ir piestiprin\u0101ts pie v\u0101rpstas, izmantojot \u0137\u012b\u013cveida savienojumu, kas nodro\u0161ina griezes momenta un kust\u012bbas p\u0101rnesi starp ab\u0101m v\u0101rpst\u0101m.<\/p>\n<p>Atloku savienojumu galven\u0101s priek\u0161roc\u012bbas ir:<\/p>\n<ol start=\"1\">\n<li><strong>Vienk\u0101r\u0161\u012bba un pieejam\u012bba<\/strong>Viegli izgatavojams, uzst\u0101d\u0101ms un kopjams, ar zem\u0101m ra\u017eo\u0161anas izmaks\u0101m.<\/li>\n<li><strong>Augsta griezes momenta jauda<\/strong>Sp\u0113j dro\u0161i p\u0101rvad\u012bt iev\u0113rojamu griezes momentu.<\/li>\n<li><strong>Prec\u012bza izl\u012bdzin\u0101\u0161ana<\/strong>Nodro\u0161ina prec\u012bzu v\u0101rpstas izl\u012bdzin\u0101\u0161anu, padarot tos ide\u0101li piem\u0113rotus \u0101trgaitas lietojumprogramm\u0101m vai sist\u0113m\u0101m, kur\u0101m nepiecie\u0161ama stingra p\u0101rraides precizit\u0101te.<\/li>\n<li><strong>Iztur\u012bba<\/strong>Iztur\u012bga konstrukcija samazina nodilumu stabilas slodzes apst\u0101k\u013cos.<\/li>\n<\/ol>\n<p>Tom\u0113r stingrajiem savienojumiem tr\u016bkst radi\u0101l\u0101s, aksi\u0101l\u0101s vai le\u0146\u0137isk\u0101s kompens\u0101cijas. Ja v\u0101rpstas izl\u012bdzin\u0101jums darb\u012bbas laik\u0101 ir nepiln\u012bgs, tas var izrais\u012bt samazin\u0101tu efektivit\u0101ti, pa\u0101trin\u0101tu nodilumu, palielin\u0101tu vibr\u0101ciju un troksni. Lai apmierin\u0101tu griezes momenta pras\u012bbas, atloku savienojumiem visiem vai pusei savienojumu var izmantot skr\u016bves ar izurbtiem caurumiem, bet p\u0101r\u0113j\u0101s skr\u016bves ir standarta.<\/p>\n<p><strong>Stingro savienojumu tr\u016bkumi<\/strong><br \/>\nStingru savienojumu, piem\u0113ram, atloku savienojumu, galvenais tr\u016bkums ir to\u00a0<strong>stingras pras\u012bbas prec\u012bzai v\u0101rpstas izl\u012bdzin\u0101\u0161anai<\/strong>Jebkura relat\u012bva nob\u012bde starp v\u0101rpst\u0101m rada papildu slodzi savienotaj\u0101m sast\u0101vda\u013c\u0101m, pasliktinot ekspluat\u0101cijas apst\u0101k\u013cus. \u0160is ierobe\u017eojums padara t\u0101s nepiem\u0113rotas sist\u0113m\u0101m ar potenci\u0101lu nob\u012bdi, dinamisk\u0101m slodz\u0113m vai triecienu absorbcijas vajadz\u012bb\u0101m.<\/p>\n<p>Rezum\u0113jot, lai gan stingrie savienojumi izce\u013cas ar vienk\u0101r\u0161\u012bbu un griezes momenta p\u0101rnesi labi izl\u012bdzin\u0101t\u0101m v\u0101rpst\u0101m, to nesp\u0113ja kompens\u0113t nob\u012bdi ierobe\u017eo to izmanto\u0161anu dinamisk\u0101k\u0101s vai elast\u012bg\u0101k\u0101s sist\u0113m\u0101s.<\/p>\n<p>&nbsp;<\/p>","protected":false},"excerpt":{"rendered":"<p>Specifications of Rigid Couplings Rigid Couplings Features Lightweight, ultra-low inertia, and high sensitivity Maintenance-free, super oil and corrosion resistance Aluminum alloy and stainless steel materials Provide fastening bolt type, clip type and separation type Models with different hole sizes at both ends are also available in stock Advantages and Disadvantages of Rigid Couplings Advantages of [&hellip;]<\/p>","protected":false},"featured_media":6410,"comment_status":"open","ping_status":"closed","template":"","meta":{"_et_pb_use_builder":"","_et_pb_old_content":"","_et_gb_content_width":""},"product_brand":[],"product_cat":[101],"product_tag":[],"class_list":{"0":"post-6409","1":"product","2":"type-product","3":"status-publish","4":"has-post-thumbnail","6":"product_cat-coupling","8":"first","9":"instock","10":"shipping-taxable","11":"product-type-simple"},"_links":{"self":[{"href":"https:\/\/fmp-components.com\/lv\/wp-json\/wp\/v2\/product\/6409","targetHints":{"allow":["GET"]}}],"collection":[{"href":"https:\/\/fmp-components.com\/lv\/wp-json\/wp\/v2\/product"}],"about":[{"href":"https:\/\/fmp-components.com\/lv\/wp-json\/wp\/v2\/types\/product"}],"replies":[{"embeddable":true,"href":"https:\/\/fmp-components.com\/lv\/wp-json\/wp\/v2\/comments?post=6409"}],"wp:featuredmedia":[{"embeddable":true,"href":"https:\/\/fmp-components.com\/lv\/wp-json\/wp\/v2\/media\/6410"}],"wp:attachment":[{"href":"https:\/\/fmp-components.com\/lv\/wp-json\/wp\/v2\/media?parent=6409"}],"wp:term":[{"taxonomy":"product_brand","embeddable":true,"href":"https:\/\/fmp-components.com\/lv\/wp-json\/wp\/v2\/product_brand?post=6409"},{"taxonomy":"product_cat","embeddable":true,"href":"https:\/\/fmp-components.com\/lv\/wp-json\/wp\/v2\/product_cat?post=6409"},{"taxonomy":"product_tag","embeddable":true,"href":"https:\/\/fmp-components.com\/lv\/wp-json\/wp\/v2\/product_tag?post=6409"}],"curies":[{"name":"wp","href":"https:\/\/api.w.org\/{rel}","templated":true}]}}