{"id":6408,"date":"2025-03-10T05:49:58","date_gmt":"2025-03-10T05:49:58","guid":{"rendered":"https:\/\/fmp-components.com\/?post_type=product&#038;p=6408"},"modified":"2025-03-10T05:49:59","modified_gmt":"2025-03-10T05:49:59","slug":"flexible-couplings","status":"publish","type":"product","link":"https:\/\/fmp-components.com\/lv\/product\/flexible-couplings\/","title":{"rendered":"Elast\u012bgi savienojumi"},"content":{"rendered":"<p>Elast\u012bga saj\u016bga ier\u012bce ir meh\u0101niska ier\u012bce, kas paredz\u0113ta divu rot\u0113jo\u0161u v\u0101rpstu savieno\u0161anai, vienlaikus piel\u0101gojot nepareizu izl\u012bdzin\u0101\u0161anu, absorb\u0113jot triecienus\/vibr\u0101cijas un p\u0101rnesot griezes momentu starp t\u0101m. To pla\u0161i izmanto ma\u0161\u012bn\u0101s, kur perfekta v\u0101rpstas izl\u012bdzin\u0101\u0161ana nav iesp\u0113jama vai kur ir j\u0101mazina dinamiskie sp\u0113ki (piem\u0113ram, termisk\u0101 izple\u0161an\u0101s, vibr\u0101cija). Zem\u0101k ir sniegts detaliz\u0113ts ievads par elast\u012bgaj\u0101m saj\u016bga ier\u012bc\u0113m:<\/p>\n<h3>Galven\u0101s iez\u012bmes<\/h3>\n<ol start=\"1\">\n<li><strong>Novirzes kompens\u0101cija<\/strong>:\n<ul>\n<li><strong>Le\u0146\u0137isk\u0101, paral\u0113l\u0101 un aksi\u0101l\u0101 nob\u012bde<\/strong>Elast\u012bgie savienojumi pie\u013cauj nelielu le\u0146\u0137isko, paral\u0113lo (nob\u012bdi) vai aksi\u0101lo nob\u012bdi starp v\u0101rpst\u0101m.<\/li>\n<li><strong>Elast\u012bbas veidi<\/strong>Pan\u0101kts, izmantojot elastom\u0113ru elementus, met\u0101la elast\u012bgus komponentus (piem\u0113ram, silfonus, sijas) vai meh\u0101niskus savienojumus (piem\u0113ram, univers\u0101los savienojumus).<\/li>\n<\/ul>\n<\/li>\n<li><strong>Vibr\u0101ciju un triecienu sl\u0101p\u0113\u0161ana<\/strong>:\n<ul>\n<li>Samazina vibr\u0101ciju p\u0101rne\u0161anu no motoriem, dzin\u0113jiem vai nevienm\u0113r\u012bg\u0101m slodz\u0113m uz pievienoto apr\u012bkojumu.<\/li>\n<li>Elastom\u0113ru (gumijas\/poliuret\u0101na) savienojumi lieliski sl\u0101p\u0113 augstfrekvences vibr\u0101cijas.<\/li>\n<\/ul>\n<\/li>\n<li><strong>Griezes momenta p\u0101rraide<\/strong>:\n<ul>\n<li>Efekt\u012bvi p\u0101rnes rot\u0101cijas jaudu, vienlaikus aizsarg\u0101jot iek\u0101rtas no p\u0101rslodz\u0113m (da\u017e\u0101s konstrukcij\u0101s ir iek\u013cautas griezes momenta ierobe\u017eo\u0161anas funkcijas).<\/li>\n<\/ul>\n<\/li>\n<li><strong>Elektrisk\u0101 izol\u0101cija<\/strong>:\n<ul>\n<li>Da\u017ei savienojumi (piem\u0113ram, nemet\u0101liski elastom\u0113ru veidi) nov\u0113r\u0161 galvanisko koroziju, elektriski izol\u0113jot at\u0161\u0137ir\u012bgus met\u0101lus.<\/li>\n<\/ul>\n<\/li>\n<li><strong>Bezapkopes vai ar mazu apkopes nepiecie\u0161am\u012bbu<\/strong>:\n<ul>\n<li>Daudziem m\u016bsdienu elast\u012bgajiem savienojumiem nav nepiecie\u0161ama e\u013c\u013co\u0161ana, un tiem ir ilgs kalpo\u0161anas laiks.<\/li>\n<\/ul>\n<\/li>\n<\/ol>\n<p><img loading=\"lazy\" decoding=\"async\" class=\"alignnone size-full wp-image-6398\" src=\"https:\/\/fmp-components.com\/wp-content\/uploads\/2025\/03\/flexible-coupling-1.webp\" alt=\"Elast\u012bga sakabe\" width=\"911\" height=\"349\" title=\"\" srcset=\"https:\/\/fmp-components.com\/wp-content\/uploads\/2025\/03\/flexible-coupling-1.webp 911w, https:\/\/fmp-components.com\/wp-content\/uploads\/2025\/03\/flexible-coupling-1-480x184.webp 480w\" sizes=\"(min-width: 0px) and (max-width: 480px) 480px, (min-width: 481px) 911px, 100vw\" \/><\/p>\n<p><img loading=\"lazy\" decoding=\"async\" class=\"wp-image-6399 aligncenter\" src=\"https:\/\/fmp-components.com\/wp-content\/uploads\/2025\/03\/flexible-coupling-2.webp\" alt=\"elast\u012bga sakabe\" width=\"872\" height=\"938\" title=\"\" srcset=\"https:\/\/fmp-components.com\/wp-content\/uploads\/2025\/03\/flexible-coupling-2.webp 872w, https:\/\/fmp-components.com\/wp-content\/uploads\/2025\/03\/flexible-coupling-2-480x516.webp 480w\" sizes=\"(min-width: 0px) and (max-width: 480px) 480px, (min-width: 481px) 872px, 100vw\" \/><\/p>","protected":false},"excerpt":{"rendered":"<p>A\u00a0flexible coupling\u00a0is a mechanical device designed to connect two rotating shafts while accommodating misalignment, absorbing shocks\/vibrations, and transmitting torque between them. It is widely used in machinery where perfect shaft alignment is impractical or where dynamic forces (e.g., thermal expansion, vibration) must be mitigated. Below is a detailed introduction to flexible couplings: Key Features Misalignment [&hellip;]<\/p>","protected":false},"featured_media":6400,"comment_status":"open","ping_status":"closed","template":"","meta":{"_et_pb_use_builder":"","_et_pb_old_content":"","_et_gb_content_width":""},"product_brand":[],"product_cat":[101],"product_tag":[],"class_list":{"0":"post-6408","1":"product","2":"type-product","3":"status-publish","4":"has-post-thumbnail","6":"product_cat-coupling","8":"first","9":"instock","10":"shipping-taxable","11":"product-type-simple"},"_links":{"self":[{"href":"https:\/\/fmp-components.com\/lv\/wp-json\/wp\/v2\/product\/6408","targetHints":{"allow":["GET"]}}],"collection":[{"href":"https:\/\/fmp-components.com\/lv\/wp-json\/wp\/v2\/product"}],"about":[{"href":"https:\/\/fmp-components.com\/lv\/wp-json\/wp\/v2\/types\/product"}],"replies":[{"embeddable":true,"href":"https:\/\/fmp-components.com\/lv\/wp-json\/wp\/v2\/comments?post=6408"}],"wp:featuredmedia":[{"embeddable":true,"href":"https:\/\/fmp-components.com\/lv\/wp-json\/wp\/v2\/media\/6400"}],"wp:attachment":[{"href":"https:\/\/fmp-components.com\/lv\/wp-json\/wp\/v2\/media?parent=6408"}],"wp:term":[{"taxonomy":"product_brand","embeddable":true,"href":"https:\/\/fmp-components.com\/lv\/wp-json\/wp\/v2\/product_brand?post=6408"},{"taxonomy":"product_cat","embeddable":true,"href":"https:\/\/fmp-components.com\/lv\/wp-json\/wp\/v2\/product_cat?post=6408"},{"taxonomy":"product_tag","embeddable":true,"href":"https:\/\/fmp-components.com\/lv\/wp-json\/wp\/v2\/product_tag?post=6408"}],"curies":[{"name":"wp","href":"https:\/\/api.w.org\/{rel}","templated":true}]}}