{"id":6394,"date":"2025-03-10T05:33:12","date_gmt":"2025-03-10T05:33:12","guid":{"rendered":"https:\/\/fmp-components.com\/?post_type=product&#038;p=6394"},"modified":"2025-03-10T05:57:43","modified_gmt":"2025-03-10T05:57:43","slug":"pin-couplings","status":"publish","type":"product","link":"https:\/\/fmp-components.com\/lv\/product\/pin-couplings\/","title":{"rendered":"PIN savienojumi"},"content":{"rendered":"<p>Bukses tapas savienojum\u0101 starp elast\u012bgajiem elementiem ir starpgredzens. \u0160is gredzens ir peldo\u0161s un savienots ar gala disku, kas izl\u012bdzin\u0101ts ar tapu. Savienojums tiek p\u0101rnests uz otru savienojuma pusi caur elast\u012bgo elementu, kas piestiprin\u0101ts pie tapas, savuk\u0101rt tapa un savienojuma puse ir savienotas br\u012bvi, kas var vienm\u0113r\u012bgi noslogot un iev\u0113rojami samazin\u0101t s\u0101nu sp\u0113kus.<\/p>\n<p>\u0160\u012bs sakabes priek\u0161roc\u012bba ir t\u0101, ka t\u0101 var viegli sadarboties ar nedaudz nepareizi izl\u012bdzin\u0101t\u0101m v\u0101rpst\u0101m un nodro\u0161ina zin\u0101mu elast\u012bbu, lai pal\u012bdz\u0113tu absorb\u0113t vibr\u0101cijas un triecienus. \u0160\u012b sakabe ir \u012bpa\u0161i piem\u0113rota situ\u0101cij\u0101m, kad ir aksi\u0101la, radi\u0101la vai le\u0146\u0137iska nob\u012bde, un t\u0101 ir elast\u012bga sakabes ier\u012bce.<\/p>\n<h2>Tapu savienojumu izm\u0113ri<\/h2>\n<p><img loading=\"lazy\" decoding=\"async\" class=\"alignnone size-full wp-image-6401\" src=\"https:\/\/fmp-components.com\/wp-content\/uploads\/2025\/03\/pin-coupling-specification.webp\" alt=\"tapu savienojuma specifik\u0101cija\" width=\"873\" height=\"687\" title=\"\" srcset=\"https:\/\/fmp-components.com\/wp-content\/uploads\/2025\/03\/pin-coupling-specification.webp 873w, https:\/\/fmp-components.com\/wp-content\/uploads\/2025\/03\/pin-coupling-specification-480x378.webp 480w\" sizes=\"(min-width: 0px) and (max-width: 480px) 480px, (min-width: 481px) 873px, 100vw\" \/><\/p>\n<h3>Tapu savienojumu \u012bpa\u0161\u012bbas<\/h3>\n<p>1. Izmaksu zi\u0146\u0101 efekt\u012bvs un lietot\u0101jam draudz\u012bgs dizains<\/p>\n<ul>\n<li>Zemas izmaksas: ekonomisks risin\u0101jums griezes momenta p\u0101rvadei starp v\u0101rpst\u0101m.<\/li>\n<li>Vienk\u0101r\u0161a mont\u0101\u017ea: Optimiz\u0113ts uzst\u0101d\u012b\u0161anas process samazina d\u012bkst\u0101ves laiku.<\/li>\n<li>Materi\u0101la daudzpus\u012bba: Parasti izgatavots no met\u0101la vai gumijas, un ir pieejami specializ\u0113ti varianti, lai uzlabotu savienojuma iztur\u012bbu.<\/li>\n<\/ul>\n<p>2. Meh\u0101nisk\u0101s priek\u0161roc\u012bbas<\/p>\n<ul>\n<li>Novirzes pielaide: Sp\u0113j piel\u0101goties le\u0146\u0137iskajai, paral\u0113lajai un aksi\u0101lajai v\u0101rpstas novirzei, samazinot pievienot\u0101s iek\u0101rtas slodzi.<\/li>\n<li>Sp\u0113ka pretest\u012bba: Izmanto berzi uz saskares virsm\u0101m, lai atbalst\u012btu lielus sp\u0113kus, efekt\u012bvi sl\u0101p\u0113jot vibr\u0101cijas un pagarinot tehnikas kalpo\u0161anas laiku.<\/li>\n<\/ul>\n<p>3. Tehnisk\u0101 dizaina apsv\u0113rumi<\/p>\n<ul>\n<li>Tr\u012bs kontaktu savienojuma optimiz\u0101cija:\n<ul>\n<li>Berzes p\u0101rvald\u012bba: saskarnes plakne ir paredz\u0113ta liel\u0101kai berzei, savuk\u0101rt tapu malas uztur zemu berzi, lai nov\u0113rstu asimetrisku lieci.<\/li>\n<li>Berzes pl\u0101ksnes ar iedobumiem: papildu funkcija, kas uzlabo berzes \u012bpa\u0161\u012bbas un griezes momenta p\u0101rneses efektivit\u0101ti.<\/li>\n<\/ul>\n<\/li>\n<li>Priek\u0161slodzes precizit\u0101te: Lai nodro\u0161in\u0101tu dro\u0161u tapu un saskarnes kontaktu un optim\u0101lu veiktsp\u0113ju, skr\u016bv\u0113m j\u0101b\u016bt pievilkt\u0101m vismaz ar 10% no gal\u012bg\u0101s slodzes.<\/li>\n<\/ul>\n<p>4. Dro\u0161a un aizsarg\u0101jo\u0161a loma<\/p>\n<ul>\n<li>Darbojas k\u0101 meh\u0101nisks aizsargs, absorb\u0113jot trieciena slodzes un nov\u0113r\u0161ot kritiski svar\u012bgu komponentu boj\u0101jumus p\u0101rslodzes apst\u0101k\u013cos.<\/li>\n<\/ul>\n<p>5. Piel\u0101go\u0161ana un piel\u0101gojam\u012bba<\/p>\n<ul>\n<li>Specializ\u0113tas konfigur\u0101cijas: pieejamas piel\u0101gotos dizainos, lai apmierin\u0101tu \u012bpa\u0161as ekspluat\u0101cijas pras\u012bbas, piem\u0113ram, vid\u0113 ar augstu griezes momentu vai kod\u012bg\u0101m vid\u0113m.<\/li>\n<\/ul>\n<p>Tapu savienojumi pied\u0101v\u0101 praktisku vienk\u0101r\u0161\u012bbas, iztur\u012bbas un piel\u0101gojam\u012bbas l\u012bdzsvaru, padarot tos ide\u0101li piem\u0113rotus sist\u0113m\u0101m, kur\u0101m nepiecie\u0161ama izmaksu zi\u0146\u0101 efekt\u012bva griezes momenta p\u0101rraide ar ieb\u016bv\u0113tu nob\u012bdi un vibr\u0101cijas p\u0101rvald\u012bbu.<\/p>","protected":false},"excerpt":{"rendered":"<p>In the bushing pin coupling, there is an intermediate ring between the elastic elements. This ring is floating and connected to the end disc aligned by a pin. The coupling is transmitted to the other half of the coupling via the elastic element mounted on the pin, while the pin and the half of the [&hellip;]<\/p>","protected":false},"featured_media":6396,"comment_status":"open","ping_status":"closed","template":"","meta":{"_et_pb_use_builder":"","_et_pb_old_content":"","_et_gb_content_width":""},"product_brand":[],"product_cat":[101],"product_tag":[],"class_list":{"0":"post-6394","1":"product","2":"type-product","3":"status-publish","4":"has-post-thumbnail","6":"product_cat-coupling","8":"first","9":"instock","10":"shipping-taxable","11":"product-type-simple"},"_links":{"self":[{"href":"https:\/\/fmp-components.com\/lv\/wp-json\/wp\/v2\/product\/6394","targetHints":{"allow":["GET"]}}],"collection":[{"href":"https:\/\/fmp-components.com\/lv\/wp-json\/wp\/v2\/product"}],"about":[{"href":"https:\/\/fmp-components.com\/lv\/wp-json\/wp\/v2\/types\/product"}],"replies":[{"embeddable":true,"href":"https:\/\/fmp-components.com\/lv\/wp-json\/wp\/v2\/comments?post=6394"}],"wp:featuredmedia":[{"embeddable":true,"href":"https:\/\/fmp-components.com\/lv\/wp-json\/wp\/v2\/media\/6396"}],"wp:attachment":[{"href":"https:\/\/fmp-components.com\/lv\/wp-json\/wp\/v2\/media?parent=6394"}],"wp:term":[{"taxonomy":"product_brand","embeddable":true,"href":"https:\/\/fmp-components.com\/lv\/wp-json\/wp\/v2\/product_brand?post=6394"},{"taxonomy":"product_cat","embeddable":true,"href":"https:\/\/fmp-components.com\/lv\/wp-json\/wp\/v2\/product_cat?post=6394"},{"taxonomy":"product_tag","embeddable":true,"href":"https:\/\/fmp-components.com\/lv\/wp-json\/wp\/v2\/product_tag?post=6394"}],"curies":[{"name":"wp","href":"https:\/\/api.w.org\/{rel}","templated":true}]}}