{"id":6385,"date":"2025-03-10T03:41:49","date_gmt":"2025-03-10T03:41:49","guid":{"rendered":"https:\/\/fmp-components.com\/?post_type=product&#038;p=6385"},"modified":"2025-03-10T03:48:37","modified_gmt":"2025-03-10T03:48:37","slug":"hrc-couplings","status":"publish","type":"product","link":"https:\/\/fmp-components.com\/lv\/product\/hrc-couplings\/","title":{"rendered":"HRC savienojumi"},"content":{"rendered":"<h2>HRC savienojuma specifik\u0101cijas<\/h2>\n<p><img loading=\"lazy\" decoding=\"async\" class=\"alignnone size-full wp-image-6387\" src=\"https:\/\/fmp-components.com\/wp-content\/uploads\/2025\/03\/hrc-coupling-1.webp\" alt=\"HRC savienojums\" width=\"897\" height=\"502\" title=\"\" srcset=\"https:\/\/fmp-components.com\/wp-content\/uploads\/2025\/03\/hrc-coupling-1.webp 897w, https:\/\/fmp-components.com\/wp-content\/uploads\/2025\/03\/hrc-coupling-1-480x269.webp 480w\" sizes=\"(min-width: 0px) and (max-width: 480px) 480px, (min-width: 481px) 897px, 100vw\" \/><\/p>\n<h2>HRC savienojumu \u012bpa\u0161\u012bbas<\/h2>\n<ul>\n<li><strong>Pieejams dizains<\/strong>HRC savienojumi ir izgatavoti, lai l\u012bdzsvarotu jaudu un v\u0101rpstas izm\u0113ru, izmantojot Taper-Lock Bush sist\u0113mu, lai tie b\u016btu gan efekt\u012bvi, gan pieejami.<\/li>\n<li><strong>Sp\u0113c\u012bgs un elast\u012bgs<\/strong>Sakabes elast\u012bg\u0101s da\u013cas pal\u012bdz absorb\u0113t p\u0113k\u0161\u0146as lielas slodzes, padarot konstrukciju iztur\u012bgu un uzticamu.<\/li>\n<li><strong>Piel\u0101gojas neatbilst\u012bbai<\/strong>HRC savienojumi var tikt gal\u0101 ar neliel\u0101m novirz\u0113m, piem\u0113ram, v\u0101rpst\u0101m, kas ir nedaudz novirz\u012btas le\u0146\u0137\u012b, poz\u012bcij\u0101 vai izl\u012bdzin\u0101jum\u0101, nodro\u0161inot vienm\u0113r\u012bgu darb\u012bbu.<\/li>\n<li><strong>Viegli uzst\u0101d\u012bt<\/strong>HRC savienojuma uzst\u0101d\u012b\u0161ana ir \u0101tra un vienk\u0101r\u0161a. Jums nepiecie\u0161ama tikai se\u0161st\u016bra atsl\u0113ga \u2014 nav nepiecie\u0161ami \u012bpa\u0161i instrumenti.<\/li>\n<li><strong>Gandr\u012bz nav nepiecie\u0161ama apkope<\/strong>HRC savienojumiem nav nepiecie\u0161ama e\u013c\u013co\u0161ana, kas noz\u012bm\u0113 maz\u0101ku apkopi un maz\u0101k remontu laika gait\u0101.<\/li>\n<li><strong>Darbojas sare\u017e\u0123\u012btos apst\u0101k\u013cos<\/strong>Elast\u012bgais materi\u0101ls savienojum\u0101 labi darbojas pla\u0161\u0101 apst\u0101k\u013cu diapazon\u0101, s\u0101kot no \u013coti aukstuma (-40\u00b0C) l\u012bdz \u013coti karstam (+100\u00b0C).<\/li>\n<li><strong>Dro\u0161s un uzticams<\/strong>Ja elast\u012bg\u0101 da\u013ca k\u0101dreiz sal\u016bzt (kas notiek \u013coti reti), savienojums joproj\u0101m turpin\u0101s darbin\u0101t sist\u0113mu, izmantojot ieb\u016bv\u0113tos atlokus, t\u0101p\u0113c darb\u012bba neapst\u0101sies.<\/li>\n<\/ul>\n<p><img loading=\"lazy\" decoding=\"async\" class=\"wp-image-6386 aligncenter\" src=\"https:\/\/fmp-components.com\/wp-content\/uploads\/2025\/03\/HRC-Coupling.webp\" alt=\"HRC savienojums\" width=\"660\" height=\"660\" title=\"\" srcset=\"https:\/\/fmp-components.com\/wp-content\/uploads\/2025\/03\/HRC-Coupling.webp 660w, https:\/\/fmp-components.com\/wp-content\/uploads\/2025\/03\/HRC-Coupling-480x480.webp 480w\" sizes=\"(min-width: 0px) and (max-width: 480px) 480px, (min-width: 481px) 660px, 100vw\" \/><\/p>","protected":false},"excerpt":{"rendered":"<p>HRC Coupling Specifications Features of HRC Couplings Affordable Design: HRC couplings are made to balance power and shaft size, using a Taper-Lock Bush system to keep them both effective and affordable. Strong and Flexible: The flexible parts of the coupling help absorb sudden heavy loads, making the design strong and reliable. Adjusts to Misalignment: HRC [&hellip;]<\/p>","protected":false},"featured_media":6386,"comment_status":"open","ping_status":"closed","template":"","meta":{"_et_pb_use_builder":"","_et_pb_old_content":"","_et_gb_content_width":""},"product_brand":[],"product_cat":[101],"product_tag":[],"class_list":{"0":"post-6385","1":"product","2":"type-product","3":"status-publish","4":"has-post-thumbnail","6":"product_cat-coupling","8":"first","9":"instock","10":"shipping-taxable","11":"product-type-simple"},"_links":{"self":[{"href":"https:\/\/fmp-components.com\/lv\/wp-json\/wp\/v2\/product\/6385","targetHints":{"allow":["GET"]}}],"collection":[{"href":"https:\/\/fmp-components.com\/lv\/wp-json\/wp\/v2\/product"}],"about":[{"href":"https:\/\/fmp-components.com\/lv\/wp-json\/wp\/v2\/types\/product"}],"replies":[{"embeddable":true,"href":"https:\/\/fmp-components.com\/lv\/wp-json\/wp\/v2\/comments?post=6385"}],"wp:featuredmedia":[{"embeddable":true,"href":"https:\/\/fmp-components.com\/lv\/wp-json\/wp\/v2\/media\/6386"}],"wp:attachment":[{"href":"https:\/\/fmp-components.com\/lv\/wp-json\/wp\/v2\/media?parent=6385"}],"wp:term":[{"taxonomy":"product_brand","embeddable":true,"href":"https:\/\/fmp-components.com\/lv\/wp-json\/wp\/v2\/product_brand?post=6385"},{"taxonomy":"product_cat","embeddable":true,"href":"https:\/\/fmp-components.com\/lv\/wp-json\/wp\/v2\/product_cat?post=6385"},{"taxonomy":"product_tag","embeddable":true,"href":"https:\/\/fmp-components.com\/lv\/wp-json\/wp\/v2\/product_tag?post=6385"}],"curies":[{"name":"wp","href":"https:\/\/api.w.org\/{rel}","templated":true}]}}