{"id":6379,"date":"2025-03-10T03:30:21","date_gmt":"2025-03-10T03:30:21","guid":{"rendered":"https:\/\/fmp-components.com\/?post_type=product&#038;p=6379"},"modified":"2025-03-10T03:37:25","modified_gmt":"2025-03-10T03:37:25","slug":"chain-couplings","status":"publish","type":"product","link":"https:\/\/fmp-components.com\/lv\/product\/chain-couplings\/","title":{"rendered":"\u0136\u0113des savienojumi"},"content":{"rendered":"<p>\u0136\u0113des savienojums sast\u0101v no dubultas rull\u012b\u0161u \u0137\u0113des un diviem savienojuma zobratiem. \u0136\u0113des savienojums tiek izmantots savienojuma savieno\u0161anai vai atvieno\u0161anai, padarot to vienk\u0101r\u0161u un \u0113rti lietojamu. \u0136\u0113des savienojumi ir mazi, bet \u013coti iztur\u012bgi, un tie ir izgatavoti ilgam kalpo\u0161anas laikam. Tie ir dro\u0161i un darbojas efekt\u012bvi, un to funkcijas atvieglo uzst\u0101d\u012b\u0161anu un izl\u012bdzin\u0101\u0161anu, ietaupot laiku un p\u016bles iestat\u012b\u0161anas vai remonta laik\u0101.<\/p>\n<p>Pateicoties to iztur\u012bgajai konstrukcijai un elast\u012bbai, \u0137\u0113des savienojumus var izmantot da\u017e\u0101dos veidos, piem\u0113ram, ma\u0161\u012bn\u0101s, konveijera lent\u0113s un cit\u0101s meh\u0101nisk\u0101s iek\u0101rt\u0101s. Tie lieliski p\u0101rnes griezes momentu (pagrie\u0161anas sp\u0113ku), vienlaikus nov\u0113r\u0161ot nelielas nob\u012bdes, padarot tos par uzticamu un noder\u012bgu izv\u0113li daudziem darbiem.<\/p>\n<h2>\u0136\u0113des savienojumu parametri<\/h2>\n<p><img loading=\"lazy\" decoding=\"async\" class=\"size-full wp-image-6383 aligncenter\" src=\"https:\/\/fmp-components.com\/wp-content\/uploads\/2025\/03\/chain-couplings.webp\" alt=\"\u0137\u0113des savienojums\" width=\"330\" height=\"327\" title=\"\" srcset=\"https:\/\/fmp-components.com\/wp-content\/uploads\/2025\/03\/chain-couplings.webp 330w, https:\/\/fmp-components.com\/wp-content\/uploads\/2025\/03\/chain-couplings-300x297.webp 300w, https:\/\/fmp-components.com\/wp-content\/uploads\/2025\/03\/chain-couplings-150x150.webp 150w, https:\/\/fmp-components.com\/wp-content\/uploads\/2025\/03\/chain-couplings-12x12.webp 12w, https:\/\/fmp-components.com\/wp-content\/uploads\/2025\/03\/chain-couplings-100x100.webp 100w\" sizes=\"(max-width: 330px) 100vw, 330px\" \/><\/p>\n<table style=\"width: 103.224%; height: 723px;\" border=\"1\">\n<tbody>\n<tr>\n<td rowspan=\"4\" width=\"86\"><strong>\u0136\u0113des savienojuma Nr.<\/strong><\/td>\n<td rowspan=\"4\" width=\"58\"><strong>\u0136\u0113des Nr.<\/strong><\/td>\n<td colspan=\"2\" width=\"68\"><strong>Urbuma diametrs<\/strong><\/td>\n<td colspan=\"6\" width=\"204\"><strong>Izm\u0113rs<\/strong><\/td>\n<td width=\"60\"><strong>Inerce<\/strong><\/td>\n<td width=\"48\"><strong>Aptuvenais svars<\/strong><\/td>\n<td colspan=\"3\" width=\"157\"><strong>Korpuss<\/strong><\/td>\n<\/tr>\n<tr>\n<td rowspan=\"2\" width=\"34\"><strong>Min<\/strong><\/td>\n<td rowspan=\"2\" width=\"34\"><strong>Makss<\/strong><\/td>\n<td rowspan=\"2\" width=\"34\"><strong>L<\/strong><\/td>\n<td rowspan=\"2\" width=\"34\"><strong>Es<\/strong><\/td>\n<td rowspan=\"2\" width=\"34\"><strong>S<\/strong><\/td>\n<td rowspan=\"2\" width=\"34\"><strong>d<sub>1<\/sub><\/strong><\/td>\n<td rowspan=\"2\" width=\"34\"><strong>d<sub>2<\/sub><\/strong><\/td>\n<td rowspan=\"2\" width=\"34\"><strong>C<\/strong><\/td>\n<td rowspan=\"2\" width=\"60\"><strong>\u00d710<sup>-3<\/sup><\/strong><\/td>\n<td rowspan=\"2\" width=\"48\"><\/td>\n<td colspan=\"2\" width=\"79\"><strong>Izm\u0113rs<\/strong><\/td>\n<td rowspan=\"2\" width=\"78\"><strong>Aptuvenais svars<\/strong><\/td>\n<\/tr>\n<tr>\n<td width=\"39\"><strong>A<\/strong><\/td>\n<td width=\"40\"><strong>B<\/strong><\/td>\n<\/tr>\n<tr>\n<td width=\"34\"><strong>mm<\/strong><\/td>\n<td width=\"34\"><strong>mm<\/strong><\/td>\n<td width=\"34\"><strong>mm<\/strong><\/td>\n<td width=\"34\"><strong>mm<\/strong><\/td>\n<td width=\"34\"><strong>mm<\/strong><\/td>\n<td width=\"34\"><strong>mm<\/strong><\/td>\n<td width=\"34\"><strong>mm<\/strong><\/td>\n<td width=\"34\"><strong>mm<\/strong><\/td>\n<td width=\"60\"><strong>kgf\u00b7m\u00b2<\/strong><\/td>\n<td width=\"48\"><strong>kg<\/strong><\/td>\n<td width=\"39\"><strong>mm<\/strong><\/td>\n<td width=\"40\"><strong>mm<\/strong><\/td>\n<td width=\"78\"><strong>kg<\/strong><\/td>\n<\/tr>\n<tr>\n<td width=\"86\">3012<\/td>\n<td width=\"58\">06B-2X12<\/td>\n<td width=\"34\">12<\/td>\n<td width=\"34\">16<\/td>\n<td width=\"34\">64.8<\/td>\n<td width=\"34\">29.8<\/td>\n<td width=\"34\">5.2<\/td>\n<td width=\"34\">25<\/td>\n<td width=\"34\">45<\/td>\n<td width=\"34\">10.2<\/td>\n<td width=\"60\">0.233<\/td>\n<td width=\"48\">0.4<\/td>\n<td width=\"39\">69<\/td>\n<td width=\"40\">63<\/td>\n<td width=\"78\">0.3<\/td>\n<\/tr>\n<tr>\n<td width=\"86\">4012<\/td>\n<td width=\"58\">40-2X12<\/td>\n<td width=\"34\">12<\/td>\n<td width=\"34\">22<\/td>\n<td width=\"34\">79.4<\/td>\n<td width=\"34\">36.0<\/td>\n<td width=\"34\">7.4<\/td>\n<td width=\"34\">35<\/td>\n<td width=\"34\">61<\/td>\n<td width=\"34\">14.4<\/td>\n<td width=\"60\">1.020<\/td>\n<td width=\"48\">0.8<\/td>\n<td width=\"39\">77<\/td>\n<td width=\"40\">72<\/td>\n<td width=\"78\">0.3<\/td>\n<\/tr>\n<tr>\n<td width=\"86\">4014<\/td>\n<td width=\"58\">40-2X14<\/td>\n<td width=\"34\">12<\/td>\n<td width=\"34\">28<\/td>\n<td width=\"34\">79.4<\/td>\n<td width=\"34\">36.0<\/td>\n<td width=\"34\">7.4<\/td>\n<td width=\"34\">43<\/td>\n<td width=\"34\">69<\/td>\n<td width=\"34\">14.4<\/td>\n<td width=\"60\">1.924<\/td>\n<td width=\"48\">1.1<\/td>\n<td width=\"39\">84<\/td>\n<td width=\"40\">75<\/td>\n<td width=\"78\">0.4<\/td>\n<\/tr>\n<tr>\n<td width=\"86\">4016<\/td>\n<td width=\"58\">40-2X16<\/td>\n<td width=\"34\">14<\/td>\n<td width=\"34\">32<\/td>\n<td width=\"34\">87.4<\/td>\n<td width=\"34\">40.0<\/td>\n<td width=\"34\">7.4<\/td>\n<td width=\"34\">50<\/td>\n<td width=\"34\">77<\/td>\n<td width=\"34\">14.4<\/td>\n<td width=\"60\">3.285<\/td>\n<td width=\"48\">1.4<\/td>\n<td width=\"39\">92<\/td>\n<td width=\"40\">75<\/td>\n<td width=\"78\">0.4<\/td>\n<\/tr>\n<tr>\n<td width=\"86\">5014<\/td>\n<td width=\"58\">50-2X14<\/td>\n<td width=\"34\">16<\/td>\n<td width=\"34\">35<\/td>\n<td width=\"34\">99.7<\/td>\n<td width=\"34\">45.0<\/td>\n<td width=\"34\">9.7<\/td>\n<td width=\"34\">53<\/td>\n<td width=\"34\">86<\/td>\n<td width=\"34\">18.1<\/td>\n<td width=\"60\">6.010<\/td>\n<td width=\"48\">2.2<\/td>\n<td width=\"39\">101<\/td>\n<td width=\"40\">85<\/td>\n<td width=\"78\">0.5<\/td>\n<\/tr>\n<tr>\n<td width=\"86\">5016<\/td>\n<td width=\"58\">50-2X16<\/td>\n<td width=\"34\">16<\/td>\n<td width=\"34\">40<\/td>\n<td width=\"34\">99.7<\/td>\n<td width=\"34\">45.0<\/td>\n<td width=\"34\">9.7<\/td>\n<td width=\"34\">60<\/td>\n<td width=\"34\">96<\/td>\n<td width=\"34\">18.1<\/td>\n<td width=\"60\">9.720<\/td>\n<td width=\"48\">2.7<\/td>\n<td width=\"39\">111<\/td>\n<td width=\"40\">85<\/td>\n<td width=\"78\">0.6<\/td>\n<\/tr>\n<tr>\n<td width=\"86\">5018<\/td>\n<td width=\"58\">50-2X18<\/td>\n<td width=\"34\">16<\/td>\n<td width=\"34\">45<\/td>\n<td width=\"34\">99.7<\/td>\n<td width=\"34\">45.0<\/td>\n<td width=\"34\">9.7<\/td>\n<td width=\"34\">70<\/td>\n<td width=\"34\">106<\/td>\n<td width=\"34\">18.1<\/td>\n<td width=\"60\">15.420<\/td>\n<td width=\"48\">3.8<\/td>\n<td width=\"39\">122<\/td>\n<td width=\"40\">85<\/td>\n<td width=\"78\">0.8<\/td>\n<\/tr>\n<tr>\n<td width=\"86\">6018<\/td>\n<td width=\"58\">60-2X18<\/td>\n<td width=\"34\">20<\/td>\n<td width=\"34\">56<\/td>\n<td width=\"34\">123.5<\/td>\n<td width=\"34\">56.0<\/td>\n<td width=\"34\">11.5<\/td>\n<td width=\"34\">85<\/td>\n<td width=\"34\">128<\/td>\n<td width=\"34\">22.8<\/td>\n<td width=\"60\">40.210<\/td>\n<td width=\"48\">6.2<\/td>\n<td width=\"39\">142<\/td>\n<td width=\"40\">106<\/td>\n<td width=\"78\">1.2<\/td>\n<\/tr>\n<tr>\n<td width=\"86\">6020<\/td>\n<td width=\"58\">60-2X20<\/td>\n<td width=\"34\">20<\/td>\n<td width=\"34\">60<\/td>\n<td width=\"34\">123.5<\/td>\n<td width=\"34\">56.0<\/td>\n<td width=\"34\">11.5<\/td>\n<td width=\"34\">98<\/td>\n<td width=\"34\">140<\/td>\n<td width=\"34\">22.8<\/td>\n<td width=\"60\">62.870<\/td>\n<td width=\"48\">7.8<\/td>\n<td width=\"39\">158<\/td>\n<td width=\"40\">105<\/td>\n<td width=\"78\">1.6<\/td>\n<\/tr>\n<tr>\n<td width=\"86\">6022<\/td>\n<td width=\"58\">60-2X22<\/td>\n<td width=\"34\">20<\/td>\n<td width=\"34\">71<\/td>\n<td width=\"34\">123.5<\/td>\n<td width=\"34\">56.0<\/td>\n<td width=\"34\">11.5<\/td>\n<td width=\"34\">110<\/td>\n<td width=\"34\">152<\/td>\n<td width=\"34\">22.8<\/td>\n<td width=\"60\">93.450<\/td>\n<td width=\"48\">10.4<\/td>\n<td width=\"39\">168<\/td>\n<td width=\"40\">117<\/td>\n<td width=\"78\">1.8<\/td>\n<\/tr>\n<tr>\n<td width=\"86\">8018<\/td>\n<td width=\"58\">80-2X18<\/td>\n<td width=\"34\">20<\/td>\n<td width=\"34\">80<\/td>\n<td width=\"34\">141.2<\/td>\n<td width=\"34\">63.0<\/td>\n<td width=\"34\">15.2<\/td>\n<td width=\"34\">110<\/td>\n<td width=\"34\">170<\/td>\n<td width=\"34\">29.3<\/td>\n<td width=\"60\">142.030<\/td>\n<td width=\"48\">12.7<\/td>\n<td width=\"39\">190<\/td>\n<td width=\"40\">129<\/td>\n<td width=\"78\">2.5<\/td>\n<\/tr>\n<tr>\n<td width=\"86\">8020<\/td>\n<td width=\"58\">80-2X20<\/td>\n<td width=\"34\">20<\/td>\n<td width=\"34\">90<\/td>\n<td width=\"34\">145.2<\/td>\n<td width=\"34\">65.0<\/td>\n<td width=\"34\">15.2<\/td>\n<td width=\"34\">120<\/td>\n<td width=\"34\">186<\/td>\n<td width=\"34\">29.3<\/td>\n<td width=\"60\">204.900<\/td>\n<td width=\"48\">16.0<\/td>\n<td width=\"39\">210<\/td>\n<td width=\"40\">137<\/td>\n<td width=\"78\">2.9<\/td>\n<\/tr>\n<tr>\n<td width=\"86\">8022<\/td>\n<td width=\"58\">80-2X22<\/td>\n<td width=\"34\">20<\/td>\n<td width=\"34\">100<\/td>\n<td width=\"34\">157.2<\/td>\n<td width=\"34\">71.0<\/td>\n<td width=\"34\">15.2<\/td>\n<td width=\"34\">140<\/td>\n<td width=\"34\">202<\/td>\n<td width=\"34\">29.3<\/td>\n<td width=\"60\">341.170<\/td>\n<td width=\"48\">20.2<\/td>\n<td width=\"39\">226<\/td>\n<td width=\"40\">137<\/td>\n<td width=\"78\">3.6<\/td>\n<\/tr>\n<tr>\n<td width=\"86\">10020<\/td>\n<td width=\"58\">100-2X20<\/td>\n<td width=\"34\">25<\/td>\n<td width=\"34\">110<\/td>\n<td width=\"34\">178.8<\/td>\n<td width=\"34\">80.0<\/td>\n<td width=\"34\">18.8<\/td>\n<td width=\"34\">160<\/td>\n<td width=\"34\">233<\/td>\n<td width=\"34\">35.8<\/td>\n<td width=\"60\">646.290<\/td>\n<td width=\"48\">33.0<\/td>\n<td width=\"39\">281<\/td>\n<td width=\"40\">153<\/td>\n<td width=\"78\">4.6<\/td>\n<\/tr>\n<tr>\n<td width=\"86\">12018<\/td>\n<td width=\"58\">120-2X18<\/td>\n<td width=\"34\">35<\/td>\n<td width=\"34\">125<\/td>\n<td width=\"34\">202.7<\/td>\n<td width=\"34\">90.0<\/td>\n<td width=\"34\">22.7<\/td>\n<td width=\"34\">170<\/td>\n<td width=\"34\">256<\/td>\n<td width=\"34\">45.4<\/td>\n<td width=\"60\">1075.710<\/td>\n<td width=\"48\">47.0<\/td>\n<td width=\"39\">307<\/td>\n<td width=\"40\">181<\/td>\n<td width=\"78\">6.2<\/td>\n<\/tr>\n<tr>\n<td width=\"86\">12022<\/td>\n<td width=\"58\">120-2X22<\/td>\n<td width=\"34\">35<\/td>\n<td width=\"34\">140<\/td>\n<td width=\"34\">222.7<\/td>\n<td width=\"34\">100.0<\/td>\n<td width=\"34\">22.7<\/td>\n<td width=\"34\">210<\/td>\n<td width=\"34\">304<\/td>\n<td width=\"34\">45.4<\/td>\n<td width=\"60\">2454.500<\/td>\n<td width=\"48\">72.0<\/td>\n<td width=\"39\">357<\/td>\n<td width=\"40\">181<\/td>\n<td width=\"78\">8.0<\/td>\n<\/tr>\n<\/tbody>\n<\/table>\n<h2>\u0136\u0113des savienojuma pielieto\u0161ana<\/h2>\n<p>\u0136\u0113des savienojumi, kas paz\u012bstami ar sp\u0113ju p\u0101rraid\u012bt lielu griezes momentu, vienlaikus piel\u0101gojoties nob\u012bdei, tiek izmantoti da\u017e\u0101d\u0101s nozar\u0113s to iztur\u012bbas un elast\u012bbas d\u0113\u013c. \u0160eit ir kategoriz\u0113ts to pielietojumu p\u0101rskats:<\/p>\n<h3>1. R\u016bpniecisk\u0101s iek\u0101rtas<\/h3>\n<ul>\n<li><strong>Konveijeru sist\u0113mas<\/strong>Izmanto ra\u017eo\u0161an\u0101 un materi\u0101lu apstr\u0101d\u0113, lai savienotu motorus un velt\u0146us, piel\u0101gotu neatbilst\u012bbu un apstr\u0101d\u0101tu smagas kravas.<\/li>\n<li><strong>S\u016bk\u0146i un kompresori<\/strong>Ide\u0101li piem\u0113rots vad\u012bt\u0101ju savieno\u0161anai ar s\u016bk\u0146iem\/kompresoriem naftas, g\u0101zes un \u016bdens att\u012br\u012b\u0161anas nozar\u0113s, nodro\u0161inot uzticamu griezes momenta p\u0101rraidi.<\/li>\n<li><strong>T\u0113rauda un pap\u012bra r\u016bpn\u012bcas<\/strong>Savienojiet piedzi\u0146as v\u0101rpstas ar velt\u0146iem skarbos apst\u0101k\u013cos, izturot lielus griezes momentus un temperat\u016bras sv\u0101rst\u012bbas.<\/li>\n<li><strong>Drupin\u0101t\u0101ji\/dzirnavas<\/strong>Iztur\u0113t trieciena slodzes ieguves r\u016bpniec\u012bb\u0101 un agreg\u0101tu apstr\u0101d\u0113, nodro\u0161inot iztur\u012bbu pret p\u0113k\u0161\u0146\u0101m sp\u0113ka izmai\u0146\u0101m.<\/li>\n<\/ul>\n<h3>2. Materi\u0101lu apstr\u0101de<\/h3>\n<ul>\n<li><strong>Celt\u0146i un pac\u0113l\u0101ji<\/strong>Nodro\u0161in\u0101t prec\u012bzu slodzes kust\u012bbu b\u016bvniec\u012bb\u0101 un transport\u0113\u0161an\u0101, izturot dinamisko slodzi.<\/li>\n<li><strong>Iepako\u0161anas ma\u0161\u012bnas<\/strong>Sinhroniz\u0113t velt\u0146us \u0101trgaitas iepako\u0161anas l\u012bnij\u0101s, \u013caujot veikt nelielas nob\u012bdes korekcijas.<\/li>\n<\/ul>\n<h3>3. Lauksaimniec\u012bba<\/h3>\n<ul>\n<li><strong>Traktori un kombaini<\/strong>Pievienojiet baro\u0161anas avotus darbar\u012bkiem nel\u012bdzen\u0101 reljef\u0101, nodro\u0161inot iztur\u012bbu pret putek\u013ciem un gru\u017eiem.<\/li>\n<li><strong>Ap\u016bde\u0146o\u0161anas sist\u0113mas<\/strong>Savienojiet s\u016bk\u0146us ar motoriem, pie\u013caujot zemes nob\u012bdes rad\u012btu nob\u012bdi.<\/li>\n<\/ul>\n<h3>4. Apkures, ventil\u0101cijas un gaisa kondicion\u0113\u0161anas sist\u0113mas un ener\u0123ija<\/h3>\n<ul>\n<li><strong>Industri\u0101lie ventilatori\/p\u016bt\u0113ji<\/strong>HVAC sist\u0113m\u0101s motorus pievienojiet ventilatoru v\u0101rpst\u0101m, samazinot vibr\u0101cijas p\u0101rnesi.<\/li>\n<li><strong>Vid\u0113ja \u0101truma jaudas p\u0101rraide<\/strong>Izmanto v\u0113ja turb\u012bn\u0101s vai hidroelektrostacij\u0101s, kur izl\u012bdzin\u0101jums nav perfekts.<\/li>\n<\/ul>\n<h3>5. Specializ\u0113tas lietojumprogrammas<\/h3>\n<ul>\n<li><strong>Drukas iek\u0101rtas<\/strong>Sinhroniz\u0113jiet velt\u0146us prec\u012bzai druk\u0101\u0161anai, piel\u0101gojot nelielas neatbilst\u012bbas.<\/li>\n<li><strong>J\u016bras pal\u012bgsist\u0113mas<\/strong>Izmanto dzenskr\u016bves v\u0101rpst\u0101s vai pal\u012bgmeh\u0101nismos, lai gan ret\u0101k sastopams korozijas ba\u017eu d\u0113\u013c.<\/li>\n<\/ul>\n<h3>Priek\u0161roc\u012bbas brauk\u0161anas lietojumprogramm\u0101s:<\/h3>\n<ul>\n<li><strong>Novirzes tolerance<\/strong>Le\u0146\u0137isk\u0101s\/paral\u0113l\u0101s nob\u012bdes l\u012bdz 1\u20132 gr\u0101diem.<\/li>\n<li><strong>Augsta griezes momenta jauda<\/strong>Piem\u0113rots intens\u012bvai darb\u012bbai.<\/li>\n<li><strong>Triecienu absorbcija<\/strong>: Sl\u0101p\u0113 vibr\u0101cijas main\u012bgas slodzes apst\u0101k\u013cos.<\/li>\n<li><strong>Apkopes vienk\u0101r\u0161\u012bba<\/strong>Vienk\u0101r\u0161a e\u013c\u013co\u0161ana un deta\u013cu nomai\u0146a.<\/li>\n<\/ul>\n<h3>Ierobe\u017eojumi:<\/h3>\n<ul>\n<li>Nav piem\u0113rots \u0101trgaitas lietojumiem centrb\u0113dzes sp\u0113ku d\u0113\u013c.<\/li>\n<li>Pies\u0101r\u0146ojumam pak\u013caut\u0101 vid\u0113 nepiecie\u0161ama regul\u0101ra e\u013c\u013co\u0161ana.<\/li>\n<\/ul>\n<p><img loading=\"lazy\" decoding=\"async\" class=\"size-full wp-image-6380 aligncenter\" src=\"https:\/\/fmp-components.com\/wp-content\/uploads\/2025\/03\/chain-couplings-3.webp\" alt=\"\u0137\u0113des savienojums\" width=\"800\" height=\"800\" title=\"\" srcset=\"https:\/\/fmp-components.com\/wp-content\/uploads\/2025\/03\/chain-couplings-3.webp 800w, https:\/\/fmp-components.com\/wp-content\/uploads\/2025\/03\/chain-couplings-3-480x480.webp 480w\" sizes=\"(min-width: 0px) and (max-width: 480px) 480px, (min-width: 481px) 800px, 100vw\" \/><\/p>","protected":false},"excerpt":{"rendered":"<p>A chain coupling is made up of a double roller chain and two coupling sprockets. The chain joint is used to connect or disconnect the coupling, making it simple and easy to use. Chain couplings are small but very strong, and they are built to last a long time. They are safe and work efficiently, [&hellip;]<\/p>","protected":false},"featured_media":6382,"comment_status":"open","ping_status":"closed","template":"","meta":{"_et_pb_use_builder":"","_et_pb_old_content":"","_et_gb_content_width":""},"product_brand":[],"product_cat":[101],"product_tag":[],"class_list":{"0":"post-6379","1":"product","2":"type-product","3":"status-publish","4":"has-post-thumbnail","6":"product_cat-coupling","8":"first","9":"instock","10":"shipping-taxable","11":"product-type-simple"},"_links":{"self":[{"href":"https:\/\/fmp-components.com\/lv\/wp-json\/wp\/v2\/product\/6379","targetHints":{"allow":["GET"]}}],"collection":[{"href":"https:\/\/fmp-components.com\/lv\/wp-json\/wp\/v2\/product"}],"about":[{"href":"https:\/\/fmp-components.com\/lv\/wp-json\/wp\/v2\/types\/product"}],"replies":[{"embeddable":true,"href":"https:\/\/fmp-components.com\/lv\/wp-json\/wp\/v2\/comments?post=6379"}],"wp:featuredmedia":[{"embeddable":true,"href":"https:\/\/fmp-components.com\/lv\/wp-json\/wp\/v2\/media\/6382"}],"wp:attachment":[{"href":"https:\/\/fmp-components.com\/lv\/wp-json\/wp\/v2\/media?parent=6379"}],"wp:term":[{"taxonomy":"product_brand","embeddable":true,"href":"https:\/\/fmp-components.com\/lv\/wp-json\/wp\/v2\/product_brand?post=6379"},{"taxonomy":"product_cat","embeddable":true,"href":"https:\/\/fmp-components.com\/lv\/wp-json\/wp\/v2\/product_cat?post=6379"},{"taxonomy":"product_tag","embeddable":true,"href":"https:\/\/fmp-components.com\/lv\/wp-json\/wp\/v2\/product_tag?post=6379"}],"curies":[{"name":"wp","href":"https:\/\/api.w.org\/{rel}","templated":true}]}}