{"id":6375,"date":"2025-03-10T03:17:22","date_gmt":"2025-03-10T03:17:22","guid":{"rendered":"https:\/\/fmp-components.com\/?post_type=product&#038;p=6375"},"modified":"2025-04-05T07:23:10","modified_gmt":"2025-04-05T07:23:10","slug":"flange-flexible-couplings","status":"publish","type":"product","link":"https:\/\/fmp-components.com\/lv\/product\/flange-flexible-couplings\/","title":{"rendered":"Atloku elast\u012bg\u0101s savienojuma da\u013cas"},"content":{"rendered":"<p>FMP elast\u012bg\u0101s sakabes ir izstr\u0101d\u0101tas, lai samazin\u0101tu vibr\u0101ciju un transmisijas sist\u0113mu remonta izmaksas. To \u012bpa\u0161\u0101 konstrukcija pal\u012bdz aizsarg\u0101t transmisiju no boj\u0101jumiem un rada maz\u0101k trok\u0161\u0146a darb\u012bbas laik\u0101, kas uzlabo sist\u0113mas darb\u012bbu un paildzina t\u0101s kalpo\u0161anas laiku. Turkl\u0101t \u0161\u012bs sakabes ir viegli uzst\u0101d\u012bt un regul\u0113t, t\u0101p\u0113c varat ietaup\u012bt laiku un p\u016bles.<\/p>\n<p>FMP savienojumu izgatavo\u0161anai izmanto iztur\u012bgu poliestera elastom\u0113ru. \u0160is materi\u0101ls ir iztur\u012bgs un nedeform\u0113jas pat saskar\u0113 ar sm\u0113rviel\u0101m. Tas nodro\u0161ina savienojuma iztur\u012bbu un labu darb\u012bbu pat sare\u017e\u0123\u012btos apst\u0101k\u013cos.<\/p>\n<p>Savienojums ir konstru\u0113ts t\u0101, lai vienm\u0113r\u012bgi p\u0101rnestu griezes momentu (sava \u200b\u200bveida pagrieziena sp\u0113ku) ar \u0101trumu aptuveni viena ceturtda\u013ca collas min\u016bt\u0113. \u0160is vienm\u0113r\u012bgais un notur\u012bgais sp\u0113ks pal\u012bdz savienojumam kalpot ilg\u0101k, t\u0101p\u0113c tas var labi darboties gadiem ilgi ar \u013coti nelielu apkopi.<\/p>\n<p>\u0160\u012bs \u012bpa\u0161\u012bbas padara FMP elast\u012bg\u0101s sakabes par lielisku izv\u0113li, ja v\u0113laties, lai j\u016bsu transmisijas sist\u0113ma darbotos lab\u0101k un kalpotu ilg\u0101k.<\/p>\n<p><img loading=\"lazy\" decoding=\"async\" class=\"wp-image-6377 aligncenter\" src=\"https:\/\/fmp-components.com\/wp-content\/uploads\/2025\/03\/Flange-Flexible-Couplings-2.webp\" alt=\"Atloku elast\u012bg\u0101s savienojuma da\u013cas\" width=\"836\" height=\"303\" title=\"\" srcset=\"https:\/\/fmp-components.com\/wp-content\/uploads\/2025\/03\/Flange-Flexible-Couplings-2.webp 836w, https:\/\/fmp-components.com\/wp-content\/uploads\/2025\/03\/Flange-Flexible-Couplings-2-480x174.webp 480w\" sizes=\"(min-width: 0px) and (max-width: 480px) 480px, (min-width: 481px) 836px, 100vw\" \/><\/p>\n<h2 style=\"text-align: left;\" align=\"center\">Atloku elast\u012bgo savienojumu specifik\u0101cijas<\/h2>\n<p><img loading=\"lazy\" decoding=\"async\" class=\"wp-image-6378 aligncenter\" src=\"https:\/\/fmp-components.com\/wp-content\/uploads\/2025\/03\/Flange-Flexible-Couplings-3.webp\" alt=\"Atloku elast\u012bg\u0101s savienojuma da\u013cas\" width=\"200\" height=\"216\" title=\"\"><\/p>\n<table style=\"width: 102.258%; height: 601px;\" border=\"1\" cellspacing=\"1\" cellpadding=\"1\" bgcolor=\"#99ccff\">\n<tbody>\n<tr>\n<td align=\"center\" width=\"45\">IZM\u0112RS<\/td>\n<td align=\"center\" width=\"35\">Nm<\/td>\n<td align=\"center\" width=\"29\">apgr.\/min<\/td>\n<td align=\"center\" width=\"21\">D<\/td>\n<td align=\"center\" width=\"25\">D1<\/td>\n<td align=\"center\" width=\"14\">d1<\/td>\n<td align=\"center\" width=\"25\">L<\/td>\n<td align=\"center\" width=\"9\">C<\/td>\n<td align=\"center\" width=\"73\">nM<\/td>\n<td align=\"center\" width=\"34\">KG<\/td>\n<\/tr>\n<tr bgcolor=\"#cccccc\">\n<td align=\"center\" width=\"45\">90<\/td>\n<td align=\"center\" width=\"35\">4<\/td>\n<td align=\"center\" width=\"29\">4000<\/td>\n<td align=\"center\" width=\"21\">90<\/td>\n<td align=\"center\" width=\"25\">35.5<\/td>\n<td align=\"center\" width=\"14\">11<\/td>\n<td align=\"center\" width=\"25\">28<\/td>\n<td align=\"center\" width=\"9\">3<\/td>\n<td align=\"center\" width=\"73\">4-M8*50<\/td>\n<td align=\"center\" width=\"34\">1.7<\/td>\n<\/tr>\n<tr>\n<td align=\"center\" width=\"45\">100<\/td>\n<td align=\"center\" width=\"35\">10<\/td>\n<td align=\"center\" width=\"29\">4000<\/td>\n<td align=\"center\" width=\"21\">100<\/td>\n<td align=\"center\" width=\"25\">40<\/td>\n<td align=\"center\" width=\"14\">11<\/td>\n<td align=\"center\" width=\"25\">35.5<\/td>\n<td align=\"center\" width=\"9\">3<\/td>\n<td align=\"center\" width=\"73\">4-M10*56<\/td>\n<td align=\"center\" width=\"34\">2.3<\/td>\n<\/tr>\n<tr bgcolor=\"#cccccc\">\n<td align=\"center\" width=\"45\">112<\/td>\n<td align=\"center\" width=\"35\">16<\/td>\n<td align=\"center\" width=\"29\">4000<\/td>\n<td align=\"center\" width=\"21\">112<\/td>\n<td align=\"center\" width=\"25\">45<\/td>\n<td align=\"center\" width=\"14\">13<\/td>\n<td align=\"center\" width=\"25\">40<\/td>\n<td align=\"center\" width=\"9\">3<\/td>\n<td align=\"center\" width=\"73\">4-M10*56<\/td>\n<td align=\"center\" width=\"34\">2.8<\/td>\n<\/tr>\n<tr>\n<td align=\"center\" width=\"45\">125<\/td>\n<td align=\"center\" width=\"35\">25<\/td>\n<td align=\"center\" width=\"29\">4000<\/td>\n<td align=\"center\" width=\"21\">125<\/td>\n<td align=\"center\" width=\"25\">50<\/td>\n<td align=\"center\" width=\"14\">13<\/td>\n<td align=\"center\" width=\"25\">45<\/td>\n<td align=\"center\" width=\"9\">3<\/td>\n<td align=\"center\" width=\"73\">4-M12*64<\/td>\n<td align=\"center\" width=\"34\">4.0<\/td>\n<\/tr>\n<tr bgcolor=\"#cccccc\">\n<td align=\"center\" width=\"45\">140<\/td>\n<td align=\"center\" width=\"35\">50<\/td>\n<td align=\"center\" width=\"29\">4000<\/td>\n<td align=\"center\" width=\"21\">140<\/td>\n<td align=\"center\" width=\"25\">63<\/td>\n<td align=\"center\" width=\"14\">13<\/td>\n<td align=\"center\" width=\"25\">50<\/td>\n<td align=\"center\" width=\"9\">3<\/td>\n<td align=\"center\" width=\"73\">6-M12*64<\/td>\n<td align=\"center\" width=\"34\">5.4<\/td>\n<\/tr>\n<tr>\n<td align=\"center\" width=\"45\">160<\/td>\n<td align=\"center\" width=\"35\">110<\/td>\n<td align=\"center\" width=\"29\">4000<\/td>\n<td align=\"center\" width=\"21\">160<\/td>\n<td align=\"center\" width=\"25\">80<\/td>\n<td align=\"center\" width=\"14\">15<\/td>\n<td align=\"center\" width=\"25\">56<\/td>\n<td align=\"center\" width=\"9\">3<\/td>\n<td align=\"center\" width=\"73\">8-M12*64<\/td>\n<td align=\"center\" width=\"34\">8.0<\/td>\n<\/tr>\n<tr bgcolor=\"#cccccc\">\n<td align=\"center\" width=\"45\">180<\/td>\n<td align=\"center\" width=\"35\">157<\/td>\n<td align=\"center\" width=\"29\">3500<\/td>\n<td align=\"center\" width=\"21\">180<\/td>\n<td align=\"center\" width=\"25\">90<\/td>\n<td align=\"center\" width=\"14\">15<\/td>\n<td align=\"center\" width=\"25\">63<\/td>\n<td align=\"center\" width=\"9\">3<\/td>\n<td align=\"center\" width=\"73\">8-M12*64<\/td>\n<td align=\"center\" width=\"34\">10.5<\/td>\n<\/tr>\n<tr>\n<td align=\"center\" width=\"45\">200<\/td>\n<td align=\"center\" width=\"35\">245<\/td>\n<td align=\"center\" width=\"29\">3200<\/td>\n<td align=\"center\" width=\"21\">200<\/td>\n<td align=\"center\" width=\"25\">100<\/td>\n<td align=\"center\" width=\"14\">21<\/td>\n<td align=\"center\" width=\"25\">71<\/td>\n<td align=\"center\" width=\"9\">4<\/td>\n<td align=\"center\" width=\"73\">8-M20*85<\/td>\n<td align=\"center\" width=\"34\">16.2<\/td>\n<\/tr>\n<tr bgcolor=\"#cccccc\">\n<td align=\"center\" width=\"45\">224<\/td>\n<td align=\"center\" width=\"35\">392<\/td>\n<td align=\"center\" width=\"29\">2850<\/td>\n<td align=\"center\" width=\"21\">224<\/td>\n<td align=\"center\" width=\"25\">112<\/td>\n<td align=\"center\" width=\"14\">21<\/td>\n<td align=\"center\" width=\"25\">80<\/td>\n<td align=\"center\" width=\"9\">4<\/td>\n<td align=\"center\" width=\"73\">8-M20*85<\/td>\n<td align=\"center\" width=\"34\">21.3<\/td>\n<\/tr>\n<tr>\n<td align=\"center\" width=\"45\">250<\/td>\n<td align=\"center\" width=\"35\">618<\/td>\n<td align=\"center\" width=\"29\">2550<\/td>\n<td align=\"center\" width=\"21\">250<\/td>\n<td align=\"center\" width=\"25\">125<\/td>\n<td align=\"center\" width=\"14\">25<\/td>\n<td align=\"center\" width=\"25\">90<\/td>\n<td align=\"center\" width=\"9\">4<\/td>\n<td align=\"center\" width=\"73\">8-M24*100<\/td>\n<td align=\"center\" width=\"34\">31.6<\/td>\n<\/tr>\n<tr bgcolor=\"#cccccc\">\n<td align=\"center\" width=\"45\">280<\/td>\n<td align=\"center\" width=\"35\">980<\/td>\n<td align=\"center\" width=\"29\">2300<\/td>\n<td align=\"center\" width=\"21\">280<\/td>\n<td align=\"center\" width=\"25\">140<\/td>\n<td align=\"center\" width=\"14\">34<\/td>\n<td align=\"center\" width=\"25\">100<\/td>\n<td align=\"center\" width=\"9\">4<\/td>\n<td align=\"center\" width=\"73\">8-M24*116<\/td>\n<td align=\"center\" width=\"34\">44.0<\/td>\n<\/tr>\n<tr>\n<td align=\"center\" width=\"45\">315<\/td>\n<td align=\"center\" width=\"35\">1568<\/td>\n<td align=\"center\" width=\"29\">2050<\/td>\n<td align=\"center\" width=\"21\">315<\/td>\n<td align=\"center\" width=\"25\">160<\/td>\n<td align=\"center\" width=\"14\">41<\/td>\n<td align=\"center\" width=\"25\">112<\/td>\n<td align=\"center\" width=\"9\">4<\/td>\n<td align=\"center\" width=\"73\">10-M24*116<\/td>\n<td align=\"center\" width=\"34\">57.7<\/td>\n<\/tr>\n<tr bgcolor=\"#cccccc\">\n<td align=\"center\" width=\"45\">355<\/td>\n<td align=\"center\" width=\"35\">2450<\/td>\n<td align=\"center\" width=\"29\">1800<\/td>\n<td align=\"center\" width=\"21\">355<\/td>\n<td align=\"center\" width=\"25\">180<\/td>\n<td align=\"center\" width=\"14\">60<\/td>\n<td align=\"center\" width=\"25\">125<\/td>\n<td align=\"center\" width=\"9\">5<\/td>\n<td align=\"center\" width=\"73\">8-M30*150<\/td>\n<td align=\"center\" width=\"34\">89.5<\/td>\n<\/tr>\n<tr>\n<td align=\"center\" width=\"45\">400<\/td>\n<td align=\"center\" width=\"35\">3920<\/td>\n<td align=\"center\" width=\"29\">1600<\/td>\n<td align=\"center\" width=\"21\">400<\/td>\n<td align=\"center\" width=\"25\">200<\/td>\n<td align=\"center\" width=\"14\">60<\/td>\n<td align=\"center\" width=\"25\">125<\/td>\n<td align=\"center\" width=\"9\">5<\/td>\n<td align=\"center\" width=\"73\">10-M30*150<\/td>\n<td align=\"center\" width=\"34\">89.5<\/td>\n<\/tr>\n<tr bgcolor=\"#cccccc\">\n<td align=\"center\" width=\"45\">450<\/td>\n<td align=\"center\" width=\"35\">6174<\/td>\n<td align=\"center\" width=\"29\">1400<\/td>\n<td align=\"center\" width=\"21\">450<\/td>\n<td align=\"center\" width=\"25\">224<\/td>\n<td align=\"center\" width=\"14\">65<\/td>\n<td align=\"center\" width=\"25\">140<\/td>\n<td align=\"center\" width=\"9\">5<\/td>\n<td align=\"center\" width=\"73\">12-M30*150<\/td>\n<td align=\"center\" width=\"34\">145<\/td>\n<\/tr>\n<tr>\n<td align=\"center\" width=\"45\">560<\/td>\n<td align=\"center\" width=\"35\">9800<\/td>\n<td align=\"center\" width=\"29\">1150<\/td>\n<td align=\"center\" width=\"21\">560<\/td>\n<td align=\"center\" width=\"25\">250<\/td>\n<td align=\"center\" width=\"14\">85<\/td>\n<td align=\"center\" width=\"25\">160<\/td>\n<td align=\"center\" width=\"9\">5<\/td>\n<td align=\"center\" width=\"73\">14-M30*150<\/td>\n<td align=\"center\" width=\"34\">229<\/td>\n<\/tr>\n<tr bgcolor=\"#cccccc\">\n<td align=\"center\" width=\"45\">630<\/td>\n<td align=\"center\" width=\"35\">15680<\/td>\n<td align=\"center\" width=\"29\">1000<\/td>\n<td align=\"center\" width=\"21\">630<\/td>\n<td align=\"center\" width=\"25\">280<\/td>\n<td align=\"center\" width=\"14\">95<\/td>\n<td align=\"center\" width=\"25\">180<\/td>\n<td align=\"center\" width=\"9\">5<\/td>\n<td align=\"center\" width=\"73\">18-M30*150<\/td>\n<td align=\"center\" width=\"34\">296<\/td>\n<\/tr>\n<\/tbody>\n<\/table>\n<h3>Elast\u012bgo savienojumu veidi<\/h3>\n<div>\n<p class=\"break-words\" dir=\"auto\">Elast\u012bgie savienojumi ir meh\u0101niskas ier\u012bces, ko izmanto divu v\u0101rpstu savieno\u0161anai, nodro\u0161inot griezes momenta p\u0101rnesi, vienlaikus piel\u0101gojot nob\u012bdi un samazinot savienoto komponentu slodzi. Viens izplat\u012bts veids ir \u017eok\u013ca savienojums, kas sast\u0101v no div\u0101m rumb\u0101m ar savstarp\u0113ji savienotiem \u017eok\u013ciem un elastom\u0113ra zirnek\u013ca ieliktni. Zirneklis absorb\u0113 triecienus, sl\u0101p\u0113 vibr\u0101ciju un kompens\u0113 nelielas le\u0146\u0137iskas, paral\u0113las un aksi\u0101las nob\u012bdes, padarot to ide\u0101li piem\u0113rotu visp\u0101r\u0113jas noz\u012bmes lietojumprogramm\u0101m, piem\u0113ram, s\u016bk\u0146iem un motoriem.<\/p>\n<p class=\"break-words\" dir=\"auto\">V\u0113l viens veids ir silfonu savienojums, ko raksturo pl\u0101nas, elast\u012bgas met\u0101la silfonas, kas savieno v\u0101rpstas. \u0160\u012b konstrukcija nodro\u0161ina augstu v\u0113rpes stingr\u012bbu prec\u012bzai griezes momenta p\u0101rvadei, vienlaikus \u013caujot elast\u012bbai tikt gal\u0101 ar le\u0146\u0137isk\u0101m un aksi\u0101l\u0101m nob\u012bd\u0113m. Silfonu savienojumus bie\u017ei izmanto augstas precizit\u0101tes sist\u0113m\u0101s, piem\u0113ram, servomotoros un kod\u0113t\u0101jos, kur precizit\u0101tes saglab\u0101\u0161ana dinamiskos apst\u0101k\u013cos ir kritiski svar\u012bga.<\/p>\n<p class=\"break-words\" dir=\"auto\">Tre\u0161ais veids ir disku saj\u016bgs, kur\u0101 tiek izmantota virkne pl\u0101nu, elast\u012bgu met\u0101la disku, kas sakrauti kop\u0101, veidojot bloku. Disku bloks liecas, lai piel\u0101gotos nob\u012bdei un absorb\u0113tu vibr\u0101ciju, vienlaikus efekt\u012bvi p\u0101rnesot griezes momentu. Disku saj\u016bgi ir \u013coti iztur\u012bgi un piem\u0113roti sare\u017e\u0123\u012btiem lietojumiem, piem\u0113ram, turb\u012bn\u0101m un kompresoriem, kur b\u016btiska ir uzticam\u012bba un minim\u0101la apkope.<\/p>\n<p dir=\"auto\"><img loading=\"lazy\" decoding=\"async\" class=\"wp-image-7803 aligncenter\" src=\"https:\/\/fmp-components.com\/wp-content\/uploads\/2025\/03\/flexible-coupling3.webp\" alt=\"elast\u012bga sakabe\" width=\"531\" height=\"476\" title=\"\" srcset=\"https:\/\/fmp-components.com\/wp-content\/uploads\/2025\/03\/flexible-coupling3.webp 173w, https:\/\/fmp-components.com\/wp-content\/uploads\/2025\/03\/flexible-coupling3-13x12.webp 13w\" sizes=\"(max-width: 531px) 100vw, 531px\" \/><\/p>\n<\/div>\n<h2>Atloku elast\u012bg\u0101s sakabes: prec\u012bza in\u017eenierija no It\u0101lijas sakabes ekspertiem FMP<\/h2>\n<p>FMP ir vado\u0161ais It\u0101lijas ra\u017eot\u0101js, kas specializ\u0113jas pla\u0161\u0101 savienojumu kl\u0101st\u0101, kas paredz\u0113ti griezes momenta p\u0101rs\u016bt\u012b\u0161anai starp v\u0101rpst\u0101m, vienlaikus piel\u0101gojoties nob\u012bdei un kust\u012bbai. Neatkar\u012bgi no t\u0101, vai atrodaties Mil\u0101nas ros\u012bgaj\u0101 ra\u017eo\u0161anas nozar\u0113 vai Florences amatnieku darbn\u012bc\u0101, m\u016bsu atloku elast\u012bg\u0101s savienojuma iek\u0101rtas, kas izgatavotas no iztur\u012bgiem materi\u0101liem, piem\u0113ram, ner\u016bs\u0113jo\u0161\u0101 t\u0113rauda, \u200b\u200bgumijas un misi\u0146a, nodro\u0161ina netrauc\u0113tu jaudas p\u0101rvadi un darb\u012bbas efektivit\u0101ti da\u017e\u0101dos pielietojumos, s\u0101kot no s\u016bk\u0146u komplektiem l\u012bdz ku\u0123u piedzi\u0146as sist\u0113m\u0101m.<\/p>\n<p>FMP lepojas ar to, ka pied\u0101v\u0101 pla\u0161u savienojumu veidu kl\u0101stu, tostarp meh\u0101niski elast\u012bgus, met\u0101la elementu un elastom\u0113ru elementu dizainus, kas visi ir piel\u0101goti \u012bpa\u0161\u0101m r\u016bpniec\u012bbas vajadz\u012bb\u0101m. Papildus pla\u0161ajam produktu kl\u0101stam m\u0113s pied\u0101v\u0101jam ar\u012b piel\u0101gotus risin\u0101jumus klientiem It\u0101lij\u0101 un \u0101rpus t\u0101s. Ja atrodaties Bolo\u0146\u0101 un jums ir nepiecie\u0161ama unik\u0101la atloka elast\u012bga sakabe j\u016bsu lauksaimniec\u012bbas tehnikai vai mekl\u0113jat piel\u0101gotu dizainu \u0101trgaitas pielietojumam Mil\u0101n\u0101, FMP pieredz\u0113ju\u0161ie in\u017eenieri ir gatavi sadarboties ar jums. M\u016bsu piel\u0101go\u0161anas process nodro\u0161ina, ka katra sakabe tiek izgatavota atbilsto\u0161i j\u016bsu prec\u012bzaj\u0101m specifik\u0101cij\u0101m, nodro\u0161inot veiktsp\u0113ju un iztur\u012bbu, uz kuru varat pa\u013cauties.<\/p>\n<p>Nevarat atrast tie\u0161i sev nepiecie\u0161amo modeli m\u016bsu produktu sarakst\u0101? Neuztraucieties \u2014 m\u016bsu katalogs tiek past\u0101v\u012bgi atjaunin\u0101ts, un, iesp\u0113jams, m\u0113s v\u0113l neesam aug\u0161upiel\u0101d\u0113ju\u0161i visas iesp\u0113jas. Uz\u0146\u0113mumiem Florenc\u0113, Bolo\u0146\u0101 vai jebkur citur, vienk\u0101r\u0161i rakstiet mums savu pras\u012bbu e-pastu. M\u016bsu \u012bpa\u0161i atlas\u012bt\u0101 it\u0101\u013cu in\u017eenieru komanda atbild\u0113s 24 stundu laik\u0101 ar individu\u0101li piel\u0101gotiem padomiem un risin\u0101jumiem.<\/p>","protected":false},"excerpt":{"rendered":"<p>FMP&#8217;s flexible couplings are made to reduce vibration and cut down the cost of fixing transmission systems. Their special design helps protect the transmission from damage and makes less noise while running, which makes the system work better and last longer. Plus, these couplings are easy to install and adjust, so you can save time [&hellip;]<\/p>","protected":false},"featured_media":6376,"comment_status":"open","ping_status":"closed","template":"","meta":{"_et_pb_use_builder":"","_et_pb_old_content":"","_et_gb_content_width":""},"product_brand":[],"product_cat":[101],"product_tag":[],"class_list":{"0":"post-6375","1":"product","2":"type-product","3":"status-publish","4":"has-post-thumbnail","6":"product_cat-coupling","8":"first","9":"instock","10":"shipping-taxable","11":"product-type-simple"},"_links":{"self":[{"href":"https:\/\/fmp-components.com\/lv\/wp-json\/wp\/v2\/product\/6375","targetHints":{"allow":["GET"]}}],"collection":[{"href":"https:\/\/fmp-components.com\/lv\/wp-json\/wp\/v2\/product"}],"about":[{"href":"https:\/\/fmp-components.com\/lv\/wp-json\/wp\/v2\/types\/product"}],"replies":[{"embeddable":true,"href":"https:\/\/fmp-components.com\/lv\/wp-json\/wp\/v2\/comments?post=6375"}],"wp:featuredmedia":[{"embeddable":true,"href":"https:\/\/fmp-components.com\/lv\/wp-json\/wp\/v2\/media\/6376"}],"wp:attachment":[{"href":"https:\/\/fmp-components.com\/lv\/wp-json\/wp\/v2\/media?parent=6375"}],"wp:term":[{"taxonomy":"product_brand","embeddable":true,"href":"https:\/\/fmp-components.com\/lv\/wp-json\/wp\/v2\/product_brand?post=6375"},{"taxonomy":"product_cat","embeddable":true,"href":"https:\/\/fmp-components.com\/lv\/wp-json\/wp\/v2\/product_cat?post=6375"},{"taxonomy":"product_tag","embeddable":true,"href":"https:\/\/fmp-components.com\/lv\/wp-json\/wp\/v2\/product_tag?post=6375"}],"curies":[{"name":"wp","href":"https:\/\/api.w.org\/{rel}","templated":true}]}}