{"id":604,"date":"2024-12-17T01:34:18","date_gmt":"2024-12-17T01:34:18","guid":{"rendered":"https:\/\/fmp-components.com\/?page_id=8"},"modified":"2024-12-17T02:06:31","modified_gmt":"2024-12-17T02:06:31","slug":"hydraulic-cylinder-for-filter-press","status":"publish","type":"product","link":"https:\/\/fmp-components.com\/lv\/product\/hydraulic-cylinder-for-filter-press\/","title":{"rendered":"Hidrauliskais cilindrs filtra presei"},"content":{"rendered":"<p style=\"text-align: center;\"><span style=\"font-size: 18pt;\">Hidrauliskais cilindrs filtra presei<\/span><\/p>\n<p>Filtrpreses hidrauliskais cilindrs ir specializ\u0113ta hidrauliska sast\u0101vda\u013ca, kas paredz\u0113ta, lai nodro\u0161in\u0101tu nepiecie\u0161amo sp\u0113ku filtrpreses darbin\u0101\u0161anai da\u017e\u0101dos r\u016bpnieciskos pielietojumos, piem\u0113ram, notek\u016bde\u0146u att\u012br\u012b\u0161an\u0101, p\u0101rtikas p\u0101rstr\u0101d\u0113 un \u0137\u012bmiskaj\u0101 ra\u017eo\u0161an\u0101. \u0160im cilindram ir b\u016btiska loma filtr\u0101cijas proces\u0101, radot spiedienu uz filtrpreses pl\u0101ksn\u0113m, t\u0101d\u0113j\u0101di nodro\u0161inot efekt\u012bvu cietvielu atdal\u012b\u0161anu no \u0161\u0137idrumiem.<\/p>\n<p><img loading=\"lazy\" decoding=\"async\" class=\"alignnone size-full wp-image-609\" src=\"https:\/\/fmp-components.com\/wp-content\/uploads\/2024\/12\/Filter-Press-Hydraulic-Cylinder-1.webp\" alt=\"Filtra preses hidrauliskais cilindrs\" width=\"1000\" height=\"600\" title=\"\" srcset=\"https:\/\/fmp-components.com\/wp-content\/uploads\/2024\/12\/Filter-Press-Hydraulic-Cylinder-1.webp 1000w, https:\/\/fmp-components.com\/wp-content\/uploads\/2024\/12\/Filter-Press-Hydraulic-Cylinder-1-980x588.webp 980w, https:\/\/fmp-components.com\/wp-content\/uploads\/2024\/12\/Filter-Press-Hydraulic-Cylinder-1-480x288.webp 480w\" sizes=\"(min-width: 0px) and (max-width: 480px) 480px, (min-width: 481px) and (max-width: 980px) 980px, (min-width: 981px) 1000px, 100vw\" \/><\/p>\n<h4>Galven\u0101s iez\u012bmes:<\/h4>\n<ul>\n<li><strong>Augsta spiediena sp\u0113ja:<\/strong> \u0160is hidrauliskais cilindrs, kas izstr\u0101d\u0101ts, lai iztur\u0113tu augstu darba spiedienu, nodro\u0161ina nepiecie\u0161amo sp\u0113ku optim\u0101las filtr\u0113\u0161anas efektivit\u0101tes sasnieg\u0161anai.<\/li>\n<li><strong>Iztur\u012bga konstrukcija:<\/strong> Filtra preses hidrauliskais cilindrs ir izgatavots no augstas iztur\u012bbas materi\u0101liem, lai iztur\u0113tu filtr\u0101cijas procesu sare\u017e\u0123\u012btos apst\u0101k\u013cus, nodro\u0161inot ilgsto\u0161u iztur\u012bbu un uzticam\u012bbu.<\/li>\n<li><strong>Vienm\u0113r\u012bga darb\u012bba:<\/strong> Uzlabot\u0101 hidraulisk\u0101 konstrukcija nodro\u0161ina vienm\u0113r\u012bgas un kontrol\u0113tas kust\u012bbas, atvieglojot prec\u012bzu regul\u0113\u0161anu filtra preses darb\u012bbas laik\u0101.<\/li>\n<li><strong>Daudzpus\u012bgs pielietojums:<\/strong> \u0160is cilindrs ir ide\u0101li piem\u0113rots pla\u0161am nozaru kl\u0101stam, tostarp ieguves r\u016bpniec\u012bbai, farm\u0101cijai un p\u0101rtikas ra\u017eo\u0161anai, un uzlabo filtrpresu funkcionalit\u0101ti da\u017e\u0101dos pielietojumos.<\/li>\n<li><strong>Zemas apkopes pras\u012bbas:<\/strong> Hidrauliskais cilindrs, kas paredz\u0113ts minim\u0101lam nodilumam, prasa maz\u0101ku apkopi, samazinot d\u012bkst\u0101ves laiku un veicinot darb\u012bbas efektivit\u0101tes pieaugumu.<\/li>\n<\/ul>\n<p>Rezum\u0113jot, filtra preses hidrauliskais cilindrs ir b\u016btiska sast\u0101vda\u013ca, kas optimiz\u0113 filtra preses veiktsp\u0113ju, padarot to neaizst\u0101jamu efekt\u012bvai cietvielu un \u0161\u0137idrumu atdal\u012b\u0161anai da\u017e\u0101d\u0101s r\u016bpniec\u012bbas vid\u0113s.<\/p>\n<h2>Filtra preses hidraulisk\u0101 cilindra specifik\u0101cijas:<\/h2>\n<p><img loading=\"lazy\" decoding=\"async\" class=\"size-full wp-image-605 aligncenter\" src=\"https:\/\/fmp-components.com\/wp-content\/uploads\/2024\/12\/Filter-Press-Hydraulic-Cylinder1.webp\" alt=\"Filtra preses hidrauliskais cilindrs\" width=\"500\" height=\"200\" title=\"\" srcset=\"https:\/\/fmp-components.com\/wp-content\/uploads\/2024\/12\/Filter-Press-Hydraulic-Cylinder1.webp 500w, https:\/\/fmp-components.com\/wp-content\/uploads\/2024\/12\/Filter-Press-Hydraulic-Cylinder1-480x192.webp 480w\" sizes=\"(min-width: 0px) and (max-width: 480px) 480px, (min-width: 481px) 500px, 100vw\" \/><\/p>\n<table style=\"width: 102.341%; height: 208px;\" border=\"1\" cellspacing=\"0\" cellpadding=\"0\">\n<tbody>\n<tr>\n<td style=\"width: 25.9768%;\">Produkta nosaukums<\/td>\n<td style=\"width: 73.9176%;\">Filtra preses hidrauliskais cilindrs<\/td>\n<\/tr>\n<tr>\n<td style=\"width: 25.9768%;\">Funkcijas:<\/td>\n<td style=\"width: 73.9176%;\">Nodro\u0161iniet atduri\/spiediet spiediena pl\u0101ksni, lai saspiestu\/velciet spiedienu, lai saspiestu spiediena pl\u0101ksni<\/td>\n<\/tr>\n<tr>\n<td style=\"width: 25.9768%;\">Urbuma diametrs:<\/td>\n<td style=\"width: 73.9176%;\">160 mm\uff5e580 mm<\/td>\n<\/tr>\n<tr>\n<td style=\"width: 25.9768%;\">Stie\u0146a diametrs:<\/td>\n<td style=\"width: 73.9176%;\">110 mm\uff5e410 mm<br \/>\nG\u0101jiens \u22642600 mm<\/td>\n<\/tr>\n<tr>\n<td style=\"width: 25.9768%;\">Vilces sp\u0113ks:<\/td>\n<td style=\"width: 73.9176%;\">Maksimums 11889 kN<br \/>\n(Cilindra diametrs 580 mm\/spiediens 45 MPa)<\/td>\n<\/tr>\n<tr>\n<td style=\"width: 25.9768%;\">Filtra preses cilindra pielietojums:<\/td>\n<td style=\"width: 73.9176%;\">Filtra prese<\/td>\n<\/tr>\n<\/tbody>\n<\/table>\n<h2>Filtra preses hidraulisk\u0101 cilindra priek\u0161roc\u012bbas<\/h2>\n<p>Filtrpreses hidrauliskie cilindri ir b\u016btiskas filtrpreses darb\u012bbas sast\u0101vda\u013cas, kuras pla\u0161i izmanto da\u017e\u0101d\u0101s nozar\u0113s, piem\u0113ram, \u016bdens att\u012br\u012b\u0161an\u0101, \u0137\u012bmiskaj\u0101 p\u0101rstr\u0101d\u0113, ieguves r\u016bpniec\u012bb\u0101 un p\u0101rtikas ra\u017eo\u0161an\u0101. \u0160iem cilindriem ir iz\u0161\u0137iro\u0161a noz\u012bme pres\u0113\u0161anas un at\u016bde\u0146o\u0161anas procesos. T\u0101l\u0101k ir min\u0113tas da\u017eas no galvenaj\u0101m hidraulisko cilindru izmanto\u0161anas priek\u0161roc\u012bb\u0101m filtrpres\u0113s:<\/p>\n<h3>1. Augsta spiediena sp\u0113ja<\/h3>\n<p>Filtrpreses hidrauliskie cilindri ir paredz\u0113ti \u013coti augsta spiediena apstr\u0101dei, kas parasti sv\u0101rst\u0101s no 200 l\u012bdz 1000 b\u0101riem atkar\u012bb\u0101 no filtrpreses izm\u0113ra. Tas ir \u013coti svar\u012bgi, lai pieliktu nepiecie\u0161amo sp\u0113ku filtra pl\u0101k\u0161\u0146u saspie\u0161anai, filtr\u0101ta izvad\u012b\u0161anai un efekt\u012bvai suspensijas at\u016bde\u0146o\u0161anai.<\/p>\n<h3>2. Prec\u012bza vad\u012bba un regul\u0113jam\u012bba<\/h3>\n<p>Hidraulisk\u0101s sist\u0113mas nodro\u0161ina prec\u012bzu pres\u0113\u0161anas sp\u0113ka kontroli. Spiedienu var regul\u0113t un kontrol\u0113t, lai optimiz\u0113tu filtr\u0101cijas procesu, t\u0101d\u0113j\u0101di nodro\u0161inot efekt\u012bvu un vienm\u0113r\u012bgu veiktsp\u0113ju. \u0160\u012b precizit\u0101te nodro\u0161ina ar\u012b apr\u012bkojuma dro\u0161\u012bbu un pal\u012bdz samazin\u0101t nodilumu.<\/p>\n<h3>3. Automatiz\u0113ta darb\u012bba<\/h3>\n<p>Hidrauliskie cilindri nodro\u0161ina automatiz\u0113tu darb\u012bbu, samazinot manu\u0101las iejauk\u0161an\u0101s nepiecie\u0161am\u012bbu. Filtra prese var autom\u0101tiski piel\u0101got spiedienu filtr\u0101cijas cikla laik\u0101, nodro\u0161inot optim\u0101lu veiktsp\u0113ju, vienlaikus ietaupot laiku un darbasp\u0113ka izmaksas.<\/p>\n<h3>4. Iztur\u012bba un uzticam\u012bba<\/h3>\n<p>Filtrpres\u0113s izmantotie hidrauliskie cilindri ir izgatavoti no augstas iztur\u012bbas materi\u0101liem un ir paredz\u0113ti, lai iztur\u0113tu skarbus ekspluat\u0101cijas apst\u0101k\u013cus, piem\u0113ram, pak\u013cau\u0161anu kod\u012bg\u0101m \u0137\u012bmisk\u0101m viel\u0101m vai abraz\u012bv\u0101m suspensij\u0101m. Tas padara tos \u013coti iztur\u012bgus un uzticamus, samazinot d\u012bkst\u0101ves laiku un nepiecie\u0161am\u012bbu p\u0113c bie\u017eas nomai\u0146as.<\/p>\n<h3>5. Kompakts un telpu taupo\u0161s<\/h3>\n<p>Hidrauliskie cilindri ir kompakti un nodro\u0161ina lielu sp\u0113ku, neaiz\u0146emot daudz vietas. Tas ir \u012bpa\u0161i svar\u012bgi nozar\u0113s, kur ir ierobe\u017eota telpa, piem\u0113ram, notek\u016bde\u0146u att\u012br\u012b\u0161anas iek\u0101rt\u0101s vai \u0137\u012bmisk\u0101s p\u0101rstr\u0101des iek\u0101rt\u0101s.<\/p>\n<h3>6. Energoefektivit\u0101te<\/h3>\n<p>Hidraulisk\u0101s sist\u0113mas var b\u016bt energoefekt\u012bv\u0101kas sal\u012bdzin\u0101jum\u0101 ar cit\u0101m meh\u0101niskaj\u0101m sist\u0113m\u0101m, jo \u200b\u200bt\u0101s izmanto spiediena \u0161\u0137idrumu sp\u0113ka p\u0101rvadei. Tas var pal\u012bdz\u0113t samazin\u0101t filtra preses sist\u0113mas kop\u0113jo ener\u0123ijas pat\u0113ri\u0146u, ilgtermi\u0146\u0101 veicinot izmaksu ietaup\u012bjumus.<\/p>\n<h3>7. Zema apkope<\/h3>\n<p>Hidrauliskajiem cilindriem parasti ir nepiecie\u0161ama maz\u0101ka apkope sal\u012bdzin\u0101jum\u0101 ar meh\u0101niskaj\u0101m vai pneimatiskaj\u0101m sist\u0113m\u0101m. Ar pien\u0101c\u012bgu kop\u0161anu, piem\u0113ram, regul\u0101r\u0101m \u0161\u0137idrumu p\u0101rbaud\u0113m un bl\u012bv\u0113jumu apkopi, hidrauliskie cilindri var nodro\u0161in\u0101t ilgu kalpo\u0161anas laiku, kas ir izmaksu zi\u0146\u0101 efekt\u012bvi nozar\u0113m, kas pa\u013caujas uz nep\u0101rtrauktu filtr\u0113\u0161anu.<\/p>\n<h3>8. Sp\u0113ja apstr\u0101d\u0101t liel\u0101kas kravas<\/h3>\n<p>Hidraulisk\u0101s sist\u0113mas var rad\u012bt iev\u0113rojamu sp\u0113ku attiec\u012bb\u0101 pret to izm\u0113ru, padarot t\u0101s ide\u0101li piem\u0113rotas filtrpresu lielo slodzi. \u0160\u012b sp\u0113ja \u013cauj filtrpres\u0113m apstr\u0101d\u0101t liel\u0101kus vircas apjomus un nodro\u0161in\u0101t efekt\u012bv\u0101kus at\u016bde\u0146o\u0161anas rezult\u0101tus.<\/p>\n<h3>9. Samazin\u0101ts nodilums<\/h3>\n<p>Hidrauliskie cilindri kust\u012bbas rad\u012b\u0161anai izmanto \u0161\u0137idrumu, kas samazina berzi un meh\u0101nisko nodilumu, kas parasti nov\u0113rojams sist\u0113m\u0101s ar meh\u0101niskiem savienojumiem. Tas pagarina visas filtra preses sist\u0113mas kalpo\u0161anas laiku.<\/p>\n<h3>10. Dro\u0161\u012bbas funkcijas<\/h3>\n<p>Daudz\u0101m filtrpreses hidrauliskaj\u0101m sist\u0113m\u0101m ir ieb\u016bv\u0113ti dro\u0161\u012bbas meh\u0101nismi, piem\u0113ram, spiediena samazin\u0101\u0161anas v\u0101rsti un sensori, kas pal\u012bdz nov\u0113rst sist\u0113mas p\u0101rslodzi un aizsarg\u0101t apr\u012bkojumu no boj\u0101jumiem.<\/p>\n<h3>11. Piel\u0101gojami dizaini<\/h3>\n<p>Filtrpreses hidrauliskos cilindrus var piel\u0101got konkr\u0113taj\u0101m pielietojuma pras\u012bb\u0101m. Neatkar\u012bgi no t\u0101, vai tas ir spiediena, g\u0101jiena garuma vai materi\u0101la izv\u0113les zi\u0146\u0101, hidrauliskos cilindrus var konstru\u0113t t\u0101, lai tie prec\u012bzi atbilstu konkr\u0113tas nozares vai filtr\u0101cijas procesa vajadz\u012bb\u0101m.<\/p>\n<p>Rezum\u0113jot, hidraulisko cilindru priek\u0161roc\u012bbas filtrpres\u0113s izriet no to augst\u0101s spiediena sp\u0113jas, prec\u012bz\u0101s vad\u012bbas, uzticam\u012bbas, energoefektivit\u0101tes un iztur\u012bbas. \u0160\u012bs \u012bpa\u0161\u012bbas padara tos par ide\u0101lu izv\u0113li nozar\u0113m, kur\u0101m nepiecie\u0161ami iztur\u012bgi un efekt\u012bvi filtr\u0101cijas risin\u0101jumi.<\/p>\n<p><img loading=\"lazy\" decoding=\"async\" class=\"alignnone size-full wp-image-610\" src=\"https:\/\/fmp-components.com\/wp-content\/uploads\/2024\/12\/fmwYxuKu-hydraulic-cylinder-factory-1.webp\" alt=\"hidraulisko cilindru r\u016bpn\u012bca\" width=\"1049\" height=\"665\" title=\"\" srcset=\"https:\/\/fmp-components.com\/wp-content\/uploads\/2024\/12\/fmwYxuKu-hydraulic-cylinder-factory-1.webp 1049w, https:\/\/fmp-components.com\/wp-content\/uploads\/2024\/12\/fmwYxuKu-hydraulic-cylinder-factory-1-980x621.webp 980w, https:\/\/fmp-components.com\/wp-content\/uploads\/2024\/12\/fmwYxuKu-hydraulic-cylinder-factory-1-480x304.webp 480w\" sizes=\"(min-width: 0px) and (max-width: 480px) 480px, (min-width: 481px) and (max-width: 980px) 980px, (min-width: 981px) 1049px, 100vw\" \/><\/p>\n<h2>Filtra preses hidraulisk\u0101 cilindra pielietojums<\/h2>\n<h3>1. Notek\u016bde\u0146u att\u012br\u012b\u0161ana<\/h3>\n<p>Filtrpreses hidrauliskie cilindri tiek pla\u0161i izmantoti notek\u016bde\u0146u att\u012br\u012b\u0161anas iek\u0101rt\u0101s, lai efekt\u012bvi atdal\u012btu ciet\u0101s vielas no \u0161\u0137idrumiem. Pielietojot iev\u0113rojamu spiedienu, \u0161ie cilindri pal\u012bdz nodro\u0161in\u0101t, ka notek\u016bde\u0146i atbilst stingriem normat\u012bvajiem standartiem, pirms tie tiek novad\u012bti vid\u0113. \u0160is process ne tikai aizsarg\u0101 \u016bdens kvalit\u0101ti, bet ar\u012b veicina ilgtsp\u0113j\u012bgu atkritumu apsaimnieko\u0161anas praksi, padarot to par b\u016btisku sast\u0101vda\u013cu pa\u0161vald\u012bbu un r\u016bpniecisko notek\u016bde\u0146u att\u012br\u012b\u0161anas darb\u012bb\u0101s.<\/p>\n<h3>2. P\u0101rtikas un dz\u0113rienu r\u016bpniec\u012bba<\/h3>\n<p>P\u0101rtikas p\u0101rstr\u0101des nozar\u0113 filtrpreses hidrauliskajiem cilindriem ir b\u016btiska loma da\u017e\u0101dos pielietojumos, piem\u0113ram, sulu dzidrin\u0101\u0161an\u0101, e\u013c\u013cu ekstrakcij\u0101 un cietvielu atdal\u012b\u0161an\u0101 no \u0161\u0137idriem produktiem. Uzlabojot filtr\u0101cijas procesu, \u0161ie cilindri veicina augstas kvalit\u0101tes p\u0101rtikas un dz\u0113rienu ra\u017eo\u0161anu, nodro\u0161inot, ka produkti nesatur piemais\u012bjumus un atbilst dro\u0161\u012bbas standartiem. To efektivit\u0101te pal\u012bdz ra\u017eot\u0101jiem optimiz\u0113t ra\u017eo\u0161anas procesus un uztur\u0113t produktu konsistenci.<\/p>\n<h3>3. \u0136\u012bmisk\u0101 ra\u017eo\u0161ana<\/h3>\n<p>\u0136\u012bmiskaj\u0101s r\u016bpn\u012bc\u0101s filtrpreses hidrauliskie cilindri ir b\u016btiski, lai efekt\u012bvi atdal\u012btu cietvielas no suspensij\u0101m. \u0160\u012b iesp\u0113ja pal\u012bdz att\u012br\u012bt \u0137\u012bmisk\u0101s vielas un atg\u016bt v\u0113rt\u012bgus materi\u0101lus, padarot ra\u017eo\u0161anas procesu ekonomisk\u0101ku un videi draudz\u012bg\u0101ku. Nodro\u0161inot, ka ra\u017eo\u0161an\u0101 tiek izmantotas tikai t\u012bras vielas, \u0161ie cilindri pal\u012bdz saglab\u0101t \u0137\u012bmisko produktu integrit\u0101ti un atbilst nozares noteikumiem.<\/p>\n<h3>4. Kalnr\u016bpniec\u012bba un miner\u0101lu p\u0101rstr\u0101de<\/h3>\n<p>Kalnr\u016bpniec\u012bbas nozar\u0113 \u0161ie hidrauliskie cilindri ir kritiski svar\u012bgi koncentr\u0101tu un atlieku at\u016bde\u0146o\u0161anai. Tie atvieglo \u016bdens atdal\u012b\u0161anu no ieg\u016btajiem materi\u0101liem, pal\u012bdzot p\u0101rvald\u012bt atkritumus un atg\u016bt v\u0113rt\u012bgus miner\u0101lus no r\u016bdas. Tas ne tikai uzlabo darb\u012bbas efektivit\u0101ti, bet ar\u012b samazina kalnr\u016bpniec\u012bbas darb\u012bbu ietekmi uz vidi, samazinot \u016bdens pat\u0113ri\u0146u un veicinot atkritumu p\u0101rstr\u0101di.<\/p>\n<h3>5. Farm\u0101cija<\/h3>\n<p>Farm\u0101cijas ra\u017eo\u0161an\u0101 filtrpreses hidrauliskie cilindri pal\u012bdz filtr\u0113\u0161anas un att\u012br\u012b\u0161anas procesos, kas ir b\u016btiski dro\u0161u un augstas kvalit\u0101tes medikamentu ra\u017eo\u0161anai. Efekt\u012bvi no\u0146emot piemais\u012bjumus un nodro\u0161inot \u0161\u0137idro z\u0101\u013cu formu dzidrumu, \u0161ie cilindri pal\u012bdz ra\u017eot\u0101jiem iev\u0113rot stingrus normat\u012bvos standartus un uztur\u0113t produktu efektivit\u0101ti. To loma ir iz\u0161\u0137iro\u0161a, lai nodro\u0161in\u0101tu, ka farmaceitiskie l\u012bdzek\u013ci ir gan dro\u0161i lieto\u0161anai p\u0101rtik\u0101, gan efekt\u012bvi medic\u012bnisko st\u0101vok\u013cu \u0101rst\u0113\u0161an\u0101.<\/p>\n<h3>6. Celulozes un pap\u012bra r\u016bpniec\u012bba<\/h3>\n<p>Filtrpreses hidrauliskos cilindrus izmanto celulozes un pap\u012bra r\u016bpniec\u012bb\u0101 celulozes at\u016bde\u0146o\u0161anai, efekt\u012bvi atdalot \u016bdeni no \u0161\u0137iedr\u0101m ra\u017eo\u0161anas laik\u0101. \u0160is process ne tikai uzlabo ra\u017eo\u0161anas l\u012bnijas efektivit\u0101ti, bet ar\u012b pal\u012bdz ra\u017eot augst\u0101kas kvalit\u0101tes pap\u012bra izstr\u0101d\u0101jumus. Samazinot \u016bdens saturu, \u0161ie cilindri veicina ener\u0123ijas taup\u012b\u0161anu un uzlabo pap\u012bra ra\u017eo\u0161anas procesa ilgtsp\u0113j\u012bbu kopum\u0101.<\/p>\n<h3>7. Vides san\u0101cija<\/h3>\n<p>Vides att\u012br\u012b\u0161anas oper\u0101cij\u0101s filtrpreses hidrauliskos cilindrus izmanto, lai filtr\u0113tu pies\u0101r\u0146ot\u0101jus no augsnes un \u016bdens. Efekt\u012bvi atdalot kait\u012bg\u0101s vielas no t\u012briem materi\u0101liem, \u0161iem cilindriem ir noz\u012bm\u012bga loma pies\u0101r\u0146otu vietu atjauno\u0161an\u0101 un vides atvese\u013co\u0161an\u0101s veicin\u0101\u0161an\u0101. To pielietojums san\u0101cijas projektos uzsver to noz\u012bmi ekosist\u0113mu un sabiedr\u012bbas vesel\u012bbas aizsardz\u012bb\u0101.<\/p>\n<p>Filtrpreses hidrauliskie cilindri ir daudzpus\u012bgi komponenti, kas uzlabo cietvielu un \u0161\u0137idrumu atdal\u012b\u0161anas efektivit\u0101ti un lietder\u012bbu da\u017e\u0101d\u0101s nozar\u0113s. To sp\u0113ja nodro\u0161in\u0101t produkta kvalit\u0101ti un atbilst\u012bbu vides noteikumiem padara tos neaizst\u0101jamus notek\u016bde\u0146u att\u012br\u012b\u0161an\u0101, p\u0101rtikas p\u0101rstr\u0101d\u0113, \u0137\u012bmiskaj\u0101 ra\u017eo\u0161an\u0101, ieguves r\u016bpniec\u012bb\u0101, farm\u0101cij\u0101, celulozes un pap\u012bra ra\u017eo\u0161an\u0101, k\u0101 ar\u012b vides atvese\u013co\u0161an\u0101. Optimiz\u0113jot \u0161os kritiskos procesus, filtrpreses hidrauliskie cilindri iev\u0113rojami veicina darb\u012bbas efektivit\u0101ti un ilgtsp\u0113j\u012bbu da\u017e\u0101dos pielietojumos.<\/p>\n<p><img loading=\"lazy\" decoding=\"async\" class=\"alignnone size-full wp-image-607\" src=\"https:\/\/fmp-components.com\/wp-content\/uploads\/2024\/12\/Filter-Press-Hydraulic-Cylinder.webp\" alt=\"Filtra preses hidrauliskais cilindrs\" width=\"1024\" height=\"597\" title=\"\" srcset=\"https:\/\/fmp-components.com\/wp-content\/uploads\/2024\/12\/Filter-Press-Hydraulic-Cylinder.webp 1024w, https:\/\/fmp-components.com\/wp-content\/uploads\/2024\/12\/Filter-Press-Hydraulic-Cylinder-980x571.webp 980w, https:\/\/fmp-components.com\/wp-content\/uploads\/2024\/12\/Filter-Press-Hydraulic-Cylinder-480x280.webp 480w\" sizes=\"(min-width: 0px) and (max-width: 480px) 480px, (min-width: 481px) and (max-width: 980px) 980px, (min-width: 981px) 1024px, 100vw\" \/><\/p>\n<h3>Par FMP<\/h3>\n<p>FMP ir specializ\u0113ts meh\u0101nisk\u0101s ra\u017eo\u0161anas uz\u0146\u0113mums, kas nodarbojas ar hidraulisko cilindru ra\u017eo\u0161anu. Kop\u0161 dibin\u0101\u0161anas uz\u0146\u0113mums ir koncentr\u0113jies uz hidraulisko tehnolo\u0123iju izp\u0113ti un ra\u017eo\u0161anu, veiksm\u012bgi p\u0101rejot no daudzveid\u012bga produktu kl\u0101sta, kas ietv\u0113ra ra\u017eas nov\u0101k\u0161anas un celtniec\u012bbas tehniku, uz specializ\u0101ciju lauksaimniec\u012bbas traktoru deta\u013c\u0101s. Ar vair\u0101k nek\u0101 desmit gadu pieredzi ra\u017eo\u0161an\u0101 un vad\u012bb\u0101 FMP nodro\u0161ina augstas kvalit\u0101tes produktus, izmantojot progres\u012bvas ra\u017eo\u0161anas metodes.<\/p>\n<p>Uz\u0146\u0113mumam att\u012bstoties, tas ir izstr\u0101d\u0101jis visaptvero\u0161u apstr\u0101des ra\u017eo\u0161anas l\u012bniju, mont\u0101\u017eas l\u012bniju un p\u0101rkl\u0101\u0161anas l\u012bniju. M\u016bsu komandu veido prasm\u012bgs vad\u012bbas person\u0101ls, pieredz\u0113ju\u0161i meh\u0101niskie konstruktori un augsti kvalific\u0113ti tehni\u0137i, kas str\u0101d\u0101 kop\u0101, lai uztur\u0113tu stabilu ra\u017eo\u0161anas kvalit\u0101ti, vienlaikus efekt\u012bvi kontrol\u0113jot procesa nep\u0101rtraukt\u012bbu un efektivit\u0101ti.<\/p>\n<p>FMP iev\u0113ro filozofiju \u201cTehnolo\u0123isk\u0101s inov\u0101cijas veicina progresu, kvalit\u0101te rada z\u012bmolus, meistar\u012bba nodro\u0161ina kvalit\u0101ti un veido ilgtermi\u0146a abpus\u0113ji izdev\u012bgas attiec\u012bbas\u201d. M\u016bsu ap\u0146em\u0161an\u0101s nodro\u0161in\u0101t augstas kvalit\u0101tes produktus un izcilu klientu apkalpo\u0161anu joproj\u0101m ir m\u016bsu galvenais m\u0113r\u0137is, turpinot apmierin\u0101t main\u012bg\u0101s tirgus vajadz\u012bbas.<\/p>\n<p><img loading=\"lazy\" decoding=\"async\" class=\"alignnone size-full wp-image-426\" src=\"https:\/\/fmp-components.com\/wp-content\/uploads\/2024\/12\/Sanitation-Machinery-Locking-Hydraulic-Cylinder-factory.webp\" sizes=\"(min-width: 0px) and (max-width: 480px) 480px, (min-width: 481px) and (max-width: 980px) 980px, (min-width: 981px) and (max-width: 1280px) 1280px, (min-width: 1281px) 1414px, 100vw\" srcset=\"https:\/\/fmp-components.com\/wp-content\/uploads\/2024\/12\/Sanitation-Machinery-Locking-Hydraulic-Cylinder-factory.webp 1414w, https:\/\/fmp-components.com\/wp-content\/uploads\/2024\/12\/Sanitation-Machinery-Locking-Hydraulic-Cylinder-factory-1280x529.webp 1280w, https:\/\/fmp-components.com\/wp-content\/uploads\/2024\/12\/Sanitation-Machinery-Locking-Hydraulic-Cylinder-factory-980x405.webp 980w, https:\/\/fmp-components.com\/wp-content\/uploads\/2024\/12\/Sanitation-Machinery-Locking-Hydraulic-Cylinder-factory-480x198.webp 480w\" alt=\"Sanit\u0101rijas-ma\u0161\u012bnu-blo\u0137\u0113\u0161anas-hidraulisko-cilindru-fabrika\" width=\"1414\" height=\"584\" title=\"\"><\/p>\n<p>Autors: CX<\/p>","protected":false},"excerpt":{"rendered":"<p>Filtrpreses hidrauliskais cilindrs ir galven\u0101 sast\u0101vda\u013ca, kas paredz\u0113ta, lai nodro\u0161in\u0101tu nepiecie\u0161amo sp\u0113ku filtrpreses efekt\u012bvai darb\u012bbai da\u017e\u0101dos r\u016bpnieciskos pielietojumos. \u0160is cilindrs pieliek spiedienu uz filtra pl\u0101ksn\u0113m, nodro\u0161inot efekt\u012bvu cietvielu atdal\u012b\u0161anu no \u0161\u0137idrumiem filtr\u0101cijas procesa laik\u0101. Izgatavots no augstas iztur\u012bbas materi\u0101liem, tas ir paredz\u0113ts, lai iztur\u0113tu filtr\u0101cijas vid\u0113 rakstur\u012bgos sare\u017e\u0123\u012btos apst\u0101k\u013cus, nodro\u0161inot iztur\u012bbu un uzticam\u012bbu. Vienm\u0113r\u012bg\u0101 hidraulisk\u0101 darb\u012bba \u013cauj prec\u012bzi kontrol\u0113t, uzlabojot filtr\u0101cijas procesa kop\u0113jo efektivit\u0101ti un lietder\u012bbu. \u0160is hidrauliskais cilindrs ir b\u016btisks filtrpreses veiktsp\u0113jas optimiz\u0113\u0161anai, padarot to par kritiski svar\u012bgu elementu t\u0101d\u0101s nozar\u0113s k\u0101 notek\u016bde\u0146u att\u012br\u012b\u0161ana, p\u0101rtikas p\u0101rstr\u0101de un \u0137\u012bmisk\u0101 ra\u017eo\u0161ana.<\/p>","protected":false},"featured_media":606,"comment_status":"open","ping_status":"closed","template":"","meta":{"_et_pb_use_builder":"","_et_pb_old_content":"","_et_gb_content_width":""},"product_brand":[],"product_cat":[27],"product_tag":[],"class_list":{"0":"post-604","1":"product","2":"type-product","3":"status-publish","4":"has-post-thumbnail","6":"product_cat-industrial-engineering-hydraulic-cylinders","8":"first","9":"instock","10":"shipping-taxable","11":"product-type-simple"},"_links":{"self":[{"href":"https:\/\/fmp-components.com\/lv\/wp-json\/wp\/v2\/product\/604","targetHints":{"allow":["GET"]}}],"collection":[{"href":"https:\/\/fmp-components.com\/lv\/wp-json\/wp\/v2\/product"}],"about":[{"href":"https:\/\/fmp-components.com\/lv\/wp-json\/wp\/v2\/types\/product"}],"replies":[{"embeddable":true,"href":"https:\/\/fmp-components.com\/lv\/wp-json\/wp\/v2\/comments?post=604"}],"wp:featuredmedia":[{"embeddable":true,"href":"https:\/\/fmp-components.com\/lv\/wp-json\/wp\/v2\/media\/606"}],"wp:attachment":[{"href":"https:\/\/fmp-components.com\/lv\/wp-json\/wp\/v2\/media?parent=604"}],"wp:term":[{"taxonomy":"product_brand","embeddable":true,"href":"https:\/\/fmp-components.com\/lv\/wp-json\/wp\/v2\/product_brand?post=604"},{"taxonomy":"product_cat","embeddable":true,"href":"https:\/\/fmp-components.com\/lv\/wp-json\/wp\/v2\/product_cat?post=604"},{"taxonomy":"product_tag","embeddable":true,"href":"https:\/\/fmp-components.com\/lv\/wp-json\/wp\/v2\/product_tag?post=604"}],"curies":[{"name":"wp","href":"https:\/\/api.w.org\/{rel}","templated":true}]}}