{"id":567,"date":"2024-12-16T08:32:55","date_gmt":"2024-12-16T08:32:55","guid":{"rendered":"https:\/\/fmp-components.com\/?page_id=8"},"modified":"2024-12-16T09:02:56","modified_gmt":"2024-12-16T09:02:56","slug":"mining-dump-truck-cylinder","status":"publish","type":"product","link":"https:\/\/fmp-components.com\/lv\/product\/mining-dump-truck-cylinder\/","title":{"rendered":"Kalnr\u016bpniec\u012bbas pa\u0161izg\u0101z\u0113ja cilindrs"},"content":{"rendered":"<p style=\"text-align: center;\"><span style=\"font-size: 18pt;\">Kalnr\u016bpniec\u012bbas pa\u0161izg\u0101z\u0113ja cilindrs<\/span><\/p>\n<p>Kalnr\u016bpniec\u012bbas pa\u0161izg\u0101z\u0113ja cilindrs ir svar\u012bga hidrauliska sast\u0101vda\u013ca, kas paredz\u0113ta, lai atvieglotu kalnr\u016bpniec\u012bbas pa\u0161izg\u0101z\u0113ju cel\u0161anas un izg\u0101\u0161anas funkcijas. \u0160is cilindrs nodro\u0161ina nepiecie\u0161amo sp\u0113ku kravas automa\u0161\u012bnas kravas kastes pacel\u0161anai, \u013caujot efekt\u012bvi izkraut t\u0101dus materi\u0101lus k\u0101 r\u016bda, grants un atkritumi.<\/p>\n<p><img loading=\"lazy\" decoding=\"async\" class=\"size-full wp-image-568 aligncenter\" src=\"https:\/\/fmp-components.com\/wp-content\/uploads\/2024\/12\/Mining-Dump-Truck-Cylinder.webp\" alt=\"Kalnr\u016bpniec\u012bbas pa\u0161izg\u0101z\u0113ja cilindrs\" width=\"760\" height=\"533\" title=\"\" srcset=\"https:\/\/fmp-components.com\/wp-content\/uploads\/2024\/12\/Mining-Dump-Truck-Cylinder.webp 760w, https:\/\/fmp-components.com\/wp-content\/uploads\/2024\/12\/Mining-Dump-Truck-Cylinder-480x337.webp 480w\" sizes=\"(min-width: 0px) and (max-width: 480px) 480px, (min-width: 481px) 760px, 100vw\" \/><\/p>\n<p>Galven\u0101s iez\u012bmes:<\/p>\n<ul>\n<li>Iztur\u012bga konstrukcija: Izgatavots no augstas stipr\u012bbas materi\u0101liem, kalnr\u016bpniec\u012bbas pa\u0161izg\u0101z\u0113ja cilindrs ir konstru\u0113ts t\u0101, lai iztur\u0113tu skarbos kalnr\u016bpniec\u012bbas vides apst\u0101k\u013cus, nodro\u0161inot ilgsto\u0161u iztur\u012bbu un uzticam\u012bbu.<\/li>\n<li>Vienm\u0113r\u012bga hidraulisk\u0101 darb\u012bba: Hidraulisk\u0101 konstrukcija nodro\u0161ina vienm\u0113r\u012bgas un kontrol\u0113tas kust\u012bbas, \u013caujot prec\u012bzi pacelt un nolaist pa\u0161izg\u0101z\u0113ja platformu efekt\u012bvai materi\u0101lu apstr\u0101dei.<\/li>\n<li>Liela ietilp\u012bba: \u0160is cilindrs, kas paredz\u0113ts lielu kravu apstr\u0101dei, nodro\u0161ina jaudu, kas nepiecie\u0161ama pras\u012bgiem uzdevumiem, ar kuriem bie\u017ei saskaras kalnr\u016bpniec\u012bbas darbos.<\/li>\n<li>Daudzpus\u012bgs pielietojums: Cilindrs ir piem\u0113rots da\u017e\u0101du veidu kalnr\u016bpniec\u012bbas pa\u0161izg\u0101z\u0113jiem, un tas uzlabo kravas automa\u0161\u012bnas funkcionalit\u0101ti, padarot to ide\u0101li piem\u0113rotu beramkravu p\u0101rvad\u0101\u0161anai un izkrau\u0161anai da\u017e\u0101d\u0101s kalnr\u016bpniec\u012bbas situ\u0101cij\u0101s.<\/li>\n<li>Zemas apkopes pras\u012bbas: Iztur\u012bg\u0101 konstrukcija samazina nodilumu, k\u0101 rezult\u0101t\u0101 samazin\u0101s apkopes nepiecie\u0161am\u012bba un d\u012bkst\u0101ves laiks, t\u0101d\u0113j\u0101di palielinot produktivit\u0101ti.<\/li>\n<\/ul>\n<p>Kalnr\u016bpniec\u012bbas pa\u0161izg\u0101z\u0113ja cilindrs ir b\u016btiska sast\u0101vda\u013ca, kas optimiz\u0113 kalnr\u016bpniec\u012bbas pa\u0161izg\u0101z\u0113ju veiktsp\u0113ju un efektivit\u0101ti, padarot to neaizst\u0101jamu efekt\u012bvai materi\u0101lu apstr\u0101dei kalnr\u016bpniec\u012bbas darbos.<\/p>\n<h2>Kalnr\u016bpniec\u012bbas pa\u0161izg\u0101z\u0113ja pacel\u0161anas cilindra specifik\u0101cijas:<\/h2>\n<p>Kalnr\u016bpniec\u012bbas pa\u0161izg\u0101z\u0113ja pacel\u0161anas cilindrs ir svar\u012bga hidrauliska sast\u0101vda\u013ca, kas paredz\u0113ta, lai atvieglotu pa\u0161izg\u0101z\u0113ja kravas platformas pacel\u0161anu un noliek\u0161anu kalnr\u016bpniec\u012bbas pa\u0161izg\u0101z\u0113jos. \u0160is cilindrs nodro\u0161ina nepiecie\u0161amo sp\u0113ku kravas platformas pacel\u0161anai, \u013caujot efekt\u012bvi izkraut smagus materi\u0101lus, piem\u0113ram, r\u016bdu, ie\u017eus un atkritumus. Izgatavots no augstas iztur\u012bbas materi\u0101liem, tas ir izstr\u0101d\u0101ts, lai iztur\u0113tu skarbos kalnr\u016bpniec\u012bbas darb\u012bbas apst\u0101k\u013cus, nodro\u0161inot iztur\u012bbu un uzticam\u012bbu ekstrem\u0101lu slod\u017eu gad\u012bjum\u0101. Vienm\u0113r\u012bg\u0101 hidraulisk\u0101 darb\u012bba nodro\u0161ina prec\u012bzu kontroli pacel\u0161anas un izg\u0101\u0161anas laik\u0101, uzlabojot darb\u012bbas efektivit\u0101ti un dro\u0161\u012bbu. \u0160is pacel\u0161anas cilindrs ir b\u016btisks, lai optimiz\u0113tu pa\u0161izg\u0101z\u0113ju veiktsp\u0113ju da\u017e\u0101dos kalnr\u016bpniec\u012bbas darbos, veicinot efekt\u012bvu materi\u0101lu apstr\u0101di un produktivit\u0101ti.<\/p>\n<p><img loading=\"lazy\" decoding=\"async\" class=\"size-full wp-image-572 aligncenter\" src=\"https:\/\/fmp-components.com\/wp-content\/uploads\/2024\/12\/Mining-Dump-Truck-Lifting-Cylinder1.webp\" alt=\"Kalnr\u016bpniec\u012bbas pa\u0161izg\u0101z\u0113ja pacel\u0161anas cilindrs\" width=\"500\" height=\"200\" title=\"\" srcset=\"https:\/\/fmp-components.com\/wp-content\/uploads\/2024\/12\/Mining-Dump-Truck-Lifting-Cylinder1.webp 500w, https:\/\/fmp-components.com\/wp-content\/uploads\/2024\/12\/Mining-Dump-Truck-Lifting-Cylinder1-480x192.webp 480w\" sizes=\"(min-width: 0px) and (max-width: 480px) 480px, (min-width: 481px) 500px, 100vw\" \/><\/p>\n<table style=\"width: 97.3366%; height: 117px;\" border=\"1\" cellspacing=\"0\" cellpadding=\"0\">\n<tbody>\n<tr>\n<td>Produkta nosaukums<\/td>\n<td>Kalnr\u016bpniec\u012bbas pa\u0161izg\u0101z\u0113ja pacel\u0161anas cilindrs<\/td>\n<\/tr>\n<tr>\n<td>Funkcijas:<\/td>\n<td>Pacelt\/nolaist virsb\u016bvi kravas izg\u0101\u0161anai<\/td>\n<\/tr>\n<tr>\n<td>Urbuma diametrs:<\/td>\n<td>120 mm\uff5e380 mm<\/td>\n<\/tr>\n<tr>\n<td>Stie\u0146a diametrs:<\/td>\n<td>90 mm\uff5e350 mm<\/td>\n<\/tr>\n<tr>\n<td>Parasti:<\/td>\n<td>Divpak\u0101pju vai tr\u012bspak\u0101pju cilindrs<\/td>\n<\/tr>\n<tr>\n<td>Pacel\u0161anas cilindru pielietojumi:<\/td>\n<td>Kalnr\u016bpniec\u012bbas pa\u0161izg\u0101z\u0113js<\/td>\n<\/tr>\n<\/tbody>\n<\/table>\n<p><img loading=\"lazy\" decoding=\"async\" class=\"alignnone size-full wp-image-576\" src=\"https:\/\/fmp-components.com\/wp-content\/uploads\/2024\/12\/Mining-Dump-Truck-Lifting-Cylinder.webp\" alt=\"Kalnr\u016bpniec\u012bbas pa\u0161izg\u0101z\u0113ja pacel\u0161anas cilindrs\" width=\"1000\" height=\"600\" title=\"\" srcset=\"https:\/\/fmp-components.com\/wp-content\/uploads\/2024\/12\/Mining-Dump-Truck-Lifting-Cylinder.webp 1000w, https:\/\/fmp-components.com\/wp-content\/uploads\/2024\/12\/Mining-Dump-Truck-Lifting-Cylinder-980x588.webp 980w, https:\/\/fmp-components.com\/wp-content\/uploads\/2024\/12\/Mining-Dump-Truck-Lifting-Cylinder-480x288.webp 480w\" sizes=\"(min-width: 0px) and (max-width: 480px) 480px, (min-width: 481px) and (max-width: 980px) 980px, (min-width: 981px) 1000px, 100vw\" \/>Kalnr\u016bpniec\u012bbas pa\u0161izg\u0101z\u0113ja st\u016bres cilindra specifik\u0101cijas:<\/p>\n<p>Kalnr\u016bpniec\u012bbas pa\u0161izg\u0101z\u0113ja st\u016bres cilindrs ir svar\u012bga hidrauliska sast\u0101vda\u013ca, kas nodro\u0161ina prec\u012bzu pa\u0161izg\u0101z\u0113ja st\u016bres meh\u0101nisma kontroli, nodro\u0161inot efekt\u012bvu manevr\u0113tsp\u0113ju sare\u017e\u0123\u012bt\u0101 kalnr\u016bpniec\u012bbas vid\u0113. \u0160is cilindrs atvieglo kravas automa\u0161\u012bnas rite\u0146u kust\u012bbu, \u013caujot operatoriem viegli p\u0101rvietoties \u0161aur\u0101s telp\u0101s un nel\u012bdzen\u0101 reljef\u0101. Izgatavots no augstas iztur\u012bbas materi\u0101liem, tas ir paredz\u0113ts, lai iztur\u0113tu sare\u017e\u0123\u012btus kalnr\u016bpniec\u012bbas darb\u012bbas apst\u0101k\u013cus, nodro\u0161inot iztur\u012bbu un uzticam\u012bbu. Vienm\u0113r\u012bg\u0101 hidraulisk\u0101 darb\u012bba uzlabo st\u016br\u0113\u0161anas atsauc\u012bbu, veicinot visp\u0101r\u0113jo dro\u0161\u012bbu un efektivit\u0101ti materi\u0101lu p\u0101rvad\u0101\u0161anas laik\u0101. \u0160is st\u016bres cilindrs ir b\u016btisks, lai optimiz\u0113tu kalnr\u016bpniec\u012bbas pa\u0161izg\u0101z\u0113ju veiktsp\u0113ju da\u017e\u0101dos pielietojumos, nodro\u0161inot dro\u0161u un efekt\u012bvu p\u0101rvieto\u0161anos nel\u012bdzen\u0101s kalnr\u016bpniec\u012bbas viet\u0101s.<\/p>\n<p><img loading=\"lazy\" decoding=\"async\" class=\"size-full wp-image-575 aligncenter\" src=\"https:\/\/fmp-components.com\/wp-content\/uploads\/2024\/12\/Mining-Dump-Truck-Steering-Cylinder1.webp\" alt=\"Kalnr\u016bpniec\u012bbas pa\u0161izg\u0101z\u0113ja st\u016bres cilindrs\" width=\"500\" height=\"200\" title=\"\" srcset=\"https:\/\/fmp-components.com\/wp-content\/uploads\/2024\/12\/Mining-Dump-Truck-Steering-Cylinder1.webp 500w, https:\/\/fmp-components.com\/wp-content\/uploads\/2024\/12\/Mining-Dump-Truck-Steering-Cylinder1-480x192.webp 480w\" sizes=\"(min-width: 0px) and (max-width: 480px) 480px, (min-width: 481px) 500px, 100vw\" \/><\/p>\n<table style=\"width: 98.357%; height: 232px;\" border=\"1\" cellspacing=\"0\" cellpadding=\"0\">\n<tbody>\n<tr style=\"height: 23px;\">\n<td style=\"height: 23px; width: 41.7778%;\">Produkta nosaukums<\/td>\n<td style=\"height: 23px; width: 58%;\">Kalnr\u016bpniec\u012bbas pa\u0161izg\u0101z\u0113ja st\u016bres cilindrs<\/td>\n<\/tr>\n<tr style=\"height: 23px;\">\n<td style=\"height: 23px; width: 41.7778%;\">Funkcijas:<\/td>\n<td style=\"height: 23px; width: 58%;\">St\u016bres rite\u0146i sniedz pal\u012bdz\u012bbu<\/td>\n<\/tr>\n<tr style=\"height: 23px;\">\n<td style=\"height: 23px; width: 41.7778%;\">Urbuma diametrs:<\/td>\n<td style=\"height: 23px; width: 58%;\">63 mm\uff5e210 mm<\/td>\n<\/tr>\n<tr style=\"height: 47px;\">\n<td style=\"height: 47px; width: 41.7778%;\">Stie\u0146a diametrs:<\/td>\n<td style=\"height: 47px; width: 58%;\">40 mm\uff5e100 mm<br \/>\nG\u0101jiens \u22642000 mm<\/td>\n<\/tr>\n<tr style=\"height: 71px;\">\n<td style=\"height: 71px; width: 41.7778%;\">Vilces sp\u0113ks:<\/td>\n<td style=\"height: 71px; width: 58%;\">Maksim\u0101li 779\u00a0KN<br \/>\n(Cauruma diametrs 210 mm\/spiediens 22,5 MPa)<\/td>\n<\/tr>\n<tr style=\"height: 47px;\">\n<td style=\"height: 47px; width: 41.7778%;\">St\u016bres cilindra pielietojums:<\/td>\n<td style=\"height: 47px; width: 58%;\">Kalnr\u016bpniec\u012bbas pa\u0161izg\u0101z\u0113js<\/td>\n<\/tr>\n<\/tbody>\n<\/table>\n<p><img loading=\"lazy\" decoding=\"async\" class=\"alignnone size-full wp-image-578\" src=\"https:\/\/fmp-components.com\/wp-content\/uploads\/2024\/12\/Mining-Dump-Truck-Steering-Cylinder.webp\" alt=\"Kalnr\u016bpniec\u012bbas pa\u0161izg\u0101z\u0113ja st\u016bres cilindrs\" width=\"1000\" height=\"600\" title=\"\" srcset=\"https:\/\/fmp-components.com\/wp-content\/uploads\/2024\/12\/Mining-Dump-Truck-Steering-Cylinder.webp 1000w, https:\/\/fmp-components.com\/wp-content\/uploads\/2024\/12\/Mining-Dump-Truck-Steering-Cylinder-980x588.webp 980w, https:\/\/fmp-components.com\/wp-content\/uploads\/2024\/12\/Mining-Dump-Truck-Steering-Cylinder-480x288.webp 480w\" sizes=\"(min-width: 0px) and (max-width: 480px) 480px, (min-width: 481px) and (max-width: 980px) 980px, (min-width: 981px) 1000px, 100vw\" \/>Kalnr\u016bpniec\u012bbas pa\u0161izg\u0101z\u0113ja priek\u0161\u0113j\u0101s piekares cilindra izm\u0113rs:<\/p>\n<p>Kalnr\u016bpniec\u012bbas pa\u0161izg\u0101z\u0113ja priek\u0161\u0113j\u0101s piekares cilindrs ir kritiski svar\u012bga hidrauliska sast\u0101vda\u013ca, kas paredz\u0113ta, lai atbalst\u012btu un stabiliz\u0113tu kalnr\u016bpniec\u012bbas pa\u0161izg\u0101z\u0113ju priek\u0161\u0113jo piekares sist\u0113mu. \u0160is cilindrs absorb\u0113 triecienus un vibr\u0101cijas no nel\u012bdzena reljefa, nodro\u0161inot vienm\u0113r\u012bg\u0101ku braucienu un uzlabojot kravas automa\u0161\u012bnas visp\u0101r\u0113jo stabilit\u0101ti. Izgatavots no augstas iztur\u012bbas materi\u0101liem, tas ir izstr\u0101d\u0101ts, lai iztur\u0113tu skarbos apst\u0101k\u013cus, kas rakstur\u012bgi kalnr\u016bpniec\u012bbas videi, nodro\u0161inot ilgsto\u0161u iztur\u012bbu un uzticam\u012bbu. Efekt\u012bv\u0101 hidraulisk\u0101 darb\u012bba \u013cauj prec\u012bzi kontrol\u0113t piekares sist\u0113mu, uzlabojot vad\u0101m\u012bbu un dro\u0161\u012bbu transport\u0113\u0161anas laik\u0101. \u0160is priek\u0161\u0113j\u0101s piekares cilindrs ir b\u016btisks, lai optimiz\u0113tu kalnr\u016bpniec\u012bbas pa\u0161izg\u0101z\u0113ju veiktsp\u0113ju, veicinot efekt\u012bvu materi\u0101lu p\u0101rvieto\u0161anu un operatora komfortu nel\u012bdzenos apst\u0101k\u013cos.<\/p>\n<p><img loading=\"lazy\" decoding=\"async\" class=\"size-full wp-image-571 aligncenter\" src=\"https:\/\/fmp-components.com\/wp-content\/uploads\/2024\/12\/Mining-Dump-Truck-Front-Suspension-Cylinder1.webp\" alt=\"Kalnr\u016bpniec\u012bbas pa\u0161izg\u0101z\u0113ja priek\u0161\u0113j\u0101s piekares cilindrs\" width=\"500\" height=\"200\" title=\"\" srcset=\"https:\/\/fmp-components.com\/wp-content\/uploads\/2024\/12\/Mining-Dump-Truck-Front-Suspension-Cylinder1.webp 500w, https:\/\/fmp-components.com\/wp-content\/uploads\/2024\/12\/Mining-Dump-Truck-Front-Suspension-Cylinder1-480x192.webp 480w\" sizes=\"(min-width: 0px) and (max-width: 480px) 480px, (min-width: 481px) 500px, 100vw\" \/><\/p>\n<table style=\"width: 98.6949%; height: 171px;\" border=\"1\" cellspacing=\"0\" cellpadding=\"0\">\n<tbody>\n<tr>\n<td>Produkta nosaukums<\/td>\n<td>Kalnr\u016bpniec\u012bbas pa\u0161izg\u0101z\u0113ja priek\u0161\u0113j\u0101s piekares cilindrs<\/td>\n<\/tr>\n<tr>\n<td>Funkcijas:<\/td>\n<td>Atbalsta svaru, absorb\u0113 un nov\u0113r\u0161 vibr\u0101ciju<\/td>\n<\/tr>\n<tr>\n<td>Urbuma diametrs:<\/td>\n<td>150 mm\uff5e450 mm<\/td>\n<\/tr>\n<tr>\n<td>Stie\u0146a diametrs:<\/td>\n<td>120 mm\uff5e400 mm<br \/>\nG\u0101jiens \u2264400 mm<\/td>\n<\/tr>\n<tr>\n<td>Vilces sp\u0113ks:<\/td>\n<td>Maksim\u0101li 38 MPa<\/td>\n<\/tr>\n<tr>\n<td>Priek\u0161\u0113j\u0101s piekares cilindra pielietojums:<\/td>\n<td>Kalnr\u016bpniec\u012bbas pa\u0161izg\u0101z\u0113js<\/td>\n<\/tr>\n<\/tbody>\n<\/table>\n<h2><\/h2>\n<p><img loading=\"lazy\" decoding=\"async\" class=\"alignnone size-full wp-image-579\" src=\"https:\/\/fmp-components.com\/wp-content\/uploads\/2024\/12\/Mining-Dump-Truck-Front-Suspension-Cylinder.webp\" alt=\"Kalnr\u016bpniec\u012bbas pa\u0161izg\u0101z\u0113ja priek\u0161\u0113j\u0101s piekares cilindrs\" width=\"842\" height=\"419\" title=\"\" srcset=\"https:\/\/fmp-components.com\/wp-content\/uploads\/2024\/12\/Mining-Dump-Truck-Front-Suspension-Cylinder.webp 842w, https:\/\/fmp-components.com\/wp-content\/uploads\/2024\/12\/Mining-Dump-Truck-Front-Suspension-Cylinder-480x239.webp 480w\" sizes=\"(min-width: 0px) and (max-width: 480px) 480px, (min-width: 481px) 842px, 100vw\" \/><\/p>\n<h2>Kalnr\u016bpniec\u012bbas pa\u0161izg\u0101z\u0113ja aizmugur\u0113j\u0101s piekares cilindra izm\u0113rs:<\/h2>\n<p>Kalnr\u016bpniec\u012bbas pa\u0161izg\u0101z\u0113ja aizmugur\u0113j\u0101s piekares cilindrs ir svar\u012bga hidrauliska sast\u0101vda\u013ca, kas paredz\u0113ta, lai uzlabotu kalnr\u016bpniec\u012bbas pa\u0161izg\u0101z\u0113ju aizmugur\u0113j\u0101s piekares sist\u0113mas stabilit\u0101ti un komfortu. \u0160is cilindrs absorb\u0113 triecienus un vibr\u0101cijas no nel\u012bdzena reljefa, nodro\u0161inot vienm\u0113r\u012bg\u0101ku braucienu un uzlabojot kravas stabilit\u0101ti transport\u0113\u0161anas laik\u0101. Izgatavots no augstas iztur\u012bbas materi\u0101liem, tas ir paredz\u0113ts, lai iztur\u0113tu skarbos kalnr\u016bpniec\u012bbas vides apst\u0101k\u013cus, nodro\u0161inot iztur\u012bbu un uzticam\u012bbu pie liel\u0101m slodz\u0113m. Efekt\u012bv\u0101 hidraulisk\u0101 darb\u012bba \u013cauj prec\u012bzi kontrol\u0113t aizmugur\u0113jo piekari, t\u0101d\u0113j\u0101di uzlabojot vad\u0101m\u012bbu un dro\u0161\u012bbu ekspluat\u0101cijas laik\u0101. \u0160is aizmugur\u0113j\u0101s piekares cilindrs ir b\u016btisks, lai optimiz\u0113tu kalnr\u016bpniec\u012bbas pa\u0161izg\u0101z\u0113ju veiktsp\u0113ju, nodro\u0161in\u0101tu efekt\u012bvu materi\u0101lu transport\u0113\u0161anu un uzlabotu operatora komfortu skarbos apst\u0101k\u013cos.<\/p>\n<p><img loading=\"lazy\" decoding=\"async\" class=\"size-full wp-image-574 aligncenter\" src=\"https:\/\/fmp-components.com\/wp-content\/uploads\/2024\/12\/Mining-Dump-Truck-Rear-Suspension-Cylinder1.webp\" alt=\"Kalnr\u016bpniec\u012bbas pa\u0161izg\u0101z\u0113ja aizmugur\u0113j\u0101 piekares cilindrs\" width=\"500\" height=\"200\" title=\"\" srcset=\"https:\/\/fmp-components.com\/wp-content\/uploads\/2024\/12\/Mining-Dump-Truck-Rear-Suspension-Cylinder1.webp 500w, https:\/\/fmp-components.com\/wp-content\/uploads\/2024\/12\/Mining-Dump-Truck-Rear-Suspension-Cylinder1-480x192.webp 480w\" sizes=\"(min-width: 0px) and (max-width: 480px) 480px, (min-width: 481px) 500px, 100vw\" \/><\/p>\n<table style=\"width: 98.6236%; height: 164px;\" border=\"1\" cellspacing=\"0\" cellpadding=\"0\">\n<tbody>\n<tr>\n<td>Produkta nosaukums<\/td>\n<td>Kalnr\u016bpniec\u012bbas pa\u0161izg\u0101z\u0113ja aizmugur\u0113j\u0101 piekares cilindrs<\/td>\n<\/tr>\n<tr>\n<td>Funkcijas:<\/td>\n<td>Atbalsta svaru, absorb\u0113 un nov\u0113r\u0161 vibr\u0101ciju<\/td>\n<\/tr>\n<tr>\n<td>Urbuma diametrs:<\/td>\n<td>150 mm\uff5e450 mm<\/td>\n<\/tr>\n<tr>\n<td>Stie\u0146a diametrs:<\/td>\n<td>120 mm\uff5e400 mm<br \/>\nG\u0101jiens \u2264400 mm<\/td>\n<\/tr>\n<tr>\n<td>Vilces sp\u0113ks:<\/td>\n<td>Maksim\u0101li 38 MPa<\/td>\n<\/tr>\n<tr>\n<td>Aizmugur\u0113j\u0101s piekares cilindra pielietojums:<\/td>\n<td>Kalnr\u016bpniec\u012bbas pa\u0161izg\u0101z\u0113js<\/td>\n<\/tr>\n<\/tbody>\n<\/table>\n<p><img loading=\"lazy\" decoding=\"async\" class=\"alignnone size-full wp-image-581\" src=\"https:\/\/fmp-components.com\/wp-content\/uploads\/2024\/12\/Mining-Dump-Truck-Rear-Suspension-Cylinder1-1.webp\" alt=\"Kalnr\u016bpniec\u012bbas pa\u0161izg\u0101z\u0113ja aizmugur\u0113j\u0101 piekares cilindrs\" width=\"849\" height=\"402\" title=\"\" srcset=\"https:\/\/fmp-components.com\/wp-content\/uploads\/2024\/12\/Mining-Dump-Truck-Rear-Suspension-Cylinder1-1.webp 849w, https:\/\/fmp-components.com\/wp-content\/uploads\/2024\/12\/Mining-Dump-Truck-Rear-Suspension-Cylinder1-1-480x227.webp 480w\" sizes=\"(min-width: 0px) and (max-width: 480px) 480px, (min-width: 481px) 849px, 100vw\" \/><\/p>\n<h2>Kalnr\u016bpniec\u012bbas pa\u0161izg\u0101z\u0113ja virzu\u013ca akumulatora specifik\u0101cijas:<\/h2>\n<p>Kalnr\u016bpniec\u012bbas pa\u0161izg\u0101z\u0113ja virzu\u013cakumulators ir svar\u012bga hidraulisk\u0101 sast\u0101vda\u013ca, kas paredz\u0113ta hidraulisk\u0101s ener\u0123ijas uzglab\u0101\u0161anai un atbr\u012bvo\u0161anai kalnr\u016bpniec\u012bbas pa\u0161izg\u0101z\u0113jos. \u0160\u012b ier\u012bce pal\u012bdz uztur\u0113t nemain\u012bgu hidraulisko spiedienu, nodro\u0161inot vienm\u0113r\u012bgu un efekt\u012bvu kravas automa\u0161\u012bnas cel\u0161anas un izg\u0101\u0161anas funkciju darb\u012bbu. Izgatavots no augstas iztur\u012bbas materi\u0101liem, virzu\u013cakumulators ir izstr\u0101d\u0101ts, lai iztur\u0113tu sare\u017e\u0123\u012btus kalnr\u016bpniec\u012bbas vides apst\u0101k\u013cus, nodro\u0161inot iztur\u012bbu un uzticam\u012bbu. Absorb\u0113jot spiediena sv\u0101rst\u012bbas, tas uzlabo kop\u0113jo hidraulisk\u0101s sist\u0113mas veiktsp\u0113ju, t\u0101d\u0113j\u0101di uzlabojot dro\u0161\u012bbu un efektivit\u0101ti materi\u0101lu apstr\u0101des laik\u0101. \u0160is akumulators ir b\u016btisks kalnr\u016bpniec\u012bbas pa\u0161izg\u0101z\u0113ju funkcionalit\u0101tes optimiz\u0113\u0161anai, nodro\u0161inot efekt\u012bvu darb\u012bbu sare\u017e\u0123\u012bt\u0101 reljef\u0101.<\/p>\n<p><img loading=\"lazy\" decoding=\"async\" class=\"size-full wp-image-573 aligncenter\" src=\"https:\/\/fmp-components.com\/wp-content\/uploads\/2024\/12\/Mining-Dump-Truck-Piston-Accumulator1.webp\" alt=\"Kalnr\u016bpniec\u012bbas pa\u0161izg\u0101z\u0113ja virzu\u013ca akumulators\" width=\"500\" height=\"200\" title=\"\" srcset=\"https:\/\/fmp-components.com\/wp-content\/uploads\/2024\/12\/Mining-Dump-Truck-Piston-Accumulator1.webp 500w, https:\/\/fmp-components.com\/wp-content\/uploads\/2024\/12\/Mining-Dump-Truck-Piston-Accumulator1-480x192.webp 480w\" sizes=\"(min-width: 0px) and (max-width: 480px) 480px, (min-width: 481px) 500px, 100vw\" \/><\/p>\n<table border=\"1\" cellspacing=\"0\" cellpadding=\"0\">\n<tbody>\n<tr>\n<td>Produkta nosaukums<\/td>\n<td>Kalnr\u016bpniec\u012bbas pa\u0161izg\u0101z\u0113ja virzu\u013ca akumulators<\/td>\n<\/tr>\n<tr>\n<td>Funkcijas:<\/td>\n<td>Slodze re\u0101llaik\u0101 tiek vienm\u0113r\u012bgi sadal\u012bta starp vid\u0113jo un aizmugur\u0113jo asi, lai l\u012bdzsvarotu asu nestsp\u0113ju.<\/td>\n<\/tr>\n<tr>\n<td>Vilces sp\u0113ks:<\/td>\n<td>Maksim\u0101li 27,5 MPa<\/td>\n<\/tr>\n<tr>\n<td>Virzu\u013ca akumulatora pielietojumi:<\/td>\n<td>Kalnr\u016bpniec\u012bbas pa\u0161izg\u0101z\u0113js<\/td>\n<\/tr>\n<\/tbody>\n<\/table>\n<h2><img loading=\"lazy\" decoding=\"async\" class=\"alignnone  wp-image-580\" src=\"https:\/\/fmp-components.com\/wp-content\/uploads\/2024\/12\/Mining-Dump-Truck-Piston-Accumulator-1.webp\" alt=\"Kalnr\u016bpniec\u012bbas pa\u0161izg\u0101z\u0113ja virzu\u013ca akumulators\" width=\"911\" height=\"461\" title=\"\" srcset=\"https:\/\/fmp-components.com\/wp-content\/uploads\/2024\/12\/Mining-Dump-Truck-Piston-Accumulator-1.webp 911w, https:\/\/fmp-components.com\/wp-content\/uploads\/2024\/12\/Mining-Dump-Truck-Piston-Accumulator-1-480x243.webp 480w\" sizes=\"(min-width: 0px) and (max-width: 480px) 480px, (min-width: 481px) 911px, 100vw\" \/><img loading=\"lazy\" decoding=\"async\" class=\"alignnone  wp-image-577\" src=\"https:\/\/fmp-components.com\/wp-content\/uploads\/2024\/12\/Mining-Dump-Truck-Piston-Accumulator.webp\" alt=\"Kalnr\u016bpniec\u012bbas pa\u0161izg\u0101z\u0113js-virzu\u013cakumulators\" width=\"905\" height=\"523\" title=\"\"><\/h2>\n<h2>Par FMP<\/h2>\n<p>FMP ir specializ\u0113ts meh\u0101nisk\u0101s ra\u017eo\u0161anas uz\u0146\u0113mums, kas nodarbojas ar hidraulisko cilindru ra\u017eo\u0161anu. Kop\u0161 dibin\u0101\u0161anas uz\u0146\u0113mums ir koncentr\u0113jies uz hidraulisko tehnolo\u0123iju izp\u0113ti un ra\u017eo\u0161anu, veiksm\u012bgi p\u0101rejot no daudzveid\u012bga produktu kl\u0101sta, kas ietv\u0113ra ra\u017eas nov\u0101k\u0161anas un celtniec\u012bbas tehniku, uz specializ\u0101ciju lauksaimniec\u012bbas traktoru deta\u013c\u0101s. Ar vair\u0101k nek\u0101 desmit gadu pieredzi ra\u017eo\u0161an\u0101 un vad\u012bb\u0101 FMP nodro\u0161ina augstas kvalit\u0101tes produktus, izmantojot progres\u012bvas ra\u017eo\u0161anas metodes.<\/p>\n<p>Uz\u0146\u0113mumam att\u012bstoties, tas ir izstr\u0101d\u0101jis visaptvero\u0161u apstr\u0101des ra\u017eo\u0161anas l\u012bniju, mont\u0101\u017eas l\u012bniju un p\u0101rkl\u0101\u0161anas l\u012bniju. M\u016bsu komandu veido prasm\u012bgs vad\u012bbas person\u0101ls, pieredz\u0113ju\u0161i meh\u0101niskie konstruktori un augsti kvalific\u0113ti tehni\u0137i, kas str\u0101d\u0101 kop\u0101, lai uztur\u0113tu stabilu ra\u017eo\u0161anas kvalit\u0101ti, vienlaikus efekt\u012bvi kontrol\u0113jot procesa nep\u0101rtraukt\u012bbu un efektivit\u0101ti.<\/p>\n<p>FMP iev\u0113ro filozofiju \u201cTehnolo\u0123isk\u0101s inov\u0101cijas veicina progresu, kvalit\u0101te rada z\u012bmolus, meistar\u012bba nodro\u0161ina kvalit\u0101ti un veido ilgtermi\u0146a abpus\u0113ji izdev\u012bgas attiec\u012bbas\u201d. M\u016bsu ap\u0146em\u0161an\u0101s nodro\u0161in\u0101t augstas kvalit\u0101tes produktus un izcilu klientu apkalpo\u0161anu joproj\u0101m ir m\u016bsu galvenais m\u0113r\u0137is, turpinot apmierin\u0101t main\u012bg\u0101s tirgus vajadz\u012bbas.<\/p>\n<p><img loading=\"lazy\" decoding=\"async\" class=\"alignnone size-full wp-image-426\" src=\"https:\/\/fmp-components.com\/wp-content\/uploads\/2024\/12\/Sanitation-Machinery-Locking-Hydraulic-Cylinder-factory.webp\" sizes=\"(min-width: 0px) and (max-width: 480px) 480px, (min-width: 481px) and (max-width: 980px) 980px, (min-width: 981px) and (max-width: 1280px) 1280px, (min-width: 1281px) 1414px, 100vw\" srcset=\"https:\/\/fmp-components.com\/wp-content\/uploads\/2024\/12\/Sanitation-Machinery-Locking-Hydraulic-Cylinder-factory.webp 1414w, https:\/\/fmp-components.com\/wp-content\/uploads\/2024\/12\/Sanitation-Machinery-Locking-Hydraulic-Cylinder-factory-1280x529.webp 1280w, https:\/\/fmp-components.com\/wp-content\/uploads\/2024\/12\/Sanitation-Machinery-Locking-Hydraulic-Cylinder-factory-980x405.webp 980w, https:\/\/fmp-components.com\/wp-content\/uploads\/2024\/12\/Sanitation-Machinery-Locking-Hydraulic-Cylinder-factory-480x198.webp 480w\" alt=\"Sanit\u0101rijas-ma\u0161\u012bnu-blo\u0137\u0113\u0161anas-hidraulisko-cilindru-fabrika\" width=\"1414\" height=\"584\" title=\"\"><\/p>\n<p>Autors: CX<\/p>","protected":false},"excerpt":{"rendered":"<p>Mining Dump Truck Cylinder The Mining Dump Truck Cylinder is a vital hydraulic component designed to facilitate the lifting and dumping functions of mining dump trucks. This cylinder provides the necessary force to raise the truck bed, allowing for efficient unloading of materials such as ore, gravel, and waste. Key Features: Robust Construction: Built from [&hellip;]<\/p>","protected":false},"featured_media":570,"comment_status":"open","ping_status":"closed","template":"","meta":{"_et_pb_use_builder":"","_et_pb_old_content":"","_et_gb_content_width":""},"product_brand":[],"product_cat":[25],"product_tag":[],"class_list":{"0":"post-567","1":"product","2":"type-product","3":"status-publish","4":"has-post-thumbnail","6":"product_cat-mobile-machinery-hydraulic-cylinder","8":"first","9":"instock","10":"shipping-taxable","11":"product-type-simple"},"_links":{"self":[{"href":"https:\/\/fmp-components.com\/lv\/wp-json\/wp\/v2\/product\/567","targetHints":{"allow":["GET"]}}],"collection":[{"href":"https:\/\/fmp-components.com\/lv\/wp-json\/wp\/v2\/product"}],"about":[{"href":"https:\/\/fmp-components.com\/lv\/wp-json\/wp\/v2\/types\/product"}],"replies":[{"embeddable":true,"href":"https:\/\/fmp-components.com\/lv\/wp-json\/wp\/v2\/comments?post=567"}],"wp:featuredmedia":[{"embeddable":true,"href":"https:\/\/fmp-components.com\/lv\/wp-json\/wp\/v2\/media\/570"}],"wp:attachment":[{"href":"https:\/\/fmp-components.com\/lv\/wp-json\/wp\/v2\/media?parent=567"}],"wp:term":[{"taxonomy":"product_brand","embeddable":true,"href":"https:\/\/fmp-components.com\/lv\/wp-json\/wp\/v2\/product_brand?post=567"},{"taxonomy":"product_cat","embeddable":true,"href":"https:\/\/fmp-components.com\/lv\/wp-json\/wp\/v2\/product_cat?post=567"},{"taxonomy":"product_tag","embeddable":true,"href":"https:\/\/fmp-components.com\/lv\/wp-json\/wp\/v2\/product_tag?post=567"}],"curies":[{"name":"wp","href":"https:\/\/api.w.org\/{rel}","templated":true}]}}