{"id":5271,"date":"2025-02-05T06:15:34","date_gmt":"2025-02-05T06:15:34","guid":{"rendered":"https:\/\/fmp-components.com\/?post_type=product&#038;p=5271"},"modified":"2025-02-05T06:20:23","modified_gmt":"2025-02-05T06:20:23","slug":"cast-iron-sprocket","status":"publish","type":"product","link":"https:\/\/fmp-components.com\/lv\/product\/cast-iron-sprocket\/","title":{"rendered":"\u010cuguna zobrats"},"content":{"rendered":"<h2>\u010cuguna zobrata p\u0101rskats<\/h2>\n<p>M\u016bsu \u010duguna zobrati ir izstr\u0101d\u0101ti un ra\u017eoti, lai nodro\u0161in\u0101tu izcilu veiktsp\u0113ju un iztur\u012bbu. \u0160ie zobrati tiek pla\u0161i izmantoti da\u017e\u0101dos r\u016bpnieciskos pielietojumos, kur iz\u0161\u0137iro\u0161a noz\u012bme ir uzticam\u012bbai un ilgam kalpo\u0161anas laikam. M\u0113s izmantojam augstas kvalit\u0101tes materi\u0101lus un progres\u012bvas ra\u017eo\u0161anas metodes, lai ra\u017eotu zobratus, kas atbilst augst\u0101kajiem precizit\u0101tes un iztur\u012bbas standartiem.<\/p>\n<h3>Materi\u0101lu izv\u0113le<\/h3>\n<p>M\u016bsu lielie un mazie zobrati ir izgatavoti no augstas kvalit\u0101tes oglek\u013ca struktur\u0101l\u0101 t\u0113rauda, \u200b\u200bkas nodro\u0161ina izcilu iztur\u012bbu un nodilumiztur\u012bbu. Turkl\u0101t m\u0113s pied\u0101v\u0101jam piel\u0101go\u0161anas iesp\u0113jas no da\u017e\u0101diem materi\u0101liem, piem\u0113ram, ner\u016bs\u0113jo\u0161\u0101 t\u0113rauda, \u200b\u200boglek\u013ca t\u0113rauda un citiem specializ\u0113tiem sakaus\u0113jumiem, kas \u013cauj mums piel\u0101got zobratus atbilsto\u0161i konkr\u0113t\u0101m klientu pras\u012bb\u0101m.<\/p>\n<h3>Apstr\u0101des un att\u012br\u012b\u0161anas tehnolo\u0123ija<\/h3>\n<p>Lai nodro\u0161in\u0101tu optim\u0101lu veiktsp\u0113ju, ra\u017eo\u0161anas proces\u0101 m\u0113s izmantojam modernu zobratu fr\u0113z\u0113\u0161anas tehnolo\u0123iju. T\u0101 rezult\u0101t\u0101 tiek ieg\u016bti zobrati ar \u013coti prec\u012bziem zobu profiliem. P\u0113c form\u0113\u0161anas zobrati tiek pak\u013cauti r\u016bd\u012b\u0161anas un atlaidin\u0101\u0161anas procesam, kas iev\u0113rojami uzlabo to meh\u0101nisk\u0101s \u012bpa\u0161\u012bbas. Zobu ciet\u012bba tiek r\u016bp\u012bgi kontrol\u0113ta un sasniedz l\u012bmeni no 68 l\u012bdz 72 HRA, nodro\u0161inot izcilu nodilumiztur\u012bbu un iztur\u012bbu.<\/p>\n<h3>Produktu s\u0113rija<\/h3>\n<p>M\u0113s pied\u0101v\u0101jam pla\u0161u zobratu kl\u0101stu, s\u0101kot no standarta, rentabliem mode\u013ciem l\u012bdz augst\u0101k\u0101s kvalit\u0101tes zobratiem, kas paredz\u0113ti pras\u012bg\u0101m vajadz\u012bb\u0101m. M\u016bsu ra\u017eo\u0161anas process tiek stingri kontrol\u0113ts katr\u0101 posm\u0101, lai garant\u0113tu katra produkta konsekvenci un precizit\u0101ti.<\/p>\n<h3>\u010cuguna zobratu galven\u0101s iez\u012bmes<\/h3>\n<ul>\n<li><strong>Materi\u0101lu daudzveid\u012bba<\/strong>M\u016bsu \u010duguna zobrati ir pieejami da\u017e\u0101dos materi\u0101los, tostarp oglek\u013ca t\u0113rauda, \u200b\u200bner\u016bs\u0113jo\u0161\u0101 t\u0113rauda un citu sakaus\u0113jumu, lai apmierin\u0101tu m\u016bsu klientu da\u017e\u0101d\u0101s vajadz\u012bbas.<\/li>\n<li><strong>Piel\u0101go\u0161ana pieejama<\/strong>M\u0113s pied\u0101v\u0101jam piln\u012bgu piel\u0101go\u0161anu atbilsto\u0161i lietot\u0101ja pras\u012bb\u0101m, nodro\u0161inot, ka zobrati ir piem\u0113roti konkr\u0113tiem ekspluat\u0101cijas apst\u0101k\u013ciem.<\/li>\n<li><strong>Termisk\u0101 apstr\u0101de<\/strong>Katrs zobrats tiek pak\u013cauts termiskai apstr\u0101dei, lai sasniegtu nepiecie\u0161amo ciet\u012bbu, kas uzlabo t\u0101 iztur\u012bbu un nodilumiztur\u012bbu.<\/li>\n<li><strong>Prec\u012bza ra\u017eo\u0161ana<\/strong>Zobrati ir r\u016bp\u012bgi apstr\u0101d\u0101ti, lai nodro\u0161in\u0101tu t\u012bras malas un virsmas bez atskabarg\u0101m, uzlabojot kop\u0113jo est\u0113tisko un ekspluat\u0101cijas kvalit\u0101ti.<\/li>\n<li><strong>Ilgs kalpo\u0161anas laiks<\/strong>Pateicoties stingrai materi\u0101lu izv\u0113lei, augstai ciet\u012bbai un stabilai darb\u012bbai, m\u016bsu \u010duguna zobrati ir rad\u012bti ilgam kalpo\u0161anas laikam pat augstas slodzes apst\u0101k\u013cos.<\/li>\n<li><strong>Stabila darb\u012bba<\/strong>M\u016bsu zobrati, kas paredz\u0113ti darb\u012bbai liel\u0101 \u0101trum\u0101, nodro\u0161ina vienm\u0113r\u012bgu un stabilu darb\u012bbu, samazinot darb\u012bbas p\u0101rtraukumu vai vibr\u0101ciju risku.<\/li>\n<\/ul>\n<p>M\u016bsu \u010duguna zobrati ir izstr\u0101d\u0101ti uzticam\u012bbai un veiktsp\u0113jai. Pateicoties stingrai materi\u0101lu izv\u0113lei, progres\u012bv\u0101m apstr\u0101des metod\u0113m un piel\u0101go\u0161anas iesp\u0113j\u0101m, tie nodro\u0161ina ide\u0101lu risin\u0101jumu lietojumiem, kuriem nepiecie\u0161ama augsta iztur\u012bba un stabila darb\u012bba. Neatkar\u012bgi no t\u0101, vai jums ir nepiecie\u0161ams standarta zobrats vai piel\u0101gots zobrats, m\u0113s pied\u0101v\u0101jam jums augstas kvalit\u0101tes risin\u0101jumus, kas piel\u0101goti j\u016bsu vajadz\u012bb\u0101m.<\/p>\n<h2>\u010cuguna zobratu saraksts:<\/h2>\n<p><img loading=\"lazy\" decoding=\"async\" class=\"alignnone size-full wp-image-5272\" src=\"https:\/\/fmp-components.com\/wp-content\/uploads\/2025\/02\/fmp-cast-iron-sprocket-1.webp\" alt=\"fmp-\u010duguna-zobrats\" width=\"1059\" height=\"464\" title=\"\" srcset=\"https:\/\/fmp-components.com\/wp-content\/uploads\/2025\/02\/fmp-cast-iron-sprocket-1.webp 1059w, https:\/\/fmp-components.com\/wp-content\/uploads\/2025\/02\/fmp-cast-iron-sprocket-1-980x429.webp 980w, https:\/\/fmp-components.com\/wp-content\/uploads\/2025\/02\/fmp-cast-iron-sprocket-1-480x210.webp 480w\" sizes=\"(min-width: 0px) and (max-width: 480px) 480px, (min-width: 481px) and (max-width: 980px) 980px, (min-width: 981px) 1059px, 100vw\" \/><\/p>\n<h3>06B \u010duguna zobrats<\/h3>\n<p><img loading=\"lazy\" decoding=\"async\" class=\"alignnone size-full wp-image-5273\" src=\"https:\/\/fmp-components.com\/wp-content\/uploads\/2025\/02\/fmp-cast-iron-sprocket-2.webp\" alt=\"fmp-\u010duguna-zobrats\" width=\"935\" height=\"434\" title=\"\" srcset=\"https:\/\/fmp-components.com\/wp-content\/uploads\/2025\/02\/fmp-cast-iron-sprocket-2.webp 935w, https:\/\/fmp-components.com\/wp-content\/uploads\/2025\/02\/fmp-cast-iron-sprocket-2-480x223.webp 480w\" sizes=\"(min-width: 0px) and (max-width: 480px) 480px, (min-width: 481px) 935px, 100vw\" \/><\/p>\n<h3>08B \u010duguna zobrats<\/h3>\n<p><img loading=\"lazy\" decoding=\"async\" class=\"alignnone size-full wp-image-5274\" src=\"https:\/\/fmp-components.com\/wp-content\/uploads\/2025\/02\/fmp-cast-iron-sprocket-3.webp\" alt=\"fmp-\u010duguna-zobrats\" width=\"934\" height=\"442\" title=\"\" srcset=\"https:\/\/fmp-components.com\/wp-content\/uploads\/2025\/02\/fmp-cast-iron-sprocket-3.webp 934w, https:\/\/fmp-components.com\/wp-content\/uploads\/2025\/02\/fmp-cast-iron-sprocket-3-480x227.webp 480w\" sizes=\"(min-width: 0px) and (max-width: 480px) 480px, (min-width: 481px) 934px, 100vw\" \/><\/p>\n<h3>10B \u010duguna zobrats<\/h3>\n<p><img loading=\"lazy\" decoding=\"async\" class=\"alignnone size-full wp-image-5275\" src=\"https:\/\/fmp-components.com\/wp-content\/uploads\/2025\/02\/fmp-cast-iron-sprocket-4.webp\" alt=\"fmp-\u010duguna-zobrats\" width=\"937\" height=\"403\" title=\"\" srcset=\"https:\/\/fmp-components.com\/wp-content\/uploads\/2025\/02\/fmp-cast-iron-sprocket-4.webp 937w, https:\/\/fmp-components.com\/wp-content\/uploads\/2025\/02\/fmp-cast-iron-sprocket-4-480x206.webp 480w\" sizes=\"(min-width: 0px) and (max-width: 480px) 480px, (min-width: 481px) 937px, 100vw\" \/><\/p>\n<h3>12B \u010duguna zobrats<\/h3>\n<p><img loading=\"lazy\" decoding=\"async\" class=\"alignnone size-full wp-image-5276\" src=\"https:\/\/fmp-components.com\/wp-content\/uploads\/2025\/02\/fmp-cast-iron-sprocket-5.webp\" alt=\"fmp-\u010duguna-zobrats\" width=\"937\" height=\"426\" title=\"\" srcset=\"https:\/\/fmp-components.com\/wp-content\/uploads\/2025\/02\/fmp-cast-iron-sprocket-5.webp 937w, https:\/\/fmp-components.com\/wp-content\/uploads\/2025\/02\/fmp-cast-iron-sprocket-5-480x218.webp 480w\" sizes=\"(min-width: 0px) and (max-width: 480px) 480px, (min-width: 481px) 937px, 100vw\" \/><\/p>\n<h3>16B \u010duguna zobrats<\/h3>\n<p><img loading=\"lazy\" decoding=\"async\" class=\"alignnone size-full wp-image-5277\" src=\"https:\/\/fmp-components.com\/wp-content\/uploads\/2025\/02\/fmp-cast-iron-sprocket-6.webp\" alt=\"fmp-\u010duguna-zobrats\" width=\"938\" height=\"442\" title=\"\" srcset=\"https:\/\/fmp-components.com\/wp-content\/uploads\/2025\/02\/fmp-cast-iron-sprocket-6.webp 938w, https:\/\/fmp-components.com\/wp-content\/uploads\/2025\/02\/fmp-cast-iron-sprocket-6-480x226.webp 480w\" sizes=\"(min-width: 0px) and (max-width: 480px) 480px, (min-width: 481px) 938px, 100vw\" \/><\/p>\n<h3>20B \u010duguna zobrats<\/h3>\n<p><img loading=\"lazy\" decoding=\"async\" class=\"alignnone size-full wp-image-5278\" src=\"https:\/\/fmp-components.com\/wp-content\/uploads\/2025\/02\/fmp-cast-iron-sprocket-7.webp\" alt=\"fmp-\u010duguna-zobrats\" width=\"938\" height=\"333\" title=\"\" srcset=\"https:\/\/fmp-components.com\/wp-content\/uploads\/2025\/02\/fmp-cast-iron-sprocket-7.webp 938w, https:\/\/fmp-components.com\/wp-content\/uploads\/2025\/02\/fmp-cast-iron-sprocket-7-480x170.webp 480w\" sizes=\"(min-width: 0px) and (max-width: 480px) 480px, (min-width: 481px) 938px, 100vw\" \/><\/p>\n<h3>24B \u010duguna zobrats<\/h3>\n<p><img loading=\"lazy\" decoding=\"async\" class=\"alignnone size-full wp-image-5279\" src=\"https:\/\/fmp-components.com\/wp-content\/uploads\/2025\/02\/fmp-cast-iron-sprocket-8.webp\" alt=\"fmp-\u010duguna-zobrats\" width=\"935\" height=\"404\" title=\"\" srcset=\"https:\/\/fmp-components.com\/wp-content\/uploads\/2025\/02\/fmp-cast-iron-sprocket-8.webp 935w, https:\/\/fmp-components.com\/wp-content\/uploads\/2025\/02\/fmp-cast-iron-sprocket-8-480x207.webp 480w\" sizes=\"(min-width: 0px) and (max-width: 480px) 480px, (min-width: 481px) 935px, 100vw\" \/><\/p>\n<h3>28B \u010duguna zobrats<\/h3>\n<p><img loading=\"lazy\" decoding=\"async\" class=\"alignnone size-full wp-image-5280\" src=\"https:\/\/fmp-components.com\/wp-content\/uploads\/2025\/02\/fmp-cast-iron-sprocket-9.webp\" alt=\"fmp-\u010duguna-zobrats\" width=\"938\" height=\"340\" title=\"\" srcset=\"https:\/\/fmp-components.com\/wp-content\/uploads\/2025\/02\/fmp-cast-iron-sprocket-9.webp 938w, https:\/\/fmp-components.com\/wp-content\/uploads\/2025\/02\/fmp-cast-iron-sprocket-9-480x174.webp 480w\" sizes=\"(min-width: 0px) and (max-width: 480px) 480px, (min-width: 481px) 938px, 100vw\" \/><\/p>\n<h3>32B \u010duguna zobrats<\/h3>\n<p><img loading=\"lazy\" decoding=\"async\" class=\"alignnone size-full wp-image-5283\" src=\"https:\/\/fmp-components.com\/wp-content\/uploads\/2025\/02\/fmp-cast-iron-sprocket-10.webp\" alt=\"fmp-\u010duguna-zobrats\" width=\"937\" height=\"382\" title=\"\" srcset=\"https:\/\/fmp-components.com\/wp-content\/uploads\/2025\/02\/fmp-cast-iron-sprocket-10.webp 937w, https:\/\/fmp-components.com\/wp-content\/uploads\/2025\/02\/fmp-cast-iron-sprocket-10-480x196.webp 480w\" sizes=\"(min-width: 0px) and (max-width: 480px) 480px, (min-width: 481px) 937px, 100vw\" \/><\/p>\n<h2>Par FMP<\/h2>\n<p>FMP lepojas ar to, ka ir vado\u0161ais augstas kvalit\u0101tes zobratu ra\u017eot\u0101js, kas tiek ra\u017eoti m\u016bsu modernaj\u0101 r\u016bpn\u012bc\u0101 It\u0101lij\u0101. M\u0113s pied\u0101v\u0101jam pla\u0161u zobratu kl\u0101stu, kas izstr\u0101d\u0101ts, lai apmierin\u0101tu da\u017e\u0101du nozaru unik\u0101l\u0101s vajadz\u012bbas. Neatkar\u012bgi no t\u0101, vai mekl\u0113jat gatava urbuma zobratus, br\u012bvgaitas zobratus, konusveida fiks\u0101cijas zobratus vai konveijera zobratus, m\u0113s katru produktu izgatavojam ar precizit\u0101ti un iztur\u012bbu, lai nodro\u0161in\u0101tu optim\u0101lu veiktsp\u0113ju. M\u016bsu kl\u0101st\u0101 ir ner\u016bs\u0113jo\u0161\u0101 t\u0113rauda, \u200b\u200bplastmasas un t\u0113rauda zobrati, k\u0101 ar\u012b specializ\u0113ti mode\u013ci, piem\u0113ram, divk\u0101r\u0161\u0101 so\u013ca un divrindu zobrati, kas \u013cauj mums nodro\u0161in\u0101t ide\u0101lu risin\u0101jumu jebkuram pielietojumam.<\/p>\n<p>FMP at\u0161\u0137ir m\u016bsu ap\u0146em\u0161an\u0101s piel\u0101goties. M\u0113s apzin\u0101mies, ka katram projektam ir savas \u012bpa\u0161as pras\u012bbas, t\u0101p\u0113c pied\u0101v\u0101jam individu\u0101lus zobratu risin\u0101jumus, kas piel\u0101goti tie\u0161i j\u016bsu vajadz\u012bb\u0101m. Neatkar\u012bgi no t\u0101, vai jums ir nepiecie\u0161ams piel\u0101gots dizains vai \u012bpa\u0161as tehniskas pras\u012bbas, m\u016bsu ekspertu komanda ir gatava sniegt prec\u012bzus, uzticamus un augstas veiktsp\u0113jas risin\u0101jumus.<\/p>\n<p>M\u0113s esam ap\u0146\u0113mu\u0161ies nodro\u0161in\u0101t izcil\u012bbu gan in\u017eenierij\u0101, gan ra\u017eo\u0161an\u0101, nodro\u0161inot, ka katrs m\u016bsu ra\u017eotais zobrats atbilst augst\u0101kajiem kvalit\u0101tes standartiem un ir rad\u012bts ilgam kalpo\u0161anas laikam. Ja jums ir k\u0101di jaut\u0101jumi vai nepiecie\u0161ams piel\u0101gots zobrata risin\u0101jums, nevilcinieties sazin\u0101ties ar mums. M\u016bsu komanda ir gatava sniegt jums profesion\u0101lu pal\u012bdz\u012bbu un savlaic\u012bgas atbildes, lai nodro\u0161in\u0101tu j\u016bsu piln\u012bgu apmierin\u0101t\u012bbu. Vienk\u0101r\u0161i sazinieties ar mums pa e-pastu, un m\u0113s ar jums sazin\u0101simies, cik dr\u012bz vien iesp\u0113jams.<\/p>\n<p><img loading=\"lazy\" decoding=\"async\" class=\"alignnone size-full wp-image-5246\" src=\"https:\/\/fmp-components.com\/wp-content\/uploads\/2025\/02\/fmp-cast-sprocket-1.webp\" sizes=\"(min-width: 0px) and (max-width: 480px) 480px, (min-width: 481px) and (max-width: 980px) 980px, (min-width: 981px) and (max-width: 1280px) 1280px, (min-width: 1281px) 2492px, 100vw\" srcset=\"https:\/\/fmp-components.com\/wp-content\/uploads\/2025\/02\/fmp-cast-sprocket-1.webp 2492w, https:\/\/fmp-components.com\/wp-content\/uploads\/2025\/02\/fmp-cast-sprocket-1-1280x606.webp 1280w, https:\/\/fmp-components.com\/wp-content\/uploads\/2025\/02\/fmp-cast-sprocket-1-980x464.webp 980w, https:\/\/fmp-components.com\/wp-content\/uploads\/2025\/02\/fmp-cast-sprocket-1-480x227.webp 480w\" alt=\"fmp-cast-sprocket\" width=\"2492\" height=\"1179\" title=\"\"><\/p>","protected":false},"excerpt":{"rendered":"<p>Overview of Cast Iron Sprocket Our cast iron sprockets are designed and manufactured to provide exceptional performance and durability. These sprockets are widely used in various industrial applications where reliability and long service life are crucial. We use high-quality materials and advanced manufacturing techniques to produce sprockets that meet the highest standards of precision and [&hellip;]<\/p>","protected":false},"featured_media":5284,"comment_status":"open","ping_status":"closed","template":"","meta":{"_et_pb_use_builder":"","_et_pb_old_content":"","_et_gb_content_width":""},"product_brand":[],"product_cat":[99],"product_tag":[],"class_list":{"0":"post-5271","1":"product","2":"type-product","3":"status-publish","4":"has-post-thumbnail","6":"product_cat-specialty-sprockets","8":"first","9":"instock","10":"shipping-taxable","11":"product-type-simple"},"_links":{"self":[{"href":"https:\/\/fmp-components.com\/lv\/wp-json\/wp\/v2\/product\/5271","targetHints":{"allow":["GET"]}}],"collection":[{"href":"https:\/\/fmp-components.com\/lv\/wp-json\/wp\/v2\/product"}],"about":[{"href":"https:\/\/fmp-components.com\/lv\/wp-json\/wp\/v2\/types\/product"}],"replies":[{"embeddable":true,"href":"https:\/\/fmp-components.com\/lv\/wp-json\/wp\/v2\/comments?post=5271"}],"wp:featuredmedia":[{"embeddable":true,"href":"https:\/\/fmp-components.com\/lv\/wp-json\/wp\/v2\/media\/5284"}],"wp:attachment":[{"href":"https:\/\/fmp-components.com\/lv\/wp-json\/wp\/v2\/media?parent=5271"}],"wp:term":[{"taxonomy":"product_brand","embeddable":true,"href":"https:\/\/fmp-components.com\/lv\/wp-json\/wp\/v2\/product_brand?post=5271"},{"taxonomy":"product_cat","embeddable":true,"href":"https:\/\/fmp-components.com\/lv\/wp-json\/wp\/v2\/product_cat?post=5271"},{"taxonomy":"product_tag","embeddable":true,"href":"https:\/\/fmp-components.com\/lv\/wp-json\/wp\/v2\/product_tag?post=5271"}],"curies":[{"name":"wp","href":"https:\/\/api.w.org\/{rel}","templated":true}]}}