{"id":5256,"date":"2025-02-05T05:17:19","date_gmt":"2025-02-05T05:17:19","guid":{"rendered":"https:\/\/fmp-components.com\/?post_type=product&#038;p=5256"},"modified":"2025-02-05T06:13:06","modified_gmt":"2025-02-05T06:13:06","slug":"hand-or-electric-chain-hoist-sprocket-for-crane-lifting","status":"publish","type":"product","link":"https:\/\/fmp-components.com\/lv\/product\/hand-or-electric-chain-hoist-sprocket-for-crane-lifting\/","title":{"rendered":"Rokas vai elektrisk\u0101 \u0137\u0113des pac\u0113l\u0101ja zobrats celt\u0146a cel\u0161anai"},"content":{"rendered":"<h2>\u0136\u0113des pac\u0113l\u0101ja zobrata produkta p\u0101rskats<\/h2>\n<p>\u0136\u0113des pac\u0113l\u0101ja zobrats ir izstr\u0101d\u0101ts, lai nodro\u0161in\u0101tu \u0113rtu lieto\u0161anu, p\u0101rnesam\u012bbu un dro\u0161\u012bbu, padarot to par iecien\u012btu izv\u0113li lietot\u0101ju vid\u016b. Ar savu inovat\u012bvo dizainu un vienm\u0113r\u012bgo darb\u012bbu \u0161is zobrats izce\u013cas ar lieljaudas cel\u0161anas darbiem. Bet kas to at\u0161\u0137ir?<\/p>\n<p>\u0136\u0113des pac\u0113l\u0101ja zobrats ir izgatavots no t\u0101diem komponentiem k\u0101 \u0101\u0137i, \u0137\u0113des un citas deta\u013cas, kur\u0101m ir augsta nestsp\u0113ja, lieliska iztur\u012bba un stipr\u012bba. \u0160\u012bs \u012bpa\u0161\u012bbas nodro\u0161ina, ka zobrats lieto\u0161anas laik\u0101 saglab\u0101 iztur\u012bbu un ir notur\u012bgs pret l\u016bzumiem, iev\u0113rojami uzlabojot ekspluat\u0101cijas dro\u0161\u012bbu. Zobrata iztur\u012bg\u0101 konstrukcija \u013cauj tam ilgsto\u0161i celt smagas kravas, uzlabojot darba efektivit\u0101ti un samazinot nepiecie\u0161am\u012bbu p\u0113c manu\u0101la darba.<\/p>\n<p>\u0136\u0113des pac\u0113l\u0101ja zobrats, ko pla\u0161i izmanto t\u0101d\u0101s nozar\u0113s k\u0101 ener\u0123\u0113tika, transports, tiltu b\u016bvniec\u012bba un og\u013cu ieguve, pied\u0101v\u0101 unik\u0101las priek\u0161roc\u012bbas, kas veicina efekt\u012bv\u0101ku un dro\u0161\u0101ku darb\u012bbu da\u017e\u0101d\u0101s jom\u0101s, padarot to par nenov\u0113rt\u0113jamu instrumentu produktivit\u0101tes uzlabo\u0161anai.<\/p>\n<h3>Uzlabots fiks\u0113ta skrieme\u013ca dizains<\/h3>\n<p>\u0136\u0113des pac\u0113l\u0101ja zobrats ir tradicion\u0101l\u0101 fiks\u0113t\u0101 skrieme\u013ca uzlabota versija, kas apvieno fiks\u0113t\u0101 skrieme\u013ca lab\u0101k\u0101s \u012bpa\u0161\u012bbas ar papildu funkcionalit\u0101ti. Tas integr\u0113 reduktoru, atpaka\u013cgaitas bremzi un \u0137\u0113des pac\u0113l\u0101ja zobratu, kas viss ir simetrisk\u0101 sekund\u0101r\u0101 cilindrisk\u0101 zobrata sist\u0113m\u0101. \u0160\u012b konstrukcija ir vienk\u0101r\u0161a, iztur\u012bga un \u013coti efekt\u012bva.<\/p>\n<p>Darb\u012bba ir vienk\u0101r\u0161a: manu\u0101l\u0101 \u0137\u0113de un rokas \u0137\u0113des ritenis tiek pavilkti, lai sasl\u0113gtos ar berzes pl\u0101ksnes spr\u016bdratu un bremzes ligzdu, liekot tiem griezties kop\u0101. Kad zobain\u0101 v\u0101rpsta grie\u017e pl\u0101ksnes zobratu, \u012bs\u0101 zobain\u0101 v\u0101rpsta un rievotais zobrats seko \u0161im piem\u0113ram. \u0160\u012b darb\u012bba darbina pacel\u0161anas \u0137\u0113des riteni, kas savuk\u0101rt p\u0101rvieto pacel\u0161anas \u0137\u0113di, lai vienm\u0113r\u012bgi paceltu smago kravu. Turkl\u0101t vienvirziena bremz\u0113\u0161anas meh\u0101nisms ar spr\u016bdrata berzes pl\u0101ksni nodro\u0161ina autom\u0101tisku bremz\u0113\u0161anu zem slodzes. Spr\u016bda sasl\u0113dzas ar spr\u016bdratu atsperes sprieguma ietekm\u0113, \u013caujot bremzei darboties dro\u0161i un stabili.<\/p>\n<p>\u0136\u0113des pac\u0113l\u0101ja zobrats ir izstr\u0101d\u0101ts, lai nodro\u0161in\u0101tu uzticamu, efekt\u012bvu un dro\u0161u cel\u0161anu, padarot to par ide\u0101lu izv\u0113li sare\u017e\u0123\u012btiem r\u016bpnieciskiem uzdevumiem.<\/p>\n<h3>Rokas \u0137\u0113des pac\u0113l\u0101ja zobrata apkope<\/h3>\n<p>Rokas \u0137\u0113des pac\u0113l\u0101ja zobrats galvenok\u0101rt tiek izmantots smagu priek\u0161metu cel\u0161anai un apr\u012bkojuma uzst\u0101d\u012b\u0161anai. Lai nodro\u0161in\u0101tu dro\u0161u un vienm\u0113r\u012bgu darb\u012bbu, pirms jebk\u0101du cel\u0161anas darbu uzs\u0101k\u0161anas j\u0101veic \u0161\u0101das darb\u012bbas:<\/p>\n<ol>\n<li><strong>P\u0101rbaudiet kravnes\u012bbu<\/strong>Lai nov\u0113rstu p\u0101rslodzi, p\u0101rliecinieties, vai pace\u013cam\u0101 priek\u0161meta svars nep\u0101rsniedz rokas \u0137\u0113des pac\u0113l\u0101ja nomin\u0101lo celtsp\u0113ju.<\/li>\n<li><strong>P\u0101rbaudiet darba vidi<\/strong>P\u0101rliecinieties, ka darba zona atbilst nepiecie\u0161amaj\u0101m dro\u0161\u012bbas pras\u012bb\u0101m. Izveidojiet dro\u0161\u012bbas zonu ap cel\u0161anas oper\u0101ciju, lai samazin\u0101tu negad\u012bjumu risku.<\/li>\n<li><strong>P\u0101rbaudiet pac\u0113l\u0101ja komponentus<\/strong>P\u0101rbaudiet rokas \u0137\u0113des pac\u0113l\u0101ju, piev\u0113r\u0161ot \u012bpa\u0161u uzman\u012bbu vis\u0101m r\u016bsas, nodiluma vai plaisu paz\u012bm\u0113m t\u0101 deta\u013c\u0101s. Ja tiek konstat\u0113tas k\u0101das probl\u0113mas, nekav\u0113joties p\u0101rtrauciet darb\u012bbu un nomainiet vai salabojiet boj\u0101t\u0101s deta\u013cas.<\/li>\n<li><strong>Nostipriniet kravu<\/strong>Pirms cel\u0161anas p\u0101rliecinieties, vai krava ir pareizi nostiprin\u0101ta, lai nov\u0113rstu t\u0101s kri\u0161anu darb\u012bbas laik\u0101.<\/li>\n<\/ol>\n<p>Iev\u0113rojot \u0161\u012bs apkopes un dro\u0161\u012bbas vadl\u012bnijas, j\u016bs varat nodro\u0161in\u0101t sava rokas \u0137\u0113des pac\u0113l\u0101ja zobrata ilgm\u016b\u017e\u012bbu, vienlaikus saglab\u0101jot dro\u0161u darba vidi.<\/p>\n<table style=\"width: 100%;\" border=\"1\" width=\"100%\" cellspacing=\"0\" cellpadding=\"0\">\n<tbody>\n<tr style=\"height: 14.40pt;\">\n<td style=\"height: 14.4pt; width: 26.5659%;\" width=\"166\" height=\"24\">Rokas \u0137\u0113des pac\u0113l\u0101js<\/td>\n<td style=\"width: 26.5658%;\" width=\"187\">Elektrisk\u0101 \u0137\u0113des pac\u0113l\u0101ja<\/td>\n<td style=\"width: 23.2181%;\" width=\"123\">Sviras pac\u0113l\u0101js<\/td>\n<td style=\"width: 23.4341%;\" width=\"80\">P\u0101rnesumu rati\u0146i<\/td>\n<\/tr>\n<tr style=\"height: 14.40pt;\">\n<td style=\"height: 14.4pt; width: 26.5659%;\" align=\"right\" height=\"24\"><img loading=\"lazy\" decoding=\"async\" class=\"alignnone size-full wp-image-5267\" src=\"https:\/\/fmp-components.com\/wp-content\/uploads\/2025\/02\/fmp_cast-sprocket-4.webp\" alt=\"fmp_cast-sprocket\" width=\"300\" height=\"300\" title=\"\" srcset=\"https:\/\/fmp-components.com\/wp-content\/uploads\/2025\/02\/fmp_cast-sprocket-4.webp 300w, https:\/\/fmp-components.com\/wp-content\/uploads\/2025\/02\/fmp_cast-sprocket-4-150x150.webp 150w, https:\/\/fmp-components.com\/wp-content\/uploads\/2025\/02\/fmp_cast-sprocket-4-12x12.webp 12w, https:\/\/fmp-components.com\/wp-content\/uploads\/2025\/02\/fmp_cast-sprocket-4-100x100.webp 100w\" sizes=\"(max-width: 300px) 100vw, 300px\" \/><\/td>\n<td style=\"width: 26.5658%;\" align=\"right\"><img loading=\"lazy\" decoding=\"async\" class=\"alignnone size-full wp-image-5259\" src=\"https:\/\/fmp-components.com\/wp-content\/uploads\/2025\/02\/fmp_cast-sprocket-7.webp\" alt=\"fmp_cast-sprocket\" width=\"300\" height=\"300\" title=\"\" srcset=\"https:\/\/fmp-components.com\/wp-content\/uploads\/2025\/02\/fmp_cast-sprocket-7.webp 300w, https:\/\/fmp-components.com\/wp-content\/uploads\/2025\/02\/fmp_cast-sprocket-7-150x150.webp 150w, https:\/\/fmp-components.com\/wp-content\/uploads\/2025\/02\/fmp_cast-sprocket-7-12x12.webp 12w, https:\/\/fmp-components.com\/wp-content\/uploads\/2025\/02\/fmp_cast-sprocket-7-100x100.webp 100w\" sizes=\"(max-width: 300px) 100vw, 300px\" \/><\/td>\n<td style=\"width: 23.2181%;\" align=\"right\"><img loading=\"lazy\" decoding=\"async\" class=\"alignnone size-full wp-image-5260\" src=\"https:\/\/fmp-components.com\/wp-content\/uploads\/2025\/02\/fmp_cast-sprocket-9.webp\" alt=\"fmp_cast-sprocket\" width=\"300\" height=\"300\" title=\"\" srcset=\"https:\/\/fmp-components.com\/wp-content\/uploads\/2025\/02\/fmp_cast-sprocket-9.webp 300w, https:\/\/fmp-components.com\/wp-content\/uploads\/2025\/02\/fmp_cast-sprocket-9-150x150.webp 150w, https:\/\/fmp-components.com\/wp-content\/uploads\/2025\/02\/fmp_cast-sprocket-9-12x12.webp 12w, https:\/\/fmp-components.com\/wp-content\/uploads\/2025\/02\/fmp_cast-sprocket-9-100x100.webp 100w\" sizes=\"(max-width: 300px) 100vw, 300px\" \/><\/td>\n<td style=\"width: 23.4341%;\" align=\"right\"><img loading=\"lazy\" decoding=\"async\" class=\"alignnone size-full wp-image-5266\" src=\"https:\/\/fmp-components.com\/wp-content\/uploads\/2025\/02\/fmp_cast-sprocket-101.webp\" alt=\"fmp_cast-sprocket\" width=\"225\" height=\"225\" title=\"\" srcset=\"https:\/\/fmp-components.com\/wp-content\/uploads\/2025\/02\/fmp_cast-sprocket-101.webp 225w, https:\/\/fmp-components.com\/wp-content\/uploads\/2025\/02\/fmp_cast-sprocket-101-150x150.webp 150w, https:\/\/fmp-components.com\/wp-content\/uploads\/2025\/02\/fmp_cast-sprocket-101-12x12.webp 12w, https:\/\/fmp-components.com\/wp-content\/uploads\/2025\/02\/fmp_cast-sprocket-101-100x100.webp 100w\" sizes=\"(max-width: 225px) 100vw, 225px\" \/><\/td>\n<\/tr>\n<tr style=\"height: 14.40pt;\">\n<td style=\"height: 14.4pt; width: 26.5659%;\" align=\"right\" height=\"24\"><img loading=\"lazy\" decoding=\"async\" class=\"alignnone size-full wp-image-5262\" src=\"https:\/\/fmp-components.com\/wp-content\/uploads\/2025\/02\/fmp_cast-sprocket-6.webp\" alt=\"fmp_cast-sprocket-\" width=\"300\" height=\"300\" title=\"\" srcset=\"https:\/\/fmp-components.com\/wp-content\/uploads\/2025\/02\/fmp_cast-sprocket-6.webp 300w, https:\/\/fmp-components.com\/wp-content\/uploads\/2025\/02\/fmp_cast-sprocket-6-150x150.webp 150w, https:\/\/fmp-components.com\/wp-content\/uploads\/2025\/02\/fmp_cast-sprocket-6-12x12.webp 12w, https:\/\/fmp-components.com\/wp-content\/uploads\/2025\/02\/fmp_cast-sprocket-6-100x100.webp 100w\" sizes=\"(max-width: 300px) 100vw, 300px\" \/><\/td>\n<td style=\"width: 26.5658%;\" align=\"right\"><img loading=\"lazy\" decoding=\"async\" class=\"alignnone size-full wp-image-5263\" src=\"https:\/\/fmp-components.com\/wp-content\/uploads\/2025\/02\/fmp_cast-sprocket-8.webp\" alt=\"fmp_cast-sprocket\" width=\"300\" height=\"300\" title=\"\" srcset=\"https:\/\/fmp-components.com\/wp-content\/uploads\/2025\/02\/fmp_cast-sprocket-8.webp 300w, https:\/\/fmp-components.com\/wp-content\/uploads\/2025\/02\/fmp_cast-sprocket-8-150x150.webp 150w, https:\/\/fmp-components.com\/wp-content\/uploads\/2025\/02\/fmp_cast-sprocket-8-12x12.webp 12w, https:\/\/fmp-components.com\/wp-content\/uploads\/2025\/02\/fmp_cast-sprocket-8-100x100.webp 100w\" sizes=\"(max-width: 300px) 100vw, 300px\" \/><\/td>\n<td style=\"width: 23.2181%;\" align=\"right\"><img loading=\"lazy\" decoding=\"async\" class=\"alignnone size-full wp-image-5264\" src=\"https:\/\/fmp-components.com\/wp-content\/uploads\/2025\/02\/fmp_cast-sprocket-81.webp\" alt=\"fmp_cast-sprocket\" width=\"347\" height=\"347\" title=\"\" srcset=\"https:\/\/fmp-components.com\/wp-content\/uploads\/2025\/02\/fmp_cast-sprocket-81.webp 347w, https:\/\/fmp-components.com\/wp-content\/uploads\/2025\/02\/fmp_cast-sprocket-81-300x300.webp 300w, https:\/\/fmp-components.com\/wp-content\/uploads\/2025\/02\/fmp_cast-sprocket-81-150x150.webp 150w, https:\/\/fmp-components.com\/wp-content\/uploads\/2025\/02\/fmp_cast-sprocket-81-12x12.webp 12w, https:\/\/fmp-components.com\/wp-content\/uploads\/2025\/02\/fmp_cast-sprocket-81-100x100.webp 100w\" sizes=\"(max-width: 347px) 100vw, 347px\" \/><\/td>\n<td style=\"width: 23.4341%;\" align=\"right\"><img loading=\"lazy\" decoding=\"async\" class=\"alignnone size-full wp-image-5265\" src=\"https:\/\/fmp-components.com\/wp-content\/uploads\/2025\/02\/fmp_cast-sprocket-11.webp\" alt=\"fmp_cast-sprocket\" width=\"300\" height=\"300\" title=\"\" srcset=\"https:\/\/fmp-components.com\/wp-content\/uploads\/2025\/02\/fmp_cast-sprocket-11.webp 300w, https:\/\/fmp-components.com\/wp-content\/uploads\/2025\/02\/fmp_cast-sprocket-11-150x150.webp 150w, https:\/\/fmp-components.com\/wp-content\/uploads\/2025\/02\/fmp_cast-sprocket-11-12x12.webp 12w, https:\/\/fmp-components.com\/wp-content\/uploads\/2025\/02\/fmp_cast-sprocket-11-100x100.webp 100w\" sizes=\"(max-width: 300px) 100vw, 300px\" \/><\/td>\n<\/tr>\n<\/tbody>\n<\/table>\n<h3>\u0136\u0113des pac\u0113l\u0101ja zobrats, kas izgatavots no citiem materi\u0101liem<\/h3>\n<table style=\"width: 100%;\" border=\"1\" width=\"100%\" cellspacing=\"0\" cellpadding=\"0\">\n<tbody>\n<tr style=\"height: 14.40pt;\">\n<td style=\"height: 14.4pt; width: 49.0281%; text-align: center;\" align=\"right\" width=\"166\" height=\"24\">Plastmasas \u0137\u0113des pac\u0113l\u0101ja zobrats<\/td>\n<td style=\"width: 50.7559%; text-align: center;\" align=\"right\" width=\"187\">Ner\u016bs\u0113jo\u0161\u0101 t\u0113rauda \u0137\u0113des pac\u0113l\u0101ja zobrats<\/td>\n<\/tr>\n<tr style=\"height: 14.40pt;\">\n<td class=\"et2\" style=\"height: 14.4pt; width: 49.0281%;\" height=\"24\"><img loading=\"lazy\" decoding=\"async\" class=\"alignnone wp-image-5268\" src=\"https:\/\/fmp-components.com\/wp-content\/uploads\/2025\/02\/fmp_plastic-sprocket-11.webp\" alt=\"fmp_plastic-sprocket\" width=\"447\" height=\"447\" title=\"\" srcset=\"https:\/\/fmp-components.com\/wp-content\/uploads\/2025\/02\/fmp_plastic-sprocket-11.webp 300w, https:\/\/fmp-components.com\/wp-content\/uploads\/2025\/02\/fmp_plastic-sprocket-11-150x150.webp 150w, https:\/\/fmp-components.com\/wp-content\/uploads\/2025\/02\/fmp_plastic-sprocket-11-12x12.webp 12w, https:\/\/fmp-components.com\/wp-content\/uploads\/2025\/02\/fmp_plastic-sprocket-11-100x100.webp 100w\" sizes=\"(max-width: 447px) 100vw, 447px\" \/><\/td>\n<td class=\"et2\" style=\"width: 50.7559%;\"><img loading=\"lazy\" decoding=\"async\" class=\"alignnone wp-image-5269\" src=\"https:\/\/fmp-components.com\/wp-content\/uploads\/2025\/02\/fmp_plastic-sprocket-12.webp\" alt=\"fmp_plastic-sprocket\" width=\"486\" height=\"486\" title=\"\" srcset=\"https:\/\/fmp-components.com\/wp-content\/uploads\/2025\/02\/fmp_plastic-sprocket-12.webp 300w, https:\/\/fmp-components.com\/wp-content\/uploads\/2025\/02\/fmp_plastic-sprocket-12-150x150.webp 150w, https:\/\/fmp-components.com\/wp-content\/uploads\/2025\/02\/fmp_plastic-sprocket-12-12x12.webp 12w, https:\/\/fmp-components.com\/wp-content\/uploads\/2025\/02\/fmp_plastic-sprocket-12-100x100.webp 100w\" sizes=\"(max-width: 486px) 100vw, 486px\" \/><\/td>\n<\/tr>\n<\/tbody>\n<\/table>\n<h2>Par FMP<\/h2>\n<p>FMP lepojas ar to, ka ir vado\u0161ais augstas kvalit\u0101tes zobratu ra\u017eot\u0101js, kas tiek ra\u017eoti m\u016bsu modernaj\u0101 r\u016bpn\u012bc\u0101 It\u0101lij\u0101. M\u0113s pied\u0101v\u0101jam pla\u0161u zobratu kl\u0101stu, kas izstr\u0101d\u0101ts, lai apmierin\u0101tu da\u017e\u0101du nozaru unik\u0101l\u0101s vajadz\u012bbas. Neatkar\u012bgi no t\u0101, vai mekl\u0113jat gatava urbuma zobratus, br\u012bvgaitas zobratus, konusveida fiks\u0101cijas zobratus vai konveijera zobratus, m\u0113s katru produktu izgatavojam ar precizit\u0101ti un iztur\u012bbu, lai nodro\u0161in\u0101tu optim\u0101lu veiktsp\u0113ju. M\u016bsu kl\u0101st\u0101 ir ner\u016bs\u0113jo\u0161\u0101 t\u0113rauda, \u200b\u200bplastmasas un t\u0113rauda zobrati, k\u0101 ar\u012b specializ\u0113ti mode\u013ci, piem\u0113ram, divk\u0101r\u0161\u0101 so\u013ca un divrindu zobrati, kas \u013cauj mums nodro\u0161in\u0101t ide\u0101lu risin\u0101jumu jebkuram pielietojumam.<\/p>\n<p>FMP at\u0161\u0137ir m\u016bsu ap\u0146em\u0161an\u0101s piel\u0101goties. M\u0113s apzin\u0101mies, ka katram projektam ir savas \u012bpa\u0161as pras\u012bbas, t\u0101p\u0113c pied\u0101v\u0101jam individu\u0101lus zobratu risin\u0101jumus, kas piel\u0101goti tie\u0161i j\u016bsu vajadz\u012bb\u0101m. Neatkar\u012bgi no t\u0101, vai jums ir nepiecie\u0161ams piel\u0101gots dizains vai \u012bpa\u0161as tehniskas pras\u012bbas, m\u016bsu ekspertu komanda ir gatava sniegt prec\u012bzus, uzticamus un augstas veiktsp\u0113jas risin\u0101jumus.<\/p>\n<p>M\u0113s esam ap\u0146\u0113mu\u0161ies nodro\u0161in\u0101t izcil\u012bbu gan in\u017eenierij\u0101, gan ra\u017eo\u0161an\u0101, nodro\u0161inot, ka katrs m\u016bsu ra\u017eotais zobrats atbilst augst\u0101kajiem kvalit\u0101tes standartiem un ir rad\u012bts ilgam kalpo\u0161anas laikam. Ja jums ir k\u0101di jaut\u0101jumi vai nepiecie\u0161ams piel\u0101gots zobrata risin\u0101jums, nevilcinieties sazin\u0101ties ar mums. M\u016bsu komanda ir gatava sniegt jums profesion\u0101lu pal\u012bdz\u012bbu un savlaic\u012bgas atbildes, lai nodro\u0161in\u0101tu j\u016bsu piln\u012bgu apmierin\u0101t\u012bbu. Vienk\u0101r\u0161i sazinieties ar mums pa e-pastu, un m\u0113s ar jums sazin\u0101simies, cik dr\u012bz vien iesp\u0113jams.<\/p>\n<p><img loading=\"lazy\" decoding=\"async\" class=\"alignnone size-full wp-image-5246\" src=\"https:\/\/fmp-components.com\/wp-content\/uploads\/2025\/02\/fmp-cast-sprocket-1.webp\" alt=\"fmp-cast-sprocket\" width=\"2492\" height=\"1179\" title=\"\" srcset=\"https:\/\/fmp-components.com\/wp-content\/uploads\/2025\/02\/fmp-cast-sprocket-1.webp 2492w, https:\/\/fmp-components.com\/wp-content\/uploads\/2025\/02\/fmp-cast-sprocket-1-1280x606.webp 1280w, https:\/\/fmp-components.com\/wp-content\/uploads\/2025\/02\/fmp-cast-sprocket-1-980x464.webp 980w, https:\/\/fmp-components.com\/wp-content\/uploads\/2025\/02\/fmp-cast-sprocket-1-480x227.webp 480w\" sizes=\"(min-width: 0px) and (max-width: 480px) 480px, (min-width: 481px) and (max-width: 980px) 980px, (min-width: 981px) and (max-width: 1280px) 1280px, (min-width: 1281px) 2492px, 100vw\" \/><\/p>","protected":false},"excerpt":{"rendered":"<p>Chain Hoist Sprocket Product Overview The chain hoist sprocket is designed for ease of operation, portability, and safety, making it a popular choice among users. With its innovative design and smooth functionality, this sprocket excels in heavy lifting applications. But what sets it apart? The chain hoist sprocket is built with components such as hooks, [&hellip;]<\/p>","protected":false},"featured_media":5257,"comment_status":"open","ping_status":"closed","template":"","meta":{"_et_pb_use_builder":"","_et_pb_old_content":"","_et_gb_content_width":""},"product_brand":[],"product_cat":[99],"product_tag":[],"class_list":{"0":"post-5256","1":"product","2":"type-product","3":"status-publish","4":"has-post-thumbnail","6":"product_cat-specialty-sprockets","8":"first","9":"instock","10":"shipping-taxable","11":"product-type-simple"},"_links":{"self":[{"href":"https:\/\/fmp-components.com\/lv\/wp-json\/wp\/v2\/product\/5256","targetHints":{"allow":["GET"]}}],"collection":[{"href":"https:\/\/fmp-components.com\/lv\/wp-json\/wp\/v2\/product"}],"about":[{"href":"https:\/\/fmp-components.com\/lv\/wp-json\/wp\/v2\/types\/product"}],"replies":[{"embeddable":true,"href":"https:\/\/fmp-components.com\/lv\/wp-json\/wp\/v2\/comments?post=5256"}],"wp:featuredmedia":[{"embeddable":true,"href":"https:\/\/fmp-components.com\/lv\/wp-json\/wp\/v2\/media\/5257"}],"wp:attachment":[{"href":"https:\/\/fmp-components.com\/lv\/wp-json\/wp\/v2\/media?parent=5256"}],"wp:term":[{"taxonomy":"product_brand","embeddable":true,"href":"https:\/\/fmp-components.com\/lv\/wp-json\/wp\/v2\/product_brand?post=5256"},{"taxonomy":"product_cat","embeddable":true,"href":"https:\/\/fmp-components.com\/lv\/wp-json\/wp\/v2\/product_cat?post=5256"},{"taxonomy":"product_tag","embeddable":true,"href":"https:\/\/fmp-components.com\/lv\/wp-json\/wp\/v2\/product_tag?post=5256"}],"curies":[{"name":"wp","href":"https:\/\/api.w.org\/{rel}","templated":true}]}}