{"id":5245,"date":"2025-02-05T03:47:45","date_gmt":"2025-02-05T03:47:45","guid":{"rendered":"https:\/\/fmp-components.com\/?post_type=product&#038;p=5245"},"modified":"2025-02-05T03:47:46","modified_gmt":"2025-02-05T03:47:46","slug":"bucket-elevator-sprocket","status":"publish","type":"product","link":"https:\/\/fmp-components.com\/lv\/product\/bucket-elevator-sprocket\/","title":{"rendered":"Kausa lifta zobrats"},"content":{"rendered":"<h2>Kausa lifta zobrats<\/h2>\n<p>Kausu lifts ir paredz\u0113ts materi\u0101lu efekt\u012bvai transport\u0113\u0161anai no zem\u0101kiem uz augst\u0101kiem augstumiem. <img loading=\"lazy\" decoding=\"async\" class=\"size-full wp-image-5248 alignright\" src=\"https:\/\/fmp-components.com\/wp-content\/uploads\/2025\/02\/fmp_cast-sprocket-16.webp\" alt=\"fmp_cast-sprocket\" width=\"538\" height=\"522\" title=\"\" srcset=\"https:\/\/fmp-components.com\/wp-content\/uploads\/2025\/02\/fmp_cast-sprocket-16.webp 538w, https:\/\/fmp-components.com\/wp-content\/uploads\/2025\/02\/fmp_cast-sprocket-16-480x466.webp 480w\" sizes=\"(min-width: 0px) and (max-width: 480px) 480px, (min-width: 481px) 538px, 100vw\" \/>P\u0113c tam, kad materi\u0101li ir ievietoti tvertn\u0113, izmantojot vibr\u0101cijas galdu, iek\u0101rta darbojas autom\u0101tiski un nep\u0101rtraukti, pace\u013cot materi\u0101lus uz aug\u0161u. Konveijera \u0101trumu var regul\u0113t atkar\u012bb\u0101 no nepiecie\u0161am\u0101 transport\u0113\u0161anas apjoma, un pacel\u0161anas augstumu var piel\u0101got konkr\u0113t\u0101m vajadz\u012bb\u0101m.<\/p>\n<p>M\u016bsu kausu elevatoram ir pa\u0161projekt\u0113ta netoksiska PP tvertne, kas papla\u0161ina t\u0101 pielietojumu da\u017e\u0101d\u0101s nozar\u0113s. Tvertne ir r\u016bp\u012bgi izstr\u0101d\u0101ta optim\u0101lai veiktsp\u0113jai, nodro\u0161inot iztur\u012bbu un dro\u0161u materi\u0101lu apstr\u0101di. Visi sist\u0113mas izm\u0113ri ir piel\u0101goti konkr\u0113taj\u0101m pielietojuma pras\u012bb\u0101m.<\/p>\n<p>\u0160is kausu lifts ir ide\u0101li piem\u0113rots vertik\u0101lo iepako\u0161anas ma\u0161\u012bnu un datoru doz\u0113\u0161anas sist\u0113mu atbalstam. To pla\u0161i izmanto t\u0101du produktu k\u0101 p\u0101rtikas, farmaceitisko l\u012bdzek\u013cu, r\u016bpniecisko \u0137\u012bmisko vielu, skr\u016bvju, uzgrie\u017e\u0146u un citu priek\u0161metu cel\u0161anai un padevei. Ma\u0161\u012bnas darb\u012bbu var autom\u0101tiski vad\u012bt, izmantojot sign\u0101la atpaz\u012b\u0161anu no pievienot\u0101s iepako\u0161anas ma\u0161\u012bnas, nodro\u0161inot neman\u0101mu iedarbin\u0101\u0161anas un aptur\u0113\u0161anas funkcionalit\u0101ti.<\/p>\n<p>Pateicoties elast\u012bgajam dizainam un augstas kvalit\u0101tes komponentiem, m\u016bsu kausu lifts ir uzticams risin\u0101jums efekt\u012bvai vertik\u0101lai transport\u0113\u0161anai da\u017e\u0101d\u0101s nozar\u0113s.<\/p>\n<h2>Kausa lifta darb\u012bbas princips<\/h2>\n<p>Kausu elevators darbojas, izmantojot virkni piltuvju, lai izsmeltu materi\u0101lus no apak\u0161\u0113j\u0101s uzglab\u0101\u0161anas zonas. Pace\u013cot konveijera lenti vai \u0137\u0113di, t\u0101 p\u0101rvietojas p\u0101ri aug\u0161\u0113jam ritenim un p\u0113c tam nolai\u017eas, lai iztuk\u0161otu materi\u0101lus sa\u0146em\u0161anas tvertn\u0113. \u0160is process \u013cauj kausu elevatoram transport\u0113t materi\u0101lus vertik\u0101li nep\u0101rtraukt\u0101 kust\u012bb\u0101.<\/p>\n<p><img loading=\"lazy\" decoding=\"async\" class=\"size-full wp-image-5247 alignleft\" src=\"https:\/\/fmp-components.com\/wp-content\/uploads\/2025\/02\/fmp_cast-sprocket-15.webp\" alt=\"fmp_cast-sprocket\" width=\"526\" height=\"435\" title=\"\" srcset=\"https:\/\/fmp-components.com\/wp-content\/uploads\/2025\/02\/fmp_cast-sprocket-15.webp 526w, https:\/\/fmp-components.com\/wp-content\/uploads\/2025\/02\/fmp_cast-sprocket-15-480x397.webp 480w\" sizes=\"(min-width: 0px) and (max-width: 480px) 480px, (min-width: 481px) 526px, 100vw\" \/>Vairum\u0101 kausu elevatoru piedzi\u0146as sist\u0113mu darbina gumijas siksna, kas ir uzst\u0101d\u012bta gan uz apak\u0161\u0113j\u0101, gan aug\u0161\u0113j\u0101 piedzi\u0146as trumu\u013ca, k\u0101 ar\u012b uz aug\u0161\u0113j\u0101 un apak\u0161\u0113j\u0101 st\u016bres trumu\u013ca. Alternat\u012bvi, ar \u0137\u0113di darbin\u0101mi kausu elevatori ir apr\u012bkoti ar div\u0101m paral\u0113l\u0101m transmisijas \u0137\u0113d\u0113m. \u0160\u012bs \u0137\u0113des darbojas kop\u0101 ar transmisijas zobratu p\u0101ri aug\u0161pus\u0113 vai apak\u0161\u0101, k\u0101 ar\u012b st\u016bres zobratiem pret\u0113j\u0101 gal\u0101.<\/p>\n<p>Lai nodro\u0161in\u0101tu efekt\u012bvu un t\u012bru darb\u012bbu, kausu elevatori parasti ir ievietoti korpusos, kas pal\u012bdz nov\u0113rst putek\u013cu nopl\u016bdi materi\u0101la transport\u0113\u0161anas laik\u0101.<\/p>\n<p>Kausu elevatori ir ide\u0101li piem\u0113roti materi\u0101lu vertik\u0101lai transport\u0113\u0161anai. Kad materi\u0101li ir ievietoti tvertn\u0113, izmantojot vibr\u0101cijas galdu, sist\u0113ma darbojas autom\u0101tiski un nep\u0101rtraukti, lai paceltu materi\u0101lus v\u0113lamaj\u0101 augstum\u0101, nodro\u0161inot uzticamu un efekt\u012bvu materi\u0101lu apstr\u0101di.<\/p>\n<h2>Par FMP<\/h2>\n<p>FMP lepojas ar to, ka ir vado\u0161ais augstas kvalit\u0101tes zobratu ra\u017eot\u0101js, kas tiek ra\u017eoti m\u016bsu modernaj\u0101 r\u016bpn\u012bc\u0101 It\u0101lij\u0101. M\u0113s pied\u0101v\u0101jam pla\u0161u zobratu kl\u0101stu, kas izstr\u0101d\u0101ts, lai apmierin\u0101tu da\u017e\u0101du nozaru unik\u0101l\u0101s vajadz\u012bbas. Neatkar\u012bgi no t\u0101, vai mekl\u0113jat gatava urbuma zobratus, br\u012bvgaitas zobratus, konusveida fiks\u0101cijas zobratus vai konveijera zobratus, m\u0113s katru produktu izgatavojam ar precizit\u0101ti un iztur\u012bbu, lai nodro\u0161in\u0101tu optim\u0101lu veiktsp\u0113ju. M\u016bsu kl\u0101st\u0101 ir ner\u016bs\u0113jo\u0161\u0101 t\u0113rauda, \u200b\u200bplastmasas un t\u0113rauda zobrati, k\u0101 ar\u012b specializ\u0113ti mode\u013ci, piem\u0113ram, divk\u0101r\u0161\u0101 so\u013ca un divrindu zobrati, kas \u013cauj mums nodro\u0161in\u0101t ide\u0101lu risin\u0101jumu jebkuram pielietojumam.<\/p>\n<p>FMP at\u0161\u0137ir m\u016bsu ap\u0146em\u0161an\u0101s piel\u0101goties. M\u0113s apzin\u0101mies, ka katram projektam ir savas \u012bpa\u0161as pras\u012bbas, t\u0101p\u0113c pied\u0101v\u0101jam individu\u0101lus zobratu risin\u0101jumus, kas piel\u0101goti tie\u0161i j\u016bsu vajadz\u012bb\u0101m. Neatkar\u012bgi no t\u0101, vai jums ir nepiecie\u0161ams piel\u0101gots dizains vai \u012bpa\u0161as tehniskas pras\u012bbas, m\u016bsu ekspertu komanda ir gatava sniegt prec\u012bzus, uzticamus un augstas veiktsp\u0113jas risin\u0101jumus.<\/p>\n<p>M\u0113s esam ap\u0146\u0113mu\u0161ies nodro\u0161in\u0101t izcil\u012bbu gan in\u017eenierij\u0101, gan ra\u017eo\u0161an\u0101, nodro\u0161inot, ka katrs m\u016bsu ra\u017eotais zobrats atbilst augst\u0101kajiem kvalit\u0101tes standartiem un ir rad\u012bts ilgam kalpo\u0161anas laikam. Ja jums ir k\u0101di jaut\u0101jumi vai nepiecie\u0161ams piel\u0101gots zobrata risin\u0101jums, nevilcinieties sazin\u0101ties ar mums. M\u016bsu komanda ir gatava sniegt jums profesion\u0101lu pal\u012bdz\u012bbu un savlaic\u012bgas atbildes, lai nodro\u0161in\u0101tu j\u016bsu piln\u012bgu apmierin\u0101t\u012bbu. Vienk\u0101r\u0161i sazinieties ar mums pa e-pastu, un m\u0113s ar jums sazin\u0101simies, cik dr\u012bz vien iesp\u0113jams.<\/p>\n<p><img loading=\"lazy\" decoding=\"async\" class=\"alignnone size-full wp-image-5246\" src=\"https:\/\/fmp-components.com\/wp-content\/uploads\/2025\/02\/fmp-cast-sprocket-1.webp\" alt=\"fmp-cast-sprocket\" width=\"2492\" height=\"1179\" title=\"\" srcset=\"https:\/\/fmp-components.com\/wp-content\/uploads\/2025\/02\/fmp-cast-sprocket-1.webp 2492w, https:\/\/fmp-components.com\/wp-content\/uploads\/2025\/02\/fmp-cast-sprocket-1-1280x606.webp 1280w, https:\/\/fmp-components.com\/wp-content\/uploads\/2025\/02\/fmp-cast-sprocket-1-980x464.webp 980w, https:\/\/fmp-components.com\/wp-content\/uploads\/2025\/02\/fmp-cast-sprocket-1-480x227.webp 480w\" sizes=\"(min-width: 0px) and (max-width: 480px) 480px, (min-width: 481px) and (max-width: 980px) 980px, (min-width: 981px) and (max-width: 1280px) 1280px, (min-width: 1281px) 2492px, 100vw\" \/><\/p>","protected":false},"excerpt":{"rendered":"<p>Bucket Elevator Sprocket The bucket elevator is designed to efficiently transport materials from lower to higher elevations. After materials are placed into the hopper via a vibration table, the machine operates automatically and continuously, lifting the materials upward. The speed of the conveyor can be adjusted based on the required transport volume, and the lifting [&hellip;]<\/p>","protected":false},"featured_media":5249,"comment_status":"open","ping_status":"closed","template":"","meta":{"_et_pb_use_builder":"","_et_pb_old_content":"","_et_gb_content_width":""},"product_brand":[],"product_cat":[99],"product_tag":[],"class_list":{"0":"post-5245","1":"product","2":"type-product","3":"status-publish","4":"has-post-thumbnail","6":"product_cat-specialty-sprockets","8":"first","9":"instock","10":"shipping-taxable","11":"product-type-simple"},"_links":{"self":[{"href":"https:\/\/fmp-components.com\/lv\/wp-json\/wp\/v2\/product\/5245","targetHints":{"allow":["GET"]}}],"collection":[{"href":"https:\/\/fmp-components.com\/lv\/wp-json\/wp\/v2\/product"}],"about":[{"href":"https:\/\/fmp-components.com\/lv\/wp-json\/wp\/v2\/types\/product"}],"replies":[{"embeddable":true,"href":"https:\/\/fmp-components.com\/lv\/wp-json\/wp\/v2\/comments?post=5245"}],"wp:featuredmedia":[{"embeddable":true,"href":"https:\/\/fmp-components.com\/lv\/wp-json\/wp\/v2\/media\/5249"}],"wp:attachment":[{"href":"https:\/\/fmp-components.com\/lv\/wp-json\/wp\/v2\/media?parent=5245"}],"wp:term":[{"taxonomy":"product_brand","embeddable":true,"href":"https:\/\/fmp-components.com\/lv\/wp-json\/wp\/v2\/product_brand?post=5245"},{"taxonomy":"product_cat","embeddable":true,"href":"https:\/\/fmp-components.com\/lv\/wp-json\/wp\/v2\/product_cat?post=5245"},{"taxonomy":"product_tag","embeddable":true,"href":"https:\/\/fmp-components.com\/lv\/wp-json\/wp\/v2\/product_tag?post=5245"}],"curies":[{"name":"wp","href":"https:\/\/api.w.org\/{rel}","templated":true}]}}