{"id":5239,"date":"2025-02-05T03:00:22","date_gmt":"2025-02-05T03:00:22","guid":{"rendered":"https:\/\/fmp-components.com\/?post_type=product&#038;p=5239"},"modified":"2025-02-05T03:00:22","modified_gmt":"2025-02-05T03:00:22","slug":"fu-scraper-conveyor-cast-sprocket","status":"publish","type":"product","link":"https:\/\/fmp-components.com\/lv\/product\/fu-scraper-conveyor-cast-sprocket\/","title":{"rendered":"FU skr\u0101pja konveijera liets zobrats"},"content":{"rendered":"<h2>Skr\u0101pja zobrats<\/h2>\n<p>FU skr\u0101pju konveijera lietais zobrats ir b\u016btiska da\u017e\u0101du skr\u0101pju ma\u0161\u012bnu piedzi\u0146as meh\u0101nisma sast\u0101vda\u013ca. Tas darbojas kop\u0101 ar \u0137\u0113di, veidojot skr\u0101pju konveijeru galveno piedzi\u0146as sist\u0113mu. \u0160o ma\u0161\u012bnu \u0137\u0113des zobrati un \u0137\u0113des efekt\u012bvi p\u0101rvad\u0101 beramkravu materi\u0101lus siles iek\u0161pus\u0113, nodro\u0161inot stabilit\u0101ti un iztur\u012bbu. Skr\u0101pju ma\u0161\u012bnas var izmantot gan horizont\u0101lai, gan sl\u012bpai materi\u0101lu transport\u0113\u0161anai.<\/p>\n<p>Zobrata ass mezgls, ko bie\u017ei d\u0113v\u0113 par zobrata grupu, ir piln\u012bb\u0101 mehaniz\u0113t\u0101 skr\u0113pera galvas un iekr\u0101v\u0113ja galven\u0101 sast\u0101vda\u013ca. Og\u013cu ieguves darbos zobrats darbina \u0137\u0113di caur reduktoru, \u013caujot skr\u0113peram p\u0101rvietot materi\u0101lus, piem\u0113ram, ogles, centr\u0101laj\u0101 spraug\u0101.<\/p>\n<p><img loading=\"lazy\" decoding=\"async\" class=\"wp-image-5241 alignleft\" src=\"https:\/\/fmp-components.com\/wp-content\/uploads\/2025\/02\/scraper2.webp\" alt=\"skr\u0101pis\" width=\"304\" height=\"304\" title=\"\"> Skr\u0101pju \u0137\u0113desrati ir izgatavoti no augstas stipr\u012bbas struktur\u0101l\u0101 le\u0123\u0113t\u0101 t\u0113rauda un tiek pak\u013cauti daudzpak\u0101pju apstr\u0101des proced\u016brai. \u0160ie \u0137\u0113desrati ir paz\u012bstami ar savu izcilo iztur\u012bbu, nodilumiztur\u012bbu un visp\u0101r\u0113jo uzticam\u012bbu. \u0160ie \u0137\u0113desrati ir pieejami da\u017e\u0101dos mode\u013cos, lai tie atbilstu da\u017e\u0101diem skr\u0101pju konveijeriem, un tie ir izstr\u0101d\u0101ti, lai atbilstu da\u017e\u0101du ekspluat\u0101cijas apst\u0101k\u013cu pras\u012bb\u0101m.<\/p>\n<h3>Skr\u0101pja zobratu galven\u0101s iez\u012bmes ir \u0161\u0101das:<\/h3>\n<p>Augsta iztur\u012bba un nodilumiztur\u012bba<br \/>\nSp\u0113ja iztur\u0113t impulsu kombin\u0101cijas un trieciena slodzes<br \/>\nIztur\u012bba un stingr\u012bba<br \/>\nPrec\u012bzs zobu izm\u0113rs un augsta apstr\u0101des precizit\u0101te optim\u0101lai \u0137\u0113des sader\u012bbai<br \/>\nParasti skr\u0101pju zobratiem ir 6\u20138 zobi atkar\u012bb\u0101 no konkr\u0113t\u0101 pielietojuma.<\/p>\n<h2>Skr\u0101pja zobrata materi\u0101ls<\/h2>\n<p>Liel\u0101k\u0101 da\u013ca skr\u0101pju \u0137\u0113des rite\u0146u ir izgatavoti no augstas stipr\u012bbas le\u0123\u0113t\u0101 t\u0113rauda, \u200b\u200bpiem\u0113ram, 42CrMo vai 45CrMnMo. \u0160ie materi\u0101li ir izv\u0113l\u0113ti to izcil\u0101s iztur\u012bbas, ilgm\u016b\u017e\u012bbas un nodilumiztur\u012bbas d\u0113\u013c, kas ir b\u016btiski sare\u017e\u0123\u012btos apst\u0101k\u013cos, ar kuriem skr\u0101pju \u0137\u0113des rati saskaras ekspluat\u0101cijas laik\u0101.<\/p>\n<p>Lai uzlabotu \u0137\u0113des ratu nodilumiztur\u012bbu un kop\u0113jo veiktsp\u0113ju, \u0137\u0113des rite\u0146i tiek kalti un r\u016bd\u012bti. Kal\u0161anas process nodro\u0161ina, ka \u0137\u0113des ratiem ir bl\u012bva un vienm\u0113r\u012bga strukt\u016bra, iev\u0113rojami uzlabojot to iztur\u012bbu un noguruma iztur\u012bbu. R\u016bd\u012b\u0161ana v\u0113l vair\u0101k uzlabo materi\u0101la ciet\u012bbu, padarot \u0137\u0113des ratus iztur\u012bg\u0101kus pret spriegumiem un nodilumu, kas rodas intens\u012bvas lieto\u0161anas apst\u0101k\u013cos.<\/p>\n<p>Ra\u017eo\u0161anas proces\u0101 tiek piem\u0113roti stingri kvalit\u0101tes kontroles pas\u0101kumi, lai nodro\u0161in\u0101tu, ka katra \u0137\u0113des rata kal\u0161anas virsma ir bez defektiem, piem\u0113ram, plais\u0101m, starpsl\u0101\u0146iem, grumb\u0101m, jaunveidojo\u0161iem boj\u0101jumiem un izded\u017eu iesl\u0113gumiem. \u0160\u012bs nepiln\u012bbas var apdraud\u0113t \u0137\u0113des ratu iztur\u012bbu un funkcionalit\u0101ti, t\u0101p\u0113c tiek veikta stingra test\u0113\u0161ana un p\u0101rbaudes, lai nodro\u0161in\u0101tu augst\u0101kos kvalit\u0101tes standartus.<\/p>\n<p>Katra \u0137\u0113des rata ra\u017eo\u0161ana ietver vair\u0101k nek\u0101 divdesmit da\u017e\u0101dus apstr\u0101des posmus. \u0160ie posmi ietver prec\u012bzu apstr\u0101di, form\u0113\u0161anu un apdari, nodro\u0161inot, ka katrs \u0137\u0113des rats atbilst skr\u0101pju ma\u0161\u012bnu specifik\u0101cij\u0101m. Kad \u0137\u0113des rati ir izveidoti, tie tiek uzst\u0101d\u012bti skr\u0101pju ma\u0161\u012bnas galv\u0101 un aizmugur\u0113, kur tiem ir iz\u0161\u0137iro\u0161a noz\u012bme \u0137\u0113des piedzi\u0146\u0101 un efekt\u012bvas materi\u0101la transport\u0113\u0161anas nodro\u0161in\u0101\u0161an\u0101.<\/p>\n<p>Izmantojot progres\u012bvas ra\u017eo\u0161anas metodes un augstas kvalit\u0101tes materi\u0101lus, skr\u0101pju zobrati nodro\u0161ina uzticamu veiktsp\u0113ju sare\u017e\u0123\u012btos apst\u0101k\u013cos, pied\u0101v\u0101jot ilgu kalpo\u0161anas laiku un uzlabotu darb\u012bbas efektivit\u0101ti.<\/p>\n<p><img loading=\"lazy\" decoding=\"async\" class=\"wp-image-5243 aligncenter\" src=\"https:\/\/fmp-components.com\/wp-content\/uploads\/2025\/02\/fmp_cast-sprocket-12.webp\" alt=\"fmp_cast-sprocket\" width=\"863\" height=\"859\" title=\"\" srcset=\"https:\/\/fmp-components.com\/wp-content\/uploads\/2025\/02\/fmp_cast-sprocket-12.webp 863w, https:\/\/fmp-components.com\/wp-content\/uploads\/2025\/02\/fmp_cast-sprocket-12-480x478.webp 480w\" sizes=\"(min-width: 0px) and (max-width: 480px) 480px, (min-width: 481px) 863px, 100vw\" \/><\/p>\n<h3>Skr\u0101pju konveijera darb\u012bbas princips<\/h3>\n<p>Skr\u0101pju konveijers darbojas ar vienk\u0101r\u0161u, bet efekt\u012bvu meh\u0101nismu, kas paredz\u0113ts beramkravu, piem\u0113ram, og\u013cu, atkritumu vai citu vielu, transport\u0113\u0161anai. Konveijeram ir atv\u0113rta tekne, kas kalpo k\u0101 materi\u0101lu vado\u0161\u0101 un neso\u0161\u0101 konstrukcija. Skr\u0101pis, kas ir fiks\u0113ts gar \u0137\u0113di (veidojot skr\u0101pju \u0137\u0113di), darbojas k\u0101 vilces komponents, kas p\u0101rvieto materi\u0101lus caur tekni.<\/p>\n<p>Kad tiek aktiviz\u0113ta galvas piedzi\u0146as sist\u0113ma, ieskaitot konveijera p\u0101rnesumk\u0101rbu, t\u0101 iedarbina \u0137\u0113des zobratu uz konveijera galvas v\u0101rpstas. \u0160\u012b rot\u0101cija darbina skr\u0101pja \u0137\u0113di, liekot tai nep\u0101rtraukti cirkul\u0113t. Skr\u0101pja \u0137\u0113dei p\u0101rvietojoties, t\u0101 velk materi\u0101lu pa tekni, efekt\u012bvi transport\u0113jot to no astes gala uz konveijera galvu.<\/p>\n<p><img loading=\"lazy\" decoding=\"async\" class=\"wp-image-5242 aligncenter\" src=\"https:\/\/fmp-components.com\/wp-content\/uploads\/2025\/02\/fmp-scraper.webp\" alt=\"fmp-skr\u0101pis\" width=\"880\" height=\"660\" title=\"\" srcset=\"https:\/\/fmp-components.com\/wp-content\/uploads\/2025\/02\/fmp-scraper.webp 880w, https:\/\/fmp-components.com\/wp-content\/uploads\/2025\/02\/fmp-scraper-480x360.webp 480w\" sizes=\"(min-width: 0px) and (max-width: 480px) 480px, (min-width: 481px) 880px, 100vw\" \/><\/p>\n<p>Konveijera gal\u0101 materi\u0101ls tiek izkrauts, pabeidzot transport\u0113\u0161anas ciklu. P\u0113c tam skr\u0101pju \u0137\u0113de apiet \u0137\u0113des riteni, atgrie\u017eoties sist\u0113m\u0101 nep\u0101rtraukt\u0101, sl\u0113gt\u0101 cilpas darb\u012bb\u0101, nodro\u0161inot vienm\u0113r\u012bgu materi\u0101lu pl\u016bsmu vis\u0101 proces\u0101. \u0160\u012b neman\u0101m\u0101 darb\u012bba \u013cauj efekt\u012bvi un uzticami apstr\u0101d\u0101t materi\u0101lus, padarot skr\u0101pju konveijerus ide\u0101li piem\u0113rotus da\u017e\u0101d\u0101m nozar\u0113m, piem\u0113ram, ieguves r\u016bpniec\u012bbai, og\u013cu apstr\u0101dei un beramkravu p\u0101rvad\u0101\u0161anai.<\/p>\n<p>Rezum\u0113jot, skr\u0101pju konveijera sist\u0113mas darb\u012bbas princips balst\u0101s uz skr\u0101pju \u0137\u0113des un zobratu koordin\u0113tu kust\u012bbu, ko darbina galvas piedzi\u0146as sist\u0113ma, lai nep\u0101rtraukti transport\u0113tu materi\u0101lus pa izvadkan\u0101lu sl\u0113gt\u0101 cikl\u0101, nodro\u0161inot vienm\u0113r\u012bgu un vienm\u0113r\u012bgu darb\u012bbu.<\/p>\n<h2>Par FMP<\/h2>\n<p>M\u016bsu modernaj\u0101 r\u016bpn\u012bc\u0101 It\u0101lij\u0101 m\u0113s specializ\u0113jamies pla\u0161a kl\u0101sta augstas kvalit\u0101tes zobratu ra\u017eo\u0161an\u0101, lai apmierin\u0101tu m\u016bsu klientu da\u017e\u0101d\u0101s vajadz\u012bbas. S\u0101kot ar gataviem zobratiem ar urbumu un beidzot ar br\u012bvgaitas zobratiem, no konusveida fiks\u0101cijas zobratiem l\u012bdz konveijera zobratiem, m\u0113s pied\u0101v\u0101jam produktus, kas izgatavoti, dom\u0101jot par precizit\u0101ti un iztur\u012bbu. M\u016bsu pla\u0161aj\u0101 kl\u0101st\u0101 ietilpst ner\u016bs\u0113jo\u0161\u0101 t\u0113rauda, \u200b\u200bplastmasas un t\u0113rauda zobrati, k\u0101 ar\u012b specializ\u0113ti dizaini, piem\u0113ram, divk\u0101r\u0161\u0101 so\u013ca un divrindu zobrati, nodro\u0161inot, ka m\u0113s varam pied\u0101v\u0101t perfektu risin\u0101jumu jebkuram pielietojumam.<img loading=\"lazy\" decoding=\"async\" class=\"wp-image-5244 alignleft\" src=\"https:\/\/fmp-components.com\/wp-content\/uploads\/2025\/02\/fmp_cast-sprocket-13.webp\" alt=\"fmp_cast-sprocket\" width=\"235\" height=\"295\" title=\"\"><\/p>\n<p>M\u016bs at\u0161\u0137ir ap\u0146em\u0161an\u0101s piel\u0101goties. M\u0113s saprotam, ka katrs projekts ir unik\u0101ls, t\u0101p\u0113c pied\u0101v\u0101jam piel\u0101gotus zobratu risin\u0101jumus, lai apmierin\u0101tu j\u016bsu \u012bpa\u0161\u0101s pras\u012bbas. Neatkar\u012bgi no t\u0101, vai jums ir nepiecie\u0161ams individu\u0101ls dizains vai unik\u0101las tehniskas pras\u012bbas, m\u016bsu ekspertu komanda ir gatava sniegt jums prec\u012bzus un uzticamus risin\u0101jumus.<\/p>\n<p>M\u0113s lepojamies ar savu in\u017eeniertehnisko pieredzi un ra\u017eo\u0161anas procesa kvalit\u0101ti, nodro\u0161inot, ka katrs m\u016bsu ra\u017eotais zobrats ir rad\u012bts ilgam kalpo\u0161anas laikam. Ja jums ir k\u0101di jaut\u0101jumi vai nepiecie\u0161ams piel\u0101gots zobrats, nevilcinieties sazin\u0101ties ar mums. M\u016bsu komanda ir gatava jums pal\u012bdz\u0113t un sniegt savlaic\u012bgus, profesion\u0101lus padomus, lai nodro\u0161in\u0101tu j\u016bsu piln\u012bgu apmierin\u0101t\u012bbu. Vienk\u0101r\u0161i nos\u016btiet mums e-pastu, un m\u0113s ar jums sazin\u0101simies, cik dr\u012bz vien iesp\u0113jams.<\/p>","protected":false},"excerpt":{"rendered":"<p>Scraper Sprocket The FU Scraper Conveyor Cast Sprocket is a crucial component in the drive mechanism of various scraper machines. It works together with the chain to form the primary drive system for scraper conveyors. The chain sprockets and chains of these machines efficiently transport bulk materials within the trough, offering stability and durability. Scraper [&hellip;]<\/p>","protected":false},"featured_media":5240,"comment_status":"open","ping_status":"closed","template":"","meta":{"_et_pb_use_builder":"","_et_pb_old_content":"","_et_gb_content_width":""},"product_brand":[],"product_cat":[99],"product_tag":[],"class_list":{"0":"post-5239","1":"product","2":"type-product","3":"status-publish","4":"has-post-thumbnail","6":"product_cat-specialty-sprockets","8":"first","9":"instock","10":"shipping-taxable","11":"product-type-simple"},"_links":{"self":[{"href":"https:\/\/fmp-components.com\/lv\/wp-json\/wp\/v2\/product\/5239","targetHints":{"allow":["GET"]}}],"collection":[{"href":"https:\/\/fmp-components.com\/lv\/wp-json\/wp\/v2\/product"}],"about":[{"href":"https:\/\/fmp-components.com\/lv\/wp-json\/wp\/v2\/types\/product"}],"replies":[{"embeddable":true,"href":"https:\/\/fmp-components.com\/lv\/wp-json\/wp\/v2\/comments?post=5239"}],"wp:featuredmedia":[{"embeddable":true,"href":"https:\/\/fmp-components.com\/lv\/wp-json\/wp\/v2\/media\/5240"}],"wp:attachment":[{"href":"https:\/\/fmp-components.com\/lv\/wp-json\/wp\/v2\/media?parent=5239"}],"wp:term":[{"taxonomy":"product_brand","embeddable":true,"href":"https:\/\/fmp-components.com\/lv\/wp-json\/wp\/v2\/product_brand?post=5239"},{"taxonomy":"product_cat","embeddable":true,"href":"https:\/\/fmp-components.com\/lv\/wp-json\/wp\/v2\/product_cat?post=5239"},{"taxonomy":"product_tag","embeddable":true,"href":"https:\/\/fmp-components.com\/lv\/wp-json\/wp\/v2\/product_tag?post=5239"}],"curies":[{"name":"wp","href":"https:\/\/api.w.org\/{rel}","templated":true}]}}