{"id":5047,"date":"2025-01-26T03:31:20","date_gmt":"2025-01-26T03:31:20","guid":{"rendered":"https:\/\/fmp-components.com\/?post_type=product&#038;p=5047"},"modified":"2025-01-26T03:31:20","modified_gmt":"2025-01-26T03:31:20","slug":"cement-mixer-2810-gearbox-reducer-for-concrete-mixer-innovative-drive-system-%ef%bc%88zl-2810%ef%bc%89","status":"publish","type":"product","link":"https:\/\/fmp-components.com\/lv\/product\/cement-mixer-2810-gearbox-reducer-for-concrete-mixer-innovative-drive-system-%ef%bc%88zl-2810%ef%bc%89\/","title":{"rendered":"Cementa mais\u012bt\u0101js 2810 p\u0101rnesumk\u0101rbas reduktors betona mais\u012bt\u0101ja inovat\u012bvai piedzi\u0146as sist\u0113mai \uff08ZL-2810\uff09"},"content":{"rendered":"<h2>2810 p\u0101rnesumk\u0101rbas strukt\u016bras sh\u0113ma<\/h2>\n<p><img loading=\"lazy\" decoding=\"async\" class=\"wp-image-5048 aligncenter\" src=\"https:\/\/fmp-components.com\/wp-content\/uploads\/2025\/01\/cement-mixer-gearbox11.webp\" alt=\"cementa mais\u012bt\u0101ja p\u0101rnesumk\u0101rba\" width=\"855\" height=\"523\" title=\"\" srcset=\"https:\/\/fmp-components.com\/wp-content\/uploads\/2025\/01\/cement-mixer-gearbox11.webp 855w, https:\/\/fmp-components.com\/wp-content\/uploads\/2025\/01\/cement-mixer-gearbox11-480x294.webp 480w\" sizes=\"(min-width: 0px) and (max-width: 480px) 480px, (min-width: 481px) 855px, 100vw\" \/><\/p>\n<table style=\"width: 100%;\" border=\"1\" width=\"100%\" cellspacing=\"0\" cellpadding=\"0\">\n<tbody>\n<tr>\n<th>Komponenta numurs<\/th>\n<th>Komponenta nosaukums<\/th>\n<th>Komponenta numurs<\/th>\n<th>Komponenta nosaukums<\/th>\n<th>Komponenta numurs<\/th>\n<th>Komponenta nosaukums<\/th>\n<\/tr>\n<tr>\n<td>1<\/td>\n<td>Ievades v\u0101rpsta<\/td>\n<td>2<\/td>\n<td>E\u013c\u013cas bl\u012bv\u0113jums<\/td>\n<td>3<\/td>\n<td>Dzi\u013crievas lod\u012b\u0161u gultnis<\/td>\n<\/tr>\n<tr>\n<td>4<\/td>\n<td>Durvju p\u0101rsegs<\/td>\n<td>5<\/td>\n<td>Dzi\u013crievas lod\u012b\u0161u gultnis<\/td>\n<td>6<\/td>\n<td>Se\u0161st\u016bra galvas skr\u016bve<\/td>\n<\/tr>\n<tr>\n<td>7<\/td>\n<td>Plakan\u0101 atsl\u0113ga<\/td>\n<td>8<\/td>\n<td>T\u0101rpu p\u0101rnesums<\/td>\n<td>9<\/td>\n<td>E\u013c\u013cas aizb\u0101\u017e\u0146a skr\u016bve<\/td>\n<\/tr>\n<tr>\n<td>10<\/td>\n<td>Kaste<\/td>\n<td>11<\/td>\n<td>Plakan\u0101 atsl\u0113ga<\/td>\n<td>12<\/td>\n<td>Konusveida zobrats<\/td>\n<\/tr>\n<tr>\n<td>13<\/td>\n<td>Sprostgredzens<\/td>\n<td>14<\/td>\n<td>\u0160ims<\/td>\n<td>15<\/td>\n<td>T\u0101rps<\/td>\n<\/tr>\n<tr>\n<td>16<\/td>\n<td>Dzi\u013crievas lod\u012b\u0161u gultnis<\/td>\n<td>17<\/td>\n<td>Sprostgredzens<\/td>\n<td>18<\/td>\n<td>E\u013c\u013cas bl\u012bv\u0113jums<\/td>\n<\/tr>\n<tr>\n<td>19<\/td>\n<td>Spline v\u0101rpsta<\/td>\n<td>20<\/td>\n<td>E\u013c\u013cas bl\u012bv\u0113jums<\/td>\n<td>21<\/td>\n<td>Stiprin\u0101juma gredzens<\/td>\n<\/tr>\n<tr>\n<td>22<\/td>\n<td>Durvju p\u0101rsegs<\/td>\n<td>23<\/td>\n<td>Spline uzmava<\/td>\n<td><\/td>\n<td><\/td>\n<\/tr>\n<\/tbody>\n<\/table>\n<p>Piez\u012bmes:<br \/>\n1. Pirms mont\u0101\u017eas visas deta\u013cas ir j\u0101not\u012bra.<br \/>\n2. Mont\u0101\u017eas laik\u0101 gultnim j\u0101b\u016bt cie\u0161i piespiestam pie v\u0101rpstas pleca.<br \/>\n3. Izmantojiet WA460 sm\u0113re\u013c\u013cu vai izv\u0113lieties atbilsto\u0161o e\u013c\u013cu atbilsto\u0161i apk\u0101rt\u0113j\u0101s vides temperat\u016brai.<br \/>\n4. Veiciet tuk\u0161gaitas testu, un darb\u012bbai j\u0101b\u016bt elast\u012bgai un br\u012bvai. P\u0113c 1 stundas darb\u012bbas temperat\u016bras paaugstin\u0101jumam j\u0101b\u016bt \u2264 45 \u2103.<\/p>\n<p><img loading=\"lazy\" decoding=\"async\" class=\"alignnone  wp-image-5049\" src=\"https:\/\/fmp-components.com\/wp-content\/uploads\/2025\/01\/0_cement-mixer-gearbox51.webp\" alt=\"cementa mais\u012bt\u0101ja p\u0101rnesumk\u0101rba\" width=\"967\" height=\"910\" title=\"\" srcset=\"https:\/\/fmp-components.com\/wp-content\/uploads\/2025\/01\/0_cement-mixer-gearbox51.webp 967w, https:\/\/fmp-components.com\/wp-content\/uploads\/2025\/01\/0_cement-mixer-gearbox51-480x452.webp 480w\" sizes=\"(min-width: 0px) and (max-width: 480px) 480px, (min-width: 481px) 967px, 100vw\" \/><\/p>\n<h3>K\u0101 darbojas p\u0101rnesumk\u0101rba betona mais\u012bt\u0101j\u0101?<\/h3>\n<p>Betona mais\u012bt\u0101ja p\u0101rnesumk\u0101rbai ir iz\u0161\u0137iro\u0161a noz\u012bme jaudas p\u0101rnes\u0113 no motora uz mais\u012b\u0161anas cilindru, nodro\u0161inot mais\u012b\u0161anas procesu. \u0160eit ir p\u0101rskats par to, k\u0101 p\u0101rnesumk\u0101rba darbojas betona mais\u012bt\u0101j\u0101:<\/p>\n<ol>\n<li><strong>Jaudas p\u0101rne\u0161ana:<\/strong> P\u0101rnesumk\u0101rba ir savienota ar motoru, kas nodro\u0161ina mais\u012bt\u0101ja darb\u012bbu. Motors parasti darbojas ar lielu \u0101trumu, bet mais\u012b\u0161anas cilindram ir nepiecie\u0161ams l\u0113n\u0101ks, kontrol\u0113ts \u0101trums ar liel\u0101ku griezes momentu, lai pareizi sajauktu betonu. P\u0101rnesumk\u0101rba samazina motora liel\u0101 \u0101truma grie\u0161anos l\u012bdz l\u0113n\u0101kam, trumu\u013ca rot\u0101cijai piem\u0113rot\u0101kam \u0101trumam.<\/li>\n<li><strong>\u0100truma samazin\u0101\u0161ana:<\/strong> P\u0101rnesumk\u0101rba izmanto zobratu sist\u0113mu \u2014 bie\u017ei vien plan\u0113tu zobratus vai spir\u0101lveida zobratus \u2014, lai pan\u0101ktu nepiecie\u0161amo \u0101truma samazin\u0101jumu. Tas nodro\u0161ina, ka mais\u012b\u0161anas cilindrs grie\u017eas ar l\u0113n\u0101ku, kontrol\u0113tu \u0101trumu, kas ir b\u016btiski vienm\u0113r\u012bgai sajauk\u0161anai, nep\u0101rslogojot motoru un neboj\u0101jot apr\u012bkojumu.<\/li>\n<li><strong>Griezes momenta pastiprin\u0101\u0161ana:<\/strong> L\u012bdztekus \u0101truma samazin\u0101\u0161anai p\u0101rnesumk\u0101rba ar\u012b pastiprina griezes momentu, nodro\u0161inot papildu sp\u0113ku, kas nepiecie\u0161ams smag\u0101 cilindra pagrie\u0161anai un betona efekt\u012bvai sajauk\u0161anai. Palielin\u0101tais griezes moments nodro\u0161ina, ka cilindrs grie\u017eas vienm\u0113r\u012bgi pat tad, ja tas p\u0101rvad\u0101 pilnu kravu ar smag\u0101m betona sast\u0101vda\u013c\u0101m.<\/li>\n<li><strong>Efekt\u012bva ener\u0123ijas sadale:<\/strong> P\u0101rnesumk\u0101rba nodro\u0161ina, ka jauda tiek efekt\u012bvi sadal\u012bta mais\u012b\u0161anas cilindram un da\u017ereiz ar\u012b cit\u0101m sast\u0101vda\u013c\u0101m, piem\u0113ram, glieme\u017ev\u0101kiem vai l\u0101psti\u0146\u0101m, ja mais\u012bt\u0101jam ir \u0161\u0101das funkcijas. T\u0101 nodro\u0161ina stabilu mais\u012b\u0161anas darb\u012bbu, samazinot ener\u0123ijas zudumus un saglab\u0101jot v\u0113lamo veiktsp\u0113ju.<\/li>\n<li><strong>Iztur\u012bba un uzticam\u012bba:<\/strong> Betona mais\u012bt\u0101ja p\u0101rnesumk\u0101rba ir izstr\u0101d\u0101ta, lai iztur\u0113tu smagu, nep\u0101rtrauktu darb\u012bbu sare\u017e\u0123\u012btos apst\u0101k\u013cos. T\u0101 ir izgatavota no augstas iztur\u012bbas materi\u0101liem, lai iztur\u0113tu bie\u017eu iedarbin\u0101\u0161anas un aptur\u0113\u0161anas ciklu, lielu kravu un skarbu apst\u0101k\u013cu, piem\u0113ram, putek\u013cu un mitruma, rad\u012bto slodzi.<\/li>\n<li><strong>Apkope un ilgm\u016b\u017e\u012bba:<\/strong> P\u0101rnesumk\u0101rba ir ar\u012b konstru\u0113ta t\u0101, lai to b\u016btu viegli uztur\u0113t, ar t\u0101d\u0101m funkcij\u0101m k\u0101 e\u013c\u013cas e\u013c\u013co\u0161ana un nosl\u0113gti gult\u0146i, lai nodro\u0161in\u0101tu vienm\u0113r\u012bgu darb\u012bbu laika gait\u0101. Regul\u0101ra apkope nodro\u0161ina, ka p\u0101rnesumk\u0101rba turpina darboties efekt\u012bvi, samazinot d\u012bkst\u0101ves laiku un pagarinot mais\u012bt\u0101ja kalpo\u0161anas laiku.<\/li>\n<\/ol>\n<p>Rezum\u0113jot, betona mais\u012bt\u0101ja p\u0101rnesumk\u0101rba ir b\u016btiska, lai p\u0101rveidotu motora liel\u0101truma jaudu kust\u012bb\u0101 ar mazu \u0101trumu un lielu griezes momentu, nodro\u0161inot efekt\u012bvu un uzticamu mais\u012b\u0161anas veiktsp\u0113ju. T\u0101s loma ir vit\u0101li svar\u012bga, lai nodro\u0161in\u0101tu vienm\u0113r\u012bgu mais\u012b\u0161anu, samazin\u0101tu deta\u013cu nodilumu un nodro\u0161in\u0101tu iztur\u012bbu, kas nepiecie\u0161ama ilgsto\u0161ai lieto\u0161anai sare\u017e\u0123\u012btos apst\u0101k\u013cos.<\/p>\n<table style=\"border-collapse: collapse; width: 99.6093%; height: 112px;\" border=\"0\" width=\"160\" cellspacing=\"0\" cellpadding=\"0\">\n<tbody>\n<tr style=\"height: 14.40pt;\">\n<td style=\"height: 14.4pt; width: 49.2308%;\" align=\"right\" width=\"80\" height=\"24\"><img loading=\"lazy\" decoding=\"async\" class=\"alignnone size-full wp-image-5051\" src=\"https:\/\/fmp-components.com\/wp-content\/uploads\/2025\/01\/fmp_2810-gearbox-3.webp\" alt=\"fmp_2810-p\u0101rnesumk\u0101rba\" width=\"2016\" height=\"1512\" title=\"\" srcset=\"https:\/\/fmp-components.com\/wp-content\/uploads\/2025\/01\/fmp_2810-gearbox-3.webp 2016w, https:\/\/fmp-components.com\/wp-content\/uploads\/2025\/01\/fmp_2810-gearbox-3-1280x960.webp 1280w, https:\/\/fmp-components.com\/wp-content\/uploads\/2025\/01\/fmp_2810-gearbox-3-980x735.webp 980w, https:\/\/fmp-components.com\/wp-content\/uploads\/2025\/01\/fmp_2810-gearbox-3-480x360.webp 480w\" sizes=\"(min-width: 0px) and (max-width: 480px) 480px, (min-width: 481px) and (max-width: 980px) 980px, (min-width: 981px) and (max-width: 1280px) 1280px, (min-width: 1281px) 2016px, 100vw\" \/><\/td>\n<td style=\"width: 49.2308%;\" align=\"right\" width=\"80\"><img loading=\"lazy\" decoding=\"async\" class=\"alignnone size-full wp-image-5050\" src=\"https:\/\/fmp-components.com\/wp-content\/uploads\/2025\/01\/fmp_2810-gearbox-2.webp\" alt=\"fmp_2810-p\u0101rnesumk\u0101rba\" width=\"2016\" height=\"1512\" title=\"\" srcset=\"https:\/\/fmp-components.com\/wp-content\/uploads\/2025\/01\/fmp_2810-gearbox-2.webp 2016w, https:\/\/fmp-components.com\/wp-content\/uploads\/2025\/01\/fmp_2810-gearbox-2-1280x960.webp 1280w, https:\/\/fmp-components.com\/wp-content\/uploads\/2025\/01\/fmp_2810-gearbox-2-980x735.webp 980w, https:\/\/fmp-components.com\/wp-content\/uploads\/2025\/01\/fmp_2810-gearbox-2-480x360.webp 480w\" sizes=\"(min-width: 0px) and (max-width: 480px) 480px, (min-width: 481px) and (max-width: 980px) 980px, (min-width: 981px) and (max-width: 1280px) 1280px, (min-width: 1281px) 2016px, 100vw\" \/><\/td>\n<\/tr>\n<\/tbody>\n<\/table>\n<h3>Par FMP<\/h3>\n<p>FMP ir profesion\u0101la p\u0101rnesumk\u0101rbu ra\u017eo\u0161anas r\u016bpn\u012bca ar sp\u0113c\u012bgu izcil\u012bbas reput\u0101ciju. M\u0113s lepojamies, ka pied\u0101v\u0101jam virkni galveno priek\u0161roc\u012bbu, kas padara m\u016bs par uzticamu partneri p\u0101rnesumk\u0101rbu ra\u017eo\u0161anas nozar\u0113:<\/p>\n<p><img loading=\"lazy\" decoding=\"async\" class=\"size-full wp-image-5052 alignleft\" src=\"https:\/\/fmp-components.com\/wp-content\/uploads\/2025\/01\/0_cement-mixer-gearbox131.webp\" alt=\"0_cementa-mais\u012bt\u0101ja-reduktors13(1)\" width=\"562\" height=\"750\" title=\"\" srcset=\"https:\/\/fmp-components.com\/wp-content\/uploads\/2025\/01\/0_cement-mixer-gearbox131.webp 562w, https:\/\/fmp-components.com\/wp-content\/uploads\/2025\/01\/0_cement-mixer-gearbox131-480x641.webp 480w\" sizes=\"(min-width: 0px) and (max-width: 480px) 480px, (min-width: 481px) 562px, 100vw\" \/><\/p>\n<ol>\n<li><strong>Lielisks ra\u017eo\u0161anas process:<\/strong><br \/>\nM\u0113s izmantojam modernu starptautisku ra\u017eo\u0161anas apr\u012bkojumu un prec\u012bzas ra\u017eo\u0161anas tehnolo\u0123ijas, nodro\u0161inot, ka katra p\u0101rnesumk\u0101rba atbilst augst\u0101kajiem nozares standartiem. M\u0113s stingri iev\u0113rojam ISO kvalit\u0101tes vad\u012bbas sist\u0113mas standartus, lai garant\u0113tu precizit\u0101ti, iztur\u012bbu un ilgm\u016b\u017e\u012bbu.<\/li>\n<li><strong>Da\u017e\u0101dota produktu l\u012bnija:<\/strong><br \/>\nM\u016bsu pla\u0161ais produktu kl\u0101sts apkalpo da\u017e\u0101das nozares, tostarp r\u016bpniec\u012bbas iek\u0101rtas, lauksaimniec\u012bbas tehniku, celtniec\u012bbas apr\u012bkojumu, ku\u0123u energosist\u0113mas un jaunas ener\u0123ijas p\u0101rvades sist\u0113mas. M\u0113s pied\u0101v\u0101jam gan standarta, gan piel\u0101gotus risin\u0101jumus, kas piel\u0101goti j\u016bsu \u012bpa\u0161aj\u0101m vajadz\u012bb\u0101m neatkar\u012bgi no specifik\u0101cij\u0101m vai pras\u012bb\u0101m.<\/li>\n<li><strong>Inovat\u012bvas p\u0113tniec\u012bbas un att\u012bst\u012bbas stipr\u0101 puse:<\/strong><br \/>\nAr prasm\u012bgu un inovat\u012bvu p\u0113tniec\u012bbas un att\u012bst\u012bbas komandu m\u0113s nep\u0101rtraukti uzlabojam savas tehnolo\u0123ijas un dizainu, lai izstr\u0101d\u0101tu jaunas, efekt\u012bvas, ener\u0123iju taupo\u0161as, trok\u0161\u0146a l\u012bme\u0146a un augstas veiktsp\u0113jas p\u0101rnesumk\u0101rbas. M\u0113s sekojam l\u012bdzi tirgus tendenc\u0113m, lai apmierin\u0101tu jaun\u0101k\u0101s tehnolo\u0123isk\u0101s pras\u012bbas.<\/li>\n<li><strong>Izv\u0113l\u0113tie izejmateri\u0101li un piederumi:<\/strong><br \/>\nM\u0113s pie\u0161\u0137iram priorit\u0101ti kvalit\u0101tei, izmantojot augstas kvalit\u0101tes t\u0113raudu un citus iztur\u012bgus materi\u0101lus. Visas atbalsta sast\u0101vda\u013cas, piem\u0113ram, gult\u0146i un bl\u012bves, tiek ieg\u016btas no cien\u012bjamiem viet\u0113jiem un starptautiskiem z\u012bmoliem, lai nodro\u0161in\u0101tu stabilu un uzticamu darb\u012bbu.<\/li>\n<li><strong>Stingra kvalit\u0101tes kontroles sist\u0113ma:<\/strong><br \/>\nVis\u0101 ra\u017eo\u0161anas proces\u0101 m\u0113s veicam stingras kvalit\u0101tes p\u0101rbaudes. S\u0101kot no izejvielu pieg\u0101des l\u012bdz gatav\u0101s produkcijas pieg\u0101dei, katra p\u0101rnesumk\u0101rba tiek pak\u013cauta visaptvero\u0161ai p\u0101rbaudei, izmantojot modernu apr\u012bkojumu, lai pirms nos\u016bt\u012b\u0161anas nodro\u0161in\u0101tu piln\u012bgu defektu neesam\u012bbu.<\/li>\n<li><strong>Pilna servisa garantija:<\/strong><br \/>\nM\u0113s esam ap\u0146\u0113mu\u0161ies nodro\u0161in\u0101t ne tikai augstas kvalit\u0101tes produktus, bet ar\u012b visaptvero\u0161u p\u0113cp\u0101rdo\u0161anas atbalstu. M\u016bsu pakalpojumi ietver uzst\u0101d\u012b\u0161anas vadl\u012bnijas, apkopi, defektu diagnostiku un rezerves da\u013cu pieg\u0101di, lai nodro\u0161in\u0101tu m\u016bsu klientu piln\u012bgu apmierin\u0101t\u012bbu un sirdsmieru.<\/li>\n<li><strong>Bag\u0101ta nozares pieredze un laba reput\u0101cija:<\/strong><br \/>\nAr gadu desmitiem ilgu pieredzi p\u0101rnesumk\u0101rbu ra\u017eo\u0161an\u0101, m\u0113s esam ieguvu\u0161i nenov\u0113rt\u0113jamu pieredzi un sp\u0113c\u012bgu tehnisko pamatu. M\u016bsu reput\u0101cija kvalit\u0101tes un uzticam\u012bbas jom\u0101 ir iemantojusi klientu uztic\u012bbu vis\u0101 pasaul\u0113.<\/li>\n<\/ol>\n<p><strong>Piel\u0101goti risin\u0101jumi:<\/strong><\/p>\n<p>FMP m\u0113s ar\u012b labpr\u0101t atbalst\u0101m piel\u0101gotus dizainus, pamatojoties uz j\u016bsu \u012bpa\u0161aj\u0101m vajadz\u012bb\u0101m. Ja jums ir pr\u0101t\u0101 ras\u0113jums vai dizains, vienk\u0101r\u0161i nos\u016btiet to mums pa e-pastu, un m\u016bsu ekspertu komanda to p\u0101rskat\u012bs un sniegs cenu pied\u0101v\u0101jumu 24 stundu laik\u0101. M\u0113s esam ap\u0146\u0113mu\u0161ies pied\u0101v\u0101t \u0101trus, efekt\u012bvus un piel\u0101gotus risin\u0101jumus, lai pal\u012bdz\u0113tu \u012bstenot j\u016bsu projektus.<\/p>","protected":false},"excerpt":{"rendered":"<p>Structure Diagram of 2810 Gearbox Component Number Component Name Component Number Component Name Component Number Component Name 1 Input Shaft 2 Oil Seal 3 Deep Groove Ball Bearing 4 Door Cover 5 Deep Groove Ball Bearing 6 Hexagonal Head Bolt 7 Flat Key 8 Worm Gear 9 Oil Plug Screw 10 Box 11 Flat Key [&hellip;]<\/p>","protected":false},"featured_media":5053,"comment_status":"open","ping_status":"closed","template":"","meta":{"_et_pb_use_builder":"","_et_pb_old_content":"","_et_gb_content_width":""},"product_brand":[],"product_cat":[94],"product_tag":[],"class_list":{"0":"post-5047","1":"product","2":"type-product","3":"status-publish","4":"has-post-thumbnail","6":"product_cat-industrial-gearbox","8":"first","9":"instock","10":"shipping-taxable","11":"product-type-simple"},"_links":{"self":[{"href":"https:\/\/fmp-components.com\/lv\/wp-json\/wp\/v2\/product\/5047","targetHints":{"allow":["GET"]}}],"collection":[{"href":"https:\/\/fmp-components.com\/lv\/wp-json\/wp\/v2\/product"}],"about":[{"href":"https:\/\/fmp-components.com\/lv\/wp-json\/wp\/v2\/types\/product"}],"replies":[{"embeddable":true,"href":"https:\/\/fmp-components.com\/lv\/wp-json\/wp\/v2\/comments?post=5047"}],"wp:featuredmedia":[{"embeddable":true,"href":"https:\/\/fmp-components.com\/lv\/wp-json\/wp\/v2\/media\/5053"}],"wp:attachment":[{"href":"https:\/\/fmp-components.com\/lv\/wp-json\/wp\/v2\/media?parent=5047"}],"wp:term":[{"taxonomy":"product_brand","embeddable":true,"href":"https:\/\/fmp-components.com\/lv\/wp-json\/wp\/v2\/product_brand?post=5047"},{"taxonomy":"product_cat","embeddable":true,"href":"https:\/\/fmp-components.com\/lv\/wp-json\/wp\/v2\/product_cat?post=5047"},{"taxonomy":"product_tag","embeddable":true,"href":"https:\/\/fmp-components.com\/lv\/wp-json\/wp\/v2\/product_tag?post=5047"}],"curies":[{"name":"wp","href":"https:\/\/api.w.org\/{rel}","templated":true}]}}