{"id":4769,"date":"2025-01-20T07:46:09","date_gmt":"2025-01-20T07:46:09","guid":{"rendered":"https:\/\/fmp-components.com\/?page_id=8"},"modified":"2025-01-20T07:46:10","modified_gmt":"2025-01-20T07:46:10","slug":"helical-gear-rack","status":"publish","type":"product","link":"https:\/\/fmp-components.com\/lv\/product\/helical-gear-rack\/","title":{"rendered":"Spir\u0101lveida p\u0101rnesumu plaukts"},"content":{"rendered":"<h2>Spir\u0101lveida zobratu plaukts (fr\u0113z\u0113ts un veidots)<\/h2>\n<p><img loading=\"lazy\" decoding=\"async\" class=\"alignnone size-full wp-image-4770\" src=\"https:\/\/fmp-components.com\/wp-content\/uploads\/2025\/01\/Helical-Gear-Rack-3.webp\" alt=\"Spir\u0101lveida zobrats\" width=\"1200\" height=\"350\" title=\"\" srcset=\"https:\/\/fmp-components.com\/wp-content\/uploads\/2025\/01\/Helical-Gear-Rack-3.webp 1200w, https:\/\/fmp-components.com\/wp-content\/uploads\/2025\/01\/Helical-Gear-Rack-3-980x286.webp 980w, https:\/\/fmp-components.com\/wp-content\/uploads\/2025\/01\/Helical-Gear-Rack-3-480x140.webp 480w\" sizes=\"(min-width: 0px) and (max-width: 480px) 480px, (min-width: 481px) and (max-width: 980px) 980px, (min-width: 981px) 1200px, 100vw\" \/><\/p>\n<table style=\"width: 101.848%; height: 129px;\" border=\"1\">\n<tbody>\n<tr>\n<td>Prec\u012bzijas pak\u0101pe: (JIS 5. pak\u0101pe) 7e25<\/td>\n<td>R\u016bd\u012b\u0161ana: Zoba laukums carburiz\u0113ts (HRC42-48)<\/td>\n<\/tr>\n<tr>\n<td>Materi\u0101ls: (S45C vid\u0113ja oglek\u013ca t\u0113rauda) C45<\/td>\n<td>S\u0101nu zem\u0113jums: iek\u013cauts<\/td>\n<\/tr>\n<tr>\n<td>Tips: spir\u0101lveida zobrats<\/td>\n<td>Spiediena le\u0146\u0137is: 20\u00b0<\/td>\n<\/tr>\n<tr>\n<td>Zobu apstr\u0101de: Fr\u0113z\u0113ti<\/td>\n<td>Taisn\u0101s spir\u0101les le\u0146\u0137is: 19\u00b031\u203242\u2033<\/td>\n<\/tr>\n<\/tbody>\n<\/table>\n<h2>Spir\u0101lveida p\u0101rnesumu stat\u012bva specifik\u0101cija:<\/h2>\n<table border=\"1\" cellspacing=\"0\" cellpadding=\"0\">\n<tbody>\n<tr>\n<td width=\"59\">Modulis<\/td>\n<td width=\"71\">L<\/td>\n<td width=\"59\">L2<\/td>\n<td width=\"59\">Zoba Nr.<\/td>\n<td width=\"42\">B<\/td>\n<td width=\"35\">A0<\/td>\n<td width=\"42\">A1<\/td>\n<td width=\"47\">D<\/td>\n<td width=\"47\">Es<\/td>\n<td width=\"47\">Cauruma Nr.<\/td>\n<td width=\"35\">A<\/td>\n<td width=\"47\">C1<\/td>\n<td width=\"47\">C2<\/td>\n<td width=\"35\">E<\/td>\n<td width=\"59\">D1<\/td>\n<td width=\"59\">I1<\/td>\n<td width=\"48\">C3<\/td>\n<td width=\"82\">So\u013ca k\u013c\u016bda \/300 mm<\/td>\n<\/tr>\n<tr>\n<td width=\"59\">1<\/td>\n<td width=\"71\">1000.00<\/td>\n<td width=\"59\">3.14<\/td>\n<td width=\"59\">300<\/td>\n<td width=\"42\">15<\/td>\n<td width=\"35\">15<\/td>\n<td width=\"42\">14<\/td>\n<td width=\"47\">&#8211;<\/td>\n<td width=\"47\">&#8211;<\/td>\n<td width=\"47\">&#8211;<\/td>\n<td width=\"35\">&#8211;<\/td>\n<td width=\"47\">&#8211;<\/td>\n<td width=\"47\">&#8211;<\/td>\n<td width=\"35\">&#8211;<\/td>\n<td width=\"59\">&#8211;<\/td>\n<td width=\"59\">&#8211;<\/td>\n<td width=\"48\">&#8211;<\/td>\n<td width=\"82\">0.02<\/td>\n<\/tr>\n<tr>\n<td width=\"59\">1.5<\/td>\n<td width=\"71\">1000.00<\/td>\n<td width=\"59\">6.7<\/td>\n<td width=\"59\">200<\/td>\n<td width=\"42\">19<\/td>\n<td width=\"35\">19<\/td>\n<td width=\"42\">17.5<\/td>\n<td width=\"47\">62.5<\/td>\n<td width=\"47\">125<\/td>\n<td width=\"47\">8<\/td>\n<td width=\"35\">8<\/td>\n<td width=\"47\">7<\/td>\n<td width=\"47\">11<\/td>\n<td width=\"35\">7<\/td>\n<td width=\"59\">31.7<\/td>\n<td width=\"59\">936.6<\/td>\n<td width=\"48\">5.7<\/td>\n<td width=\"82\">0.03<\/td>\n<\/tr>\n<tr>\n<td width=\"59\">2<\/td>\n<td width=\"71\">1000.00<\/td>\n<td width=\"59\">8.5<\/td>\n<td width=\"59\">150<\/td>\n<td width=\"42\">24<\/td>\n<td width=\"35\">24<\/td>\n<td width=\"42\">22<\/td>\n<td width=\"47\">62.5<\/td>\n<td width=\"47\">125<\/td>\n<td width=\"47\">8<\/td>\n<td width=\"35\">8<\/td>\n<td width=\"47\">7<\/td>\n<td width=\"47\">11<\/td>\n<td width=\"35\">7<\/td>\n<td width=\"59\">31.7<\/td>\n<td width=\"59\">936.6<\/td>\n<td width=\"48\">5.7<\/td>\n<td width=\"82\">0.031<\/td>\n<\/tr>\n<tr>\n<td width=\"59\">2.5<\/td>\n<td width=\"71\">1000.00<\/td>\n<td width=\"59\">8.5<\/td>\n<td width=\"59\">120<\/td>\n<td width=\"42\">24<\/td>\n<td width=\"35\">24<\/td>\n<td width=\"42\">21.5<\/td>\n<td width=\"47\">62.5<\/td>\n<td width=\"47\">125<\/td>\n<td width=\"47\">8<\/td>\n<td width=\"35\">9<\/td>\n<td width=\"47\">7<\/td>\n<td width=\"47\">11<\/td>\n<td width=\"35\">7<\/td>\n<td width=\"59\">31.7<\/td>\n<td width=\"59\">936.6<\/td>\n<td width=\"48\">5.7<\/td>\n<td width=\"82\">0.033<\/td>\n<\/tr>\n<tr>\n<td width=\"59\">3<\/td>\n<td width=\"71\">1000.00<\/td>\n<td width=\"59\">10.3<\/td>\n<td width=\"59\">100<\/td>\n<td width=\"42\">29<\/td>\n<td width=\"35\">29<\/td>\n<td width=\"42\">26<\/td>\n<td width=\"47\">62.5<\/td>\n<td width=\"47\">125<\/td>\n<td width=\"47\">8<\/td>\n<td width=\"35\">9<\/td>\n<td width=\"47\">10<\/td>\n<td width=\"47\">15<\/td>\n<td width=\"35\">9<\/td>\n<td width=\"59\">35.0<\/td>\n<td width=\"59\">930.0<\/td>\n<td width=\"48\">7.7<\/td>\n<td width=\"82\">0.035<\/td>\n<\/tr>\n<tr>\n<td width=\"59\">4<\/td>\n<td width=\"71\">1000.00<\/td>\n<td width=\"59\">13.8<\/td>\n<td width=\"59\">75<\/td>\n<td width=\"42\">39<\/td>\n<td width=\"35\">39<\/td>\n<td width=\"42\">35<\/td>\n<td width=\"47\">62.5<\/td>\n<td width=\"47\">125<\/td>\n<td width=\"47\">8<\/td>\n<td width=\"35\">12<\/td>\n<td width=\"47\">10<\/td>\n<td width=\"47\">15<\/td>\n<td width=\"35\">9<\/td>\n<td width=\"59\">33.3<\/td>\n<td width=\"59\">933.0<\/td>\n<td width=\"48\">7.7<\/td>\n<td width=\"82\">0.038<\/td>\n<\/tr>\n<tr>\n<td width=\"59\">5<\/td>\n<td width=\"71\">1000.00<\/td>\n<td width=\"59\">17.4<\/td>\n<td width=\"59\">60<\/td>\n<td width=\"42\">49<\/td>\n<td width=\"35\">39<\/td>\n<td width=\"42\">34<\/td>\n<td width=\"47\">62.5<\/td>\n<td width=\"47\">125<\/td>\n<td width=\"47\">8<\/td>\n<td width=\"35\">12<\/td>\n<td width=\"47\">14<\/td>\n<td width=\"47\">20<\/td>\n<td width=\"35\">13<\/td>\n<td width=\"59\">37.5<\/td>\n<td width=\"59\">925.0<\/td>\n<td width=\"48\">11.7<\/td>\n<td width=\"82\">0.04<\/td>\n<\/tr>\n<tr>\n<td width=\"59\">6<\/td>\n<td width=\"71\">1000.00<\/td>\n<td width=\"59\">20.9<\/td>\n<td width=\"59\">50<\/td>\n<td width=\"42\">59<\/td>\n<td width=\"35\">49<\/td>\n<td width=\"42\">43<\/td>\n<td width=\"47\">62.5<\/td>\n<td width=\"47\">125<\/td>\n<td width=\"47\">8<\/td>\n<td width=\"35\">16<\/td>\n<td width=\"47\">18<\/td>\n<td width=\"47\">26<\/td>\n<td width=\"35\">17<\/td>\n<td width=\"59\">37.5<\/td>\n<td width=\"59\">925.0<\/td>\n<td width=\"48\">15.7<\/td>\n<td width=\"82\">0.042<\/td>\n<\/tr>\n<tr>\n<td width=\"59\">8<\/td>\n<td width=\"71\">1000.00<\/td>\n<td width=\"59\">28.7<\/td>\n<td width=\"59\">36<\/td>\n<td width=\"42\">79<\/td>\n<td width=\"35\">79<\/td>\n<td width=\"42\">71<\/td>\n<td width=\"47\">60<\/td>\n<td width=\"47\">120<\/td>\n<td width=\"47\">8<\/td>\n<td width=\"35\">25<\/td>\n<td width=\"47\">22<\/td>\n<td width=\"47\">33<\/td>\n<td width=\"35\">21<\/td>\n<td width=\"59\">120.0<\/td>\n<td width=\"59\">720.0<\/td>\n<td width=\"48\">19.7<\/td>\n<td width=\"82\">0.045<\/td>\n<\/tr>\n<tr>\n<td width=\"59\">10<\/td>\n<td width=\"71\">1000.00<\/td>\n<td width=\"59\">35.11<\/td>\n<td width=\"59\">30<\/td>\n<td width=\"42\">99<\/td>\n<td width=\"35\">99<\/td>\n<td width=\"42\">89<\/td>\n<td width=\"47\">62.5<\/td>\n<td width=\"47\">125<\/td>\n<td width=\"47\">8<\/td>\n<td width=\"35\">32<\/td>\n<td width=\"47\">33<\/td>\n<td width=\"47\">48<\/td>\n<td width=\"35\">32<\/td>\n<td width=\"59\">125.0<\/td>\n<td width=\"59\">750.0<\/td>\n<td width=\"48\">19.7<\/td>\n<td width=\"82\">0.052<\/td>\n<\/tr>\n<\/tbody>\n<\/table>\n<h2>Spir\u0101lveida zobrata un zobrata produkta inform\u0101cija<\/h2>\n<table border=\"1\" width=\"100%\" cellspacing=\"0\" cellpadding=\"0\">\n<tbody>\n<tr>\n<td width=\"140\"><strong>Process<\/strong><\/td>\n<td width=\"429\">Meh\u0101nisk\u0101 apstr\u0101de, kal\u0161ana, lie\u0161ana, grie\u0161ana<\/td>\n<\/tr>\n<tr>\n<td width=\"140\"><strong>Materi\u0101ls<\/strong><\/td>\n<td width=\"429\">C45 (1045), A3 (zema oglek\u013ca satura t\u0113rauds), 40Cr, 20CrMnTi, 42CrMo, \u010duguns, ka\u013camais \u010duguns, var\u0161, ner\u016bs\u0113jo\u0161ais t\u0113rauds utt., k\u0101 j\u016bs piepras\u012bj\u0101t<\/td>\n<\/tr>\n<tr>\n<td width=\"140\"><strong>Termisk\u0101 apstr\u0101de<\/strong><\/td>\n<td width=\"429\">Augstas frekvences dz\u0113\u0161ana, cement\u0113\u0161ana, lod\u012b\u0161u apstr\u0101de, r\u016bd\u012b\u0161ana un atlaidin\u0101\u0161ana, nitrid\u0113\u0161ana<\/td>\n<\/tr>\n<tr>\n<td width=\"140\"><strong>Virsmas apstr\u0101de<\/strong><\/td>\n<td width=\"429\">Nodarbojos ar meln\u0113\u0161anu, karsto cinko\u0161anu, cieto hrom\u0113\u0161anu, cinko\u0161anu, galvaniz\u0101ciju, ni\u0137el\u0113\u0161anu, smil\u0161u str\u016bklas apstr\u0101di, kr\u0101so\u0161anu, dakrometa p\u0101rkl\u0101jumu, pulverkr\u0101so\u0161anu un klientu pras\u012bb\u0101m.<\/td>\n<\/tr>\n<tr>\n<td width=\"140\"><strong>Veiktsp\u0113ja<\/strong><\/td>\n<td width=\"429\">Ilgs kalpo\u0161anas laiks, augsta precizit\u0101te, augsta nodilumiztur\u012bba, augsta iztur\u012bba, zems trok\u0161\u0146a l\u012bmenis, gluda un stabila, noguruma iztur\u012bba<\/td>\n<\/tr>\n<tr>\n<td width=\"140\"><strong>Modelis<\/strong><\/td>\n<td width=\"429\">ANSI, DIN, JIS standarta, nestandarta, cilindriskie zobrati, spir\u0101lveida zobrati, taisni koniski zobrati, spir\u0101lveida koniski zobrati, t\u0101rpu zobrati, zobratu stat\u012bvi<\/td>\n<\/tr>\n<tr>\n<td width=\"140\"><strong>Iepakojums<\/strong><\/td>\n<td width=\"429\">Produkti ir r\u016bp\u012bgi iepakoti, iek\u0161\u0113jie plastmasas maisi\u0146i un \u0101r\u0113j\u0101s kartona kastes vai klienta pras\u012bba; p\u0113c t\u0101lsatiksmes p\u0101rvad\u0101\u0161anas vai ilgsto\u0161as \u200b\u200buzglab\u0101\u0161anas atveriet iepakojumu; piln\u012bgi jauni, bez boj\u0101jumiem, bez r\u016bsas.<\/td>\n<\/tr>\n<\/tbody>\n<\/table>\n<h3>Spir\u0101lveida p\u0101rnesumu plaukta pielietojumi<\/h3>\n<p>Spir\u0101lveida zobratu un zobratu piedzi\u0146as tiek izmantotas da\u017e\u0101dos pielietojumos, tostarp asu piedzi\u0146\u0101s, mobilaj\u0101s port\u0101l\u0113s un kolonn\u0101s, pacel\u0161anas un novieto\u0161anas robotos, CNC fr\u0113z\u0113s un materi\u0101lu apstr\u0101des sist\u0113m\u0101s, kur nepiecie\u0161ama prec\u012bza pozicion\u0113\u0161ana un atk\u0101rtojam\u012bba. \u0160\u012bs piedzi\u0146as var ar\u012b viegli tikt gal\u0101 ar lielu slodzi un darba cikliem. Nozares ietver materi\u0101lu apstr\u0101di, automatiz\u0101ciju, autob\u016bvi, kosmosa nozari, darbgaldus un robotiku.<\/p>\n<p><img loading=\"lazy\" decoding=\"async\" class=\"alignnone size-full wp-image-4771\" src=\"https:\/\/fmp-components.com\/wp-content\/uploads\/2025\/01\/Helical-Gear-Rack-Applications.webp\" alt=\"Spir\u0101lveida zobratu lietojumprogrammas\" width=\"2250\" height=\"1306\" title=\"\" srcset=\"https:\/\/fmp-components.com\/wp-content\/uploads\/2025\/01\/Helical-Gear-Rack-Applications.webp 2250w, https:\/\/fmp-components.com\/wp-content\/uploads\/2025\/01\/Helical-Gear-Rack-Applications-1280x743.webp 1280w, https:\/\/fmp-components.com\/wp-content\/uploads\/2025\/01\/Helical-Gear-Rack-Applications-980x569.webp 980w, https:\/\/fmp-components.com\/wp-content\/uploads\/2025\/01\/Helical-Gear-Rack-Applications-480x279.webp 480w\" sizes=\"(min-width: 0px) and (max-width: 480px) 480px, (min-width: 481px) and (max-width: 980px) 980px, (min-width: 981px) and (max-width: 1280px) 1280px, (min-width: 1281px) 2250px, 100vw\" \/><\/p>","protected":false},"excerpt":{"rendered":"<p>Helical Gear Rack(Finish Milled&amp;Shaped) Precision Grade: (JIS Grade 5) 7e25 Hardening: Tooth area carburized(HRC42-48) Material:(S45C Medium Carbon Steel)C45 Side Ground: Included Type: Helical Rack Pressure Angle: 20\u00b0 Treatment of Teeth:\u00a0Milled Right helix angle: 19\u00b031\u203242\u2033 Helical Gear Rack Specification\uff1a Module L L2 Tooth No. B A0 A1 D I Hole No. A C1 C2 E D1 [&hellip;]<\/p>","protected":false},"featured_media":4772,"comment_status":"open","ping_status":"closed","template":"","meta":{"_et_pb_use_builder":"","_et_pb_old_content":"","_et_gb_content_width":""},"product_brand":[],"product_cat":[91],"product_tag":[],"class_list":{"0":"post-4769","1":"product","2":"type-product","3":"status-publish","4":"has-post-thumbnail","6":"product_cat-gear-racks","8":"first","9":"instock","10":"shipping-taxable","11":"product-type-simple"},"_links":{"self":[{"href":"https:\/\/fmp-components.com\/lv\/wp-json\/wp\/v2\/product\/4769","targetHints":{"allow":["GET"]}}],"collection":[{"href":"https:\/\/fmp-components.com\/lv\/wp-json\/wp\/v2\/product"}],"about":[{"href":"https:\/\/fmp-components.com\/lv\/wp-json\/wp\/v2\/types\/product"}],"replies":[{"embeddable":true,"href":"https:\/\/fmp-components.com\/lv\/wp-json\/wp\/v2\/comments?post=4769"}],"wp:featuredmedia":[{"embeddable":true,"href":"https:\/\/fmp-components.com\/lv\/wp-json\/wp\/v2\/media\/4772"}],"wp:attachment":[{"href":"https:\/\/fmp-components.com\/lv\/wp-json\/wp\/v2\/media?parent=4769"}],"wp:term":[{"taxonomy":"product_brand","embeddable":true,"href":"https:\/\/fmp-components.com\/lv\/wp-json\/wp\/v2\/product_brand?post=4769"},{"taxonomy":"product_cat","embeddable":true,"href":"https:\/\/fmp-components.com\/lv\/wp-json\/wp\/v2\/product_cat?post=4769"},{"taxonomy":"product_tag","embeddable":true,"href":"https:\/\/fmp-components.com\/lv\/wp-json\/wp\/v2\/product_tag?post=4769"}],"curies":[{"name":"wp","href":"https:\/\/api.w.org\/{rel}","templated":true}]}}