{"id":452,"date":"2024-12-10T07:23:50","date_gmt":"2024-12-10T07:23:50","guid":{"rendered":"https:\/\/fmp-components.com\/?page_id=8"},"modified":"2024-12-10T07:26:39","modified_gmt":"2024-12-10T07:26:39","slug":"crane-pin-hydraulic-cylinder","status":"publish","type":"product","link":"https:\/\/fmp-components.com\/lv\/product\/crane-pin-hydraulic-cylinder\/","title":{"rendered":"Crane Tap hidrauliskais cilindrs"},"content":{"rendered":"<p style=\"text-align: center;\"><span style=\"font-size: 18pt;\">Crane Tap hidrauliskais cilindrs<\/span><\/p>\n<p>Celt\u0146a tapu hidrauliskais cilindrs ir b\u016btiska sast\u0101vda\u013ca, kas paredz\u0113ta, lai atvieglotu prec\u012bzu tapu kust\u012bbu un dro\u0161u fiks\u0101ciju da\u017e\u0101dos celt\u0146a pielietojumos. \u0160is hidrauliskais cilindrs nodro\u0161ina uzticamu sp\u0113ku tapu, kas savieno da\u017e\u0101das celt\u0146a sast\u0101vda\u013cas, sasl\u0113g\u0161anai un atvieno\u0161anai, t\u0101d\u0113j\u0101di nodro\u0161inot stabilit\u0101ti un dro\u0161\u012bbu cel\u0161anas darb\u012bbu laik\u0101.<\/p>\n<p><img loading=\"lazy\" decoding=\"async\" class=\"size-full wp-image-453 aligncenter\" src=\"https:\/\/fmp-components.com\/wp-content\/uploads\/2024\/12\/Crane-Pin-Hydraulic-Cylinder.jpg\" alt=\"Crane Tap hidrauliskais cilindrs\" width=\"500\" height=\"500\" title=\"\" srcset=\"https:\/\/fmp-components.com\/wp-content\/uploads\/2024\/12\/Crane-Pin-Hydraulic-Cylinder.jpg 500w, https:\/\/fmp-components.com\/wp-content\/uploads\/2024\/12\/Crane-Pin-Hydraulic-Cylinder-480x480.jpg 480w\" sizes=\"(min-width: 0px) and (max-width: 480px) 480px, (min-width: 481px) 500px, 100vw\" \/><\/p>\n<h4>Galven\u0101s iez\u012bmes:<\/h4>\n<ul>\n<li>Iztur\u012bga konstrukcija: Izgatavots no augstas stipr\u012bbas materi\u0101liem, celt\u0146a tapas hidrauliskais cilindrs ir paredz\u0113ts, lai iztur\u0113tu sare\u017e\u0123\u012btus b\u016bvniec\u012bbas apst\u0101k\u013cus un smagas cel\u0161anas vidi, nodro\u0161inot ilgsto\u0161u iztur\u012bbu un uzticam\u012bbu.<\/li>\n<li>Vienm\u0113r\u012bga darb\u012bba: Uzlabot\u0101 hidraulisk\u0101 sist\u0113ma nodro\u0161ina pl\u016bsto\u0161as \u200b\u200bun kontrol\u0113tas kust\u012bbas, \u0101tri un efekt\u012bvi iedarbinot un atvienojot tapas, kas uzlabo celt\u0146a visp\u0101r\u0113jo funkcionalit\u0101ti.<\/li>\n<li>Paaugstin\u0101ta dro\u0161\u012bba: Nodro\u0161inot dro\u0161u tapu sasl\u0113g\u0161anos, \u0161is hidrauliskais cilindrs pal\u012bdz uztur\u0113t celt\u0146a komponentu stabilit\u0101ti ekspluat\u0101cijas laik\u0101, samazinot negad\u012bjumu risku un uzlabojot operatoru un objekta person\u0101la dro\u0161\u012bbu.<\/li>\n<li>Daudzpus\u012bgs pielietojums: Piem\u0113rots pla\u0161am celt\u0146u un cel\u0161anas iek\u0101rtu kl\u0101stam, tapu hidrauliskais cilindrs ir viegli integr\u0113jams eso\u0161aj\u0101s sist\u0113m\u0101s, padarot to par daudzpus\u012bgu risin\u0101jumu da\u017e\u0101diem cel\u0161anas un b\u016bvniec\u012bbas uzdevumiem.<\/li>\n<li>Zemas apkopes pras\u012bbas: \u0160is hidrauliskais cilindrs, kas paredz\u0113ts efektivit\u0101tei un iztur\u012bbai, prasa minim\u0101lu apkopi, t\u0101d\u0113j\u0101di samazinot d\u012bkst\u0101ves laiku un palielinot produktivit\u0101ti.<\/li>\n<\/ul>\n<p>Crane Tap hidrauliskais cilindrs ir b\u016btiska sast\u0101vda\u013ca, kas uzlabo celt\u0146u veiktsp\u0113ju, dro\u0161\u012bbu un uzticam\u012bbu, padarot to neaizst\u0101jamu efekt\u012bv\u0101m cel\u0161anas darb\u012bb\u0101m da\u017e\u0101dos pielietojumos.<\/p>\n<h2>Crane Tap hidraulisk\u0101 cilindra izm\u0113ri:<\/h2>\n<table style=\"width: 100%;\">\n<tbody>\n<tr>\n<td style=\"width: 45.9228%;\"><img loading=\"lazy\" decoding=\"async\" class=\"size-full wp-image-453 aligncenter\" src=\"https:\/\/fmp-components.com\/wp-content\/uploads\/2024\/12\/Crane-Pin-Hydraulic-Cylinder.jpg\" alt=\"Crane Tap hidrauliskais cilindrs\" width=\"500\" height=\"500\" title=\"\" srcset=\"https:\/\/fmp-components.com\/wp-content\/uploads\/2024\/12\/Crane-Pin-Hydraulic-Cylinder.jpg 500w, https:\/\/fmp-components.com\/wp-content\/uploads\/2024\/12\/Crane-Pin-Hydraulic-Cylinder-480x480.jpg 480w\" sizes=\"(min-width: 0px) and (max-width: 480px) 480px, (min-width: 481px) 500px, 100vw\" \/><\/td>\n<td style=\"width: 53.4335%;\"><img loading=\"lazy\" decoding=\"async\" class=\"alignnone size-full wp-image-454\" src=\"https:\/\/fmp-components.com\/wp-content\/uploads\/2024\/12\/Crane-Pin-Hydraulic-Cylinder-Dimensions-2.webp\" alt=\"Crane Tap hidrauliskais cilindrs\" width=\"1024\" height=\"690\" title=\"\" srcset=\"https:\/\/fmp-components.com\/wp-content\/uploads\/2024\/12\/Crane-Pin-Hydraulic-Cylinder-Dimensions-2.webp 1024w, https:\/\/fmp-components.com\/wp-content\/uploads\/2024\/12\/Crane-Pin-Hydraulic-Cylinder-Dimensions-2-980x660.webp 980w, https:\/\/fmp-components.com\/wp-content\/uploads\/2024\/12\/Crane-Pin-Hydraulic-Cylinder-Dimensions-2-480x323.webp 480w\" sizes=\"(min-width: 0px) and (max-width: 480px) 480px, (min-width: 481px) and (max-width: 980px) 980px, (min-width: 981px) 1024px, 100vw\" \/><\/td>\n<\/tr>\n<\/tbody>\n<\/table>\n<table style=\"width: 100%; height: 133px;\" border=\"1\" cellspacing=\"0\" cellpadding=\"0\">\n<tbody>\n<tr style=\"height: 71px;\">\n<td style=\"height: 71px;\" width=\"246\">Cilindra nosaukums<\/td>\n<td style=\"height: 71px;\" width=\"336\">Z\u012bm\u0113juma numurs<\/td>\n<td style=\"height: 71px;\" width=\"126\">Urbuma diametrs (D)<\/td>\n<td style=\"height: 71px;\" width=\"123\">Stie\u0146a diametrs (d)<\/td>\n<td style=\"height: 71px;\" width=\"114\">G\u0101jiens (S)<\/td>\n<td style=\"height: 71px;\" width=\"170\">Uzst\u0101d\u012b\u0161anas att\u0101lums (L)<\/td>\n<td style=\"height: 71px;\" width=\"172\">Darba spiediens<\/td>\n<td style=\"height: 71px;\" width=\"366\">Saskarnes izm\u0113ri (M)<\/td>\n<td style=\"height: 71px;\" width=\"96\">Svars<\/td>\n<\/tr>\n<tr style=\"height: 62px;\">\n<td class=\"et3\" style=\"height: 62px;\" width=\"246\" height=\"370\">Hidrauliskais cilindrs ar tapu<\/td>\n<td class=\"et4\" style=\"height: 62px;\" width=\"336\">ZXYG14.01-00<\/td>\n<td class=\"et4\" style=\"height: 62px;\" width=\"126\">\u03a680<\/td>\n<td class=\"et4\" style=\"height: 62px;\" width=\"123\">\u03a640<\/td>\n<td class=\"et4\" style=\"height: 62px;\" width=\"114\">225<\/td>\n<td class=\"et4\" style=\"height: 62px;\" width=\"170\">440<\/td>\n<td class=\"et4\" style=\"height: 62px;\" width=\"172\">25MPa<\/td>\n<td class=\"et4\" style=\"height: 62px;\" width=\"366\">G1\/4<\/td>\n<td class=\"et4\" style=\"height: 62px;\" width=\"96\">97,8 kg<\/td>\n<\/tr>\n<\/tbody>\n<\/table>\n<h2>Crane Pin hidraulisk\u0101 cilindra parametrs:<\/h2>\n<table border=\"1\" width=\"100%\" cellspacing=\"0\" cellpadding=\"0\">\n<tbody>\n<tr>\n<td width=\"70\">Prece<\/td>\n<td width=\"70\">Apraksts<\/td>\n<\/tr>\n<tr>\n<td width=\"70\">Produkta nosaukums<\/td>\n<td width=\"70\">P\u0113c pas\u016bt\u012bjuma izgatavots hidrauliskais cilindrs<\/td>\n<\/tr>\n<tr>\n<td width=\"70\">Sertifik\u0101ts:<\/td>\n<td width=\"70\">ISO9001, ISO4001, ISO 45003<\/td>\n<\/tr>\n<tr>\n<td width=\"70\">Ra\u017eo\u0161anas jauda:<\/td>\n<td width=\"70\">1200 000 gab. gad\u0101<\/td>\n<\/tr>\n<tr>\n<td width=\"70\">Parauga laiks<\/td>\n<td width=\"70\">Pamatojoties uz faktisko tipu<\/td>\n<\/tr>\n<tr>\n<td width=\"70\">Z\u012bmols<\/td>\n<td width=\"70\">FMP vai klienta logotips<\/td>\n<\/tr>\n<tr>\n<td width=\"70\">Pakalpojums<\/td>\n<td width=\"70\">OEM un ODM<\/td>\n<\/tr>\n<tr>\n<td width=\"70\">Seal z\u012bmols<\/td>\n<td width=\"70\">P\u0101rkers, NOK, Busaks \u0160ambans<\/td>\n<\/tr>\n<tr>\n<td width=\"70\">Pieg\u0101des laiks<\/td>\n<td width=\"70\">Pamatojoties uz pas\u016bt\u012bjuma daudzumu.<\/td>\n<\/tr>\n<tr>\n<td width=\"70\">Uz\u0146\u0113m\u0113jdarb\u012bbas veids<\/td>\n<td width=\"70\">Ra\u017eot\u0101js un eksport\u0113t\u0101js<\/td>\n<\/tr>\n<\/tbody>\n<\/table>\n<h2>Pieejamie hidrauliskie cilindri Z\u012bmols un mode\u013ci:<\/h2>\n<table border=\"1\" cellspacing=\"0\" cellpadding=\"0\">\n<tbody>\n<tr>\n<td><span data-spm-anchor-id=\"a2700.details.0.i43.45d84a73e99C9z\">KOMATSU (PC)<\/span><\/td>\n<td>PC30, PC40, PC50, PC56, PC60, PC78, PC100, PC110, PC120, PC130, PC160, PC200-3\/5\/6\/7\/8\/8MO, PC210, PC220-5\/6\/7\/8\/8MO, PC240, PC300\/350\/360-5\/6\/7\/8\/8MO, PC400\/450-5\/6\/7\/8\/8MO, PC800, PC850<\/td>\n<\/tr>\n<tr>\n<td>K\u0100P\u0112RS (E)<\/td>\n<td>E301.5, E302, E305.5, E306, E307V1\/V2\/B\/C\/D\/E\/F, E308B\/C, E120B, E312V1\/V2\/B\/C\/D, E313D2, E312D2, E315D,<br \/>\nE200B,E320V1\/V2\/A\/B\/C\/D,E324D,E325C\/D,E329D,E330\/336C\/D,E345C,E349D,E365C,E374,E390<\/td>\n<\/tr>\n<tr>\n<td>KOBELCO (SK)<\/td>\n<td>SK60-3\/5\/8, SK75-8\/SR, SK100 ,SK120-3\/5, SK135-8\/SR, SK140-8, SK200-3\/5\/6\/6E, SK210-3\/5\/6\/6E,<br \/>\nSK230\/250-6E,SK250-8,SK260-8,SK350-8\/S8,SK460\/480-8<\/td>\n<\/tr>\n<tr>\n<td>HYUNDAI (R)<\/td>\n<td>R55-5\/7, R60-5\/7, R80, R110, R130, R200-5, R210-5, R215-5\/7, R220-5\/7\/9, R225-5\/7\/9, R250, R260, R265, R290, R305, R445, R485, R505<\/td>\n<\/tr>\n<tr>\n<td><span data-spm-anchor-id=\"a2700.details.0.i53.45d84a73e99C9z\">HITACHI (EX.ZX)<\/span><\/td>\n<td>EX60, EX100-1\/2\/3, EX120-1\/3\/5\/6, EX200-1\/3\/5, EX230-5, EX300-1, EX400<br \/>\nZAX60, ZAX70, ZA120-6, ZAX200\/210-1\/3\/5\/5K, ZAX240, ZAX250, ZAX260, ZAX330-3\/5\/6, ZAX450\/470, ZAX650\/670, ZAX850\/870<\/td>\n<\/tr>\n<tr>\n<td>\n<div class=\"magic-32\"><span data-spm-anchor-id=\"a2700.details.0.i55.45d84a73e99C9z\">DOOSAN (DH\/DX)<\/span><\/div>\n<\/td>\n<td>\n<div class=\"magic-33\"><span class=\"magic-34\">DH55, DH60, DH80, DH150, DH215-5\/7, DH220-5, DH225-5\/7, DH258, DH300-5\/7, DH370, DH420, DH500<br \/>\nDX55, DX60, DX75, DX130, DX225-9, DX300, DX380, DX420, DX500<\/span><\/div>\n<\/td>\n<\/tr>\n<tr>\n<td>\n<div class=\"magic-32\">VOLVO (EK)<\/div>\n<\/td>\n<td>\n<div class=\"magic-33\"><span class=\"magic-34\">EC55, EC60, EC75, EC80, EC140, EC210B\/D, EC220D, EC240, EC250, EC290, EC300, EC360, EC380, EC460, EC480, EC700, EC750, EC950<\/span><\/div>\n<\/td>\n<\/tr>\n<tr>\n<td>\n<div class=\"magic-32\">KATO (HD)<\/div>\n<\/td>\n<td>\n<div class=\"magic-33\"><span class=\"magic-34\">HD307\/308, HD450, HD512, HD700-5\/7, HD820-1\/2\/3\/5\/R, HD1023-1\/3, HD1430-1\/3<\/span><\/div>\n<\/td>\n<\/tr>\n<tr>\n<td>\n<div class=\"magic-32\">CITS Z\u012aMOLS<\/div>\n<\/td>\n<td>\n<div class=\"magic-33\"><span class=\"magic-34\">XCMG,LIUGONG,KUBOTA,CASE,YANMAR,SUNWARD,ZOOMLION,LISHIDE,LIEHERR<\/span><\/div>\n<\/td>\n<\/tr>\n<\/tbody>\n<\/table>\n<h3>Crane Pin hidraulisk\u0101 cilindra priek\u0161roc\u012bbas<\/h3>\n<h4>1. Prec\u012bza iesaist\u012b\u0161an\u0101s un atvieno\u0161an\u0101s<\/h4>\n<p>Crane Tapas Hidrauliskais Cilindrs \u013cauj prec\u012bzi kontrol\u0113t tapu iesl\u0113g\u0161anu un atvieno\u0161anu, nodro\u0161inot, ka celt\u0146a komponenti darb\u012bbas laik\u0101 ir dro\u0161i nofiks\u0113ti. \u0160\u012b precizit\u0101te uzlabo dro\u0161\u012bbu un darb\u012bbas efektivit\u0101ti.<\/p>\n<h4>2. Uzlabota stabilit\u0101te<\/h4>\n<p>Nodro\u0161inot uzticamus blo\u0137\u0113\u0161anas meh\u0101nismus, \u0161is hidrauliskais cilindrs garant\u0113 celt\u0146a komponentu stabilit\u0101ti cel\u0161anas oper\u0101ciju laik\u0101. \u0160\u012b stabilit\u0101te samazina negad\u012bjumu risku un uzlabo operatoru un apk\u0101rt\u0113j\u0101 person\u0101la visp\u0101r\u0113jo dro\u0161\u012bbu.<\/p>\n<h4>3. Iztur\u012bga konstrukcija<\/h4>\n<p>Izgatavots no augstas iztur\u012bbas materi\u0101liem, celt\u0146a tapas hidrauliskais cilindrs ir paredz\u0113ts, lai iztur\u0113tu sare\u017e\u0123\u012btus b\u016bvniec\u012bbas un smagas cel\u0161anas apst\u0101k\u013cus. T\u0101 robust\u0101 konstrukcija nodro\u0161ina ilgsto\u0161u iztur\u012bbu un uzticam\u012bbu skarbos apst\u0101k\u013cos.<\/p>\n<h4>4. Vienm\u0113r\u012bga darb\u012bba<\/h4>\n<p>Uzlabot\u0101 hidraulisk\u0101 sist\u0113ma nodro\u0161ina vienm\u0113r\u012bgas un kontrol\u0113tas kust\u012bbas, \u013caujot veikt \u0101tras regul\u0113\u0161anas. \u0160\u012b efektivit\u0101te uzlabo celt\u0146a veiktsp\u0113ju un \u013cauj \u0101tr\u0101k veikt darb\u012bbas ciklu.<\/p>\n<h4>5. Daudzpus\u012bgs pielietojums<\/h4>\n<p>\u0160is hidrauliskais cilindrs ir piem\u0113rots pla\u0161am celt\u0146u veidu un cel\u0161anas iek\u0101rtu kl\u0101stam, padarot to par daudzpus\u012bgu risin\u0101jumu da\u017e\u0101diem pielietojumiem b\u016bvniec\u012bb\u0101, apkop\u0113 un r\u016bpniec\u012bb\u0101.<\/p>\n<h4>6. Zemas apkopes vajadz\u012bbas<\/h4>\n<p>\u0160\u012b konstrukcija samazina nodilumu, t\u0101d\u0113j\u0101di samazinot apkopes pras\u012bbas. Tas savuk\u0101rt samazina ekspluat\u0101cijas izmaksas un d\u012bkst\u0101ves laiku, t\u0101d\u0113j\u0101di veicinot kop\u0113jo produktivit\u0101ti.<\/p>\n<h4>7. Energoefektivit\u0101te<\/h4>\n<p>Hidraulisk\u0101 sist\u0113ma ir optimiz\u0113ta ener\u0123ijas pat\u0113ri\u0146am, samazinot ener\u0123ijas pat\u0113ri\u0146u darb\u012bbas laik\u0101. \u0160\u012b efektivit\u0101te ne tikai samazina ekspluat\u0101cijas izmaksas, bet ar\u012b atbalsta videi draudz\u012bgas cel\u0161anas darb\u012bbas.<\/p>\n<p>Crane Tap hidrauliskais cilindrs pied\u0101v\u0101 daudzas priek\u0161roc\u012bbas, tostarp prec\u012bzu vad\u012bbu, uzlabotu stabilit\u0101ti un iztur\u012bbu, padarot to par neaizst\u0101jamu sast\u0101vda\u013cu efekt\u012bvai un uzticamai celt\u0146a darb\u012bbai da\u017e\u0101dos pielietojumos.<\/p>\n<p><img loading=\"lazy\" decoding=\"async\" class=\"alignnone size-full wp-image-447\" src=\"https:\/\/fmp-components.com\/wp-content\/uploads\/2024\/12\/Crane.webp\" alt=\"Celtnis\" width=\"1234\" height=\"822\" title=\"\" srcset=\"https:\/\/fmp-components.com\/wp-content\/uploads\/2024\/12\/Crane.webp 1234w, https:\/\/fmp-components.com\/wp-content\/uploads\/2024\/12\/Crane-980x653.webp 980w, https:\/\/fmp-components.com\/wp-content\/uploads\/2024\/12\/Crane-480x320.webp 480w\" sizes=\"(min-width: 0px) and (max-width: 480px) 480px, (min-width: 481px) and (max-width: 980px) 980px, (min-width: 981px) 1234px, 100vw\" \/><\/p>\n<h2>Par FMP<\/h2>\n<p>FMP ir specializ\u0113ts meh\u0101nisk\u0101s ra\u017eo\u0161anas uz\u0146\u0113mums, kas nodarbojas ar hidraulisko cilindru ra\u017eo\u0161anu. Kop\u0161 dibin\u0101\u0161anas uz\u0146\u0113mums ir koncentr\u0113jies uz hidraulisko tehnolo\u0123iju izp\u0113ti un ra\u017eo\u0161anu, veiksm\u012bgi p\u0101rejot no daudzveid\u012bga produktu kl\u0101sta, kas ietv\u0113ra ra\u017eas nov\u0101k\u0161anas un celtniec\u012bbas tehniku, uz specializ\u0101ciju lauksaimniec\u012bbas traktoru deta\u013c\u0101s. Ar vair\u0101k nek\u0101 desmit gadu pieredzi ra\u017eo\u0161an\u0101 un vad\u012bb\u0101 FMP nodro\u0161ina augstas kvalit\u0101tes produktus, izmantojot progres\u012bvas ra\u017eo\u0161anas metodes.<\/p>\n<p>Uz\u0146\u0113mumam att\u012bstoties, tas ir izstr\u0101d\u0101jis visaptvero\u0161u apstr\u0101des ra\u017eo\u0161anas l\u012bniju, mont\u0101\u017eas l\u012bniju un p\u0101rkl\u0101\u0161anas l\u012bniju. M\u016bsu komandu veido prasm\u012bgs vad\u012bbas person\u0101ls, pieredz\u0113ju\u0161i meh\u0101niskie konstruktori un augsti kvalific\u0113ti tehni\u0137i, kas str\u0101d\u0101 kop\u0101, lai uztur\u0113tu stabilu ra\u017eo\u0161anas kvalit\u0101ti, vienlaikus efekt\u012bvi kontrol\u0113jot procesa nep\u0101rtraukt\u012bbu un efektivit\u0101ti.<\/p>\n<p>FMP iev\u0113ro filozofiju \u201cTehnolo\u0123isk\u0101s inov\u0101cijas veicina progresu, kvalit\u0101te rada z\u012bmolus, meistar\u012bba nodro\u0161ina kvalit\u0101ti un veido ilgtermi\u0146a abpus\u0113ji izdev\u012bgas attiec\u012bbas\u201d. M\u016bsu ap\u0146em\u0161an\u0101s nodro\u0161in\u0101t augstas kvalit\u0101tes produktus un izcilu klientu apkalpo\u0161anu joproj\u0101m ir m\u016bsu galvenais m\u0113r\u0137is, turpinot apmierin\u0101t main\u012bg\u0101s tirgus vajadz\u012bbas.<\/p>\n<p><img loading=\"lazy\" decoding=\"async\" class=\"alignnone size-full wp-image-426\" src=\"https:\/\/fmp-components.com\/wp-content\/uploads\/2024\/12\/Sanitation-Machinery-Locking-Hydraulic-Cylinder-factory.webp\" sizes=\"(min-width: 0px) and (max-width: 480px) 480px, (min-width: 481px) and (max-width: 980px) 980px, (min-width: 981px) and (max-width: 1280px) 1280px, (min-width: 1281px) 1414px, 100vw\" srcset=\"https:\/\/fmp-components.com\/wp-content\/uploads\/2024\/12\/Sanitation-Machinery-Locking-Hydraulic-Cylinder-factory.webp 1414w, https:\/\/fmp-components.com\/wp-content\/uploads\/2024\/12\/Sanitation-Machinery-Locking-Hydraulic-Cylinder-factory-1280x529.webp 1280w, https:\/\/fmp-components.com\/wp-content\/uploads\/2024\/12\/Sanitation-Machinery-Locking-Hydraulic-Cylinder-factory-980x405.webp 980w, https:\/\/fmp-components.com\/wp-content\/uploads\/2024\/12\/Sanitation-Machinery-Locking-Hydraulic-Cylinder-factory-480x198.webp 480w\" alt=\"Sanit\u0101rijas-ma\u0161\u012bnu-blo\u0137\u0113\u0161anas-hidraulisko-cilindru-fabrika\" width=\"1414\" height=\"584\" title=\"\"><\/p>\n<p>Autors: CX<\/p>","protected":false},"excerpt":{"rendered":"<p>Celt\u0146a tapu hidrauliskais cilindrs ir b\u016btiska sast\u0101vda\u013ca, kas paredz\u0113ta, lai atvieglotu prec\u012bzu tapu p\u0101rvieto\u0161anu un fiks\u0113\u0161anu celt\u0146a lietojumos. \u0160is hidrauliskais cilindrs nodro\u0161ina uzticamu sp\u0113ku tapu sasl\u0113g\u0161anai un atbr\u012bvo\u0161anai, kas nostiprina da\u017e\u0101das celt\u0146a sast\u0101vda\u013cas, garant\u0113jot stabilit\u0101ti un dro\u0161\u012bbu cel\u0161anas oper\u0101ciju laik\u0101. Tas ir izstr\u0101d\u0101ts iztur\u012bbai un izgatavots no augstas stipr\u012bbas materi\u0101liem, lai iztur\u0113tu stingr\u0101s b\u016bvniec\u012bbas vides pras\u012bbas. Efekt\u012bv\u0101 hidraulisk\u0101 sist\u0113ma nodro\u0161ina vienm\u0113r\u012bgu un kontrol\u0113tu darb\u012bbu, \u013caujot veikt \u0101tru regul\u0113\u0161anu un uzlabot celt\u0146a visp\u0101r\u0113jo funkcionalit\u0101ti. \u0160im svar\u012bgajam cilindram ir iz\u0161\u0137iro\u0161a noz\u012bme celt\u0146a veiktsp\u0113jas optimiz\u0113\u0161an\u0101 un smagu kravu dro\u0161as apstr\u0101des nodro\u0161in\u0101\u0161an\u0101.<\/p>","protected":false},"featured_media":453,"comment_status":"open","ping_status":"closed","template":"","meta":{"_et_pb_use_builder":"","_et_pb_old_content":"","_et_gb_content_width":""},"product_brand":[],"product_cat":[24],"product_tag":[],"class_list":{"0":"post-452","1":"product","2":"type-product","3":"status-publish","4":"has-post-thumbnail","6":"product_cat-construction-machinery-hydraulic-cylinders","8":"first","9":"instock","10":"shipping-taxable","11":"product-type-simple"},"_links":{"self":[{"href":"https:\/\/fmp-components.com\/lv\/wp-json\/wp\/v2\/product\/452","targetHints":{"allow":["GET"]}}],"collection":[{"href":"https:\/\/fmp-components.com\/lv\/wp-json\/wp\/v2\/product"}],"about":[{"href":"https:\/\/fmp-components.com\/lv\/wp-json\/wp\/v2\/types\/product"}],"replies":[{"embeddable":true,"href":"https:\/\/fmp-components.com\/lv\/wp-json\/wp\/v2\/comments?post=452"}],"wp:featuredmedia":[{"embeddable":true,"href":"https:\/\/fmp-components.com\/lv\/wp-json\/wp\/v2\/media\/453"}],"wp:attachment":[{"href":"https:\/\/fmp-components.com\/lv\/wp-json\/wp\/v2\/media?parent=452"}],"wp:term":[{"taxonomy":"product_brand","embeddable":true,"href":"https:\/\/fmp-components.com\/lv\/wp-json\/wp\/v2\/product_brand?post=452"},{"taxonomy":"product_cat","embeddable":true,"href":"https:\/\/fmp-components.com\/lv\/wp-json\/wp\/v2\/product_cat?post=452"},{"taxonomy":"product_tag","embeddable":true,"href":"https:\/\/fmp-components.com\/lv\/wp-json\/wp\/v2\/product_tag?post=452"}],"curies":[{"name":"wp","href":"https:\/\/api.w.org\/{rel}","templated":true}]}}