{"id":444,"date":"2024-12-10T06:46:45","date_gmt":"2024-12-10T06:46:45","guid":{"rendered":"https:\/\/fmp-components.com\/?page_id=8"},"modified":"2024-12-10T07:23:36","modified_gmt":"2024-12-10T07:23:36","slug":"crane-counterweight-hydraulic-cylinder","status":"publish","type":"product","link":"https:\/\/fmp-components.com\/lv\/product\/crane-counterweight-hydraulic-cylinder\/","title":{"rendered":"Crane pretsvara hidrauliskais cilindrs"},"content":{"rendered":"<p style=\"text-align: center;\"><span style=\"font-size: 18pt;\">Crane pretsvara hidrauliskais cilindrs<\/span><\/p>\n<p>Celt\u0146a pretsvara hidrauliskais cilindrs ir b\u016btiska sast\u0101vda\u013ca, kas paredz\u0113ta prec\u012bza celt\u0146a l\u012bdzsvaro\u0161anas nodro\u0161in\u0101\u0161anai cel\u0161anas oper\u0101ciju laik\u0101. \u0160im hidrauliskajam cilindram ir iz\u0161\u0137iro\u0161a noz\u012bme pretsvaru poz\u012bcijas regul\u0113\u0161an\u0101, nodro\u0161inot optim\u0101lu stabilit\u0101ti un dro\u0161\u012bbu, str\u0101d\u0101jot ar smag\u0101m krav\u0101m.<\/p>\n<h4>Galven\u0101s iez\u012bmes:<\/h4>\n<ul>\n<li>Iztur\u012bga konstrukcija: Izgatavots no augstas stipr\u012bbas materi\u0101liem, pretsvara hidrauliskais cilindrs ir konstru\u0113ts t\u0101, lai iztur\u0113tu sare\u017e\u0123\u012btus b\u016bvniec\u012bbas apst\u0101k\u013cus un smagas cel\u0161anas vidi, nodro\u0161inot ilgsto\u0161u iztur\u012bbu un uzticam\u012bbu.<\/li>\n<li>Vienm\u0113r\u012bga hidraulisk\u0101 darb\u012bba: Uzlabot\u0101 hidraulisk\u0101 sist\u0113ma nodro\u0161ina vienm\u0113r\u012bgas un kontrol\u0113tas kust\u012bbas, \u013caujot prec\u012bzi piel\u0101got pretsvarus un uzlabot celt\u0146a kop\u0113jo veiktsp\u0113ju.<\/li>\n<li>Uzlabota stabilit\u0101te: Nodro\u0161inot prec\u012bzu pretsvaru, \u0161is hidrauliskais cilindrs pal\u012bdz uztur\u0113t celt\u0146a stabilit\u0101ti darb\u012bbas laik\u0101, samazinot apg\u0101\u0161an\u0101s vai negad\u012bjumu risku, ce\u013cot smagas kravas.<\/li>\n<li>Daudzpus\u012bgs pielietojums: \u0160is hidrauliskais cilindrs ir piem\u0113rots da\u017e\u0101diem celt\u0146u veidiem, tostarp mobilajiem celt\u0146iem un tor\u0146a celt\u0146iem, un to var viegli integr\u0113t eso\u0161aj\u0101s celt\u0146u sist\u0113m\u0101s, padarot to par daudzpus\u012bgu risin\u0101jumu cel\u0161anas oper\u0101cij\u0101m.<\/li>\n<li>Zemas apkopes pras\u012bbas: Pretsvara hidrauliskais cilindrs, kas paredz\u0113ts efektivit\u0101tei un iztur\u012bbai, prasa minim\u0101lu apkopi, k\u0101 rezult\u0101t\u0101 samazin\u0101s d\u012bkst\u0101ves laiks un palielin\u0101s produktivit\u0101te.<\/li>\n<\/ul>\n<p>Rezum\u0113jot, celt\u0146a pretsvara hidrauliskais cilindrs ir b\u016btiska sast\u0101vda\u013ca, kas uzlabo celt\u0146a funkcionalit\u0101ti un dro\u0161\u012bbu, nodro\u0161inot efekt\u012bvas cel\u0161anas darb\u012bbas, vienlaikus saglab\u0101jot stabilit\u0101ti un kontroli.<\/p>\n<h2>Crane pretsvara hidraulisk\u0101 cilindra izm\u0113ri:<\/h2>\n<table style=\"width: 100%;\">\n<tbody>\n<tr>\n<td style=\"width: 46.1373%;\"><img loading=\"lazy\" decoding=\"async\" class=\"alignnone size-full wp-image-445\" src=\"https:\/\/fmp-components.com\/wp-content\/uploads\/2024\/12\/Crane-Counterweight-Hydraulic-Cylinder.webp\" alt=\"Crane pretsvara hidrauliskais cilindrs\" width=\"500\" height=\"500\" title=\"\" srcset=\"https:\/\/fmp-components.com\/wp-content\/uploads\/2024\/12\/Crane-Counterweight-Hydraulic-Cylinder.webp 500w, https:\/\/fmp-components.com\/wp-content\/uploads\/2024\/12\/Crane-Counterweight-Hydraulic-Cylinder-480x480.webp 480w\" sizes=\"(min-width: 0px) and (max-width: 480px) 480px, (min-width: 481px) 500px, 100vw\" \/><\/td>\n<td style=\"width: 53.2189%;\"><img loading=\"lazy\" decoding=\"async\" class=\"alignnone size-full wp-image-446\" src=\"https:\/\/fmp-components.com\/wp-content\/uploads\/2024\/12\/YWMPMnZi-Crane-Counterweight-Hydraulic-Cylinder-Dimensions-2.webp\" alt=\"Crane pretsvara hidrauliskais cilindrs\" width=\"1024\" height=\"698\" title=\"\" srcset=\"https:\/\/fmp-components.com\/wp-content\/uploads\/2024\/12\/YWMPMnZi-Crane-Counterweight-Hydraulic-Cylinder-Dimensions-2.webp 1024w, https:\/\/fmp-components.com\/wp-content\/uploads\/2024\/12\/YWMPMnZi-Crane-Counterweight-Hydraulic-Cylinder-Dimensions-2-980x668.webp 980w, https:\/\/fmp-components.com\/wp-content\/uploads\/2024\/12\/YWMPMnZi-Crane-Counterweight-Hydraulic-Cylinder-Dimensions-2-480x327.webp 480w\" sizes=\"(min-width: 0px) and (max-width: 480px) 480px, (min-width: 481px) and (max-width: 980px) 980px, (min-width: 981px) 1024px, 100vw\" \/><\/td>\n<\/tr>\n<\/tbody>\n<\/table>\n<table style=\"width: 100%; height: 134px;\" border=\"1\" cellspacing=\"0\" cellpadding=\"0\">\n<tbody>\n<tr style=\"height: 71px;\">\n<td style=\"height: 71px;\" width=\"246\">Cilindra nosaukums<\/td>\n<td style=\"height: 71px;\" width=\"336\">Z\u012bm\u0113juma numurs<\/td>\n<td style=\"height: 71px;\" width=\"126\">Urbuma diametrs (D)<\/td>\n<td style=\"height: 71px;\" width=\"123\">Stie\u0146a diametrs (d)<\/td>\n<td style=\"height: 71px;\" width=\"114\">G\u0101jiens (S)<\/td>\n<td style=\"height: 71px;\" width=\"170\">Uzst\u0101d\u012b\u0161anas att\u0101lums (L)<\/td>\n<td style=\"height: 71px;\" width=\"172\">Darba spiediens<\/td>\n<td style=\"height: 71px;\" width=\"366\">Saskarnes izm\u0113ri (M)<\/td>\n<td style=\"height: 71px;\" width=\"96\">Svars<\/td>\n<\/tr>\n<tr style=\"height: 63px;\">\n<td class=\"et3\" style=\"height: 63px;\" width=\"246\" height=\"356\">Pretsvara hidrauliskais cilindrs<\/td>\n<td class=\"et4\" style=\"height: 63px;\" width=\"336\">QAY220.12\/13A-00<\/td>\n<td class=\"et4\" style=\"height: 63px;\" width=\"126\">\u03a6200<\/td>\n<td class=\"et4\" style=\"height: 63px;\" width=\"123\">\u03a6100<\/td>\n<td class=\"et4\" style=\"height: 63px;\" width=\"114\">180<\/td>\n<td class=\"et4\" style=\"height: 63px;\" width=\"170\">530<\/td>\n<td class=\"et4\" style=\"height: 63px;\" width=\"172\">25 MPa; 40 MPa<\/td>\n<td class=\"et4\" style=\"height: 63px;\" width=\"366\">3-G1\/4; M20*1,5; 2-M14*1,5<\/td>\n<td class=\"et4\" style=\"height: 63px;\" width=\"96\">124 kg<\/td>\n<\/tr>\n<\/tbody>\n<\/table>\n<h2>Crane pretsvara hidraulisk\u0101 cilindra parametrs:<\/h2>\n<table border=\"1\" width=\"100%\" cellspacing=\"0\" cellpadding=\"0\">\n<tbody>\n<tr>\n<td width=\"70\">Prece<\/td>\n<td width=\"70\">Apraksts<\/td>\n<\/tr>\n<tr>\n<td width=\"70\">Produkta nosaukums<\/td>\n<td width=\"70\">P\u0113c pas\u016bt\u012bjuma izgatavots hidrauliskais cilindrs<\/td>\n<\/tr>\n<tr>\n<td width=\"70\">Sertifik\u0101ts:<\/td>\n<td width=\"70\">ISO9001, ISO4001, ISO 45003<\/td>\n<\/tr>\n<tr>\n<td width=\"70\">Ra\u017eo\u0161anas jauda:<\/td>\n<td width=\"70\">1200 000 gab. gad\u0101<\/td>\n<\/tr>\n<tr>\n<td width=\"70\">Parauga laiks<\/td>\n<td width=\"70\">Pamatojoties uz faktisko tipu<\/td>\n<\/tr>\n<tr>\n<td width=\"70\">Z\u012bmols<\/td>\n<td width=\"70\">FMP vai klienta logotips<\/td>\n<\/tr>\n<tr>\n<td width=\"70\">Pakalpojums<\/td>\n<td width=\"70\">OEM un ODM<\/td>\n<\/tr>\n<tr>\n<td width=\"70\">Seal z\u012bmols<\/td>\n<td width=\"70\">P\u0101rkers, NOK, Busaks \u0160ambans<\/td>\n<\/tr>\n<tr>\n<td width=\"70\">Pieg\u0101des laiks<\/td>\n<td width=\"70\">Pamatojoties uz pas\u016bt\u012bjuma daudzumu.<\/td>\n<\/tr>\n<tr>\n<td width=\"70\">Uz\u0146\u0113m\u0113jdarb\u012bbas veids<\/td>\n<td width=\"70\">Ra\u017eot\u0101js un eksport\u0113t\u0101js<\/td>\n<\/tr>\n<\/tbody>\n<\/table>\n<h2>Pieejamie hidrauliskie cilindri Z\u012bmols un mode\u013ci:<\/h2>\n<table border=\"1\" cellspacing=\"0\" cellpadding=\"0\">\n<tbody>\n<tr>\n<td><span data-spm-anchor-id=\"a2700.details.0.i43.45d84a73e99C9z\">KOMATSU (PC)<\/span><\/td>\n<td>PC30, PC40, PC50, PC56, PC60, PC78, PC100, PC110, PC120, PC130, PC160, PC200-3\/5\/6\/7\/8\/8MO, PC210, PC220-5\/6\/7\/8\/8MO, PC240, PC300\/350\/360-5\/6\/7\/8\/8MO, PC400\/450-5\/6\/7\/8\/8MO, PC800, PC850<\/td>\n<\/tr>\n<tr>\n<td>K\u0100P\u0112RS (E)<\/td>\n<td>E301.5, E302, E305.5, E306, E307V1\/V2\/B\/C\/D\/E\/F, E308B\/C, E120B, E312V1\/V2\/B\/C\/D, E313D2, E312D2, E315D,<br \/>\nE200B,E320V1\/V2\/A\/B\/C\/D,E324D,E325C\/D,E329D,E330\/336C\/D,E345C,E349D,E365C,E374,E390<\/td>\n<\/tr>\n<tr>\n<td>KOBELCO (SK)<\/td>\n<td>SK60-3\/5\/8, SK75-8\/SR, SK100 ,SK120-3\/5, SK135-8\/SR, SK140-8, SK200-3\/5\/6\/6E, SK210-3\/5\/6\/6E,<br \/>\nSK230\/250-6E,SK250-8,SK260-8,SK350-8\/S8,SK460\/480-8<\/td>\n<\/tr>\n<tr>\n<td>HYUNDAI (R)<\/td>\n<td>R55-5\/7, R60-5\/7, R80, R110, R130, R200-5, R210-5, R215-5\/7, R220-5\/7\/9, R225-5\/7\/9, R250, R260, R265, R290, R305, R445, R485, R505<\/td>\n<\/tr>\n<tr>\n<td><span data-spm-anchor-id=\"a2700.details.0.i53.45d84a73e99C9z\">HITACHI (EX.ZX)<\/span><\/td>\n<td>EX60, EX100-1\/2\/3, EX120-1\/3\/5\/6, EX200-1\/3\/5, EX230-5, EX300-1, EX400<br \/>\nZAX60, ZAX70, ZA120-6, ZAX200\/210-1\/3\/5\/5K, ZAX240, ZAX250, ZAX260, ZAX330-3\/5\/6, ZAX450\/470, ZAX650\/670, ZAX850\/870<\/td>\n<\/tr>\n<tr>\n<td>\n<div class=\"magic-32\"><span data-spm-anchor-id=\"a2700.details.0.i55.45d84a73e99C9z\">DOOSAN (DH\/DX)<\/span><\/div>\n<\/td>\n<td>\n<div class=\"magic-33\"><span class=\"magic-34\">DH55, DH60, DH80, DH150, DH215-5\/7, DH220-5, DH225-5\/7, DH258, DH300-5\/7, DH370, DH420, DH500<br \/>\nDX55, DX60, DX75, DX130, DX225-9, DX300, DX380, DX420, DX500<\/span><\/div>\n<\/td>\n<\/tr>\n<tr>\n<td>\n<div class=\"magic-32\">VOLVO (EK)<\/div>\n<\/td>\n<td>\n<div class=\"magic-33\"><span class=\"magic-34\">EC55, EC60, EC75, EC80, EC140, EC210B\/D, EC220D, EC240, EC250, EC290, EC300, EC360, EC380, EC460, EC480, EC700, EC750, EC950<\/span><\/div>\n<\/td>\n<\/tr>\n<tr>\n<td>\n<div class=\"magic-32\">KATO (HD)<\/div>\n<\/td>\n<td>\n<div class=\"magic-33\"><span class=\"magic-34\">HD307\/308, HD450, HD512, HD700-5\/7, HD820-1\/2\/3\/5\/R, HD1023-1\/3, HD1430-1\/3<\/span><\/div>\n<\/td>\n<\/tr>\n<tr>\n<td>\n<div class=\"magic-32\">CITS Z\u012aMOLS<\/div>\n<\/td>\n<td>\n<div class=\"magic-33\"><span class=\"magic-34\">XCMG,LIUGONG,KUBOTA,CASE,YANMAR,SUNWARD,ZOOMLION,LISHIDE,LIEHERR<\/span><\/div>\n<\/td>\n<\/tr>\n<\/tbody>\n<\/table>\n<h2>K\u0101 darbojas celt\u0146a pretsvara hidrauliskais cilindrs<\/h2>\n<p>Celt\u0146a pretsvara hidrauliskais cilindrs darbojas, pamatojoties uz hidrauliskiem principiem, izmantojot \u0161\u0137idruma spiedienu, lai regul\u0113tu un kontrol\u0113tu pretsvaru poz\u012bciju celt\u0146os. \u0160eit ir t\u0101 darb\u012bbas sadal\u012bjums:<\/p>\n<h3>1. Hidraulisk\u0101 \u0161\u0137idruma dinamika<\/h3>\n<p>Cilindr\u0101 ir hidrauliskais \u0161\u0137idrums, parasti e\u013c\u013ca, kas tiek ies\u016bkn\u0113ta cilindr\u0101, lai rad\u012btu spiedienu. \u0160is \u0161\u0137idrums kalpo k\u0101 vide jaudas p\u0101rne\u0161anai hidrauliskaj\u0101 sist\u0113m\u0101.<\/p>\n<h3>2. Virzu\u013ca kust\u012bba<\/h3>\n<p>Hidraulisk\u0101 cilindra iek\u0161pus\u0113 virzulis kustas, rea\u0123\u0113jot uz hidraulisk\u0101 \u0161\u0137idruma spiedienu. Kad operators aktiviz\u0113 hidraulisko sist\u0113mu, \u0161\u0137idrums tiek novirz\u012bts uz vienu cilindra pusi, nospie\u017eot virzuli un izraisot t\u0101 izstiep\u0161anos vai ievilk\u0161anos.<\/p>\n<h3>3. Pretsvara regul\u0113\u0161ana<\/h3>\n<p>Virzulis kustas, piel\u0101gojot celtnim piestiprin\u0101to pretsvaru poz\u012bciju. Izb\u012bdot virzuli, pretsvari tiek p\u0101rvietoti uz \u0101ru, palielinot celt\u0146a stabilit\u0101ti, ce\u013cot smagas kravas. Savuk\u0101rt, ievelkot virzuli, pretsvari tiek tuvin\u0101ti celtnim, kas ir nepiecie\u0161ams celt\u0146a manevr\u0113\u0161anai vai transport\u0113\u0161anai.<\/p>\n<h3>4. Spiediena regul\u0113\u0161ana<\/h3>\n<p>Hidraulisk\u0101 sist\u0113ma ir apr\u012bkota ar spiediena regul\u0113\u0161anas v\u0101rstiem, kas kontrol\u0113 hidraulisk\u0101 \u0161\u0137idruma pl\u016bsmu un spiedienu. Tas nodro\u0161ina, ka pretsvaru regul\u0113\u0161ana ir vienm\u0113r\u012bga un kontrol\u0113ta, nov\u0113r\u0161ot p\u0113k\u0161\u0146as kust\u012bbas, kas var\u0113tu destabiliz\u0113t celtni.<\/p>\n<h3>5. Dro\u0161\u012bbas meh\u0101nismi<\/h3>\n<p>Daudziem pretsvara hidrauliskajiem cilindriem ir dro\u0161\u012bbas funkcijas, piem\u0113ram, p\u0101rslodzes aizsardz\u012bba un spiediena samazin\u0101\u0161anas v\u0101rsti. \u0160ie meh\u0101nismi pal\u012bdz nov\u0113rst p\u0101rm\u0113r\u012bga spiediena palielin\u0101\u0161anos un nodro\u0161ina dro\u0161u darb\u012bbu, v\u0113l vair\u0101k uzlabojot celt\u0146a stabilit\u0101ti un dro\u0161\u012bbu cel\u0161anas laik\u0101.<\/p>\n<p>Celt\u0146a pretsvara hidrauliskais cilindrs ir b\u016btisks celt\u0146a l\u012bdzsvara un stabilit\u0101tes saglab\u0101\u0161anai, ce\u013cot smagas kravas. Izmantojot hidraulisk\u0101 \u0161\u0137idruma dinamiku un prec\u012bzas virzu\u013ca kust\u012bbas, tas \u013cauj efekt\u012bvi regul\u0113t pretsvarus, nodro\u0161inot dro\u0161u un efekt\u012bvu celt\u0146a darb\u012bbu da\u017e\u0101dos pielietojumos.<\/p>\n<p><img loading=\"lazy\" decoding=\"async\" class=\"alignnone size-full wp-image-447\" src=\"https:\/\/fmp-components.com\/wp-content\/uploads\/2024\/12\/Crane.webp\" alt=\"Celtnis\" width=\"1234\" height=\"822\" title=\"\" srcset=\"https:\/\/fmp-components.com\/wp-content\/uploads\/2024\/12\/Crane.webp 1234w, https:\/\/fmp-components.com\/wp-content\/uploads\/2024\/12\/Crane-980x653.webp 980w, https:\/\/fmp-components.com\/wp-content\/uploads\/2024\/12\/Crane-480x320.webp 480w\" sizes=\"(min-width: 0px) and (max-width: 480px) 480px, (min-width: 481px) and (max-width: 980px) 980px, (min-width: 981px) 1234px, 100vw\" \/><\/p>\n<h2>Par FMP<\/h2>\n<p>FMP ir specializ\u0113ts meh\u0101nisk\u0101s ra\u017eo\u0161anas uz\u0146\u0113mums, kas nodarbojas ar hidraulisko cilindru ra\u017eo\u0161anu. Kop\u0161 dibin\u0101\u0161anas uz\u0146\u0113mums ir koncentr\u0113jies uz hidraulisko tehnolo\u0123iju izp\u0113ti un ra\u017eo\u0161anu, veiksm\u012bgi p\u0101rejot no daudzveid\u012bga produktu kl\u0101sta, kas ietv\u0113ra ra\u017eas nov\u0101k\u0161anas un celtniec\u012bbas tehniku, uz specializ\u0101ciju lauksaimniec\u012bbas traktoru deta\u013c\u0101s. Ar vair\u0101k nek\u0101 desmit gadu pieredzi ra\u017eo\u0161an\u0101 un vad\u012bb\u0101 FMP nodro\u0161ina augstas kvalit\u0101tes produktus, izmantojot progres\u012bvas ra\u017eo\u0161anas metodes.<\/p>\n<p>Uz\u0146\u0113mumam att\u012bstoties, tas ir izstr\u0101d\u0101jis visaptvero\u0161u apstr\u0101des ra\u017eo\u0161anas l\u012bniju, mont\u0101\u017eas l\u012bniju un p\u0101rkl\u0101\u0161anas l\u012bniju. M\u016bsu komandu veido prasm\u012bgs vad\u012bbas person\u0101ls, pieredz\u0113ju\u0161i meh\u0101niskie konstruktori un augsti kvalific\u0113ti tehni\u0137i, kas str\u0101d\u0101 kop\u0101, lai uztur\u0113tu stabilu ra\u017eo\u0161anas kvalit\u0101ti, vienlaikus efekt\u012bvi kontrol\u0113jot procesa nep\u0101rtraukt\u012bbu un efektivit\u0101ti.<\/p>\n<p>FMP iev\u0113ro filozofiju \u201cTehnolo\u0123isk\u0101s inov\u0101cijas veicina progresu, kvalit\u0101te rada z\u012bmolus, meistar\u012bba nodro\u0161ina kvalit\u0101ti un veido ilgtermi\u0146a abpus\u0113ji izdev\u012bgas attiec\u012bbas\u201d. M\u016bsu ap\u0146em\u0161an\u0101s nodro\u0161in\u0101t augstas kvalit\u0101tes produktus un izcilu klientu apkalpo\u0161anu joproj\u0101m ir m\u016bsu galvenais m\u0113r\u0137is, turpinot apmierin\u0101t main\u012bg\u0101s tirgus vajadz\u012bbas.<\/p>\n<p><img loading=\"lazy\" decoding=\"async\" class=\"alignnone size-full wp-image-426\" src=\"https:\/\/fmp-components.com\/wp-content\/uploads\/2024\/12\/Sanitation-Machinery-Locking-Hydraulic-Cylinder-factory.webp\" sizes=\"(min-width: 0px) and (max-width: 480px) 480px, (min-width: 481px) and (max-width: 980px) 980px, (min-width: 981px) and (max-width: 1280px) 1280px, (min-width: 1281px) 1414px, 100vw\" srcset=\"https:\/\/fmp-components.com\/wp-content\/uploads\/2024\/12\/Sanitation-Machinery-Locking-Hydraulic-Cylinder-factory.webp 1414w, https:\/\/fmp-components.com\/wp-content\/uploads\/2024\/12\/Sanitation-Machinery-Locking-Hydraulic-Cylinder-factory-1280x529.webp 1280w, https:\/\/fmp-components.com\/wp-content\/uploads\/2024\/12\/Sanitation-Machinery-Locking-Hydraulic-Cylinder-factory-980x405.webp 980w, https:\/\/fmp-components.com\/wp-content\/uploads\/2024\/12\/Sanitation-Machinery-Locking-Hydraulic-Cylinder-factory-480x198.webp 480w\" alt=\"Sanit\u0101rijas-ma\u0161\u012bnu-blo\u0137\u0113\u0161anas-hidraulisko-cilindru-fabrika\" width=\"1414\" height=\"584\" title=\"\"><\/p>\n<p>Autors: CX<\/p>","protected":false},"excerpt":{"rendered":"<p data-id=\"a11392d4-7524-4709-8e84-2ea1d23339d0\" data-pm-slice=\"1 1 []\">Celt\u0146a pretsvara hidraulisk\u0101 cilindra uzdevums ir nodro\u0161in\u0101t nepiecie\u0161amo pretsvaru celt\u0146iem cel\u0161anas laik\u0101. Izmantojiet \u0161o hidraulisko cilindru prec\u012bzai, bet att\u0101lin\u0101tai pretsvara pozicion\u0113\u0161anai stabilit\u0101tei un dro\u0161\u012bbai, veicot lielas slodzes. \u0160is darba zirgs, kas \u012bpa\u0161i izstr\u0101d\u0101ts iztur\u012bbai, ir izgatavots no augst\u0101k\u0101s kvalit\u0101tes materi\u0101liem, lai iztur\u0113tu b\u016bvniec\u012bbas un smago cel\u0161anas nozaru skarbos apst\u0101k\u013cus. Hidraulisk\u0101 sist\u0113ma ir izstr\u0101d\u0101ta, lai nodro\u0161in\u0101tu efekt\u012bvu un atsauc\u012bgu vad\u012bbu, nodro\u0161inot vienm\u0113r\u012bgu un l\u012bdzsvarotu kust\u012bbu, kas \u013cauj operatoriem optimiz\u0113t celt\u0146a veiktsp\u0113ju, vienlaikus saglab\u0101jot stabilit\u0101ti. T\u0101 ir neat\u0146emama celt\u0146u visp\u0101r\u0113j\u0101s darb\u012bbas sast\u0101vda\u013ca, un t\u0101 ir vit\u0101li svar\u012bga to dro\u0161ai darb\u012bbai, veicinot efekt\u012bvus cel\u0161anas risin\u0101jumus.<\/p>","protected":false},"featured_media":445,"comment_status":"open","ping_status":"closed","template":"","meta":{"_et_pb_use_builder":"","_et_pb_old_content":"","_et_gb_content_width":""},"product_brand":[],"product_cat":[24],"product_tag":[],"class_list":{"0":"post-444","1":"product","2":"type-product","3":"status-publish","4":"has-post-thumbnail","6":"product_cat-construction-machinery-hydraulic-cylinders","8":"first","9":"instock","10":"shipping-taxable","11":"product-type-simple"},"_links":{"self":[{"href":"https:\/\/fmp-components.com\/lv\/wp-json\/wp\/v2\/product\/444","targetHints":{"allow":["GET"]}}],"collection":[{"href":"https:\/\/fmp-components.com\/lv\/wp-json\/wp\/v2\/product"}],"about":[{"href":"https:\/\/fmp-components.com\/lv\/wp-json\/wp\/v2\/types\/product"}],"replies":[{"embeddable":true,"href":"https:\/\/fmp-components.com\/lv\/wp-json\/wp\/v2\/comments?post=444"}],"wp:featuredmedia":[{"embeddable":true,"href":"https:\/\/fmp-components.com\/lv\/wp-json\/wp\/v2\/media\/445"}],"wp:attachment":[{"href":"https:\/\/fmp-components.com\/lv\/wp-json\/wp\/v2\/media?parent=444"}],"wp:term":[{"taxonomy":"product_brand","embeddable":true,"href":"https:\/\/fmp-components.com\/lv\/wp-json\/wp\/v2\/product_brand?post=444"},{"taxonomy":"product_cat","embeddable":true,"href":"https:\/\/fmp-components.com\/lv\/wp-json\/wp\/v2\/product_cat?post=444"},{"taxonomy":"product_tag","embeddable":true,"href":"https:\/\/fmp-components.com\/lv\/wp-json\/wp\/v2\/product_tag?post=444"}],"curies":[{"name":"wp","href":"https:\/\/api.w.org\/{rel}","templated":true}]}}