{"id":427,"date":"2024-12-10T05:55:29","date_gmt":"2024-12-10T05:55:29","guid":{"rendered":"https:\/\/fmp-components.com\/?page_id=8"},"modified":"2024-12-10T05:55:29","modified_gmt":"2024-12-10T05:55:29","slug":"sanitation-machinery-reverse-thrust-hydraulic-cylinder","status":"publish","type":"product","link":"https:\/\/fmp-components.com\/lv\/product\/sanitation-machinery-reverse-thrust-hydraulic-cylinder\/","title":{"rendered":"Sanit\u0101rijas ma\u0161\u012bnu revers\u0101s vilces hidrauliskais cilindrs"},"content":{"rendered":"<p style=\"text-align: center;\"><span style=\"font-size: 18pt;\">Sanit\u0101rijas ma\u0161\u012bnu revers\u0101s vilces hidrauliskais cilindrs<\/span><\/p>\n<p>Sanit\u0101rijas iek\u0101rtu revers\u0101s vilces hidrauliskais cilindrs ir b\u016btiska sast\u0101vda\u013ca, kas paredz\u0113ta, lai nodro\u0161in\u0101tu uzticamu revers\u0101s vilces darb\u012bbu da\u017e\u0101d\u0101m sanit\u0101rijas iek\u0101rt\u0101m, tostarp atkritumu sav\u0101k\u0161anas automa\u0161\u012bn\u0101m un ielu t\u012br\u012bt\u0101jiem. \u0160is hidrauliskais cilindrs ir izstr\u0101d\u0101ts, lai nodro\u0161in\u0101tu vienm\u0113r\u012bgu un kontrol\u0113tu kust\u012bbu, \u013caujot efekt\u012bvi iesl\u0113gt un izsl\u0113gt iek\u0101rtu funkcijas atkritumu sav\u0101k\u0161anas un t\u012br\u012b\u0161anas laik\u0101.<\/p>\n<p><img loading=\"lazy\" decoding=\"async\" class=\"size-full wp-image-428 aligncenter\" src=\"https:\/\/fmp-components.com\/wp-content\/uploads\/2024\/12\/Sanitation-Machinery-Reverse-Thrust-Hydraulic-Cylinder.webp\" alt=\"Sanit\u0101rijas ma\u0161\u012bnu revers\u0101s vilces hidrauliskais cilindrs\" width=\"500\" height=\"500\" title=\"\" srcset=\"https:\/\/fmp-components.com\/wp-content\/uploads\/2024\/12\/Sanitation-Machinery-Reverse-Thrust-Hydraulic-Cylinder.webp 500w, https:\/\/fmp-components.com\/wp-content\/uploads\/2024\/12\/Sanitation-Machinery-Reverse-Thrust-Hydraulic-Cylinder-480x480.webp 480w\" sizes=\"(min-width: 0px) and (max-width: 480px) 480px, (min-width: 481px) 500px, 100vw\" \/><\/p>\n<h4>Galven\u0101s iez\u012bmes:<\/h4>\n<ul>\n<li>Iztur\u012bga konstrukcija: Izgatavots no augstas stipr\u012bbas materi\u0101liem, \u0161is hidrauliskais cilindrs ir paredz\u0113ts, lai iztur\u0113tu stingr\u0101s sanit\u0101rijas darbu pras\u012bbas, nodro\u0161inot ilgsto\u0161u veiktsp\u0113ju skarbos apst\u0101k\u013cos.<\/li>\n<li>Vienm\u0113r\u012bga hidraulisk\u0101 darb\u012bba: Uzlabot\u0101 hidraulisk\u0101 sist\u0113ma nodro\u0161ina atsauc\u012bgas un pl\u016bsto\u0161as \u200b\u200bkust\u012bbas, samazinot apr\u012bkojuma nodilumu un uzlabojot kop\u0113jo darb\u012bbas efektivit\u0101ti.<\/li>\n<li>Uzlabota vad\u012bba: Revers\u0101s vilces hidrauliskais cilindrs, kas paredz\u0113ts prec\u012bzai vad\u012bbai, \u013cauj operatoriem efekt\u012bvi p\u0101rvietoties un manevr\u0113t sanit\u0101rijas iek\u0101rt\u0101s, uzlabojot dro\u0161\u012bbu un veiktsp\u0113ju.<\/li>\n<li>Daudzpus\u012bgs pielietojums: \u0160is hidrauliskais cilindrs ir piem\u0113rots pla\u0161am sanit\u0101rijas iek\u0101rtu kl\u0101stam un to var neman\u0101mi integr\u0113t da\u017e\u0101d\u0101s sist\u0113m\u0101s, padarot to par daudzpus\u012bgu risin\u0101jumu atkritumu apsaimnieko\u0161anai.<\/li>\n<li>Energoefekt\u012bvs: T\u0101 dizains optimiz\u0113 ener\u0123ijas pat\u0113ri\u0146u, samazinot ener\u0123ijas zudumus un veicinot zem\u0101kas ekspluat\u0101cijas izmaksas, padarot to par videi draudz\u012bgu izv\u0113li.<\/li>\n<\/ul>\n<p>Sanit\u0101rijas iek\u0101rtu revers\u0101s vilces hidrauliskais cilindrs ir b\u016btiska sast\u0101vda\u013ca, kas uzlabo sanit\u0101rijas iek\u0101rtu funkcionalit\u0101ti un efektivit\u0101ti, nodro\u0161inot efekt\u012bvu veiktsp\u0113ju atkritumu apsaimnieko\u0161anas oper\u0101cij\u0101s, vienlaikus saglab\u0101jot augstu iztur\u012bbas un kontroles l\u012bmeni.<\/p>\n<h2 style=\"box-sizing: border-box; user-select: initial !important; margin: 0px; padding: 0px 0px 10px; border: 0px; outline: 0px; font-size: 26px; text-size-adjust: 100%; vertical-align: baseline; background: #ffffff; color: #333333; line-height: 1em; font-weight: 500; font-family: Nunito, Helvetica, Arial, Lucida, sans-serif; font-style: normal; font-variant-ligatures: normal; font-variant-caps: normal; letter-spacing: normal; orphans: 2; text-align: start; text-indent: 0px; text-transform: none; widows: 2; word-spacing: 0px; -webkit-text-stroke-width: 0px; white-space: normal; text-decoration-thickness: initial; text-decoration-style: initial; text-decoration-color: initial;\">Sanit\u0101rijas iek\u0101rtu revers\u0101s vilces hidraulisk\u0101 cilindra izm\u0113ri:<\/h2>\n<table style=\"box-sizing: border-box; user-select: initial !important; border-collapse: collapse; border-spacing: 0px; word-break: break-all !important; color: #666666; font-family: Nunito, Helvetica, Arial, Lucida, sans-serif; font-size: 16px; font-style: normal; font-variant-ligatures: normal; font-variant-caps: normal; font-weight: 500; letter-spacing: normal; orphans: 2; text-align: start; text-transform: none; widows: 2; word-spacing: 0px; -webkit-text-stroke-width: 0px; white-space: normal; background-color: #ffffff; text-decoration-thickness: initial; text-decoration-style: initial; text-decoration-color: initial; width: 735.139px;\">\n<tbody style=\"box-sizing: border-box; user-select: initial !important;\">\n<tr style=\"box-sizing: border-box; user-select: initial !important;\">\n<td style=\"box-sizing: border-box; user-select: initial !important; width: 367.569px;\"><img loading=\"lazy\" decoding=\"async\" class=\"alignnone size-full wp-image-430\" src=\"https:\/\/fmp-components.com\/wp-content\/uploads\/2024\/12\/Sanitation-Machinery-Reverse-thrust-Hydraulic-Cylinder-Dimensions-1.webp\" alt=\"Sanit\u0101rijas ma\u0161\u012bnu revers\u0101s vilces hidrauliskais cilindrs\" width=\"806\" height=\"377\" title=\"\" srcset=\"https:\/\/fmp-components.com\/wp-content\/uploads\/2024\/12\/Sanitation-Machinery-Reverse-thrust-Hydraulic-Cylinder-Dimensions-1.webp 806w, https:\/\/fmp-components.com\/wp-content\/uploads\/2024\/12\/Sanitation-Machinery-Reverse-thrust-Hydraulic-Cylinder-Dimensions-1-480x225.webp 480w\" sizes=\"(min-width: 0px) and (max-width: 480px) 480px, (min-width: 481px) 806px, 100vw\" \/><\/td>\n<td style=\"box-sizing: border-box; user-select: initial !important; width: 367.569px;\"><img loading=\"lazy\" decoding=\"async\" class=\"alignnone size-full wp-image-431\" src=\"https:\/\/fmp-components.com\/wp-content\/uploads\/2024\/12\/Sanitation-Machinery-Reverse-thrust-Hydraulic-Cylinder-Dimensions-2.webp\" alt=\"Sanit\u0101rijas ma\u0161\u012bnu revers\u0101s vilces hidrauliskais cilindrs\" width=\"806\" height=\"377\" title=\"\" srcset=\"https:\/\/fmp-components.com\/wp-content\/uploads\/2024\/12\/Sanitation-Machinery-Reverse-thrust-Hydraulic-Cylinder-Dimensions-2.webp 806w, https:\/\/fmp-components.com\/wp-content\/uploads\/2024\/12\/Sanitation-Machinery-Reverse-thrust-Hydraulic-Cylinder-Dimensions-2-480x225.webp 480w\" sizes=\"(min-width: 0px) and (max-width: 480px) 480px, (min-width: 481px) 806px, 100vw\" \/><\/td>\n<\/tr>\n<\/tbody>\n<\/table>\n<table style=\"box-sizing: border-box; border-collapse: collapse; border-spacing: 0px; color: #666666; font-family: Nunito, Helvetica, Arial, Lucida, sans-serif; font-size: 16px; font-style: normal; font-variant-ligatures: normal; font-variant-caps: normal; font-weight: 500; letter-spacing: normal; orphans: 2; text-align: start; text-transform: none; widows: 2; word-spacing: 0px; -webkit-text-stroke-width: 0px; white-space: normal; background-color: #ffffff; text-decoration-thickness: initial; text-decoration-style: initial; text-decoration-color: initial; height: 62px; width: 97.3832%; user-select: initial !important; word-break: break-all !important;\" border=\"1\" cellspacing=\"0\" cellpadding=\"0\">\n<tbody style=\"box-sizing: border-box; user-select: initial !important;\">\n<tr style=\"box-sizing: border-box; user-select: initial !important; height: 47px;\">\n<td style=\"box-sizing: border-box; height: 47px; width: 12.6359%; text-align: center; user-select: initial !important;\" width=\"246\">Cilindra nosaukums<\/td>\n<td style=\"box-sizing: border-box; height: 47px; width: 17.5272%; text-align: center; user-select: initial !important;\" width=\"336\">Z\u012bm\u0113juma numurs<\/td>\n<td style=\"box-sizing: border-box; height: 47px; width: 8.55978%; text-align: center; user-select: initial !important;\" width=\"126\">Urbuma diametrs (D)<\/td>\n<td style=\"box-sizing: border-box; height: 47px; width: 8.42391%; text-align: center; user-select: initial !important;\" width=\"123\">Stie\u0146a diametrs (d)<\/td>\n<td style=\"box-sizing: border-box; height: 47px; width: 7.06522%; text-align: center; user-select: initial !important;\" width=\"114\">G\u0101jiens (S)<\/td>\n<td style=\"box-sizing: border-box; height: 47px; width: 11.0054%; text-align: center; user-select: initial !important;\" width=\"170\">Uzst\u0101d\u012b\u0161anas att\u0101lums (L)<\/td>\n<td style=\"box-sizing: border-box; height: 47px; width: 10.0543%; text-align: center; user-select: initial !important;\" width=\"172\">Darba spiediens<\/td>\n<td style=\"box-sizing: border-box; height: 47px; width: 18.0707%; text-align: center; user-select: initial !important;\" width=\"366\">Saskarnes izm\u0113ri (M)<\/td>\n<td style=\"box-sizing: border-box; height: 47px; width: 28.7304%; text-align: center; user-select: initial !important;\" width=\"96\">Svars<\/td>\n<\/tr>\n<tr style=\"box-sizing: border-box; user-select: initial !important; height: 15px;\">\n<td class=\"et3\" style=\"box-sizing: border-box; height: 15px; width: 12.6359%; text-align: center; user-select: initial !important;\" width=\"246\" height=\"303\">Revers\u0101s vilces cilindrs<\/td>\n<td class=\"et4\" style=\"box-sizing: border-box; width: 17.5272%; height: 15px; text-align: center; user-select: initial !important;\" width=\"336\">LPE222.2.2-5-00<\/td>\n<td class=\"et4\" style=\"box-sizing: border-box; width: 8.55978%; height: 15px; text-align: center; user-select: initial !important;\" width=\"126\">\u03a6220<\/td>\n<td class=\"et4\" style=\"box-sizing: border-box; width: 8.42391%; height: 15px; text-align: center; user-select: initial !important;\" width=\"123\">\u03a6110<\/td>\n<td class=\"et4\" style=\"box-sizing: border-box; width: 7.06522%; height: 15px; text-align: center; user-select: initial !important;\" width=\"114\">420<\/td>\n<td class=\"et4\" style=\"box-sizing: border-box; width: 11.0054%; height: 15px; text-align: center; user-select: initial !important;\" width=\"170\">1110<\/td>\n<td class=\"et4\" style=\"box-sizing: border-box; width: 10.0543%; height: 15px; text-align: center; user-select: initial !important;\" width=\"172\">16MPa<\/td>\n<td class=\"et4\" style=\"box-sizing: border-box; width: 18.0707%; height: 15px; text-align: center; user-select: initial !important;\" width=\"366\">2-M22*1.5<\/td>\n<td class=\"et4\" style=\"box-sizing: border-box; width: 28.7304%; height: 15px; text-align: center; user-select: initial !important;\" width=\"96\">323 kg<\/td>\n<\/tr>\n<\/tbody>\n<\/table>\n<h2>Pieejamie hidrauliskie cilindri Z\u012bmols un mode\u013ci:<\/h2>\n<table border=\"1\" cellspacing=\"0\" cellpadding=\"0\">\n<tbody>\n<tr>\n<td><span data-spm-anchor-id=\"a2700.details.0.i43.45d84a73e99C9z\">KOMATSU (PC)<\/span><\/td>\n<td>PC30, PC40, PC50, PC56, PC60, PC78, PC100, PC110, PC120, PC130, PC160, PC200-3\/5\/6\/7\/8\/8MO, PC210, PC220-5\/6\/7\/8\/8MO, PC240, PC300\/350\/360-5\/6\/7\/8\/8MO, PC400\/450-5\/6\/7\/8\/8MO, PC800, PC850<\/td>\n<\/tr>\n<tr>\n<td>K\u0100P\u0112RS (E)<\/td>\n<td>E301.5, E302, E305.5, E306, E307V1\/V2\/B\/C\/D\/E\/F, E308B\/C, E120B, E312V1\/V2\/B\/C\/D, E313D2, E312D2, E315D,<br \/>\nE200B,E320V1\/V2\/A\/B\/C\/D,E324D,E325C\/D,E329D,E330\/336C\/D,E345C,E349D,E365C,E374,E390<\/td>\n<\/tr>\n<tr>\n<td>KOBELCO (SK)<\/td>\n<td>SK60-3\/5\/8, SK75-8\/SR, SK100 ,SK120-3\/5, SK135-8\/SR, SK140-8, SK200-3\/5\/6\/6E, SK210-3\/5\/6\/6E,<br \/>\nSK230\/250-6E,SK250-8,SK260-8,SK350-8\/S8,SK460\/480-8<\/td>\n<\/tr>\n<tr>\n<td>HYUNDAI (R)<\/td>\n<td>R55-5\/7, R60-5\/7, R80, R110, R130, R200-5, R210-5, R215-5\/7, R220-5\/7\/9, R225-5\/7\/9, R250, R260, R265, R290, R305, R445, R485, R505<\/td>\n<\/tr>\n<tr>\n<td><span data-spm-anchor-id=\"a2700.details.0.i53.45d84a73e99C9z\">HITACHI (EX.ZX)<\/span><\/td>\n<td>EX60, EX100-1\/2\/3, EX120-1\/3\/5\/6, EX200-1\/3\/5, EX230-5, EX300-1, EX400<br \/>\nZAX60, ZAX70, ZA120-6, ZAX200\/210-1\/3\/5\/5K, ZAX240, ZAX250, ZAX260, ZAX330-3\/5\/6, ZAX450\/470, ZAX650\/670, ZAX850\/870<\/td>\n<\/tr>\n<tr>\n<td>\n<div class=\"magic-32\"><span data-spm-anchor-id=\"a2700.details.0.i55.45d84a73e99C9z\">DOOSAN (DH\/DX)<\/span><\/div>\n<\/td>\n<td>\n<div class=\"magic-33\"><span class=\"magic-34\">DH55, DH60, DH80, DH150, DH215-5\/7, DH220-5, DH225-5\/7, DH258, DH300-5\/7, DH370, DH420, DH500<br \/>\nDX55, DX60, DX75, DX130, DX225-9, DX300, DX380, DX420, DX500<\/span><\/div>\n<\/td>\n<\/tr>\n<tr>\n<td>\n<div class=\"magic-32\">VOLVO (EK)<\/div>\n<\/td>\n<td>\n<div class=\"magic-33\"><span class=\"magic-34\">EC55, EC60, EC75, EC80, EC140, EC210B\/D, EC220D, EC240, EC250, EC290, EC300, EC360, EC380, EC460, EC480, EC700, EC750, EC950<\/span><\/div>\n<\/td>\n<\/tr>\n<tr>\n<td>\n<div class=\"magic-32\">KATO (HD)<\/div>\n<\/td>\n<td>\n<div class=\"magic-33\"><span class=\"magic-34\">HD307\/308, HD450, HD512, HD700-5\/7, HD820-1\/2\/3\/5\/R, HD1023-1\/3, HD1430-1\/3<\/span><\/div>\n<\/td>\n<\/tr>\n<tr>\n<td>\n<div class=\"magic-32\">CITS Z\u012aMOLS<\/div>\n<\/td>\n<td>\n<div class=\"magic-33\"><span class=\"magic-34\">XCMG,LIUGONG,KUBOTA,CASE,YANMAR,SUNWARD,ZOOMLION,LISHIDE,LIEHERR<\/span><\/div>\n<\/td>\n<\/tr>\n<\/tbody>\n<\/table>\n<h3>Sanit\u0101rijas iek\u0101rtu revers\u0101s vilces hidraulisk\u0101 cilindra priek\u0161roc\u012bbas<\/h3>\n<h4>1. Uzlabota kontrole<\/h4>\n<p>Sanit\u0101rijas iek\u0101rtu revers\u0101s vilces hidrauliskais cilindrs nodro\u0161ina prec\u012bzu sanit\u0101r\u0101s iek\u0101rtas revers\u0101s vilces kust\u012bbu kontroli. \u0160\u012b iesp\u0113ja \u013cauj operatoriem efekt\u012bvi manevr\u0113t, uzlabojot t\u0101du darb\u012bbu k\u0101 atkritumu sav\u0101k\u0161ana un ielu t\u012br\u012b\u0161ana kop\u0113jo efektivit\u0101ti.<\/p>\n<h4>2. Iztur\u012bga iztur\u012bba<\/h4>\n<p>\u0160is hidrauliskais cilindrs ir izstr\u0101d\u0101ts, lai iztur\u0113tu skarbos sanit\u0101rijas darba apst\u0101k\u013cus, un ir izgatavots no augstas iztur\u012bbas materi\u0101liem. T\u0101 iztur\u012bba nodro\u0161ina ilgsto\u0161u darb\u012bbu, samazinot nepiecie\u0161am\u012bbu p\u0113c bie\u017eas nomai\u0146as un apkopes.<\/p>\n<h4>3. Vienm\u0113r\u012bga darb\u012bba<\/h4>\n<p>Revers\u0101s vilces cilindra uzlabot\u0101 hidraulisk\u0101 sist\u0113ma nodro\u0161ina vienm\u0113r\u012bgu un atsauc\u012bgu darb\u012bbu. Tas samazina apr\u012bkojuma nodilumu un p\u0113k\u0161\u0146u kust\u012bbu risku, uzlabojot dro\u0161\u012bbu ekspluat\u0101cijas laik\u0101.<\/p>\n<h4>4. Daudzpus\u012bba<\/h4>\n<p>\u0160is hidrauliskais cilindrs ir daudzpus\u012bgs un to var izmantot da\u017e\u0101d\u0101s sanit\u0101rijas iek\u0101rt\u0101s, tostarp atkritumu sav\u0101k\u0161anas ma\u0161\u012bn\u0101s un ielu t\u012br\u012bt\u0101j\u0101s ma\u0161\u012bn\u0101s. T\u0101 piel\u0101gojam\u012bba padara to piem\u0113rotu pla\u0161am pielietojumu kl\u0101stam atkritumu apsaimnieko\u0161an\u0101 un komun\u0101lajos pakalpojumos.<\/p>\n<h4>5. Uzlabota dro\u0161\u012bba<\/h4>\n<p>Nodro\u0161inot uzticamu atpaka\u013cgaitas vad\u012bbu, hidrauliskais cilindrs uzlabo sanit\u0101rijas darb\u012bbu dro\u0161\u012bbu. Tas pal\u012bdz nov\u0113rst negad\u012bjumus un nodro\u0161ina, ka tehnika darbojas dro\u0161os parametros, aizsarg\u0101jot gan operatorus, gan apk\u0101rt\u0113jo vidi.<\/p>\n<h4>6. Energoefektivit\u0101te<\/h4>\n<p>Revers\u0101s vilces hidraulisk\u0101 cilindra konstrukcija optimiz\u0113 ener\u0123ijas pat\u0113ri\u0146u, samazinot jaudas zudumus darb\u012bbas laik\u0101. \u0160\u012b efektivit\u0101te noz\u012bm\u0113 zem\u0101kas ekspluat\u0101cijas izmaksas un veicina videi draudz\u012bgu atkritumu apsaimnieko\u0161anas praksi.<\/p>\n<h4>7. Vienk\u0101r\u0161a integr\u0101cija<\/h4>\n<p>Balons ir paredz\u0113ts vienk\u0101r\u0161ai uzst\u0101d\u012b\u0161anai eso\u0161aj\u0101s sanit\u0101rijas iek\u0101rt\u0101s, nodro\u0161inot \u0101tru moderniz\u0101ciju un samazinot d\u012bkst\u0101ves laiku apkopes vai nomai\u0146as laik\u0101.<\/p>\n<p>Sanit\u0101rijas iek\u0101rtu revers\u0101s vilces hidrauliskais cilindrs pied\u0101v\u0101 daudzas priek\u0161roc\u012bbas, tostarp uzlabotu vad\u012bbu, iztur\u012bbu un dro\u0161\u012bbu, padarot to par b\u016btisku sast\u0101vda\u013cu efekt\u012bv\u0101m un lietder\u012bg\u0101m sanit\u0101rijas darb\u012bb\u0101m. T\u0101 daudzpus\u012bba un energoefektivit\u0101te v\u0113l vair\u0101k veicina t\u0101 v\u0113rt\u012bbu atkritumu apsaimnieko\u0161anas nozar\u0113.<\/p>\n<p><img loading=\"lazy\" decoding=\"async\" class=\"alignnone size-full wp-image-429\" src=\"https:\/\/fmp-components.com\/wp-content\/uploads\/2024\/12\/Sanitation-Machinery-Reverse-Thrust-Hydraulic-Cylinder-1.webp\" alt=\"Sanit\u0101rijas ma\u0161\u012bnu revers\u0101s vilces hidrauliskais cilindrs\" width=\"1000\" height=\"667\" title=\"\" srcset=\"https:\/\/fmp-components.com\/wp-content\/uploads\/2024\/12\/Sanitation-Machinery-Reverse-Thrust-Hydraulic-Cylinder-1.webp 1000w, https:\/\/fmp-components.com\/wp-content\/uploads\/2024\/12\/Sanitation-Machinery-Reverse-Thrust-Hydraulic-Cylinder-1-980x654.webp 980w, https:\/\/fmp-components.com\/wp-content\/uploads\/2024\/12\/Sanitation-Machinery-Reverse-Thrust-Hydraulic-Cylinder-1-480x320.webp 480w\" sizes=\"(min-width: 0px) and (max-width: 480px) 480px, (min-width: 481px) and (max-width: 980px) 980px, (min-width: 981px) 1000px, 100vw\" \/><\/p>\n<h2>Par FMP<\/h2>\n<p>FMP ir specializ\u0113ts meh\u0101nisk\u0101s ra\u017eo\u0161anas uz\u0146\u0113mums, kas nodarbojas ar hidraulisko cilindru ra\u017eo\u0161anu. Kop\u0161 dibin\u0101\u0161anas uz\u0146\u0113mums ir koncentr\u0113jies uz hidraulisko tehnolo\u0123iju izp\u0113ti un ra\u017eo\u0161anu, veiksm\u012bgi p\u0101rejot no daudzveid\u012bga produktu kl\u0101sta, kas ietv\u0113ra ra\u017eas nov\u0101k\u0161anas un celtniec\u012bbas tehniku, uz specializ\u0101ciju lauksaimniec\u012bbas traktoru deta\u013c\u0101s. Ar vair\u0101k nek\u0101 desmit gadu pieredzi ra\u017eo\u0161an\u0101 un vad\u012bb\u0101 FMP nodro\u0161ina augstas kvalit\u0101tes produktus, izmantojot progres\u012bvas ra\u017eo\u0161anas metodes.<\/p>\n<p>Uz\u0146\u0113mumam att\u012bstoties, tas ir izstr\u0101d\u0101jis visaptvero\u0161u apstr\u0101des ra\u017eo\u0161anas l\u012bniju, mont\u0101\u017eas l\u012bniju un p\u0101rkl\u0101\u0161anas l\u012bniju. M\u016bsu komandu veido prasm\u012bgs vad\u012bbas person\u0101ls, pieredz\u0113ju\u0161i meh\u0101niskie konstruktori un augsti kvalific\u0113ti tehni\u0137i, kas str\u0101d\u0101 kop\u0101, lai uztur\u0113tu stabilu ra\u017eo\u0161anas kvalit\u0101ti, vienlaikus efekt\u012bvi kontrol\u0113jot procesa nep\u0101rtraukt\u012bbu un efektivit\u0101ti.<\/p>\n<p>FMP iev\u0113ro filozofiju \u201cTehnolo\u0123isk\u0101s inov\u0101cijas veicina progresu, kvalit\u0101te rada z\u012bmolus, meistar\u012bba nodro\u0161ina kvalit\u0101ti un veido ilgtermi\u0146a abpus\u0113ji izdev\u012bgas attiec\u012bbas\u201d. M\u016bsu ap\u0146em\u0161an\u0101s nodro\u0161in\u0101t augstas kvalit\u0101tes produktus un izcilu klientu apkalpo\u0161anu joproj\u0101m ir m\u016bsu galvenais m\u0113r\u0137is, turpinot apmierin\u0101t main\u012bg\u0101s tirgus vajadz\u012bbas.<\/p>\n<p><img loading=\"lazy\" decoding=\"async\" class=\"alignnone size-full wp-image-426\" src=\"https:\/\/fmp-components.com\/wp-content\/uploads\/2024\/12\/Sanitation-Machinery-Locking-Hydraulic-Cylinder-factory.webp\" alt=\"Sanit\u0101rijas-ma\u0161\u012bnu-blo\u0137\u0113\u0161anas-hidraulisko-cilindru-fabrika\" width=\"1414\" height=\"584\" title=\"\" srcset=\"https:\/\/fmp-components.com\/wp-content\/uploads\/2024\/12\/Sanitation-Machinery-Locking-Hydraulic-Cylinder-factory.webp 1414w, https:\/\/fmp-components.com\/wp-content\/uploads\/2024\/12\/Sanitation-Machinery-Locking-Hydraulic-Cylinder-factory-1280x529.webp 1280w, https:\/\/fmp-components.com\/wp-content\/uploads\/2024\/12\/Sanitation-Machinery-Locking-Hydraulic-Cylinder-factory-980x405.webp 980w, https:\/\/fmp-components.com\/wp-content\/uploads\/2024\/12\/Sanitation-Machinery-Locking-Hydraulic-Cylinder-factory-480x198.webp 480w\" sizes=\"(min-width: 0px) and (max-width: 480px) 480px, (min-width: 481px) and (max-width: 980px) 980px, (min-width: 981px) and (max-width: 1280px) 1280px, (min-width: 1281px) 1414px, 100vw\" \/><\/p>\n<p>Autors: CX<\/p>","protected":false},"excerpt":{"rendered":"<p>Sanit\u0101rijas iek\u0101rtu revers\u0101s vilces hidrauliskais cilindrs ir b\u016btiska sast\u0101vda\u013ca, kas paredz\u0113ta, lai nodro\u0161in\u0101tu efekt\u012bvu reverso vilci sanit\u0101rijas iek\u0101rt\u0101m, piem\u0113ram, atkritumu sav\u0101k\u0161anas automa\u0161\u012bn\u0101m un ielu t\u012br\u012bt\u0101jiem. \u0160is hidrauliskais cilindrs, kas izstr\u0101d\u0101ts, lai nodro\u0161in\u0101tu uzticamu veiktsp\u0113ju, nodro\u0161ina vienm\u0113r\u012bgu un kontrol\u0113tu darb\u012bbu, \u013caujot veikt prec\u012bzas kust\u012bbas, iesl\u0113dzot vai izsl\u0113dzot da\u017e\u0101das iek\u0101rtu funkcijas. Izgatavots no augstas iztur\u012bbas materi\u0101liem, tas ir paredz\u0113ts, lai iztur\u0113tu sare\u017e\u0123\u012btus darba apst\u0101k\u013cus, nodro\u0161inot iztur\u012bbu un ilgm\u016b\u017e\u012bbu. Efekt\u012bv\u0101 hidraulisk\u0101 konstrukcija samazina ener\u0123ijas zudumus, vienlaikus palielinot darb\u012bbas efektivit\u0101ti, padarot to par b\u016btisku instrumentu sanit\u0101rijas iek\u0101rtu funkcionalit\u0101tes un efektivit\u0101tes uzlabo\u0161anai atkritumu apsaimnieko\u0161anas lietojumprogramm\u0101s.<\/p>","protected":false},"featured_media":428,"comment_status":"open","ping_status":"closed","template":"","meta":{"_et_pb_use_builder":"","_et_pb_old_content":"","_et_gb_content_width":""},"product_brand":[],"product_cat":[23],"product_tag":[],"class_list":{"0":"post-427","1":"product","2":"type-product","3":"status-publish","4":"has-post-thumbnail","6":"product_cat-sanitation-machinery-hydraulic-cylinders","8":"first","9":"instock","10":"shipping-taxable","11":"product-type-simple"},"_links":{"self":[{"href":"https:\/\/fmp-components.com\/lv\/wp-json\/wp\/v2\/product\/427","targetHints":{"allow":["GET"]}}],"collection":[{"href":"https:\/\/fmp-components.com\/lv\/wp-json\/wp\/v2\/product"}],"about":[{"href":"https:\/\/fmp-components.com\/lv\/wp-json\/wp\/v2\/types\/product"}],"replies":[{"embeddable":true,"href":"https:\/\/fmp-components.com\/lv\/wp-json\/wp\/v2\/comments?post=427"}],"wp:featuredmedia":[{"embeddable":true,"href":"https:\/\/fmp-components.com\/lv\/wp-json\/wp\/v2\/media\/428"}],"wp:attachment":[{"href":"https:\/\/fmp-components.com\/lv\/wp-json\/wp\/v2\/media?parent=427"}],"wp:term":[{"taxonomy":"product_brand","embeddable":true,"href":"https:\/\/fmp-components.com\/lv\/wp-json\/wp\/v2\/product_brand?post=427"},{"taxonomy":"product_cat","embeddable":true,"href":"https:\/\/fmp-components.com\/lv\/wp-json\/wp\/v2\/product_cat?post=427"},{"taxonomy":"product_tag","embeddable":true,"href":"https:\/\/fmp-components.com\/lv\/wp-json\/wp\/v2\/product_tag?post=427"}],"curies":[{"name":"wp","href":"https:\/\/api.w.org\/{rel}","templated":true}]}}