{"id":420,"date":"2024-12-10T05:29:31","date_gmt":"2024-12-10T05:29:31","guid":{"rendered":"https:\/\/fmp-components.com\/?page_id=8"},"modified":"2024-12-10T05:45:25","modified_gmt":"2024-12-10T05:45:25","slug":"sanitation-machinery-locking-hydraulic-cylinder","status":"publish","type":"product","link":"https:\/\/fmp-components.com\/lv\/product\/sanitation-machinery-locking-hydraulic-cylinder\/","title":{"rendered":"Sanit\u0101rijas iek\u0101rtu hidraulisk\u0101 cilindra blo\u0137\u0113\u0161ana"},"content":{"rendered":"<p style=\"text-align: center;\"><span style=\"font-size: 18pt;\">Sanit\u0101rijas iek\u0101rtu hidraulisk\u0101 cilindra blo\u0137\u0113\u0161ana<\/span><\/p>\n<p>Sanit\u0101rijas iek\u0101rtu blo\u0137\u0113\u0161anas hidrauliskais cilindrs ir b\u016btiska sast\u0101vda\u013ca, kas paredz\u0113ta, lai nodro\u0161in\u0101tu dro\u0161us un uzticamus blo\u0137\u0113\u0161anas meh\u0101nismus sanit\u0101rijas iek\u0101rt\u0101m, tostarp atkritumu sav\u0101k\u0161anas automa\u0161\u012bn\u0101m, ielu t\u012br\u012bt\u0101jiem un atkritumu pres\u0113t\u0101jiem. \u0160is hidrauliskais cilindrs nodro\u0161ina, ka da\u017e\u0101das iek\u0101rtas da\u013cas darb\u012bbas un transport\u0113\u0161anas laik\u0101 paliek stabilas un dro\u0161as, uzlabojot visp\u0101r\u0113jo dro\u0161\u012bbu un efektivit\u0101ti.<\/p>\n<p><img loading=\"lazy\" decoding=\"async\" class=\"size-full wp-image-421 aligncenter\" src=\"https:\/\/fmp-components.com\/wp-content\/uploads\/2024\/12\/Sanitation-Machinery-Locking-Hydraulic-Cylinder.webp\" alt=\"Sanit\u0101rijas iek\u0101rtu hidraulisk\u0101 cilindra blo\u0137\u0113\u0161ana\" width=\"500\" height=\"500\" title=\"\" srcset=\"https:\/\/fmp-components.com\/wp-content\/uploads\/2024\/12\/Sanitation-Machinery-Locking-Hydraulic-Cylinder.webp 500w, https:\/\/fmp-components.com\/wp-content\/uploads\/2024\/12\/Sanitation-Machinery-Locking-Hydraulic-Cylinder-480x480.webp 480w\" sizes=\"(min-width: 0px) and (max-width: 480px) 480px, (min-width: 481px) 500px, 100vw\" \/><\/p>\n<h4>Galven\u0101s iez\u012bmes:<\/h4>\n<ul>\n<li>Iztur\u012bga konstrukcija: \u0160is blo\u0137\u0113jo\u0161ais hidrauliskais cilindrs, kas izgatavots no augstas iztur\u012bbas materi\u0101liem, ir izstr\u0101d\u0101ts, lai iztur\u0113tu sanit\u0101rijas darbu sare\u017e\u0123\u012btos apst\u0101k\u013cus, nodro\u0161inot ilgsto\u0161u iztur\u012bbu un uzticam\u012bbu.<\/li>\n<li>Efekt\u012bva hidraulisk\u0101 konstrukcija: Cilindr\u0101 tiek izmantota uzlabota hidraulisk\u0101 tehnolo\u0123ija, lai nodro\u0161in\u0101tu vienm\u0113r\u012bgu un atsauc\u012bgu darb\u012bbu. Blo\u0137\u0113\u0161anas meh\u0101nisma \u0101tra iesl\u0113g\u0161ana un atvieno\u0161ana atvieglo efekt\u012bvu darbpl\u016bsmu.<\/li>\n<li>Paaugstin\u0101ta dro\u0161\u012bba: Dro\u0161i blo\u0137\u0113jot sanit\u0101rijas iek\u0101rtu kritisk\u0101s sast\u0101vda\u013cas, hidrauliskais cilindrs pal\u012bdz nov\u0113rst nejau\u0161u kust\u012bbu vai nodilumu darb\u012bbas laik\u0101, t\u0101d\u0113j\u0101di samazinot negad\u012bjumu risku.<\/li>\n<li>Daudzpus\u012bgs pielietojums: \u0160is blo\u0137\u0113jo\u0161ais hidrauliskais cilindrs, kas ir piem\u0113rots pla\u0161am sanit\u0101rijas iek\u0101rtu kl\u0101stam, ir neat\u0146emama sast\u0101vda\u013ca da\u017e\u0101du atkritumu apsaimnieko\u0161an\u0101 un ielu t\u012br\u012b\u0161an\u0101 izmantoto transportl\u012bdzek\u013cu un tehnikas efekt\u012bvai darb\u012bbai.<\/li>\n<li>Vienk\u0101r\u0161a integr\u0101cija: hidrauliskais cilindrs, kas paredz\u0113ts vienk\u0101r\u0161ai uzst\u0101d\u012b\u0161anai, ir neman\u0101mi integr\u0113jams eso\u0161aj\u0101s sanit\u0101rijas iek\u0101rtu sist\u0113m\u0101s, samazinot d\u012bkst\u0101ves laiku un nodro\u0161inot \u0101tru izvieto\u0161anu.<\/li>\n<\/ul>\n<p>Sanit\u0101rijas iek\u0101rtu blo\u0137\u0113jo\u0161ais hidrauliskais cilindrs ir b\u016btiska sast\u0101vda\u013ca, kas uzlabo sanit\u0101rijas iek\u0101rtu dro\u0161\u012bbu, efektivit\u0101ti un uzticam\u012bbu, padarot to par neaizst\u0101jamu instrumentu efekt\u012bv\u0101m atkritumu apsaimnieko\u0161anas darb\u012bb\u0101m.<\/p>\n<h2>Sanit\u0101rijas iek\u0101rtu blo\u0137\u0113\u0161anas hidraulisk\u0101 cilindra izm\u0113ri:<\/h2>\n<table>\n<tbody>\n<tr>\n<td><img loading=\"lazy\" decoding=\"async\" class=\"alignnone size-full wp-image-423\" src=\"https:\/\/fmp-components.com\/wp-content\/uploads\/2024\/12\/Sanitation-Machinery-Locking-Hydraulic-Cylinder-Dimensions-1.webp\" alt=\"Sanit\u0101rijas iek\u0101rtu hidraulisk\u0101 cilindra blo\u0137\u0113\u0161ana\" width=\"980\" height=\"427\" title=\"\" srcset=\"https:\/\/fmp-components.com\/wp-content\/uploads\/2024\/12\/Sanitation-Machinery-Locking-Hydraulic-Cylinder-Dimensions-1.webp 980w, https:\/\/fmp-components.com\/wp-content\/uploads\/2024\/12\/Sanitation-Machinery-Locking-Hydraulic-Cylinder-Dimensions-1-480x209.webp 480w\" sizes=\"(min-width: 0px) and (max-width: 480px) 480px, (min-width: 481px) 980px, 100vw\" \/><\/td>\n<td><img loading=\"lazy\" decoding=\"async\" class=\"alignnone size-full wp-image-424\" src=\"https:\/\/fmp-components.com\/wp-content\/uploads\/2024\/12\/Sanitation-Machinery-Locking-Hydraulic-Cylinder-Dimensions-2.webp\" alt=\"Sanit\u0101rijas iek\u0101rtu hidraulisk\u0101 cilindra blo\u0137\u0113\u0161ana\" width=\"980\" height=\"427\" title=\"\" srcset=\"https:\/\/fmp-components.com\/wp-content\/uploads\/2024\/12\/Sanitation-Machinery-Locking-Hydraulic-Cylinder-Dimensions-2.webp 980w, https:\/\/fmp-components.com\/wp-content\/uploads\/2024\/12\/Sanitation-Machinery-Locking-Hydraulic-Cylinder-Dimensions-2-480x209.webp 480w\" sizes=\"(min-width: 0px) and (max-width: 480px) 480px, (min-width: 481px) 980px, 100vw\" \/><\/td>\n<\/tr>\n<\/tbody>\n<\/table>\n<table style=\"width: 100%; height: 124px;\" border=\"1\" cellspacing=\"0\" cellpadding=\"0\">\n<tbody>\n<tr style=\"height: 47px;\">\n<td style=\"height: 47px;\" width=\"246\">Cilindra nosaukums<\/td>\n<td style=\"height: 47px;\" width=\"336\">Z\u012bm\u0113juma numurs<\/td>\n<td style=\"height: 47px;\" width=\"126\">Urbuma diametrs (D)<\/td>\n<td style=\"height: 47px;\" width=\"123\">Stie\u0146a diametrs (d)<\/td>\n<td style=\"height: 47px;\" width=\"114\">G\u0101jiens (S)<\/td>\n<td style=\"height: 47px;\" width=\"170\">Uzst\u0101d\u012b\u0161anas att\u0101lums (L)<\/td>\n<td style=\"height: 47px;\" width=\"172\">Darba spiediens<\/td>\n<td style=\"height: 47px;\" width=\"366\">Saskarnes izm\u0113ri (M)<\/td>\n<td style=\"height: 47px;\" width=\"96\">Svars<\/td>\n<\/tr>\n<tr style=\"height: 33px;\">\n<td class=\"et3\" style=\"height: 33px;\" width=\"246\" height=\"286\">Blo\u0137\u0113\u0161anas cilindrs<\/td>\n<td class=\"et4\" style=\"height: 33px;\" width=\"336\">107504-00<\/td>\n<td class=\"et4\" style=\"height: 33px;\" width=\"126\">\u03a640<\/td>\n<td class=\"et4\" style=\"height: 33px;\" width=\"123\">\u03a620<\/td>\n<td class=\"et4\" style=\"height: 33px;\" width=\"114\">53<\/td>\n<td class=\"et4\" style=\"height: 33px;\" width=\"170\">245<\/td>\n<td class=\"et4\" style=\"height: 33px;\" width=\"172\">25MPa<\/td>\n<td class=\"et4\" style=\"height: 33px;\" width=\"366\">2-G3\/8<\/td>\n<td class=\"et4\" style=\"height: 33px;\" width=\"96\">2,6 kg<\/td>\n<\/tr>\n<tr style=\"height: 44px;\">\n<td class=\"et3\" style=\"height: 44px;\" width=\"246\" height=\"316\">Blo\u0137\u0113\u0161anas cilindrs<\/td>\n<td class=\"et4\" style=\"height: 44px;\">103631-00<\/td>\n<td class=\"et4\" style=\"height: 44px;\">\u03a663<\/td>\n<td class=\"et4\" style=\"height: 44px;\">\u03a640<\/td>\n<td class=\"et4\" style=\"height: 44px;\">160<\/td>\n<td class=\"et4\" style=\"height: 44px;\">385<\/td>\n<td class=\"et4\" style=\"height: 44px;\">30MPa<\/td>\n<td class=\"et4\" style=\"height: 44px;\">2-G3\/8<\/td>\n<td class=\"et4\" style=\"height: 44px;\">15 kg<\/td>\n<\/tr>\n<\/tbody>\n<\/table>\n<h3>Sanit\u0101rijas iek\u0101rtu blo\u0137\u0113\u0161anas hidraulisk\u0101 cilindra \u012bpa\u0161\u012bbas<\/h3>\n<h4>1. Iztur\u012bga konstrukcija<\/h4>\n<p>Sanit\u0101rijas iek\u0101rtu blo\u0137\u0113jo\u0161ais hidrauliskais cilindrs ir izgatavots no augstas iztur\u012bbas materi\u0101liem, kas nodro\u0161ina iztur\u012bbu un nodilumiztur\u012bbu, padarot to piem\u0113rotu sanit\u0101rijas darbu sare\u017e\u0123\u012btiem apst\u0101k\u013ciem.<\/p>\n<h4>2. Efekt\u012bvs blo\u0137\u0113\u0161anas meh\u0101nisms<\/h4>\n<p>\u0160is hidrauliskais cilindrs ir konstru\u0113ts ar uzlabotu blo\u0137\u0113\u0161anas meh\u0101nismu, kas nodro\u0161ina \u0101tru un dro\u0161u iesl\u0113g\u0161anu un atvieno\u0161anu. \u0160\u012b efektivit\u0101te uzlabo darba pl\u016bsmu un dro\u0161\u012bbu lieto\u0161anas laik\u0101.<\/p>\n<h4>3. Vienm\u0113r\u012bga hidraulisk\u0101 darb\u012bba<\/h4>\n<p>Cilindr\u0101 tiek izmantota labi izstr\u0101d\u0101ta hidraulisk\u0101 sist\u0113ma, kas nodro\u0161ina vienm\u0113r\u012bgu un atsauc\u012bgu darb\u012bbu. \u0160\u012b funkcija \u013cauj prec\u012bzi kontrol\u0113t blo\u0137\u0113\u0161anas un atblo\u0137\u0113\u0161anas darb\u012bbas, t\u0101d\u0113j\u0101di nodro\u0161inot uzticamu veiktsp\u0113ju.<\/p>\n<h4>4. Dro\u0161\u012bbas uzlabojumi<\/h4>\n<p>Ietverot dro\u0161\u012bbas funkcijas, piem\u0113ram, spiediena samazin\u0101\u0161anas v\u0101rstus, blo\u0137\u0113jo\u0161ais hidrauliskais cilindrs nov\u0113r\u0161 nejau\u0161u atbr\u012bvo\u0161anos vai kust\u012bbu. Tas nodro\u0161ina, ka komponenti darb\u012bbas laik\u0101 paliek dro\u0161i nofiks\u0113ti, samazinot negad\u012bjumu risku.<\/p>\n<h4>5. Daudzpus\u012bga sader\u012bba<\/h4>\n<p>\u0160is hidrauliskais cilindrs ir izstr\u0101d\u0101ts t\u0101, lai b\u016btu sader\u012bgs ar pla\u0161u sanit\u0101rijas iek\u0101rtu kl\u0101stu, tostarp atkritumu sav\u0101k\u0161anas automa\u0161\u012bn\u0101m un ielu t\u012br\u012bt\u0101jiem, un to var viegli integr\u0113t da\u017e\u0101d\u0101s ma\u0161\u012bnu sist\u0113m\u0101s, padarot to par daudzpus\u012bgu izv\u0113li atkritumu apsaimnieko\u0161anas darb\u012bb\u0101m.<\/p>\n<h4>6. Zemas apkopes pras\u012bbas<\/h4>\n<p>Pateicoties iztur\u012bgajai konstrukcijai un iztur\u012bgajiem materi\u0101liem, blo\u0137\u0113jo\u0161ajam hidrauliskajam cilindram ir nepiecie\u0161ama minim\u0101la apkope, k\u0101 rezult\u0101t\u0101 samazin\u0101s d\u012bkst\u0101ves laiks un sanit\u0101rijas pakalpojumu ekspluat\u0101cijas izmaksas.<\/p>\n<h4>7. Kompakts dizains<\/h4>\n<p>Balona kompaktais dizains \u013cauj efekt\u012bvi izmantot telpu sanit\u0101rijas iek\u0101rt\u0101s, nodro\u0161inot optim\u0101lu veiktsp\u0113ju, neapdraudot iek\u0101rtas kop\u0113jo izk\u0101rtojumu.<\/p>\n<h4>8. Korozijas iztur\u012bba<\/h4>\n<p>Daudziem mode\u013ciem ir p\u0101rkl\u0101jumi, kas aizsarg\u0101 pret koroziju, nodro\u0161inot, ka hidrauliskais cilindrs saglab\u0101 funkcionalit\u0101ti un izskatu pat tad, ja tas ir pak\u013cauts skarbajiem vides apst\u0101k\u013ciem, kas parasti ir sastopami sanit\u0101rijas darbos.<\/p>\n<p>Rezum\u0113jot, sanit\u0101rijas iek\u0101rtu blo\u0137\u0113jo\u0161ais hidrauliskais cilindrs apvieno iztur\u012bbu, efektivit\u0101ti un dro\u0161\u012bbu, padarot to par b\u016btisku sast\u0101vda\u013cu efekt\u012bvai un uzticamai darb\u012bbai sanit\u0101rijas nozar\u0113.<\/p>\n<h2><img loading=\"lazy\" decoding=\"async\" class=\"alignnone size-full wp-image-422\" src=\"https:\/\/fmp-components.com\/wp-content\/uploads\/2024\/12\/Sanitation-Machinery.webp\" alt=\"Sanit\u0101rijas iek\u0101rtu hidraulisk\u0101 cilindra blo\u0137\u0113\u0161ana\" width=\"1000\" height=\"667\" title=\"\" srcset=\"https:\/\/fmp-components.com\/wp-content\/uploads\/2024\/12\/Sanitation-Machinery.webp 1000w, https:\/\/fmp-components.com\/wp-content\/uploads\/2024\/12\/Sanitation-Machinery-980x654.webp 980w, https:\/\/fmp-components.com\/wp-content\/uploads\/2024\/12\/Sanitation-Machinery-480x320.webp 480w\" sizes=\"(min-width: 0px) and (max-width: 480px) 480px, (min-width: 481px) and (max-width: 980px) 980px, (min-width: 981px) 1000px, 100vw\" \/><\/h2>\n<h2>Par FMP<\/h2>\n<p>FMP ir specializ\u0113ts meh\u0101nisk\u0101s ra\u017eo\u0161anas uz\u0146\u0113mums, kas nodarbojas ar hidraulisko cilindru ra\u017eo\u0161anu. Kop\u0161 dibin\u0101\u0161anas uz\u0146\u0113mums ir koncentr\u0113jies uz hidraulisko tehnolo\u0123iju izp\u0113ti un ra\u017eo\u0161anu, veiksm\u012bgi p\u0101rejot no daudzveid\u012bga produktu kl\u0101sta, kas ietv\u0113ra ra\u017eas nov\u0101k\u0161anas un celtniec\u012bbas tehniku, uz specializ\u0101ciju lauksaimniec\u012bbas traktoru deta\u013c\u0101s. Ar vair\u0101k nek\u0101 desmit gadu pieredzi ra\u017eo\u0161an\u0101 un vad\u012bb\u0101 FMP nodro\u0161ina augstas kvalit\u0101tes produktus, izmantojot progres\u012bvas ra\u017eo\u0161anas metodes.<\/p>\n<p>Uz\u0146\u0113mumam att\u012bstoties, tas ir izstr\u0101d\u0101jis visaptvero\u0161u apstr\u0101des ra\u017eo\u0161anas l\u012bniju, mont\u0101\u017eas l\u012bniju un p\u0101rkl\u0101\u0161anas l\u012bniju. M\u016bsu komandu veido prasm\u012bgs vad\u012bbas person\u0101ls, pieredz\u0113ju\u0161i meh\u0101niskie konstruktori un augsti kvalific\u0113ti tehni\u0137i, kas str\u0101d\u0101 kop\u0101, lai uztur\u0113tu stabilu ra\u017eo\u0161anas kvalit\u0101ti, vienlaikus efekt\u012bvi kontrol\u0113jot procesa nep\u0101rtraukt\u012bbu un efektivit\u0101ti.<\/p>\n<p>FMP iev\u0113ro filozofiju \u201cTehnolo\u0123isk\u0101s inov\u0101cijas veicina progresu, kvalit\u0101te rada z\u012bmolus, meistar\u012bba nodro\u0161ina kvalit\u0101ti un veido ilgtermi\u0146a abpus\u0113ji izdev\u012bgas attiec\u012bbas\u201d. M\u016bsu ap\u0146em\u0161an\u0101s nodro\u0161in\u0101t augstas kvalit\u0101tes produktus un izcilu klientu apkalpo\u0161anu joproj\u0101m ir m\u016bsu galvenais m\u0113r\u0137is, turpinot apmierin\u0101t main\u012bg\u0101s tirgus vajadz\u012bbas.<\/p>\n<p><img loading=\"lazy\" decoding=\"async\" class=\"alignnone size-full wp-image-426\" src=\"https:\/\/fmp-components.com\/wp-content\/uploads\/2024\/12\/Sanitation-Machinery-Locking-Hydraulic-Cylinder-factory.webp\" alt=\"Sanit\u0101rijas-ma\u0161\u012bnu-blo\u0137\u0113\u0161anas-hidraulisko-cilindru-fabrika\" width=\"1414\" height=\"584\" title=\"\" srcset=\"https:\/\/fmp-components.com\/wp-content\/uploads\/2024\/12\/Sanitation-Machinery-Locking-Hydraulic-Cylinder-factory.webp 1414w, https:\/\/fmp-components.com\/wp-content\/uploads\/2024\/12\/Sanitation-Machinery-Locking-Hydraulic-Cylinder-factory-1280x529.webp 1280w, https:\/\/fmp-components.com\/wp-content\/uploads\/2024\/12\/Sanitation-Machinery-Locking-Hydraulic-Cylinder-factory-980x405.webp 980w, https:\/\/fmp-components.com\/wp-content\/uploads\/2024\/12\/Sanitation-Machinery-Locking-Hydraulic-Cylinder-factory-480x198.webp 480w\" sizes=\"(min-width: 0px) and (max-width: 480px) 480px, (min-width: 481px) and (max-width: 980px) 980px, (min-width: 981px) and (max-width: 1280px) 1280px, (min-width: 1281px) 1414px, 100vw\" \/><\/p>\n<p>Autors: CX<\/p>","protected":false},"excerpt":{"rendered":"<p>Sanit\u0101rijas iek\u0101rtu blo\u0137\u0113\u0161anas hidrauliskais cilindrs ir b\u016btiska sast\u0101vda\u013ca, kas paredz\u0113ta, lai nodro\u0161in\u0101tu sanit\u0101rijas iek\u0101rtu, piem\u0113ram, atkritumu ma\u0161\u012bnu un ielu t\u012br\u012bt\u0101ju, dro\u0161u darb\u012bbu. \u0160is hidrauliskais cilindrs nodro\u0161ina uzticamus blo\u0137\u0113\u0161anas meh\u0101nismus, kas uztur iek\u0101rtu stabilit\u0101ti un dro\u0161\u012bbu ekspluat\u0101cijas un transport\u0113\u0161anas laik\u0101. Izgatavots no augstas iztur\u012bbas materi\u0101liem, tas ir paredz\u0113ts, lai iztur\u0113tu skarbas darba vides pras\u012bbas, nodro\u0161inot iztur\u012bbu un ilgm\u016b\u017e\u012bbu. Efekt\u012bv\u0101 hidraulisk\u0101 konstrukcija nodro\u0161ina vienm\u0113r\u012bgu darb\u012bbu, \u013caujot \u0101tri iesl\u0113gt un atsl\u0113gt blo\u0137\u0113\u0161anas sist\u0113mu. \u0160is blo\u0137\u0113\u0161anas hidrauliskais cilindrs ir b\u016btisks dro\u0161\u012bbas un efektivit\u0101tes uzlabo\u0161anai, un tas ir \u013coti svar\u012bgs sanit\u0101rijas iek\u0101rtu efekt\u012bvai darb\u012bbai.<\/p>","protected":false},"featured_media":421,"comment_status":"open","ping_status":"closed","template":"","meta":{"_et_pb_use_builder":"","_et_pb_old_content":"","_et_gb_content_width":""},"product_brand":[],"product_cat":[23],"product_tag":[],"class_list":{"0":"post-420","1":"product","2":"type-product","3":"status-publish","4":"has-post-thumbnail","6":"product_cat-sanitation-machinery-hydraulic-cylinders","8":"first","9":"instock","10":"shipping-taxable","11":"product-type-simple"},"_links":{"self":[{"href":"https:\/\/fmp-components.com\/lv\/wp-json\/wp\/v2\/product\/420","targetHints":{"allow":["GET"]}}],"collection":[{"href":"https:\/\/fmp-components.com\/lv\/wp-json\/wp\/v2\/product"}],"about":[{"href":"https:\/\/fmp-components.com\/lv\/wp-json\/wp\/v2\/types\/product"}],"replies":[{"embeddable":true,"href":"https:\/\/fmp-components.com\/lv\/wp-json\/wp\/v2\/comments?post=420"}],"wp:featuredmedia":[{"embeddable":true,"href":"https:\/\/fmp-components.com\/lv\/wp-json\/wp\/v2\/media\/421"}],"wp:attachment":[{"href":"https:\/\/fmp-components.com\/lv\/wp-json\/wp\/v2\/media?parent=420"}],"wp:term":[{"taxonomy":"product_brand","embeddable":true,"href":"https:\/\/fmp-components.com\/lv\/wp-json\/wp\/v2\/product_brand?post=420"},{"taxonomy":"product_cat","embeddable":true,"href":"https:\/\/fmp-components.com\/lv\/wp-json\/wp\/v2\/product_cat?post=420"},{"taxonomy":"product_tag","embeddable":true,"href":"https:\/\/fmp-components.com\/lv\/wp-json\/wp\/v2\/product_tag?post=420"}],"curies":[{"name":"wp","href":"https:\/\/api.w.org\/{rel}","templated":true}]}}