{"id":411,"date":"2024-12-10T03:31:52","date_gmt":"2024-12-10T03:31:52","guid":{"rendered":"https:\/\/fmp-components.com\/?page_id=8"},"modified":"2024-12-10T03:51:35","modified_gmt":"2024-12-10T03:51:35","slug":"boom-aerial-work-vehicle-steering-hydraulic-cylinder","status":"publish","type":"product","link":"https:\/\/fmp-components.com\/lv\/product\/boom-aerial-work-vehicle-steering-hydraulic-cylinder\/","title":{"rendered":"Str\u0113les pac\u0113l\u0101ja transportl\u012bdzek\u013ca st\u016bres hidrauliskais cilindrs"},"content":{"rendered":"<p style=\"text-align: center;\"><span style=\"font-size: 18pt;\">Str\u0113les pac\u0113l\u0101ja transportl\u012bdzek\u013ca st\u016bres hidrauliskais cilindrs<\/span><\/p>\n<p>Str\u0113les pac\u0113l\u0101ja transportl\u012bdzek\u013ca st\u016bres hidrauliskais cilindrs ir b\u016btiska sast\u0101vda\u013ca, kas paredz\u0113ta, lai uzlabotu pac\u0113l\u0101ju manevr\u0113tsp\u0113ju un vad\u012bbu. \u0160is hidrauliskais cilindrs nodro\u0161ina prec\u012bzas st\u016br\u0113\u0161anas iesp\u0113jas, \u013caujot operatoriem viegli p\u0101rvietoties \u0161aur\u0101s telp\u0101s un prec\u012bzi pozicion\u0113t pac\u0113l\u0101ju da\u017e\u0101du darbu laik\u0101.<\/p>\n<h2><img loading=\"lazy\" decoding=\"async\" class=\"size-full wp-image-416 aligncenter\" src=\"https:\/\/fmp-components.com\/wp-content\/uploads\/2024\/12\/Boom-Aerial-Work-Vehicle-Steering-Hydraulic-Cylinder.webp\" alt=\"Str\u0113les pac\u0113l\u0101ja transportl\u012bdzek\u013ca st\u016bres hidrauliskais cilindrs\" width=\"500\" height=\"500\" title=\"\" srcset=\"https:\/\/fmp-components.com\/wp-content\/uploads\/2024\/12\/Boom-Aerial-Work-Vehicle-Steering-Hydraulic-Cylinder.webp 500w, https:\/\/fmp-components.com\/wp-content\/uploads\/2024\/12\/Boom-Aerial-Work-Vehicle-Steering-Hydraulic-Cylinder-480x480.webp 480w\" sizes=\"(min-width: 0px) and (max-width: 480px) 480px, (min-width: 481px) 500px, 100vw\" \/><\/h2>\n<h4>Galven\u0101s iez\u012bmes:<\/h4>\n<ul>\n<li>Vienm\u0113r\u012bga st\u016br\u0113\u0161anas vad\u012bba: Hidrauliskais cilindrs nodro\u0161ina atsauc\u012bgu un vienm\u0113r\u012bgu st\u016br\u0113\u0161anu, \u013caujot veikt prec\u012bzas regul\u0113\u0161anas un izcilu vad\u0101m\u012bbu, p\u0101rvietojoties sare\u017e\u0123\u012bt\u0101s darba vid\u0113s.<\/li>\n<li>Iztur\u012bga konstrukcija: \u0160is st\u016bres hidrauliskais cilindrs ir izgatavots no augstas iztur\u012bbas materi\u0101liem, lai iztur\u0113tu sare\u017e\u0123\u012btus ekspluat\u0101cijas apst\u0101k\u013cus, nodro\u0161inot ilgsto\u0161u veiktsp\u0113ju un uzticam\u012bbu.<\/li>\n<li>Efekt\u012bva hidraulisk\u0101 sist\u0113ma: Uzlabot\u0101 hidraulisk\u0101 konstrukcija maksim\u0101li palielina veiktsp\u0113ju, vienlaikus samazinot ener\u0123ijas zudumus, t\u0101d\u0113j\u0101di veicinot rentablu darb\u012bbu un uzlabojot kop\u0113jo efektivit\u0101ti.<\/li>\n<li>Dro\u0161\u012bbas uzlabojumi: Apr\u012bkots ar dro\u0161\u012bbas funkcij\u0101m, kas nov\u0113r\u0161 p\u0101rst\u016br\u0113\u0161anu un nodro\u0161ina stabilit\u0101ti, cilindrs pal\u012bdz saglab\u0101t kontroli darb\u012bbas laik\u0101, samazinot negad\u012bjumu risku.<\/li>\n<li>Daudzpus\u012bgs pielietojums: \u0160is st\u016bres hidrauliskais cilindrs, kas ir piem\u0113rots da\u017e\u0101diem uzdevumiem b\u016bvniec\u012bbas, apkopes un komun\u0101lo pakalpojumu nozar\u0113s, ir b\u016btisks, lai maksim\u0101li palielin\u0101tu str\u0113les pac\u0113l\u0101ju efektivit\u0101ti.<\/li>\n<\/ul>\n<p>Str\u0113les pac\u0113l\u0101ja transportl\u012bdzek\u013ca st\u016bres hidrauliskais cilindrs ir izstr\u0101d\u0101ts, lai uzlabotu manevr\u0113tsp\u0113ju, dro\u0161\u012bbu un kop\u0113jo veiktsp\u0113ju, padarot to par neaizst\u0101jamu instrumentu da\u017e\u0101du nozaru operatoriem, kuriem nepiecie\u0161ami paaugstin\u0101tas piek\u013cuves risin\u0101jumi.<\/p>\n<h2>Str\u0113les pac\u0113l\u0101ja darba transportl\u012bdzek\u013ca st\u016bres hidraulisk\u0101 cilindra izm\u0113ri:<\/h2>\n<table>\n<tbody>\n<tr>\n<td>\n<h2><img loading=\"lazy\" decoding=\"async\" class=\"alignnone size-full wp-image-414\" src=\"https:\/\/fmp-components.com\/wp-content\/uploads\/2024\/12\/Boom-Aerial-Work-Vehicle-Steering-Hydraulic-Cylinder-Dimensions-1.webp\" alt=\"Str\u0113les-An\u0101l\u0101s-Darba-Transportl\u012bdzek\u013ca-St\u016bres-Hidraulisk\u0101-Cilindra-Izm\u0113ri\" width=\"980\" height=\"390\" title=\"\" srcset=\"https:\/\/fmp-components.com\/wp-content\/uploads\/2024\/12\/Boom-Aerial-Work-Vehicle-Steering-Hydraulic-Cylinder-Dimensions-1.webp 980w, https:\/\/fmp-components.com\/wp-content\/uploads\/2024\/12\/Boom-Aerial-Work-Vehicle-Steering-Hydraulic-Cylinder-Dimensions-1-480x191.webp 480w\" sizes=\"(min-width: 0px) and (max-width: 480px) 480px, (min-width: 481px) 980px, 100vw\" \/><\/h2>\n<\/td>\n<td>\n<h2><img loading=\"lazy\" decoding=\"async\" class=\"alignnone size-full wp-image-415\" src=\"https:\/\/fmp-components.com\/wp-content\/uploads\/2024\/12\/Boom-Aerial-Work-Vehicle-Steering-Hydraulic-Cylinder-Dimensions-2.webp\" alt=\"Str\u0113les-An\u0101l\u0101s-Darba-Transportl\u012bdzek\u013ca-St\u016bres-Hidraulisk\u0101-Cilindra-Izm\u0113ri-2\" width=\"980\" height=\"390\" title=\"\" srcset=\"https:\/\/fmp-components.com\/wp-content\/uploads\/2024\/12\/Boom-Aerial-Work-Vehicle-Steering-Hydraulic-Cylinder-Dimensions-2.webp 980w, https:\/\/fmp-components.com\/wp-content\/uploads\/2024\/12\/Boom-Aerial-Work-Vehicle-Steering-Hydraulic-Cylinder-Dimensions-2-480x191.webp 480w\" sizes=\"(min-width: 0px) and (max-width: 480px) 480px, (min-width: 481px) 980px, 100vw\" \/><\/h2>\n<\/td>\n<\/tr>\n<\/tbody>\n<\/table>\n<table style=\"width: 100%; height: 130px;\" border=\"1\" cellspacing=\"0\" cellpadding=\"0\">\n<tbody>\n<tr style=\"height: 71px;\">\n<td style=\"height: 71px;\" width=\"246\">Cilindra nosaukums<\/td>\n<td style=\"height: 71px;\" width=\"336\">Z\u012bm\u0113juma numurs<\/td>\n<td style=\"height: 71px;\" width=\"126\">Urbuma diametrs (D)<\/td>\n<td style=\"height: 71px;\" width=\"123\">Stie\u0146a diametrs (d)<\/td>\n<td style=\"height: 71px;\" width=\"114\">G\u0101jiens (S)<\/td>\n<td style=\"height: 71px;\" width=\"170\">Uzst\u0101d\u012b\u0161anas att\u0101lums (L)<\/td>\n<td style=\"height: 71px;\" width=\"172\">Darba spiediens<\/td>\n<td style=\"height: 71px;\" width=\"366\">Saskarnes izm\u0113ri (M)<\/td>\n<td style=\"height: 71px;\" width=\"96\">Svars<\/td>\n<\/tr>\n<tr style=\"height: 59px;\">\n<td class=\"et3\" style=\"height: 59px;\" width=\"246\" height=\"214\">St\u016bres cilindrs<\/td>\n<td class=\"et4\" style=\"height: 59px;\" width=\"336\">GTHZ210C-620100-000<\/td>\n<td class=\"et4\" style=\"height: 59px;\" width=\"126\">\u03a663<\/td>\n<td class=\"et4\" style=\"height: 59px;\" width=\"123\">\u03a635<\/td>\n<td class=\"et4\" style=\"height: 59px;\" width=\"114\">320<\/td>\n<td class=\"et4\" style=\"height: 59px;\" width=\"170\">540<\/td>\n<td class=\"et4\" style=\"height: 59px;\" width=\"172\">21MPa<\/td>\n<td class=\"et4\" style=\"height: 59px;\" width=\"366\">2-M14*1.5<\/td>\n<td class=\"et4\" style=\"height: 59px;\" width=\"96\">13 kg<\/td>\n<\/tr>\n<\/tbody>\n<\/table>\n<h2>Str\u0113les pac\u0113l\u0101ja darba transportl\u012bdzek\u013ca st\u016bres hidraulisk\u0101 cilindra parametrs:<\/h2>\n<table border=\"1\" width=\"100%\" cellspacing=\"0\" cellpadding=\"0\">\n<tbody>\n<tr>\n<td width=\"70\">Prece<\/td>\n<td width=\"70\">Apraksts<\/td>\n<\/tr>\n<tr>\n<td width=\"70\">Produkta nosaukums<\/td>\n<td width=\"70\">St\u016bres hidrauliskais cilindrs<\/td>\n<\/tr>\n<tr>\n<td width=\"70\">Pieteikums<\/td>\n<td width=\"70\">Str\u0113les gaisa darba transportl\u012bdzeklis<\/td>\n<\/tr>\n<tr>\n<td width=\"70\">Materi\u0101ls<\/td>\n<td width=\"70\">20#\/45#, Q345B, 40Cr t\u0113rauds<\/td>\n<\/tr>\n<tr>\n<td width=\"70\">Aktierm\u0101kslas tips<\/td>\n<td width=\"70\">Divk\u0101r\u0161as darb\u012bbas Vienk\u0101r\u0161as darb\u012bbas<\/td>\n<\/tr>\n<tr>\n<td width=\"70\">Galven\u0101s sast\u0101vda\u013cas<\/td>\n<td width=\"70\">Virzu\u013ca stienis, virzulis<\/td>\n<\/tr>\n<tr>\n<td width=\"70\">Sertifik\u0101ts:<\/td>\n<td width=\"70\">ISO9001, ISO4001, ISO 45003<\/td>\n<\/tr>\n<tr>\n<td width=\"70\">Ra\u017eo\u0161anas jauda:<\/td>\n<td width=\"70\">1200 000 gab. gad\u0101<\/td>\n<\/tr>\n<tr>\n<td width=\"70\">Parauga laiks<\/td>\n<td width=\"70\">Pamatojoties uz faktisko tipu<\/td>\n<\/tr>\n<tr>\n<td width=\"70\">Z\u012bmols<\/td>\n<td width=\"70\">FMP vai klienta logotips<\/td>\n<\/tr>\n<tr>\n<td width=\"70\">Pakalpojums<\/td>\n<td width=\"70\">OEM un ODM<\/td>\n<\/tr>\n<tr>\n<td width=\"70\">Seal z\u012bmols<\/td>\n<td width=\"70\">P\u0101rkers, NOK, Busaks \u0160ambans<\/td>\n<\/tr>\n<tr>\n<td width=\"70\">Pieg\u0101des laiks<\/td>\n<td width=\"70\">Pamatojoties uz pas\u016bt\u012bjuma daudzumu.<\/td>\n<\/tr>\n<tr>\n<td width=\"70\">Uz\u0146\u0113m\u0113jdarb\u012bbas veids<\/td>\n<td width=\"70\">Ra\u017eot\u0101js un eksport\u0113t\u0101js<\/td>\n<\/tr>\n<\/tbody>\n<\/table>\n<h2>Pieejamie hidrauliskie cilindri Z\u012bmols un mode\u013ci:<\/h2>\n<table style=\"width: 100%;\" border=\"1\" cellspacing=\"0\" cellpadding=\"0\">\n<tbody>\n<tr>\n<td style=\"width: 11.2661%;\"><b data-spm-anchor-id=\"a2700.details.0.i43.45d84a73e99C9z\">KOMATSU (PC)<\/b><\/td>\n<td style=\"width: 88.6266%;\">PC30, PC40, PC50, PC56, PC60, PC78, PC100, PC110, PC120, PC130, PC160, PC200-3\/5\/6\/7\/8\/8MO, PC210, PC220-5\/6\/7\/8\/8MO, PC240, PC300\/350\/360-5\/6\/7\/8\/8MO, PC400\/450-5\/6\/7\/8\/8MO, PC800, PC850<\/td>\n<\/tr>\n<tr>\n<td style=\"width: 11.2661%;\"><b>K\u0100P\u0112RS (E)<\/b><\/td>\n<td style=\"width: 88.6266%;\">E301.5, E302, E305.5, E306, E307V1\/V2\/B\/C\/D\/E\/F, E308B\/C, E120B, E312V1\/V2\/B\/C\/D, E313D2, E312D2, E315D,<br \/>\nE200B,E320V1\/V2\/A\/B\/C\/D,E324D,E325C\/D,E329D,E330\/336C\/D,E345C,E349D,E365C,E374,E390<\/td>\n<\/tr>\n<tr>\n<td style=\"width: 11.2661%;\"><b>KOBELCO (SK)<\/b><\/td>\n<td style=\"width: 88.6266%;\">SK60-3\/5\/8, SK75-8\/SR, SK100 ,SK120-3\/5, SK135-8\/SR, SK140-8, SK200-3\/5\/6\/6E, SK210-3\/5\/6\/6E,<br \/>\nSK230\/250-6E,SK250-8,SK260-8,SK350-8\/S8,SK460\/480-8<\/td>\n<\/tr>\n<tr>\n<td style=\"width: 11.2661%;\"><b>HYUNDAI (R)<\/b><\/td>\n<td style=\"width: 88.6266%;\">R55-5\/7, R60-5\/7, R80, R110, R130, R200-5, R210-5, R215-5\/7, R220-5\/7\/9, R225-5\/7\/9, R250, R260, R265, R290, R305, R445, R485, R505<\/td>\n<\/tr>\n<tr>\n<td style=\"width: 11.2661%;\"><b data-spm-anchor-id=\"a2700.details.0.i53.45d84a73e99C9z\">HITACHI (EX.ZX)<\/b><\/td>\n<td style=\"width: 88.6266%;\">EX60, EX100-1\/2\/3, EX120-1\/3\/5\/6, EX200-1\/3\/5, EX230-5, EX300-1, EX400<br \/>\nZAX60, ZAX70, ZA120-6, ZAX200\/210-1\/3\/5\/5K, ZAX240, ZAX250, ZAX260, ZAX330-3\/5\/6, ZAX450\/470, ZAX650\/670, ZAX850\/870<\/td>\n<\/tr>\n<tr>\n<td style=\"width: 11.2661%;\">\n<div class=\"magic-32\"><b data-spm-anchor-id=\"a2700.details.0.i55.45d84a73e99C9z\">DOOSAN (DH\/DX)<\/b><\/div>\n<\/td>\n<td style=\"width: 88.6266%;\">\n<div class=\"magic-33\"><span class=\"magic-34\">DH55, DH60, DH80, DH150, DH215-5\/7, DH220-5, DH225-5\/7, DH258, DH300-5\/7, DH370, DH420, DH500<br \/>\nDX55, DX60, DX75, DX130, DX225-9, DX300, DX380, DX420, DX500<\/span><\/div>\n<\/td>\n<\/tr>\n<tr>\n<td style=\"width: 11.2661%;\">\n<div class=\"magic-32\"><b>VOLVO (EK)<\/b><\/div>\n<\/td>\n<td style=\"width: 88.6266%;\">\n<div class=\"magic-33\"><span class=\"magic-34\">EC55, EC60, EC75, EC80, EC140, EC210B\/D, EC220D, EC240, EC250, EC290, EC300, EC360, EC380, EC460, EC480, EC700, EC750, EC950<\/span><\/div>\n<\/td>\n<\/tr>\n<tr>\n<td style=\"width: 11.2661%;\">\n<div class=\"magic-32\"><b>KATO (HD)<\/b><\/div>\n<\/td>\n<td style=\"width: 88.6266%;\">\n<div class=\"magic-33\"><span class=\"magic-34\">HD307\/308, HD450, HD512, HD700-5\/7, HD820-1\/2\/3\/5\/R, HD1023-1\/3, HD1430-1\/3<\/span><\/div>\n<\/td>\n<\/tr>\n<tr>\n<td style=\"width: 11.2661%;\">\n<div class=\"magic-32\"><b>CITS Z\u012aMOLS<\/b><\/div>\n<\/td>\n<td style=\"width: 88.6266%;\">\n<div class=\"magic-33\"><span class=\"magic-34\">XCMG,LIUGONG,KUBOTA,CASE,YANMAR,SUNWARD,ZOOMLION,LISHIDE,LIEHERR<\/span><\/div>\n<\/td>\n<\/tr>\n<\/tbody>\n<\/table>\n<h3>Str\u0113les gaisa darba transportl\u012bdzek\u013ca st\u016bres hidraulisk\u0101 cilindra princips<\/h3>\n<p>Str\u0113les pac\u0113l\u0101ja transportl\u012bdzek\u013ca st\u016bres hidrauliskais cilindrs darbojas, pamatojoties uz hidraulikas principiem, izmantojot \u0161\u0137idruma spiedienu, lai rad\u012btu kust\u012bbu un sp\u0113ku transportl\u012bdzek\u013ca st\u016br\u0113\u0161anai. \u0160eit ir aprakst\u012bts, k\u0101 tas darbojas:<\/p>\n<h4>1. Hidraulisk\u0101 \u0161\u0137idruma dinamika<\/h4>\n<p>Cilindr\u0101 ir hidrauliskais \u0161\u0137idrums, parasti e\u013c\u013ca, ko izmanto jaudas p\u0101rvadei. Kad operators iesl\u0113dz st\u016bres vad\u012bbas ier\u012bci, s\u016bknis ievada hidraulisko \u0161\u0137idrumu cilindr\u0101.<\/p>\n<h4>2. Virzu\u013ca kust\u012bba<\/h4>\n<p>Cilindra iek\u0161pus\u0113 ir novietots virzulis, kas sadala cilindru div\u0101s kamer\u0101s. Hidrauliskajam \u0161\u0137idrumam iepl\u016bstot vien\u0101 kamer\u0101, tas nospie\u017e virzuli, izraisot t\u0101 kust\u012bbu. \u0160\u012b kust\u012bba p\u0101rv\u0113r\u0161as transportl\u012bdzek\u013ca st\u016br\u0113\u0161anas darb\u012bb\u0101.<\/p>\n<h4>3. \u0160\u0137idruma spiediena regul\u0113\u0161ana<\/h4>\n<p>Hidraulisk\u0101 \u0161\u0137idruma daudzums un t\u0101 spiediens tiek regul\u0113ti, lai kontrol\u0113tu virzu\u013ca kust\u012bbas \u0101trumu un sp\u0113ku. Regul\u0113jot \u0161\u0137idruma pl\u016bsmu, operators var pan\u0101kt prec\u012bzas st\u016br\u0113\u0161anas reakcijas, nodro\u0161inot vienm\u0113r\u012bgu un prec\u012bzu manevr\u0113\u0161anu.<\/p>\n<h4>4. Atgrie\u0161anas meh\u0101nisms<\/h4>\n<p>Kad ir sasniegts v\u0113lamais st\u016br\u0113\u0161anas le\u0146\u0137is, hidrauliskais \u0161\u0137idrums tiek novirz\u012bts atpaka\u013c uz rezervu\u0101ru, \u013caujot virzulim atgriezties s\u0101kotn\u0113j\u0101 poz\u012bcij\u0101. \u0160\u012b atgrie\u0161an\u0101s darb\u012bba ir b\u016btiska st\u016bres meh\u0101nisma atiestat\u012b\u0161anai un sagatavo\u0161an\u0101s n\u0101kamajam manevram.<\/p>\n<h4>5. Dro\u0161\u012bbas funkcijas<\/h4>\n<p>Daudziem st\u016bres hidrauliskajiem cilindriem ir dro\u0161\u012bbas meh\u0101nismi, piem\u0113ram, spiediena samazin\u0101\u0161anas v\u0101rsti, kas nov\u0113r\u0161 p\u0101rslodzi un nodro\u0161ina stabilu darb\u012bbu. \u0160\u012bs funkcijas pal\u012bdz saglab\u0101t kontroli un nov\u0113rst negad\u012bjumus transportl\u012bdzek\u013ca vad\u012b\u0161anas laik\u0101.<\/p>\n<p>St\u016bres hidraulisk\u0101 cilindra efekt\u012bv\u0101 hidraulisko principu izmanto\u0161ana nodro\u0161ina prec\u012bzu str\u0113les pacel\u0161anas transportl\u012bdzek\u013cu vad\u012bbu un manevr\u0113tsp\u0113ju. P\u0101rveidojot hidraulisko spiedienu line\u0101r\u0101 kust\u012bb\u0101, tas \u013cauj operatoriem dro\u0161i un efekt\u012bvi p\u0101rvietoties sare\u017e\u0123\u012bt\u0101s vid\u0113s, padarot to par b\u016btisku sast\u0101vda\u013cu pacel\u0161an\u0101s transportl\u012bdzek\u013cu pielietojumos.<\/p>\n<h2>Par FMP<\/h2>\n<p>FMP ir specializ\u0113ts hidraulisko cilindru ra\u017eot\u0101js, kas ir paz\u012bstams ar savu sp\u0113c\u012bgo uzsvaru uz p\u0113tniec\u012bbu un ra\u017eo\u0161anas izcil\u012bbu. Kop\u0161 dibin\u0101\u0161anas uz\u0146\u0113mums ir velt\u012bjis sevi hidraulisko cilindru tehnolo\u0123iju nep\u0101rtrauktai att\u012bst\u012bbai. S\u0101kotn\u0113ji FMP ra\u017eoja da\u017e\u0101dus produktus ra\u017eas nov\u0101k\u0161anas un celtniec\u012bbas tehnikai; tom\u0113r kop\u0161 t\u0101 laika tas ir \u012bpa\u0161i koncentr\u0113jies uz lauksaimniec\u012bbas traktoru deta\u013c\u0101m.<\/p>\n<p>Ar vair\u0101k nek\u0101 desmit gadu ra\u017eo\u0161anas pieredzi FMP apvieno pla\u0161u vad\u012bbas pieredzi ar progres\u012bv\u0101m ra\u017eo\u0161anas tehnolo\u0123ij\u0101m, lai nodro\u0161in\u0101tu augst\u0101kos kvalit\u0101tes standartus savos produktos. Uz\u0146\u0113mums ir izveidojis visaptvero\u0161u apstr\u0101des ra\u017eo\u0161anas l\u012bniju, mont\u0101\u017eas l\u012bniju un p\u0101rkl\u0101\u0161anas l\u012bniju, kas \u013cauj tam nodro\u0161in\u0101t uzticamus un efekt\u012bvus ra\u017eo\u0161anas procesus.<\/p>\n<p>FMP izaugsmi ir atbalst\u012bjusi \u012bpa\u0161a komanda, kur\u0101 ir pieredz\u0113ju\u0161i vad\u012bbas darbinieki, prasm\u012bgi meh\u0101niskie konstruktori un augsti kvalific\u0113ti tehni\u0137i. \u0160\u012b sadarb\u012bbas pieeja nodro\u0161ina nemain\u012bgu produktu kvalit\u0101ti un efekt\u012bvi p\u0101rvalda procesu nep\u0101rtraukt\u012bbu, uzlabojot kop\u0113jo ra\u017eo\u0161anas efektivit\u0101ti.<\/p>\n<p>FMP filozofijas pamat\u0101 ir v\u0113rt\u012bbas \u201cTehnolo\u0123isk\u0101s inov\u0101cijas virza progresu\u201d, \u201cKvalit\u0101te rada z\u012bmolus\u201d, \u201cMeistar\u012bba nodro\u0161ina kvalit\u0101ti\u201d un \u201cIlgtermi\u0146a, abpus\u0113ji izdev\u012bgu attiec\u012bbu veido\u0161ana\u201d. Uz\u0146\u0113mums ir ap\u0146\u0113mies nodro\u0161in\u0101t augstas kvalit\u0101tes produktus, vienlaikus sniedzot izcilu klientu apkalpo\u0161anu. FMP past\u0101v\u012bgi cen\u0161as piel\u0101goties main\u012bgaj\u0101m tirgus vajadz\u012bb\u0101m, pozicion\u0113jot sevi k\u0101 uzticamu partneri lauksaimniec\u012bbas tehnikas nozar\u0113. Ar savu ap\u0146em\u0161anos nodro\u0161in\u0101t inov\u0101cijas un kvalit\u0101ti FMP m\u0113r\u0137is ir sniegt iev\u0113rojamu ieguld\u012bjumu hidraulisk\u0101s tehnolo\u0123ijas att\u012bst\u012bb\u0101 lauksaimniec\u012bbas nozar\u0113.<\/p>\n<p><img loading=\"lazy\" decoding=\"async\" class=\"alignnone wp-image-359\" src=\"https:\/\/fmp-components.com\/wp-content\/uploads\/2024\/12\/fmp-factory-3.webp\" sizes=\"(min-width: 0px) and (max-width: 480px) 480px, (min-width: 481px) 914px, 100vw\" srcset=\"https:\/\/fmp-components.com\/wp-content\/uploads\/2024\/12\/fmp-factory-3.webp 914w, https:\/\/fmp-components.com\/wp-content\/uploads\/2024\/12\/fmp-factory-3-480x321.webp 480w\" alt=\"fmp-factory\" width=\"914\" height=\"612\" title=\"\"><\/p>\n<p>Autors: CX<\/p>","protected":false},"excerpt":{"rendered":"<p>Str\u0113les pac\u0113l\u0101ja transportl\u012bdzek\u013ca st\u016bres hidrauliskais cilindrs ir b\u016btiska sast\u0101vda\u013ca, kas paredz\u0113ta prec\u012bzas st\u016br\u0113\u0161anas vad\u012bbas nodro\u0161in\u0101\u0161anai pac\u0113l\u0101jiem. \u0160is hidrauliskais cilindrs nodro\u0161ina vienm\u0113r\u012bgu un atsauc\u012bgu manevr\u0113tsp\u0113ju, \u013caujot operatoriem p\u0101rvietoties \u0161aur\u0101s telp\u0101s un prec\u012bzi novietot transportl\u012bdzekli da\u017e\u0101du uzdevumu laik\u0101. Izgatavots no augstas stipr\u012bbas materi\u0101liem, tas nodro\u0161ina iztur\u012bbu un uzticam\u012bbu sare\u017e\u0123\u012btos apst\u0101k\u013cos. Efekt\u012bv\u0101 hidraulisk\u0101 sist\u0113ma ne tikai uzlabo st\u016br\u0113\u0161anas veiktsp\u0113ju, bet ar\u012b veicina visp\u0101r\u0113jo ekspluat\u0101cijas dro\u0161\u012bbu. Pateicoties sp\u0113jai atvieglot navig\u0101ciju, \u0161is st\u016bres hidrauliskais cilindrs ir \u013coti svar\u012bgs, lai maksim\u0101li palielin\u0101tu str\u0113les pac\u0113l\u0101ju efektivit\u0101ti b\u016bvniec\u012bbas, apkopes un komun\u0101lo pakalpojumu jom\u0101.<\/p>","protected":false},"featured_media":416,"comment_status":"open","ping_status":"closed","template":"","meta":{"_et_pb_use_builder":"","_et_pb_old_content":"","_et_gb_content_width":""},"product_brand":[],"product_cat":[22],"product_tag":[],"class_list":{"0":"post-411","1":"product","2":"type-product","3":"status-publish","4":"has-post-thumbnail","6":"product_cat-aerial-work-vehicle-hydraulic-cylinders","8":"first","9":"instock","10":"shipping-taxable","11":"product-type-simple"},"_links":{"self":[{"href":"https:\/\/fmp-components.com\/lv\/wp-json\/wp\/v2\/product\/411","targetHints":{"allow":["GET"]}}],"collection":[{"href":"https:\/\/fmp-components.com\/lv\/wp-json\/wp\/v2\/product"}],"about":[{"href":"https:\/\/fmp-components.com\/lv\/wp-json\/wp\/v2\/types\/product"}],"replies":[{"embeddable":true,"href":"https:\/\/fmp-components.com\/lv\/wp-json\/wp\/v2\/comments?post=411"}],"wp:featuredmedia":[{"embeddable":true,"href":"https:\/\/fmp-components.com\/lv\/wp-json\/wp\/v2\/media\/416"}],"wp:attachment":[{"href":"https:\/\/fmp-components.com\/lv\/wp-json\/wp\/v2\/media?parent=411"}],"wp:term":[{"taxonomy":"product_brand","embeddable":true,"href":"https:\/\/fmp-components.com\/lv\/wp-json\/wp\/v2\/product_brand?post=411"},{"taxonomy":"product_cat","embeddable":true,"href":"https:\/\/fmp-components.com\/lv\/wp-json\/wp\/v2\/product_cat?post=411"},{"taxonomy":"product_tag","embeddable":true,"href":"https:\/\/fmp-components.com\/lv\/wp-json\/wp\/v2\/product_tag?post=411"}],"curies":[{"name":"wp","href":"https:\/\/api.w.org\/{rel}","templated":true}]}}