{"id":397,"date":"2024-12-10T02:38:22","date_gmt":"2024-12-10T02:38:22","guid":{"rendered":"https:\/\/fmp-components.com\/?page_id=8"},"modified":"2024-12-10T02:54:39","modified_gmt":"2024-12-10T02:54:39","slug":"scissor-fork-aerial-work-vehicle-lifting-hydraulic-cylinder","status":"publish","type":"product","link":"https:\/\/fmp-components.com\/lv\/product\/scissor-fork-aerial-work-vehicle-lifting-hydraulic-cylinder\/","title":{"rendered":"\u0160\u0137\u0113rveida dak\u0161as gaisa darba transportl\u012bdzek\u013ca pacel\u0161anas hidrauliskais cilindrs"},"content":{"rendered":"<p style=\"text-align: center;\"><span style=\"font-size: 18pt;\">\u0160\u0137\u0113rveida dak\u0161as gaisa darba transportl\u012bdzek\u013ca pacel\u0161anas hidrauliskais cilindrs<\/span><\/p>\n<p>\u0160\u0137\u0113rveida dak\u0161u pac\u0113l\u0101ju hidrauliskais cilindrs ir b\u016btiska sast\u0101vda\u013ca, kas paredz\u0113ta, lai nodro\u0161in\u0101tu uzticamu pacel\u0161anas jaudu \u0161\u0137\u0113rveida pac\u0113l\u0101ju platform\u0101m. \u0160is hidrauliskais cilindrs ir izstr\u0101d\u0101ts optim\u0101lai veiktsp\u0113jai, nodro\u0161inot vienm\u0113r\u012bgu un kontrol\u0113tu pac\u0113l\u0101ja pacel\u0161anu, kas ir \u013coti svar\u012bgi, lai dro\u0161i un efekt\u012bvi piek\u013c\u016btu pacelt\u0101m darba zon\u0101m.<\/p>\n<p><img loading=\"lazy\" decoding=\"async\" class=\"size-full wp-image-407 aligncenter\" src=\"https:\/\/fmp-components.com\/wp-content\/uploads\/2024\/12\/Scissor-Fork-Aerial-Work-Vehicle-Lifting-Hydraulic-Cylinder.webp\" alt=\"\u0160\u0137\u0113rveida dak\u0161as gaisa darba transportl\u012bdzek\u013ca pacel\u0161anas hidrauliskais cilindrs\" width=\"500\" height=\"500\" title=\"\" srcset=\"https:\/\/fmp-components.com\/wp-content\/uploads\/2024\/12\/Scissor-Fork-Aerial-Work-Vehicle-Lifting-Hydraulic-Cylinder.webp 500w, https:\/\/fmp-components.com\/wp-content\/uploads\/2024\/12\/Scissor-Fork-Aerial-Work-Vehicle-Lifting-Hydraulic-Cylinder-480x480.webp 480w\" sizes=\"(min-width: 0px) and (max-width: 480px) 480px, (min-width: 481px) 500px, 100vw\" \/><\/p>\n<h4>Galven\u0101s iez\u012bmes:<\/h4>\n<ul>\n<li>Iztur\u012bga konstrukcija: \u0160is pacel\u0161anas hidrauliskais cilindrs ir izgatavots no augstas iztur\u012bbas materi\u0101liem, lai iztur\u0113tu lielas slodzes un skarbus darba apst\u0101k\u013cus, nodro\u0161inot iztur\u012bbu un ilgsto\u0161u veiktsp\u0113ju.<\/li>\n<li>Vienm\u0113r\u012bga hidraulisk\u0101 darb\u012bba: Uzlabot\u0101 hidraulisk\u0101 sist\u0113ma nodro\u0161ina vienm\u0113r\u012bgas pacel\u0161anas un nolai\u0161anas darb\u012bbas, nodro\u0161inot operatoriem prec\u012bzu platformas augstuma kontroli da\u017e\u0101du uzdevumu laik\u0101.<\/li>\n<li>Paaugstin\u0101ta dro\u0161\u012bba: Balons ir izstr\u0101d\u0101ts, \u0146emot v\u0113r\u0101 dro\u0161\u012bbu, un taj\u0101 ir iek\u013cautas funkcijas, kas nov\u0113r\u0161 p\u0113k\u0161\u0146as kust\u012bbas un nodro\u0161ina stabilu darb\u012bbu, samazinot negad\u012bjumu risku, str\u0101d\u0101jot augstum\u0101.<\/li>\n<li>Daudzpus\u012bgs pielietojums: \u0160is pacel\u0161anas hidrauliskais cilindrs ir ide\u0101li piem\u0113rots pla\u0161am pielietojumu kl\u0101stam, tostarp b\u016bvniec\u012bbas, apkopes un r\u016bpniec\u012bbas vajadz\u012bb\u0101m, un uzlabo \u0161\u0137\u0113rveida dak\u0161as pac\u0113l\u0101ju funkcionalit\u0101ti.<\/li>\n<li>Vienk\u0101r\u0161a integr\u0101cija: Cilindrs ir paredz\u0113ts vienk\u0101r\u0161ai uzst\u0101d\u012b\u0161anai eso\u0161aj\u0101s pacel\u0161anas sist\u0113m\u0101s, samazinot d\u012bkst\u0101ves laiku un nodro\u0161inot \u0101tru izvieto\u0161anu uz vietas.<\/li>\n<\/ul>\n<p>Rezum\u0113jot, \u0161\u0137\u0113rveida dak\u0161as pace\u013camo darba platformu hidrauliskais cilindrs ir b\u016btiska sast\u0101vda\u013ca, kas uzlabo pace\u013camo darba platformu dro\u0161\u012bbu, efektivit\u0101ti un produktivit\u0101ti, padarot to par neaizst\u0101jamu instrumentu da\u017e\u0101du nozaru operatoriem, kuriem nepiecie\u0161ami paaugstin\u0101tas piek\u013cuves risin\u0101jumi.<\/p>\n<h2>\u0160\u0137\u0113rveida dak\u0161as gaisa darba transportl\u012bdzek\u013ca pacel\u0161anas hidraulisk\u0101 cilindra deta\u013cas:<\/h2>\n<p><img loading=\"lazy\" decoding=\"async\" class=\"alignnone size-full wp-image-404\" src=\"https:\/\/fmp-components.com\/wp-content\/uploads\/2024\/12\/Scissor-Fork-Aerial-Work-Vehicle-Lifting-Hydraulic-Cylinder-Parts.webp\" alt=\"\" width=\"1024\" height=\"634\" title=\"\" srcset=\"https:\/\/fmp-components.com\/wp-content\/uploads\/2024\/12\/Scissor-Fork-Aerial-Work-Vehicle-Lifting-Hydraulic-Cylinder-Parts.webp 1024w, https:\/\/fmp-components.com\/wp-content\/uploads\/2024\/12\/Scissor-Fork-Aerial-Work-Vehicle-Lifting-Hydraulic-Cylinder-Parts-980x607.webp 980w, https:\/\/fmp-components.com\/wp-content\/uploads\/2024\/12\/Scissor-Fork-Aerial-Work-Vehicle-Lifting-Hydraulic-Cylinder-Parts-480x297.webp 480w\" sizes=\"(min-width: 0px) and (max-width: 480px) 480px, (min-width: 481px) and (max-width: 980px) 980px, (min-width: 981px) 1024px, 100vw\" \/><\/p>\n<table class=\"has-title all magic-26\" style=\"width: 97.5988%; height: 214px;\" border=\"1\" cellspacing=\"0\" cellpadding=\"0\">\n<tbody>\n<tr>\n<td style=\"width: 6.0665%;\" colspan=\"1\" rowspan=\"1\">\n<div class=\"magic-27\" data-spm-anchor-id=\"a2700.details.0.i26.201d6d46acEaSr\">1<\/div>\n<\/td>\n<td style=\"width: 52.9018%;\" colspan=\"1\" rowspan=\"1\">\n<div class=\"magic-28\">Cilindra korpuss<\/div>\n<\/td>\n<td style=\"width: 6.16271%;\" colspan=\"1\" rowspan=\"1\">\n<div class=\"magic-27\">9<\/div>\n<\/td>\n<td style=\"width: 34.6345%;\" colspan=\"1\" rowspan=\"1\">\n<div class=\"magic-29\">Du Bu\u0161s<\/div>\n<\/td>\n<\/tr>\n<tr>\n<td style=\"width: 6.0665%;\" colspan=\"1\" rowspan=\"1\">\n<div class=\"magic-27\">2<\/div>\n<\/td>\n<td style=\"width: 52.9018%;\" colspan=\"1\" rowspan=\"1\">\n<div class=\"magic-28\">Gids Bu\u0161s<\/div>\n<\/td>\n<td style=\"width: 6.16271%;\" colspan=\"1\" rowspan=\"1\">\n<div class=\"magic-27\">10<\/div>\n<\/td>\n<td style=\"width: 34.6345%;\" colspan=\"1\" rowspan=\"1\">\n<div class=\"magic-29\">O veida gredzens<\/div>\n<\/td>\n<\/tr>\n<tr>\n<td style=\"width: 6.0665%;\" colspan=\"1\" rowspan=\"1\">\n<div class=\"magic-27\">3<\/div>\n<\/td>\n<td style=\"width: 52.9018%;\" colspan=\"1\" rowspan=\"1\">\n<div class=\"magic-28\">Virzulis<\/div>\n<\/td>\n<td style=\"width: 6.16271%;\" colspan=\"1\" rowspan=\"1\">\n<div class=\"magic-27\">11<\/div>\n<\/td>\n<td style=\"width: 34.6345%;\" colspan=\"1\" rowspan=\"1\">\n<div class=\"magic-29\">O veida gredzens<\/div>\n<\/td>\n<\/tr>\n<tr>\n<td style=\"width: 6.0665%;\" colspan=\"1\" rowspan=\"1\">\n<div class=\"magic-27\">4<\/div>\n<\/td>\n<td style=\"width: 52.9018%;\" colspan=\"1\" rowspan=\"1\">\n<div class=\"magic-28\">Virzu\u013ca stienis<\/div>\n<\/td>\n<td style=\"width: 6.16271%;\" colspan=\"1\" rowspan=\"1\">\n<div class=\"magic-27\">12<\/div>\n<\/td>\n<td style=\"width: 34.6345%;\" colspan=\"1\" rowspan=\"1\">\n<div class=\"magic-29\">Caurumu bl\u012bv\u0113jums<\/div>\n<\/td>\n<\/tr>\n<tr>\n<td style=\"width: 6.0665%;\" colspan=\"1\" rowspan=\"1\">\n<div class=\"magic-27\">5<\/div>\n<\/td>\n<td style=\"width: 52.9018%;\" colspan=\"1\" rowspan=\"1\">\n<div class=\"magic-28\">Kompoz\u012btmateri\u0101lu gultnis<\/div>\n<\/td>\n<td style=\"width: 6.16271%;\" colspan=\"1\" rowspan=\"1\">\n<div class=\"magic-27\">13<\/div>\n<\/td>\n<td style=\"width: 34.6345%;\" colspan=\"1\" rowspan=\"1\">\n<div class=\"magic-29\">Nodiluma gredzens<\/div>\n<\/td>\n<\/tr>\n<tr>\n<td style=\"width: 6.0665%;\" colspan=\"1\" rowspan=\"1\">\n<div class=\"magic-27\">6<\/div>\n<\/td>\n<td style=\"width: 52.9018%;\" colspan=\"1\" rowspan=\"1\">\n<div class=\"magic-28\">Putek\u013cu t\u012br\u012bt\u0101js<\/div>\n<\/td>\n<td style=\"width: 6.16271%;\" colspan=\"1\" rowspan=\"1\">\n<div class=\"magic-27\">14<\/div>\n<\/td>\n<td style=\"width: 34.6345%;\" colspan=\"1\" rowspan=\"1\">\n<div class=\"magic-29\">Iestat\u012b\u0161anas skr\u016bves<\/div>\n<\/td>\n<\/tr>\n<tr>\n<td style=\"width: 6.0665%;\" colspan=\"1\" rowspan=\"1\">\n<div class=\"magic-27\">7<\/div>\n<\/td>\n<td style=\"width: 52.9018%;\" colspan=\"1\" rowspan=\"1\">\n<div class=\"magic-28\">U veida gredzens<\/div>\n<\/td>\n<td style=\"width: 6.16271%;\" colspan=\"1\" rowspan=\"1\">\n<div class=\"magic-27\">15<\/div>\n<\/td>\n<td style=\"width: 34.6345%;\" colspan=\"1\" rowspan=\"1\">\n<div class=\"magic-29\">Putek\u013cu p\u0101rsegs<\/div>\n<\/td>\n<\/tr>\n<tr>\n<td style=\"width: 6.0665%;\" colspan=\"1\" rowspan=\"1\">\n<div class=\"magic-27\">8<\/div>\n<\/td>\n<td style=\"width: 52.9018%;\" colspan=\"1\" rowspan=\"1\">\n<div class=\"magic-28\">O veida gredzens<\/div>\n<\/td>\n<td style=\"width: 6.16271%;\" colspan=\"1\" rowspan=\"1\">\n<div class=\"magic-27\"><\/div>\n<\/td>\n<td style=\"width: 34.6345%;\" colspan=\"1\" rowspan=\"1\"><\/td>\n<\/tr>\n<\/tbody>\n<\/table>\n<h2>\u0160\u0137\u0113rveida dak\u0161as pac\u0113l\u0101ja transportl\u012bdzek\u013ca pacel\u0161anas hidraulisk\u0101 cilindra izm\u0113ri:<\/h2>\n<table>\n<tbody>\n<tr>\n<td><img loading=\"lazy\" decoding=\"async\" class=\"alignnone size-full wp-image-400\" src=\"https:\/\/fmp-components.com\/wp-content\/uploads\/2024\/12\/Scissor-Fork-Aerial-Work-Vehicle-Lifting-Hydraulic-Cylinder-Dimensions-1.webp\" alt=\"\" width=\"680\" height=\"210\" title=\"\" srcset=\"https:\/\/fmp-components.com\/wp-content\/uploads\/2024\/12\/Scissor-Fork-Aerial-Work-Vehicle-Lifting-Hydraulic-Cylinder-Dimensions-1.webp 680w, https:\/\/fmp-components.com\/wp-content\/uploads\/2024\/12\/Scissor-Fork-Aerial-Work-Vehicle-Lifting-Hydraulic-Cylinder-Dimensions-1-480x148.webp 480w\" sizes=\"(min-width: 0px) and (max-width: 480px) 480px, (min-width: 481px) 680px, 100vw\" \/><\/td>\n<td><img loading=\"lazy\" decoding=\"async\" class=\"alignnone size-full wp-image-401\" src=\"https:\/\/fmp-components.com\/wp-content\/uploads\/2024\/12\/Scissor-Fork-Aerial-Work-Vehicle-Lifting-Hydraulic-Cylinder-Dimensions-2.webp\" alt=\"\" width=\"680\" height=\"210\" title=\"\" srcset=\"https:\/\/fmp-components.com\/wp-content\/uploads\/2024\/12\/Scissor-Fork-Aerial-Work-Vehicle-Lifting-Hydraulic-Cylinder-Dimensions-2.webp 680w, https:\/\/fmp-components.com\/wp-content\/uploads\/2024\/12\/Scissor-Fork-Aerial-Work-Vehicle-Lifting-Hydraulic-Cylinder-Dimensions-2-480x148.webp 480w\" sizes=\"(min-width: 0px) and (max-width: 480px) 480px, (min-width: 481px) 680px, 100vw\" \/><\/td>\n<\/tr>\n<\/tbody>\n<\/table>\n<table border=\"1\" cellspacing=\"0\" cellpadding=\"0\">\n<tbody>\n<tr>\n<td width=\"246\">Cilindra nosaukums<\/td>\n<td width=\"336\">Z\u012bm\u0113juma numurs<\/td>\n<td width=\"126\">Urbuma diametrs (D)<\/td>\n<td width=\"123\">Stie\u0146a diametrs (d)<\/td>\n<td width=\"114\">G\u0101jiens (S)<\/td>\n<td width=\"170\">Uzst\u0101d\u012b\u0161anas att\u0101lums (L)<\/td>\n<td width=\"172\">Darba spiediens<\/td>\n<td width=\"366\">Saskarnes izm\u0113ri (M)<\/td>\n<td width=\"96\">Svars<\/td>\n<\/tr>\n<tr>\n<td class=\"et3\" width=\"246\" height=\"173\">Pacel\u0161anas cilindrs<\/td>\n<td class=\"et4\" width=\"336\">78XEN-620100-001<\/td>\n<td class=\"et4\" width=\"126\">\u03a665<\/td>\n<td class=\"et4\" width=\"123\">\u03a645<\/td>\n<td class=\"et4\" width=\"114\">840<\/td>\n<td class=\"et4\" width=\"170\">1075<\/td>\n<td class=\"et4\" width=\"172\">18MPa<\/td>\n<td class=\"et4\" width=\"366\">G1\/4; \u03a66; M14*1.5<\/td>\n<td class=\"et4\" width=\"96\">27 kg<\/td>\n<\/tr>\n<\/tbody>\n<\/table>\n<table>\n<tbody>\n<tr>\n<td><img loading=\"lazy\" decoding=\"async\" class=\"alignnone size-full wp-image-402\" src=\"https:\/\/fmp-components.com\/wp-content\/uploads\/2024\/12\/Scissor-Fork-Aerial-Work-Vehicle-Lifting-Hydraulic-Cylinder-Dimensions-3.webp\" alt=\"\" width=\"680\" height=\"300\" title=\"\" srcset=\"https:\/\/fmp-components.com\/wp-content\/uploads\/2024\/12\/Scissor-Fork-Aerial-Work-Vehicle-Lifting-Hydraulic-Cylinder-Dimensions-3.webp 680w, https:\/\/fmp-components.com\/wp-content\/uploads\/2024\/12\/Scissor-Fork-Aerial-Work-Vehicle-Lifting-Hydraulic-Cylinder-Dimensions-3-480x212.webp 480w\" sizes=\"(min-width: 0px) and (max-width: 480px) 480px, (min-width: 481px) 680px, 100vw\" \/><\/td>\n<td><img loading=\"lazy\" decoding=\"async\" class=\"alignnone size-full wp-image-403\" src=\"https:\/\/fmp-components.com\/wp-content\/uploads\/2024\/12\/Scissor-Fork-Aerial-Work-Vehicle-Lifting-Hydraulic-Cylinder-Dimensions-4.webp\" alt=\"\" width=\"680\" height=\"300\" title=\"\" srcset=\"https:\/\/fmp-components.com\/wp-content\/uploads\/2024\/12\/Scissor-Fork-Aerial-Work-Vehicle-Lifting-Hydraulic-Cylinder-Dimensions-4.webp 680w, https:\/\/fmp-components.com\/wp-content\/uploads\/2024\/12\/Scissor-Fork-Aerial-Work-Vehicle-Lifting-Hydraulic-Cylinder-Dimensions-4-480x212.webp 480w\" sizes=\"(min-width: 0px) and (max-width: 480px) 480px, (min-width: 481px) 680px, 100vw\" \/><\/td>\n<\/tr>\n<\/tbody>\n<\/table>\n<table style=\"width: 100%; height: 168px;\" border=\"1\" cellspacing=\"0\" cellpadding=\"0\">\n<tbody>\n<tr style=\"height: 71px;\">\n<td style=\"height: 71px;\" width=\"246\">Cilindra nosaukums<\/td>\n<td style=\"height: 71px;\" width=\"336\">Z\u012bm\u0113juma numurs<\/td>\n<td style=\"height: 71px;\" width=\"126\">Urbuma diametrs (D)<\/td>\n<td style=\"height: 71px;\" width=\"123\">Stie\u0146a diametrs (d)<\/td>\n<td style=\"height: 71px;\" width=\"114\">G\u0101jiens (S)<\/td>\n<td style=\"height: 71px;\" width=\"170\">Uzst\u0101d\u012b\u0161anas att\u0101lums (L)<\/td>\n<td style=\"height: 71px;\" width=\"172\">Darba spiediens<\/td>\n<td style=\"height: 71px;\" width=\"366\">Saskarnes izm\u0113ri (M)<\/td>\n<td style=\"height: 71px;\" width=\"96\">Svars<\/td>\n<\/tr>\n<tr style=\"height: 53px;\">\n<td class=\"et3\" style=\"height: 53px;\" width=\"246\" height=\"222\">Pacel\u0161anas cilindrs<\/td>\n<td class=\"et4\" style=\"height: 53px;\" width=\"336\">JCPT1212HD-531000-00A<\/td>\n<td class=\"et4\" style=\"height: 53px;\" width=\"126\">\u03a675<\/td>\n<td class=\"et4\" style=\"height: 53px;\" width=\"123\">\u03a663<\/td>\n<td class=\"et4\" style=\"height: 53px;\" width=\"114\">1269<\/td>\n<td class=\"et4\" style=\"height: 53px;\" width=\"170\">1530<\/td>\n<td class=\"et4\" style=\"height: 53px;\" width=\"172\">25MPa<\/td>\n<td class=\"et4\" style=\"height: 53px;\" width=\"366\">G1\/4; M18*1,5<\/td>\n<td class=\"et4\" style=\"height: 53px;\" width=\"96\">60 kg<\/td>\n<\/tr>\n<tr style=\"height: 44px;\">\n<td class=\"et3\" style=\"height: 44px;\" width=\"246\" height=\"222\">Pacel\u0161anas cilindrs<\/td>\n<td class=\"et4\" style=\"height: 44px;\">JCPT0607DCS-531000-00A<\/td>\n<td class=\"et4\" style=\"height: 44px;\">\u03a663<\/td>\n<td class=\"et4\" style=\"height: 44px;\">\u03a640<\/td>\n<td class=\"et4\" style=\"height: 44px;\">563<\/td>\n<td class=\"et4\" style=\"height: 44px;\">812<\/td>\n<td class=\"et4\" style=\"height: 44px;\">20MPa<\/td>\n<td class=\"et4\" style=\"height: 44px;\">G1\/4; M18*1,5<\/td>\n<td class=\"et4\" style=\"height: 44px;\">17 kg<\/td>\n<\/tr>\n<\/tbody>\n<\/table>\n<h2>Pieejamie hidrauliskie cilindri Z\u012bmols un mode\u013ci:<\/h2>\n<table border=\"1\" cellspacing=\"0\" cellpadding=\"0\">\n<tbody>\n<tr>\n<td><b data-spm-anchor-id=\"a2700.details.0.i43.45d84a73e99C9z\">KOMATSU (PC)<\/b><\/td>\n<td>PC30, PC40, PC50, PC56, PC60, PC78, PC100, PC110, PC120, PC130, PC160, PC200-3\/5\/6\/7\/8\/8MO, PC210, PC220-5\/6\/7\/8\/8MO, PC240, PC300\/350\/360-5\/6\/7\/8\/8MO, PC400\/450-5\/6\/7\/8\/8MO, PC800, PC850<\/td>\n<\/tr>\n<tr>\n<td><b>K\u0100P\u0112RS (E)<\/b><\/td>\n<td>E301.5, E302, E305.5, E306, E307V1\/V2\/B\/C\/D\/E\/F, E308B\/C, E120B, E312V1\/V2\/B\/C\/D, E313D2, E312D2, E315D,<br \/>\nE200B,E320V1\/V2\/A\/B\/C\/D,E324D,E325C\/D,E329D,E330\/336C\/D,E345C,E349D,E365C,E374,E390<\/td>\n<\/tr>\n<tr>\n<td><b>KOBELCO (SK)<\/b><\/td>\n<td>SK60-3\/5\/8, SK75-8\/SR, SK100 ,SK120-3\/5, SK135-8\/SR, SK140-8, SK200-3\/5\/6\/6E, SK210-3\/5\/6\/6E,<br \/>\nSK230\/250-6E,SK250-8,SK260-8,SK350-8\/S8,SK460\/480-8<\/td>\n<\/tr>\n<tr>\n<td><b>HYUNDAI (R)<\/b><\/td>\n<td>R55-5\/7, R60-5\/7, R80, R110, R130, R200-5, R210-5, R215-5\/7, R220-5\/7\/9, R225-5\/7\/9, R250, R260, R265, R290, R305, R445, R485, R505<\/td>\n<\/tr>\n<tr>\n<td><b data-spm-anchor-id=\"a2700.details.0.i53.45d84a73e99C9z\">HITACHI (EX.ZX)<\/b><\/td>\n<td>EX60, EX100-1\/2\/3, EX120-1\/3\/5\/6, EX200-1\/3\/5, EX230-5, EX300-1, EX400<br \/>\nZAX60, ZAX70, ZA120-6, ZAX200\/210-1\/3\/5\/5K, ZAX240, ZAX250, ZAX260, ZAX330-3\/5\/6, ZAX450\/470, ZAX650\/670, ZAX850\/870<\/td>\n<\/tr>\n<tr>\n<td>\n<div class=\"magic-32\"><b data-spm-anchor-id=\"a2700.details.0.i55.45d84a73e99C9z\">DOOSAN (DH\/DX)<\/b><\/div>\n<\/td>\n<td>\n<div class=\"magic-33\"><span class=\"magic-34\">DH55, DH60, DH80, DH150, DH215-5\/7, DH220-5, DH225-5\/7, DH258, DH300-5\/7, DH370, DH420, DH500<br \/>\nDX55, DX60, DX75, DX130, DX225-9, DX300, DX380, DX420, DX500<\/span><\/div>\n<\/td>\n<\/tr>\n<tr>\n<td>\n<div class=\"magic-32\"><b>VOLVO (EK)<\/b><\/div>\n<\/td>\n<td>\n<div class=\"magic-33\"><span class=\"magic-34\">EC55, EC60, EC75, EC80, EC140, EC210B\/D, EC220D, EC240, EC250, EC290, EC300, EC360, EC380, EC460, EC480, EC700, EC750, EC950<\/span><\/div>\n<\/td>\n<\/tr>\n<tr>\n<td>\n<div class=\"magic-32\"><b>KATO (HD)<\/b><\/div>\n<\/td>\n<td>\n<div class=\"magic-33\"><span class=\"magic-34\">HD307\/308, HD450, HD512, HD700-5\/7, HD820-1\/2\/3\/5\/R, HD1023-1\/3, HD1430-1\/3<\/span><\/div>\n<\/td>\n<\/tr>\n<tr>\n<td>\n<div class=\"magic-32\"><b>CITS Z\u012aMOLS<\/b><\/div>\n<\/td>\n<td>\n<div class=\"magic-33\"><span class=\"magic-34\">XCMG,LIUGONG,KUBOTA,CASE,YANMAR,SUNWARD,ZOOMLION,LISHIDE,LIEHERR<\/span><\/div>\n<\/td>\n<\/tr>\n<\/tbody>\n<\/table>\n<h3>\u0160\u0137\u0113rveida dak\u0161u pac\u0113l\u0101ja hidraulisk\u0101 cilindra priek\u0161roc\u012bbas<\/h3>\n<h4>1. Uzlabota celtsp\u0113ja<\/h4>\n<p>\u0160\u0137\u0113rveida dak\u0161u pace\u013camo transportl\u012bdzek\u013cu pacel\u0161anas hidrauliskais cilindrs ir paredz\u0113ts iev\u0113rojamas celtsp\u0113jas nodro\u0161in\u0101\u0161anai, \u013caujot dro\u0161i pacelt smagas kravas. \u0160\u012b iesp\u0113ja \u013cauj operatoriem efekt\u012bvi veikt da\u017e\u0101dus uzdevumus, s\u0101kot no b\u016bvniec\u012bbas l\u012bdz apkopei, neapdraudot dro\u0161\u012bbu vai veiktsp\u0113ju.<\/p>\n<h4>2. Vienm\u0113r\u012bga un prec\u012bza darb\u012bba<\/h4>\n<p>\u0160is pacel\u0161anas cilindrs, kas apr\u012bkots ar modernu hidraulisko sist\u0113mu, nodro\u0161ina vienm\u0113r\u012bgas un kontrol\u0113tas kust\u012bbas. Operatori var viegli un prec\u012bzi piel\u0101got platformas augstumu, t\u0101d\u0113j\u0101di veicinot prec\u012bzu pozicion\u0113\u0161anu da\u017e\u0101diem pielietojumiem un uzlabojot kop\u0113jo darbpl\u016bsmas efektivit\u0101ti.<\/p>\n<h4>3. Iztur\u012bga iztur\u012bba<\/h4>\n<p>Pacel\u0161anas hidrauliskais cilindrs ir izgatavots no augstas iztur\u012bbas materi\u0101liem, lai iztur\u0113tu sare\u017e\u0123\u012btu vidi un intens\u012bvu lieto\u0161anu. \u0160\u012b iztur\u012bba nodro\u0161ina ilg\u0101ku kalpo\u0161anas laiku un samazin\u0101tas apkopes pras\u012bbas, galu gal\u0101 samazinot uz\u0146\u0113mumu ekspluat\u0101cijas izmaksas.<\/p>\n<h4>4. Dro\u0161\u012bbas funkcijas<\/h4>\n<p>Dro\u0161\u012bba ir \u0101rk\u0101rt\u012bgi svar\u012bga, str\u0101d\u0101jot augstum\u0101, un \u0161im hidrauliskajam cilindram ir funkcijas, kas paredz\u0113tas p\u0113k\u0161\u0146u kust\u012bbu nov\u0113r\u0161anai un stabilit\u0101tes uzlabo\u0161anai. \u0160ie dro\u0161\u012bbas meh\u0101nismi sniedz operatoriem sirdsmieru, \u013caujot vi\u0146iem koncentr\u0113ties uz saviem uzdevumiem, vienlaikus samazinot negad\u012bjumu risku.<\/p>\n<h4>5. Daudzpus\u012bba da\u017e\u0101d\u0101s lietojumprogramm\u0101s<\/h4>\n<p>\u0160\u0137\u0113rveida dak\u0161u pace\u013camo transportl\u012bdzek\u013cu pacel\u0161anas hidrauliskais cilindrs ir daudzpus\u012bgs un piem\u0113rots pla\u0161am nozaru kl\u0101stam, tostarp b\u016bvniec\u012bbai, apkopei un r\u016bpnieciskiem lietojumiem. T\u0101 piel\u0101gojam\u012bba padara to par b\u016btisku instrumentu jebkurai organiz\u0101cijai, kas pa\u013caujas uz pace\u013camaj\u0101m darba platform\u0101m, nodro\u0161inot da\u017e\u0101du paceltu uzdevumu efekt\u012bvu veik\u0161anu.<\/p>\n<table style=\"width: 100.251%; height: 397px;\" width=\"290\">\n<tbody>\n<tr style=\"height: 397px;\">\n<td style=\"width: 52.0342%; height: 397px;\" width=\"226\"><img loading=\"lazy\" decoding=\"async\" class=\"wp-image-399 aligncenter\" src=\"https:\/\/fmp-components.com\/wp-content\/uploads\/2024\/12\/Scissor-Fork-Aerial-Work-Vehicle-Lifting-Hydraulic-Cylinder-Applications-2.webp\" alt=\"\" width=\"399\" height=\"399\" title=\"\"><\/td>\n<td style=\"width: 47.3234%; height: 397px;\" width=\"64\"><img loading=\"lazy\" decoding=\"async\" class=\"alignnone wp-image-398\" src=\"https:\/\/fmp-components.com\/wp-content\/uploads\/2024\/12\/Scissor-Fork-Aerial-Work-Vehicle-Lifting-Hydraulic-Cylinder-Applications-1.webp\" alt=\"\" width=\"401\" height=\"401\" title=\"\"><\/td>\n<\/tr>\n<\/tbody>\n<\/table>\n<h2>Par FMP<\/h2>\n<p>FMP ir specializ\u0113ts hidraulisko cilindru ra\u017eot\u0101js, kas ir paz\u012bstams ar savu sp\u0113c\u012bgo uzsvaru uz p\u0113tniec\u012bbu un ra\u017eo\u0161anas izcil\u012bbu. Kop\u0161 dibin\u0101\u0161anas uz\u0146\u0113mums ir velt\u012bjis sevi hidraulisko cilindru tehnolo\u0123iju nep\u0101rtrauktai att\u012bst\u012bbai. S\u0101kotn\u0113ji FMP ra\u017eoja da\u017e\u0101dus produktus ra\u017eas nov\u0101k\u0161anas un celtniec\u012bbas tehnikai; tom\u0113r kop\u0161 t\u0101 laika tas ir \u012bpa\u0161i koncentr\u0113jies uz lauksaimniec\u012bbas traktoru deta\u013c\u0101m.<\/p>\n<p>Ar vair\u0101k nek\u0101 desmit gadu ra\u017eo\u0161anas pieredzi FMP apvieno pla\u0161u vad\u012bbas pieredzi ar progres\u012bv\u0101m ra\u017eo\u0161anas tehnolo\u0123ij\u0101m, lai nodro\u0161in\u0101tu augst\u0101kos kvalit\u0101tes standartus savos produktos. Uz\u0146\u0113mums ir izveidojis visaptvero\u0161u apstr\u0101des ra\u017eo\u0161anas l\u012bniju, mont\u0101\u017eas l\u012bniju un p\u0101rkl\u0101\u0161anas l\u012bniju, kas \u013cauj tam nodro\u0161in\u0101t uzticamus un efekt\u012bvus ra\u017eo\u0161anas procesus.<\/p>\n<p>FMP izaugsmi ir atbalst\u012bjusi \u012bpa\u0161a komanda, kur\u0101 ir pieredz\u0113ju\u0161i vad\u012bbas darbinieki, prasm\u012bgi meh\u0101niskie konstruktori un augsti kvalific\u0113ti tehni\u0137i. \u0160\u012b sadarb\u012bbas pieeja nodro\u0161ina nemain\u012bgu produktu kvalit\u0101ti un efekt\u012bvi p\u0101rvalda procesu nep\u0101rtraukt\u012bbu, uzlabojot kop\u0113jo ra\u017eo\u0161anas efektivit\u0101ti.<\/p>\n<p>FMP filozofijas pamat\u0101 ir v\u0113rt\u012bbas \u201cTehnolo\u0123isk\u0101s inov\u0101cijas virza progresu\u201d, \u201cKvalit\u0101te rada z\u012bmolus\u201d, \u201cMeistar\u012bba nodro\u0161ina kvalit\u0101ti\u201d un \u201cIlgtermi\u0146a, abpus\u0113ji izdev\u012bgu attiec\u012bbu veido\u0161ana\u201d. Uz\u0146\u0113mums ir ap\u0146\u0113mies nodro\u0161in\u0101t augstas kvalit\u0101tes produktus, vienlaikus sniedzot izcilu klientu apkalpo\u0161anu. FMP past\u0101v\u012bgi cen\u0161as piel\u0101goties main\u012bgaj\u0101m tirgus vajadz\u012bb\u0101m, pozicion\u0113jot sevi k\u0101 uzticamu partneri lauksaimniec\u012bbas tehnikas nozar\u0113. Ar savu ap\u0146em\u0161anos nodro\u0161in\u0101t inov\u0101cijas un kvalit\u0101ti FMP m\u0113r\u0137is ir sniegt iev\u0113rojamu ieguld\u012bjumu hidraulisk\u0101s tehnolo\u0123ijas att\u012bst\u012bb\u0101 lauksaimniec\u012bbas nozar\u0113.<\/p>\n<p><img loading=\"lazy\" decoding=\"async\" class=\"alignnone wp-image-359\" src=\"https:\/\/fmp-components.com\/wp-content\/uploads\/2024\/12\/fmp-factory-3.webp\" sizes=\"(min-width: 0px) and (max-width: 480px) 480px, (min-width: 481px) 914px, 100vw\" srcset=\"https:\/\/fmp-components.com\/wp-content\/uploads\/2024\/12\/fmp-factory-3.webp 914w, https:\/\/fmp-components.com\/wp-content\/uploads\/2024\/12\/fmp-factory-3-480x321.webp 480w\" alt=\"fmp-factory\" width=\"914\" height=\"612\" title=\"\"><\/p>\n<p>Autors: CX<\/p>","protected":false},"excerpt":{"rendered":"<p>\u0160\u0137\u0113rveida dak\u0161u pac\u0113l\u0101ju hidrauliskais cilindrs ir b\u016btiska sast\u0101vda\u013ca, kas paredz\u0113ta, lai nodro\u0161in\u0101tu nepiecie\u0161amo celtsp\u0113ju \u0161\u0137\u0113rveida pac\u0113l\u0101ju platform\u0101m. \u0160is hidrauliskais cilindrs, kas izstr\u0101d\u0101ts efektivit\u0101tei un uzticam\u012bbai, nodro\u0161ina vienm\u0113r\u012bgu un kontrol\u0113tu platformas pacel\u0161anu, \u013caujot operatoriem dro\u0161i piek\u013c\u016bt pacelt\u0101m darba zon\u0101m. Izgatavots no augstas iztur\u012bbas materi\u0101liem, tas var iztur\u0113t lielas slodzes un skarbus apst\u0101k\u013cus, nodro\u0161inot ilgsto\u0161u veiktsp\u0113ju. T\u0101 uzlabot\u0101 hidraulisk\u0101 sist\u0113ma atvieglo prec\u012bzas pacel\u0161anas un nolai\u0161anas darb\u012bbas, padarot to ide\u0101li piem\u0113rotu da\u017e\u0101diem pielietojumiem b\u016bvniec\u012bb\u0101, apkop\u0113 un r\u016bpniec\u012bb\u0101. Ar \u0161o pacel\u0161anas hidraulisko cilindru operatori var uzlabot produktivit\u0101ti, vienlaikus nodro\u0161inot dro\u0161\u012bbu augstum\u0101.<\/p>","protected":false},"featured_media":407,"comment_status":"open","ping_status":"closed","template":"","meta":{"_et_pb_use_builder":"","_et_pb_old_content":"","_et_gb_content_width":""},"product_brand":[],"product_cat":[22],"product_tag":[],"class_list":{"0":"post-397","1":"product","2":"type-product","3":"status-publish","4":"has-post-thumbnail","6":"product_cat-aerial-work-vehicle-hydraulic-cylinders","8":"first","9":"instock","10":"shipping-taxable","11":"product-type-simple"},"_links":{"self":[{"href":"https:\/\/fmp-components.com\/lv\/wp-json\/wp\/v2\/product\/397","targetHints":{"allow":["GET"]}}],"collection":[{"href":"https:\/\/fmp-components.com\/lv\/wp-json\/wp\/v2\/product"}],"about":[{"href":"https:\/\/fmp-components.com\/lv\/wp-json\/wp\/v2\/types\/product"}],"replies":[{"embeddable":true,"href":"https:\/\/fmp-components.com\/lv\/wp-json\/wp\/v2\/comments?post=397"}],"wp:featuredmedia":[{"embeddable":true,"href":"https:\/\/fmp-components.com\/lv\/wp-json\/wp\/v2\/media\/407"}],"wp:attachment":[{"href":"https:\/\/fmp-components.com\/lv\/wp-json\/wp\/v2\/media?parent=397"}],"wp:term":[{"taxonomy":"product_brand","embeddable":true,"href":"https:\/\/fmp-components.com\/lv\/wp-json\/wp\/v2\/product_brand?post=397"},{"taxonomy":"product_cat","embeddable":true,"href":"https:\/\/fmp-components.com\/lv\/wp-json\/wp\/v2\/product_cat?post=397"},{"taxonomy":"product_tag","embeddable":true,"href":"https:\/\/fmp-components.com\/lv\/wp-json\/wp\/v2\/product_tag?post=397"}],"curies":[{"name":"wp","href":"https:\/\/api.w.org\/{rel}","templated":true}]}}