{"id":384,"date":"2024-12-10T02:01:03","date_gmt":"2024-12-10T02:01:03","guid":{"rendered":"https:\/\/fmp-components.com\/?page_id=8"},"modified":"2024-12-10T03:06:01","modified_gmt":"2024-12-10T03:06:01","slug":"scissor-fork-aerial-work-vehicle-steering-hydraulic-cylinder","status":"publish","type":"product","link":"https:\/\/fmp-components.com\/lv\/product\/scissor-fork-aerial-work-vehicle-steering-hydraulic-cylinder\/","title":{"rendered":"\u0160\u0137\u0113rveida dak\u0161as gaisa darba transportl\u012bdzek\u013ca st\u016bres hidrauliskais cilindrs"},"content":{"rendered":"<p style=\"text-align: center;\"><span style=\"font-size: 18pt;\">\u0160\u0137\u0113rveida dak\u0161as gaisa darba transportl\u012bdzek\u013ca st\u016bres hidrauliskais cilindrs<\/span><\/p>\n<p>\u0160\u0137\u0113rveida dak\u0161u pac\u0113l\u0101ju transportl\u012bdzek\u013ca st\u016bres hidrauliskais cilindrs ir svar\u012bga sast\u0101vda\u013ca, kas izstr\u0101d\u0101ta, lai uzlabotu \u0161\u0137\u0113rveida pac\u0113l\u0101ju platformu manevr\u0113tsp\u0113ju un vad\u012bbu. \u0160is uzlabotais hidrauliskais cilindrs nodro\u0161ina prec\u012bzas st\u016br\u0113\u0161anas iesp\u0113jas, \u013caujot operatoriem p\u0101rvietoties \u0161aur\u0101s telp\u0101s un prec\u012bzi pozicion\u0113t pac\u0113l\u0101ju da\u017e\u0101du pielietojumu laik\u0101.<\/p>\n<h4>Galven\u0101s iez\u012bmes:<\/h4>\n<ul>\n<li><strong>Prec\u012bza st\u016bres vad\u012bba:<\/strong> \u0160is hidrauliskais cilindrs, kas paredz\u0113ts vienm\u0113r\u012bgai un atsauc\u012bgai st\u016br\u0113\u0161anai, \u013cauj operatoriem veikt prec\u012bzus pagriezienus un regul\u0113jumus, uzlabojot darb\u012bbas efektivit\u0101ti.<\/li>\n<li><strong>Iztur\u012bga konstrukcija:<\/strong> St\u016bres cilindrs, kas izgatavots no augstas iztur\u012bbas materi\u0101liem, sp\u0113j iztur\u0113t sare\u017e\u0123\u012btu darba vidi, nodro\u0161inot ilgsto\u0161u veiktsp\u0113ju un uzticam\u012bbu.<\/li>\n<li><strong>Efekt\u012bvs hidrauliskais meh\u0101nisms:<\/strong> Cilindram ir efekt\u012bva hidraulisk\u0101 sist\u0113ma, kas maksim\u0101li palielina veiktsp\u0113ju, vienlaikus samazinot ener\u0123ijas pat\u0113ri\u0146u, t\u0101d\u0113j\u0101di veicinot rentablu darb\u012bbu.<\/li>\n<li><strong>Dro\u0161\u012bbas uzlabojumi:<\/strong> Apr\u012bkots ar uzlabot\u0101m dro\u0161\u012bbas funkcij\u0101m, st\u016bres hidrauliskais cilindrs pal\u012bdz nov\u0113rst p\u0101rst\u016br\u0113\u0161anu un nodro\u0161ina stabilit\u0101ti darb\u012bbas laik\u0101, sniedzot operatoriem p\u0101rliec\u012bbu, str\u0101d\u0101jot augstum\u0101.<\/li>\n<li><strong>Daudzpus\u012bgi pielietojumi:<\/strong> \u0160is st\u016bres hidrauliskais cilindrs, kas ir piem\u0113rots pla\u0161am uzdevumu kl\u0101stam b\u016bvniec\u012bb\u0101, apkop\u0113 un noliktavu darbos, ir b\u016btiska sast\u0101vda\u013ca, kas uzlabo \u0161\u0137\u0113rveida dak\u0161as pac\u0113l\u0101ju funkcionalit\u0101ti.<\/li>\n<\/ul>\n<p>\u0160\u0137\u0113rveida dak\u0161as gaisa darba transportl\u012bdzek\u013ca st\u016bres hidrauliskais cilindrs ir izstr\u0101d\u0101ts, lai uzlabotu manevr\u0113tsp\u0113ju, dro\u0161\u012bbu un efektivit\u0101ti, padarot to par neaizst\u0101jamu instrumentu da\u017e\u0101du nozaru operatoriem, kuriem nepiecie\u0161ami paaugstin\u0101tas piek\u013cuves risin\u0101jumi.<\/p>\n<h2>\u0160\u0137\u0113rveida dak\u0161as gaisa darba transportl\u012bdzek\u013ca st\u016bres hidraulisk\u0101 cilindra deta\u013cas:<\/h2>\n<p><img loading=\"lazy\" decoding=\"async\" class=\"alignnone size-full wp-image-347\" src=\"https:\/\/fmp-components.com\/wp-content\/uploads\/2024\/12\/Cart-Lift-Hydraulic-Cylinder-Parts.webp\" alt=\"Rati\u0146u pac\u0113l\u0101ja hidraulisk\u0101 cilindra deta\u013cas\" width=\"1024\" height=\"467\" title=\"\" srcset=\"https:\/\/fmp-components.com\/wp-content\/uploads\/2024\/12\/Cart-Lift-Hydraulic-Cylinder-Parts.webp 1024w, https:\/\/fmp-components.com\/wp-content\/uploads\/2024\/12\/Cart-Lift-Hydraulic-Cylinder-Parts-980x447.webp 980w, https:\/\/fmp-components.com\/wp-content\/uploads\/2024\/12\/Cart-Lift-Hydraulic-Cylinder-Parts-480x219.webp 480w\" sizes=\"(min-width: 0px) and (max-width: 480px) 480px, (min-width: 481px) and (max-width: 980px) 980px, (min-width: 981px) 1024px, 100vw\" \/><\/p>\n<table style=\"width: 100%;\" border=\"1\" width=\"100%\" cellspacing=\"0\" cellpadding=\"0\">\n<tbody>\n<tr>\n<td style=\"width: 3.86266%;\" colspan=\"1\" rowspan=\"1\">\n<div class=\"magic-27\" data-spm-anchor-id=\"a2700.details.0.i30.100a3bb4IMelB9\">1<\/div>\n<\/td>\n<td style=\"width: 48.927%;\" colspan=\"1\" rowspan=\"1\">\n<div class=\"magic-28\">Cilindra korpuss<\/div>\n<\/td>\n<td style=\"width: 6.33048%;\" colspan=\"1\" rowspan=\"1\">\n<div class=\"magic-29\">10<\/div>\n<\/td>\n<td style=\"width: 40.7725%;\" colspan=\"1\" rowspan=\"1\">\n<div class=\"magic-30\">Aizmugur\u0113jais gredzens<\/div>\n<\/td>\n<\/tr>\n<tr>\n<td style=\"width: 3.86266%;\" colspan=\"1\" rowspan=\"1\">\n<div class=\"magic-27\">2<\/div>\n<\/td>\n<td style=\"width: 48.927%;\" colspan=\"1\" rowspan=\"1\">\n<div class=\"magic-28\">Gids Bu\u0161s<\/div>\n<\/td>\n<td style=\"width: 6.33048%;\" colspan=\"1\" rowspan=\"1\">\n<div class=\"magic-29\">11<\/div>\n<\/td>\n<td style=\"width: 40.7725%;\" colspan=\"1\" rowspan=\"1\">\n<div class=\"magic-30\">O veida gredzens<\/div>\n<\/td>\n<\/tr>\n<tr>\n<td style=\"width: 3.86266%;\" colspan=\"1\" rowspan=\"1\">\n<div class=\"magic-27\">3<\/div>\n<\/td>\n<td style=\"width: 48.927%;\" colspan=\"1\" rowspan=\"1\">\n<div class=\"magic-28\">Virzulis<\/div>\n<\/td>\n<td style=\"width: 6.33048%;\" colspan=\"1\" rowspan=\"1\">\n<div class=\"magic-29\">12<\/div>\n<\/td>\n<td style=\"width: 40.7725%;\" colspan=\"1\" rowspan=\"1\">\n<div class=\"magic-30\">Du Bu\u0161s<\/div>\n<\/td>\n<\/tr>\n<tr>\n<td style=\"width: 3.86266%;\" colspan=\"1\" rowspan=\"1\">\n<div class=\"magic-27\">4<\/div>\n<\/td>\n<td style=\"width: 48.927%;\" colspan=\"1\" rowspan=\"1\">\n<div class=\"magic-28\">Virzu\u013ca stienis<\/div>\n<\/td>\n<td style=\"width: 6.33048%;\" colspan=\"1\" rowspan=\"1\">\n<div class=\"magic-29\">13<\/div>\n<\/td>\n<td style=\"width: 40.7725%;\" colspan=\"1\" rowspan=\"1\">\n<div class=\"magic-30\">Caurumu bl\u012bv\u0113jums<\/div>\n<\/td>\n<\/tr>\n<tr>\n<td style=\"width: 3.86266%;\" colspan=\"1\" rowspan=\"1\">\n<div class=\"magic-27\">5<\/div>\n<\/td>\n<td style=\"width: 48.927%;\" colspan=\"1\" rowspan=\"1\">\n<div class=\"magic-28\">Putek\u013cu t\u012br\u012bt\u0101js<\/div>\n<\/td>\n<td style=\"width: 6.33048%;\" colspan=\"1\" rowspan=\"1\">\n<div class=\"magic-29\">14<\/div>\n<\/td>\n<td style=\"width: 40.7725%;\" colspan=\"1\" rowspan=\"1\">\n<div class=\"magic-30\">O veida gredzens<\/div>\n<\/td>\n<\/tr>\n<tr>\n<td style=\"width: 3.86266%;\" colspan=\"1\" rowspan=\"1\">\n<div class=\"magic-27\">6<\/div>\n<\/td>\n<td style=\"width: 48.927%;\" colspan=\"1\" rowspan=\"1\">\n<div class=\"magic-28\">Aizmugur\u0113jais gredzens<\/div>\n<\/td>\n<td style=\"width: 6.33048%;\" colspan=\"1\" rowspan=\"1\">\n<div class=\"magic-29\">15<\/div>\n<\/td>\n<td style=\"width: 40.7725%;\" colspan=\"1\" rowspan=\"1\">\n<div class=\"magic-30\">Nodiluma gredzens<\/div>\n<\/td>\n<\/tr>\n<tr>\n<td style=\"width: 3.86266%;\" colspan=\"1\" rowspan=\"1\">\n<div class=\"magic-27\">7<\/div>\n<\/td>\n<td style=\"width: 48.927%;\" colspan=\"1\" rowspan=\"1\">\n<div class=\"magic-28\">U veida gredzens<\/div>\n<\/td>\n<td style=\"width: 6.33048%;\" colspan=\"1\" rowspan=\"1\">\n<div class=\"magic-29\">16<\/div>\n<\/td>\n<td style=\"width: 40.7725%;\" colspan=\"1\" rowspan=\"1\">\n<div class=\"magic-30\">Rieksts<\/div>\n<\/td>\n<\/tr>\n<tr>\n<td style=\"width: 3.86266%;\" colspan=\"1\" rowspan=\"1\">\n<div class=\"magic-27\">8<\/div>\n<\/td>\n<td style=\"width: 48.927%;\" colspan=\"1\" rowspan=\"1\">\n<div class=\"magic-28\">O veida gredzens<\/div>\n<\/td>\n<td style=\"width: 6.33048%;\" colspan=\"1\" rowspan=\"1\">\n<div class=\"magic-29\">17<\/div>\n<\/td>\n<td style=\"width: 40.7725%;\" colspan=\"1\" rowspan=\"1\">\n<div class=\"magic-30\">Iestat\u012b\u0161anas skr\u016bves<\/div>\n<\/td>\n<\/tr>\n<tr>\n<td style=\"width: 3.86266%;\" colspan=\"1\" rowspan=\"1\">\n<div class=\"magic-27\">9<\/div>\n<\/td>\n<td style=\"width: 48.927%;\" colspan=\"1\" rowspan=\"1\">\n<div class=\"magic-28\">Stie\u0146a bl\u012bv\u0113jums<\/div>\n<\/td>\n<td style=\"width: 6.33048%;\" colspan=\"1\" rowspan=\"1\">\n<div class=\"magic-29\">18<\/div>\n<\/td>\n<td style=\"width: 40.7725%;\" colspan=\"1\" rowspan=\"1\">\n<div class=\"magic-30\">Kontaktdak\u0161a<\/div>\n<\/td>\n<\/tr>\n<\/tbody>\n<\/table>\n<h2>\u0160\u0137\u0113rveida dak\u0161as pac\u0113l\u0101ja transportl\u012bdzek\u013ca st\u016bres hidraulisk\u0101 cilindra izm\u0113ri:<\/h2>\n<table>\n<tbody>\n<tr>\n<td><img loading=\"lazy\" decoding=\"async\" class=\"alignnone size-full wp-image-390\" src=\"https:\/\/fmp-components.com\/wp-content\/uploads\/2024\/12\/Scissor-Fork-Aerial-Work-Vehicle-Steering-Hydraulic-Cylinder-Dimensions-1.webp\" alt=\"\u0160\u0137\u0113rveida dak\u0161as, pac\u0113l\u0101ja, darba, transportl\u012bdzek\u013ca, st\u016bres, hidraulisk\u0101 cilindra izm\u0113ri\" width=\"980\" height=\"415\" title=\"\" srcset=\"https:\/\/fmp-components.com\/wp-content\/uploads\/2024\/12\/Scissor-Fork-Aerial-Work-Vehicle-Steering-Hydraulic-Cylinder-Dimensions-1.webp 980w, https:\/\/fmp-components.com\/wp-content\/uploads\/2024\/12\/Scissor-Fork-Aerial-Work-Vehicle-Steering-Hydraulic-Cylinder-Dimensions-1-480x203.webp 480w\" sizes=\"(min-width: 0px) and (max-width: 480px) 480px, (min-width: 481px) 980px, 100vw\" \/><\/td>\n<td><img loading=\"lazy\" decoding=\"async\" class=\"alignnone size-full wp-image-393\" src=\"https:\/\/fmp-components.com\/wp-content\/uploads\/2024\/12\/Scissor-Fork-Aerial-Work-Vehicle-Steering-Hydraulic-Cylinder-Dimensions-4.webp\" alt=\"\u0160\u0137\u0113rveida dak\u0161as, pac\u0113l\u0101ja, darba, transportl\u012bdzek\u013ca, st\u016bres, hidraulisk\u0101 cilindra izm\u0113ri\" width=\"980\" height=\"388\" title=\"\" srcset=\"https:\/\/fmp-components.com\/wp-content\/uploads\/2024\/12\/Scissor-Fork-Aerial-Work-Vehicle-Steering-Hydraulic-Cylinder-Dimensions-4.webp 980w, https:\/\/fmp-components.com\/wp-content\/uploads\/2024\/12\/Scissor-Fork-Aerial-Work-Vehicle-Steering-Hydraulic-Cylinder-Dimensions-4-480x190.webp 480w\" sizes=\"(min-width: 0px) and (max-width: 480px) 480px, (min-width: 481px) 980px, 100vw\" \/><\/td>\n<\/tr>\n<\/tbody>\n<\/table>\n<table style=\"width: 100%; height: 106px;\" border=\"1\" cellspacing=\"0\" cellpadding=\"0\">\n<tbody>\n<tr style=\"height: 47px;\">\n<td style=\"height: 47px;\" width=\"246\">Cilindra nosaukums<\/td>\n<td style=\"height: 47px;\" width=\"336\">Z\u012bm\u0113juma numurs<\/td>\n<td style=\"height: 47px;\" width=\"126\">Urbuma diametrs (D)<\/td>\n<td style=\"height: 47px;\" width=\"123\">Stie\u0146a diametrs (d)<\/td>\n<td style=\"height: 47px;\" width=\"114\">G\u0101jiens (S)<\/td>\n<td style=\"height: 47px;\" width=\"170\">Uzst\u0101d\u012b\u0161anas att\u0101lums (L)<\/td>\n<td style=\"height: 47px;\" width=\"172\">Darba spiediens<\/td>\n<td style=\"height: 47px;\" width=\"366\">Saskarnes izm\u0113ri (M)<\/td>\n<td style=\"height: 47px;\" width=\"96\">Svars<\/td>\n<\/tr>\n<tr style=\"height: 59px;\">\n<td class=\"et3\" style=\"height: 59px;\" width=\"246\" height=\"197\">St\u016bres cilindrs<\/td>\n<td class=\"et4\" style=\"height: 59px;\" width=\"336\">140XEN-620300-001<\/td>\n<td class=\"et4\" style=\"height: 59px;\" width=\"126\">\u03a640<\/td>\n<td class=\"et4\" style=\"height: 59px;\" width=\"123\">\u03a620<\/td>\n<td class=\"et4\" style=\"height: 59px;\" width=\"114\">125<\/td>\n<td class=\"et4\" style=\"height: 59px;\" width=\"170\">400<\/td>\n<td class=\"et4\" style=\"height: 59px;\" width=\"172\">20MPa<\/td>\n<td class=\"et4\" style=\"height: 59px;\" width=\"366\">2-G1\/4<\/td>\n<td class=\"et4\" style=\"height: 59px;\" width=\"96\">3 kg<\/td>\n<\/tr>\n<\/tbody>\n<\/table>\n<table>\n<tbody>\n<tr>\n<td><img loading=\"lazy\" decoding=\"async\" class=\"alignnone size-full wp-image-392\" src=\"https:\/\/fmp-components.com\/wp-content\/uploads\/2024\/12\/Scissor-Fork-Aerial-Work-Vehicle-Steering-Hydraulic-Cylinder-Dimensions-3.webp\" alt=\"\u0160\u0137\u0113rveida dak\u0161as, pac\u0113l\u0101ja, darba, transportl\u012bdzek\u013ca, st\u016bres, hidraulisk\u0101 cilindra izm\u0113ri\" width=\"980\" height=\"388\" title=\"\" srcset=\"https:\/\/fmp-components.com\/wp-content\/uploads\/2024\/12\/Scissor-Fork-Aerial-Work-Vehicle-Steering-Hydraulic-Cylinder-Dimensions-3.webp 980w, https:\/\/fmp-components.com\/wp-content\/uploads\/2024\/12\/Scissor-Fork-Aerial-Work-Vehicle-Steering-Hydraulic-Cylinder-Dimensions-3-480x190.webp 480w\" sizes=\"(min-width: 0px) and (max-width: 480px) 480px, (min-width: 481px) 980px, 100vw\" \/><\/td>\n<td><img loading=\"lazy\" decoding=\"async\" class=\"alignnone size-full wp-image-391\" src=\"https:\/\/fmp-components.com\/wp-content\/uploads\/2024\/12\/Scissor-Fork-Aerial-Work-Vehicle-Steering-Hydraulic-Cylinder-Dimensions-2.webp\" alt=\"\u0160\u0137\u0113rveida dak\u0161as, pac\u0113l\u0101ja, darba, transportl\u012bdzek\u013ca, st\u016bres, hidraulisk\u0101 cilindra izm\u0113ri\" width=\"980\" height=\"415\" title=\"\" srcset=\"https:\/\/fmp-components.com\/wp-content\/uploads\/2024\/12\/Scissor-Fork-Aerial-Work-Vehicle-Steering-Hydraulic-Cylinder-Dimensions-2.webp 980w, https:\/\/fmp-components.com\/wp-content\/uploads\/2024\/12\/Scissor-Fork-Aerial-Work-Vehicle-Steering-Hydraulic-Cylinder-Dimensions-2-480x203.webp 480w\" sizes=\"(min-width: 0px) and (max-width: 480px) 480px, (min-width: 481px) 980px, 100vw\" \/><\/td>\n<\/tr>\n<\/tbody>\n<\/table>\n<table style=\"width: 100%; height: 113px;\" border=\"1\" cellspacing=\"0\" cellpadding=\"0\">\n<tbody>\n<tr style=\"height: 47px;\">\n<td style=\"height: 47px;\" width=\"246\">Cilindra nosaukums<\/td>\n<td style=\"height: 47px;\" width=\"336\">Z\u012bm\u0113juma numurs<\/td>\n<td style=\"height: 47px;\" width=\"126\">Urbuma diametrs (D)<\/td>\n<td style=\"height: 47px;\" width=\"123\">Stie\u0146a diametrs (d)<\/td>\n<td style=\"height: 47px;\" width=\"114\">G\u0101jiens (S)<\/td>\n<td style=\"height: 47px;\" width=\"170\">Uzst\u0101d\u012b\u0161anas att\u0101lums (L)<\/td>\n<td style=\"height: 47px;\" width=\"172\">Darba spiediens<\/td>\n<td style=\"height: 47px;\" width=\"366\">Saskarnes izm\u0113ri (M)<\/td>\n<td style=\"height: 47px;\" width=\"96\">Svars<\/td>\n<\/tr>\n<tr style=\"height: 66px;\">\n<td class=\"et3\" style=\"height: 66px;\" width=\"246\" height=\"173\">St\u016bres cilindrs<\/td>\n<td class=\"et4\" style=\"height: 66px;\" width=\"336\">DL4020-00A<\/td>\n<td class=\"et4\" style=\"height: 66px;\" width=\"126\">\u03a640<\/td>\n<td class=\"et4\" style=\"height: 66px;\" width=\"123\">\u03a620<\/td>\n<td class=\"et4\" style=\"height: 66px;\" width=\"114\">150<\/td>\n<td class=\"et4\" style=\"height: 66px;\" width=\"170\">400<\/td>\n<td class=\"et4\" style=\"height: 66px;\" width=\"172\">12MPa<\/td>\n<td class=\"et4\" style=\"height: 66px;\" width=\"366\">2-M14*1.5<\/td>\n<td class=\"et4\" style=\"height: 66px;\" width=\"96\">4 kg<\/td>\n<\/tr>\n<\/tbody>\n<\/table>\n<h2>Pieejamie hidrauliskie cilindri Z\u012bmols un mode\u013ci:<\/h2>\n<table border=\"1\" cellspacing=\"0\" cellpadding=\"0\">\n<tbody>\n<tr>\n<td><b data-spm-anchor-id=\"a2700.details.0.i43.45d84a73e99C9z\">KOMATSU (PC)<\/b><\/td>\n<td>PC30, PC40, PC50, PC56, PC60, PC78, PC100, PC110, PC120, PC130, PC160, PC200-3\/5\/6\/7\/8\/8MO, PC210, PC220-5\/6\/7\/8\/8MO, PC240, PC300\/350\/360-5\/6\/7\/8\/8MO, PC400\/450-5\/6\/7\/8\/8MO, PC800, PC850<\/td>\n<\/tr>\n<tr>\n<td><b>K\u0100P\u0112RS (E)<\/b><\/td>\n<td>E301.5, E302, E305.5, E306, E307V1\/V2\/B\/C\/D\/E\/F, E308B\/C, E120B, E312V1\/V2\/B\/C\/D, E313D2, E312D2, E315D,<br \/>\nE200B,E320V1\/V2\/A\/B\/C\/D,E324D,E325C\/D,E329D,E330\/336C\/D,E345C,E349D,E365C,E374,E390<\/td>\n<\/tr>\n<tr>\n<td><b>KOBELCO (SK)<\/b><\/td>\n<td>SK60-3\/5\/8, SK75-8\/SR, SK100 ,SK120-3\/5, SK135-8\/SR, SK140-8, SK200-3\/5\/6\/6E, SK210-3\/5\/6\/6E,<br \/>\nSK230\/250-6E,SK250-8,SK260-8,SK350-8\/S8,SK460\/480-8<\/td>\n<\/tr>\n<tr>\n<td><b>HYUNDAI (R)<\/b><\/td>\n<td>R55-5\/7, R60-5\/7, R80, R110, R130, R200-5, R210-5, R215-5\/7, R220-5\/7\/9, R225-5\/7\/9, R250, R260, R265, R290, R305, R445, R485, R505<\/td>\n<\/tr>\n<tr>\n<td><b data-spm-anchor-id=\"a2700.details.0.i53.45d84a73e99C9z\">HITACHI (EX.ZX)<\/b><\/td>\n<td>EX60, EX100-1\/2\/3, EX120-1\/3\/5\/6, EX200-1\/3\/5, EX230-5, EX300-1, EX400<br \/>\nZAX60, ZAX70, ZA120-6, ZAX200\/210-1\/3\/5\/5K, ZAX240, ZAX250, ZAX260, ZAX330-3\/5\/6, ZAX450\/470, ZAX650\/670, ZAX850\/870<\/td>\n<\/tr>\n<tr>\n<td>\n<div class=\"magic-32\"><b data-spm-anchor-id=\"a2700.details.0.i55.45d84a73e99C9z\">DOOSAN (DH\/DX)<\/b><\/div>\n<\/td>\n<td>\n<div class=\"magic-33\"><span class=\"magic-34\">DH55, DH60, DH80, DH150, DH215-5\/7, DH220-5, DH225-5\/7, DH258, DH300-5\/7, DH370, DH420, DH500<br \/>\nDX55, DX60, DX75, DX130, DX225-9, DX300, DX380, DX420, DX500<\/span><\/div>\n<\/td>\n<\/tr>\n<tr>\n<td>\n<div class=\"magic-32\"><b>VOLVO (EK)<\/b><\/div>\n<\/td>\n<td>\n<div class=\"magic-33\"><span class=\"magic-34\">EC55, EC60, EC75, EC80, EC140, EC210B\/D, EC220D, EC240, EC250, EC290, EC300, EC360, EC380, EC460, EC480, EC700, EC750, EC950<\/span><\/div>\n<\/td>\n<\/tr>\n<tr>\n<td>\n<div class=\"magic-32\"><b>KATO (HD)<\/b><\/div>\n<\/td>\n<td>\n<div class=\"magic-33\"><span class=\"magic-34\">HD307\/308, HD450, HD512, HD700-5\/7, HD820-1\/2\/3\/5\/R, HD1023-1\/3, HD1430-1\/3<\/span><\/div>\n<\/td>\n<\/tr>\n<tr>\n<td>\n<div class=\"magic-32\"><b>CITS Z\u012aMOLS<\/b><\/div>\n<\/td>\n<td>\n<div class=\"magic-33\"><span class=\"magic-34\">XCMG,LIUGONG,KUBOTA,CASE,YANMAR,SUNWARD,ZOOMLION,LISHIDE,LIEHERR<\/span><\/div>\n<\/td>\n<\/tr>\n<\/tbody>\n<\/table>\n<h3>\u0160\u0137\u0113rveida dak\u0161as gaisa darba transportl\u012bdzek\u013ca st\u016bres cilindra \u012bpa\u0161\u012bbas<\/h3>\n<h4>1. Prec\u012bza st\u016bres vad\u012bba<\/h4>\n<p>\u0160\u0137\u0113rveida dak\u0161as tipa gaisa darba transportl\u012bdzek\u013ca st\u016bres cilindrs ir izstr\u0101d\u0101ts, lai nodro\u0161in\u0101tu prec\u012bzas st\u016br\u0113\u0161anas iesp\u0113jas, \u013caujot operatoriem viegli p\u0101rvietoties \u0161aur\u0101s telp\u0101s. T\u0101 hidraulisk\u0101 sist\u0113ma nodro\u0161ina vienm\u0113r\u012bgas un atsauc\u012bgas kust\u012bbas, \u013caujot prec\u012bzi pozicion\u0113t pac\u0113l\u0101ju darb\u012bbas laik\u0101.<\/p>\n<h4>2. Augsta iztur\u012bba<\/h4>\n<p>St\u016bres cilindrs ir izgatavots no augstas iztur\u012bbas materi\u0101liem, lai iztur\u0113tu sare\u017e\u0123\u012btu darba vidi. T\u0101 iztur\u012bg\u0101 konstrukcija nodro\u0161ina ilgsto\u0161u veiktsp\u0113ju, samazinot nepiecie\u0161am\u012bbu p\u0113c bie\u017eas apkopes un nomai\u0146as, kas veicina kop\u0113jo darb\u012bbas efektivit\u0101ti.<\/p>\n<h4>3. Efekt\u012bva hidraulisk\u0101 darb\u012bba<\/h4>\n<p>Cilindrs izmanto efekt\u012bvu hidraulisko meh\u0101nismu, kas samazina jaudas zudumus, vienlaikus maksim\u0101li palielinot veiktsp\u0113ju. \u0160\u012b efekt\u012bv\u0101 darb\u012bba ne tikai uzlabo st\u016br\u0113\u0161anas reakciju, bet ar\u012b ietaupa ener\u0123iju, padarot gaisa darba transportl\u012bdzek\u013ca ekspluat\u0101ciju ekonomisk\u0101ku.<\/p>\n<h4>4. Dro\u0161\u012bbas funkcijas<\/h4>\n<p>Ietverot uzlabotas dro\u0161\u012bbas funkcijas, st\u016bres cilindrs pal\u012bdz nov\u0113rst nejau\u0161u p\u0101rst\u016br\u0113\u0161anu un nodro\u0161ina stabilit\u0101ti ekspluat\u0101cijas laik\u0101. \u0160ie dro\u0161\u012bbas meh\u0101nismi sniedz operatoriem sirdsmieru, \u013caujot vi\u0146iem koncentr\u0113ties uz saviem uzdevumiem, neuztraucoties par vad\u012bbas probl\u0113m\u0101m.<\/p>\n<h4>5. Daudzpus\u012bgs pielietojums<\/h4>\n<p>\u0160\u0137\u0113rveida dak\u0161as tipa gaisa darba transportl\u012bdzek\u013ca st\u016bres cilindrs ir piem\u0113rots pla\u0161am pielietojumu kl\u0101stam, tostarp b\u016bvniec\u012bbai, apkopei un noliktavu darbiem. T\u0101 daudzpus\u012bba padara to par b\u016btisku jebkura gaisa darba transportl\u012bdzek\u013ca sast\u0101vda\u013cu, nodro\u0161inot efekt\u012bvu vad\u0101m\u012bbu un manevr\u0113tsp\u0113ju da\u017e\u0101d\u0101s darba vid\u0113s.<\/p>\n<table style=\"width: 100%;\" border=\"1\" width=\"100%\" cellspacing=\"0\" cellpadding=\"0\">\n<tbody>\n<tr>\n<td style=\"width: 49.3563%;\" width=\"226\"><img loading=\"lazy\" decoding=\"async\" class=\"alignnone size-full wp-image-388\" src=\"https:\/\/fmp-components.com\/wp-content\/uploads\/2024\/12\/Scissor-Fork-Aerial-Work-Vehicle-Steering-Cylinder-Advantages-1.webp\" alt=\"\u0160\u0137\u0113rveida dak\u0161as, gaisa darba, transportl\u012bdzek\u013ca, st\u016bres cilindra priek\u0161roc\u012bbas\" width=\"800\" height=\"500\" title=\"\" srcset=\"https:\/\/fmp-components.com\/wp-content\/uploads\/2024\/12\/Scissor-Fork-Aerial-Work-Vehicle-Steering-Cylinder-Advantages-1.webp 800w, https:\/\/fmp-components.com\/wp-content\/uploads\/2024\/12\/Scissor-Fork-Aerial-Work-Vehicle-Steering-Cylinder-Advantages-1-480x300.webp 480w\" sizes=\"(min-width: 0px) and (max-width: 480px) 480px, (min-width: 481px) 800px, 100vw\" \/><\/td>\n<td style=\"width: 50.4291%;\" width=\"64\"><img loading=\"lazy\" decoding=\"async\" class=\"alignnone wp-image-389\" src=\"https:\/\/fmp-components.com\/wp-content\/uploads\/2024\/12\/Scissor-Fork-Aerial-Work-Vehicle-Steering-Cylinder-Advantages-2.webp\" alt=\"\u0160\u0137\u0113rveida dak\u0161as, gaisa darba, transportl\u012bdzek\u013ca, st\u016bres cilindra priek\u0161roc\u012bbas\" width=\"443\" height=\"277\" title=\"\"><\/td>\n<\/tr>\n<\/tbody>\n<\/table>\n<h2>Par FMP<\/h2>\n<p>FMP ir specializ\u0113ts hidraulisko cilindru ra\u017eot\u0101js, kas ir paz\u012bstams ar savu sp\u0113c\u012bgo uzsvaru uz p\u0113tniec\u012bbu un ra\u017eo\u0161anas izcil\u012bbu. Kop\u0161 dibin\u0101\u0161anas uz\u0146\u0113mums ir velt\u012bjis sevi hidraulisko cilindru tehnolo\u0123iju nep\u0101rtrauktai att\u012bst\u012bbai. S\u0101kotn\u0113ji FMP ra\u017eoja da\u017e\u0101dus produktus ra\u017eas nov\u0101k\u0161anas un celtniec\u012bbas tehnikai; tom\u0113r kop\u0161 t\u0101 laika tas ir \u012bpa\u0161i koncentr\u0113jies uz lauksaimniec\u012bbas traktoru deta\u013c\u0101m.<\/p>\n<p>Ar vair\u0101k nek\u0101 desmit gadu ra\u017eo\u0161anas pieredzi FMP apvieno pla\u0161u vad\u012bbas pieredzi ar progres\u012bv\u0101m ra\u017eo\u0161anas tehnolo\u0123ij\u0101m, lai nodro\u0161in\u0101tu augst\u0101kos kvalit\u0101tes standartus savos produktos. Uz\u0146\u0113mums ir izveidojis visaptvero\u0161u apstr\u0101des ra\u017eo\u0161anas l\u012bniju, mont\u0101\u017eas l\u012bniju un p\u0101rkl\u0101\u0161anas l\u012bniju, kas \u013cauj tam nodro\u0161in\u0101t uzticamus un efekt\u012bvus ra\u017eo\u0161anas procesus.<\/p>\n<p>FMP izaugsmi ir atbalst\u012bjusi \u012bpa\u0161a komanda, kur\u0101 ir pieredz\u0113ju\u0161i vad\u012bbas darbinieki, prasm\u012bgi meh\u0101niskie konstruktori un augsti kvalific\u0113ti tehni\u0137i. \u0160\u012b sadarb\u012bbas pieeja nodro\u0161ina nemain\u012bgu produktu kvalit\u0101ti un efekt\u012bvi p\u0101rvalda procesu nep\u0101rtraukt\u012bbu, uzlabojot kop\u0113jo ra\u017eo\u0161anas efektivit\u0101ti.<\/p>\n<p>FMP filozofijas pamat\u0101 ir v\u0113rt\u012bbas \u201cTehnolo\u0123isk\u0101s inov\u0101cijas virza progresu\u201d, \u201cKvalit\u0101te rada z\u012bmolus\u201d, \u201cMeistar\u012bba nodro\u0161ina kvalit\u0101ti\u201d un \u201cIlgtermi\u0146a, abpus\u0113ji izdev\u012bgu attiec\u012bbu veido\u0161ana\u201d. Uz\u0146\u0113mums ir ap\u0146\u0113mies nodro\u0161in\u0101t augstas kvalit\u0101tes produktus, vienlaikus sniedzot izcilu klientu apkalpo\u0161anu. FMP past\u0101v\u012bgi cen\u0161as piel\u0101goties main\u012bgaj\u0101m tirgus vajadz\u012bb\u0101m, pozicion\u0113jot sevi k\u0101 uzticamu partneri lauksaimniec\u012bbas tehnikas nozar\u0113. Ar savu ap\u0146em\u0161anos nodro\u0161in\u0101t inov\u0101cijas un kvalit\u0101ti FMP m\u0113r\u0137is ir sniegt iev\u0113rojamu ieguld\u012bjumu hidraulisk\u0101s tehnolo\u0123ijas att\u012bst\u012bb\u0101 lauksaimniec\u012bbas nozar\u0113.<\/p>\n<p><img loading=\"lazy\" decoding=\"async\" class=\"alignnone wp-image-359\" src=\"https:\/\/fmp-components.com\/wp-content\/uploads\/2024\/12\/fmp-factory-3.webp\" sizes=\"(min-width: 0px) and (max-width: 480px) 480px, (min-width: 481px) 914px, 100vw\" srcset=\"https:\/\/fmp-components.com\/wp-content\/uploads\/2024\/12\/fmp-factory-3.webp 914w, https:\/\/fmp-components.com\/wp-content\/uploads\/2024\/12\/fmp-factory-3-480x321.webp 480w\" alt=\"fmp-factory\" width=\"914\" height=\"612\" title=\"\"><\/p>\n<p>Autors: CX<\/p>","protected":false},"excerpt":{"rendered":"<p>\u0160\u0137\u0113rveida dak\u0161as pac\u0113l\u0101ja transportl\u012bdzek\u013ca st\u016bres hidrauliskais cilindrs ir kritiski svar\u012bga sast\u0101vda\u013ca, kas paredz\u0113ta, lai nodro\u0161in\u0101tu prec\u012bzu st\u016br\u0113\u0161anu un manevr\u0113tsp\u0113ju \u0161\u0137\u0113rveida pac\u0113l\u0101ju platform\u0101m. \u0160is hidrauliskais cilindrs atvieglo vienm\u0113r\u012bgu un kontrol\u0113tu pagrie\u0161anos, \u013caujot operatoriem p\u0101rvietoties \u0161aur\u0101s telp\u0101s un prec\u012bzi novietot pac\u0113l\u0101ju da\u017e\u0101d\u0101s darba viet\u0101s. Izgatavots no augstas iztur\u012bbas materi\u0101liem, tas nodro\u0161ina iztur\u012bbu un uzticam\u012bbu sare\u017e\u0123\u012btos apst\u0101k\u013cos, vienlaikus pied\u0101v\u0101jot atsauc\u012bgu veiktsp\u0113ju. Ar savu efekt\u012bvo hidraulisko darb\u012bbu \u0161is cilindrs uzlabo pac\u0113l\u0101ju visp\u0101r\u0113jo funkcionalit\u0101ti, padarot to par b\u016btisku instrumentu b\u016bvniec\u012bbas, apkopes un cit\u0101s jom\u0101s, kur pieejam\u012bba un kontrole ir \u0101rk\u0101rt\u012bgi svar\u012bga.<\/p>","protected":false},"featured_media":396,"comment_status":"open","ping_status":"closed","template":"","meta":{"_et_pb_use_builder":"","_et_pb_old_content":"","_et_gb_content_width":""},"product_brand":[],"product_cat":[22],"product_tag":[],"class_list":{"0":"post-384","1":"product","2":"type-product","3":"status-publish","4":"has-post-thumbnail","6":"product_cat-aerial-work-vehicle-hydraulic-cylinders","8":"first","9":"instock","10":"shipping-taxable","11":"product-type-simple"},"_links":{"self":[{"href":"https:\/\/fmp-components.com\/lv\/wp-json\/wp\/v2\/product\/384","targetHints":{"allow":["GET"]}}],"collection":[{"href":"https:\/\/fmp-components.com\/lv\/wp-json\/wp\/v2\/product"}],"about":[{"href":"https:\/\/fmp-components.com\/lv\/wp-json\/wp\/v2\/types\/product"}],"replies":[{"embeddable":true,"href":"https:\/\/fmp-components.com\/lv\/wp-json\/wp\/v2\/comments?post=384"}],"wp:featuredmedia":[{"embeddable":true,"href":"https:\/\/fmp-components.com\/lv\/wp-json\/wp\/v2\/media\/396"}],"wp:attachment":[{"href":"https:\/\/fmp-components.com\/lv\/wp-json\/wp\/v2\/media?parent=384"}],"wp:term":[{"taxonomy":"product_brand","embeddable":true,"href":"https:\/\/fmp-components.com\/lv\/wp-json\/wp\/v2\/product_brand?post=384"},{"taxonomy":"product_cat","embeddable":true,"href":"https:\/\/fmp-components.com\/lv\/wp-json\/wp\/v2\/product_cat?post=384"},{"taxonomy":"product_tag","embeddable":true,"href":"https:\/\/fmp-components.com\/lv\/wp-json\/wp\/v2\/product_tag?post=384"}],"curies":[{"name":"wp","href":"https:\/\/api.w.org\/{rel}","templated":true}]}}