{"id":3697,"date":"2025-01-09T07:44:24","date_gmt":"2025-01-09T07:44:24","guid":{"rendered":"https:\/\/fmp-components.com\/?page_id=8"},"modified":"2025-01-09T07:44:24","modified_gmt":"2025-01-09T07:44:24","slug":"wheel-drive-planetary-gearbox-reducer-for-cranes","status":"publish","type":"product","link":"https:\/\/fmp-components.com\/lv\/product\/wheel-drive-planetary-gearbox-reducer-for-cranes\/","title":{"rendered":"Kravas rite\u0146u piedzi\u0146as plan\u0113tu p\u0101rnesumk\u0101rbas reduktors"},"content":{"rendered":"<p style=\"text-align: center;\"><span style=\"font-size: 18pt;\">Kravas rite\u0146u piedzi\u0146as plan\u0113tu p\u0101rnesumk\u0101rbas reduktors<\/span><\/p>\n<p>Celt\u0146u rite\u0146u piedzi\u0146as planet\u0101r\u0101 p\u0101rnesumk\u0101rbas reduktors ir galven\u0101 sast\u0101vda\u013ca, kas nodro\u0161ina celt\u0146u mobilit\u0101ti un stabilit\u0101ti. Tas ir atbild\u012bgs par jaudas p\u0101rnesi no celt\u0146a dzin\u0113ja uz rite\u0146iem, nodro\u0161inot vienm\u0113r\u012bgu un kontrol\u0113tu kust\u012bbu. Atkar\u012bb\u0101 no celt\u0146a rite\u0146u konfigur\u0101cijas katra rite\u0146a piedzi\u0146ai var izmantot vair\u0101kas planet\u0101r\u0101s p\u0101rnesumk\u0101rbas, \u013caujot celtnim efekt\u012bvi manevr\u0113t da\u017e\u0101d\u0101s darba vid\u0113s.<\/p>\n<p><img loading=\"lazy\" decoding=\"async\" class=\"wp-image-3698 aligncenter\" src=\"https:\/\/fmp-components.com\/wp-content\/uploads\/2025\/01\/0_wheel-drive-application-2-11.webp\" alt=\"rite\u0146u piedzi\u0146as pielietojums\" width=\"537\" height=\"453\" title=\"\" srcset=\"https:\/\/fmp-components.com\/wp-content\/uploads\/2025\/01\/0_wheel-drive-application-2-11.webp 344w, https:\/\/fmp-components.com\/wp-content\/uploads\/2025\/01\/0_wheel-drive-application-2-11-300x253.webp 300w, https:\/\/fmp-components.com\/wp-content\/uploads\/2025\/01\/0_wheel-drive-application-2-11-14x12.webp 14w\" sizes=\"(max-width: 537px) 100vw, 537px\" \/><\/p>\n<p><strong>Kravas celt\u0146u rite\u0146u piedzi\u0146as veiktsp\u0113jas pras\u012bbas<\/strong><\/p>\n<ul>\n<li><strong>Augsta griezes momenta jauda:<\/strong> P\u0101rnesumk\u0101rbai j\u0101sp\u0113j iztur\u0113t celt\u0146a smag\u0101s slodzes, nodro\u0161inot uzticamu jaudas p\u0101rnesi uz rite\u0146iem sare\u017e\u0123\u012btos apst\u0101k\u013cos.<\/li>\n<li><strong>Zema trok\u0161\u0146a darb\u012bba:<\/strong> Lai samazin\u0101tu trok\u0161\u0146a pies\u0101r\u0146ojumu darba viet\u0101s, p\u0101rnesumk\u0101rba ir paredz\u0113ta klusai darb\u012bbai, saglab\u0101jot mier\u012bgu darba vidi.<\/li>\n<li><strong>Augsta efektivit\u0101te:<\/strong> P\u0101rnesumk\u0101rbai j\u0101nodro\u0161ina efekt\u012bva jaudas p\u0101rne\u0161ana, samazinot ener\u0123ijas zudumus un optimiz\u0113jot celt\u0146a veiktsp\u0113ju maksim\u0101lai produktivit\u0101tei.<\/li>\n<li><strong>Iztur\u012bba:<\/strong> P\u0101rnesumk\u0101rba, kas ir izstr\u0101d\u0101ta, lai iztur\u0113tu sare\u017e\u0123\u012btus darba apst\u0101k\u013cus, tai j\u0101iztur skarbi apst\u0101k\u013ci, tostarp ekstrem\u0101li laikapst\u0101k\u013ci un intens\u012bva lieto\u0161ana, nodro\u0161inot ilgu kalpo\u0161anas laiku.<\/li>\n<li><strong>Stabilit\u0101te:<\/strong> P\u0101rnesumk\u0101rbai ir iz\u0161\u0137iro\u0161a noz\u012bme, lai nodro\u0161in\u0101tu, ka celtnis darbojas uz stabilas platformas, saglab\u0101jot l\u012bdzsvaru un kontroli smagu kravu cel\u0161anas un p\u0101rvieto\u0161anas laik\u0101.<\/li>\n<\/ul>\n<h2>K\u0101 rite\u0146u piedzi\u0146a darbojas ar celt\u0146iem<\/h2>\n<p>Rite\u0146u piedzi\u0146a celt\u0146os attiecas uz meh\u0101nismu, kas darbina celt\u0146a rite\u0146us, \u013caujot tam p\u0101rvietoties pa slied\u0113m vai p\u0101ri virsmai. \u0160\u012b sist\u0113ma parasti izmanto elektriskos vai hidrauliskos motorus, kas savienoti ar rite\u0146iem un \u0123ener\u0113 nepiecie\u0161amo griezes momentu celt\u0146a p\u0101rvieto\u0161anai. Izmantot\u0101s piedzi\u0146as veids (hidraulisk\u0101 vai elektrisk\u0101) ir atkar\u012bgs no celt\u0146a konstrukcijas un pielietojuma pras\u012bb\u0101m.<\/p>\n<p>Elektrisk\u0101s rite\u0146u piedzi\u0146as sist\u0113m\u0101s elektromotori pieg\u0101d\u0101 jaudu rite\u0146iem, izmantojot virkni reduktoru vai tie\u0161o piedzi\u0146u. Motorus bie\u017ei darbina celt\u0146a galvenais baro\u0161anas avots vai \u0101r\u0113js avots. \u0160os motorus var vad\u012bt, izmantojot sare\u017e\u0123\u012btas sist\u0113mas, lai piel\u0101gotu celt\u0146a \u0101trumu, virzienu un pa\u0101trin\u0101jumu, nodro\u0161inot precizit\u0101ti un efektivit\u0101ti.<\/p>\n<p>Savuk\u0101rt hidraulisk\u0101s rite\u0146u piedzi\u0146as sist\u0113mas rite\u0146u piedzi\u0146ai izmanto hidrauliskos motorus. \u0160os motorus darbina hidrauliskie s\u016bk\u0146i, kurus parasti darbina d\u012bze\u013cdzin\u0113js vai elektriskais dzin\u0113js. Hidraulisk\u0101 piedzi\u0146a nodro\u0161ina lielu griezes momentu un bie\u017ei tiek izv\u0113l\u0113ta celt\u0146os, kuriem j\u0101p\u0101rvieto smagas kravas vai j\u0101darbojas sare\u017e\u0123\u012bt\u0101 vid\u0113, kur nepiecie\u0161ama liela jauda un stabila veiktsp\u0113ja.<\/p>\n<p><img loading=\"lazy\" decoding=\"async\" class=\"wp-image-3699 aligncenter\" src=\"https:\/\/fmp-components.com\/wp-content\/uploads\/2025\/01\/0_Reggiana-Riduttori-71.webp\" alt=\"Reggiana-Riduttori\" width=\"726\" height=\"620\" title=\"\" srcset=\"https:\/\/fmp-components.com\/wp-content\/uploads\/2025\/01\/0_Reggiana-Riduttori-71.webp 726w, https:\/\/fmp-components.com\/wp-content\/uploads\/2025\/01\/0_Reggiana-Riduttori-71-480x410.webp 480w\" sizes=\"(min-width: 0px) and (max-width: 480px) 480px, (min-width: 481px) 726px, 100vw\" \/><\/p>\n<h2>Popul\u0101ri z\u012bmoli un sader\u012bba<\/h2>\n<p><span style=\"color: #ff0000;\"><em><strong>Piez\u012bme: Rakst\u0101 min\u0113tie z\u012bmolu nosaukumi ir paredz\u0113ti tikai m\u016bsu \u0113rt\u012bb\u0101m, lai klienti var\u0113tu izv\u0113l\u0113ties un nomain\u012bt atbilsto\u0161\u0101 lauksaimniec\u012bbas tehnikas z\u012bmola piederumus, un tie nep\u0101rdod \u0161\u012b z\u012bmola produktus.<\/strong><\/em><\/span><\/p>\n<table style=\"width: 96.3288%; height: 140px;\">\n<tbody>\n<tr>\n<th>Z\u012bmols<\/th>\n<th>Modelis<\/th>\n<th>Sader\u012bba<\/th>\n<\/tr>\n<tr>\n<td>Zoomlion<\/td>\n<td>QUY260<\/td>\n<td>Sader\u012bgs<\/td>\n<\/tr>\n<tr>\n<td>XCMG<\/td>\n<td>QY50K<\/td>\n<td>Sader\u012bgs<\/td>\n<\/tr>\n<tr>\n<td>Sanijs<\/td>\n<td>STC250<\/td>\n<td>Sader\u012bgs<\/td>\n<\/tr>\n<tr>\n<td>Tereks<\/td>\n<td>RT555-1<\/td>\n<td>Sader\u012bgs<\/td>\n<\/tr>\n<\/tbody>\n<\/table>\n<h2>Par FMP<\/h2>\n<p>FMP ir vado\u0161ais ra\u017eot\u0101js, kas specializ\u0113jas pla\u0161a meh\u0101nisko un hidraulisko transmisiju produktu ra\u017eo\u0161an\u0101. M\u016bsu produktu kl\u0101st\u0101 ietilpst planet\u0101r\u0101s p\u0101rnesumk\u0101rbas, t\u0101rpu reduktori, rindas spir\u0101lveida zobratu reduktori, paral\u0113lo v\u0101rpstu spir\u0101lveida zobratu reduktori, spir\u0101lveida konusveida zobratu reduktori, spir\u0101lveida t\u0101rpu reduktori, lauksaimniec\u012bbas p\u0101rnesumk\u0101rbas, traktoru p\u0101rnesumk\u0101rbas, automobi\u013cu p\u0101rnesumk\u0101rbas, jaudas izejas v\u0101rpstas un specializ\u0113tie reduktori. Turkl\u0101t m\u0113s pied\u0101v\u0101jam pla\u0161u papildino\u0161u komponentu kl\u0101stu, piem\u0113ram, zobratus, hidraulisk\u0101s sist\u0113mas, vakuuma s\u016bk\u0146us, hidrauliskos savienojumus, zobstie\u0146us, \u0137\u0113des, zobratus, UDL transmisijas, \u0137\u012b\u013csiksnu skrieme\u013cus, hidrauliskos cilindrus, zobratu s\u016bk\u0146us, skr\u016bvju gaisa kompresorus un mazas br\u012bvkust\u012bbas t\u0101rpu reduktorus, k\u0101 ar\u012b citus.<\/p>\n<p><strong>Piel\u0101goti risin\u0101jumi katrai vajadz\u012bbai<\/strong><\/p>\n<p>Uz\u0146\u0113mum\u0101 FMP m\u0113s saprotam, ka katrs pielietojums ir unik\u0101ls. T\u0101p\u0113c m\u0113s pied\u0101v\u0101jam piln\u012bb\u0101 piel\u0101gojamus risin\u0101jumus, tostarp individu\u0101li izgatavotas transmisijas, reduktormotorus, hidraulisk\u0101s sist\u0113mas un motorus, kas izstr\u0101d\u0101ti, lai atbilstu m\u016bsu klientu \u012bpa\u0161aj\u0101m pras\u012bb\u0101m. M\u016bsu elast\u012bg\u0101s ra\u017eo\u0161anas iesp\u0113jas \u013cauj mums rad\u012bt prec\u012bzi konstru\u0113tus produktus, kas piel\u0101goti, lai nodro\u0161in\u0101tu maksim\u0101lu efektivit\u0101ti un optim\u0101lu veiktsp\u0113ju jebkuram pielietojumam.<\/p>\n<p><strong>Ap\u0146em\u0161an\u0101s nodro\u0161in\u0101t kvalit\u0101ti un inov\u0101cijas<\/strong><\/p>\n<p>M\u0113s esam dzi\u013ci ap\u0146\u0113mu\u0161ies uztur\u0113t augst\u0101kos kvalit\u0101tes un uzticam\u012bbas standartus katr\u0101 ra\u017eotaj\u0101 produkt\u0101. M\u016bsu modernais test\u0113\u0161anas un p\u0101rbaudes apr\u012bkojums, k\u0101 ar\u012b augsti kvalific\u0113ta tehnisk\u0101 komanda nodro\u0161ina, ka katrs produkts atbilst stingriem nozares standartiem. Neatkar\u012bgi no t\u0101, vai tiek pied\u0101v\u0101ti standarta risin\u0101jumi vai rad\u012bti individu\u0101li izstr\u0101d\u0101ti produkti, FMP ir ap\u0146\u0113mies nodro\u0161in\u0101t augst\u0101k\u0101s kvalit\u0101tes rezult\u0101tus, kas izcili darbojas pat vispras\u012bg\u0101kaj\u0101s vid\u0113s.<\/p>\n<p>P\u0113d\u0113jos gados FMP ir piedz\u012bvojis strauju izaugsmi, pateicoties m\u016bsu pla\u0161ajai ra\u017eo\u0161anas pieredzei, sp\u0113c\u012bgaj\u0101m vad\u012bbas sist\u0113m\u0101m un sp\u0113c\u012bgajai tehniskajai pieredzei. M\u016bsu filozofija \"kvalit\u0101te izdz\u012bvo\u0161anai un inov\u0101cija att\u012bst\u012bbai\" ir bijusi m\u016bsu pan\u0101kumu st\u016brakmens, kas veicina nep\u0101rtrauktu uzlabo\u0161anos un izaugsmi.<\/p>\n<p><strong>Partner\u012bba pan\u0101kumiem<\/strong><\/p>\n<p>FMP m\u0113s priorit\u0101ti pie\u0161\u0137iram sadarb\u012bbai un ilgtermi\u0146a partnerattiec\u012bb\u0101m ar saviem klientiem. M\u0113s cie\u0161i sadarbojamies ar saviem klientiem, lai sniegtu inovat\u012bvus un uzticamus risin\u0101jumus, kas p\u0101rsniedz cer\u012bbas. M\u016bsu m\u0113r\u0137is ir ne tikai apmierin\u0101t klientu vajadz\u012bbas, bet ar\u012b veidot ilgsto\u0161as \u200b\u200battiec\u012bbas, kuru pamat\u0101 ir uztic\u0113\u0161an\u0101s, kvalit\u0101te un abpus\u0113ji pan\u0101kumi.<\/p>\n<p>Koncentr\u0113joties uz prec\u012bzu in\u017eenieriju, uzticam\u012bbu un piel\u0101gotiem pakalpojumiem, FMP ir uzticams partneris vis\u0101m j\u016bsu meh\u0101niskaj\u0101m un hidrauliskaj\u0101m transmisij\u0101m. M\u0113s ceram uz sadarb\u012bbu ar jums, lai kop\u012bgi g\u016btu pan\u0101kumus un sasniegtu izcil\u012bbu.<\/p>\n<p><img loading=\"lazy\" decoding=\"async\" class=\"alignnone size-full wp-image-3678\" src=\"https:\/\/fmp-components.com\/wp-content\/uploads\/2025\/01\/worm-gearbox-factory1.webp\" alt=\"t\u0101rpu p\u0101rnesumk\u0101rbas r\u016bpn\u012bca\" width=\"1024\" height=\"888\" title=\"\" srcset=\"https:\/\/fmp-components.com\/wp-content\/uploads\/2025\/01\/worm-gearbox-factory1.webp 1024w, https:\/\/fmp-components.com\/wp-content\/uploads\/2025\/01\/worm-gearbox-factory1-980x850.webp 980w, https:\/\/fmp-components.com\/wp-content\/uploads\/2025\/01\/worm-gearbox-factory1-480x416.webp 480w\" sizes=\"(min-width: 0px) and (max-width: 480px) 480px, (min-width: 481px) and (max-width: 980px) 980px, (min-width: 981px) 1024px, 100vw\" \/><\/p>\n<p>Autors: CX<\/p>","protected":false},"excerpt":{"rendered":"<p>Wheel Drive Planetary Gearbox Reducer for Cranes The wheel drive planetary gearbox reducer for cranes is a key component in providing mobility and stability to cranes. It is responsible for transmitting power from the crane\u2019s engine to the wheels, ensuring smooth and controlled movement. Depending on the crane&#8217;s wheel configuration, multiple planetary gearboxes may be [&hellip;]<\/p>","protected":false},"featured_media":3700,"comment_status":"open","ping_status":"closed","template":"","meta":{"_et_pb_use_builder":"","_et_pb_old_content":"","_et_gb_content_width":""},"product_brand":[],"product_cat":[90],"product_tag":[],"class_list":{"0":"post-3697","1":"product","2":"type-product","3":"status-publish","4":"has-post-thumbnail","6":"product_cat-planetary-gearbox","8":"first","9":"instock","10":"shipping-taxable","11":"product-type-simple"},"_links":{"self":[{"href":"https:\/\/fmp-components.com\/lv\/wp-json\/wp\/v2\/product\/3697","targetHints":{"allow":["GET"]}}],"collection":[{"href":"https:\/\/fmp-components.com\/lv\/wp-json\/wp\/v2\/product"}],"about":[{"href":"https:\/\/fmp-components.com\/lv\/wp-json\/wp\/v2\/types\/product"}],"replies":[{"embeddable":true,"href":"https:\/\/fmp-components.com\/lv\/wp-json\/wp\/v2\/comments?post=3697"}],"wp:featuredmedia":[{"embeddable":true,"href":"https:\/\/fmp-components.com\/lv\/wp-json\/wp\/v2\/media\/3700"}],"wp:attachment":[{"href":"https:\/\/fmp-components.com\/lv\/wp-json\/wp\/v2\/media?parent=3697"}],"wp:term":[{"taxonomy":"product_brand","embeddable":true,"href":"https:\/\/fmp-components.com\/lv\/wp-json\/wp\/v2\/product_brand?post=3697"},{"taxonomy":"product_cat","embeddable":true,"href":"https:\/\/fmp-components.com\/lv\/wp-json\/wp\/v2\/product_cat?post=3697"},{"taxonomy":"product_tag","embeddable":true,"href":"https:\/\/fmp-components.com\/lv\/wp-json\/wp\/v2\/product_tag?post=3697"}],"curies":[{"name":"wp","href":"https:\/\/api.w.org\/{rel}","templated":true}]}}