{"id":3691,"date":"2025-01-09T06:50:44","date_gmt":"2025-01-09T06:50:44","guid":{"rendered":"https:\/\/fmp-components.com\/?page_id=8"},"modified":"2025-01-09T06:59:56","modified_gmt":"2025-01-09T06:59:56","slug":"wheel-drive-planetary-gearbox-reducer-for-land-clearing-stone-crusher","status":"publish","type":"product","link":"https:\/\/fmp-components.com\/lv\/product\/wheel-drive-planetary-gearbox-reducer-for-land-clearing-stone-crusher\/","title":{"rendered":"Rite\u0146u piedzi\u0146as plan\u0113tu p\u0101rnesumk\u0101rbas reduktors zemes att\u012br\u012b\u0161anas akmens drupin\u0101t\u0101jam"},"content":{"rendered":"<div class=\"flex max-w-full flex-col flex-grow\">\n<div class=\"min-h-8 text-message flex w-full flex-col items-end gap-2 whitespace-normal break-words text-start [.text-message+&amp;]:mt-5\" dir=\"auto\" data-message-author-role=\"assistant\" data-message-id=\"cb00f25b-f818-4caf-841a-79c479bfaa7e\" data-message-model-slug=\"gpt-4o\">\n<div class=\"flex w-full flex-col gap-1 empty:hidden first:pt-[3px]\">\n<div class=\"markdown prose w-full break-words dark:prose-invert light\">\n<h2>\u0100trumk\u0101rbas atra\u0161an\u0101s vieta zemes att\u012br\u012b\u0161anas akmens drupin\u0101t\u0101j\u0101<\/h2>\n<p>Zemes att\u012br\u012b\u0161anas akme\u0146u drupin\u0101t\u0101ja p\u0101rnesumk\u0101rba parasti atrodas starp dzin\u0113ju vai motoru un drupin\u0101t\u0101ja meh\u0101nismu, parasti tie\u0161i piestiprin\u0101ta pie ma\u0161\u012bnas galven\u0101 r\u0101mja. T\u0101 kalpo k\u0101 b\u016btiska sast\u0101vda\u013ca, lai p\u0101rs\u016bt\u012btu jaudu no dzin\u0113ja uz drupin\u0101t\u0101ja rotoru vai drupin\u0101\u0161anas kameru, kas ir atbild\u012bga par lielu akme\u0146u un gru\u017eu sadal\u012b\u0161anu maz\u0101kos, viegl\u0101k p\u0101rvald\u0101mos gabalos.<\/p>\n<p>P\u0101rnesumk\u0101rba bie\u017ei tiek novietota akmens drupin\u0101t\u0101ja aizmugur\u0113 vai s\u0101nos un savienota ar galveno drupin\u0101\u0161anas iek\u0101rtu, izmantojot virkni v\u0101rpstu un savienojumu. \u0160\u012b atra\u0161an\u0101s vieta nodro\u0161ina, ka p\u0101rnesumk\u0101rba efekt\u012bvi tiek gal\u0101 ar lielo griezes momentu, kas nepiecie\u0161ams drupin\u0101\u0161anas darb\u012bb\u0101m, vienlaikus saglab\u0101jot pareizu izl\u012bdzin\u0101jumu ar dzin\u0113ju vai motoru. T\u0101 var b\u016bt ievietota aizsargapvalk\u0101, lai pasarg\u0101tu to no gru\u017eiem, putek\u013ciem un vides faktoriem, kas parasti rodas zemes att\u012br\u012b\u0161anas darbos.<\/p>\n<p>Daudzos zemes att\u012br\u012b\u0161anas akmens drupin\u0101t\u0101jos p\u0101rnesumk\u0101rba ir paredz\u0113ta iev\u0113rojamas meh\u0101nisk\u0101s slodzes iztur\u0113\u0161anai, jo t\u0101 p\u0101rveido motora rot\u0101cijas ener\u0123iju nepiecie\u0161amaj\u0101 griezes moment\u0101 drupin\u0101\u0161anas meh\u0101nisma darbin\u0101\u0161anai, nodro\u0161inot efekt\u012bvu un uzticamu akmens apstr\u0101di.<\/p>\n<p><img loading=\"lazy\" decoding=\"async\" class=\"alignnone wp-image-3694\" src=\"https:\/\/fmp-components.com\/wp-content\/uploads\/2025\/01\/0_wheel-drive-Land-Clearing-Stone-Crusher-11.webp\" alt=\"rite\u0146u piedzi\u0146as zemes att\u012br\u012b\u0161anas akme\u0146u drupin\u0101t\u0101js\" width=\"933\" height=\"525\" title=\"\" srcset=\"https:\/\/fmp-components.com\/wp-content\/uploads\/2025\/01\/0_wheel-drive-Land-Clearing-Stone-Crusher-11.webp 933w, https:\/\/fmp-components.com\/wp-content\/uploads\/2025\/01\/0_wheel-drive-Land-Clearing-Stone-Crusher-11-480x270.webp 480w\" sizes=\"(min-width: 0px) and (max-width: 480px) 480px, (min-width: 481px) 933px, 100vw\" \/><\/p>\n<h2>Rite\u0146u piedzi\u0146as plan\u0113tas p\u0101rnesumk\u0101rbas funkcija zemes att\u012br\u012b\u0161anas akmens drupin\u0101t\u0101j\u0101<\/h2>\n<p>Zemes att\u012br\u012b\u0161anas akme\u0146u drupin\u0101t\u0101ja rite\u0146u piedzi\u0146as planet\u0101rajai p\u0101rnesumk\u0101rbai ir iz\u0161\u0137iro\u0161a noz\u012bme efekt\u012bv\u0101 jaudas p\u0101rnes\u0113 no dzin\u0113ja vai motora uz ma\u0161\u012bnas rite\u0146iem vai k\u0101pur\u0137\u0113d\u0113m. T\u0101s galven\u0101 funkcija ir samazin\u0101t dzin\u0113ja grie\u0161an\u0101s \u0101trumu, vienlaikus palielinot griezes momentu, \u013caujot akme\u0146u drupin\u0101t\u0101jam p\u0101rvietoties pa nel\u012bdzenu, nel\u012bdzenu reljefu, kas parasti ir sastopams zemes att\u012br\u012b\u0161anas darbos.<\/p>\n<p><strong>1. Jaudas p\u0101rvade un griezes momenta reizin\u0101\u0161ana:<\/strong> Planet\u0101r\u0101 p\u0101rnesumk\u0101rba efekt\u012bvi p\u0101rnes dzin\u0113ja rad\u012bto jaudu uz rite\u0146iem vai k\u0101pur\u0137\u0113d\u0113m. Izmantojot planet\u0101r\u0101 konfigur\u0101cij\u0101 izvietotu zobratu komplektu, p\u0101rnesumk\u0101rba samazina ieejas \u0101trumu un reizina griezes momentu, nodro\u0161inot nepiecie\u0161amo sp\u0113ku, lai akmens drupin\u0101t\u0101js var\u0113tu p\u0101rvietoties pa ciet\u0101m virsm\u0101m, piem\u0113ram, akme\u0146iem, net\u012brumiem un nel\u012bdzenu zemi. Tas nodro\u0161ina lab\u0101ku sa\u0137eri un manevr\u0113tsp\u0113ju, garant\u0113jot, ka ma\u0161\u012bna var p\u0101rvietoties pa sare\u017e\u0123\u012btu vidi, neiespr\u016bstot.<\/p>\n<p><strong>2. Vienm\u0113r\u012bga un efekt\u012bva darb\u012bba:<\/strong> P\u0101rnesumk\u0101rbas planet\u0101r\u0101 konstrukcija nodro\u0161ina vienm\u0113r\u012bgu slodzes sadal\u012bjumu pa zobratiem, samazinot nodilumu un vienlaikus palielinot jaudas p\u0101rneses efektivit\u0101ti. Tas veicina vienm\u0113r\u012bg\u0101ku darb\u012bbu un ilg\u0101ku ma\u0161\u012bnas piedzi\u0146as komponentu kalpo\u0161anas laiku. Tas ar\u012b pal\u012bdz nodro\u0161in\u0101t, ka ma\u0161\u012bna var uztur\u0113t nemain\u012bgu \u0101trumu, kas ir svar\u012bgi, lai optimiz\u0113tu drupin\u0101\u0161anas veiktsp\u0113ju un degvielas pat\u0113ri\u0146u zemes att\u012br\u012b\u0161anas laik\u0101.<\/p>\n<p><strong>3. Uzlabota iztur\u012bba un uzticam\u012bba:<\/strong> Zemes att\u012br\u012b\u0161anas akme\u0146u drupin\u0101t\u0101jos darba apst\u0101k\u013ci bie\u017ei vien ir skarbi, ietverot t\u0101dus smagus uzdevumus k\u0101 lielu akme\u0146u drupin\u0101\u0161ana un p\u0101rvieto\u0161an\u0101s nel\u012bdzen\u0101 reljef\u0101. Plan\u0113tu p\u0101rnesumk\u0101rba ir konstru\u0113ta t\u0101, lai iztur\u0113tu lielu griezes momentu un slodzi, nodro\u0161inot iztur\u012bbu un uzticam\u012bbu \u0161\u0101dos sare\u017e\u0123\u012btos apst\u0101k\u013cos. T\u0101 nodro\u0161ina, ka akme\u0146u drupin\u0101t\u0101js var nep\u0101rtraukti darboties optim\u0101l\u0101 l\u012bmen\u012b, neapdraudot ma\u0161\u012bnas meh\u0101nisko integrit\u0101ti, padarot to par galveno komponentu darbsp\u0113jas laika un produktivit\u0101tes palielin\u0101\u0161an\u0101.<\/p>\n<p>Rezum\u0113jot, rite\u0146u piedzi\u0146as planet\u0101r\u0101 p\u0101rnesumk\u0101rba zemes att\u012br\u012b\u0161anas akme\u0146u drupin\u0101t\u0101j\u0101 ir b\u016btiska, lai nodro\u0161in\u0101tu nepiecie\u0161amo griezes momentu, vienm\u0113r\u012bgu darb\u012bbu un iztur\u012bbu gan smagu drupin\u0101\u0161anas darbu veik\u0161anai, gan navig\u0101cijai nel\u012bdzen\u0101 reljef\u0101.<\/p>\n<p><img loading=\"lazy\" decoding=\"async\" class=\"alignnone wp-image-3696\" src=\"https:\/\/fmp-components.com\/wp-content\/uploads\/2025\/01\/0_wheel-drive-Apple-harvester-machine-61.webp\" alt=\"rite\u0146u piedzi\u0146as \u0101bolu nov\u0101k\u0161anas ma\u0161\u012bna\" width=\"914\" height=\"513\" title=\"\" srcset=\"https:\/\/fmp-components.com\/wp-content\/uploads\/2025\/01\/0_wheel-drive-Apple-harvester-machine-61.webp 914w, https:\/\/fmp-components.com\/wp-content\/uploads\/2025\/01\/0_wheel-drive-Apple-harvester-machine-61-480x269.webp 480w\" sizes=\"(min-width: 0px) and (max-width: 480px) 480px, (min-width: 481px) 914px, 100vw\" \/><\/p>\n<h2>Tehnisk\u0101s specifik\u0101cijas<\/h2>\n<table border=\"2\">\n<tbody>\n<tr>\n<td>Kravnes\u012bba<\/td>\n<td>Dinamisk\u0101 griezes momenta jauda l\u012bdz 60000 Nm, nodro\u0161ina atbilsto\u0161u jaudas p\u0101rvadi un iztur\u012bbu, str\u0101d\u0101jot ar cietiem akme\u0146iem un augsni.<\/td>\n<\/tr>\n<tr>\n<td>\u0100truma attiec\u012bbas diapazons<\/td>\n<td>Nodro\u0161ina da\u017e\u0101das \u0101truma attiec\u012bbas konfigur\u0101cijas, kas ir regul\u0113jamas no 5,3 l\u012bdz 200:1, lai piel\u0101gotos da\u017e\u0101d\u0101m drupin\u0101\u0161anas darb\u012bbas pras\u012bb\u0101m un brauk\u0161anas \u0101truma kontrolei.<\/td>\n<\/tr>\n<tr>\n<td>Materi\u0101ls<\/td>\n<td>Zobrati ir izgatavoti no augstas kvalit\u0101tes le\u0123\u0113t\u0101 t\u0113rauda un ir pak\u013cauti r\u016bd\u012b\u0161anas un termisk\u0101s apstr\u0101des procesiem, lai nodro\u0161in\u0101tu augstu ciet\u012bbu, nodilumiztur\u012bbu un triecieniztur\u012bbu; k\u0101rbas korpuss ir veidots no augstas stipr\u012bbas \u010duguna vai alum\u012bnija sakaus\u0113juma, ar labu konstrukcijas iztur\u012bbu un iztur\u012bbu pret koroziju.<\/td>\n<\/tr>\n<tr>\n<td>Izm\u0113ri<\/td>\n<td>Piel\u0101gojams<\/td>\n<\/tr>\n<tr>\n<td>Atbalsts<\/td>\n<td>p\u0101rnesumk\u0101rbai ir rot\u0113jo\u0161i korpusa atloki, lai tie atbilstu ritenim<\/td>\n<\/tr>\n<tr>\n<td>Piem\u0113rojamie motori<\/td>\n<td>aksi\u0101lie virzu\u013chidrauliskie motori, hidrauliskie orbit\u0101lie motori vai citi<\/td>\n<\/tr>\n<tr>\n<td>Hidraulisk\u0101 motora opcijas<\/td>\n<td>spiediena samazin\u0101\u0161anas v\u0101rsts, p\u0101rspiediena v\u0101rsts<\/td>\n<\/tr>\n<tr>\n<td>Gultnis:<\/td>\n<td>iztur\u012bga gult\u0146u sist\u0113ma, kas absorb\u0113 gredzenveida zobrata rad\u012btos sp\u0113kus<\/td>\n<\/tr>\n<tr>\n<td>Bremze:<\/td>\n<td>hidrauliski atlai\u017eama st\u0101vbremze<\/td>\n<\/tr>\n<\/tbody>\n<\/table>\n<h2>Sader\u012bba ar zemes att\u012br\u012b\u0161anas akmens drupin\u0101t\u0101ju<\/h2>\n<p>M\u016bsu rite\u0146u piedzi\u0146as planet\u0101r\u0101s p\u0101rnesumk\u0101rbas ir optimiz\u0113tas lieto\u0161anai ar visiem galvenajiem tirg\u016b pieejamajiem akme\u0146u drupin\u0101t\u0101ju z\u012bmoliem un mode\u013ciem.<\/p>\n<p>T\u0101l\u0101k ir uzskait\u012bti da\u017ei nozar\u0113 izplat\u012bti vai labi paz\u012bstami drupin\u0101\u0161anas iek\u0101rtu ra\u017eot\u0101ji, kas ir piem\u0113roti m\u016bsu rite\u0146u piedzi\u0146as planet\u0101raj\u0101m p\u0101rnesumk\u0101rb\u0101m:<\/p>\n<ul>\n<li>Komatsu \u2013 ra\u017eo pla\u0161u k\u0101pur\u0137\u0113\u017eu un rite\u0146u ekskavatoru, k\u0101 ar\u012b \u0101muru papildapr\u012bkojumu kl\u0101stu, kas piem\u0113rots zemes att\u012br\u012b\u0161anas darbiem.<\/li>\n<li>Caterpillar \u2013 pied\u0101v\u0101 pla\u0161u smago tehniku, tostarp rite\u0146u un k\u0101pur\u0137\u0113\u017eu tehniku, no kuras da\u013cu var izmantot zemes att\u012br\u012b\u0161anas darbiem, apr\u012bkojot to ar specializ\u0113tiem \u0101muriem.<\/li>\n<li>Bobcat \u2013 ra\u017eo kompaktus iekr\u0101v\u0113jus un piekabes, no kur\u0101m da\u017eas tiek izmantotas viegl\u0101s un vid\u0113jas slodzes zemes att\u012br\u012b\u0161anas un grants apstr\u0101des darbos.<\/li>\n<li>MB Crusher \u2013 specializ\u0113jas da\u017e\u0101du mobilo drupin\u0101t\u0101ju un sietu ra\u017eo\u0161an\u0101, ko var uzst\u0101d\u012bt uz ekskavatoriem, iekr\u0101v\u0113jiem utt.<\/li>\n<li>John Deere \u2014 lai gan uz\u0146\u0113mums ir vislab\u0101k paz\u012bstams ar lauksaimniec\u012bbas tehniku, tas pied\u0101v\u0101 ar\u012b smago tehniku \u200b\u200bzemes p\u0101rvieto\u0161anas un b\u016bvniec\u012bbas nozar\u0113m, ko var izmantot ar atbilsto\u0161iem bremz\u0113\u0161anas instrumentiem zemes att\u012br\u012b\u0161anas darbu veik\u0161anai.<\/li>\n<\/ul>\n<p><span style=\"color: #ff0000;\"><em><strong>Piez\u012bme: Rakst\u0101 min\u0113tie z\u012bmolu nosaukumi ir paredz\u0113ti tikai m\u016bsu \u0113rt\u012bb\u0101m, lai klienti var\u0113tu izv\u0113l\u0113ties un nomain\u012bt atbilsto\u0161\u0101 lauksaimniec\u012bbas tehnikas z\u012bmola piederumus, un tie nep\u0101rdod \u0161\u012b z\u012bmola produktus.<\/strong><\/em><\/span><\/p>\n<h2>Par FMP<\/h2>\n<p>FMP ir vado\u0161ais ra\u017eot\u0101js, kas specializ\u0113jas pla\u0161a meh\u0101nisko un hidraulisko transmisiju produktu ra\u017eo\u0161an\u0101. M\u016bsu produktu kl\u0101st\u0101 ietilpst planet\u0101r\u0101s p\u0101rnesumk\u0101rbas, t\u0101rpu reduktori, rindas spir\u0101lveida zobratu reduktori, paral\u0113lo v\u0101rpstu spir\u0101lveida zobratu reduktori, spir\u0101lveida konusveida zobratu reduktori, spir\u0101lveida t\u0101rpu reduktori, lauksaimniec\u012bbas p\u0101rnesumk\u0101rbas, traktoru p\u0101rnesumk\u0101rbas, automobi\u013cu p\u0101rnesumk\u0101rbas, jaudas izejas v\u0101rpstas un specializ\u0113tie reduktori. Turkl\u0101t m\u0113s pied\u0101v\u0101jam pla\u0161u papildino\u0161u komponentu kl\u0101stu, piem\u0113ram, zobratus, hidraulisk\u0101s sist\u0113mas, vakuuma s\u016bk\u0146us, hidrauliskos savienojumus, zobstie\u0146us, \u0137\u0113des, zobratus, UDL transmisijas, \u0137\u012b\u013csiksnu skrieme\u013cus, hidrauliskos cilindrus, zobratu s\u016bk\u0146us, skr\u016bvju gaisa kompresorus un mazas br\u012bvkust\u012bbas t\u0101rpu reduktorus, k\u0101 ar\u012b citus.<\/p>\n<p><strong>Piel\u0101goti risin\u0101jumi katrai vajadz\u012bbai<\/strong><\/p>\n<p>Uz\u0146\u0113mum\u0101 FMP m\u0113s saprotam, ka katrs pielietojums ir unik\u0101ls. T\u0101p\u0113c m\u0113s pied\u0101v\u0101jam piln\u012bb\u0101 piel\u0101gojamus risin\u0101jumus, tostarp individu\u0101li izgatavotas transmisijas, reduktormotorus, hidraulisk\u0101s sist\u0113mas un motorus, kas izstr\u0101d\u0101ti, lai atbilstu m\u016bsu klientu \u012bpa\u0161aj\u0101m pras\u012bb\u0101m. M\u016bsu elast\u012bg\u0101s ra\u017eo\u0161anas iesp\u0113jas \u013cauj mums rad\u012bt prec\u012bzi konstru\u0113tus produktus, kas piel\u0101goti, lai nodro\u0161in\u0101tu maksim\u0101lu efektivit\u0101ti un optim\u0101lu veiktsp\u0113ju jebkuram pielietojumam.<\/p>\n<p><strong>Ap\u0146em\u0161an\u0101s nodro\u0161in\u0101t kvalit\u0101ti un inov\u0101cijas<\/strong><\/p>\n<p>M\u0113s esam dzi\u013ci ap\u0146\u0113mu\u0161ies uztur\u0113t augst\u0101kos kvalit\u0101tes un uzticam\u012bbas standartus katr\u0101 ra\u017eotaj\u0101 produkt\u0101. M\u016bsu modernais test\u0113\u0161anas un p\u0101rbaudes apr\u012bkojums, k\u0101 ar\u012b augsti kvalific\u0113ta tehnisk\u0101 komanda nodro\u0161ina, ka katrs produkts atbilst stingriem nozares standartiem. Neatkar\u012bgi no t\u0101, vai tiek pied\u0101v\u0101ti standarta risin\u0101jumi vai rad\u012bti individu\u0101li izstr\u0101d\u0101ti produkti, FMP ir ap\u0146\u0113mies nodro\u0161in\u0101t augst\u0101k\u0101s kvalit\u0101tes rezult\u0101tus, kas izcili darbojas pat vispras\u012bg\u0101kaj\u0101s vid\u0113s.<\/p>\n<p>P\u0113d\u0113jos gados FMP ir piedz\u012bvojis strauju izaugsmi, pateicoties m\u016bsu pla\u0161ajai ra\u017eo\u0161anas pieredzei, sp\u0113c\u012bgaj\u0101m vad\u012bbas sist\u0113m\u0101m un sp\u0113c\u012bgajai tehniskajai pieredzei. M\u016bsu filozofija \"kvalit\u0101te izdz\u012bvo\u0161anai un inov\u0101cija att\u012bst\u012bbai\" ir bijusi m\u016bsu pan\u0101kumu st\u016brakmens, kas veicina nep\u0101rtrauktu uzlabo\u0161anos un izaugsmi.<\/p>\n<p><strong>Partner\u012bba pan\u0101kumiem<\/strong><\/p>\n<p>FMP m\u0113s priorit\u0101ti pie\u0161\u0137iram sadarb\u012bbai un ilgtermi\u0146a partnerattiec\u012bb\u0101m ar saviem klientiem. M\u0113s cie\u0161i sadarbojamies ar saviem klientiem, lai sniegtu inovat\u012bvus un uzticamus risin\u0101jumus, kas p\u0101rsniedz cer\u012bbas. M\u016bsu m\u0113r\u0137is ir ne tikai apmierin\u0101t klientu vajadz\u012bbas, bet ar\u012b veidot ilgsto\u0161as \u200b\u200battiec\u012bbas, kuru pamat\u0101 ir uztic\u0113\u0161an\u0101s, kvalit\u0101te un abpus\u0113ji pan\u0101kumi.<\/p>\n<p>Koncentr\u0113joties uz prec\u012bzu in\u017eenieriju, uzticam\u012bbu un piel\u0101gotiem pakalpojumiem, FMP ir uzticams partneris vis\u0101m j\u016bsu meh\u0101niskaj\u0101m un hidrauliskaj\u0101m transmisij\u0101m. M\u0113s ceram uz sadarb\u012bbu ar jums, lai kop\u012bgi g\u016btu pan\u0101kumus un sasniegtu izcil\u012bbu.<\/p>\n<p><img loading=\"lazy\" decoding=\"async\" class=\"alignnone size-full wp-image-3678\" src=\"https:\/\/fmp-components.com\/wp-content\/uploads\/2025\/01\/worm-gearbox-factory1.webp\" alt=\"t\u0101rpu p\u0101rnesumk\u0101rbas r\u016bpn\u012bca\" width=\"1024\" height=\"888\" title=\"\" srcset=\"https:\/\/fmp-components.com\/wp-content\/uploads\/2025\/01\/worm-gearbox-factory1.webp 1024w, https:\/\/fmp-components.com\/wp-content\/uploads\/2025\/01\/worm-gearbox-factory1-980x850.webp 980w, https:\/\/fmp-components.com\/wp-content\/uploads\/2025\/01\/worm-gearbox-factory1-480x416.webp 480w\" sizes=\"(min-width: 0px) and (max-width: 480px) 480px, (min-width: 481px) and (max-width: 980px) 980px, (min-width: 981px) 1024px, 100vw\" \/><\/p>\n<p>Autors: CX<\/p>\n<\/div>\n<\/div>\n<\/div>\n<\/div>","protected":false},"excerpt":{"rendered":"<p>Location of the Gearbox in a Land Clearing Stone Crusher The gearbox in a land clearing stone crusher is typically located between the engine or motor and the crusher mechanism, usually mounted directly to the machine\u2019s main frame. It serves as a crucial component to transmit power from the engine to the crusher\u2019s rotor or [&hellip;]<\/p>","protected":false},"featured_media":3693,"comment_status":"open","ping_status":"closed","template":"","meta":{"_et_pb_use_builder":"","_et_pb_old_content":"","_et_gb_content_width":""},"product_brand":[],"product_cat":[90],"product_tag":[],"class_list":{"0":"post-3691","1":"product","2":"type-product","3":"status-publish","4":"has-post-thumbnail","6":"product_cat-planetary-gearbox","8":"first","9":"instock","10":"shipping-taxable","11":"product-type-simple"},"_links":{"self":[{"href":"https:\/\/fmp-components.com\/lv\/wp-json\/wp\/v2\/product\/3691","targetHints":{"allow":["GET"]}}],"collection":[{"href":"https:\/\/fmp-components.com\/lv\/wp-json\/wp\/v2\/product"}],"about":[{"href":"https:\/\/fmp-components.com\/lv\/wp-json\/wp\/v2\/types\/product"}],"replies":[{"embeddable":true,"href":"https:\/\/fmp-components.com\/lv\/wp-json\/wp\/v2\/comments?post=3691"}],"wp:featuredmedia":[{"embeddable":true,"href":"https:\/\/fmp-components.com\/lv\/wp-json\/wp\/v2\/media\/3693"}],"wp:attachment":[{"href":"https:\/\/fmp-components.com\/lv\/wp-json\/wp\/v2\/media?parent=3691"}],"wp:term":[{"taxonomy":"product_brand","embeddable":true,"href":"https:\/\/fmp-components.com\/lv\/wp-json\/wp\/v2\/product_brand?post=3691"},{"taxonomy":"product_cat","embeddable":true,"href":"https:\/\/fmp-components.com\/lv\/wp-json\/wp\/v2\/product_cat?post=3691"},{"taxonomy":"product_tag","embeddable":true,"href":"https:\/\/fmp-components.com\/lv\/wp-json\/wp\/v2\/product_tag?post=3691"}],"curies":[{"name":"wp","href":"https:\/\/api.w.org\/{rel}","templated":true}]}}