{"id":3686,"date":"2025-01-09T06:39:01","date_gmt":"2025-01-09T06:39:01","guid":{"rendered":"https:\/\/fmp-components.com\/?page_id=8"},"modified":"2025-01-09T06:39:01","modified_gmt":"2025-01-09T06:39:01","slug":"wheel-drive-planetary-gearbox-reducer-for-road-reclaimers-and-grades","status":"publish","type":"product","link":"https:\/\/fmp-components.com\/lv\/product\/wheel-drive-planetary-gearbox-reducer-for-road-reclaimers-and-grades\/","title":{"rendered":"Rite\u0146u piedzi\u0146as plan\u0113tu p\u0101rnesumk\u0101rbas reduktors ce\u013cu rekultiv\u0113t\u0101jiem un sl\u012bpumiem"},"content":{"rendered":"<p><img loading=\"lazy\" decoding=\"async\" class=\"alignnone wp-image-3687\" src=\"https:\/\/fmp-components.com\/wp-content\/uploads\/2025\/01\/0_wheel-drive-for-Road-Reclaimers-and-Grades-0.webp\" alt=\"rite\u0146u piedzi\u0146a ce\u013cu atjauno\u0161anas un sl\u012bp\u0113\u0161anas iek\u0101rt\u0101m\" width=\"863\" height=\"647\" title=\"\" srcset=\"https:\/\/fmp-components.com\/wp-content\/uploads\/2025\/01\/0_wheel-drive-for-Road-Reclaimers-and-Grades-0.webp 400w, https:\/\/fmp-components.com\/wp-content\/uploads\/2025\/01\/0_wheel-drive-for-Road-Reclaimers-and-Grades-0-300x225.webp 300w, https:\/\/fmp-components.com\/wp-content\/uploads\/2025\/01\/0_wheel-drive-for-Road-Reclaimers-and-Grades-0-16x12.webp 16w\" sizes=\"(max-width: 863px) 100vw, 863px\" \/><\/p>\n<h2>Rite\u0146u piedzi\u0146a ce\u013cu rekultiv\u0113t\u0101jiem<\/h2>\n<p>Ce\u013cu atjauno\u0161anas ma\u0161\u012bnu rite\u0146u piedzi\u0146a ir b\u016btiska sast\u0101vda\u013ca, kas nodro\u0161ina nepiecie\u0161amo mobilit\u0101ti un sa\u0137eri. Ce\u013cu atjauno\u0161anas ma\u0161\u012bnas ir lielas, jaud\u012bgas ma\u0161\u012bnas, ko izmanto ce\u013cu b\u016bv\u0113 un uztur\u0113\u0161an\u0101, lai fr\u0113z\u0113tu un atjaunotu ce\u013ca virsmas. Rite\u0146u piedzi\u0146as sist\u0113ma \u013cauj \u0161\u012bm ma\u0161\u012bn\u0101m p\u0101rvietoties pa da\u017e\u0101d\u0101m virsm\u0101m, tostarp granti, asfaltu un zemi, vienlaikus saglab\u0101jot stabilit\u0101ti un jaudu.<\/p>\n<p><img loading=\"lazy\" decoding=\"async\" class=\"size-full wp-image-3688 aligncenter\" src=\"https:\/\/fmp-components.com\/wp-content\/uploads\/2025\/01\/ep_wheel-drive-2-1.webp\" alt=\"rite\u0146u piedzi\u0146a\" width=\"608\" height=\"677\" title=\"\" srcset=\"https:\/\/fmp-components.com\/wp-content\/uploads\/2025\/01\/ep_wheel-drive-2-1.webp 608w, https:\/\/fmp-components.com\/wp-content\/uploads\/2025\/01\/ep_wheel-drive-2-1-480x534.webp 480w\" sizes=\"(min-width: 0px) and (max-width: 480px) 480px, (min-width: 481px) 608px, 100vw\" \/><\/p>\n<p><strong>Galven\u0101 loma un funkcija:<\/strong><\/p>\n<p>Ce\u013cu rekultivatoru rite\u0146u piedzi\u0146a ir paredz\u0113ta jaudas p\u0101rne\u0161anai no dzin\u0113ja vai hidraulisk\u0101s sist\u0113mas uz rite\u0146iem. Tas nodro\u0161ina efekt\u012bvu kust\u012bbu pat uz nel\u012bdzena, nel\u012bdzena vai sl\u012bpa reljefa. Sist\u0113ma parasti ir apr\u012bkota ar liela griezes momenta piedzi\u0146\u0101m, kas \u013cauj rekultiv\u0101toram p\u0101rvietoties pa sare\u017e\u0123\u012bt\u0101m virsm\u0101m, nezaud\u0113jot sa\u0137eri pat pie lielas slodzes. T\u0101 ar\u012b \u013cauj kontrol\u0113t \u0101trumu, nodro\u0161inot, ka rekultivators p\u0101rvietojas atbilsto\u0161\u0101 temp\u0101 fr\u0113z\u0113\u0161anas un virsmas sagatavo\u0161anas darb\u012bb\u0101m.<\/p>\n<p><strong>Veiktsp\u0113ja un iztur\u012bba:<\/strong><\/p>\n<p>\u0145emot v\u0113r\u0101 sare\u017e\u0123\u012btos apst\u0101k\u013cus, k\u0101dos darbojas ce\u013cu atjauno\u0161anas ma\u0161\u012bnas, rite\u0146u piedzi\u0146as sist\u0113ma ir veidota iztur\u012bbai un uzticam\u012bbai. T\u0101 ir izstr\u0101d\u0101ta, lai iztur\u0113tu augstu slodzes l\u012bmeni, tostarp bie\u017eu iedarbin\u0101\u0161anu un apst\u0101\u0161anos, k\u0101 ar\u012b darb\u012bbu sare\u017e\u0123\u012btos apst\u0101k\u013cos. Sist\u0113mas iztur\u012bg\u0101 konstrukcija nodro\u0161ina ilgu kalpo\u0161anas laiku un minim\u0101lu apkopi, kas ir b\u016btiski, lai samazin\u0101tu d\u012bkst\u0101ves laiku un nodro\u0161in\u0101tu apr\u012bkojuma efekt\u012bvu darb\u012bbu garos, intens\u012bvos darba ciklos.<\/p>\n<h2>Lieliski piel\u0101gots ce\u013cu rekultivatoru darba videi<\/h2>\n<p>Ce\u013cu atjauno\u0161anas ma\u0161\u012bnu rite\u0146u piedzi\u0146as sist\u0113ma ir lieliski piel\u0101gota pras\u012bgajai un izaicino\u0161ajai ce\u013cu b\u016bves un uztur\u0113\u0161anas darba videi. \u0160\u012bs ma\u0161\u012bnas bie\u017ei darbojas uz nel\u012bdzena, nel\u012bdzena un neparedzama reljefa, tostarp asfalta, grants un zemes ce\u013ciem, vienlaikus apstr\u0101d\u0101jot lielas slodzes. Rite\u0146u piedzi\u0146as sist\u0113ma ir izstr\u0101d\u0101ta, lai nodro\u0161in\u0101tu optim\u0101lu sa\u0137eri, stabilit\u0101ti un mobilit\u0101ti, garant\u0113jot, ka atjauno\u0161anas ma\u0161\u012bna var efekt\u012bvi veikt savus uzdevumus, piem\u0113ram, ce\u013cu virsmu fr\u0113z\u0113\u0161anu, atjauno\u0161anu un p\u0101rstr\u0101di, neatkar\u012bgi no reljefa apst\u0101k\u013ciem.<\/p>\n<p><strong>Augsts griezes moments un sa\u0137ere sare\u017e\u0123\u012btos apst\u0101k\u013cos<\/strong><\/p>\n<p>Ce\u013cu atjauno\u0161anas iek\u0101rt\u0101m ir nepiecie\u0161ams iev\u0113rojams griezes moments un sa\u0137ere, lai p\u0101rvietotos pa sare\u017e\u0123\u012bt\u0101m virsm\u0101m, vienlaikus saglab\u0101jot nemain\u012bgu veiktsp\u0113ju. Rite\u0146u piedzi\u0146as sist\u0113ma ir izstr\u0101d\u0101ta ar lielu griezes momentu, nodro\u0161inot, ka ma\u0161\u012bna var tikt gal\u0101 pat ar vissare\u017e\u0123\u012bt\u0101kaj\u0101m vid\u0113m, piem\u0113ram, st\u0101v\u0101m nog\u0101z\u0113m, irdenu granti un sabl\u012bv\u0113tu ce\u013ca virsmu. Tas nodro\u0161ina vienm\u0113r\u012bg\u0101ku darb\u012bbu, lab\u0101ku kontroli un sp\u0113ju p\u0101rvietoties pa sare\u017e\u0123\u012btu reljefu bez sl\u012bd\u0113\u0161anas vai apst\u0101\u0161an\u0101s.<\/p>\n<p><strong>Iztur\u012bba un uzticam\u012bba skarbos apst\u0101k\u013cos<\/strong><\/p>\n<p>Ce\u013cu rekultivatoru skarbie darba apst\u0101k\u013ci, tostarp putek\u013cu, vibr\u0101cijas iedarb\u012bba un bie\u017ea darb\u012bba uz nel\u012bdzen\u0101m, nestabil\u0101m virsm\u0101m, prasa rite\u0146u piedzi\u0146as sist\u0113mu, kas rad\u012bta iztur\u012bbai un uzticam\u012bbai. Sist\u0113ma ir izgatavota no augstas kvalit\u0101tes materi\u0101liem un modern\u0101m tehnolo\u0123ij\u0101m, lai iztur\u0113tu \u0161\u012bs slodzes ilgsto\u0161i. Ar minim\u0101lu apkopi un izcilu veiktsp\u0113ju slodzes apst\u0101k\u013cos rite\u0146u piedzi\u0146a nodro\u0161ina, ka rekultivators saglab\u0101 darbsp\u0113ju un efektivit\u0101ti garu, pras\u012bgu darba mai\u0146u laik\u0101, galu gal\u0101 samazinot d\u012bkst\u0101ves laiku un uzlabojot kop\u0113jo produktivit\u0101ti.<\/p>\n<p><img loading=\"lazy\" decoding=\"async\" class=\"alignnone wp-image-3689\" src=\"https:\/\/fmp-components.com\/wp-content\/uploads\/2025\/01\/0_Reggiana-Riduttori-8.webp\" alt=\"Reggiana-Riduttori\" width=\"859\" height=\"734\" title=\"\" srcset=\"https:\/\/fmp-components.com\/wp-content\/uploads\/2025\/01\/0_Reggiana-Riduttori-8.webp 859w, https:\/\/fmp-components.com\/wp-content\/uploads\/2025\/01\/0_Reggiana-Riduttori-8-480x410.webp 480w\" sizes=\"(min-width: 0px) and (max-width: 480px) 480px, (min-width: 481px) 859px, 100vw\" \/><\/p>\n<h3>Sader\u012bba ar popul\u0101riem mode\u013ciem<\/h3>\n<p data-spm-anchor-id=\"5176.28103460.0.i154.22d63f99WoHmOF\">Uzskaitiet da\u017eus izplat\u012btus ce\u013cu rekultivatoru z\u012bmolus un mode\u013cus, kas teor\u0113tiski var\u0113tu b\u016bt sader\u012bgi ar vair\u0101ku rite\u0146u piedzi\u0146u, ta\u010du specifisk\u0101 sader\u012bba ir j\u0101saska\u0146o atbilsto\u0161i ra\u017eot\u0101ja sniegtaj\u0101m tehniskaj\u0101m specifik\u0101cij\u0101m un piel\u0101go\u0161anas pras\u012bb\u0101m:<\/p>\n<ul>\n<li data-spm-anchor-id=\"5176.28103460.0.i154.22d63f99WoHmOF\">Wirtgen: Ce\u013cu atjauno\u0161anas ma\u0161\u012bnas, piem\u0113ram, Wirtgen WR 200 un WR 250 s\u0113rijas.<\/li>\n<li data-spm-anchor-id=\"5176.28103460.0.i154.22d63f99WoHmOF\">Caterpillar: Piem\u0113ram, Caterpillar PM620 un PM820 ce\u013cu aukst\u0101s re\u0123ener\u0101cijas iek\u0101rtas.<\/li>\n<li data-spm-anchor-id=\"5176.28103460.0.i154.22d63f99WoHmOF\">Fayat Group (Bomag): piem\u0113ram, Bomag BF 600 C, BF 800 P s\u0113rijas re\u0123ener\u0101cijas iek\u0101rtas.<\/li>\n<li data-spm-anchor-id=\"5176.28103460.0.i154.22d63f99WoHmOF\">Volvo celtniec\u012bbas tehnika: Piem\u0113ram, Volvo R900S, R1100S ce\u013cu atjauno\u0161anas ma\u0161\u012bna.<\/li>\n<li data-spm-anchor-id=\"5176.28103460.0.i154.22d63f99WoHmOF\">Dynapac: Dynapac CR 250\/CR 280\/CR 350 s\u0113rijas re\u0123ener\u0101cijas iek\u0101rta.<\/li>\n<\/ul>\n<p>L\u016bdzu, \u0146emiet v\u0113r\u0101, ka da\u017e\u0101du z\u012bmolu ce\u013cu atjauno\u0161anas ma\u0161\u012bn\u0101m var b\u016bt at\u0161\u0137ir\u012bga konstrukcija, t\u0101p\u0113c ir j\u0101izv\u0113las vai j\u0101piel\u0101go t\u0101m piem\u0113rots rite\u0146u piedzi\u0146as planet\u0101r\u0101 p\u0101rnesumk\u0101rbas reduktoru, pamatojoties uz to specifiskajiem tehniskajiem parametriem. Praktisk\u0101 pielietojum\u0101 ir j\u0101nodro\u0161ina, lai rite\u0146u piedzi\u0146a var\u0113tu nodro\u0161in\u0101t pietiekamu griezes momenta jaudu un \u0101truma kontroli, k\u0101 ar\u012b piln\u012bb\u0101 atbilstu atjauno\u0161anas ma\u0161\u012bnas galvenajam korpusam konstrukcijas izm\u0113ru, saskarnes standartu un kravnes\u012bbas zi\u0146\u0101.<\/p>\n<p><span style=\"color: #ff0000;\"><em><strong>Piez\u012bme: Rakst\u0101 min\u0113tie z\u012bmolu nosaukumi ir paredz\u0113ti tikai m\u016bsu \u0113rt\u012bb\u0101m, lai klienti var\u0113tu izv\u0113l\u0113ties un nomain\u012bt atbilsto\u0161\u0101 lauksaimniec\u012bbas tehnikas z\u012bmola piederumus, un tie nep\u0101rdod \u0161\u012b z\u012bmola produktus.<\/strong><\/em><\/span><\/p>\n<h2>Par FMP<\/h2>\n<p>FMP ir vado\u0161ais ra\u017eot\u0101js, kas specializ\u0113jas pla\u0161a meh\u0101nisko un hidraulisko transmisiju produktu ra\u017eo\u0161an\u0101. M\u016bsu produktu kl\u0101st\u0101 ietilpst planet\u0101r\u0101s p\u0101rnesumk\u0101rbas, t\u0101rpu reduktori, rindas spir\u0101lveida zobratu reduktori, paral\u0113lo v\u0101rpstu spir\u0101lveida zobratu reduktori, spir\u0101lveida konusveida zobratu reduktori, spir\u0101lveida t\u0101rpu reduktori, lauksaimniec\u012bbas p\u0101rnesumk\u0101rbas, traktoru p\u0101rnesumk\u0101rbas, automobi\u013cu p\u0101rnesumk\u0101rbas, jaudas izejas v\u0101rpstas un specializ\u0113tie reduktori. Turkl\u0101t m\u0113s pied\u0101v\u0101jam pla\u0161u papildino\u0161u komponentu kl\u0101stu, piem\u0113ram, zobratus, hidraulisk\u0101s sist\u0113mas, vakuuma s\u016bk\u0146us, hidrauliskos savienojumus, zobstie\u0146us, \u0137\u0113des, zobratus, UDL transmisijas, \u0137\u012b\u013csiksnu skrieme\u013cus, hidrauliskos cilindrus, zobratu s\u016bk\u0146us, skr\u016bvju gaisa kompresorus un mazas br\u012bvkust\u012bbas t\u0101rpu reduktorus, k\u0101 ar\u012b citus.<\/p>\n<p><strong>Piel\u0101goti risin\u0101jumi katrai vajadz\u012bbai<\/strong><\/p>\n<p>Uz\u0146\u0113mum\u0101 FMP m\u0113s saprotam, ka katrs pielietojums ir unik\u0101ls. T\u0101p\u0113c m\u0113s pied\u0101v\u0101jam piln\u012bb\u0101 piel\u0101gojamus risin\u0101jumus, tostarp individu\u0101li izgatavotas transmisijas, reduktormotorus, hidraulisk\u0101s sist\u0113mas un motorus, kas izstr\u0101d\u0101ti, lai atbilstu m\u016bsu klientu \u012bpa\u0161aj\u0101m pras\u012bb\u0101m. M\u016bsu elast\u012bg\u0101s ra\u017eo\u0161anas iesp\u0113jas \u013cauj mums rad\u012bt prec\u012bzi konstru\u0113tus produktus, kas piel\u0101goti, lai nodro\u0161in\u0101tu maksim\u0101lu efektivit\u0101ti un optim\u0101lu veiktsp\u0113ju jebkuram pielietojumam.<\/p>\n<p><strong>Ap\u0146em\u0161an\u0101s nodro\u0161in\u0101t kvalit\u0101ti un inov\u0101cijas<\/strong><\/p>\n<p>M\u0113s esam dzi\u013ci ap\u0146\u0113mu\u0161ies uztur\u0113t augst\u0101kos kvalit\u0101tes un uzticam\u012bbas standartus katr\u0101 ra\u017eotaj\u0101 produkt\u0101. M\u016bsu modernais test\u0113\u0161anas un p\u0101rbaudes apr\u012bkojums, k\u0101 ar\u012b augsti kvalific\u0113ta tehnisk\u0101 komanda nodro\u0161ina, ka katrs produkts atbilst stingriem nozares standartiem. Neatkar\u012bgi no t\u0101, vai tiek pied\u0101v\u0101ti standarta risin\u0101jumi vai rad\u012bti individu\u0101li izstr\u0101d\u0101ti produkti, FMP ir ap\u0146\u0113mies nodro\u0161in\u0101t augst\u0101k\u0101s kvalit\u0101tes rezult\u0101tus, kas izcili darbojas pat vispras\u012bg\u0101kaj\u0101s vid\u0113s.<\/p>\n<p>P\u0113d\u0113jos gados FMP ir piedz\u012bvojis strauju izaugsmi, pateicoties m\u016bsu pla\u0161ajai ra\u017eo\u0161anas pieredzei, sp\u0113c\u012bgaj\u0101m vad\u012bbas sist\u0113m\u0101m un sp\u0113c\u012bgajai tehniskajai pieredzei. M\u016bsu filozofija \"kvalit\u0101te izdz\u012bvo\u0161anai un inov\u0101cija att\u012bst\u012bbai\" ir bijusi m\u016bsu pan\u0101kumu st\u016brakmens, kas veicina nep\u0101rtrauktu uzlabo\u0161anos un izaugsmi.<\/p>\n<p><strong>Partner\u012bba pan\u0101kumiem<\/strong><\/p>\n<p>FMP m\u0113s priorit\u0101ti pie\u0161\u0137iram sadarb\u012bbai un ilgtermi\u0146a partnerattiec\u012bb\u0101m ar saviem klientiem. M\u0113s cie\u0161i sadarbojamies ar saviem klientiem, lai sniegtu inovat\u012bvus un uzticamus risin\u0101jumus, kas p\u0101rsniedz cer\u012bbas. M\u016bsu m\u0113r\u0137is ir ne tikai apmierin\u0101t klientu vajadz\u012bbas, bet ar\u012b veidot ilgsto\u0161as \u200b\u200battiec\u012bbas, kuru pamat\u0101 ir uztic\u0113\u0161an\u0101s, kvalit\u0101te un abpus\u0113ji pan\u0101kumi.<\/p>\n<p>Koncentr\u0113joties uz prec\u012bzu in\u017eenieriju, uzticam\u012bbu un piel\u0101gotiem pakalpojumiem, FMP ir uzticams partneris vis\u0101m j\u016bsu meh\u0101niskaj\u0101m un hidrauliskaj\u0101m transmisij\u0101m. M\u0113s ceram uz sadarb\u012bbu ar jums, lai kop\u012bgi g\u016btu pan\u0101kumus un sasniegtu izcil\u012bbu.<\/p>\n<p><img loading=\"lazy\" decoding=\"async\" class=\"alignnone size-full wp-image-3678\" src=\"https:\/\/fmp-components.com\/wp-content\/uploads\/2025\/01\/worm-gearbox-factory1.webp\" alt=\"t\u0101rpu p\u0101rnesumk\u0101rbas r\u016bpn\u012bca\" width=\"1024\" height=\"888\" title=\"\" srcset=\"https:\/\/fmp-components.com\/wp-content\/uploads\/2025\/01\/worm-gearbox-factory1.webp 1024w, https:\/\/fmp-components.com\/wp-content\/uploads\/2025\/01\/worm-gearbox-factory1-980x850.webp 980w, https:\/\/fmp-components.com\/wp-content\/uploads\/2025\/01\/worm-gearbox-factory1-480x416.webp 480w\" sizes=\"(min-width: 0px) and (max-width: 480px) 480px, (min-width: 481px) and (max-width: 980px) 980px, (min-width: 981px) 1024px, 100vw\" \/><\/p>\n<p>Autors: CX<\/p>\n<p>&nbsp;<\/p>","protected":false},"excerpt":{"rendered":"<p>Wheel Drive for Road Reclaimers The wheel drive for road reclaimers is a critical component that provides the necessary mobility and traction for road reclaiming machines. Road reclaimers are large, heavy-duty machines used in road construction and maintenance to mill and recondition road surfaces. The wheel drive system enables these machines to move across various [&hellip;]<\/p>","protected":false},"featured_media":3690,"comment_status":"open","ping_status":"closed","template":"","meta":{"_et_pb_use_builder":"","_et_pb_old_content":"","_et_gb_content_width":""},"product_brand":[],"product_cat":[90],"product_tag":[],"class_list":{"0":"post-3686","1":"product","2":"type-product","3":"status-publish","4":"has-post-thumbnail","6":"product_cat-planetary-gearbox","8":"first","9":"instock","10":"shipping-taxable","11":"product-type-simple"},"_links":{"self":[{"href":"https:\/\/fmp-components.com\/lv\/wp-json\/wp\/v2\/product\/3686","targetHints":{"allow":["GET"]}}],"collection":[{"href":"https:\/\/fmp-components.com\/lv\/wp-json\/wp\/v2\/product"}],"about":[{"href":"https:\/\/fmp-components.com\/lv\/wp-json\/wp\/v2\/types\/product"}],"replies":[{"embeddable":true,"href":"https:\/\/fmp-components.com\/lv\/wp-json\/wp\/v2\/comments?post=3686"}],"wp:featuredmedia":[{"embeddable":true,"href":"https:\/\/fmp-components.com\/lv\/wp-json\/wp\/v2\/media\/3690"}],"wp:attachment":[{"href":"https:\/\/fmp-components.com\/lv\/wp-json\/wp\/v2\/media?parent=3686"}],"wp:term":[{"taxonomy":"product_brand","embeddable":true,"href":"https:\/\/fmp-components.com\/lv\/wp-json\/wp\/v2\/product_brand?post=3686"},{"taxonomy":"product_cat","embeddable":true,"href":"https:\/\/fmp-components.com\/lv\/wp-json\/wp\/v2\/product_cat?post=3686"},{"taxonomy":"product_tag","embeddable":true,"href":"https:\/\/fmp-components.com\/lv\/wp-json\/wp\/v2\/product_tag?post=3686"}],"curies":[{"name":"wp","href":"https:\/\/api.w.org\/{rel}","templated":true}]}}